{"id":15159,"date":"2025-06-18T09:45:44","date_gmt":"2025-06-18T09:45:44","guid":{"rendered":"https:\/\/botiga.saiga.es\/quienes-somos-2\/"},"modified":"2025-08-28T07:47:23","modified_gmt":"2025-08-28T07:47:23","slug":"quienes-somos","status":"publish","type":"page","link":"https:\/\/saiga.es\/es\/quienes-somos\/","title":{"rendered":"Qui\u00e9nes somos"},"content":{"rendered":"\t\t<div data-elementor-type=\"wp-page\" data-elementor-id=\"15159\" class=\"elementor elementor-15159 elementor-15150\" data-elementor-post-type=\"page\">\n\t\t\t\t<div class=\"elementor-element elementor-element-6c72169 e-grid e-con-full e-con e-parent\" data-id=\"6c72169\" data-element_type=\"container\" data-e-type=\"container\">\n\t\t<div class=\"elementor-element elementor-element-f1edae3 e-flex e-con-boxed e-con e-child\" data-id=\"f1edae3\" data-element_type=\"container\" data-e-type=\"container\">\n\t\t\t\t\t<div class=\"e-con-inner\">\n\t\t\t\t<div class=\"elementor-element elementor-element-17290fb elementor-widget elementor-widget-heading\" data-id=\"17290fb\" data-element_type=\"widget\" data-e-type=\"widget\" data-widget_type=\"heading.default\">\n\t\t\t\t<div class=\"elementor-widget-container\">\n\t\t\t\t\t<h1 class=\"elementor-heading-title elementor-size-default\">Qui\u00e9nes somos<\/h1>\t\t\t\t<\/div>\n\t\t\t\t<\/div>\n\t\t\t\t<div class=\"elementor-element elementor-element-bcfd8fb elementor-widget elementor-widget-text-editor\" data-id=\"bcfd8fb\" data-element_type=\"widget\" data-e-type=\"widget\" data-widget_type=\"text-editor.default\">\n\t\t\t\t<div class=\"elementor-widget-container\">\n\t\t\t\t\t\t\t\t\t<p>Hace m\u00e1s de 50 a\u00f1os, <strong>Llu\u00eds Espelt<\/strong> y <strong>Quimeta Garriga<\/strong>, una pareja de campesinos de Pau, detectaron que el sector agr\u00edcola y ganadero de la zona ten\u00eda unas necesidades que no acababa de cubrir nadie. Con pocos recursos y una gran dosis de valent\u00eda crearon SAIGA, que en un primer momento se situ\u00f3 en Figueres, en la peque\u00f1a tienda que todav\u00eda hoy ocupa la empresa para dar servicio al peque\u00f1o consumidor. <\/p><p>Con el tiempo, SAIGA fue creciendo y ampliando su cat\u00e1logo de productos y servicios. Con su hijo <strong>Dami\u00e0<\/strong> al frente, la empresa ya no solo ofrec\u00eda productos para la agricultura y la ganader\u00eda, sino que fue incorporando los proyectos de riego y la construcci\u00f3n de invernaderos, entre otros. <\/p><p>Actualmente, con <strong>tres delegaciones<\/strong> repartidas por el territorio catal\u00e1n y una <strong>nueva generaci\u00f3n<\/strong> al frente de la empresa, SAIGA contin\u00faa participando en el desarrollo de la agricultura, con la intenci\u00f3n de ofrecer un producto que repercuta de manera positiva en la <strong>econom\u00eda rural<\/strong> y el <strong>medio ambiente<\/strong>.<\/p>\t\t\t\t\t\t\t\t<\/div>\n\t\t\t\t<\/div>\n\t\t\t\t\t<\/div>\n\t\t\t\t<\/div>\n\t\t<div class=\"elementor-element elementor-element-9ee3f01 e-flex e-con-boxed e-con e-child\" data-id=\"9ee3f01\" data-element_type=\"container\" data-e-type=\"container\">\n\t\t\t\t\t<div class=\"e-con-inner\">\n\t\t\t\t<div class=\"elementor-element elementor-element-05a335a elementor-widget elementor-widget-image\" data-id=\"05a335a\" data-element_type=\"widget\" data-e-type=\"widget\" data-widget_type=\"image.default\">\n\t\t\t\t<div class=\"elementor-widget-container\">\n\t\t\t\t\t\t\t\t\t\t\t\t\t\t\t<img fetchpriority=\"high\" decoding=\"async\" width=\"640\" height=\"374\" src=\"https:\/\/saiga.es\/wp-content\/uploads\/2025\/06\/Exterior-botiga-Santa-Llogaia.jpg\" class=\"attachment-large size-large wp-image-15121\" alt=\"\" srcset=\"https:\/\/saiga.es\/wp-content\/uploads\/2025\/06\/Exterior-botiga-Santa-Llogaia.jpg 800w, https:\/\/saiga.es\/wp-content\/uploads\/2025\/06\/Exterior-botiga-Santa-Llogaia-300x175.jpg 300w, https:\/\/saiga.es\/wp-content\/uploads\/2025\/06\/Exterior-botiga-Santa-Llogaia-768x448.jpg 768w, https:\/\/saiga.es\/wp-content\/uploads\/2025\/06\/Exterior-botiga-Santa-Llogaia-600x350.jpg 600w\" sizes=\"(max-width: 640px) 100vw, 640px\" \/>\t\t\t\t\t\t\t\t\t\t\t\t\t\t\t<\/div>\n\t\t\t\t<\/div>\n\t\t\t\t\t<\/div>\n\t\t\t\t<\/div>\n\t\t\t\t<\/div>\n\t\t\t\t<\/div>\n\t\t","protected":false},"excerpt":{"rendered":"<p>Hace m\u00e1s de 50 a\u00f1os, Llu\u00eds Espelt y Quimeta Garriga, una pareja de campesinos de Pau, detectaron que el sector agr\u00edcola y ganadero de la zona ten\u00eda unas necesidades que no acababa de cubrir nadie. Con pocos recursos y una gran dosis de valent\u00eda crearon SAIGA, que en un primer momento se situ\u00f3 en Figueres,&#8230;<\/p>\n","protected":false},"author":1,"featured_media":0,"parent":0,"menu_order":0,"comment_status":"closed","ping_status":"closed","template":"templates\/full-width.php","meta":{"footnotes":""},"class_list":["post-15159","page","type-page","status-publish","hentry"],"yoast_head":"<!-- This site is optimized with the Yoast SEO plugin v27.5 - https:\/\/yoast.com\/product\/yoast-seo-wordpress\/ -->\n<title>Qui\u00e9nes somos | SAIGA<\/title>\n<meta name=\"description\" content=\"Hace m\u00e1s de 50 a\u00f1os una pareja de campesinos de Pau crearon SAIGA, empresa de agricultura para ofrecer un producto que repercuta de forma positiva en la econom\u00eda rural y el medio ambiente.\" \/>\n<meta name=\"robots\" content=\"index, follow, max-snippet:-1, max-image-preview:large, max-video-preview:-1\" \/>\n<link rel=\"canonical\" href=\"https:\/\/saiga.es\/es\/quienes-somos\/\" \/>\n<meta property=\"og:locale\" content=\"es_ES\" \/>\n<meta property=\"og:type\" content=\"article\" \/>\n<meta property=\"og:title\" content=\"Qui\u00e9nes somos | SAIGA\" \/>\n<meta property=\"og:description\" content=\"Hace m\u00e1s de 50 a\u00f1os una pareja de campesinos de Pau crearon SAIGA, empresa de agricultura para ofrecer un producto que repercuta de forma positiva en la econom\u00eda rural y el medio ambiente.\" \/>\n<meta property=\"og:url\" content=\"https:\/\/saiga.es\/es\/quienes-somos\/\" \/>\n<meta property=\"og:site_name\" content=\"SAIGA\" \/>\n<meta property=\"article:modified_time\" content=\"2025-08-28T07:47:23+00:00\" \/>\n<meta property=\"og:image\" content=\"https:\/\/botiga.saiga.es\/wp-content\/uploads\/2025\/06\/Exterior-botiga-Santa-Llogaia.jpg\" \/>\n<meta name=\"twitter:card\" content=\"summary_large_image\" \/>\n<meta name=\"twitter:site\" content=\"@saiga_agro\" \/>\n<meta name=\"twitter:label1\" content=\"Tiempo de lectura\" \/>\n\t<meta name=\"twitter:data1\" content=\"1 minuto\" \/>\n<script type=\"application\/ld+json\" class=\"yoast-schema-graph\">{\"@context\":\"https:\\\/\\\/schema.org\",\"@graph\":[{\"@type\":\"WebPage\",\"@id\":\"https:\\\/\\\/saiga.es\\\/es\\\/quienes-somos\\\/\",\"url\":\"https:\\\/\\\/saiga.es\\\/es\\\/quienes-somos\\\/\",\"name\":\"Qui\u00e9nes somos | SAIGA\",\"isPartOf\":{\"@id\":\"https:\\\/\\\/saiga.es\\\/es\\\/#website\"},\"primaryImageOfPage\":{\"@id\":\"https:\\\/\\\/saiga.es\\\/es\\\/quienes-somos\\\/#primaryimage\"},\"image\":{\"@id\":\"https:\\\/\\\/saiga.es\\\/es\\\/quienes-somos\\\/#primaryimage\"},\"thumbnailUrl\":\"https:\\\/\\\/botiga.saiga.es\\\/wp-content\\\/uploads\\\/2025\\\/06\\\/Exterior-botiga-Santa-Llogaia.jpg\",\"datePublished\":\"2025-06-18T09:45:44+00:00\",\"dateModified\":\"2025-08-28T07:47:23+00:00\",\"description\":\"Hace m\u00e1s de 50 a\u00f1os una pareja de campesinos de Pau crearon SAIGA, empresa de agricultura para ofrecer un producto que repercuta de forma positiva en la econom\u00eda rural y el medio ambiente.\",\"breadcrumb\":{\"@id\":\"https:\\\/\\\/saiga.es\\\/es\\\/quienes-somos\\\/#breadcrumb\"},\"inLanguage\":\"es\",\"potentialAction\":[{\"@type\":\"ReadAction\",\"target\":[\"https:\\\/\\\/saiga.es\\\/es\\\/quienes-somos\\\/\"]}]},{\"@type\":\"ImageObject\",\"inLanguage\":\"es\",\"@id\":\"https:\\\/\\\/saiga.es\\\/es\\\/quienes-somos\\\/#primaryimage\",\"url\":\"https:\\\/\\\/botiga.saiga.es\\\/wp-content\\\/uploads\\\/2025\\\/06\\\/Exterior-botiga-Santa-Llogaia.jpg\",\"contentUrl\":\"https:\\\/\\\/botiga.saiga.es\\\/wp-content\\\/uploads\\\/2025\\\/06\\\/Exterior-botiga-Santa-Llogaia.jpg\"},{\"@type\":\"BreadcrumbList\",\"@id\":\"https:\\\/\\\/saiga.es\\\/es\\\/quienes-somos\\\/#breadcrumb\",\"itemListElement\":[{\"@type\":\"ListItem\",\"position\":1,\"name\":\"Inici\",\"item\":\"https:\\\/\\\/saiga.es\\\/es\\\/\"},{\"@type\":\"ListItem\",\"position\":2,\"name\":\"Qui\u00e9nes somos\"}]},{\"@type\":\"WebSite\",\"@id\":\"https:\\\/\\\/saiga.es\\\/es\\\/#website\",\"url\":\"https:\\\/\\\/saiga.es\\\/es\\\/\",\"name\":\"SAIGA\",\"description\":\"M\u00e9s de 50 anys al servei de la terra i treballant per a un \u00fas eficient de l\u2019aigua!\",\"publisher\":{\"@id\":\"https:\\\/\\\/saiga.es\\\/es\\\/#organization\"},\"potentialAction\":[{\"@type\":\"SearchAction\",\"target\":{\"@type\":\"EntryPoint\",\"urlTemplate\":\"https:\\\/\\\/saiga.es\\\/es\\\/?s={search_term_string}\"},\"query-input\":{\"@type\":\"PropertyValueSpecification\",\"valueRequired\":true,\"valueName\":\"search_term_string\"}}],\"inLanguage\":\"es\"},{\"@type\":\"Organization\",\"@id\":\"https:\\\/\\\/saiga.es\\\/es\\\/#organization\",\"name\":\"SAIGA\",\"url\":\"https:\\\/\\\/saiga.es\\\/es\\\/\",\"logo\":{\"@type\":\"ImageObject\",\"inLanguage\":\"es\",\"@id\":\"https:\\\/\\\/saiga.es\\\/es\\\/#\\\/schema\\\/logo\\\/image\\\/\",\"url\":\"https:\\\/\\\/saiga.es\\\/wp-content\\\/uploads\\\/2025\\\/07\\\/logo_saiga_baseline_optimitzat.svg\",\"contentUrl\":\"https:\\\/\\\/saiga.es\\\/wp-content\\\/uploads\\\/2025\\\/07\\\/logo_saiga_baseline_optimitzat.svg\",\"caption\":\"SAIGA\"},\"image\":{\"@id\":\"https:\\\/\\\/saiga.es\\\/es\\\/#\\\/schema\\\/logo\\\/image\\\/\"},\"sameAs\":[\"https:\\\/\\\/x.com\\\/saiga_agro\",\"https:\\\/\\\/www.instagram.com\\\/saiga_agro\\\/\"]}]}<\/script>\n<!-- \/ Yoast SEO plugin. -->","yoast_head_json":{"title":"Qui\u00e9nes somos | SAIGA","description":"Hace m\u00e1s de 50 a\u00f1os una pareja de campesinos de Pau crearon SAIGA, empresa de agricultura para ofrecer un producto que repercuta de forma positiva en la econom\u00eda rural y el medio ambiente.","robots":{"index":"index","follow":"follow","max-snippet":"max-snippet:-1","max-image-preview":"max-image-preview:large","max-video-preview":"max-video-preview:-1"},"canonical":"https:\/\/saiga.es\/es\/quienes-somos\/","og_locale":"es_ES","og_type":"article","og_title":"Qui\u00e9nes somos | SAIGA","og_description":"Hace m\u00e1s de 50 a\u00f1os una pareja de campesinos de Pau crearon SAIGA, empresa de agricultura para ofrecer un producto que repercuta de forma positiva en la econom\u00eda rural y el medio ambiente.","og_url":"https:\/\/saiga.es\/es\/quienes-somos\/","og_site_name":"SAIGA","article_modified_time":"2025-08-28T07:47:23+00:00","og_image":[{"url":"https:\/\/botiga.saiga.es\/wp-content\/uploads\/2025\/06\/Exterior-botiga-Santa-Llogaia.jpg","type":"","width":"","height":""}],"twitter_card":"summary_large_image","twitter_site":"@saiga_agro","twitter_misc":{"Tiempo de lectura":"1 minuto"},"schema":{"@context":"https:\/\/schema.org","@graph":[{"@type":"WebPage","@id":"https:\/\/saiga.es\/es\/quienes-somos\/","url":"https:\/\/saiga.es\/es\/quienes-somos\/","name":"Qui\u00e9nes somos | SAIGA","isPartOf":{"@id":"https:\/\/saiga.es\/es\/#website"},"primaryImageOfPage":{"@id":"https:\/\/saiga.es\/es\/quienes-somos\/#primaryimage"},"image":{"@id":"https:\/\/saiga.es\/es\/quienes-somos\/#primaryimage"},"thumbnailUrl":"https:\/\/botiga.saiga.es\/wp-content\/uploads\/2025\/06\/Exterior-botiga-Santa-Llogaia.jpg","datePublished":"2025-06-18T09:45:44+00:00","dateModified":"2025-08-28T07:47:23+00:00","description":"Hace m\u00e1s de 50 a\u00f1os una pareja de campesinos de Pau crearon SAIGA, empresa de agricultura para ofrecer un producto que repercuta de forma positiva en la econom\u00eda rural y el medio ambiente.","breadcrumb":{"@id":"https:\/\/saiga.es\/es\/quienes-somos\/#breadcrumb"},"inLanguage":"es","potentialAction":[{"@type":"ReadAction","target":["https:\/\/saiga.es\/es\/quienes-somos\/"]}]},{"@type":"ImageObject","inLanguage":"es","@id":"https:\/\/saiga.es\/es\/quienes-somos\/#primaryimage","url":"https:\/\/botiga.saiga.es\/wp-content\/uploads\/2025\/06\/Exterior-botiga-Santa-Llogaia.jpg","contentUrl":"https:\/\/botiga.saiga.es\/wp-content\/uploads\/2025\/06\/Exterior-botiga-Santa-Llogaia.jpg"},{"@type":"BreadcrumbList","@id":"https:\/\/saiga.es\/es\/quienes-somos\/#breadcrumb","itemListElement":[{"@type":"ListItem","position":1,"name":"Inici","item":"https:\/\/saiga.es\/es\/"},{"@type":"ListItem","position":2,"name":"Qui\u00e9nes somos"}]},{"@type":"WebSite","@id":"https:\/\/saiga.es\/es\/#website","url":"https:\/\/saiga.es\/es\/","name":"SAIGA","description":"M\u00e9s de 50 anys al servei de la terra i treballant per a un \u00fas eficient de l\u2019aigua!","publisher":{"@id":"https:\/\/saiga.es\/es\/#organization"},"potentialAction":[{"@type":"SearchAction","target":{"@type":"EntryPoint","urlTemplate":"https:\/\/saiga.es\/es\/?s={search_term_string}"},"query-input":{"@type":"PropertyValueSpecification","valueRequired":true,"valueName":"search_term_string"}}],"inLanguage":"es"},{"@type":"Organization","@id":"https:\/\/saiga.es\/es\/#organization","name":"SAIGA","url":"https:\/\/saiga.es\/es\/","logo":{"@type":"ImageObject","inLanguage":"es","@id":"https:\/\/saiga.es\/es\/#\/schema\/logo\/image\/","url":"https:\/\/saiga.es\/wp-content\/uploads\/2025\/07\/logo_saiga_baseline_optimitzat.svg","contentUrl":"https:\/\/saiga.es\/wp-content\/uploads\/2025\/07\/logo_saiga_baseline_optimitzat.svg","caption":"SAIGA"},"image":{"@id":"https:\/\/saiga.es\/es\/#\/schema\/logo\/image\/"},"sameAs":["https:\/\/x.com\/saiga_agro","https:\/\/www.instagram.com\/saiga_agro\/"]}]}},"_links":{"self":[{"href":"https:\/\/saiga.es\/es\/wp-json\/wp\/v2\/pages\/15159","targetHints":{"allow":["GET"]}}],"collection":[{"href":"https:\/\/saiga.es\/es\/wp-json\/wp\/v2\/pages"}],"about":[{"href":"https:\/\/saiga.es\/es\/wp-json\/wp\/v2\/types\/page"}],"author":[{"embeddable":true,"href":"https:\/\/saiga.es\/es\/wp-json\/wp\/v2\/users\/1"}],"replies":[{"embeddable":true,"href":"https:\/\/saiga.es\/es\/wp-json\/wp\/v2\/comments?post=15159"}],"version-history":[{"count":8,"href":"https:\/\/saiga.es\/es\/wp-json\/wp\/v2\/pages\/15159\/revisions"}],"predecessor-version":[{"id":15226,"href":"https:\/\/saiga.es\/es\/wp-json\/wp\/v2\/pages\/15159\/revisions\/15226"}],"wp:attachment":[{"href":"https:\/\/saiga.es\/es\/wp-json\/wp\/v2\/media?parent=15159"}],"curies":[{"name":"wp","href":"https:\/\/api.w.org\/{rel}","templated":true}]}}