{"id":15672,"date":"2025-07-16T10:04:16","date_gmt":"2025-07-16T10:04:16","guid":{"rendered":"https:\/\/botiga.saiga.es\/servicios-tecnicos\/diseno-de-sistemas-de-riego\/"},"modified":"2025-07-16T10:17:15","modified_gmt":"2025-07-16T10:17:15","slug":"diseno-de-sistemas-de-riego","status":"publish","type":"page","link":"https:\/\/saiga.es\/es\/servicios-tecnicos\/diseno-de-sistemas-de-riego\/","title":{"rendered":"Dise\u00f1o de sistemas de riego"},"content":{"rendered":"\t\t<div data-elementor-type=\"wp-page\" data-elementor-id=\"15672\" class=\"elementor elementor-15672 elementor-15646\" data-elementor-post-type=\"page\">\n\t\t\t\t<div class=\"elementor-element elementor-element-b7a9a86 e-flex e-con-boxed e-con e-parent\" data-id=\"b7a9a86\" data-element_type=\"container\" data-e-type=\"container\">\n\t\t\t\t\t<div class=\"e-con-inner\">\n\t\t<div class=\"elementor-element elementor-element-b47f8c5 e-con-full e-flex e-con e-child\" data-id=\"b47f8c5\" data-element_type=\"container\" data-e-type=\"container\">\n\t\t\t\t<div class=\"elementor-element elementor-element-149dad6 elementor-widget elementor-widget-heading\" data-id=\"149dad6\" data-element_type=\"widget\" data-e-type=\"widget\" data-widget_type=\"heading.default\">\n\t\t\t\t<div class=\"elementor-widget-container\">\n\t\t\t\t\t<h1 class=\"elementor-heading-title elementor-size-default\">Dise\u00f1o de sistemas de riego<\/h1>\t\t\t\t<\/div>\n\t\t\t\t<\/div>\n\t\t\t\t<div class=\"elementor-element elementor-element-5a572294 elementor-widget elementor-widget-text-editor\" data-id=\"5a572294\" data-element_type=\"widget\" data-e-type=\"widget\" data-widget_type=\"text-editor.default\">\n\t\t\t\t<div class=\"elementor-widget-container\">\n\t\t\t\t\t\t\t\t\tEn SAIGA disponemos de un equipo de t\u00e9cnicos y montadores especializados en el dise\u00f1o, suministro e instalaci\u00f3n de todo tipo de riego: goteo, microaspersi\u00f3n, balsas de acumulaci\u00f3n de agua para regad\u00edo o equipos de bombeo en superficie o sumergidos.\t\t\t\t\t\t\t\t<\/div>\n\t\t\t\t<\/div>\n\t\t\t\t<\/div>\n\t\t<div class=\"elementor-element elementor-element-a3b5de0 e-con-full e-flex e-con e-child\" data-id=\"a3b5de0\" data-element_type=\"container\" data-e-type=\"container\">\n\t\t\t\t<div class=\"elementor-element elementor-element-a6b7456 elementor-widget elementor-widget-image\" data-id=\"a6b7456\" data-element_type=\"widget\" data-e-type=\"widget\" data-widget_type=\"image.default\">\n\t\t\t\t<div class=\"elementor-widget-container\">\n\t\t\t\t\t\t\t\t\t\t\t\t\t\t\t<img fetchpriority=\"high\" decoding=\"async\" width=\"640\" height=\"280\" src=\"https:\/\/saiga.es\/wp-content\/uploads\/2025\/07\/ST_reg_12_1-1024x448.jpg\" class=\"attachment-large size-large wp-image-15593\" alt=\"\" srcset=\"https:\/\/saiga.es\/wp-content\/uploads\/2025\/07\/ST_reg_12_1-1024x448.jpg 1024w, https:\/\/saiga.es\/wp-content\/uploads\/2025\/07\/ST_reg_12_1-300x131.jpg 300w, https:\/\/saiga.es\/wp-content\/uploads\/2025\/07\/ST_reg_12_1-768x336.jpg 768w, https:\/\/saiga.es\/wp-content\/uploads\/2025\/07\/ST_reg_12_1-1536x672.jpg 1536w, https:\/\/saiga.es\/wp-content\/uploads\/2025\/07\/ST_reg_12_1-2048x896.jpg 2048w, https:\/\/saiga.es\/wp-content\/uploads\/2025\/07\/ST_reg_12_1-850x372.jpg 850w, https:\/\/saiga.es\/wp-content\/uploads\/2025\/07\/ST_reg_12_1-600x262.jpg 600w\" sizes=\"(max-width: 640px) 100vw, 640px\" \/>\t\t\t\t\t\t\t\t\t\t\t\t\t\t\t<\/div>\n\t\t\t\t<\/div>\n\t\t\t\t<\/div>\n\t\t\t\t\t<\/div>\n\t\t\t\t<\/div>\n\t\t\t\t<\/div>\n\t\t","protected":false},"excerpt":{"rendered":"<p>En SAIGA disponemos de un equipo de t\u00e9cnicos y montadores especializados en el dise\u00f1o, suministro e instalaci\u00f3n de todo tipo de riego: goteo, microaspersi\u00f3n, balsas de acumulaci\u00f3n de agua para regad\u00edo o equipos de bombeo en superficie o sumergidos.<\/p>\n","protected":false},"author":1,"featured_media":0,"parent":15670,"menu_order":0,"comment_status":"closed","ping_status":"closed","template":"templates\/full-width.php","meta":{"footnotes":""},"class_list":["post-15672","page","type-page","status-publish","hentry"],"yoast_head":"<!-- This site is optimized with the Yoast SEO plugin v27.5 - https:\/\/yoast.com\/product\/yoast-seo-wordpress\/ -->\n<title>Dise\u00f1o de sistemas de riego | SAIGA<\/title>\n<meta name=\"robots\" content=\"index, follow, max-snippet:-1, max-image-preview:large, max-video-preview:-1\" \/>\n<link rel=\"canonical\" href=\"https:\/\/saiga.es\/es\/servicios-tecnicos\/diseno-de-sistemas-de-riego\/\" \/>\n<meta property=\"og:locale\" content=\"es_ES\" \/>\n<meta property=\"og:type\" content=\"article\" \/>\n<meta property=\"og:title\" content=\"Dise\u00f1o de sistemas de riego | SAIGA\" \/>\n<meta property=\"og:description\" content=\"En SAIGA disponemos de un equipo de t\u00e9cnicos y montadores especializados en el dise\u00f1o, suministro e instalaci\u00f3n de todo tipo de riego: goteo, microaspersi\u00f3n, balsas de acumulaci\u00f3n de agua para regad\u00edo o equipos de bombeo en superficie o sumergidos.\" \/>\n<meta property=\"og:url\" content=\"https:\/\/saiga.es\/es\/servicios-tecnicos\/diseno-de-sistemas-de-riego\/\" \/>\n<meta property=\"og:site_name\" content=\"SAIGA\" \/>\n<meta property=\"article:modified_time\" content=\"2025-07-16T10:17:15+00:00\" \/>\n<meta property=\"og:image\" content=\"https:\/\/botiga.saiga.es\/wp-content\/uploads\/2025\/07\/ST_reg_12_1-1024x448.jpg\" \/>\n<meta name=\"twitter:card\" content=\"summary_large_image\" \/>\n<meta name=\"twitter:site\" content=\"@saiga_agro\" \/>\n<script type=\"application\/ld+json\" class=\"yoast-schema-graph\">{\"@context\":\"https:\\\/\\\/schema.org\",\"@graph\":[{\"@type\":\"WebPage\",\"@id\":\"https:\\\/\\\/saiga.es\\\/es\\\/servicios-tecnicos\\\/diseno-de-sistemas-de-riego\\\/\",\"url\":\"https:\\\/\\\/saiga.es\\\/es\\\/servicios-tecnicos\\\/diseno-de-sistemas-de-riego\\\/\",\"name\":\"Dise\u00f1o de sistemas de riego | SAIGA\",\"isPartOf\":{\"@id\":\"https:\\\/\\\/saiga.es\\\/es\\\/#website\"},\"primaryImageOfPage\":{\"@id\":\"https:\\\/\\\/saiga.es\\\/es\\\/servicios-tecnicos\\\/diseno-de-sistemas-de-riego\\\/#primaryimage\"},\"image\":{\"@id\":\"https:\\\/\\\/saiga.es\\\/es\\\/servicios-tecnicos\\\/diseno-de-sistemas-de-riego\\\/#primaryimage\"},\"thumbnailUrl\":\"https:\\\/\\\/botiga.saiga.es\\\/wp-content\\\/uploads\\\/2025\\\/07\\\/ST_reg_12_1-1024x448.jpg\",\"datePublished\":\"2025-07-16T10:04:16+00:00\",\"dateModified\":\"2025-07-16T10:17:15+00:00\",\"breadcrumb\":{\"@id\":\"https:\\\/\\\/saiga.es\\\/es\\\/servicios-tecnicos\\\/diseno-de-sistemas-de-riego\\\/#breadcrumb\"},\"inLanguage\":\"es\",\"potentialAction\":[{\"@type\":\"ReadAction\",\"target\":[\"https:\\\/\\\/saiga.es\\\/es\\\/servicios-tecnicos\\\/diseno-de-sistemas-de-riego\\\/\"]}]},{\"@type\":\"ImageObject\",\"inLanguage\":\"es\",\"@id\":\"https:\\\/\\\/saiga.es\\\/es\\\/servicios-tecnicos\\\/diseno-de-sistemas-de-riego\\\/#primaryimage\",\"url\":\"https:\\\/\\\/botiga.saiga.es\\\/wp-content\\\/uploads\\\/2025\\\/07\\\/ST_reg_12_1-1024x448.jpg\",\"contentUrl\":\"https:\\\/\\\/botiga.saiga.es\\\/wp-content\\\/uploads\\\/2025\\\/07\\\/ST_reg_12_1-1024x448.jpg\"},{\"@type\":\"BreadcrumbList\",\"@id\":\"https:\\\/\\\/saiga.es\\\/es\\\/servicios-tecnicos\\\/diseno-de-sistemas-de-riego\\\/#breadcrumb\",\"itemListElement\":[{\"@type\":\"ListItem\",\"position\":1,\"name\":\"Inici\",\"item\":\"https:\\\/\\\/saiga.es\\\/es\\\/\"},{\"@type\":\"ListItem\",\"position\":2,\"name\":\"Servicios t\u00e9cnicos\",\"item\":\"https:\\\/\\\/saiga.es\\\/es\\\/serveis-tecnics\\\/\"},{\"@type\":\"ListItem\",\"position\":3,\"name\":\"Dise\u00f1o de sistemas de riego\"}]},{\"@type\":\"WebSite\",\"@id\":\"https:\\\/\\\/saiga.es\\\/es\\\/#website\",\"url\":\"https:\\\/\\\/saiga.es\\\/es\\\/\",\"name\":\"SAIGA\",\"description\":\"M\u00e9s de 50 anys al servei de la terra i treballant per a un \u00fas eficient de l\u2019aigua!\",\"publisher\":{\"@id\":\"https:\\\/\\\/saiga.es\\\/es\\\/#organization\"},\"potentialAction\":[{\"@type\":\"SearchAction\",\"target\":{\"@type\":\"EntryPoint\",\"urlTemplate\":\"https:\\\/\\\/saiga.es\\\/es\\\/?s={search_term_string}\"},\"query-input\":{\"@type\":\"PropertyValueSpecification\",\"valueRequired\":true,\"valueName\":\"search_term_string\"}}],\"inLanguage\":\"es\"},{\"@type\":\"Organization\",\"@id\":\"https:\\\/\\\/saiga.es\\\/es\\\/#organization\",\"name\":\"SAIGA\",\"url\":\"https:\\\/\\\/saiga.es\\\/es\\\/\",\"logo\":{\"@type\":\"ImageObject\",\"inLanguage\":\"es\",\"@id\":\"https:\\\/\\\/saiga.es\\\/es\\\/#\\\/schema\\\/logo\\\/image\\\/\",\"url\":\"https:\\\/\\\/saiga.es\\\/wp-content\\\/uploads\\\/2025\\\/07\\\/logo_saiga_baseline_optimitzat.svg\",\"contentUrl\":\"https:\\\/\\\/saiga.es\\\/wp-content\\\/uploads\\\/2025\\\/07\\\/logo_saiga_baseline_optimitzat.svg\",\"caption\":\"SAIGA\"},\"image\":{\"@id\":\"https:\\\/\\\/saiga.es\\\/es\\\/#\\\/schema\\\/logo\\\/image\\\/\"},\"sameAs\":[\"https:\\\/\\\/x.com\\\/saiga_agro\",\"https:\\\/\\\/www.instagram.com\\\/saiga_agro\\\/\"]}]}<\/script>\n<!-- \/ Yoast SEO plugin. -->","yoast_head_json":{"title":"Dise\u00f1o de sistemas de riego | SAIGA","robots":{"index":"index","follow":"follow","max-snippet":"max-snippet:-1","max-image-preview":"max-image-preview:large","max-video-preview":"max-video-preview:-1"},"canonical":"https:\/\/saiga.es\/es\/servicios-tecnicos\/diseno-de-sistemas-de-riego\/","og_locale":"es_ES","og_type":"article","og_title":"Dise\u00f1o de sistemas de riego | SAIGA","og_description":"En SAIGA disponemos de un equipo de t\u00e9cnicos y montadores especializados en el dise\u00f1o, suministro e instalaci\u00f3n de todo tipo de riego: goteo, microaspersi\u00f3n, balsas de acumulaci\u00f3n de agua para regad\u00edo o equipos de bombeo en superficie o sumergidos.","og_url":"https:\/\/saiga.es\/es\/servicios-tecnicos\/diseno-de-sistemas-de-riego\/","og_site_name":"SAIGA","article_modified_time":"2025-07-16T10:17:15+00:00","og_image":[{"url":"https:\/\/botiga.saiga.es\/wp-content\/uploads\/2025\/07\/ST_reg_12_1-1024x448.jpg","type":"","width":"","height":""}],"twitter_card":"summary_large_image","twitter_site":"@saiga_agro","schema":{"@context":"https:\/\/schema.org","@graph":[{"@type":"WebPage","@id":"https:\/\/saiga.es\/es\/servicios-tecnicos\/diseno-de-sistemas-de-riego\/","url":"https:\/\/saiga.es\/es\/servicios-tecnicos\/diseno-de-sistemas-de-riego\/","name":"Dise\u00f1o de sistemas de riego | SAIGA","isPartOf":{"@id":"https:\/\/saiga.es\/es\/#website"},"primaryImageOfPage":{"@id":"https:\/\/saiga.es\/es\/servicios-tecnicos\/diseno-de-sistemas-de-riego\/#primaryimage"},"image":{"@id":"https:\/\/saiga.es\/es\/servicios-tecnicos\/diseno-de-sistemas-de-riego\/#primaryimage"},"thumbnailUrl":"https:\/\/botiga.saiga.es\/wp-content\/uploads\/2025\/07\/ST_reg_12_1-1024x448.jpg","datePublished":"2025-07-16T10:04:16+00:00","dateModified":"2025-07-16T10:17:15+00:00","breadcrumb":{"@id":"https:\/\/saiga.es\/es\/servicios-tecnicos\/diseno-de-sistemas-de-riego\/#breadcrumb"},"inLanguage":"es","potentialAction":[{"@type":"ReadAction","target":["https:\/\/saiga.es\/es\/servicios-tecnicos\/diseno-de-sistemas-de-riego\/"]}]},{"@type":"ImageObject","inLanguage":"es","@id":"https:\/\/saiga.es\/es\/servicios-tecnicos\/diseno-de-sistemas-de-riego\/#primaryimage","url":"https:\/\/botiga.saiga.es\/wp-content\/uploads\/2025\/07\/ST_reg_12_1-1024x448.jpg","contentUrl":"https:\/\/botiga.saiga.es\/wp-content\/uploads\/2025\/07\/ST_reg_12_1-1024x448.jpg"},{"@type":"BreadcrumbList","@id":"https:\/\/saiga.es\/es\/servicios-tecnicos\/diseno-de-sistemas-de-riego\/#breadcrumb","itemListElement":[{"@type":"ListItem","position":1,"name":"Inici","item":"https:\/\/saiga.es\/es\/"},{"@type":"ListItem","position":2,"name":"Servicios t\u00e9cnicos","item":"https:\/\/saiga.es\/es\/serveis-tecnics\/"},{"@type":"ListItem","position":3,"name":"Dise\u00f1o de sistemas de riego"}]},{"@type":"WebSite","@id":"https:\/\/saiga.es\/es\/#website","url":"https:\/\/saiga.es\/es\/","name":"SAIGA","description":"M\u00e9s de 50 anys al servei de la terra i treballant per a un \u00fas eficient de l\u2019aigua!","publisher":{"@id":"https:\/\/saiga.es\/es\/#organization"},"potentialAction":[{"@type":"SearchAction","target":{"@type":"EntryPoint","urlTemplate":"https:\/\/saiga.es\/es\/?s={search_term_string}"},"query-input":{"@type":"PropertyValueSpecification","valueRequired":true,"valueName":"search_term_string"}}],"inLanguage":"es"},{"@type":"Organization","@id":"https:\/\/saiga.es\/es\/#organization","name":"SAIGA","url":"https:\/\/saiga.es\/es\/","logo":{"@type":"ImageObject","inLanguage":"es","@id":"https:\/\/saiga.es\/es\/#\/schema\/logo\/image\/","url":"https:\/\/saiga.es\/wp-content\/uploads\/2025\/07\/logo_saiga_baseline_optimitzat.svg","contentUrl":"https:\/\/saiga.es\/wp-content\/uploads\/2025\/07\/logo_saiga_baseline_optimitzat.svg","caption":"SAIGA"},"image":{"@id":"https:\/\/saiga.es\/es\/#\/schema\/logo\/image\/"},"sameAs":["https:\/\/x.com\/saiga_agro","https:\/\/www.instagram.com\/saiga_agro\/"]}]}},"_links":{"self":[{"href":"https:\/\/saiga.es\/es\/wp-json\/wp\/v2\/pages\/15672","targetHints":{"allow":["GET"]}}],"collection":[{"href":"https:\/\/saiga.es\/es\/wp-json\/wp\/v2\/pages"}],"about":[{"href":"https:\/\/saiga.es\/es\/wp-json\/wp\/v2\/types\/page"}],"author":[{"embeddable":true,"href":"https:\/\/saiga.es\/es\/wp-json\/wp\/v2\/users\/1"}],"replies":[{"embeddable":true,"href":"https:\/\/saiga.es\/es\/wp-json\/wp\/v2\/comments?post=15672"}],"version-history":[{"count":2,"href":"https:\/\/saiga.es\/es\/wp-json\/wp\/v2\/pages\/15672\/revisions"}],"predecessor-version":[{"id":15674,"href":"https:\/\/saiga.es\/es\/wp-json\/wp\/v2\/pages\/15672\/revisions\/15674"}],"up":[{"embeddable":true,"href":"https:\/\/saiga.es\/es\/wp-json\/wp\/v2\/pages\/15670"}],"wp:attachment":[{"href":"https:\/\/saiga.es\/es\/wp-json\/wp\/v2\/media?parent=15672"}],"curies":[{"name":"wp","href":"https:\/\/api.w.org\/{rel}","templated":true}]}}