{"id":15883,"date":"2025-07-16T11:00:09","date_gmt":"2025-07-16T11:00:09","guid":{"rendered":"https:\/\/botiga.saiga.es\/espacio-saiga\/"},"modified":"2025-07-28T08:10:44","modified_gmt":"2025-07-28T08:10:44","slug":"espacio-saiga","status":"publish","type":"page","link":"https:\/\/saiga.es\/es\/espacio-saiga\/","title":{"rendered":"Espacio SAIGA"},"content":{"rendered":"\t\t<div data-elementor-type=\"wp-page\" data-elementor-id=\"15883\" class=\"elementor elementor-15883 elementor-15701\" data-elementor-post-type=\"page\">\n\t\t\t\t<div class=\"elementor-element elementor-element-2ce9ede e-flex e-con-boxed e-con e-parent\" data-id=\"2ce9ede\" data-element_type=\"container\" data-e-type=\"container\">\n\t\t\t\t\t<div class=\"e-con-inner\">\n\t\t\t\t<div class=\"elementor-element elementor-element-c0200f3 elementor-widget elementor-widget-heading\" data-id=\"c0200f3\" data-element_type=\"widget\" data-e-type=\"widget\" data-widget_type=\"heading.default\">\n\t\t\t\t<div class=\"elementor-widget-container\">\n\t\t\t\t\t<h1 class=\"elementor-heading-title elementor-size-default\">Espacio SAIGA<\/h1>\t\t\t\t<\/div>\n\t\t\t\t<\/div>\n\t\t\t\t<div class=\"elementor-element elementor-element-f839c9a elementor-widget elementor-widget-text-editor\" data-id=\"f839c9a\" data-element_type=\"widget\" data-e-type=\"widget\" data-widget_type=\"text-editor.default\">\n\t\t\t\t<div class=\"elementor-widget-container\">\n\t\t\t\t\t\t\t\t\t<p class=\"sectionSubTitle\">El Espacio SAIGA es un nuevo punto de encuentro que la empresa ha puesto en marcha con el objetivo de compartir conocimiento con los clientes, tanto particulares como profesionales, y poner en com\u00fan dudas y formas de hacer. Para recibir informaci\u00f3n sobre las propuestas que se llevan a cabo inscr\u00edbete en la newsletter o escr\u00edbenos por whatsapp al 972 671 999. <\/p>\t\t\t\t\t\t\t\t<\/div>\n\t\t\t\t<\/div>\n\t\t\t\t\t<\/div>\n\t\t\t\t<\/div>\n\t\t<div class=\"elementor-element elementor-element-c7dd086 e-flex e-con-boxed e-con e-parent\" data-id=\"c7dd086\" data-element_type=\"container\" data-e-type=\"container\">\n\t\t\t\t\t<div class=\"e-con-inner\">\n\t\t<div class=\"elementor-element elementor-element-c4b95a3 e-con-full e-flex e-con e-child\" data-id=\"c4b95a3\" data-element_type=\"container\" data-e-type=\"container\">\n\t\t<a class=\"elementor-element elementor-element-db0abc7 e-con-full e-flex e-con e-child\" data-id=\"db0abc7\" data-element_type=\"container\" data-e-type=\"container\" href=\"https:\/\/saiga.es\/serveis-tecnics\/disseny-de-sistemes-de-reg\/\">\n\t\t\t\t<div class=\"elementor-element elementor-element-3378f29 elementor-widget elementor-widget-image\" data-id=\"3378f29\" data-element_type=\"widget\" data-e-type=\"widget\" data-widget_type=\"image.default\">\n\t\t\t\t<div class=\"elementor-widget-container\">\n\t\t\t\t\t\t\t\t\t\t\t\t\t\t\t<img fetchpriority=\"high\" decoding=\"async\" width=\"640\" height=\"360\" src=\"https:\/\/saiga.es\/wp-content\/uploads\/2025\/07\/ESPAI_solucions-per-a-lhort-169_1-1024x576.jpeg\" class=\"attachment-large size-large wp-image-15708\" alt=\"\" srcset=\"https:\/\/saiga.es\/wp-content\/uploads\/2025\/07\/ESPAI_solucions-per-a-lhort-169_1-1024x576.jpeg 1024w, https:\/\/saiga.es\/wp-content\/uploads\/2025\/07\/ESPAI_solucions-per-a-lhort-169_1-300x169.jpeg 300w, https:\/\/saiga.es\/wp-content\/uploads\/2025\/07\/ESPAI_solucions-per-a-lhort-169_1-768x432.jpeg 768w, https:\/\/saiga.es\/wp-content\/uploads\/2025\/07\/ESPAI_solucions-per-a-lhort-169_1-850x478.jpeg 850w, https:\/\/saiga.es\/wp-content\/uploads\/2025\/07\/ESPAI_solucions-per-a-lhort-169_1-600x338.jpeg 600w, https:\/\/saiga.es\/wp-content\/uploads\/2025\/07\/ESPAI_solucions-per-a-lhort-169_1.jpeg 1536w\" sizes=\"(max-width: 640px) 100vw, 640px\" \/>\t\t\t\t\t\t\t\t\t\t\t\t\t\t\t<\/div>\n\t\t\t\t<\/div>\n\t\t\t\t<div class=\"elementor-element elementor-element-1f6ea42 elementor-widget elementor-widget-heading\" data-id=\"1f6ea42\" data-element_type=\"widget\" data-e-type=\"widget\" data-widget_type=\"heading.default\">\n\t\t\t\t<div class=\"elementor-widget-container\">\n\t\t\t\t\t<h3 class=\"elementor-heading-title elementor-size-default\"> Cursos para particulares <\/h3>\t\t\t\t<\/div>\n\t\t\t\t<\/div>\n\t\t\t\t<\/a>\n\t\t<div class=\"elementor-element elementor-element-e28eb29 e-con-full e-flex e-con e-child\" data-id=\"e28eb29\" data-element_type=\"container\" data-e-type=\"container\">\n\t\t\t\t<div class=\"elementor-element elementor-element-357a8ee elementor-hidden-desktop elementor-hidden-tablet elementor-hidden-mobile elementor-widget elementor-widget-button\" data-id=\"357a8ee\" data-element_type=\"widget\" data-e-type=\"widget\" data-widget_type=\"button.default\">\n\t\t\t\t<div class=\"elementor-widget-container\">\n\t\t\t\t\t\t\t\t\t<div class=\"elementor-button-wrapper\">\n\t\t\t\t\t<a class=\"elementor-button elementor-button-link elementor-size-sm\" href=\"https:\/\/saiga.es\/es\/servicios-tecnicos\/diseno-de-sistemas-de-riego\/\">\n\t\t\t\t\t\t<span class=\"elementor-button-content-wrapper\">\n\t\t\t\t\t\t\t\t\t<span class=\"elementor-button-text\">M\u00e1s info<\/span>\n\t\t\t\t\t<\/span>\n\t\t\t\t\t<\/a>\n\t\t\t\t<\/div>\n\t\t\t\t\t\t\t\t<\/div>\n\t\t\t\t<\/div>\n\t\t\t\t<\/div>\n\t\t\t\t<\/div>\n\t\t<div class=\"elementor-element elementor-element-8bcf119 e-con-full e-flex e-con e-child\" data-id=\"8bcf119\" data-element_type=\"container\" data-e-type=\"container\">\n\t\t<div class=\"elementor-element elementor-element-290bdd4 e-con-full e-flex e-con e-child\" data-id=\"290bdd4\" data-element_type=\"container\" data-e-type=\"container\">\n\t\t\t\t<div class=\"elementor-element elementor-element-77dd59e elementor-widget elementor-widget-image\" data-id=\"77dd59e\" data-element_type=\"widget\" data-e-type=\"widget\" data-widget_type=\"image.default\">\n\t\t\t\t<div class=\"elementor-widget-container\">\n\t\t\t\t\t\t\t\t\t\t\t\t\t\t\t<img decoding=\"async\" width=\"640\" height=\"360\" src=\"https:\/\/saiga.es\/wp-content\/uploads\/2025\/07\/ESPAI_jornada-web169-1024x576.jpg\" class=\"attachment-large size-large wp-image-15705\" alt=\"\" srcset=\"https:\/\/saiga.es\/wp-content\/uploads\/2025\/07\/ESPAI_jornada-web169-1024x576.jpg 1024w, https:\/\/saiga.es\/wp-content\/uploads\/2025\/07\/ESPAI_jornada-web169-300x169.jpg 300w, https:\/\/saiga.es\/wp-content\/uploads\/2025\/07\/ESPAI_jornada-web169-768x432.jpg 768w, https:\/\/saiga.es\/wp-content\/uploads\/2025\/07\/ESPAI_jornada-web169-1536x864.jpg 1536w, https:\/\/saiga.es\/wp-content\/uploads\/2025\/07\/ESPAI_jornada-web169-2048x1152.jpg 2048w, https:\/\/saiga.es\/wp-content\/uploads\/2025\/07\/ESPAI_jornada-web169-850x478.jpg 850w, https:\/\/saiga.es\/wp-content\/uploads\/2025\/07\/ESPAI_jornada-web169-600x338.jpg 600w\" sizes=\"(max-width: 640px) 100vw, 640px\" \/>\t\t\t\t\t\t\t\t\t\t\t\t\t\t\t<\/div>\n\t\t\t\t<\/div>\n\t\t\t\t<div class=\"elementor-element elementor-element-6e60750 elementor-widget elementor-widget-heading\" data-id=\"6e60750\" data-element_type=\"widget\" data-e-type=\"widget\" data-widget_type=\"heading.default\">\n\t\t\t\t<div class=\"elementor-widget-container\">\n\t\t\t\t\t<h3 class=\"elementor-heading-title elementor-size-default\"> Jornadas para profesionales <\/h3>\t\t\t\t<\/div>\n\t\t\t\t<\/div>\n\t\t\t\t<\/div>\n\t\t<div class=\"elementor-element elementor-element-1bafb46 e-con-full e-flex e-con e-child\" data-id=\"1bafb46\" data-element_type=\"container\" data-e-type=\"container\">\n\t\t\t\t<div class=\"elementor-element elementor-element-41eae89 elementor-hidden-desktop elementor-hidden-tablet elementor-hidden-mobile elementor-widget elementor-widget-button\" data-id=\"41eae89\" data-element_type=\"widget\" data-e-type=\"widget\" data-widget_type=\"button.default\">\n\t\t\t\t<div class=\"elementor-widget-container\">\n\t\t\t\t\t\t\t\t\t<div class=\"elementor-button-wrapper\">\n\t\t\t\t\t<a class=\"elementor-button elementor-button-link elementor-size-sm\" href=\"https:\/\/saiga.es\/serveis-tecnics\/serveis-de-tecnologia-dron-per-a-agricultura-i-jardineria\/\">\n\t\t\t\t\t\t<span class=\"elementor-button-content-wrapper\">\n\t\t\t\t\t\t\t\t\t<span class=\"elementor-button-text\">M\u00e1s info<\/span>\n\t\t\t\t\t<\/span>\n\t\t\t\t\t<\/a>\n\t\t\t\t<\/div>\n\t\t\t\t\t\t\t\t<\/div>\n\t\t\t\t<\/div>\n\t\t\t\t<\/div>\n\t\t\t\t<\/div>\n\t\t<div class=\"elementor-element elementor-element-709ee11 e-con-full e-flex e-con e-child\" data-id=\"709ee11\" data-element_type=\"container\" data-e-type=\"container\">\n\t\t<div class=\"elementor-element elementor-element-de5329a e-con-full e-flex e-con e-child\" data-id=\"de5329a\" data-element_type=\"container\" data-e-type=\"container\">\n\t\t\t\t<\/div>\n\t\t<div class=\"elementor-element elementor-element-9212da6 e-con-full e-flex e-con e-child\" data-id=\"9212da6\" data-element_type=\"container\" data-e-type=\"container\">\n\t\t\t\t<\/div>\n\t\t\t\t<\/div>\n\t\t\t\t\t<\/div>\n\t\t\t\t<\/div>\n\t\t\t\t<\/div>\n\t\t","protected":false},"excerpt":{"rendered":"<p>Espacio SAIGA El Espacio SAIGA es un nuevo punto de encuentro que la empresa ha puesto en marcha con el objetivo de compartir conocimiento con los clientes, tanto particulares como profesionales, y poner en com\u00fan dudas y formas de hacer. Para recibir informaci\u00f3n sobre las propuestas que se llevan a cabo inscr\u00edbete en la newsletter&#8230;<\/p>\n","protected":false},"author":1,"featured_media":0,"parent":0,"menu_order":0,"comment_status":"closed","ping_status":"closed","template":"elementor_header_footer","meta":{"footnotes":""},"class_list":["post-15883","page","type-page","status-publish","hentry"],"yoast_head":"<!-- This site is optimized with the Yoast SEO plugin v27.3 - https:\/\/yoast.com\/product\/yoast-seo-wordpress\/ -->\n<title>Espacio SAIGA | SAIGA<\/title>\n<meta name=\"robots\" content=\"index, follow, max-snippet:-1, max-image-preview:large, max-video-preview:-1\" \/>\n<link rel=\"canonical\" href=\"https:\/\/saiga.es\/es\/espacio-saiga\/\" \/>\n<meta property=\"og:locale\" content=\"es_ES\" \/>\n<meta property=\"og:type\" content=\"article\" \/>\n<meta property=\"og:title\" content=\"Espacio SAIGA | SAIGA\" \/>\n<meta property=\"og:description\" content=\"Espacio SAIGA El Espacio SAIGA es un nuevo punto de encuentro que la empresa ha puesto en marcha con el objetivo de compartir conocimiento con los clientes, tanto particulares como profesionales, y poner en com\u00fan dudas y formas de hacer. Para recibir informaci\u00f3n sobre las propuestas que se llevan a cabo inscr\u00edbete en la newsletter...\" \/>\n<meta property=\"og:url\" content=\"https:\/\/saiga.es\/es\/espacio-saiga\/\" \/>\n<meta property=\"og:site_name\" content=\"SAIGA\" \/>\n<meta property=\"article:modified_time\" content=\"2025-07-28T08:10:44+00:00\" \/>\n<meta property=\"og:image\" content=\"https:\/\/botiga.saiga.es\/wp-content\/uploads\/2025\/07\/ESPAI_solucions-per-a-lhort-169_1-1024x576.jpeg\" \/>\n<meta name=\"twitter:card\" content=\"summary_large_image\" \/>\n<meta name=\"twitter:site\" content=\"@saiga_agro\" \/>\n<script type=\"application\/ld+json\" class=\"yoast-schema-graph\">{\"@context\":\"https:\\\/\\\/schema.org\",\"@graph\":[{\"@type\":\"WebPage\",\"@id\":\"https:\\\/\\\/saiga.es\\\/es\\\/espacio-saiga\\\/\",\"url\":\"https:\\\/\\\/saiga.es\\\/es\\\/espacio-saiga\\\/\",\"name\":\"Espacio SAIGA | SAIGA\",\"isPartOf\":{\"@id\":\"https:\\\/\\\/saiga.es\\\/es\\\/#website\"},\"primaryImageOfPage\":{\"@id\":\"https:\\\/\\\/saiga.es\\\/es\\\/espacio-saiga\\\/#primaryimage\"},\"image\":{\"@id\":\"https:\\\/\\\/saiga.es\\\/es\\\/espacio-saiga\\\/#primaryimage\"},\"thumbnailUrl\":\"https:\\\/\\\/botiga.saiga.es\\\/wp-content\\\/uploads\\\/2025\\\/07\\\/ESPAI_solucions-per-a-lhort-169_1-1024x576.jpeg\",\"datePublished\":\"2025-07-16T11:00:09+00:00\",\"dateModified\":\"2025-07-28T08:10:44+00:00\",\"breadcrumb\":{\"@id\":\"https:\\\/\\\/saiga.es\\\/es\\\/espacio-saiga\\\/#breadcrumb\"},\"inLanguage\":\"es\",\"potentialAction\":[{\"@type\":\"ReadAction\",\"target\":[\"https:\\\/\\\/saiga.es\\\/es\\\/espacio-saiga\\\/\"]}]},{\"@type\":\"ImageObject\",\"inLanguage\":\"es\",\"@id\":\"https:\\\/\\\/saiga.es\\\/es\\\/espacio-saiga\\\/#primaryimage\",\"url\":\"https:\\\/\\\/botiga.saiga.es\\\/wp-content\\\/uploads\\\/2025\\\/07\\\/ESPAI_solucions-per-a-lhort-169_1-1024x576.jpeg\",\"contentUrl\":\"https:\\\/\\\/botiga.saiga.es\\\/wp-content\\\/uploads\\\/2025\\\/07\\\/ESPAI_solucions-per-a-lhort-169_1-1024x576.jpeg\"},{\"@type\":\"BreadcrumbList\",\"@id\":\"https:\\\/\\\/saiga.es\\\/es\\\/espacio-saiga\\\/#breadcrumb\",\"itemListElement\":[{\"@type\":\"ListItem\",\"position\":1,\"name\":\"Inici\",\"item\":\"https:\\\/\\\/saiga.es\\\/es\\\/\"},{\"@type\":\"ListItem\",\"position\":2,\"name\":\"Espacio SAIGA\"}]},{\"@type\":\"WebSite\",\"@id\":\"https:\\\/\\\/saiga.es\\\/es\\\/#website\",\"url\":\"https:\\\/\\\/saiga.es\\\/es\\\/\",\"name\":\"SAIGA\",\"description\":\"M\u00e9s de 50 anys al servei de la terra i treballant per a un \u00fas eficient de l\u2019aigua!\",\"publisher\":{\"@id\":\"https:\\\/\\\/saiga.es\\\/es\\\/#organization\"},\"potentialAction\":[{\"@type\":\"SearchAction\",\"target\":{\"@type\":\"EntryPoint\",\"urlTemplate\":\"https:\\\/\\\/saiga.es\\\/es\\\/?s={search_term_string}\"},\"query-input\":{\"@type\":\"PropertyValueSpecification\",\"valueRequired\":true,\"valueName\":\"search_term_string\"}}],\"inLanguage\":\"es\"},{\"@type\":\"Organization\",\"@id\":\"https:\\\/\\\/saiga.es\\\/es\\\/#organization\",\"name\":\"SAIGA\",\"url\":\"https:\\\/\\\/saiga.es\\\/es\\\/\",\"logo\":{\"@type\":\"ImageObject\",\"inLanguage\":\"es\",\"@id\":\"https:\\\/\\\/saiga.es\\\/es\\\/#\\\/schema\\\/logo\\\/image\\\/\",\"url\":\"https:\\\/\\\/saiga.es\\\/wp-content\\\/uploads\\\/2025\\\/07\\\/logo_saiga_baseline_optimitzat.svg\",\"contentUrl\":\"https:\\\/\\\/saiga.es\\\/wp-content\\\/uploads\\\/2025\\\/07\\\/logo_saiga_baseline_optimitzat.svg\",\"caption\":\"SAIGA\"},\"image\":{\"@id\":\"https:\\\/\\\/saiga.es\\\/es\\\/#\\\/schema\\\/logo\\\/image\\\/\"},\"sameAs\":[\"https:\\\/\\\/x.com\\\/saiga_agro\",\"https:\\\/\\\/www.instagram.com\\\/saiga_agro\\\/\"]}]}<\/script>\n<!-- \/ Yoast SEO plugin. -->","yoast_head_json":{"title":"Espacio SAIGA | SAIGA","robots":{"index":"index","follow":"follow","max-snippet":"max-snippet:-1","max-image-preview":"max-image-preview:large","max-video-preview":"max-video-preview:-1"},"canonical":"https:\/\/saiga.es\/es\/espacio-saiga\/","og_locale":"es_ES","og_type":"article","og_title":"Espacio SAIGA | SAIGA","og_description":"Espacio SAIGA El Espacio SAIGA es un nuevo punto de encuentro que la empresa ha puesto en marcha con el objetivo de compartir conocimiento con los clientes, tanto particulares como profesionales, y poner en com\u00fan dudas y formas de hacer. Para recibir informaci\u00f3n sobre las propuestas que se llevan a cabo inscr\u00edbete en la newsletter...","og_url":"https:\/\/saiga.es\/es\/espacio-saiga\/","og_site_name":"SAIGA","article_modified_time":"2025-07-28T08:10:44+00:00","og_image":[{"url":"https:\/\/botiga.saiga.es\/wp-content\/uploads\/2025\/07\/ESPAI_solucions-per-a-lhort-169_1-1024x576.jpeg","type":"","width":"","height":""}],"twitter_card":"summary_large_image","twitter_site":"@saiga_agro","schema":{"@context":"https:\/\/schema.org","@graph":[{"@type":"WebPage","@id":"https:\/\/saiga.es\/es\/espacio-saiga\/","url":"https:\/\/saiga.es\/es\/espacio-saiga\/","name":"Espacio SAIGA | SAIGA","isPartOf":{"@id":"https:\/\/saiga.es\/es\/#website"},"primaryImageOfPage":{"@id":"https:\/\/saiga.es\/es\/espacio-saiga\/#primaryimage"},"image":{"@id":"https:\/\/saiga.es\/es\/espacio-saiga\/#primaryimage"},"thumbnailUrl":"https:\/\/botiga.saiga.es\/wp-content\/uploads\/2025\/07\/ESPAI_solucions-per-a-lhort-169_1-1024x576.jpeg","datePublished":"2025-07-16T11:00:09+00:00","dateModified":"2025-07-28T08:10:44+00:00","breadcrumb":{"@id":"https:\/\/saiga.es\/es\/espacio-saiga\/#breadcrumb"},"inLanguage":"es","potentialAction":[{"@type":"ReadAction","target":["https:\/\/saiga.es\/es\/espacio-saiga\/"]}]},{"@type":"ImageObject","inLanguage":"es","@id":"https:\/\/saiga.es\/es\/espacio-saiga\/#primaryimage","url":"https:\/\/botiga.saiga.es\/wp-content\/uploads\/2025\/07\/ESPAI_solucions-per-a-lhort-169_1-1024x576.jpeg","contentUrl":"https:\/\/botiga.saiga.es\/wp-content\/uploads\/2025\/07\/ESPAI_solucions-per-a-lhort-169_1-1024x576.jpeg"},{"@type":"BreadcrumbList","@id":"https:\/\/saiga.es\/es\/espacio-saiga\/#breadcrumb","itemListElement":[{"@type":"ListItem","position":1,"name":"Inici","item":"https:\/\/saiga.es\/es\/"},{"@type":"ListItem","position":2,"name":"Espacio SAIGA"}]},{"@type":"WebSite","@id":"https:\/\/saiga.es\/es\/#website","url":"https:\/\/saiga.es\/es\/","name":"SAIGA","description":"M\u00e9s de 50 anys al servei de la terra i treballant per a un \u00fas eficient de l\u2019aigua!","publisher":{"@id":"https:\/\/saiga.es\/es\/#organization"},"potentialAction":[{"@type":"SearchAction","target":{"@type":"EntryPoint","urlTemplate":"https:\/\/saiga.es\/es\/?s={search_term_string}"},"query-input":{"@type":"PropertyValueSpecification","valueRequired":true,"valueName":"search_term_string"}}],"inLanguage":"es"},{"@type":"Organization","@id":"https:\/\/saiga.es\/es\/#organization","name":"SAIGA","url":"https:\/\/saiga.es\/es\/","logo":{"@type":"ImageObject","inLanguage":"es","@id":"https:\/\/saiga.es\/es\/#\/schema\/logo\/image\/","url":"https:\/\/saiga.es\/wp-content\/uploads\/2025\/07\/logo_saiga_baseline_optimitzat.svg","contentUrl":"https:\/\/saiga.es\/wp-content\/uploads\/2025\/07\/logo_saiga_baseline_optimitzat.svg","caption":"SAIGA"},"image":{"@id":"https:\/\/saiga.es\/es\/#\/schema\/logo\/image\/"},"sameAs":["https:\/\/x.com\/saiga_agro","https:\/\/www.instagram.com\/saiga_agro\/"]}]}},"_links":{"self":[{"href":"https:\/\/saiga.es\/es\/wp-json\/wp\/v2\/pages\/15883","targetHints":{"allow":["GET"]}}],"collection":[{"href":"https:\/\/saiga.es\/es\/wp-json\/wp\/v2\/pages"}],"about":[{"href":"https:\/\/saiga.es\/es\/wp-json\/wp\/v2\/types\/page"}],"author":[{"embeddable":true,"href":"https:\/\/saiga.es\/es\/wp-json\/wp\/v2\/users\/1"}],"replies":[{"embeddable":true,"href":"https:\/\/saiga.es\/es\/wp-json\/wp\/v2\/comments?post=15883"}],"version-history":[{"count":1,"href":"https:\/\/saiga.es\/es\/wp-json\/wp\/v2\/pages\/15883\/revisions"}],"predecessor-version":[{"id":15884,"href":"https:\/\/saiga.es\/es\/wp-json\/wp\/v2\/pages\/15883\/revisions\/15884"}],"wp:attachment":[{"href":"https:\/\/saiga.es\/es\/wp-json\/wp\/v2\/media?parent=15883"}],"curies":[{"name":"wp","href":"https:\/\/api.w.org\/{rel}","templated":true}]}}