{"id":16651,"date":"2025-08-29T11:08:32","date_gmt":"2025-08-29T11:08:32","guid":{"rendered":"https:\/\/saiga.es\/?page_id=16651"},"modified":"2025-08-29T11:08:32","modified_gmt":"2025-08-29T11:08:32","slug":"almacenamiento-de-aguas","status":"publish","type":"page","link":"https:\/\/saiga.es\/es\/almacenamiento-de-aguas\/","title":{"rendered":"Almacenamiento de aguas"},"content":{"rendered":"\t\t<div data-elementor-type=\"wp-page\" data-elementor-id=\"16651\" class=\"elementor elementor-16651 elementor-16638\" data-elementor-post-type=\"page\">\n\t\t\t\t<div class=\"elementor-element elementor-element-b7a9a86 e-flex e-con-boxed e-con e-parent\" data-id=\"b7a9a86\" data-element_type=\"container\" data-e-type=\"container\">\n\t\t\t\t\t<div class=\"e-con-inner\">\n\t\t<div class=\"elementor-element elementor-element-b47f8c5 e-con-full e-flex e-con e-child\" data-id=\"b47f8c5\" data-element_type=\"container\" data-e-type=\"container\">\n\t\t\t\t<div class=\"elementor-element elementor-element-149dad6 elementor-widget elementor-widget-heading\" data-id=\"149dad6\" data-element_type=\"widget\" data-e-type=\"widget\" data-widget_type=\"heading.default\">\n\t\t\t\t<div class=\"elementor-widget-container\">\n\t\t\t\t\t<h1 class=\"elementor-heading-title elementor-size-default\">Almacenamiento de aguas<\/h1>\t\t\t\t<\/div>\n\t\t\t\t<\/div>\n\t\t\t\t<div class=\"elementor-element elementor-element-5a572294 elementor-widget elementor-widget-text-editor\" data-id=\"5a572294\" data-element_type=\"widget\" data-e-type=\"widget\" data-widget_type=\"text-editor.default\">\n\t\t\t\t<div class=\"elementor-widget-container\">\n\t\t\t\t\t\t\t\t\t<p>El agua es y ser\u00e1 un recurso muy escaso. Si necesitas realizar una<a href=\"https:\/\/saiga.es\/es\/almacenamiento-de-agua-de-lluvia\/\"> balsa de almacenamiento de agua<\/a> o de recogida de aguas pluviales, nuestro equipo de t\u00e9cnicos y montadores, con mucha experiencia en este \u00e1mbito, te ayudar\u00e1n a dise\u00f1arla y, si es necesario, a construirla. \u00a1Ven a nuestras tiendas y ases\u00f3rate!  <\/p>\t\t\t\t\t\t\t\t<\/div>\n\t\t\t\t<\/div>\n\t\t\t\t<\/div>\n\t\t<div class=\"elementor-element elementor-element-a3b5de0 e-con-full e-flex e-con e-child\" data-id=\"a3b5de0\" data-element_type=\"container\" data-e-type=\"container\">\n\t\t\t\t<div class=\"elementor-element elementor-element-a6b7456 elementor-widget elementor-widget-image\" data-id=\"a6b7456\" data-element_type=\"widget\" data-e-type=\"widget\" data-widget_type=\"image.default\">\n\t\t\t\t<div class=\"elementor-widget-container\">\n\t\t\t\t\t\t\t\t\t\t\t\t\t\t\t<img fetchpriority=\"high\" decoding=\"async\" width=\"640\" height=\"280\" src=\"https:\/\/saiga.es\/wp-content\/uploads\/2025\/08\/Emmagatzematge-daigues.jpg\" class=\"attachment-large size-large wp-image-16642\" alt=\"Emmagatzematge d&#039;aig\u00fces\" srcset=\"https:\/\/saiga.es\/wp-content\/uploads\/2025\/08\/Emmagatzematge-daigues.jpg 686w, https:\/\/saiga.es\/wp-content\/uploads\/2025\/08\/Emmagatzematge-daigues-300x131.jpg 300w, https:\/\/saiga.es\/wp-content\/uploads\/2025\/08\/Emmagatzematge-daigues-600x262.jpg 600w\" sizes=\"(max-width: 640px) 100vw, 640px\" \/>\t\t\t\t\t\t\t\t\t\t\t\t\t\t\t<\/div>\n\t\t\t\t<\/div>\n\t\t\t\t<\/div>\n\t\t\t\t\t<\/div>\n\t\t\t\t<\/div>\n\t\t\t\t<\/div>\n\t\t","protected":false},"excerpt":{"rendered":"<p>El agua es y ser\u00e1 un recurso muy escaso. Si necesitas realizar una balsa de almacenamiento de agua o de recogida de aguas pluviales, nuestro equipo de t\u00e9cnicos y montadores, con mucha experiencia en este \u00e1mbito, te ayudar\u00e1n a dise\u00f1arla y, si es necesario, a construirla. \u00a1Ven a nuestras tiendas y ases\u00f3rate!<\/p>\n","protected":false},"author":3,"featured_media":0,"parent":0,"menu_order":0,"comment_status":"closed","ping_status":"closed","template":"templates\/full-width.php","meta":{"footnotes":""},"class_list":["post-16651","page","type-page","status-publish","hentry"],"yoast_head":"<!-- This site is optimized with the Yoast SEO plugin v27.4 - https:\/\/yoast.com\/product\/yoast-seo-wordpress\/ -->\n<title>Almacenamiento de aguas | SAIGA<\/title>\n<meta name=\"robots\" content=\"index, follow, max-snippet:-1, max-image-preview:large, max-video-preview:-1\" \/>\n<link rel=\"canonical\" href=\"https:\/\/saiga.es\/es\/almacenamiento-de-aguas\/\" \/>\n<meta property=\"og:locale\" content=\"es_ES\" \/>\n<meta property=\"og:type\" content=\"article\" \/>\n<meta property=\"og:title\" content=\"Almacenamiento de aguas | SAIGA\" \/>\n<meta property=\"og:description\" content=\"El agua es y ser\u00e1 un recurso muy escaso. Si necesitas realizar una balsa de almacenamiento de agua o de recogida de aguas pluviales, nuestro equipo de t\u00e9cnicos y montadores, con mucha experiencia en este \u00e1mbito, te ayudar\u00e1n a dise\u00f1arla y, si es necesario, a construirla. \u00a1Ven a nuestras tiendas y ases\u00f3rate!\" \/>\n<meta property=\"og:url\" content=\"https:\/\/saiga.es\/es\/almacenamiento-de-aguas\/\" \/>\n<meta property=\"og:site_name\" content=\"SAIGA\" \/>\n<meta property=\"og:image\" content=\"https:\/\/saiga.es\/wp-content\/uploads\/2025\/08\/Emmagatzematge-daigues.jpg\" \/>\n<meta name=\"twitter:card\" content=\"summary_large_image\" \/>\n<meta name=\"twitter:site\" content=\"@saiga_agro\" \/>\n<script type=\"application\/ld+json\" class=\"yoast-schema-graph\">{\"@context\":\"https:\\\/\\\/schema.org\",\"@graph\":[{\"@type\":\"WebPage\",\"@id\":\"https:\\\/\\\/saiga.es\\\/es\\\/almacenamiento-de-aguas\\\/\",\"url\":\"https:\\\/\\\/saiga.es\\\/es\\\/almacenamiento-de-aguas\\\/\",\"name\":\"Almacenamiento de aguas | SAIGA\",\"isPartOf\":{\"@id\":\"https:\\\/\\\/saiga.es\\\/es\\\/#website\"},\"primaryImageOfPage\":{\"@id\":\"https:\\\/\\\/saiga.es\\\/es\\\/almacenamiento-de-aguas\\\/#primaryimage\"},\"image\":{\"@id\":\"https:\\\/\\\/saiga.es\\\/es\\\/almacenamiento-de-aguas\\\/#primaryimage\"},\"thumbnailUrl\":\"https:\\\/\\\/saiga.es\\\/wp-content\\\/uploads\\\/2025\\\/08\\\/Emmagatzematge-daigues.jpg\",\"datePublished\":\"2025-08-29T11:08:32+00:00\",\"breadcrumb\":{\"@id\":\"https:\\\/\\\/saiga.es\\\/es\\\/almacenamiento-de-aguas\\\/#breadcrumb\"},\"inLanguage\":\"es\",\"potentialAction\":[{\"@type\":\"ReadAction\",\"target\":[\"https:\\\/\\\/saiga.es\\\/es\\\/almacenamiento-de-aguas\\\/\"]}]},{\"@type\":\"ImageObject\",\"inLanguage\":\"es\",\"@id\":\"https:\\\/\\\/saiga.es\\\/es\\\/almacenamiento-de-aguas\\\/#primaryimage\",\"url\":\"https:\\\/\\\/saiga.es\\\/wp-content\\\/uploads\\\/2025\\\/08\\\/Emmagatzematge-daigues.jpg\",\"contentUrl\":\"https:\\\/\\\/saiga.es\\\/wp-content\\\/uploads\\\/2025\\\/08\\\/Emmagatzematge-daigues.jpg\"},{\"@type\":\"BreadcrumbList\",\"@id\":\"https:\\\/\\\/saiga.es\\\/es\\\/almacenamiento-de-aguas\\\/#breadcrumb\",\"itemListElement\":[{\"@type\":\"ListItem\",\"position\":1,\"name\":\"Inici\",\"item\":\"https:\\\/\\\/saiga.es\\\/es\\\/\"},{\"@type\":\"ListItem\",\"position\":2,\"name\":\"Almacenamiento de aguas\"}]},{\"@type\":\"WebSite\",\"@id\":\"https:\\\/\\\/saiga.es\\\/es\\\/#website\",\"url\":\"https:\\\/\\\/saiga.es\\\/es\\\/\",\"name\":\"SAIGA\",\"description\":\"M\u00e9s de 50 anys al servei de la terra i treballant per a un \u00fas eficient de l\u2019aigua!\",\"publisher\":{\"@id\":\"https:\\\/\\\/saiga.es\\\/es\\\/#organization\"},\"potentialAction\":[{\"@type\":\"SearchAction\",\"target\":{\"@type\":\"EntryPoint\",\"urlTemplate\":\"https:\\\/\\\/saiga.es\\\/es\\\/?s={search_term_string}\"},\"query-input\":{\"@type\":\"PropertyValueSpecification\",\"valueRequired\":true,\"valueName\":\"search_term_string\"}}],\"inLanguage\":\"es\"},{\"@type\":\"Organization\",\"@id\":\"https:\\\/\\\/saiga.es\\\/es\\\/#organization\",\"name\":\"SAIGA\",\"url\":\"https:\\\/\\\/saiga.es\\\/es\\\/\",\"logo\":{\"@type\":\"ImageObject\",\"inLanguage\":\"es\",\"@id\":\"https:\\\/\\\/saiga.es\\\/es\\\/#\\\/schema\\\/logo\\\/image\\\/\",\"url\":\"https:\\\/\\\/saiga.es\\\/wp-content\\\/uploads\\\/2025\\\/07\\\/logo_saiga_baseline_optimitzat.svg\",\"contentUrl\":\"https:\\\/\\\/saiga.es\\\/wp-content\\\/uploads\\\/2025\\\/07\\\/logo_saiga_baseline_optimitzat.svg\",\"caption\":\"SAIGA\"},\"image\":{\"@id\":\"https:\\\/\\\/saiga.es\\\/es\\\/#\\\/schema\\\/logo\\\/image\\\/\"},\"sameAs\":[\"https:\\\/\\\/x.com\\\/saiga_agro\",\"https:\\\/\\\/www.instagram.com\\\/saiga_agro\\\/\"]}]}<\/script>\n<!-- \/ Yoast SEO plugin. -->","yoast_head_json":{"title":"Almacenamiento de aguas | SAIGA","robots":{"index":"index","follow":"follow","max-snippet":"max-snippet:-1","max-image-preview":"max-image-preview:large","max-video-preview":"max-video-preview:-1"},"canonical":"https:\/\/saiga.es\/es\/almacenamiento-de-aguas\/","og_locale":"es_ES","og_type":"article","og_title":"Almacenamiento de aguas | SAIGA","og_description":"El agua es y ser\u00e1 un recurso muy escaso. Si necesitas realizar una balsa de almacenamiento de agua o de recogida de aguas pluviales, nuestro equipo de t\u00e9cnicos y montadores, con mucha experiencia en este \u00e1mbito, te ayudar\u00e1n a dise\u00f1arla y, si es necesario, a construirla. \u00a1Ven a nuestras tiendas y ases\u00f3rate!","og_url":"https:\/\/saiga.es\/es\/almacenamiento-de-aguas\/","og_site_name":"SAIGA","og_image":[{"url":"https:\/\/saiga.es\/wp-content\/uploads\/2025\/08\/Emmagatzematge-daigues.jpg","type":"","width":"","height":""}],"twitter_card":"summary_large_image","twitter_site":"@saiga_agro","schema":{"@context":"https:\/\/schema.org","@graph":[{"@type":"WebPage","@id":"https:\/\/saiga.es\/es\/almacenamiento-de-aguas\/","url":"https:\/\/saiga.es\/es\/almacenamiento-de-aguas\/","name":"Almacenamiento de aguas | SAIGA","isPartOf":{"@id":"https:\/\/saiga.es\/es\/#website"},"primaryImageOfPage":{"@id":"https:\/\/saiga.es\/es\/almacenamiento-de-aguas\/#primaryimage"},"image":{"@id":"https:\/\/saiga.es\/es\/almacenamiento-de-aguas\/#primaryimage"},"thumbnailUrl":"https:\/\/saiga.es\/wp-content\/uploads\/2025\/08\/Emmagatzematge-daigues.jpg","datePublished":"2025-08-29T11:08:32+00:00","breadcrumb":{"@id":"https:\/\/saiga.es\/es\/almacenamiento-de-aguas\/#breadcrumb"},"inLanguage":"es","potentialAction":[{"@type":"ReadAction","target":["https:\/\/saiga.es\/es\/almacenamiento-de-aguas\/"]}]},{"@type":"ImageObject","inLanguage":"es","@id":"https:\/\/saiga.es\/es\/almacenamiento-de-aguas\/#primaryimage","url":"https:\/\/saiga.es\/wp-content\/uploads\/2025\/08\/Emmagatzematge-daigues.jpg","contentUrl":"https:\/\/saiga.es\/wp-content\/uploads\/2025\/08\/Emmagatzematge-daigues.jpg"},{"@type":"BreadcrumbList","@id":"https:\/\/saiga.es\/es\/almacenamiento-de-aguas\/#breadcrumb","itemListElement":[{"@type":"ListItem","position":1,"name":"Inici","item":"https:\/\/saiga.es\/es\/"},{"@type":"ListItem","position":2,"name":"Almacenamiento de aguas"}]},{"@type":"WebSite","@id":"https:\/\/saiga.es\/es\/#website","url":"https:\/\/saiga.es\/es\/","name":"SAIGA","description":"M\u00e9s de 50 anys al servei de la terra i treballant per a un \u00fas eficient de l\u2019aigua!","publisher":{"@id":"https:\/\/saiga.es\/es\/#organization"},"potentialAction":[{"@type":"SearchAction","target":{"@type":"EntryPoint","urlTemplate":"https:\/\/saiga.es\/es\/?s={search_term_string}"},"query-input":{"@type":"PropertyValueSpecification","valueRequired":true,"valueName":"search_term_string"}}],"inLanguage":"es"},{"@type":"Organization","@id":"https:\/\/saiga.es\/es\/#organization","name":"SAIGA","url":"https:\/\/saiga.es\/es\/","logo":{"@type":"ImageObject","inLanguage":"es","@id":"https:\/\/saiga.es\/es\/#\/schema\/logo\/image\/","url":"https:\/\/saiga.es\/wp-content\/uploads\/2025\/07\/logo_saiga_baseline_optimitzat.svg","contentUrl":"https:\/\/saiga.es\/wp-content\/uploads\/2025\/07\/logo_saiga_baseline_optimitzat.svg","caption":"SAIGA"},"image":{"@id":"https:\/\/saiga.es\/es\/#\/schema\/logo\/image\/"},"sameAs":["https:\/\/x.com\/saiga_agro","https:\/\/www.instagram.com\/saiga_agro\/"]}]}},"_links":{"self":[{"href":"https:\/\/saiga.es\/es\/wp-json\/wp\/v2\/pages\/16651","targetHints":{"allow":["GET"]}}],"collection":[{"href":"https:\/\/saiga.es\/es\/wp-json\/wp\/v2\/pages"}],"about":[{"href":"https:\/\/saiga.es\/es\/wp-json\/wp\/v2\/types\/page"}],"author":[{"embeddable":true,"href":"https:\/\/saiga.es\/es\/wp-json\/wp\/v2\/users\/3"}],"replies":[{"embeddable":true,"href":"https:\/\/saiga.es\/es\/wp-json\/wp\/v2\/comments?post=16651"}],"version-history":[{"count":1,"href":"https:\/\/saiga.es\/es\/wp-json\/wp\/v2\/pages\/16651\/revisions"}],"predecessor-version":[{"id":16652,"href":"https:\/\/saiga.es\/es\/wp-json\/wp\/v2\/pages\/16651\/revisions\/16652"}],"wp:attachment":[{"href":"https:\/\/saiga.es\/es\/wp-json\/wp\/v2\/media?parent=16651"}],"curies":[{"name":"wp","href":"https:\/\/api.w.org\/{rel}","templated":true}]}}