{"id":4666,"date":"2019-01-09T08:44:11","date_gmt":"2019-01-09T08:44:11","guid":{"rendered":"https:\/\/botiga.saiga.es\/4666-2\/"},"modified":"2025-08-28T14:45:21","modified_gmt":"2025-08-28T14:45:21","slug":"4666-2","status":"publish","type":"page","link":"https:\/\/saiga.es\/es\/","title":{"rendered":""},"content":{"rendered":"<div>\n<div class=\"n2_ss_slider_publish__option_code\" dir=\"ltr\" data-mode=\"id\"><\/div>\n<div dir=\"ltr\" data-mode=\"id\"><\/div>\n<\/div>\n<h1 dir=\"ltr\" style=\"text-align: center;\" data-mode=\"id\">\u00a1M\u00e1s de 50 a\u00f1os al servicio de la tierra<br \/>\ny trabajando para un uso eficiente del agua!<\/h1>\n<p>&nbsp;<\/p>\n<div dir=\"ltr\" data-mode=\"id\"><\/div>\n<div><div class=\"woocommerce columns-4\"><ul class=\"products columns-4\">\n<li class=\"product-category product first\">\n\t<a aria-label=\"Visitar la categor\u00eda de producto Zapatos de trabajo\" href=\"https:\/\/saiga.es\/es\/categoria-es\/ropa-tecnica-y-equipamiento\/zapatos-de-trabajo\/\"><img fetchpriority=\"high\" decoding=\"async\" src=\"https:\/\/saiga.es\/wp-content\/uploads\/2025\/08\/Sabtes-Dune-Jaq-Kapriol-300x225.jpg\" alt=\"Zapatos de trabajo\" width=\"300\" height=\"225\" \/>\t\t<h2 class=\"woocommerce-loop-category__title\">\n\t\t\tZapatos de trabajo <mark class=\"count\">(7)<\/mark>\t\t<\/h2>\n\t\t<\/a><\/li>\n<li class=\"product-category product\">\n\t<a aria-label=\"Visitar la categor\u00eda de producto Varios\" href=\"https:\/\/saiga.es\/es\/categoria-es\/herramientas\/varios\/\"><img decoding=\"async\" src=\"https:\/\/saiga.es\/wp-content\/uploads\/2025\/05\/Incinerador-120-litres-300x225.jpg\" alt=\"Varios\" width=\"300\" height=\"225\" \/>\t\t<h2 class=\"woocommerce-loop-category__title\">\n\t\t\tVarios <mark class=\"count\">(18)<\/mark>\t\t<\/h2>\n\t\t<\/a><\/li>\n<li class=\"product-category product\">\n\t<a aria-label=\"Visitar la categor\u00eda de producto Tubos y accesorios\" href=\"https:\/\/saiga.es\/es\/categoria-es\/agricultura-es\/riego-e-hidraulica\/tubos-y-accesorios\/\"><img decoding=\"async\" src=\"https:\/\/saiga.es\/wp-content\/uploads\/2025\/11\/Tap-final-PE-Jimten--300x225.jpg\" alt=\"Tubos y accesorios\" width=\"300\" height=\"225\" \/>\t\t<h2 class=\"woocommerce-loop-category__title\">\n\t\t\tTubos y accesorios <mark class=\"count\">(70)<\/mark>\t\t<\/h2>\n\t\t<\/a><\/li>\n<li class=\"product-category product last\">\n\t<a aria-label=\"Visitar la categor\u00eda de producto Tubos de riego\" href=\"https:\/\/saiga.es\/es\/categoria-es\/agricultura-es\/riego-e-hidraulica\/tubos-y-accesorios\/tubos-de-riego\/\"><img loading=\"lazy\" decoding=\"async\" src=\"https:\/\/saiga.es\/wp-content\/uploads\/2025\/03\/Tubs-de-reg-300x225.jpg\" alt=\"Tubos de riego\" width=\"300\" height=\"225\" \/>\t\t<h2 class=\"woocommerce-loop-category__title\">\n\t\t\tTubos de riego <mark class=\"count\">(10)<\/mark>\t\t<\/h2>\n\t\t<\/a><\/li>\n<li class=\"product-category product first\">\n\t<a aria-label=\"Visitar la categor\u00eda de producto Tijeras el\u00e9ctricas\" href=\"https:\/\/saiga.es\/es\/categoria-es\/jardineria-y-espacios-verdes\/maquinaria\/tijeras-electricas-arvipo\/\"><img loading=\"lazy\" decoding=\"async\" src=\"https:\/\/saiga.es\/wp-content\/uploads\/2025\/11\/Tisora-electrica-Daher-300x225.jpg\" alt=\"Tijeras el\u00e9ctricas\" width=\"300\" height=\"225\" \/>\t\t<h2 class=\"woocommerce-loop-category__title\">\n\t\t\tTijeras el\u00e9ctricas <mark class=\"count\">(5)<\/mark>\t\t<\/h2>\n\t\t<\/a><\/li>\n<li class=\"product-category product\">\n\t<a aria-label=\"Visitar la categor\u00eda de producto Tijeras de poda el\u00e9ctricas\" href=\"https:\/\/saiga.es\/es\/categoria-es\/tijeras-de-poda\/\"><img loading=\"lazy\" decoding=\"async\" src=\"https:\/\/saiga.es\/wp-content\/uploads\/2023\/12\/Diseno-sin-titulo-29-1-300x225.jpg\" alt=\"Tijeras de poda el\u00e9ctricas\" width=\"300\" height=\"225\" \/>\t\t<h2 class=\"woocommerce-loop-category__title\">\n\t\t\tTijeras de poda el\u00e9ctricas <mark class=\"count\">(3)<\/mark>\t\t<\/h2>\n\t\t<\/a><\/li>\n<li class=\"product-category product\">\n\t<a aria-label=\"Visitar la categor\u00eda de producto Tierras vegetales\" href=\"https:\/\/saiga.es\/es\/categoria-es\/jardineria-y-espacios-verdes\/tierras-vegetales\/\"><img loading=\"lazy\" decoding=\"async\" src=\"https:\/\/saiga.es\/wp-content\/uploads\/2024\/02\/Substrat-universal-Vithal-300x225.jpg\" alt=\"Tierras vegetales\" width=\"300\" height=\"225\" \/>\t\t<h2 class=\"woocommerce-loop-category__title\">\n\t\t\tTierras vegetales <mark class=\"count\">(9)<\/mark>\t\t<\/h2>\n\t\t<\/a><\/li>\n<li class=\"product-category product last\">\n\t<a aria-label=\"Visitar la categor\u00eda de producto Stocker\" href=\"https:\/\/saiga.es\/es\/categoria-es\/herramientas\/podadoras\/stocker-es\/\"><img loading=\"lazy\" decoding=\"async\" src=\"https:\/\/saiga.es\/wp-content\/uploads\/2024\/09\/Tisores-de-verema-Stocker-300x225.jpg\" alt=\"Stocker\" width=\"300\" height=\"225\" \/>\t\t<h2 class=\"woocommerce-loop-category__title\">\n\t\t\tStocker <mark class=\"count\">(3)<\/mark>\t\t<\/h2>\n\t\t<\/a><\/li>\n<\/ul>\n<\/div><\/div>\n<div><\/div>\n","protected":false},"excerpt":{"rendered":"<p>\u00a1M\u00e1s de 50 a\u00f1os al servicio de la tierra y trabajando para un uso eficiente del agua! &nbsp;<\/p>\n","protected":false},"author":1,"featured_media":0,"parent":0,"menu_order":0,"comment_status":"closed","ping_status":"closed","template":"templates\/full-width.php","meta":{"footnotes":""},"class_list":["post-4666","page","type-page","status-publish","hentry"],"yoast_head":"<!-- This site is optimized with the Yoast SEO plugin v27.4 - https:\/\/yoast.com\/product\/yoast-seo-wordpress\/ -->\n<title>SAIGA - \u00a1M\u00e1s de 50 a\u00f1os al servicio de la tierra y el agua!<\/title>\n<meta name=\"description\" content=\"SAIGA especialistas en sector de la agricultura y la ganader\u00eda, proyectos de riego y la construcci\u00f3n de invernaderos, entre otros.\" \/>\n<meta name=\"robots\" content=\"index, follow, max-snippet:-1, max-image-preview:large, max-video-preview:-1\" \/>\n<link rel=\"canonical\" href=\"https:\/\/saiga.es\/es\/\" \/>\n<meta property=\"og:locale\" content=\"es_ES\" \/>\n<meta property=\"og:type\" content=\"article\" \/>\n<meta property=\"og:title\" content=\"SAIGA - \u00a1M\u00e1s de 50 a\u00f1os al servicio de la tierra y el agua!\" \/>\n<meta property=\"og:description\" content=\"SAIGA especialistas en sector de la agricultura y la ganader\u00eda, proyectos de riego y la construcci\u00f3n de invernaderos, entre otros.\" \/>\n<meta property=\"og:url\" content=\"https:\/\/saiga.es\/es\/\" \/>\n<meta property=\"og:site_name\" content=\"SAIGA\" \/>\n<meta property=\"article:modified_time\" content=\"2025-08-28T14:45:21+00:00\" \/>\n<meta property=\"og:image\" content=\"https:\/\/saiga.es\/wp-content\/uploads\/2023\/11\/opengraph_saiga.jpg\" \/>\n\t<meta property=\"og:image:width\" content=\"1200\" \/>\n\t<meta property=\"og:image:height\" content=\"627\" \/>\n\t<meta property=\"og:image:type\" content=\"image\/jpeg\" \/>\n<meta name=\"twitter:card\" content=\"summary_large_image\" \/>\n<meta name=\"twitter:site\" content=\"@saiga_agro\" \/>\n<meta name=\"twitter:label1\" content=\"Tiempo de lectura\" \/>\n\t<meta name=\"twitter:data1\" content=\"1 minuto\" \/>\n<script type=\"application\/ld+json\" class=\"yoast-schema-graph\">{\"@context\":\"https:\\\/\\\/schema.org\",\"@graph\":[{\"@type\":\"WebPage\",\"@id\":\"https:\\\/\\\/saiga.es\\\/es\\\/\",\"url\":\"https:\\\/\\\/saiga.es\\\/es\\\/\",\"name\":\"SAIGA - \u00a1M\u00e1s de 50 a\u00f1os al servicio de la tierra y el agua!\",\"isPartOf\":{\"@id\":\"https:\\\/\\\/saiga.es\\\/es\\\/#website\"},\"datePublished\":\"2019-01-09T08:44:11+00:00\",\"dateModified\":\"2025-08-28T14:45:21+00:00\",\"description\":\"SAIGA especialistas en sector de la agricultura y la ganader\u00eda, proyectos de riego y la construcci\u00f3n de invernaderos, entre otros.\",\"inLanguage\":\"es\",\"potentialAction\":[{\"@type\":\"ReadAction\",\"target\":[\"https:\\\/\\\/saiga.es\\\/es\\\/\"]}]},{\"@type\":\"WebSite\",\"@id\":\"https:\\\/\\\/saiga.es\\\/es\\\/#website\",\"url\":\"https:\\\/\\\/saiga.es\\\/es\\\/\",\"name\":\"SAIGA\",\"description\":\"M\u00e9s de 50 anys al servei de la terra i treballant per a un \u00fas eficient de l\u2019aigua!\",\"publisher\":{\"@id\":\"https:\\\/\\\/saiga.es\\\/es\\\/#organization\"},\"potentialAction\":[{\"@type\":\"SearchAction\",\"target\":{\"@type\":\"EntryPoint\",\"urlTemplate\":\"https:\\\/\\\/saiga.es\\\/es\\\/?s={search_term_string}\"},\"query-input\":{\"@type\":\"PropertyValueSpecification\",\"valueRequired\":true,\"valueName\":\"search_term_string\"}}],\"inLanguage\":\"es\"},{\"@type\":\"Organization\",\"@id\":\"https:\\\/\\\/saiga.es\\\/es\\\/#organization\",\"name\":\"SAIGA\",\"url\":\"https:\\\/\\\/saiga.es\\\/es\\\/\",\"logo\":{\"@type\":\"ImageObject\",\"inLanguage\":\"es\",\"@id\":\"https:\\\/\\\/saiga.es\\\/es\\\/#\\\/schema\\\/logo\\\/image\\\/\",\"url\":\"https:\\\/\\\/saiga.es\\\/wp-content\\\/uploads\\\/2025\\\/07\\\/logo_saiga_baseline_optimitzat.svg\",\"contentUrl\":\"https:\\\/\\\/saiga.es\\\/wp-content\\\/uploads\\\/2025\\\/07\\\/logo_saiga_baseline_optimitzat.svg\",\"caption\":\"SAIGA\"},\"image\":{\"@id\":\"https:\\\/\\\/saiga.es\\\/es\\\/#\\\/schema\\\/logo\\\/image\\\/\"},\"sameAs\":[\"https:\\\/\\\/x.com\\\/saiga_agro\",\"https:\\\/\\\/www.instagram.com\\\/saiga_agro\\\/\"]}]}<\/script>\n<!-- \/ Yoast SEO plugin. -->","yoast_head_json":{"title":"SAIGA - \u00a1M\u00e1s de 50 a\u00f1os al servicio de la tierra y el agua!","description":"SAIGA especialistas en sector de la agricultura y la ganader\u00eda, proyectos de riego y la construcci\u00f3n de invernaderos, entre otros.","robots":{"index":"index","follow":"follow","max-snippet":"max-snippet:-1","max-image-preview":"max-image-preview:large","max-video-preview":"max-video-preview:-1"},"canonical":"https:\/\/saiga.es\/es\/","og_locale":"es_ES","og_type":"article","og_title":"SAIGA - \u00a1M\u00e1s de 50 a\u00f1os al servicio de la tierra y el agua!","og_description":"SAIGA especialistas en sector de la agricultura y la ganader\u00eda, proyectos de riego y la construcci\u00f3n de invernaderos, entre otros.","og_url":"https:\/\/saiga.es\/es\/","og_site_name":"SAIGA","article_modified_time":"2025-08-28T14:45:21+00:00","og_image":[{"width":1200,"height":627,"url":"https:\/\/saiga.es\/wp-content\/uploads\/2023\/11\/opengraph_saiga.jpg","type":"image\/jpeg"}],"twitter_card":"summary_large_image","twitter_site":"@saiga_agro","twitter_misc":{"Tiempo de lectura":"1 minuto"},"schema":{"@context":"https:\/\/schema.org","@graph":[{"@type":"WebPage","@id":"https:\/\/saiga.es\/es\/","url":"https:\/\/saiga.es\/es\/","name":"SAIGA - \u00a1M\u00e1s de 50 a\u00f1os al servicio de la tierra y el agua!","isPartOf":{"@id":"https:\/\/saiga.es\/es\/#website"},"datePublished":"2019-01-09T08:44:11+00:00","dateModified":"2025-08-28T14:45:21+00:00","description":"SAIGA especialistas en sector de la agricultura y la ganader\u00eda, proyectos de riego y la construcci\u00f3n de invernaderos, entre otros.","inLanguage":"es","potentialAction":[{"@type":"ReadAction","target":["https:\/\/saiga.es\/es\/"]}]},{"@type":"WebSite","@id":"https:\/\/saiga.es\/es\/#website","url":"https:\/\/saiga.es\/es\/","name":"SAIGA","description":"M\u00e9s de 50 anys al servei de la terra i treballant per a un \u00fas eficient de l\u2019aigua!","publisher":{"@id":"https:\/\/saiga.es\/es\/#organization"},"potentialAction":[{"@type":"SearchAction","target":{"@type":"EntryPoint","urlTemplate":"https:\/\/saiga.es\/es\/?s={search_term_string}"},"query-input":{"@type":"PropertyValueSpecification","valueRequired":true,"valueName":"search_term_string"}}],"inLanguage":"es"},{"@type":"Organization","@id":"https:\/\/saiga.es\/es\/#organization","name":"SAIGA","url":"https:\/\/saiga.es\/es\/","logo":{"@type":"ImageObject","inLanguage":"es","@id":"https:\/\/saiga.es\/es\/#\/schema\/logo\/image\/","url":"https:\/\/saiga.es\/wp-content\/uploads\/2025\/07\/logo_saiga_baseline_optimitzat.svg","contentUrl":"https:\/\/saiga.es\/wp-content\/uploads\/2025\/07\/logo_saiga_baseline_optimitzat.svg","caption":"SAIGA"},"image":{"@id":"https:\/\/saiga.es\/es\/#\/schema\/logo\/image\/"},"sameAs":["https:\/\/x.com\/saiga_agro","https:\/\/www.instagram.com\/saiga_agro\/"]}]}},"_links":{"self":[{"href":"https:\/\/saiga.es\/es\/wp-json\/wp\/v2\/pages\/4666","targetHints":{"allow":["GET"]}}],"collection":[{"href":"https:\/\/saiga.es\/es\/wp-json\/wp\/v2\/pages"}],"about":[{"href":"https:\/\/saiga.es\/es\/wp-json\/wp\/v2\/types\/page"}],"author":[{"embeddable":true,"href":"https:\/\/saiga.es\/es\/wp-json\/wp\/v2\/users\/1"}],"replies":[{"embeddable":true,"href":"https:\/\/saiga.es\/es\/wp-json\/wp\/v2\/comments?post=4666"}],"version-history":[{"count":3,"href":"https:\/\/saiga.es\/es\/wp-json\/wp\/v2\/pages\/4666\/revisions"}],"predecessor-version":[{"id":16571,"href":"https:\/\/saiga.es\/es\/wp-json\/wp\/v2\/pages\/4666\/revisions\/16571"}],"wp:attachment":[{"href":"https:\/\/saiga.es\/es\/wp-json\/wp\/v2\/media?parent=4666"}],"curies":[{"name":"wp","href":"https:\/\/api.w.org\/{rel}","templated":true}]}}