{"id":4671,"date":"2018-11-20T15:07:11","date_gmt":"2018-11-20T15:07:11","guid":{"rendered":"https:\/\/botiga.saiga.es\/devoluciones-de-pedidos\/"},"modified":"2018-11-20T15:07:11","modified_gmt":"2018-11-20T15:07:11","slug":"devoluciones-de-pedidos","status":"publish","type":"page","link":"https:\/\/saiga.es\/es\/devoluciones-de-pedidos\/","title":{"rendered":"Devoluciones de pedidos"},"content":{"rendered":"<p><strong>DEVOLUCIONES<\/strong><\/p>\n<p>El plazo para tramitar una devoluci\u00f3n ser\u00e1 de 7 d\u00edas a partir de la fecha de recepci\u00f3n por el cliente. Ninguna devoluci\u00f3n ser\u00e1 aceptada sin previa autorizaci\u00f3n.<\/p>\n<p>Si el Cliente tiene derecho a devolver un producto y as\u00ed lo hace, lo devolver\u00e1 en sus condiciones originales, con su empaquetado, nota de devoluci\u00f3n y protegido, de forma que no se reciba con precintas o cintas adhesivas de transporte. En caso contrario, se reserva el derecho de rechazar la devoluci\u00f3n. Los costes de devoluci\u00f3n ser\u00e1n por cuenta del Cliente, salvo que se haya cometido un error por nuestra parte en el env\u00edo del material no coincidiendo el material enviado con la factura proforma aceptada.<\/p>\n<p>Salvo en caso de que el material enviado no se corresponda con la factura proforma aceptada, las devoluciones se tramitar\u00e1n como un saldo a favor del cliente que se ir\u00e1 restando en pr\u00f3ximos pedidos. No se realizar\u00e1n abonos por devoluci\u00f3n v\u00eda transferencia bancaria.<\/p>\n<p>M\u00e1s informaci\u00f3n <a href=\"https:\/\/tienda.saiga.es\/condiciones-de-venta\/\">Condiciones de Venta<\/a><\/p>\n<p>&nbsp;<\/p>\n","protected":false},"excerpt":{"rendered":"<p>DEVOLUCIONES El plazo para tramitar una devoluci\u00f3n ser\u00e1 de 7 d\u00edas a partir de la fecha de recepci\u00f3n por el cliente. Ninguna devoluci\u00f3n ser\u00e1 aceptada sin previa autorizaci\u00f3n. Si el Cliente tiene derecho a devolver un producto y as\u00ed lo hace, lo devolver\u00e1 en sus condiciones originales, con su empaquetado, nota de devoluci\u00f3n y protegido,&#8230;<\/p>\n","protected":false},"author":1,"featured_media":0,"parent":0,"menu_order":0,"comment_status":"closed","ping_status":"closed","template":"templates\/full-width.php","meta":{"footnotes":""},"class_list":["post-4671","page","type-page","status-publish","hentry"],"yoast_head":"<!-- This site is optimized with the Yoast SEO plugin v27.3 - https:\/\/yoast.com\/product\/yoast-seo-wordpress\/ -->\n<title>Devoluciones de pedidos | SAIGA<\/title>\n<meta name=\"robots\" content=\"noindex, nofollow\" \/>\n<meta property=\"og:locale\" content=\"es_ES\" \/>\n<meta property=\"og:type\" content=\"article\" \/>\n<meta property=\"og:title\" content=\"Devoluciones de pedidos | SAIGA\" \/>\n<meta property=\"og:description\" content=\"DEVOLUCIONES El plazo para tramitar una devoluci\u00f3n ser\u00e1 de 7 d\u00edas a partir de la fecha de recepci\u00f3n por el cliente. Ninguna devoluci\u00f3n ser\u00e1 aceptada sin previa autorizaci\u00f3n. Si el Cliente tiene derecho a devolver un producto y as\u00ed lo hace, lo devolver\u00e1 en sus condiciones originales, con su empaquetado, nota de devoluci\u00f3n y protegido,...\" \/>\n<meta property=\"og:url\" content=\"https:\/\/saiga.es\/es\/devoluciones-de-pedidos\/\" \/>\n<meta property=\"og:site_name\" content=\"SAIGA\" \/>\n<meta property=\"og:image\" content=\"https:\/\/saiga.es\/wp-content\/uploads\/2023\/11\/opengraph_saiga.jpg\" \/>\n\t<meta property=\"og:image:width\" content=\"1200\" \/>\n\t<meta property=\"og:image:height\" content=\"627\" \/>\n\t<meta property=\"og:image:type\" content=\"image\/jpeg\" \/>\n<meta name=\"twitter:card\" content=\"summary_large_image\" \/>\n<meta name=\"twitter:site\" content=\"@saiga_agro\" \/>\n<meta name=\"twitter:label1\" content=\"Tiempo de lectura\" \/>\n\t<meta name=\"twitter:data1\" content=\"1 minuto\" \/>\n<script type=\"application\/ld+json\" class=\"yoast-schema-graph\">{\"@context\":\"https:\\\/\\\/schema.org\",\"@graph\":[{\"@type\":\"WebPage\",\"@id\":\"https:\\\/\\\/saiga.es\\\/es\\\/devoluciones-de-pedidos\\\/\",\"url\":\"https:\\\/\\\/saiga.es\\\/es\\\/devoluciones-de-pedidos\\\/\",\"name\":\"Devoluciones de pedidos | SAIGA\",\"isPartOf\":{\"@id\":\"https:\\\/\\\/saiga.es\\\/es\\\/#website\"},\"datePublished\":\"2018-11-20T15:07:11+00:00\",\"breadcrumb\":{\"@id\":\"https:\\\/\\\/saiga.es\\\/es\\\/devoluciones-de-pedidos\\\/#breadcrumb\"},\"inLanguage\":\"es\",\"potentialAction\":[{\"@type\":\"ReadAction\",\"target\":[\"https:\\\/\\\/saiga.es\\\/es\\\/devoluciones-de-pedidos\\\/\"]}]},{\"@type\":\"BreadcrumbList\",\"@id\":\"https:\\\/\\\/saiga.es\\\/es\\\/devoluciones-de-pedidos\\\/#breadcrumb\",\"itemListElement\":[{\"@type\":\"ListItem\",\"position\":1,\"name\":\"Inici\",\"item\":\"https:\\\/\\\/saiga.es\\\/es\\\/\"},{\"@type\":\"ListItem\",\"position\":2,\"name\":\"Devoluciones de pedidos\"}]},{\"@type\":\"WebSite\",\"@id\":\"https:\\\/\\\/saiga.es\\\/es\\\/#website\",\"url\":\"https:\\\/\\\/saiga.es\\\/es\\\/\",\"name\":\"SAIGA\",\"description\":\"M\u00e9s de 50 anys al servei de la terra i treballant per a un \u00fas eficient de l\u2019aigua!\",\"publisher\":{\"@id\":\"https:\\\/\\\/saiga.es\\\/es\\\/#organization\"},\"potentialAction\":[{\"@type\":\"SearchAction\",\"target\":{\"@type\":\"EntryPoint\",\"urlTemplate\":\"https:\\\/\\\/saiga.es\\\/es\\\/?s={search_term_string}\"},\"query-input\":{\"@type\":\"PropertyValueSpecification\",\"valueRequired\":true,\"valueName\":\"search_term_string\"}}],\"inLanguage\":\"es\"},{\"@type\":\"Organization\",\"@id\":\"https:\\\/\\\/saiga.es\\\/es\\\/#organization\",\"name\":\"SAIGA\",\"url\":\"https:\\\/\\\/saiga.es\\\/es\\\/\",\"logo\":{\"@type\":\"ImageObject\",\"inLanguage\":\"es\",\"@id\":\"https:\\\/\\\/saiga.es\\\/es\\\/#\\\/schema\\\/logo\\\/image\\\/\",\"url\":\"https:\\\/\\\/saiga.es\\\/wp-content\\\/uploads\\\/2025\\\/07\\\/logo_saiga_baseline_optimitzat.svg\",\"contentUrl\":\"https:\\\/\\\/saiga.es\\\/wp-content\\\/uploads\\\/2025\\\/07\\\/logo_saiga_baseline_optimitzat.svg\",\"caption\":\"SAIGA\"},\"image\":{\"@id\":\"https:\\\/\\\/saiga.es\\\/es\\\/#\\\/schema\\\/logo\\\/image\\\/\"},\"sameAs\":[\"https:\\\/\\\/x.com\\\/saiga_agro\",\"https:\\\/\\\/www.instagram.com\\\/saiga_agro\\\/\"]}]}<\/script>\n<!-- \/ Yoast SEO plugin. -->","yoast_head_json":{"title":"Devoluciones de pedidos | SAIGA","robots":{"index":"noindex","follow":"nofollow"},"og_locale":"es_ES","og_type":"article","og_title":"Devoluciones de pedidos | SAIGA","og_description":"DEVOLUCIONES El plazo para tramitar una devoluci\u00f3n ser\u00e1 de 7 d\u00edas a partir de la fecha de recepci\u00f3n por el cliente. Ninguna devoluci\u00f3n ser\u00e1 aceptada sin previa autorizaci\u00f3n. Si el Cliente tiene derecho a devolver un producto y as\u00ed lo hace, lo devolver\u00e1 en sus condiciones originales, con su empaquetado, nota de devoluci\u00f3n y protegido,...","og_url":"https:\/\/saiga.es\/es\/devoluciones-de-pedidos\/","og_site_name":"SAIGA","og_image":[{"width":1200,"height":627,"url":"https:\/\/saiga.es\/wp-content\/uploads\/2023\/11\/opengraph_saiga.jpg","type":"image\/jpeg"}],"twitter_card":"summary_large_image","twitter_site":"@saiga_agro","twitter_misc":{"Tiempo de lectura":"1 minuto"},"schema":{"@context":"https:\/\/schema.org","@graph":[{"@type":"WebPage","@id":"https:\/\/saiga.es\/es\/devoluciones-de-pedidos\/","url":"https:\/\/saiga.es\/es\/devoluciones-de-pedidos\/","name":"Devoluciones de pedidos | SAIGA","isPartOf":{"@id":"https:\/\/saiga.es\/es\/#website"},"datePublished":"2018-11-20T15:07:11+00:00","breadcrumb":{"@id":"https:\/\/saiga.es\/es\/devoluciones-de-pedidos\/#breadcrumb"},"inLanguage":"es","potentialAction":[{"@type":"ReadAction","target":["https:\/\/saiga.es\/es\/devoluciones-de-pedidos\/"]}]},{"@type":"BreadcrumbList","@id":"https:\/\/saiga.es\/es\/devoluciones-de-pedidos\/#breadcrumb","itemListElement":[{"@type":"ListItem","position":1,"name":"Inici","item":"https:\/\/saiga.es\/es\/"},{"@type":"ListItem","position":2,"name":"Devoluciones de pedidos"}]},{"@type":"WebSite","@id":"https:\/\/saiga.es\/es\/#website","url":"https:\/\/saiga.es\/es\/","name":"SAIGA","description":"M\u00e9s de 50 anys al servei de la terra i treballant per a un \u00fas eficient de l\u2019aigua!","publisher":{"@id":"https:\/\/saiga.es\/es\/#organization"},"potentialAction":[{"@type":"SearchAction","target":{"@type":"EntryPoint","urlTemplate":"https:\/\/saiga.es\/es\/?s={search_term_string}"},"query-input":{"@type":"PropertyValueSpecification","valueRequired":true,"valueName":"search_term_string"}}],"inLanguage":"es"},{"@type":"Organization","@id":"https:\/\/saiga.es\/es\/#organization","name":"SAIGA","url":"https:\/\/saiga.es\/es\/","logo":{"@type":"ImageObject","inLanguage":"es","@id":"https:\/\/saiga.es\/es\/#\/schema\/logo\/image\/","url":"https:\/\/saiga.es\/wp-content\/uploads\/2025\/07\/logo_saiga_baseline_optimitzat.svg","contentUrl":"https:\/\/saiga.es\/wp-content\/uploads\/2025\/07\/logo_saiga_baseline_optimitzat.svg","caption":"SAIGA"},"image":{"@id":"https:\/\/saiga.es\/es\/#\/schema\/logo\/image\/"},"sameAs":["https:\/\/x.com\/saiga_agro","https:\/\/www.instagram.com\/saiga_agro\/"]}]}},"_links":{"self":[{"href":"https:\/\/saiga.es\/es\/wp-json\/wp\/v2\/pages\/4671","targetHints":{"allow":["GET"]}}],"collection":[{"href":"https:\/\/saiga.es\/es\/wp-json\/wp\/v2\/pages"}],"about":[{"href":"https:\/\/saiga.es\/es\/wp-json\/wp\/v2\/types\/page"}],"author":[{"embeddable":true,"href":"https:\/\/saiga.es\/es\/wp-json\/wp\/v2\/users\/1"}],"replies":[{"embeddable":true,"href":"https:\/\/saiga.es\/es\/wp-json\/wp\/v2\/comments?post=4671"}],"version-history":[{"count":0,"href":"https:\/\/saiga.es\/es\/wp-json\/wp\/v2\/pages\/4671\/revisions"}],"wp:attachment":[{"href":"https:\/\/saiga.es\/es\/wp-json\/wp\/v2\/media?parent=4671"}],"curies":[{"name":"wp","href":"https:\/\/api.w.org\/{rel}","templated":true}]}}