{"id":4672,"date":"2018-11-20T15:06:47","date_gmt":"2018-11-20T15:06:47","guid":{"rendered":"https:\/\/botiga.saiga.es\/envio-del-pedido\/"},"modified":"2018-11-20T15:06:47","modified_gmt":"2018-11-20T15:06:47","slug":"envio-del-pedido","status":"publish","type":"page","link":"https:\/\/saiga.es\/es\/envio-del-pedido\/","title":{"rendered":"Env\u00edo del pedido"},"content":{"rendered":"<p>ENV\u00cdO DEL PEDIDO<\/p>\n<p>Los pedidos se servir\u00e1n en los plazos acordados a partir del momento de la recepci\u00f3n del justificante de pago o, en caso de pago aplazado, tras la confirmaci\u00f3n por parte del cliente de la factura proforma.<\/p>\n<p>Para env\u00edos con destino a la Pen\u00ednsula y Baleares se incluir\u00e1 en la factura proforma estos gastos.<\/p>\n<p>En el caso de env\u00edos realizados a las Islas Canarias, Ceuta y Melilla el cliente deber\u00e1 enviar a su propia mensajer\u00eda, corriendo por tanto los gastos del transporte a cargo del Cliente y no siendo incluidos \u00e9stos en la factura proforma.<\/p>\n<p>Si existe disponibilidad de stock, las confirmaciones de pedidos que se reciban antes de las 17:30 horas de Lunes a Jueves o antes de las 13:00 horas los Viernes, ser\u00e1n preparados y enviados en el mismo d\u00eda a trav\u00e9s de un servicio 24H. Los recibos despu\u00e9s de esa hora, ser\u00e1n enviados al d\u00eda siguiente.<\/p>\n<p>Si s\u00f3lo disponemos en stock de una parte del pedido el cliente podr\u00e1 solicitar un env\u00edo parcial y SAIGA APLICACIONS HIDRAULICAS SL se har\u00e1 cargo del segundo env\u00edo siempre que el importe del pedido supere los 1000\u20ac.<\/p>\n<p>La entrega se considera efectuada desde que se pone el producto a disposici\u00f3n del Cliente por el transportista y el destinatario firma la recepci\u00f3n de la entrega. Corresponde al destinatario verificar los productos en la recepci\u00f3n de los mismos y exponer todas las excepciones y reclamaciones que puedan estar justificadas.<\/p>\n<p>Si los productos servidos no son conformes en naturaleza o en cantidad con los especificados en el albar\u00e1n de entrega, o bien no coinciden con la factura proforma confirmada, el Cliente deber\u00e1 formular su reclamaci\u00f3n en los dos (2) d\u00edas siguientes a la entrega . Una vez transcurrido ese tiempo, se considerar\u00e1 que el Cliente ha aceptado el producto.<\/p>\n<p>SAIGA APLICACIONES HIDRAULICAS SL no se responsabiliza de la duraci\u00f3n del transporte, una vez que los pedidos salen de su almac\u00e9n.<\/p>\n<p>SAIGA APLICACIONES HIDRAULICAS SL no aceptar\u00e1 responsabilidades por cambios en las direcciones de entrega una vez confirmada la factura proforma donde se especifica este dato. El coste de transporte originado por la modificaci\u00f3n de la direcci\u00f3n de entrega ser\u00e1 a cargo del cliente.<\/p>\n","protected":false},"excerpt":{"rendered":"<p>ENV\u00cdO DEL PEDIDO Los pedidos se servir\u00e1n en los plazos acordados a partir del momento de la recepci\u00f3n del justificante de pago o, en caso de pago aplazado, tras la confirmaci\u00f3n por parte del cliente de la factura proforma. Para env\u00edos con destino a la Pen\u00ednsula y Baleares se incluir\u00e1 en la factura proforma estos&#8230;<\/p>\n","protected":false},"author":1,"featured_media":0,"parent":0,"menu_order":0,"comment_status":"closed","ping_status":"closed","template":"templates\/full-width.php","meta":{"footnotes":""},"class_list":["post-4672","page","type-page","status-publish","hentry"],"yoast_head":"<!-- This site is optimized with the Yoast SEO plugin v27.3 - https:\/\/yoast.com\/product\/yoast-seo-wordpress\/ -->\n<title>Env\u00edo del pedido | SAIGA<\/title>\n<meta name=\"robots\" content=\"noindex, nofollow\" \/>\n<meta property=\"og:locale\" content=\"es_ES\" \/>\n<meta property=\"og:type\" content=\"article\" \/>\n<meta property=\"og:title\" content=\"Env\u00edo del pedido | SAIGA\" \/>\n<meta property=\"og:description\" content=\"ENV\u00cdO DEL PEDIDO Los pedidos se servir\u00e1n en los plazos acordados a partir del momento de la recepci\u00f3n del justificante de pago o, en caso de pago aplazado, tras la confirmaci\u00f3n por parte del cliente de la factura proforma. Para env\u00edos con destino a la Pen\u00ednsula y Baleares se incluir\u00e1 en la factura proforma estos...\" \/>\n<meta property=\"og:url\" content=\"https:\/\/saiga.es\/es\/envio-del-pedido\/\" \/>\n<meta property=\"og:site_name\" content=\"SAIGA\" \/>\n<meta property=\"og:image\" content=\"https:\/\/saiga.es\/wp-content\/uploads\/2023\/11\/opengraph_saiga.jpg\" \/>\n\t<meta property=\"og:image:width\" content=\"1200\" \/>\n\t<meta property=\"og:image:height\" content=\"627\" \/>\n\t<meta property=\"og:image:type\" content=\"image\/jpeg\" \/>\n<meta name=\"twitter:card\" content=\"summary_large_image\" \/>\n<meta name=\"twitter:site\" content=\"@saiga_agro\" \/>\n<meta name=\"twitter:label1\" content=\"Tiempo de lectura\" \/>\n\t<meta name=\"twitter:data1\" content=\"2 minutos\" \/>\n<script type=\"application\/ld+json\" class=\"yoast-schema-graph\">{\"@context\":\"https:\\\/\\\/schema.org\",\"@graph\":[{\"@type\":\"WebPage\",\"@id\":\"https:\\\/\\\/saiga.es\\\/es\\\/envio-del-pedido\\\/\",\"url\":\"https:\\\/\\\/saiga.es\\\/es\\\/envio-del-pedido\\\/\",\"name\":\"Env\u00edo del pedido | SAIGA\",\"isPartOf\":{\"@id\":\"https:\\\/\\\/saiga.es\\\/es\\\/#website\"},\"datePublished\":\"2018-11-20T15:06:47+00:00\",\"breadcrumb\":{\"@id\":\"https:\\\/\\\/saiga.es\\\/es\\\/envio-del-pedido\\\/#breadcrumb\"},\"inLanguage\":\"es\",\"potentialAction\":[{\"@type\":\"ReadAction\",\"target\":[\"https:\\\/\\\/saiga.es\\\/es\\\/envio-del-pedido\\\/\"]}]},{\"@type\":\"BreadcrumbList\",\"@id\":\"https:\\\/\\\/saiga.es\\\/es\\\/envio-del-pedido\\\/#breadcrumb\",\"itemListElement\":[{\"@type\":\"ListItem\",\"position\":1,\"name\":\"Inici\",\"item\":\"https:\\\/\\\/saiga.es\\\/es\\\/\"},{\"@type\":\"ListItem\",\"position\":2,\"name\":\"Env\u00edo del pedido\"}]},{\"@type\":\"WebSite\",\"@id\":\"https:\\\/\\\/saiga.es\\\/es\\\/#website\",\"url\":\"https:\\\/\\\/saiga.es\\\/es\\\/\",\"name\":\"SAIGA\",\"description\":\"M\u00e9s de 50 anys al servei de la terra i treballant per a un \u00fas eficient de l\u2019aigua!\",\"publisher\":{\"@id\":\"https:\\\/\\\/saiga.es\\\/es\\\/#organization\"},\"potentialAction\":[{\"@type\":\"SearchAction\",\"target\":{\"@type\":\"EntryPoint\",\"urlTemplate\":\"https:\\\/\\\/saiga.es\\\/es\\\/?s={search_term_string}\"},\"query-input\":{\"@type\":\"PropertyValueSpecification\",\"valueRequired\":true,\"valueName\":\"search_term_string\"}}],\"inLanguage\":\"es\"},{\"@type\":\"Organization\",\"@id\":\"https:\\\/\\\/saiga.es\\\/es\\\/#organization\",\"name\":\"SAIGA\",\"url\":\"https:\\\/\\\/saiga.es\\\/es\\\/\",\"logo\":{\"@type\":\"ImageObject\",\"inLanguage\":\"es\",\"@id\":\"https:\\\/\\\/saiga.es\\\/es\\\/#\\\/schema\\\/logo\\\/image\\\/\",\"url\":\"https:\\\/\\\/saiga.es\\\/wp-content\\\/uploads\\\/2025\\\/07\\\/logo_saiga_baseline_optimitzat.svg\",\"contentUrl\":\"https:\\\/\\\/saiga.es\\\/wp-content\\\/uploads\\\/2025\\\/07\\\/logo_saiga_baseline_optimitzat.svg\",\"caption\":\"SAIGA\"},\"image\":{\"@id\":\"https:\\\/\\\/saiga.es\\\/es\\\/#\\\/schema\\\/logo\\\/image\\\/\"},\"sameAs\":[\"https:\\\/\\\/x.com\\\/saiga_agro\",\"https:\\\/\\\/www.instagram.com\\\/saiga_agro\\\/\"]}]}<\/script>\n<!-- \/ Yoast SEO plugin. -->","yoast_head_json":{"title":"Env\u00edo del pedido | SAIGA","robots":{"index":"noindex","follow":"nofollow"},"og_locale":"es_ES","og_type":"article","og_title":"Env\u00edo del pedido | SAIGA","og_description":"ENV\u00cdO DEL PEDIDO Los pedidos se servir\u00e1n en los plazos acordados a partir del momento de la recepci\u00f3n del justificante de pago o, en caso de pago aplazado, tras la confirmaci\u00f3n por parte del cliente de la factura proforma. Para env\u00edos con destino a la Pen\u00ednsula y Baleares se incluir\u00e1 en la factura proforma estos...","og_url":"https:\/\/saiga.es\/es\/envio-del-pedido\/","og_site_name":"SAIGA","og_image":[{"width":1200,"height":627,"url":"https:\/\/saiga.es\/wp-content\/uploads\/2023\/11\/opengraph_saiga.jpg","type":"image\/jpeg"}],"twitter_card":"summary_large_image","twitter_site":"@saiga_agro","twitter_misc":{"Tiempo de lectura":"2 minutos"},"schema":{"@context":"https:\/\/schema.org","@graph":[{"@type":"WebPage","@id":"https:\/\/saiga.es\/es\/envio-del-pedido\/","url":"https:\/\/saiga.es\/es\/envio-del-pedido\/","name":"Env\u00edo del pedido | SAIGA","isPartOf":{"@id":"https:\/\/saiga.es\/es\/#website"},"datePublished":"2018-11-20T15:06:47+00:00","breadcrumb":{"@id":"https:\/\/saiga.es\/es\/envio-del-pedido\/#breadcrumb"},"inLanguage":"es","potentialAction":[{"@type":"ReadAction","target":["https:\/\/saiga.es\/es\/envio-del-pedido\/"]}]},{"@type":"BreadcrumbList","@id":"https:\/\/saiga.es\/es\/envio-del-pedido\/#breadcrumb","itemListElement":[{"@type":"ListItem","position":1,"name":"Inici","item":"https:\/\/saiga.es\/es\/"},{"@type":"ListItem","position":2,"name":"Env\u00edo del pedido"}]},{"@type":"WebSite","@id":"https:\/\/saiga.es\/es\/#website","url":"https:\/\/saiga.es\/es\/","name":"SAIGA","description":"M\u00e9s de 50 anys al servei de la terra i treballant per a un \u00fas eficient de l\u2019aigua!","publisher":{"@id":"https:\/\/saiga.es\/es\/#organization"},"potentialAction":[{"@type":"SearchAction","target":{"@type":"EntryPoint","urlTemplate":"https:\/\/saiga.es\/es\/?s={search_term_string}"},"query-input":{"@type":"PropertyValueSpecification","valueRequired":true,"valueName":"search_term_string"}}],"inLanguage":"es"},{"@type":"Organization","@id":"https:\/\/saiga.es\/es\/#organization","name":"SAIGA","url":"https:\/\/saiga.es\/es\/","logo":{"@type":"ImageObject","inLanguage":"es","@id":"https:\/\/saiga.es\/es\/#\/schema\/logo\/image\/","url":"https:\/\/saiga.es\/wp-content\/uploads\/2025\/07\/logo_saiga_baseline_optimitzat.svg","contentUrl":"https:\/\/saiga.es\/wp-content\/uploads\/2025\/07\/logo_saiga_baseline_optimitzat.svg","caption":"SAIGA"},"image":{"@id":"https:\/\/saiga.es\/es\/#\/schema\/logo\/image\/"},"sameAs":["https:\/\/x.com\/saiga_agro","https:\/\/www.instagram.com\/saiga_agro\/"]}]}},"_links":{"self":[{"href":"https:\/\/saiga.es\/es\/wp-json\/wp\/v2\/pages\/4672","targetHints":{"allow":["GET"]}}],"collection":[{"href":"https:\/\/saiga.es\/es\/wp-json\/wp\/v2\/pages"}],"about":[{"href":"https:\/\/saiga.es\/es\/wp-json\/wp\/v2\/types\/page"}],"author":[{"embeddable":true,"href":"https:\/\/saiga.es\/es\/wp-json\/wp\/v2\/users\/1"}],"replies":[{"embeddable":true,"href":"https:\/\/saiga.es\/es\/wp-json\/wp\/v2\/comments?post=4672"}],"version-history":[{"count":0,"href":"https:\/\/saiga.es\/es\/wp-json\/wp\/v2\/pages\/4672\/revisions"}],"wp:attachment":[{"href":"https:\/\/saiga.es\/es\/wp-json\/wp\/v2\/media?parent=4672"}],"curies":[{"name":"wp","href":"https:\/\/api.w.org\/{rel}","templated":true}]}}