{"id":4673,"date":"2018-11-28T09:40:26","date_gmt":"2018-11-28T09:40:26","guid":{"rendered":"https:\/\/botiga.saiga.es\/politica-de-cookies\/"},"modified":"2018-11-28T09:40:26","modified_gmt":"2018-11-28T09:40:26","slug":"politica-de-cookies","status":"publish","type":"page","link":"https:\/\/saiga.es\/es\/politica-de-cookies\/","title":{"rendered":"Pol\u00edtica de cookies"},"content":{"rendered":"<p>POL\u00cdTICA DE COOKIES<br \/>\nAqu\u00ed te explicamos qu\u00e9 son las cookies y c\u00f3mo las utilizamos en nuestra web.<\/p>\n<p>No te preocupes: las cookies son algo muy sencillo y que todas las webs necesitan para funcionar.<\/p>\n<p>Nuestra web utiliza cookies para mejorar su experiencia. Al utilizar nuestra web, consideramos que aceptas su uso, seg\u00fan nuestra pol\u00edtica de privacidad.<\/p>\n<p>En cumplimiento de la Ley 34\/2002, de 11 de julio, de Servicios de la Sociedad de la Informaci\u00f3n y Comercio Electr\u00f3nico, te informamos que este sitio web, al igual que la mayor\u00eda de los sitios en Internet, usa Cookies para mejorar y optimizar la experiencia del usuario.<\/p>\n<p>A continuaci\u00f3n encontrar\u00e1s informaci\u00f3n detallada sobre qu\u00e9 son las Cookies, qu\u00e9 tipolog\u00eda utiliza este sitio web, c\u00f3mo cambiar la configuraci\u00f3n de tus cookies, y qu\u00e9 ocurre si deshabitas las Cookies.<\/p>\n<p>\u00bfQu\u00e9 son las Cookies?<br \/>\nUna cookie es un peque\u00f1o archivo que se descarga en el equipo del usuario con el fin de almacenar datos, los cuales podr\u00e1n ser actualizados y recuperados por la entidad responsable de su instalaci\u00f3n.<\/p>\n<p>\u00bfQu\u00e9 tipo de cookies utiliza esta p\u00e1gina web?<br \/>\nA continuaci\u00f3n se muestra una tabla con las Cookies utilizadas en este sitio web:<\/p>\n<p>Tipo de Cookie Descripci\u00f3n Proveedor<br \/>\nCookies de sesi\u00f3n Cookies temporales que permanecen en el archivo de cookies de tu navegador mientras est\u00e1s en nuestra p\u00e1gina web. Es decir, est\u00e1n activas mientras dura la visita a este sitio web y por tanto son borradas de tu ordenador al abandonarlo. Propias<br \/>\nCookies de an\u00e1lisis Cookies que permiten cuantificar el n\u00famero de usuarios y as\u00ed realizar la medici\u00f3n y an\u00e1lisis estad\u00edstico de la utilizaci\u00f3n que realizan los usuarios del servicio ofrecido. Google analytics<br \/>\nCookies publicitarias Cookies que permiten la gesti\u00f3n de los espacios publicitarios en base a criterios como el contenido editado o la frecuencia en la que se muestran los anuncios No se utilizan<br \/>\n\u00bfC\u00f3mo puedes configurar tus cookies?<br \/>\nAl navegar y continuar en nuestro sitio web, estar\u00e1s consintiendo el uso de Cookies en las condiciones contenidas en la presente Pol\u00edtica de Cookies. Como usuario, tienes la posibilidad de ejercer tu derecho a bloquear, eliminar y desechar el uso de Cookies, en todo momento, modificando las opciones de tu navegador.<\/p>\n<p>Por ejemplo:<\/p>\n<p>Internet Explorer: Herramientas&gt; Opciones de Internet&gt; Privacidad&gt; Configuraci\u00f3n. Para m\u00e1s informaci\u00f3n, puedes consultar el soporte de Microsoft o la Ayuda del navegador.<br \/>\n*Mozilla Firefox: Herramientas&gt; Opciones&gt; Privacidad&gt; Historial&gt; Configuraci\u00f3n Personalizada. Para m\u00e1s informaci\u00f3n, puedes consultar el soporte de Mozilla o la Ayuda del navegador.<br \/>\nGoogle Chrome: Configuraci\u00f3n&gt; Mostrar opciones avanzadas&gt; Privacidad -&gt; Configuraci\u00f3n de contenido. Para m\u00e1s informaci\u00f3n, puedes consultar el soporte de Google o la Ayuda del navegador.<br \/>\nSafari: Preferencias&gt; Seguridad. Para m\u00e1s informaci\u00f3n, puedes consultar el soporte de Apple o la Ayuda del navegador.<br \/>\nOpera: Configuraci\u00f3n&gt; Opciones&gt; Avanzado&gt; Cookies Para m\u00e1s informaci\u00f3n, puedes consultar el soporte de Opera o la Ayuda del navegador.<br \/>\nSi utilizas otro navegador diferente a los anteriores, consulta su pol\u00edtica de instalaci\u00f3n, uso y bloqueo de cookies.<\/p>\n<p>\u00bfQu\u00e9 ocurre si se deshabilitan las Cookies?<br \/>\nAlgunas funcionalidades de los Servicios o \u00e1reas de este sitio web podr\u00edan no funcionar correctamente.<\/p>\n<p>\u00bfActualizamos nuestra pol\u00edtica de Cookies?<br \/>\nEs posible que actualicemos la pol\u00edtica de Cookies de nuestra p\u00e1gina web, por eso, nuestros abogados nos piden que te recomiende revisar esta pol\u00edtica cada vez que accedas a nuestro sitio web, con el objetivo de estar adecuadamente informado sobre c\u00f3mo y porqu\u00e9 *usamos las Cookies.<\/p>\n","protected":false},"excerpt":{"rendered":"<p>POL\u00cdTICA DE COOKIES Aqu\u00ed te explicamos qu\u00e9 son las cookies y c\u00f3mo las utilizamos en nuestra web. No te preocupes: las cookies son algo muy sencillo y que todas las webs necesitan para funcionar. Nuestra web utiliza cookies para mejorar su experiencia. Al utilizar nuestra web, consideramos que aceptas su uso, seg\u00fan nuestra pol\u00edtica de&#8230;<\/p>\n","protected":false},"author":1,"featured_media":0,"parent":0,"menu_order":0,"comment_status":"closed","ping_status":"closed","template":"templates\/full-width.php","meta":{"footnotes":""},"class_list":["post-4673","page","type-page","status-publish","hentry"],"yoast_head":"<!-- This site is optimized with the Yoast SEO plugin v27.3 - https:\/\/yoast.com\/product\/yoast-seo-wordpress\/ -->\n<title>Pol\u00edtica de cookies | SAIGA<\/title>\n<meta name=\"robots\" content=\"noindex, nofollow\" \/>\n<meta property=\"og:locale\" content=\"es_ES\" \/>\n<meta property=\"og:type\" content=\"article\" \/>\n<meta property=\"og:title\" content=\"Pol\u00edtica de cookies | SAIGA\" \/>\n<meta property=\"og:description\" content=\"POL\u00cdTICA DE COOKIES Aqu\u00ed te explicamos qu\u00e9 son las cookies y c\u00f3mo las utilizamos en nuestra web. No te preocupes: las cookies son algo muy sencillo y que todas las webs necesitan para funcionar. Nuestra web utiliza cookies para mejorar su experiencia. Al utilizar nuestra web, consideramos que aceptas su uso, seg\u00fan nuestra pol\u00edtica de...\" \/>\n<meta property=\"og:url\" content=\"https:\/\/saiga.es\/es\/politica-de-cookies\/\" \/>\n<meta property=\"og:site_name\" content=\"SAIGA\" \/>\n<meta property=\"og:image\" content=\"https:\/\/saiga.es\/wp-content\/uploads\/2023\/11\/opengraph_saiga.jpg\" \/>\n\t<meta property=\"og:image:width\" content=\"1200\" \/>\n\t<meta property=\"og:image:height\" content=\"627\" \/>\n\t<meta property=\"og:image:type\" content=\"image\/jpeg\" \/>\n<meta name=\"twitter:card\" content=\"summary_large_image\" \/>\n<meta name=\"twitter:site\" content=\"@saiga_agro\" \/>\n<meta name=\"twitter:label1\" content=\"Tiempo de lectura\" \/>\n\t<meta name=\"twitter:data1\" content=\"3 minutos\" \/>\n<script type=\"application\/ld+json\" class=\"yoast-schema-graph\">{\"@context\":\"https:\\\/\\\/schema.org\",\"@graph\":[{\"@type\":\"WebPage\",\"@id\":\"https:\\\/\\\/saiga.es\\\/es\\\/politica-de-cookies\\\/\",\"url\":\"https:\\\/\\\/saiga.es\\\/es\\\/politica-de-cookies\\\/\",\"name\":\"Pol\u00edtica de cookies | SAIGA\",\"isPartOf\":{\"@id\":\"https:\\\/\\\/saiga.es\\\/es\\\/#website\"},\"datePublished\":\"2018-11-28T09:40:26+00:00\",\"breadcrumb\":{\"@id\":\"https:\\\/\\\/saiga.es\\\/es\\\/politica-de-cookies\\\/#breadcrumb\"},\"inLanguage\":\"es\",\"potentialAction\":[{\"@type\":\"ReadAction\",\"target\":[\"https:\\\/\\\/saiga.es\\\/es\\\/politica-de-cookies\\\/\"]}]},{\"@type\":\"BreadcrumbList\",\"@id\":\"https:\\\/\\\/saiga.es\\\/es\\\/politica-de-cookies\\\/#breadcrumb\",\"itemListElement\":[{\"@type\":\"ListItem\",\"position\":1,\"name\":\"Inici\",\"item\":\"https:\\\/\\\/saiga.es\\\/es\\\/\"},{\"@type\":\"ListItem\",\"position\":2,\"name\":\"Pol\u00edtica de cookies\"}]},{\"@type\":\"WebSite\",\"@id\":\"https:\\\/\\\/saiga.es\\\/es\\\/#website\",\"url\":\"https:\\\/\\\/saiga.es\\\/es\\\/\",\"name\":\"SAIGA\",\"description\":\"M\u00e9s de 50 anys al servei de la terra i treballant per a un \u00fas eficient de l\u2019aigua!\",\"publisher\":{\"@id\":\"https:\\\/\\\/saiga.es\\\/es\\\/#organization\"},\"potentialAction\":[{\"@type\":\"SearchAction\",\"target\":{\"@type\":\"EntryPoint\",\"urlTemplate\":\"https:\\\/\\\/saiga.es\\\/es\\\/?s={search_term_string}\"},\"query-input\":{\"@type\":\"PropertyValueSpecification\",\"valueRequired\":true,\"valueName\":\"search_term_string\"}}],\"inLanguage\":\"es\"},{\"@type\":\"Organization\",\"@id\":\"https:\\\/\\\/saiga.es\\\/es\\\/#organization\",\"name\":\"SAIGA\",\"url\":\"https:\\\/\\\/saiga.es\\\/es\\\/\",\"logo\":{\"@type\":\"ImageObject\",\"inLanguage\":\"es\",\"@id\":\"https:\\\/\\\/saiga.es\\\/es\\\/#\\\/schema\\\/logo\\\/image\\\/\",\"url\":\"https:\\\/\\\/saiga.es\\\/wp-content\\\/uploads\\\/2025\\\/07\\\/logo_saiga_baseline_optimitzat.svg\",\"contentUrl\":\"https:\\\/\\\/saiga.es\\\/wp-content\\\/uploads\\\/2025\\\/07\\\/logo_saiga_baseline_optimitzat.svg\",\"caption\":\"SAIGA\"},\"image\":{\"@id\":\"https:\\\/\\\/saiga.es\\\/es\\\/#\\\/schema\\\/logo\\\/image\\\/\"},\"sameAs\":[\"https:\\\/\\\/x.com\\\/saiga_agro\",\"https:\\\/\\\/www.instagram.com\\\/saiga_agro\\\/\"]}]}<\/script>\n<!-- \/ Yoast SEO plugin. -->","yoast_head_json":{"title":"Pol\u00edtica de cookies | SAIGA","robots":{"index":"noindex","follow":"nofollow"},"og_locale":"es_ES","og_type":"article","og_title":"Pol\u00edtica de cookies | SAIGA","og_description":"POL\u00cdTICA DE COOKIES Aqu\u00ed te explicamos qu\u00e9 son las cookies y c\u00f3mo las utilizamos en nuestra web. No te preocupes: las cookies son algo muy sencillo y que todas las webs necesitan para funcionar. Nuestra web utiliza cookies para mejorar su experiencia. Al utilizar nuestra web, consideramos que aceptas su uso, seg\u00fan nuestra pol\u00edtica de...","og_url":"https:\/\/saiga.es\/es\/politica-de-cookies\/","og_site_name":"SAIGA","og_image":[{"width":1200,"height":627,"url":"https:\/\/saiga.es\/wp-content\/uploads\/2023\/11\/opengraph_saiga.jpg","type":"image\/jpeg"}],"twitter_card":"summary_large_image","twitter_site":"@saiga_agro","twitter_misc":{"Tiempo de lectura":"3 minutos"},"schema":{"@context":"https:\/\/schema.org","@graph":[{"@type":"WebPage","@id":"https:\/\/saiga.es\/es\/politica-de-cookies\/","url":"https:\/\/saiga.es\/es\/politica-de-cookies\/","name":"Pol\u00edtica de cookies | SAIGA","isPartOf":{"@id":"https:\/\/saiga.es\/es\/#website"},"datePublished":"2018-11-28T09:40:26+00:00","breadcrumb":{"@id":"https:\/\/saiga.es\/es\/politica-de-cookies\/#breadcrumb"},"inLanguage":"es","potentialAction":[{"@type":"ReadAction","target":["https:\/\/saiga.es\/es\/politica-de-cookies\/"]}]},{"@type":"BreadcrumbList","@id":"https:\/\/saiga.es\/es\/politica-de-cookies\/#breadcrumb","itemListElement":[{"@type":"ListItem","position":1,"name":"Inici","item":"https:\/\/saiga.es\/es\/"},{"@type":"ListItem","position":2,"name":"Pol\u00edtica de cookies"}]},{"@type":"WebSite","@id":"https:\/\/saiga.es\/es\/#website","url":"https:\/\/saiga.es\/es\/","name":"SAIGA","description":"M\u00e9s de 50 anys al servei de la terra i treballant per a un \u00fas eficient de l\u2019aigua!","publisher":{"@id":"https:\/\/saiga.es\/es\/#organization"},"potentialAction":[{"@type":"SearchAction","target":{"@type":"EntryPoint","urlTemplate":"https:\/\/saiga.es\/es\/?s={search_term_string}"},"query-input":{"@type":"PropertyValueSpecification","valueRequired":true,"valueName":"search_term_string"}}],"inLanguage":"es"},{"@type":"Organization","@id":"https:\/\/saiga.es\/es\/#organization","name":"SAIGA","url":"https:\/\/saiga.es\/es\/","logo":{"@type":"ImageObject","inLanguage":"es","@id":"https:\/\/saiga.es\/es\/#\/schema\/logo\/image\/","url":"https:\/\/saiga.es\/wp-content\/uploads\/2025\/07\/logo_saiga_baseline_optimitzat.svg","contentUrl":"https:\/\/saiga.es\/wp-content\/uploads\/2025\/07\/logo_saiga_baseline_optimitzat.svg","caption":"SAIGA"},"image":{"@id":"https:\/\/saiga.es\/es\/#\/schema\/logo\/image\/"},"sameAs":["https:\/\/x.com\/saiga_agro","https:\/\/www.instagram.com\/saiga_agro\/"]}]}},"_links":{"self":[{"href":"https:\/\/saiga.es\/es\/wp-json\/wp\/v2\/pages\/4673","targetHints":{"allow":["GET"]}}],"collection":[{"href":"https:\/\/saiga.es\/es\/wp-json\/wp\/v2\/pages"}],"about":[{"href":"https:\/\/saiga.es\/es\/wp-json\/wp\/v2\/types\/page"}],"author":[{"embeddable":true,"href":"https:\/\/saiga.es\/es\/wp-json\/wp\/v2\/users\/1"}],"replies":[{"embeddable":true,"href":"https:\/\/saiga.es\/es\/wp-json\/wp\/v2\/comments?post=4673"}],"version-history":[{"count":0,"href":"https:\/\/saiga.es\/es\/wp-json\/wp\/v2\/pages\/4673\/revisions"}],"wp:attachment":[{"href":"https:\/\/saiga.es\/es\/wp-json\/wp\/v2\/media?parent=4673"}],"curies":[{"name":"wp","href":"https:\/\/api.w.org\/{rel}","templated":true}]}}