{"id":4674,"date":"2018-11-20T15:03:43","date_gmt":"2018-11-20T15:03:43","guid":{"rendered":"https:\/\/botiga.saiga.es\/condiciones-de-venta\/"},"modified":"2018-11-20T15:03:43","modified_gmt":"2018-11-20T15:03:43","slug":"condiciones-de-venta","status":"publish","type":"page","link":"https:\/\/saiga.es\/es\/condiciones-de-venta\/","title":{"rendered":"Condiciones de Venta"},"content":{"rendered":"<p>CONDICIONES GENERALES DE VENTA<br \/>\n*AMBITO DE APLICACI\u00d3N<br \/>\nEstas Condiciones Generales son aplicables a los pedidos que usted efect\u00fae en<\/p>\n<p>SAIGA APLICACIONES HIDRAULICAS SL con domicilio social en CRTA. N-II KM.1,4. CP\/17771. Provincia \/ Gerona. Poblaci\u00f3n \/ SANTA ALQUIL\u00cdA DE \u00c1LGUEMA.<\/p>\n<p>Se incluye toda venta o servicio descritos en nuestros folletos, listas de precios, anuncios, presupuestos, Internet o verbalmente. La realizaci\u00f3n de cualquier pedido supone que usted ha le\u00eddo y aceptado las presentes condiciones de venta.<\/p>\n<p>SAIGA APLICACIONES HIDRAULICAS SL se reserva el derecho a modificar sus Condiciones Generales en cualquier momento.<\/p>\n<p>GENERALIDADES<br \/>\nSalvo convenio especial recogido por escrito, la realizaci\u00f3n del pedido efectuado por el Cliente implica su acuerdo con las presentes condiciones generales de venta. Ninguna estipulaci\u00f3n hecha por el Cliente sobre las condiciones de compra, letras, acuse de recibo u otros documentos diferir\u00e1 de las de<\/p>\n<p>*SAIGA APLICACIONES *HIDRAULICAS SL<\/p>\n<p>si no ha sido expresamente aceptada por esta Empresa con anterioridad. La informaci\u00f3n que figura en los cat\u00e1logos, listas de precios y web es s\u00f3lo a t\u00edtulo indicativo.<\/p>\n<p>*SAIGA APLICACIONES *HIDRAULICAS SL<\/p>\n<p>podr\u00e1 modificarlos en cualquier momento, sin previo aviso, en funci\u00f3n de la evoluci\u00f3n de las condiciones econ\u00f3micas.<\/p>\n<p>SAIGA APLICACIONS HIDRAULICAS SL hace sus mejores esfuerzos para asegurarse de que la informaci\u00f3n que aparece en su p\u00e1gina Web es correcta y se encuentra actualizada. *SAIGA APLICACIONES *HIDRAULICAS Slno se responsabiliza de los errores u omisiones que pudieran existir en esta p\u00e1gina Web.<\/p>\n<p>PEDIDO\/CONTRATO<br \/>\nLos pedidos se aceptar\u00e1n por escrito, tienda online, correo electr\u00f3nico, tel\u00e9fono o fax. SAIGA APLICACIONES HIDRAULICAS SLa clientes finales, considerados los mismos como consumidores. Formulado el pedido por el cliente, SAIGA APLICACIONS HIDRAULICAS SL enviar\u00e1 al mismo una factura proforma con los datos relativos al pedido e informar\u00e1 de la disponibilidad de stock de los art\u00edculos seleccionados. El Cliente debe verificar la factura proforma y notificarnos por escrito (correo electr\u00f3nico o fax) si est\u00e1 de acuerdo con esta proforma o existe cualquier error o disconformidad que debamos enmendar.<\/p>\n<p>PRECIO Y T\u00c9RMINOS DE PAGO.<\/p>\n<p>Los presupuestos u ofertas econ\u00f3micas, s\u00f3lo ser\u00e1n v\u00e1lidos por escrito, y durante el plazo que en ellos se indique. De no indicarse ning\u00fan plazo, \u00e9ste ser\u00e1 de 30 d\u00edas. El precio disponible en los listados y en la tienda online gastos de env\u00edo.<\/p>\n<p>El precio total del pedido y los t\u00e9rminos y condiciones de pago se establecer\u00e1n en la factura proforma enviada al cliente.<\/p>\n<p>El pago se efectuar\u00e1 a trav\u00e9s de transferencia bancaria o tarjeta de cr\u00e9dito\/d\u00e9bito o PayPal en el momento de confirmar la factura proforma o, en las condiciones que se establezcan en ella.<\/p>\n<p>SAIGA APLICACIONES HIDRAULICAS SL puede suspender la entrega del bien o prestaci\u00f3n del servicio hasta su pago total. En caso de demora en el pago (mora), se cobrar\u00e1n los costes de recuperaci\u00f3n, y se aplicar\u00e1 un inter\u00e9s moratorio del 1% sobre la cantidad adeudada por cada mes que esta cantidad permanezca insoluta, a partir de la fecha de vencimiento de pago y hasta su total pago.<\/p>\n<p>ENV\u00cdO DEL PEDIDO<\/p>\n<p>Los pedidos se servir\u00e1n en los plazos acordados a partir del momento de la recepci\u00f3n del justificante de pago o, en caso de pago aplazado, tras la confirmaci\u00f3n por parte del cliente de la factura proforma.<\/p>\n<p>Para env\u00edos con destino a la Pen\u00ednsula y Baleares se incluir\u00e1 en la factura proforma estos gastos.<\/p>\n<p>En el caso de env\u00edos realizados a las Islas Canarias, Ceuta y Melilla el cliente deber\u00e1 enviar a su propia mensajer\u00eda, corriendo por tanto los gastos del transporte a cargo del Cliente y no siendo incluidos \u00e9stos en la factura proforma.<\/p>\n<p>Si existe disponibilidad de stock, las confirmaciones de pedidos que se reciban antes de las 17:30 horas de Lunes a Jueves o antes de las 13:00 horas los Viernes, ser\u00e1n preparados y enviados en el mismo d\u00eda a trav\u00e9s de un servicio 24H. Los recibos despu\u00e9s de esa hora, ser\u00e1n enviados al d\u00eda siguiente.<\/p>\n<p>Si s\u00f3lo disponemos en stock de una parte del pedido el cliente podr\u00e1 solicitar un env\u00edo parcial y<\/p>\n<p>*SAIGA APLICACIONES *HIDRAULICAS SL<\/p>\n<p>se har\u00e1 cargo del segundo env\u00edo siempre que el importe del pedido supere los 1000 \u20ac.<\/p>\n<p>La entrega se considera efectuada desde que se pone el producto a disposici\u00f3n del Cliente por el transportista y el destinatario firma la recepci\u00f3n de la entrega. Corresponde al destinatario verificar los productos en la recepci\u00f3n de los mismos y exponer todas las excepciones y reclamaciones que puedan estar justificadas.<\/p>\n<p>Si los productos servidos no son conformes en naturaleza o en cantidad con los especificados en el albar\u00e1n de entrega, o bien no coinciden con la factura proforma confirmada, el Cliente deber\u00e1 formular su reclamaci\u00f3n en los dos (2) d\u00edas siguientes a la entrega . Una vez transcurrido ese tiempo, se considerar\u00e1 que el Cliente ha aceptado el producto. *SAIGA APLICACIONES *HIDRAULICAS SL<\/p>\n<p>no se responsabiliza de la duraci\u00f3n del transporte, una vez que los pedidos salen de su almac\u00e9n. *SAIGA APLICACIONES *HIDRAULICAS Slno aceptar\u00e1 responsabilidades por cambios en las direcciones de entrega una vez confirmada la factura proforma donde se especifica este dato. El coste de transporte originado por la modificaci\u00f3n de la direcci\u00f3n de entrega ser\u00e1 a cargo del cliente.<\/p>\n<p>DEVOLUCIONES<\/p>\n<p>El plazo para tramitar una devoluci\u00f3n ser\u00e1 de 7 d\u00edas a partir de la fecha de recepci\u00f3n por el cliente. Ninguna devoluci\u00f3n ser\u00e1 aceptada sin previa autorizaci\u00f3n.<\/p>\n<p>Si el Cliente tiene derecho a devolver un producto y as\u00ed lo hace, lo devolver\u00e1 en sus condiciones originales, con su empaquetado, nota de devoluci\u00f3n y protegido, de forma que no se reciba con precintas o cintas adhesivas de transporte. En caso contrario SAIGA APLICACIONES HIDRAULICAS Slse reserva el derecho de rechazar la devoluci\u00f3n. Los costes de devoluci\u00f3n ser\u00e1n por cuenta del Cliente, salvo que se haya cometido un error por nuestra parte en el env\u00edo del material no coincidiendo el material enviado con la factura proforma aceptada.<\/p>\n<p>Salvo en caso de que el material enviado no se corresponda con la factura proforma aceptada, las devoluciones se tramitar\u00e1n como un saldo a favor del cliente que se ir\u00e1 restando en pr\u00f3ximos pedidos. No se realizar\u00e1n abonos por devoluci\u00f3n v\u00eda transferencia bancaria.<\/p>\n<p>GARANT\u00cdAS<\/p>\n<p>El material que distribuye SAIGA APLICACIONS HIDRAULICAS SL tiene la garant\u00eda establecida 3 meses en productos de segunda mano y en un a\u00f1o los nuebos Si el producto fuese defectuoso durante este plazo,<\/p>\n<p>SAIGA APLICACIONES HIDRAULICAS SL lo reparar\u00e1 o sustituir\u00e1 en un plazo razonable mediante un procedimiento de RMA.<\/p>\n<p>La garant\u00eda no ser\u00e1 v\u00e1lida en los supuestos de:<\/p>\n<p>Da\u00f1os o defectos derivados del uso, funcionamiento o tratamiento del producto indebidos y no por causa de un uso normal del producto.<br \/>\nAccidentes, incendios, l\u00edquidos, productos qu\u00edmicos, otras sustancias, inundaciones, vibraciones, calor excesivo, ventilaci\u00f3n inadecuada, sobrecargas el\u00e9ctricas, tensi\u00f3n o suministro de voltaje excesivo o incorrecto, radiaci\u00f3n, descargas electroest\u00e1ticas incluyendo rayos, otras fuerzas externas e impactos.<br \/>\nReparaciones efectuadas o intentos de reparaci\u00f3n.<\/p>\n<p>PROCEDIMIENTO DE RMA<\/p>\n<p>Para iniciar un procedimiento de RMA el Cliente debe enviarnos los datos de la incidencia en el equipo as\u00ed como el n\u00famero de serie del mismo<\/p>\n<p>Una vez comprobado que el art\u00edculo est\u00e1 en plazo de garant\u00eda se le enviar\u00e1 al Cliente un n\u00famero de RMA y un documento para que lo incluya junto al material defectuoso. El Cliente debe enviarnos los equipos a portes pagados cuando se lo indiquemos y le devolveremos el material reparado o nuevo (seg\u00fan la aver\u00eda) a portes pagados en este caso por<\/p>\n<p>SAIGA APLICACIONES HIDRAULICAS SL En caso de que en la recepci\u00f3n de material no se observen anomal\u00edas en \u00e9ste, \u00e9ste ser\u00e1 devuelto al cliente a portes debidos.<\/p>\n<p>Es imprescindible incluir la caja original del producto (cualquier documentaci\u00f3n adicional, incluyendo mensajer\u00eda, debe pegarla en un embalaje exterior dejando intacto el embalaje original) y todos sus accesorios\/componentes (cables, cables de red, fuentes de alimentaci\u00f3n, auricular en caso de tel\u00e9fonos, base inal\u00e1mbrica etc.) La falta de cualquier pieza podr\u00e1 demorar y hasta paralizar el proceso de RMA.<\/p>\n<p>FUERZA MAYOR<br \/>\nNo aceptamos responsabilidad por demoras (incluyendo entregas o servicios) causadas por circunstancias que escapen a nuestro control razonable y tendremos en tal caso derecho a una pr\u00f3rroga para su ejecuci\u00f3n; como ejemplo de estas circunstancias, pero sin car\u00e1cter limitativo, se incluyen huelgas, problemas de transporte, suministro o producci\u00f3n, fluctuaciones de tipos de cambio, acci\u00f3n gubernamental y desastres naturales. Si la causa durase m\u00e1s de 2 meses, este acuerdo podr\u00eda ser resuelto por cualquier parte, sin derecho a compensaci\u00f3n.<\/p>\n<p>JURISDICCI\u00d3N<br \/>\nLas presentes condiciones se regir\u00e1n por la ley espa\u00f1ola.<\/p>\n<p>Para la resoluci\u00f3n de cualesquiera dudas, discrepancias o divergencias que pudieran suscitarse en el cumplimiento e interpretaci\u00f3n de las presentes Condiciones de Ventas, las partes se someten a los Juzgados y Tribunales de la ciudad de Figueres, con renuncia a cualesquiera otras que pudiera ser aplicables.<\/p>\n","protected":false},"excerpt":{"rendered":"<p>CONDICIONES GENERALES DE VENTA *AMBITO DE APLICACI\u00d3N Estas Condiciones Generales son aplicables a los pedidos que usted efect\u00fae en SAIGA APLICACIONES HIDRAULICAS SL con domicilio social en CRTA. N-II KM.1,4. CP\/17771. Provincia \/ Gerona. Poblaci\u00f3n \/ SANTA ALQUIL\u00cdA DE \u00c1LGUEMA. Se incluye toda venta o servicio descritos en nuestros folletos, listas de precios, anuncios, presupuestos,&#8230;<\/p>\n","protected":false},"author":1,"featured_media":0,"parent":0,"menu_order":0,"comment_status":"closed","ping_status":"closed","template":"templates\/full-width.php","meta":{"footnotes":""},"class_list":["post-4674","page","type-page","status-publish","hentry"],"yoast_head":"<!-- This site is optimized with the Yoast SEO plugin v27.3 - https:\/\/yoast.com\/product\/yoast-seo-wordpress\/ -->\n<title>Condiciones de Venta | SAIGA<\/title>\n<meta name=\"robots\" content=\"noindex, nofollow\" \/>\n<meta property=\"og:locale\" content=\"es_ES\" \/>\n<meta property=\"og:type\" content=\"article\" \/>\n<meta property=\"og:title\" content=\"Condiciones de Venta | SAIGA\" \/>\n<meta property=\"og:description\" content=\"CONDICIONES GENERALES DE VENTA *AMBITO DE APLICACI\u00d3N Estas Condiciones Generales son aplicables a los pedidos que usted efect\u00fae en SAIGA APLICACIONES HIDRAULICAS SL con domicilio social en CRTA. N-II KM.1,4. CP\/17771. Provincia \/ Gerona. Poblaci\u00f3n \/ SANTA ALQUIL\u00cdA DE \u00c1LGUEMA. Se incluye toda venta o servicio descritos en nuestros folletos, listas de precios, anuncios, presupuestos,...\" \/>\n<meta property=\"og:url\" content=\"https:\/\/saiga.es\/es\/condiciones-de-venta\/\" \/>\n<meta property=\"og:site_name\" content=\"SAIGA\" \/>\n<meta property=\"og:image\" content=\"https:\/\/saiga.es\/wp-content\/uploads\/2023\/11\/opengraph_saiga.jpg\" \/>\n\t<meta property=\"og:image:width\" content=\"1200\" \/>\n\t<meta property=\"og:image:height\" content=\"627\" \/>\n\t<meta property=\"og:image:type\" content=\"image\/jpeg\" \/>\n<meta name=\"twitter:card\" content=\"summary_large_image\" \/>\n<meta name=\"twitter:site\" content=\"@saiga_agro\" \/>\n<meta name=\"twitter:label1\" content=\"Tiempo de lectura\" \/>\n\t<meta name=\"twitter:data1\" content=\"8 minutos\" \/>\n<script type=\"application\/ld+json\" class=\"yoast-schema-graph\">{\"@context\":\"https:\\\/\\\/schema.org\",\"@graph\":[{\"@type\":\"WebPage\",\"@id\":\"https:\\\/\\\/saiga.es\\\/es\\\/condiciones-de-venta\\\/\",\"url\":\"https:\\\/\\\/saiga.es\\\/es\\\/condiciones-de-venta\\\/\",\"name\":\"Condiciones de Venta | SAIGA\",\"isPartOf\":{\"@id\":\"https:\\\/\\\/saiga.es\\\/es\\\/#website\"},\"datePublished\":\"2018-11-20T15:03:43+00:00\",\"breadcrumb\":{\"@id\":\"https:\\\/\\\/saiga.es\\\/es\\\/condiciones-de-venta\\\/#breadcrumb\"},\"inLanguage\":\"es\",\"potentialAction\":[{\"@type\":\"ReadAction\",\"target\":[\"https:\\\/\\\/saiga.es\\\/es\\\/condiciones-de-venta\\\/\"]}]},{\"@type\":\"BreadcrumbList\",\"@id\":\"https:\\\/\\\/saiga.es\\\/es\\\/condiciones-de-venta\\\/#breadcrumb\",\"itemListElement\":[{\"@type\":\"ListItem\",\"position\":1,\"name\":\"Inici\",\"item\":\"https:\\\/\\\/saiga.es\\\/es\\\/\"},{\"@type\":\"ListItem\",\"position\":2,\"name\":\"Condiciones de Venta\"}]},{\"@type\":\"WebSite\",\"@id\":\"https:\\\/\\\/saiga.es\\\/es\\\/#website\",\"url\":\"https:\\\/\\\/saiga.es\\\/es\\\/\",\"name\":\"SAIGA\",\"description\":\"M\u00e9s de 50 anys al servei de la terra i treballant per a un \u00fas eficient de l\u2019aigua!\",\"publisher\":{\"@id\":\"https:\\\/\\\/saiga.es\\\/es\\\/#organization\"},\"potentialAction\":[{\"@type\":\"SearchAction\",\"target\":{\"@type\":\"EntryPoint\",\"urlTemplate\":\"https:\\\/\\\/saiga.es\\\/es\\\/?s={search_term_string}\"},\"query-input\":{\"@type\":\"PropertyValueSpecification\",\"valueRequired\":true,\"valueName\":\"search_term_string\"}}],\"inLanguage\":\"es\"},{\"@type\":\"Organization\",\"@id\":\"https:\\\/\\\/saiga.es\\\/es\\\/#organization\",\"name\":\"SAIGA\",\"url\":\"https:\\\/\\\/saiga.es\\\/es\\\/\",\"logo\":{\"@type\":\"ImageObject\",\"inLanguage\":\"es\",\"@id\":\"https:\\\/\\\/saiga.es\\\/es\\\/#\\\/schema\\\/logo\\\/image\\\/\",\"url\":\"https:\\\/\\\/saiga.es\\\/wp-content\\\/uploads\\\/2025\\\/07\\\/logo_saiga_baseline_optimitzat.svg\",\"contentUrl\":\"https:\\\/\\\/saiga.es\\\/wp-content\\\/uploads\\\/2025\\\/07\\\/logo_saiga_baseline_optimitzat.svg\",\"caption\":\"SAIGA\"},\"image\":{\"@id\":\"https:\\\/\\\/saiga.es\\\/es\\\/#\\\/schema\\\/logo\\\/image\\\/\"},\"sameAs\":[\"https:\\\/\\\/x.com\\\/saiga_agro\",\"https:\\\/\\\/www.instagram.com\\\/saiga_agro\\\/\"]}]}<\/script>\n<!-- \/ Yoast SEO plugin. -->","yoast_head_json":{"title":"Condiciones de Venta | SAIGA","robots":{"index":"noindex","follow":"nofollow"},"og_locale":"es_ES","og_type":"article","og_title":"Condiciones de Venta | SAIGA","og_description":"CONDICIONES GENERALES DE VENTA *AMBITO DE APLICACI\u00d3N Estas Condiciones Generales son aplicables a los pedidos que usted efect\u00fae en SAIGA APLICACIONES HIDRAULICAS SL con domicilio social en CRTA. N-II KM.1,4. CP\/17771. Provincia \/ Gerona. Poblaci\u00f3n \/ SANTA ALQUIL\u00cdA DE \u00c1LGUEMA. Se incluye toda venta o servicio descritos en nuestros folletos, listas de precios, anuncios, presupuestos,...","og_url":"https:\/\/saiga.es\/es\/condiciones-de-venta\/","og_site_name":"SAIGA","og_image":[{"width":1200,"height":627,"url":"https:\/\/saiga.es\/wp-content\/uploads\/2023\/11\/opengraph_saiga.jpg","type":"image\/jpeg"}],"twitter_card":"summary_large_image","twitter_site":"@saiga_agro","twitter_misc":{"Tiempo de lectura":"8 minutos"},"schema":{"@context":"https:\/\/schema.org","@graph":[{"@type":"WebPage","@id":"https:\/\/saiga.es\/es\/condiciones-de-venta\/","url":"https:\/\/saiga.es\/es\/condiciones-de-venta\/","name":"Condiciones de Venta | SAIGA","isPartOf":{"@id":"https:\/\/saiga.es\/es\/#website"},"datePublished":"2018-11-20T15:03:43+00:00","breadcrumb":{"@id":"https:\/\/saiga.es\/es\/condiciones-de-venta\/#breadcrumb"},"inLanguage":"es","potentialAction":[{"@type":"ReadAction","target":["https:\/\/saiga.es\/es\/condiciones-de-venta\/"]}]},{"@type":"BreadcrumbList","@id":"https:\/\/saiga.es\/es\/condiciones-de-venta\/#breadcrumb","itemListElement":[{"@type":"ListItem","position":1,"name":"Inici","item":"https:\/\/saiga.es\/es\/"},{"@type":"ListItem","position":2,"name":"Condiciones de Venta"}]},{"@type":"WebSite","@id":"https:\/\/saiga.es\/es\/#website","url":"https:\/\/saiga.es\/es\/","name":"SAIGA","description":"M\u00e9s de 50 anys al servei de la terra i treballant per a un \u00fas eficient de l\u2019aigua!","publisher":{"@id":"https:\/\/saiga.es\/es\/#organization"},"potentialAction":[{"@type":"SearchAction","target":{"@type":"EntryPoint","urlTemplate":"https:\/\/saiga.es\/es\/?s={search_term_string}"},"query-input":{"@type":"PropertyValueSpecification","valueRequired":true,"valueName":"search_term_string"}}],"inLanguage":"es"},{"@type":"Organization","@id":"https:\/\/saiga.es\/es\/#organization","name":"SAIGA","url":"https:\/\/saiga.es\/es\/","logo":{"@type":"ImageObject","inLanguage":"es","@id":"https:\/\/saiga.es\/es\/#\/schema\/logo\/image\/","url":"https:\/\/saiga.es\/wp-content\/uploads\/2025\/07\/logo_saiga_baseline_optimitzat.svg","contentUrl":"https:\/\/saiga.es\/wp-content\/uploads\/2025\/07\/logo_saiga_baseline_optimitzat.svg","caption":"SAIGA"},"image":{"@id":"https:\/\/saiga.es\/es\/#\/schema\/logo\/image\/"},"sameAs":["https:\/\/x.com\/saiga_agro","https:\/\/www.instagram.com\/saiga_agro\/"]}]}},"_links":{"self":[{"href":"https:\/\/saiga.es\/es\/wp-json\/wp\/v2\/pages\/4674","targetHints":{"allow":["GET"]}}],"collection":[{"href":"https:\/\/saiga.es\/es\/wp-json\/wp\/v2\/pages"}],"about":[{"href":"https:\/\/saiga.es\/es\/wp-json\/wp\/v2\/types\/page"}],"author":[{"embeddable":true,"href":"https:\/\/saiga.es\/es\/wp-json\/wp\/v2\/users\/1"}],"replies":[{"embeddable":true,"href":"https:\/\/saiga.es\/es\/wp-json\/wp\/v2\/comments?post=4674"}],"version-history":[{"count":0,"href":"https:\/\/saiga.es\/es\/wp-json\/wp\/v2\/pages\/4674\/revisions"}],"wp:attachment":[{"href":"https:\/\/saiga.es\/es\/wp-json\/wp\/v2\/media?parent=4674"}],"curies":[{"name":"wp","href":"https:\/\/api.w.org\/{rel}","templated":true}]}}