{"id":10044,"date":"2024-04-30T13:15:26","date_gmt":"2024-04-30T13:15:26","guid":{"rendered":"https:\/\/botiga.saiga.es\/producte\/trazador-fluorescente-amarillo\/"},"modified":"2024-04-30T13:15:26","modified_gmt":"2024-04-30T13:15:26","slug":"trazador-fluorescente-amarillo","status":"publish","type":"product","link":"https:\/\/saiga.es\/es\/producto\/trazador-fluorescente-amarillo\/","title":{"rendered":"Trazador fluorescente amarillo"},"content":{"rendered":"<p>Trazador fluorescente amarillo<\/p>\n<p>El marcador de construcci\u00f3n de <span class=\"hiddenSpellError\">Ceys<\/span> es una pintura fluorescente de se\u00f1alizaci\u00f3n temporal, de gran visibilidad y precisi\u00f3n. Aplicable a <span class=\"hiddenGreenError\" style=\"padding-bottom: 2px; background-image: url('..\/..\/..\/..\/..\/images\/squiggle_green.png'); background-repeat: repeat-x; background-position: left bottom; cursor: default; color: #000000; font-family: 'Open Sans', Helvetica, Arial, sans-serif; font-size: 16px; font-style: normal; font-variant-ligatures: normal; font-variant-caps: normal; font-weight: 300; letter-spacing: normal; orphans: 2; text-align: start; text-indent: 0px; text-transform: none; widows: 2; word-spacing: 0px; -webkit-text-stroke-width: 0px; white-space: normal; text-decoration-thickness: initial; text-decoration-style: initial; text-decoration-color: initial;\">todo tipo<\/span> de superficies, incluyendo las h\u00famedas. Puede aplicarse en cualquier posici\u00f3n y direcci\u00f3n, con un excelente poder de cobertura y resistencia a la intemperie ya los agentes atmosf\u00e9ricos, incluyendo la lluvia y los rayos UV hasta <span class=\"hiddenGreenError\">10<\/span> meses.<\/p>\n","protected":false},"excerpt":{"rendered":"<p>Trazador fluorescente amarillo<\/p>\n<p>El marcador de construcci\u00f3n de <span class=\"hiddenSpellError\">Ceys<\/span> es una pintura fluorescente de se\u00f1alizaci\u00f3n temporal, de gran visibilidad y precisi\u00f3n. Aplicable a <span class=\"hiddenGreenError\" style=\"padding-bottom: 2px; background-image: url('..\/..\/..\/..\/..\/images\/squiggle_green.png'); background-repeat: repeat-x; background-position: left bottom; cursor: default; color: #000000; font-family: 'Open Sans', Helvetica, Arial, sans-serif; font-size: 16px; font-style: normal; font-variant-ligatures: normal; font-variant-caps: normal; font-weight: 300; letter-spacing: normal; orphans: 2; text-align: start; text-indent: 0px; text-transform: none; widows: 2; word-spacing: 0px; -webkit-text-stroke-width: 0px; white-space: normal; text-decoration-thickness: initial; text-decoration-style: initial; text-decoration-color: initial;\">todo tipo<\/span> de superficies, incluyendo las h\u00famedas. Puede aplicarse en cualquier posici\u00f3n y direcci\u00f3n, con un excelente poder de cobertura y resistencia a la intemperie ya los agentes atmosf\u00e9ricos, incluyendo la lluvia y los rayos UV hasta <span class=\"hiddenGreenError\">10<\/span> meses.<\/p>\n","protected":false},"featured_media":10029,"comment_status":"open","ping_status":"closed","template":"","meta":[],"product_brand":[],"product_cat":[1326],"product_tag":[],"class_list":{"0":"post-10044","1":"product","2":"type-product","3":"status-publish","4":"has-post-thumbnail","6":"product_cat-bricolaje","8":"first","9":"instock","10":"taxable","11":"shipping-taxable","12":"purchasable","13":"product-type-simple"},"yoast_head":"<!-- This site is optimized with the Yoast SEO plugin v27.3 - https:\/\/yoast.com\/product\/yoast-seo-wordpress\/ -->\n<title>Trazador fluorescente amarillo | SAIGA<\/title>\n<meta name=\"description\" content=\"Pintura fluorescente de marcaje temporal con alta visibilidad para todo tipo de superficies hasta 10 meses de efectividad.\" \/>\n<meta name=\"robots\" content=\"index, follow, max-snippet:-1, max-image-preview:large, max-video-preview:-1\" \/>\n<link rel=\"canonical\" href=\"https:\/\/saiga.es\/es\/producto\/trazador-fluorescente-amarillo\/\" \/>\n<meta property=\"og:locale\" content=\"es_ES\" \/>\n<meta property=\"og:type\" content=\"article\" \/>\n<meta property=\"og:title\" content=\"Trazador fluorescente amarillo | SAIGA\" \/>\n<meta property=\"og:description\" content=\"Pintura fluorescente de marcaje temporal con alta visibilidad para todo tipo de superficies hasta 10 meses de efectividad.\" \/>\n<meta property=\"og:url\" content=\"https:\/\/saiga.es\/es\/producto\/trazador-fluorescente-amarillo\/\" \/>\n<meta property=\"og:site_name\" content=\"SAIGA\" \/>\n<meta property=\"og:image\" content=\"https:\/\/saiga.es\/wp-content\/uploads\/2024\/04\/71vr9Rsdfsdf0WxsS.jpg\" \/>\n\t<meta property=\"og:image:width\" content=\"1524\" \/>\n\t<meta property=\"og:image:height\" content=\"2232\" \/>\n\t<meta property=\"og:image:type\" content=\"image\/jpeg\" \/>\n<meta name=\"twitter:card\" content=\"summary_large_image\" \/>\n<meta name=\"twitter:site\" content=\"@saiga_agro\" \/>\n<script type=\"application\/ld+json\" class=\"yoast-schema-graph\">{\"@context\":\"https:\\\/\\\/schema.org\",\"@graph\":[{\"@type\":\"WebPage\",\"@id\":\"https:\\\/\\\/saiga.es\\\/es\\\/producto\\\/trazador-fluorescente-amarillo\\\/\",\"url\":\"https:\\\/\\\/saiga.es\\\/es\\\/producto\\\/trazador-fluorescente-amarillo\\\/\",\"name\":\"Trazador fluorescente amarillo | SAIGA\",\"isPartOf\":{\"@id\":\"https:\\\/\\\/saiga.es\\\/es\\\/#website\"},\"primaryImageOfPage\":{\"@id\":\"https:\\\/\\\/saiga.es\\\/es\\\/producto\\\/trazador-fluorescente-amarillo\\\/#primaryimage\"},\"image\":{\"@id\":\"https:\\\/\\\/saiga.es\\\/es\\\/producto\\\/trazador-fluorescente-amarillo\\\/#primaryimage\"},\"thumbnailUrl\":\"https:\\\/\\\/saiga.es\\\/wp-content\\\/uploads\\\/2024\\\/04\\\/71vr9Rsdfsdf0WxsS.jpg\",\"datePublished\":\"2024-04-30T13:15:26+00:00\",\"description\":\"Pintura fluorescente de marcaje temporal con alta visibilidad para todo tipo de superficies hasta 10 meses de efectividad.\",\"breadcrumb\":{\"@id\":\"https:\\\/\\\/saiga.es\\\/es\\\/producto\\\/trazador-fluorescente-amarillo\\\/#breadcrumb\"},\"inLanguage\":\"es\",\"potentialAction\":[{\"@type\":\"ReadAction\",\"target\":[\"https:\\\/\\\/saiga.es\\\/es\\\/producto\\\/trazador-fluorescente-amarillo\\\/\"]}]},{\"@type\":\"ImageObject\",\"inLanguage\":\"es\",\"@id\":\"https:\\\/\\\/saiga.es\\\/es\\\/producto\\\/trazador-fluorescente-amarillo\\\/#primaryimage\",\"url\":\"https:\\\/\\\/saiga.es\\\/wp-content\\\/uploads\\\/2024\\\/04\\\/71vr9Rsdfsdf0WxsS.jpg\",\"contentUrl\":\"https:\\\/\\\/saiga.es\\\/wp-content\\\/uploads\\\/2024\\\/04\\\/71vr9Rsdfsdf0WxsS.jpg\",\"width\":1524,\"height\":2232},{\"@type\":\"BreadcrumbList\",\"@id\":\"https:\\\/\\\/saiga.es\\\/es\\\/producto\\\/trazador-fluorescente-amarillo\\\/#breadcrumb\",\"itemListElement\":[{\"@type\":\"ListItem\",\"position\":1,\"name\":\"Inici\",\"item\":\"https:\\\/\\\/saiga.es\\\/es\\\/\"},{\"@type\":\"ListItem\",\"position\":2,\"name\":\"Tienda\",\"item\":\"https:\\\/\\\/saiga.es\\\/es\\\/tienda\\\/\"},{\"@type\":\"ListItem\",\"position\":3,\"name\":\"Trazador fluorescente amarillo\"}]},{\"@type\":\"WebSite\",\"@id\":\"https:\\\/\\\/saiga.es\\\/es\\\/#website\",\"url\":\"https:\\\/\\\/saiga.es\\\/es\\\/\",\"name\":\"SAIGA\",\"description\":\"M\u00e9s de 50 anys al servei de la terra i treballant per a un \u00fas eficient de l\u2019aigua!\",\"publisher\":{\"@id\":\"https:\\\/\\\/saiga.es\\\/es\\\/#organization\"},\"potentialAction\":[{\"@type\":\"SearchAction\",\"target\":{\"@type\":\"EntryPoint\",\"urlTemplate\":\"https:\\\/\\\/saiga.es\\\/es\\\/?s={search_term_string}\"},\"query-input\":{\"@type\":\"PropertyValueSpecification\",\"valueRequired\":true,\"valueName\":\"search_term_string\"}}],\"inLanguage\":\"es\"},{\"@type\":\"Organization\",\"@id\":\"https:\\\/\\\/saiga.es\\\/es\\\/#organization\",\"name\":\"SAIGA\",\"url\":\"https:\\\/\\\/saiga.es\\\/es\\\/\",\"logo\":{\"@type\":\"ImageObject\",\"inLanguage\":\"es\",\"@id\":\"https:\\\/\\\/saiga.es\\\/es\\\/#\\\/schema\\\/logo\\\/image\\\/\",\"url\":\"https:\\\/\\\/saiga.es\\\/wp-content\\\/uploads\\\/2025\\\/07\\\/logo_saiga_baseline_optimitzat.svg\",\"contentUrl\":\"https:\\\/\\\/saiga.es\\\/wp-content\\\/uploads\\\/2025\\\/07\\\/logo_saiga_baseline_optimitzat.svg\",\"caption\":\"SAIGA\"},\"image\":{\"@id\":\"https:\\\/\\\/saiga.es\\\/es\\\/#\\\/schema\\\/logo\\\/image\\\/\"},\"sameAs\":[\"https:\\\/\\\/x.com\\\/saiga_agro\",\"https:\\\/\\\/www.instagram.com\\\/saiga_agro\\\/\"]}]}<\/script>\n<!-- \/ Yoast SEO plugin. -->","yoast_head_json":{"title":"Trazador fluorescente amarillo | SAIGA","description":"Pintura fluorescente de marcaje temporal con alta visibilidad para todo tipo de superficies hasta 10 meses de efectividad.","robots":{"index":"index","follow":"follow","max-snippet":"max-snippet:-1","max-image-preview":"max-image-preview:large","max-video-preview":"max-video-preview:-1"},"canonical":"https:\/\/saiga.es\/es\/producto\/trazador-fluorescente-amarillo\/","og_locale":"es_ES","og_type":"article","og_title":"Trazador fluorescente amarillo | SAIGA","og_description":"Pintura fluorescente de marcaje temporal con alta visibilidad para todo tipo de superficies hasta 10 meses de efectividad.","og_url":"https:\/\/saiga.es\/es\/producto\/trazador-fluorescente-amarillo\/","og_site_name":"SAIGA","og_image":[{"width":1524,"height":2232,"url":"https:\/\/saiga.es\/wp-content\/uploads\/2024\/04\/71vr9Rsdfsdf0WxsS.jpg","type":"image\/jpeg"}],"twitter_card":"summary_large_image","twitter_site":"@saiga_agro","schema":{"@context":"https:\/\/schema.org","@graph":[{"@type":"WebPage","@id":"https:\/\/saiga.es\/es\/producto\/trazador-fluorescente-amarillo\/","url":"https:\/\/saiga.es\/es\/producto\/trazador-fluorescente-amarillo\/","name":"Trazador fluorescente amarillo | SAIGA","isPartOf":{"@id":"https:\/\/saiga.es\/es\/#website"},"primaryImageOfPage":{"@id":"https:\/\/saiga.es\/es\/producto\/trazador-fluorescente-amarillo\/#primaryimage"},"image":{"@id":"https:\/\/saiga.es\/es\/producto\/trazador-fluorescente-amarillo\/#primaryimage"},"thumbnailUrl":"https:\/\/saiga.es\/wp-content\/uploads\/2024\/04\/71vr9Rsdfsdf0WxsS.jpg","datePublished":"2024-04-30T13:15:26+00:00","description":"Pintura fluorescente de marcaje temporal con alta visibilidad para todo tipo de superficies hasta 10 meses de efectividad.","breadcrumb":{"@id":"https:\/\/saiga.es\/es\/producto\/trazador-fluorescente-amarillo\/#breadcrumb"},"inLanguage":"es","potentialAction":[{"@type":"ReadAction","target":["https:\/\/saiga.es\/es\/producto\/trazador-fluorescente-amarillo\/"]}]},{"@type":"ImageObject","inLanguage":"es","@id":"https:\/\/saiga.es\/es\/producto\/trazador-fluorescente-amarillo\/#primaryimage","url":"https:\/\/saiga.es\/wp-content\/uploads\/2024\/04\/71vr9Rsdfsdf0WxsS.jpg","contentUrl":"https:\/\/saiga.es\/wp-content\/uploads\/2024\/04\/71vr9Rsdfsdf0WxsS.jpg","width":1524,"height":2232},{"@type":"BreadcrumbList","@id":"https:\/\/saiga.es\/es\/producto\/trazador-fluorescente-amarillo\/#breadcrumb","itemListElement":[{"@type":"ListItem","position":1,"name":"Inici","item":"https:\/\/saiga.es\/es\/"},{"@type":"ListItem","position":2,"name":"Tienda","item":"https:\/\/saiga.es\/es\/tienda\/"},{"@type":"ListItem","position":3,"name":"Trazador fluorescente amarillo"}]},{"@type":"WebSite","@id":"https:\/\/saiga.es\/es\/#website","url":"https:\/\/saiga.es\/es\/","name":"SAIGA","description":"M\u00e9s de 50 anys al servei de la terra i treballant per a un \u00fas eficient de l\u2019aigua!","publisher":{"@id":"https:\/\/saiga.es\/es\/#organization"},"potentialAction":[{"@type":"SearchAction","target":{"@type":"EntryPoint","urlTemplate":"https:\/\/saiga.es\/es\/?s={search_term_string}"},"query-input":{"@type":"PropertyValueSpecification","valueRequired":true,"valueName":"search_term_string"}}],"inLanguage":"es"},{"@type":"Organization","@id":"https:\/\/saiga.es\/es\/#organization","name":"SAIGA","url":"https:\/\/saiga.es\/es\/","logo":{"@type":"ImageObject","inLanguage":"es","@id":"https:\/\/saiga.es\/es\/#\/schema\/logo\/image\/","url":"https:\/\/saiga.es\/wp-content\/uploads\/2025\/07\/logo_saiga_baseline_optimitzat.svg","contentUrl":"https:\/\/saiga.es\/wp-content\/uploads\/2025\/07\/logo_saiga_baseline_optimitzat.svg","caption":"SAIGA"},"image":{"@id":"https:\/\/saiga.es\/es\/#\/schema\/logo\/image\/"},"sameAs":["https:\/\/x.com\/saiga_agro","https:\/\/www.instagram.com\/saiga_agro\/"]}]}},"_links":{"self":[{"href":"https:\/\/saiga.es\/es\/wp-json\/wp\/v2\/product\/10044","targetHints":{"allow":["GET"]}}],"collection":[{"href":"https:\/\/saiga.es\/es\/wp-json\/wp\/v2\/product"}],"about":[{"href":"https:\/\/saiga.es\/es\/wp-json\/wp\/v2\/types\/product"}],"replies":[{"embeddable":true,"href":"https:\/\/saiga.es\/es\/wp-json\/wp\/v2\/comments?post=10044"}],"wp:featuredmedia":[{"embeddable":true,"href":"https:\/\/saiga.es\/es\/wp-json\/wp\/v2\/media\/10029"}],"wp:attachment":[{"href":"https:\/\/saiga.es\/es\/wp-json\/wp\/v2\/media?parent=10044"}],"wp:term":[{"taxonomy":"product_brand","embeddable":true,"href":"https:\/\/saiga.es\/es\/wp-json\/wp\/v2\/product_brand?post=10044"},{"taxonomy":"product_cat","embeddable":true,"href":"https:\/\/saiga.es\/es\/wp-json\/wp\/v2\/product_cat?post=10044"},{"taxonomy":"product_tag","embeddable":true,"href":"https:\/\/saiga.es\/es\/wp-json\/wp\/v2\/product_tag?post=10044"}],"curies":[{"name":"wp","href":"https:\/\/api.w.org\/{rel}","templated":true}]}}