{"id":10176,"date":"2024-05-20T10:13:43","date_gmt":"2024-05-20T10:13:43","guid":{"rendered":"https:\/\/botiga.saiga.es\/producte\/enlace-colzado-j-64\/"},"modified":"2025-10-31T11:02:47","modified_gmt":"2025-10-31T11:02:47","slug":"enlace-colzado-j-64","status":"publish","type":"product","link":"https:\/\/saiga.es\/es\/producto\/enlace-colzado-j-64\/","title":{"rendered":"Enlace codado J-64"},"content":{"rendered":"<p>Un enlace acodado J-64 es una conexi\u00f3n utilizada para unir dos tuber\u00edas o tubos en un \u00e1ngulo de 90 grados. Este tipo de conexi\u00f3n se utiliza ampliamente en sistemas de tuber\u00edas para permitir cambios de direcci\u00f3n del flujo de fluidos, ya sea en aplicaciones dom\u00e9sticas, industriales o de otros tipos.<\/p>\n","protected":false},"excerpt":{"rendered":"<p>Un enlace codado J-64 es una conexi\u00f3n utilizada para unir dos tuber\u00edas o tubos en un \u00e1ngulo que puede ser de distintos grados. Este tipo de conexi\u00f3n se utiliza ampliamente en sistemas de tuber\u00edas para permitir cambios de direcci\u00f3n del flujo de fluidos, ya sea en aplicaciones dom\u00e9sticas, industriales o de otros tipos.<\/p>\n","protected":false},"featured_media":15300,"comment_status":"open","ping_status":"closed","template":"","meta":[],"product_brand":[],"product_cat":[1455],"product_tag":[1060,1059,236,230],"class_list":{"0":"post-10176","1":"product","2":"type-product","3":"status-publish","4":"has-post-thumbnail","6":"product_cat-jimten","7":"product_tag-enlace","8":"product_tag-jimten-es","9":"product_tag-polietileno","10":"product_tag-union","12":"first","13":"instock","14":"taxable","15":"shipping-taxable","16":"purchasable","17":"product-type-variable"},"yoast_head":"<!-- This site is optimized with the Yoast SEO plugin v27.4 - https:\/\/yoast.com\/product\/yoast-seo-wordpress\/ -->\n<title>Enlace codado J-64 | SAIGA<\/title>\n<meta name=\"description\" content=\"Un enlace acodado J-64 es una conexi\u00f3n utilizada para unir dos tuber\u00edas o tubos en un \u00e1ngulo de 90 grados. Este tipo de conexi\u00f3n se utiliza ampliamente en sistemas de tuber\u00edas para permitir cambios de direcci\u00f3n del flujo de fluidos, ya sea en aplicaciones dom\u00e9sticas, industriales o de otros tipos.\" \/>\n<meta name=\"robots\" content=\"index, follow, max-snippet:-1, max-image-preview:large, max-video-preview:-1\" \/>\n<link rel=\"canonical\" href=\"https:\/\/saiga.es\/es\/producto\/enlace-colzado-j-64\/\" \/>\n<meta property=\"og:locale\" content=\"es_ES\" \/>\n<meta property=\"og:type\" content=\"article\" \/>\n<meta property=\"og:title\" content=\"Enlace codado J-64 | SAIGA\" \/>\n<meta property=\"og:description\" content=\"Un enlace acodado J-64 es una conexi\u00f3n utilizada para unir dos tuber\u00edas o tubos en un \u00e1ngulo de 90 grados. Este tipo de conexi\u00f3n se utiliza ampliamente en sistemas de tuber\u00edas para permitir cambios de direcci\u00f3n del flujo de fluidos, ya sea en aplicaciones dom\u00e9sticas, industriales o de otros tipos.\" \/>\n<meta property=\"og:url\" content=\"https:\/\/saiga.es\/es\/producto\/enlace-colzado-j-64\/\" \/>\n<meta property=\"og:site_name\" content=\"SAIGA\" \/>\n<meta property=\"article:modified_time\" content=\"2025-10-31T11:02:47+00:00\" \/>\n<meta property=\"og:image\" content=\"https:\/\/saiga.es\/wp-content\/uploads\/2024\/05\/Enllac-colzat-1.jpg\" \/>\n\t<meta property=\"og:image:width\" content=\"1080\" \/>\n\t<meta property=\"og:image:height\" content=\"1080\" \/>\n\t<meta property=\"og:image:type\" content=\"image\/jpeg\" \/>\n<meta name=\"twitter:card\" content=\"summary_large_image\" \/>\n<meta name=\"twitter:site\" content=\"@saiga_agro\" \/>\n<script type=\"application\/ld+json\" class=\"yoast-schema-graph\">{\"@context\":\"https:\\\/\\\/schema.org\",\"@graph\":[{\"@type\":\"WebPage\",\"@id\":\"https:\\\/\\\/saiga.es\\\/es\\\/producto\\\/enlace-colzado-j-64\\\/\",\"url\":\"https:\\\/\\\/saiga.es\\\/es\\\/producto\\\/enlace-colzado-j-64\\\/\",\"name\":\"Enlace codado J-64 | SAIGA\",\"isPartOf\":{\"@id\":\"https:\\\/\\\/saiga.es\\\/es\\\/#website\"},\"primaryImageOfPage\":{\"@id\":\"https:\\\/\\\/saiga.es\\\/es\\\/producto\\\/enlace-colzado-j-64\\\/#primaryimage\"},\"image\":{\"@id\":\"https:\\\/\\\/saiga.es\\\/es\\\/producto\\\/enlace-colzado-j-64\\\/#primaryimage\"},\"thumbnailUrl\":\"https:\\\/\\\/saiga.es\\\/wp-content\\\/uploads\\\/2024\\\/05\\\/Enllac-colzat-1.jpg\",\"datePublished\":\"2024-05-20T10:13:43+00:00\",\"dateModified\":\"2025-10-31T11:02:47+00:00\",\"description\":\"Un enlace acodado J-64 es una conexi\u00f3n utilizada para unir dos tuber\u00edas o tubos en un \u00e1ngulo de 90 grados. Este tipo de conexi\u00f3n se utiliza ampliamente en sistemas de tuber\u00edas para permitir cambios de direcci\u00f3n del flujo de fluidos, ya sea en aplicaciones dom\u00e9sticas, industriales o de otros tipos.\",\"breadcrumb\":{\"@id\":\"https:\\\/\\\/saiga.es\\\/es\\\/producto\\\/enlace-colzado-j-64\\\/#breadcrumb\"},\"inLanguage\":\"es\",\"potentialAction\":[{\"@type\":\"ReadAction\",\"target\":[\"https:\\\/\\\/saiga.es\\\/es\\\/producto\\\/enlace-colzado-j-64\\\/\"]}]},{\"@type\":\"ImageObject\",\"inLanguage\":\"es\",\"@id\":\"https:\\\/\\\/saiga.es\\\/es\\\/producto\\\/enlace-colzado-j-64\\\/#primaryimage\",\"url\":\"https:\\\/\\\/saiga.es\\\/wp-content\\\/uploads\\\/2024\\\/05\\\/Enllac-colzat-1.jpg\",\"contentUrl\":\"https:\\\/\\\/saiga.es\\\/wp-content\\\/uploads\\\/2024\\\/05\\\/Enllac-colzat-1.jpg\",\"width\":1080,\"height\":1080,\"caption\":\"Enlace codado\"},{\"@type\":\"BreadcrumbList\",\"@id\":\"https:\\\/\\\/saiga.es\\\/es\\\/producto\\\/enlace-colzado-j-64\\\/#breadcrumb\",\"itemListElement\":[{\"@type\":\"ListItem\",\"position\":1,\"name\":\"Inici\",\"item\":\"https:\\\/\\\/saiga.es\\\/es\\\/\"},{\"@type\":\"ListItem\",\"position\":2,\"name\":\"Tienda\",\"item\":\"https:\\\/\\\/saiga.es\\\/es\\\/tienda\\\/\"},{\"@type\":\"ListItem\",\"position\":3,\"name\":\"Enlace codado J-64\"}]},{\"@type\":\"WebSite\",\"@id\":\"https:\\\/\\\/saiga.es\\\/es\\\/#website\",\"url\":\"https:\\\/\\\/saiga.es\\\/es\\\/\",\"name\":\"SAIGA\",\"description\":\"M\u00e9s de 50 anys al servei de la terra i treballant per a un \u00fas eficient de l\u2019aigua!\",\"publisher\":{\"@id\":\"https:\\\/\\\/saiga.es\\\/es\\\/#organization\"},\"potentialAction\":[{\"@type\":\"SearchAction\",\"target\":{\"@type\":\"EntryPoint\",\"urlTemplate\":\"https:\\\/\\\/saiga.es\\\/es\\\/?s={search_term_string}\"},\"query-input\":{\"@type\":\"PropertyValueSpecification\",\"valueRequired\":true,\"valueName\":\"search_term_string\"}}],\"inLanguage\":\"es\"},{\"@type\":\"Organization\",\"@id\":\"https:\\\/\\\/saiga.es\\\/es\\\/#organization\",\"name\":\"SAIGA\",\"url\":\"https:\\\/\\\/saiga.es\\\/es\\\/\",\"logo\":{\"@type\":\"ImageObject\",\"inLanguage\":\"es\",\"@id\":\"https:\\\/\\\/saiga.es\\\/es\\\/#\\\/schema\\\/logo\\\/image\\\/\",\"url\":\"https:\\\/\\\/saiga.es\\\/wp-content\\\/uploads\\\/2025\\\/07\\\/logo_saiga_baseline_optimitzat.svg\",\"contentUrl\":\"https:\\\/\\\/saiga.es\\\/wp-content\\\/uploads\\\/2025\\\/07\\\/logo_saiga_baseline_optimitzat.svg\",\"caption\":\"SAIGA\"},\"image\":{\"@id\":\"https:\\\/\\\/saiga.es\\\/es\\\/#\\\/schema\\\/logo\\\/image\\\/\"},\"sameAs\":[\"https:\\\/\\\/x.com\\\/saiga_agro\",\"https:\\\/\\\/www.instagram.com\\\/saiga_agro\\\/\"]}]}<\/script>\n<!-- \/ Yoast SEO plugin. -->","yoast_head_json":{"title":"Enlace codado J-64 | SAIGA","description":"Un enlace acodado J-64 es una conexi\u00f3n utilizada para unir dos tuber\u00edas o tubos en un \u00e1ngulo de 90 grados. Este tipo de conexi\u00f3n se utiliza ampliamente en sistemas de tuber\u00edas para permitir cambios de direcci\u00f3n del flujo de fluidos, ya sea en aplicaciones dom\u00e9sticas, industriales o de otros tipos.","robots":{"index":"index","follow":"follow","max-snippet":"max-snippet:-1","max-image-preview":"max-image-preview:large","max-video-preview":"max-video-preview:-1"},"canonical":"https:\/\/saiga.es\/es\/producto\/enlace-colzado-j-64\/","og_locale":"es_ES","og_type":"article","og_title":"Enlace codado J-64 | SAIGA","og_description":"Un enlace acodado J-64 es una conexi\u00f3n utilizada para unir dos tuber\u00edas o tubos en un \u00e1ngulo de 90 grados. Este tipo de conexi\u00f3n se utiliza ampliamente en sistemas de tuber\u00edas para permitir cambios de direcci\u00f3n del flujo de fluidos, ya sea en aplicaciones dom\u00e9sticas, industriales o de otros tipos.","og_url":"https:\/\/saiga.es\/es\/producto\/enlace-colzado-j-64\/","og_site_name":"SAIGA","article_modified_time":"2025-10-31T11:02:47+00:00","og_image":[{"width":1080,"height":1080,"url":"https:\/\/saiga.es\/wp-content\/uploads\/2024\/05\/Enllac-colzat-1.jpg","type":"image\/jpeg"}],"twitter_card":"summary_large_image","twitter_site":"@saiga_agro","schema":{"@context":"https:\/\/schema.org","@graph":[{"@type":"WebPage","@id":"https:\/\/saiga.es\/es\/producto\/enlace-colzado-j-64\/","url":"https:\/\/saiga.es\/es\/producto\/enlace-colzado-j-64\/","name":"Enlace codado J-64 | SAIGA","isPartOf":{"@id":"https:\/\/saiga.es\/es\/#website"},"primaryImageOfPage":{"@id":"https:\/\/saiga.es\/es\/producto\/enlace-colzado-j-64\/#primaryimage"},"image":{"@id":"https:\/\/saiga.es\/es\/producto\/enlace-colzado-j-64\/#primaryimage"},"thumbnailUrl":"https:\/\/saiga.es\/wp-content\/uploads\/2024\/05\/Enllac-colzat-1.jpg","datePublished":"2024-05-20T10:13:43+00:00","dateModified":"2025-10-31T11:02:47+00:00","description":"Un enlace acodado J-64 es una conexi\u00f3n utilizada para unir dos tuber\u00edas o tubos en un \u00e1ngulo de 90 grados. Este tipo de conexi\u00f3n se utiliza ampliamente en sistemas de tuber\u00edas para permitir cambios de direcci\u00f3n del flujo de fluidos, ya sea en aplicaciones dom\u00e9sticas, industriales o de otros tipos.","breadcrumb":{"@id":"https:\/\/saiga.es\/es\/producto\/enlace-colzado-j-64\/#breadcrumb"},"inLanguage":"es","potentialAction":[{"@type":"ReadAction","target":["https:\/\/saiga.es\/es\/producto\/enlace-colzado-j-64\/"]}]},{"@type":"ImageObject","inLanguage":"es","@id":"https:\/\/saiga.es\/es\/producto\/enlace-colzado-j-64\/#primaryimage","url":"https:\/\/saiga.es\/wp-content\/uploads\/2024\/05\/Enllac-colzat-1.jpg","contentUrl":"https:\/\/saiga.es\/wp-content\/uploads\/2024\/05\/Enllac-colzat-1.jpg","width":1080,"height":1080,"caption":"Enlace codado"},{"@type":"BreadcrumbList","@id":"https:\/\/saiga.es\/es\/producto\/enlace-colzado-j-64\/#breadcrumb","itemListElement":[{"@type":"ListItem","position":1,"name":"Inici","item":"https:\/\/saiga.es\/es\/"},{"@type":"ListItem","position":2,"name":"Tienda","item":"https:\/\/saiga.es\/es\/tienda\/"},{"@type":"ListItem","position":3,"name":"Enlace codado J-64"}]},{"@type":"WebSite","@id":"https:\/\/saiga.es\/es\/#website","url":"https:\/\/saiga.es\/es\/","name":"SAIGA","description":"M\u00e9s de 50 anys al servei de la terra i treballant per a un \u00fas eficient de l\u2019aigua!","publisher":{"@id":"https:\/\/saiga.es\/es\/#organization"},"potentialAction":[{"@type":"SearchAction","target":{"@type":"EntryPoint","urlTemplate":"https:\/\/saiga.es\/es\/?s={search_term_string}"},"query-input":{"@type":"PropertyValueSpecification","valueRequired":true,"valueName":"search_term_string"}}],"inLanguage":"es"},{"@type":"Organization","@id":"https:\/\/saiga.es\/es\/#organization","name":"SAIGA","url":"https:\/\/saiga.es\/es\/","logo":{"@type":"ImageObject","inLanguage":"es","@id":"https:\/\/saiga.es\/es\/#\/schema\/logo\/image\/","url":"https:\/\/saiga.es\/wp-content\/uploads\/2025\/07\/logo_saiga_baseline_optimitzat.svg","contentUrl":"https:\/\/saiga.es\/wp-content\/uploads\/2025\/07\/logo_saiga_baseline_optimitzat.svg","caption":"SAIGA"},"image":{"@id":"https:\/\/saiga.es\/es\/#\/schema\/logo\/image\/"},"sameAs":["https:\/\/x.com\/saiga_agro","https:\/\/www.instagram.com\/saiga_agro\/"]}]}},"_links":{"self":[{"href":"https:\/\/saiga.es\/es\/wp-json\/wp\/v2\/product\/10176","targetHints":{"allow":["GET"]}}],"collection":[{"href":"https:\/\/saiga.es\/es\/wp-json\/wp\/v2\/product"}],"about":[{"href":"https:\/\/saiga.es\/es\/wp-json\/wp\/v2\/types\/product"}],"replies":[{"embeddable":true,"href":"https:\/\/saiga.es\/es\/wp-json\/wp\/v2\/comments?post=10176"}],"wp:featuredmedia":[{"embeddable":true,"href":"https:\/\/saiga.es\/es\/wp-json\/wp\/v2\/media\/15300"}],"wp:attachment":[{"href":"https:\/\/saiga.es\/es\/wp-json\/wp\/v2\/media?parent=10176"}],"wp:term":[{"taxonomy":"product_brand","embeddable":true,"href":"https:\/\/saiga.es\/es\/wp-json\/wp\/v2\/product_brand?post=10176"},{"taxonomy":"product_cat","embeddable":true,"href":"https:\/\/saiga.es\/es\/wp-json\/wp\/v2\/product_cat?post=10176"},{"taxonomy":"product_tag","embeddable":true,"href":"https:\/\/saiga.es\/es\/wp-json\/wp\/v2\/product_tag?post=10176"}],"curies":[{"name":"wp","href":"https:\/\/api.w.org\/{rel}","templated":true}]}}