{"id":10204,"date":"2024-05-20T10:50:24","date_gmt":"2024-05-20T10:50:24","guid":{"rendered":"https:\/\/botiga.saiga.es\/producte\/enlace-reducido-j-68\/"},"modified":"2024-05-20T10:50:24","modified_gmt":"2024-05-20T10:50:24","slug":"enlace-reducido-j-68","status":"publish","type":"product","link":"https:\/\/saiga.es\/es\/producto\/enlace-reducido-j-68\/","title":{"rendered":"Enlace reducido J-68"},"content":{"rendered":"<p>Un enlace reducido J-68 de polietileno es un tipo de conexi\u00f3n utilizado para unir dos tuber\u00edas de distintos di\u00e1metros dentro de un sistema de tuber\u00edas.<\/p>\n","protected":false},"excerpt":{"rendered":"<p>Un enlace de reducido J-68 de polietileno es un tipo de conexi\u00f3n utilizado para unir dos tuber\u00edas de distintos di\u00e1metros dentro de un sistema de tuber\u00edas. Este tipo de conexi\u00f3n es especialmente \u00fatil en sistemas en los que se necesita cambiar el tama\u00f1o de la tuber\u00eda para adaptarse a diferentes requisitos de flujo o presi\u00f3n.<\/p>\n","protected":false},"featured_media":10195,"comment_status":"closed","ping_status":"closed","template":"","meta":[],"product_brand":[],"product_cat":[1455],"product_tag":[1442],"class_list":{"0":"post-10204","1":"product","2":"type-product","3":"status-publish","4":"has-post-thumbnail","6":"product_cat-jimten","7":"product_tag-enlace-reduccion-polietileno","9":"first","10":"instock","11":"taxable","12":"shipping-taxable","13":"purchasable","14":"product-type-variable"},"yoast_head":"<!-- This site is optimized with the Yoast SEO plugin v27.4 - https:\/\/yoast.com\/product\/yoast-seo-wordpress\/ -->\n<title>Enlace reducido J-68 | SAIGA<\/title>\n<meta name=\"description\" content=\"Un enlace de reducido J-68 de polietileno es un tipo de conexi\u00f3n utilizado para unir dos tuber\u00edas de distintos di\u00e1metros dentro de un sistema de tuber\u00edas.\" \/>\n<meta name=\"robots\" content=\"index, follow, max-snippet:-1, max-image-preview:large, max-video-preview:-1\" \/>\n<link rel=\"canonical\" href=\"https:\/\/saiga.es\/es\/producto\/enlace-reducido-j-68\/\" \/>\n<meta property=\"og:locale\" content=\"es_ES\" \/>\n<meta property=\"og:type\" content=\"article\" \/>\n<meta property=\"og:title\" content=\"Enlace reducido J-68 | SAIGA\" \/>\n<meta property=\"og:description\" content=\"Un enlace de reducido J-68 de polietileno es un tipo de conexi\u00f3n utilizado para unir dos tuber\u00edas de distintos di\u00e1metros dentro de un sistema de tuber\u00edas.\" \/>\n<meta property=\"og:url\" content=\"https:\/\/saiga.es\/es\/producto\/enlace-reducido-j-68\/\" \/>\n<meta property=\"og:site_name\" content=\"SAIGA\" \/>\n<meta property=\"og:image\" content=\"https:\/\/saiga.es\/wp-content\/uploads\/2024\/05\/Enllac-reduit.jpg\" \/>\n\t<meta property=\"og:image:width\" content=\"800\" \/>\n\t<meta property=\"og:image:height\" content=\"800\" \/>\n\t<meta property=\"og:image:type\" content=\"image\/jpeg\" \/>\n<meta name=\"twitter:card\" content=\"summary_large_image\" \/>\n<meta name=\"twitter:site\" content=\"@saiga_agro\" \/>\n<script type=\"application\/ld+json\" class=\"yoast-schema-graph\">{\"@context\":\"https:\\\/\\\/schema.org\",\"@graph\":[{\"@type\":\"WebPage\",\"@id\":\"https:\\\/\\\/saiga.es\\\/es\\\/producto\\\/enlace-reducido-j-68\\\/\",\"url\":\"https:\\\/\\\/saiga.es\\\/es\\\/producto\\\/enlace-reducido-j-68\\\/\",\"name\":\"Enlace reducido J-68 | SAIGA\",\"isPartOf\":{\"@id\":\"https:\\\/\\\/saiga.es\\\/es\\\/#website\"},\"primaryImageOfPage\":{\"@id\":\"https:\\\/\\\/saiga.es\\\/es\\\/producto\\\/enlace-reducido-j-68\\\/#primaryimage\"},\"image\":{\"@id\":\"https:\\\/\\\/saiga.es\\\/es\\\/producto\\\/enlace-reducido-j-68\\\/#primaryimage\"},\"thumbnailUrl\":\"https:\\\/\\\/saiga.es\\\/wp-content\\\/uploads\\\/2024\\\/05\\\/Enllac-reduit.jpg\",\"datePublished\":\"2024-05-20T10:50:24+00:00\",\"description\":\"Un enlace de reducido J-68 de polietileno es un tipo de conexi\u00f3n utilizado para unir dos tuber\u00edas de distintos di\u00e1metros dentro de un sistema de tuber\u00edas.\",\"breadcrumb\":{\"@id\":\"https:\\\/\\\/saiga.es\\\/es\\\/producto\\\/enlace-reducido-j-68\\\/#breadcrumb\"},\"inLanguage\":\"es\",\"potentialAction\":[{\"@type\":\"ReadAction\",\"target\":[\"https:\\\/\\\/saiga.es\\\/es\\\/producto\\\/enlace-reducido-j-68\\\/\"]}]},{\"@type\":\"ImageObject\",\"inLanguage\":\"es\",\"@id\":\"https:\\\/\\\/saiga.es\\\/es\\\/producto\\\/enlace-reducido-j-68\\\/#primaryimage\",\"url\":\"https:\\\/\\\/saiga.es\\\/wp-content\\\/uploads\\\/2024\\\/05\\\/Enllac-reduit.jpg\",\"contentUrl\":\"https:\\\/\\\/saiga.es\\\/wp-content\\\/uploads\\\/2024\\\/05\\\/Enllac-reduit.jpg\",\"width\":800,\"height\":800,\"caption\":\"Enlace reducido.\"},{\"@type\":\"BreadcrumbList\",\"@id\":\"https:\\\/\\\/saiga.es\\\/es\\\/producto\\\/enlace-reducido-j-68\\\/#breadcrumb\",\"itemListElement\":[{\"@type\":\"ListItem\",\"position\":1,\"name\":\"Inici\",\"item\":\"https:\\\/\\\/saiga.es\\\/es\\\/\"},{\"@type\":\"ListItem\",\"position\":2,\"name\":\"Tienda\",\"item\":\"https:\\\/\\\/saiga.es\\\/es\\\/tienda\\\/\"},{\"@type\":\"ListItem\",\"position\":3,\"name\":\"Enlace reducido J-68\"}]},{\"@type\":\"WebSite\",\"@id\":\"https:\\\/\\\/saiga.es\\\/es\\\/#website\",\"url\":\"https:\\\/\\\/saiga.es\\\/es\\\/\",\"name\":\"SAIGA\",\"description\":\"M\u00e9s de 50 anys al servei de la terra i treballant per a un \u00fas eficient de l\u2019aigua!\",\"publisher\":{\"@id\":\"https:\\\/\\\/saiga.es\\\/es\\\/#organization\"},\"potentialAction\":[{\"@type\":\"SearchAction\",\"target\":{\"@type\":\"EntryPoint\",\"urlTemplate\":\"https:\\\/\\\/saiga.es\\\/es\\\/?s={search_term_string}\"},\"query-input\":{\"@type\":\"PropertyValueSpecification\",\"valueRequired\":true,\"valueName\":\"search_term_string\"}}],\"inLanguage\":\"es\"},{\"@type\":\"Organization\",\"@id\":\"https:\\\/\\\/saiga.es\\\/es\\\/#organization\",\"name\":\"SAIGA\",\"url\":\"https:\\\/\\\/saiga.es\\\/es\\\/\",\"logo\":{\"@type\":\"ImageObject\",\"inLanguage\":\"es\",\"@id\":\"https:\\\/\\\/saiga.es\\\/es\\\/#\\\/schema\\\/logo\\\/image\\\/\",\"url\":\"https:\\\/\\\/saiga.es\\\/wp-content\\\/uploads\\\/2025\\\/07\\\/logo_saiga_baseline_optimitzat.svg\",\"contentUrl\":\"https:\\\/\\\/saiga.es\\\/wp-content\\\/uploads\\\/2025\\\/07\\\/logo_saiga_baseline_optimitzat.svg\",\"caption\":\"SAIGA\"},\"image\":{\"@id\":\"https:\\\/\\\/saiga.es\\\/es\\\/#\\\/schema\\\/logo\\\/image\\\/\"},\"sameAs\":[\"https:\\\/\\\/x.com\\\/saiga_agro\",\"https:\\\/\\\/www.instagram.com\\\/saiga_agro\\\/\"]}]}<\/script>\n<!-- \/ Yoast SEO plugin. -->","yoast_head_json":{"title":"Enlace reducido J-68 | SAIGA","description":"Un enlace de reducido J-68 de polietileno es un tipo de conexi\u00f3n utilizado para unir dos tuber\u00edas de distintos di\u00e1metros dentro de un sistema de tuber\u00edas.","robots":{"index":"index","follow":"follow","max-snippet":"max-snippet:-1","max-image-preview":"max-image-preview:large","max-video-preview":"max-video-preview:-1"},"canonical":"https:\/\/saiga.es\/es\/producto\/enlace-reducido-j-68\/","og_locale":"es_ES","og_type":"article","og_title":"Enlace reducido J-68 | SAIGA","og_description":"Un enlace de reducido J-68 de polietileno es un tipo de conexi\u00f3n utilizado para unir dos tuber\u00edas de distintos di\u00e1metros dentro de un sistema de tuber\u00edas.","og_url":"https:\/\/saiga.es\/es\/producto\/enlace-reducido-j-68\/","og_site_name":"SAIGA","og_image":[{"width":800,"height":800,"url":"https:\/\/saiga.es\/wp-content\/uploads\/2024\/05\/Enllac-reduit.jpg","type":"image\/jpeg"}],"twitter_card":"summary_large_image","twitter_site":"@saiga_agro","schema":{"@context":"https:\/\/schema.org","@graph":[{"@type":"WebPage","@id":"https:\/\/saiga.es\/es\/producto\/enlace-reducido-j-68\/","url":"https:\/\/saiga.es\/es\/producto\/enlace-reducido-j-68\/","name":"Enlace reducido J-68 | SAIGA","isPartOf":{"@id":"https:\/\/saiga.es\/es\/#website"},"primaryImageOfPage":{"@id":"https:\/\/saiga.es\/es\/producto\/enlace-reducido-j-68\/#primaryimage"},"image":{"@id":"https:\/\/saiga.es\/es\/producto\/enlace-reducido-j-68\/#primaryimage"},"thumbnailUrl":"https:\/\/saiga.es\/wp-content\/uploads\/2024\/05\/Enllac-reduit.jpg","datePublished":"2024-05-20T10:50:24+00:00","description":"Un enlace de reducido J-68 de polietileno es un tipo de conexi\u00f3n utilizado para unir dos tuber\u00edas de distintos di\u00e1metros dentro de un sistema de tuber\u00edas.","breadcrumb":{"@id":"https:\/\/saiga.es\/es\/producto\/enlace-reducido-j-68\/#breadcrumb"},"inLanguage":"es","potentialAction":[{"@type":"ReadAction","target":["https:\/\/saiga.es\/es\/producto\/enlace-reducido-j-68\/"]}]},{"@type":"ImageObject","inLanguage":"es","@id":"https:\/\/saiga.es\/es\/producto\/enlace-reducido-j-68\/#primaryimage","url":"https:\/\/saiga.es\/wp-content\/uploads\/2024\/05\/Enllac-reduit.jpg","contentUrl":"https:\/\/saiga.es\/wp-content\/uploads\/2024\/05\/Enllac-reduit.jpg","width":800,"height":800,"caption":"Enlace reducido."},{"@type":"BreadcrumbList","@id":"https:\/\/saiga.es\/es\/producto\/enlace-reducido-j-68\/#breadcrumb","itemListElement":[{"@type":"ListItem","position":1,"name":"Inici","item":"https:\/\/saiga.es\/es\/"},{"@type":"ListItem","position":2,"name":"Tienda","item":"https:\/\/saiga.es\/es\/tienda\/"},{"@type":"ListItem","position":3,"name":"Enlace reducido J-68"}]},{"@type":"WebSite","@id":"https:\/\/saiga.es\/es\/#website","url":"https:\/\/saiga.es\/es\/","name":"SAIGA","description":"M\u00e9s de 50 anys al servei de la terra i treballant per a un \u00fas eficient de l\u2019aigua!","publisher":{"@id":"https:\/\/saiga.es\/es\/#organization"},"potentialAction":[{"@type":"SearchAction","target":{"@type":"EntryPoint","urlTemplate":"https:\/\/saiga.es\/es\/?s={search_term_string}"},"query-input":{"@type":"PropertyValueSpecification","valueRequired":true,"valueName":"search_term_string"}}],"inLanguage":"es"},{"@type":"Organization","@id":"https:\/\/saiga.es\/es\/#organization","name":"SAIGA","url":"https:\/\/saiga.es\/es\/","logo":{"@type":"ImageObject","inLanguage":"es","@id":"https:\/\/saiga.es\/es\/#\/schema\/logo\/image\/","url":"https:\/\/saiga.es\/wp-content\/uploads\/2025\/07\/logo_saiga_baseline_optimitzat.svg","contentUrl":"https:\/\/saiga.es\/wp-content\/uploads\/2025\/07\/logo_saiga_baseline_optimitzat.svg","caption":"SAIGA"},"image":{"@id":"https:\/\/saiga.es\/es\/#\/schema\/logo\/image\/"},"sameAs":["https:\/\/x.com\/saiga_agro","https:\/\/www.instagram.com\/saiga_agro\/"]}]}},"_links":{"self":[{"href":"https:\/\/saiga.es\/es\/wp-json\/wp\/v2\/product\/10204","targetHints":{"allow":["GET"]}}],"collection":[{"href":"https:\/\/saiga.es\/es\/wp-json\/wp\/v2\/product"}],"about":[{"href":"https:\/\/saiga.es\/es\/wp-json\/wp\/v2\/types\/product"}],"replies":[{"embeddable":true,"href":"https:\/\/saiga.es\/es\/wp-json\/wp\/v2\/comments?post=10204"}],"wp:featuredmedia":[{"embeddable":true,"href":"https:\/\/saiga.es\/es\/wp-json\/wp\/v2\/media\/10195"}],"wp:attachment":[{"href":"https:\/\/saiga.es\/es\/wp-json\/wp\/v2\/media?parent=10204"}],"wp:term":[{"taxonomy":"product_brand","embeddable":true,"href":"https:\/\/saiga.es\/es\/wp-json\/wp\/v2\/product_brand?post=10204"},{"taxonomy":"product_cat","embeddable":true,"href":"https:\/\/saiga.es\/es\/wp-json\/wp\/v2\/product_cat?post=10204"},{"taxonomy":"product_tag","embeddable":true,"href":"https:\/\/saiga.es\/es\/wp-json\/wp\/v2\/product_tag?post=10204"}],"curies":[{"name":"wp","href":"https:\/\/api.w.org\/{rel}","templated":true}]}}