{"id":10460,"date":"2024-04-23T09:49:48","date_gmt":"2024-04-23T09:49:48","guid":{"rendered":"https:\/\/botiga.saiga.es\/producte\/cinta-adhesiva-doble-cara-2m-x-15mm\/"},"modified":"2024-04-23T09:49:48","modified_gmt":"2024-04-23T09:49:48","slug":"cinta-adhesiva-doble-cara-2m-x-15mm","status":"publish","type":"product","link":"https:\/\/saiga.es\/es\/producto\/cinta-adhesiva-doble-cara-2m-x-15mm\/","title":{"rendered":"Cinta adhesiva doble cara 2m x 15mm"},"content":{"rendered":"<p>Cinta adhesiva doble cara 2m x 15mm<\/p>\n<p>Cinta de montaje de doble cara con adhesivo total inmediato y adhesi\u00f3n ultra fuerte, con una malla de refuerzo de alta resistencia. Fija materiales porosos y no porosos en superficies planas y ligeramente rugosas, tanto en el interior como en el exterior: gu\u00edas para cables, se\u00f1alizaci\u00f3n, placas de identificaci\u00f3n, sistemas de alarma, cajas de electricidad, espejos, accesorios de ba\u00f1o, utensilios de cocina, etc. Para materiales como madera, hormig\u00f3n, yeso, ladrillo, vidrio, espejo, piedra, m\u00e1rmol, baldosas, poliestireno, pl\u00e1stico, corcho y metal.<\/p>\n","protected":false},"excerpt":{"rendered":"<p>Cinta adhesiva doble cara 2m x 15mm<\/p>\n<p>Cinta de montaje de doble cara con adhesivo total inmediato y adhesi\u00f3n ultra fuerte, con una malla de refuerzo de alta resistencia. Fija materiales porosos y no porosos en superficies planas y ligeramente rugosas, tanto en el interior como en el exterior: gu\u00edas para cables, se\u00f1alizaci\u00f3n, placas de identificaci\u00f3n, sistemas de alarma, cajas de electricidad, espejos, accesorios de ba\u00f1o, utensilios de cocina, etc. Para materiales como madera, hormig\u00f3n, yeso, ladrillo, vidrio, espejo, piedra, m\u00e1rmol, baldosas, poliestireno, pl\u00e1stico, corcho y metal.<\/p>\n","protected":false},"featured_media":9903,"comment_status":"open","ping_status":"closed","template":"","meta":[],"product_brand":[],"product_cat":[1326],"product_tag":[],"class_list":{"0":"post-10460","1":"product","2":"type-product","3":"status-publish","4":"has-post-thumbnail","6":"product_cat-bricolaje","8":"first","9":"instock","10":"taxable","11":"shipping-taxable","12":"purchasable","13":"product-type-simple"},"yoast_head":"<!-- This site is optimized with the Yoast SEO plugin v27.3 - https:\/\/yoast.com\/product\/yoast-seo-wordpress\/ -->\n<title>Cinta adhesiva doble cara 2m x 15mm | SAIGA<\/title>\n<meta name=\"description\" content=\"Cinta doble cara ultrafuerte con adhesivo instant\u00e1neo para montaje en m\u00faltiples materiales y superficies, tanto interiores como exteriores.\" \/>\n<meta name=\"robots\" content=\"index, follow, max-snippet:-1, max-image-preview:large, max-video-preview:-1\" \/>\n<link rel=\"canonical\" href=\"https:\/\/saiga.es\/es\/producto\/cinta-adhesiva-doble-cara-2m-x-15mm\/\" \/>\n<meta property=\"og:locale\" content=\"es_ES\" \/>\n<meta property=\"og:type\" content=\"article\" \/>\n<meta property=\"og:title\" content=\"Cinta adhesiva doble cara 2m x 15mm | SAIGA\" \/>\n<meta property=\"og:description\" content=\"Cinta doble cara ultrafuerte con adhesivo instant\u00e1neo para montaje en m\u00faltiples materiales y superficies, tanto interiores como exteriores.\" \/>\n<meta property=\"og:url\" content=\"https:\/\/saiga.es\/es\/producto\/cinta-adhesiva-doble-cara-2m-x-15mm\/\" \/>\n<meta property=\"og:site_name\" content=\"SAIGA\" \/>\n<meta property=\"og:image\" content=\"https:\/\/saiga.es\/wp-content\/uploads\/2024\/04\/ceys-montack-cinta-blister-507240.jpg\" \/>\n\t<meta property=\"og:image:width\" content=\"1100\" \/>\n\t<meta property=\"og:image:height\" content=\"1422\" \/>\n\t<meta property=\"og:image:type\" content=\"image\/jpeg\" \/>\n<meta name=\"twitter:card\" content=\"summary_large_image\" \/>\n<meta name=\"twitter:site\" content=\"@saiga_agro\" \/>\n<script type=\"application\/ld+json\" class=\"yoast-schema-graph\">{\"@context\":\"https:\\\/\\\/schema.org\",\"@graph\":[{\"@type\":\"WebPage\",\"@id\":\"https:\\\/\\\/saiga.es\\\/es\\\/producto\\\/cinta-adhesiva-doble-cara-2m-x-15mm\\\/\",\"url\":\"https:\\\/\\\/saiga.es\\\/es\\\/producto\\\/cinta-adhesiva-doble-cara-2m-x-15mm\\\/\",\"name\":\"Cinta adhesiva doble cara 2m x 15mm | SAIGA\",\"isPartOf\":{\"@id\":\"https:\\\/\\\/saiga.es\\\/es\\\/#website\"},\"primaryImageOfPage\":{\"@id\":\"https:\\\/\\\/saiga.es\\\/es\\\/producto\\\/cinta-adhesiva-doble-cara-2m-x-15mm\\\/#primaryimage\"},\"image\":{\"@id\":\"https:\\\/\\\/saiga.es\\\/es\\\/producto\\\/cinta-adhesiva-doble-cara-2m-x-15mm\\\/#primaryimage\"},\"thumbnailUrl\":\"https:\\\/\\\/saiga.es\\\/wp-content\\\/uploads\\\/2024\\\/04\\\/ceys-montack-cinta-blister-507240.jpg\",\"datePublished\":\"2024-04-23T09:49:48+00:00\",\"description\":\"Cinta doble cara ultrafuerte con adhesivo instant\u00e1neo para montaje en m\u00faltiples materiales y superficies, tanto interiores como exteriores.\",\"breadcrumb\":{\"@id\":\"https:\\\/\\\/saiga.es\\\/es\\\/producto\\\/cinta-adhesiva-doble-cara-2m-x-15mm\\\/#breadcrumb\"},\"inLanguage\":\"es\",\"potentialAction\":[{\"@type\":\"ReadAction\",\"target\":[\"https:\\\/\\\/saiga.es\\\/es\\\/producto\\\/cinta-adhesiva-doble-cara-2m-x-15mm\\\/\"]}]},{\"@type\":\"ImageObject\",\"inLanguage\":\"es\",\"@id\":\"https:\\\/\\\/saiga.es\\\/es\\\/producto\\\/cinta-adhesiva-doble-cara-2m-x-15mm\\\/#primaryimage\",\"url\":\"https:\\\/\\\/saiga.es\\\/wp-content\\\/uploads\\\/2024\\\/04\\\/ceys-montack-cinta-blister-507240.jpg\",\"contentUrl\":\"https:\\\/\\\/saiga.es\\\/wp-content\\\/uploads\\\/2024\\\/04\\\/ceys-montack-cinta-blister-507240.jpg\",\"width\":1100,\"height\":1422},{\"@type\":\"BreadcrumbList\",\"@id\":\"https:\\\/\\\/saiga.es\\\/es\\\/producto\\\/cinta-adhesiva-doble-cara-2m-x-15mm\\\/#breadcrumb\",\"itemListElement\":[{\"@type\":\"ListItem\",\"position\":1,\"name\":\"Inici\",\"item\":\"https:\\\/\\\/saiga.es\\\/es\\\/\"},{\"@type\":\"ListItem\",\"position\":2,\"name\":\"Tienda\",\"item\":\"https:\\\/\\\/saiga.es\\\/es\\\/tienda\\\/\"},{\"@type\":\"ListItem\",\"position\":3,\"name\":\"Cinta adhesiva doble cara 2m x 15mm\"}]},{\"@type\":\"WebSite\",\"@id\":\"https:\\\/\\\/saiga.es\\\/es\\\/#website\",\"url\":\"https:\\\/\\\/saiga.es\\\/es\\\/\",\"name\":\"SAIGA\",\"description\":\"M\u00e9s de 50 anys al servei de la terra i treballant per a un \u00fas eficient de l\u2019aigua!\",\"publisher\":{\"@id\":\"https:\\\/\\\/saiga.es\\\/es\\\/#organization\"},\"potentialAction\":[{\"@type\":\"SearchAction\",\"target\":{\"@type\":\"EntryPoint\",\"urlTemplate\":\"https:\\\/\\\/saiga.es\\\/es\\\/?s={search_term_string}\"},\"query-input\":{\"@type\":\"PropertyValueSpecification\",\"valueRequired\":true,\"valueName\":\"search_term_string\"}}],\"inLanguage\":\"es\"},{\"@type\":\"Organization\",\"@id\":\"https:\\\/\\\/saiga.es\\\/es\\\/#organization\",\"name\":\"SAIGA\",\"url\":\"https:\\\/\\\/saiga.es\\\/es\\\/\",\"logo\":{\"@type\":\"ImageObject\",\"inLanguage\":\"es\",\"@id\":\"https:\\\/\\\/saiga.es\\\/es\\\/#\\\/schema\\\/logo\\\/image\\\/\",\"url\":\"https:\\\/\\\/saiga.es\\\/wp-content\\\/uploads\\\/2025\\\/07\\\/logo_saiga_baseline_optimitzat.svg\",\"contentUrl\":\"https:\\\/\\\/saiga.es\\\/wp-content\\\/uploads\\\/2025\\\/07\\\/logo_saiga_baseline_optimitzat.svg\",\"caption\":\"SAIGA\"},\"image\":{\"@id\":\"https:\\\/\\\/saiga.es\\\/es\\\/#\\\/schema\\\/logo\\\/image\\\/\"},\"sameAs\":[\"https:\\\/\\\/x.com\\\/saiga_agro\",\"https:\\\/\\\/www.instagram.com\\\/saiga_agro\\\/\"]}]}<\/script>\n<!-- \/ Yoast SEO plugin. -->","yoast_head_json":{"title":"Cinta adhesiva doble cara 2m x 15mm | SAIGA","description":"Cinta doble cara ultrafuerte con adhesivo instant\u00e1neo para montaje en m\u00faltiples materiales y superficies, tanto interiores como exteriores.","robots":{"index":"index","follow":"follow","max-snippet":"max-snippet:-1","max-image-preview":"max-image-preview:large","max-video-preview":"max-video-preview:-1"},"canonical":"https:\/\/saiga.es\/es\/producto\/cinta-adhesiva-doble-cara-2m-x-15mm\/","og_locale":"es_ES","og_type":"article","og_title":"Cinta adhesiva doble cara 2m x 15mm | SAIGA","og_description":"Cinta doble cara ultrafuerte con adhesivo instant\u00e1neo para montaje en m\u00faltiples materiales y superficies, tanto interiores como exteriores.","og_url":"https:\/\/saiga.es\/es\/producto\/cinta-adhesiva-doble-cara-2m-x-15mm\/","og_site_name":"SAIGA","og_image":[{"width":1100,"height":1422,"url":"https:\/\/saiga.es\/wp-content\/uploads\/2024\/04\/ceys-montack-cinta-blister-507240.jpg","type":"image\/jpeg"}],"twitter_card":"summary_large_image","twitter_site":"@saiga_agro","schema":{"@context":"https:\/\/schema.org","@graph":[{"@type":"WebPage","@id":"https:\/\/saiga.es\/es\/producto\/cinta-adhesiva-doble-cara-2m-x-15mm\/","url":"https:\/\/saiga.es\/es\/producto\/cinta-adhesiva-doble-cara-2m-x-15mm\/","name":"Cinta adhesiva doble cara 2m x 15mm | SAIGA","isPartOf":{"@id":"https:\/\/saiga.es\/es\/#website"},"primaryImageOfPage":{"@id":"https:\/\/saiga.es\/es\/producto\/cinta-adhesiva-doble-cara-2m-x-15mm\/#primaryimage"},"image":{"@id":"https:\/\/saiga.es\/es\/producto\/cinta-adhesiva-doble-cara-2m-x-15mm\/#primaryimage"},"thumbnailUrl":"https:\/\/saiga.es\/wp-content\/uploads\/2024\/04\/ceys-montack-cinta-blister-507240.jpg","datePublished":"2024-04-23T09:49:48+00:00","description":"Cinta doble cara ultrafuerte con adhesivo instant\u00e1neo para montaje en m\u00faltiples materiales y superficies, tanto interiores como exteriores.","breadcrumb":{"@id":"https:\/\/saiga.es\/es\/producto\/cinta-adhesiva-doble-cara-2m-x-15mm\/#breadcrumb"},"inLanguage":"es","potentialAction":[{"@type":"ReadAction","target":["https:\/\/saiga.es\/es\/producto\/cinta-adhesiva-doble-cara-2m-x-15mm\/"]}]},{"@type":"ImageObject","inLanguage":"es","@id":"https:\/\/saiga.es\/es\/producto\/cinta-adhesiva-doble-cara-2m-x-15mm\/#primaryimage","url":"https:\/\/saiga.es\/wp-content\/uploads\/2024\/04\/ceys-montack-cinta-blister-507240.jpg","contentUrl":"https:\/\/saiga.es\/wp-content\/uploads\/2024\/04\/ceys-montack-cinta-blister-507240.jpg","width":1100,"height":1422},{"@type":"BreadcrumbList","@id":"https:\/\/saiga.es\/es\/producto\/cinta-adhesiva-doble-cara-2m-x-15mm\/#breadcrumb","itemListElement":[{"@type":"ListItem","position":1,"name":"Inici","item":"https:\/\/saiga.es\/es\/"},{"@type":"ListItem","position":2,"name":"Tienda","item":"https:\/\/saiga.es\/es\/tienda\/"},{"@type":"ListItem","position":3,"name":"Cinta adhesiva doble cara 2m x 15mm"}]},{"@type":"WebSite","@id":"https:\/\/saiga.es\/es\/#website","url":"https:\/\/saiga.es\/es\/","name":"SAIGA","description":"M\u00e9s de 50 anys al servei de la terra i treballant per a un \u00fas eficient de l\u2019aigua!","publisher":{"@id":"https:\/\/saiga.es\/es\/#organization"},"potentialAction":[{"@type":"SearchAction","target":{"@type":"EntryPoint","urlTemplate":"https:\/\/saiga.es\/es\/?s={search_term_string}"},"query-input":{"@type":"PropertyValueSpecification","valueRequired":true,"valueName":"search_term_string"}}],"inLanguage":"es"},{"@type":"Organization","@id":"https:\/\/saiga.es\/es\/#organization","name":"SAIGA","url":"https:\/\/saiga.es\/es\/","logo":{"@type":"ImageObject","inLanguage":"es","@id":"https:\/\/saiga.es\/es\/#\/schema\/logo\/image\/","url":"https:\/\/saiga.es\/wp-content\/uploads\/2025\/07\/logo_saiga_baseline_optimitzat.svg","contentUrl":"https:\/\/saiga.es\/wp-content\/uploads\/2025\/07\/logo_saiga_baseline_optimitzat.svg","caption":"SAIGA"},"image":{"@id":"https:\/\/saiga.es\/es\/#\/schema\/logo\/image\/"},"sameAs":["https:\/\/x.com\/saiga_agro","https:\/\/www.instagram.com\/saiga_agro\/"]}]}},"_links":{"self":[{"href":"https:\/\/saiga.es\/es\/wp-json\/wp\/v2\/product\/10460","targetHints":{"allow":["GET"]}}],"collection":[{"href":"https:\/\/saiga.es\/es\/wp-json\/wp\/v2\/product"}],"about":[{"href":"https:\/\/saiga.es\/es\/wp-json\/wp\/v2\/types\/product"}],"replies":[{"embeddable":true,"href":"https:\/\/saiga.es\/es\/wp-json\/wp\/v2\/comments?post=10460"}],"wp:featuredmedia":[{"embeddable":true,"href":"https:\/\/saiga.es\/es\/wp-json\/wp\/v2\/media\/9903"}],"wp:attachment":[{"href":"https:\/\/saiga.es\/es\/wp-json\/wp\/v2\/media?parent=10460"}],"wp:term":[{"taxonomy":"product_brand","embeddable":true,"href":"https:\/\/saiga.es\/es\/wp-json\/wp\/v2\/product_brand?post=10460"},{"taxonomy":"product_cat","embeddable":true,"href":"https:\/\/saiga.es\/es\/wp-json\/wp\/v2\/product_cat?post=10460"},{"taxonomy":"product_tag","embeddable":true,"href":"https:\/\/saiga.es\/es\/wp-json\/wp\/v2\/product_tag?post=10460"}],"curies":[{"name":"wp","href":"https:\/\/api.w.org\/{rel}","templated":true}]}}