{"id":10494,"date":"2024-04-25T08:59:31","date_gmt":"2024-04-25T08:59:31","guid":{"rendered":"https:\/\/botiga.saiga.es\/producte\/adhesivo-ultraunick-3gr\/"},"modified":"2024-04-25T08:59:31","modified_gmt":"2024-04-25T08:59:31","slug":"adhesivo-ultraunick-3gr","status":"publish","type":"product","link":"https:\/\/saiga.es\/es\/producto\/adhesivo-ultraunick-3gr\/","title":{"rendered":"Adhesivo ultraunick 3gr"},"content":{"rendered":"<p>Adhesivo ultraunick 3gr<\/p>\n<p>Ceys Ultraunick es el adhesivo universal instant\u00e1neo no fr\u00e1gil, ultrafuerte, ultrarr\u00e1pido y seguro. Proporciona una uni\u00f3n perfecta en 10 segundos. Pega todos los materiales. La nueva tecnolog\u00eda de dos componentes de Ceys combina la fuerza del ciano con la flexibilidad de la resina, aportando adaptabilidad a la uni\u00f3n.<\/p>\n","protected":false},"excerpt":{"rendered":"<p>Adhesivo ultraunick 3gr<\/p>\n<p>Ceys Ultraunick es el adhesivo universal instant\u00e1neo no fr\u00e1gil, ultrafuerte, ultrarr\u00e1pido y seguro. Proporciona una uni\u00f3n perfecta en 10 segundos. Pega todos los materiales. La nueva tecnolog\u00eda de dos componentes de Ceys combina la fuerza del ciano con la flexibilidad de la resina, aportando adaptabilidad a la uni\u00f3n.<\/p>\n","protected":false},"featured_media":9928,"comment_status":"open","ping_status":"closed","template":"","meta":[],"product_brand":[],"product_cat":[1326],"product_tag":[],"class_list":{"0":"post-10494","1":"product","2":"type-product","3":"status-publish","4":"has-post-thumbnail","6":"product_cat-bricolaje","8":"first","9":"instock","10":"taxable","11":"shipping-taxable","12":"purchasable","13":"product-type-simple"},"yoast_head":"<!-- This site is optimized with the Yoast SEO plugin v27.3 - https:\/\/yoast.com\/product\/yoast-seo-wordpress\/ -->\n<title>Adhesivo ultraunick 3gr | SAIGA<\/title>\n<meta name=\"description\" content=\"Adhesivo universal instant\u00e1neo, ultrafuerte y seguro. Une todos los materiales en 10 segundos con tecnolog\u00eda dual de ciano y resina.\" \/>\n<meta name=\"robots\" content=\"index, follow, max-snippet:-1, max-image-preview:large, max-video-preview:-1\" \/>\n<link rel=\"canonical\" href=\"https:\/\/saiga.es\/es\/producto\/adhesivo-ultraunick-3gr\/\" \/>\n<meta property=\"og:locale\" content=\"es_ES\" \/>\n<meta property=\"og:type\" content=\"article\" \/>\n<meta property=\"og:title\" content=\"Adhesivo ultraunick 3gr | SAIGA\" \/>\n<meta property=\"og:description\" content=\"Adhesivo universal instant\u00e1neo, ultrafuerte y seguro. Une todos los materiales en 10 segundos con tecnolog\u00eda dual de ciano y resina.\" \/>\n<meta property=\"og:url\" content=\"https:\/\/saiga.es\/es\/producto\/adhesivo-ultraunick-3gr\/\" \/>\n<meta property=\"og:site_name\" content=\"SAIGA\" \/>\n<meta property=\"og:image\" content=\"https:\/\/saiga.es\/wp-content\/uploads\/2024\/04\/ceys-ultraunick-poder-extremo-3g-24-uds-504286-8411519742039-95628-ceys.jpg\" \/>\n\t<meta property=\"og:image:width\" content=\"1100\" \/>\n\t<meta property=\"og:image:height\" content=\"1422\" \/>\n\t<meta property=\"og:image:type\" content=\"image\/jpeg\" \/>\n<meta name=\"twitter:card\" content=\"summary_large_image\" \/>\n<meta name=\"twitter:site\" content=\"@saiga_agro\" \/>\n<script type=\"application\/ld+json\" class=\"yoast-schema-graph\">{\"@context\":\"https:\\\/\\\/schema.org\",\"@graph\":[{\"@type\":\"WebPage\",\"@id\":\"https:\\\/\\\/saiga.es\\\/es\\\/producto\\\/adhesivo-ultraunick-3gr\\\/\",\"url\":\"https:\\\/\\\/saiga.es\\\/es\\\/producto\\\/adhesivo-ultraunick-3gr\\\/\",\"name\":\"Adhesivo ultraunick 3gr | SAIGA\",\"isPartOf\":{\"@id\":\"https:\\\/\\\/saiga.es\\\/es\\\/#website\"},\"primaryImageOfPage\":{\"@id\":\"https:\\\/\\\/saiga.es\\\/es\\\/producto\\\/adhesivo-ultraunick-3gr\\\/#primaryimage\"},\"image\":{\"@id\":\"https:\\\/\\\/saiga.es\\\/es\\\/producto\\\/adhesivo-ultraunick-3gr\\\/#primaryimage\"},\"thumbnailUrl\":\"https:\\\/\\\/saiga.es\\\/wp-content\\\/uploads\\\/2024\\\/04\\\/ceys-ultraunick-poder-extremo-3g-24-uds-504286-8411519742039-95628-ceys.jpg\",\"datePublished\":\"2024-04-25T08:59:31+00:00\",\"description\":\"Adhesivo universal instant\u00e1neo, ultrafuerte y seguro. Une todos los materiales en 10 segundos con tecnolog\u00eda dual de ciano y resina.\",\"breadcrumb\":{\"@id\":\"https:\\\/\\\/saiga.es\\\/es\\\/producto\\\/adhesivo-ultraunick-3gr\\\/#breadcrumb\"},\"inLanguage\":\"es\",\"potentialAction\":[{\"@type\":\"ReadAction\",\"target\":[\"https:\\\/\\\/saiga.es\\\/es\\\/producto\\\/adhesivo-ultraunick-3gr\\\/\"]}]},{\"@type\":\"ImageObject\",\"inLanguage\":\"es\",\"@id\":\"https:\\\/\\\/saiga.es\\\/es\\\/producto\\\/adhesivo-ultraunick-3gr\\\/#primaryimage\",\"url\":\"https:\\\/\\\/saiga.es\\\/wp-content\\\/uploads\\\/2024\\\/04\\\/ceys-ultraunick-poder-extremo-3g-24-uds-504286-8411519742039-95628-ceys.jpg\",\"contentUrl\":\"https:\\\/\\\/saiga.es\\\/wp-content\\\/uploads\\\/2024\\\/04\\\/ceys-ultraunick-poder-extremo-3g-24-uds-504286-8411519742039-95628-ceys.jpg\",\"width\":1100,\"height\":1422},{\"@type\":\"BreadcrumbList\",\"@id\":\"https:\\\/\\\/saiga.es\\\/es\\\/producto\\\/adhesivo-ultraunick-3gr\\\/#breadcrumb\",\"itemListElement\":[{\"@type\":\"ListItem\",\"position\":1,\"name\":\"Inici\",\"item\":\"https:\\\/\\\/saiga.es\\\/es\\\/\"},{\"@type\":\"ListItem\",\"position\":2,\"name\":\"Tienda\",\"item\":\"https:\\\/\\\/saiga.es\\\/es\\\/tienda\\\/\"},{\"@type\":\"ListItem\",\"position\":3,\"name\":\"Adhesivo ultraunick 3gr\"}]},{\"@type\":\"WebSite\",\"@id\":\"https:\\\/\\\/saiga.es\\\/es\\\/#website\",\"url\":\"https:\\\/\\\/saiga.es\\\/es\\\/\",\"name\":\"SAIGA\",\"description\":\"M\u00e9s de 50 anys al servei de la terra i treballant per a un \u00fas eficient de l\u2019aigua!\",\"publisher\":{\"@id\":\"https:\\\/\\\/saiga.es\\\/es\\\/#organization\"},\"potentialAction\":[{\"@type\":\"SearchAction\",\"target\":{\"@type\":\"EntryPoint\",\"urlTemplate\":\"https:\\\/\\\/saiga.es\\\/es\\\/?s={search_term_string}\"},\"query-input\":{\"@type\":\"PropertyValueSpecification\",\"valueRequired\":true,\"valueName\":\"search_term_string\"}}],\"inLanguage\":\"es\"},{\"@type\":\"Organization\",\"@id\":\"https:\\\/\\\/saiga.es\\\/es\\\/#organization\",\"name\":\"SAIGA\",\"url\":\"https:\\\/\\\/saiga.es\\\/es\\\/\",\"logo\":{\"@type\":\"ImageObject\",\"inLanguage\":\"es\",\"@id\":\"https:\\\/\\\/saiga.es\\\/es\\\/#\\\/schema\\\/logo\\\/image\\\/\",\"url\":\"https:\\\/\\\/saiga.es\\\/wp-content\\\/uploads\\\/2025\\\/07\\\/logo_saiga_baseline_optimitzat.svg\",\"contentUrl\":\"https:\\\/\\\/saiga.es\\\/wp-content\\\/uploads\\\/2025\\\/07\\\/logo_saiga_baseline_optimitzat.svg\",\"caption\":\"SAIGA\"},\"image\":{\"@id\":\"https:\\\/\\\/saiga.es\\\/es\\\/#\\\/schema\\\/logo\\\/image\\\/\"},\"sameAs\":[\"https:\\\/\\\/x.com\\\/saiga_agro\",\"https:\\\/\\\/www.instagram.com\\\/saiga_agro\\\/\"]}]}<\/script>\n<!-- \/ Yoast SEO plugin. -->","yoast_head_json":{"title":"Adhesivo ultraunick 3gr | SAIGA","description":"Adhesivo universal instant\u00e1neo, ultrafuerte y seguro. Une todos los materiales en 10 segundos con tecnolog\u00eda dual de ciano y resina.","robots":{"index":"index","follow":"follow","max-snippet":"max-snippet:-1","max-image-preview":"max-image-preview:large","max-video-preview":"max-video-preview:-1"},"canonical":"https:\/\/saiga.es\/es\/producto\/adhesivo-ultraunick-3gr\/","og_locale":"es_ES","og_type":"article","og_title":"Adhesivo ultraunick 3gr | SAIGA","og_description":"Adhesivo universal instant\u00e1neo, ultrafuerte y seguro. Une todos los materiales en 10 segundos con tecnolog\u00eda dual de ciano y resina.","og_url":"https:\/\/saiga.es\/es\/producto\/adhesivo-ultraunick-3gr\/","og_site_name":"SAIGA","og_image":[{"width":1100,"height":1422,"url":"https:\/\/saiga.es\/wp-content\/uploads\/2024\/04\/ceys-ultraunick-poder-extremo-3g-24-uds-504286-8411519742039-95628-ceys.jpg","type":"image\/jpeg"}],"twitter_card":"summary_large_image","twitter_site":"@saiga_agro","schema":{"@context":"https:\/\/schema.org","@graph":[{"@type":"WebPage","@id":"https:\/\/saiga.es\/es\/producto\/adhesivo-ultraunick-3gr\/","url":"https:\/\/saiga.es\/es\/producto\/adhesivo-ultraunick-3gr\/","name":"Adhesivo ultraunick 3gr | SAIGA","isPartOf":{"@id":"https:\/\/saiga.es\/es\/#website"},"primaryImageOfPage":{"@id":"https:\/\/saiga.es\/es\/producto\/adhesivo-ultraunick-3gr\/#primaryimage"},"image":{"@id":"https:\/\/saiga.es\/es\/producto\/adhesivo-ultraunick-3gr\/#primaryimage"},"thumbnailUrl":"https:\/\/saiga.es\/wp-content\/uploads\/2024\/04\/ceys-ultraunick-poder-extremo-3g-24-uds-504286-8411519742039-95628-ceys.jpg","datePublished":"2024-04-25T08:59:31+00:00","description":"Adhesivo universal instant\u00e1neo, ultrafuerte y seguro. Une todos los materiales en 10 segundos con tecnolog\u00eda dual de ciano y resina.","breadcrumb":{"@id":"https:\/\/saiga.es\/es\/producto\/adhesivo-ultraunick-3gr\/#breadcrumb"},"inLanguage":"es","potentialAction":[{"@type":"ReadAction","target":["https:\/\/saiga.es\/es\/producto\/adhesivo-ultraunick-3gr\/"]}]},{"@type":"ImageObject","inLanguage":"es","@id":"https:\/\/saiga.es\/es\/producto\/adhesivo-ultraunick-3gr\/#primaryimage","url":"https:\/\/saiga.es\/wp-content\/uploads\/2024\/04\/ceys-ultraunick-poder-extremo-3g-24-uds-504286-8411519742039-95628-ceys.jpg","contentUrl":"https:\/\/saiga.es\/wp-content\/uploads\/2024\/04\/ceys-ultraunick-poder-extremo-3g-24-uds-504286-8411519742039-95628-ceys.jpg","width":1100,"height":1422},{"@type":"BreadcrumbList","@id":"https:\/\/saiga.es\/es\/producto\/adhesivo-ultraunick-3gr\/#breadcrumb","itemListElement":[{"@type":"ListItem","position":1,"name":"Inici","item":"https:\/\/saiga.es\/es\/"},{"@type":"ListItem","position":2,"name":"Tienda","item":"https:\/\/saiga.es\/es\/tienda\/"},{"@type":"ListItem","position":3,"name":"Adhesivo ultraunick 3gr"}]},{"@type":"WebSite","@id":"https:\/\/saiga.es\/es\/#website","url":"https:\/\/saiga.es\/es\/","name":"SAIGA","description":"M\u00e9s de 50 anys al servei de la terra i treballant per a un \u00fas eficient de l\u2019aigua!","publisher":{"@id":"https:\/\/saiga.es\/es\/#organization"},"potentialAction":[{"@type":"SearchAction","target":{"@type":"EntryPoint","urlTemplate":"https:\/\/saiga.es\/es\/?s={search_term_string}"},"query-input":{"@type":"PropertyValueSpecification","valueRequired":true,"valueName":"search_term_string"}}],"inLanguage":"es"},{"@type":"Organization","@id":"https:\/\/saiga.es\/es\/#organization","name":"SAIGA","url":"https:\/\/saiga.es\/es\/","logo":{"@type":"ImageObject","inLanguage":"es","@id":"https:\/\/saiga.es\/es\/#\/schema\/logo\/image\/","url":"https:\/\/saiga.es\/wp-content\/uploads\/2025\/07\/logo_saiga_baseline_optimitzat.svg","contentUrl":"https:\/\/saiga.es\/wp-content\/uploads\/2025\/07\/logo_saiga_baseline_optimitzat.svg","caption":"SAIGA"},"image":{"@id":"https:\/\/saiga.es\/es\/#\/schema\/logo\/image\/"},"sameAs":["https:\/\/x.com\/saiga_agro","https:\/\/www.instagram.com\/saiga_agro\/"]}]}},"_links":{"self":[{"href":"https:\/\/saiga.es\/es\/wp-json\/wp\/v2\/product\/10494","targetHints":{"allow":["GET"]}}],"collection":[{"href":"https:\/\/saiga.es\/es\/wp-json\/wp\/v2\/product"}],"about":[{"href":"https:\/\/saiga.es\/es\/wp-json\/wp\/v2\/types\/product"}],"replies":[{"embeddable":true,"href":"https:\/\/saiga.es\/es\/wp-json\/wp\/v2\/comments?post=10494"}],"wp:featuredmedia":[{"embeddable":true,"href":"https:\/\/saiga.es\/es\/wp-json\/wp\/v2\/media\/9928"}],"wp:attachment":[{"href":"https:\/\/saiga.es\/es\/wp-json\/wp\/v2\/media?parent=10494"}],"wp:term":[{"taxonomy":"product_brand","embeddable":true,"href":"https:\/\/saiga.es\/es\/wp-json\/wp\/v2\/product_brand?post=10494"},{"taxonomy":"product_cat","embeddable":true,"href":"https:\/\/saiga.es\/es\/wp-json\/wp\/v2\/product_cat?post=10494"},{"taxonomy":"product_tag","embeddable":true,"href":"https:\/\/saiga.es\/es\/wp-json\/wp\/v2\/product_tag?post=10494"}],"curies":[{"name":"wp","href":"https:\/\/api.w.org\/{rel}","templated":true}]}}