{"id":10498,"date":"2024-04-23T14:24:06","date_gmt":"2024-04-23T14:24:06","guid":{"rendered":"https:\/\/botiga.saiga.es\/producte\/montack-xpress-tubo-260ml\/"},"modified":"2024-04-23T14:24:06","modified_gmt":"2024-04-23T14:24:06","slug":"montack-xpress-tubo-260ml","status":"publish","type":"product","link":"https:\/\/saiga.es\/es\/producto\/montack-xpress-tubo-260ml\/","title":{"rendered":"Montack xpress tubo 260ml"},"content":{"rendered":"<p>Montack xpress tubo 260ml<\/p>\n<p>Esta pegatina de montaje est\u00e1 equipada con la innovadora tecnolog\u00eda Xtra Grip, la cual ofrece una adhesi\u00f3n inmediata y robusta. Garantizando una fijaci\u00f3n segura en una amplia variedad de materiales. Adem\u00e1s, su versatilidad permite utilizarlo tanto en entornos interiores como exteriores, siendo ideal para aplicaciones en superficies delicadas e incluso h\u00famedas.<\/p>\n","protected":false},"excerpt":{"rendered":"<p>Montack xpress tubo 260ml<\/p>\n<p>Esta pegatina de montaje est\u00e1 equipada con la innovadora tecnolog\u00eda Xtra Grip, la cual ofrece una adhesi\u00f3n inmediata y robusta. Garantizando una fijaci\u00f3n segura en una amplia variedad de materiales. Adem\u00e1s, su versatilidad permite utilizarlo tanto en entornos interiores como exteriores, siendo ideal para aplicaciones en superficies delicadas e incluso h\u00famedas.<\/p>\n","protected":false},"featured_media":9907,"comment_status":"open","ping_status":"closed","template":"","meta":[],"product_brand":[],"product_cat":[1326],"product_tag":[],"class_list":{"0":"post-10498","1":"product","2":"type-product","3":"status-publish","4":"has-post-thumbnail","6":"product_cat-bricolaje","8":"first","9":"instock","10":"taxable","11":"shipping-taxable","12":"purchasable","13":"product-type-simple"},"yoast_head":"<!-- This site is optimized with the Yoast SEO plugin v27.3 - https:\/\/yoast.com\/product\/yoast-seo-wordpress\/ -->\n<title>Montack xpress tubo 260ml | SAIGA<\/title>\n<meta name=\"description\" content=\"Pegatina de montaje con tecnolog\u00eda Xtra Grip para una fijaci\u00f3n r\u00e1pida en todo tipo de materiales, tanto en el interior como en el exterior.\" \/>\n<meta name=\"robots\" content=\"index, follow, max-snippet:-1, max-image-preview:large, max-video-preview:-1\" \/>\n<link rel=\"canonical\" href=\"https:\/\/saiga.es\/es\/producto\/montack-xpress-tubo-260ml\/\" \/>\n<meta property=\"og:locale\" content=\"es_ES\" \/>\n<meta property=\"og:type\" content=\"article\" \/>\n<meta property=\"og:title\" content=\"Montack xpress tubo 260ml | SAIGA\" \/>\n<meta property=\"og:description\" content=\"Pegatina de montaje con tecnolog\u00eda Xtra Grip para una fijaci\u00f3n r\u00e1pida en todo tipo de materiales, tanto en el interior como en el exterior.\" \/>\n<meta property=\"og:url\" content=\"https:\/\/saiga.es\/es\/producto\/montack-xpress-tubo-260ml\/\" \/>\n<meta property=\"og:site_name\" content=\"SAIGA\" \/>\n<meta property=\"og:image\" content=\"https:\/\/saiga.es\/wp-content\/uploads\/2024\/04\/montack-pegatodo-bote-0-1.jpg\" \/>\n\t<meta property=\"og:image:width\" content=\"1000\" \/>\n\t<meta property=\"og:image:height\" content=\"1000\" \/>\n\t<meta property=\"og:image:type\" content=\"image\/jpeg\" \/>\n<meta name=\"twitter:card\" content=\"summary_large_image\" \/>\n<meta name=\"twitter:site\" content=\"@saiga_agro\" \/>\n<script type=\"application\/ld+json\" class=\"yoast-schema-graph\">{\"@context\":\"https:\\\/\\\/schema.org\",\"@graph\":[{\"@type\":\"WebPage\",\"@id\":\"https:\\\/\\\/saiga.es\\\/es\\\/producto\\\/montack-xpress-tubo-260ml\\\/\",\"url\":\"https:\\\/\\\/saiga.es\\\/es\\\/producto\\\/montack-xpress-tubo-260ml\\\/\",\"name\":\"Montack xpress tubo 260ml | SAIGA\",\"isPartOf\":{\"@id\":\"https:\\\/\\\/saiga.es\\\/es\\\/#website\"},\"primaryImageOfPage\":{\"@id\":\"https:\\\/\\\/saiga.es\\\/es\\\/producto\\\/montack-xpress-tubo-260ml\\\/#primaryimage\"},\"image\":{\"@id\":\"https:\\\/\\\/saiga.es\\\/es\\\/producto\\\/montack-xpress-tubo-260ml\\\/#primaryimage\"},\"thumbnailUrl\":\"https:\\\/\\\/saiga.es\\\/wp-content\\\/uploads\\\/2024\\\/04\\\/montack-pegatodo-bote-0-1.jpg\",\"datePublished\":\"2024-04-23T14:24:06+00:00\",\"description\":\"Pegatina de montaje con tecnolog\u00eda Xtra Grip para una fijaci\u00f3n r\u00e1pida en todo tipo de materiales, tanto en el interior como en el exterior.\",\"breadcrumb\":{\"@id\":\"https:\\\/\\\/saiga.es\\\/es\\\/producto\\\/montack-xpress-tubo-260ml\\\/#breadcrumb\"},\"inLanguage\":\"es\",\"potentialAction\":[{\"@type\":\"ReadAction\",\"target\":[\"https:\\\/\\\/saiga.es\\\/es\\\/producto\\\/montack-xpress-tubo-260ml\\\/\"]}]},{\"@type\":\"ImageObject\",\"inLanguage\":\"es\",\"@id\":\"https:\\\/\\\/saiga.es\\\/es\\\/producto\\\/montack-xpress-tubo-260ml\\\/#primaryimage\",\"url\":\"https:\\\/\\\/saiga.es\\\/wp-content\\\/uploads\\\/2024\\\/04\\\/montack-pegatodo-bote-0-1.jpg\",\"contentUrl\":\"https:\\\/\\\/saiga.es\\\/wp-content\\\/uploads\\\/2024\\\/04\\\/montack-pegatodo-bote-0-1.jpg\",\"width\":1000,\"height\":1000},{\"@type\":\"BreadcrumbList\",\"@id\":\"https:\\\/\\\/saiga.es\\\/es\\\/producto\\\/montack-xpress-tubo-260ml\\\/#breadcrumb\",\"itemListElement\":[{\"@type\":\"ListItem\",\"position\":1,\"name\":\"Inici\",\"item\":\"https:\\\/\\\/saiga.es\\\/es\\\/\"},{\"@type\":\"ListItem\",\"position\":2,\"name\":\"Tienda\",\"item\":\"https:\\\/\\\/saiga.es\\\/es\\\/tienda\\\/\"},{\"@type\":\"ListItem\",\"position\":3,\"name\":\"Montack xpress tubo 260ml\"}]},{\"@type\":\"WebSite\",\"@id\":\"https:\\\/\\\/saiga.es\\\/es\\\/#website\",\"url\":\"https:\\\/\\\/saiga.es\\\/es\\\/\",\"name\":\"SAIGA\",\"description\":\"M\u00e9s de 50 anys al servei de la terra i treballant per a un \u00fas eficient de l\u2019aigua!\",\"publisher\":{\"@id\":\"https:\\\/\\\/saiga.es\\\/es\\\/#organization\"},\"potentialAction\":[{\"@type\":\"SearchAction\",\"target\":{\"@type\":\"EntryPoint\",\"urlTemplate\":\"https:\\\/\\\/saiga.es\\\/es\\\/?s={search_term_string}\"},\"query-input\":{\"@type\":\"PropertyValueSpecification\",\"valueRequired\":true,\"valueName\":\"search_term_string\"}}],\"inLanguage\":\"es\"},{\"@type\":\"Organization\",\"@id\":\"https:\\\/\\\/saiga.es\\\/es\\\/#organization\",\"name\":\"SAIGA\",\"url\":\"https:\\\/\\\/saiga.es\\\/es\\\/\",\"logo\":{\"@type\":\"ImageObject\",\"inLanguage\":\"es\",\"@id\":\"https:\\\/\\\/saiga.es\\\/es\\\/#\\\/schema\\\/logo\\\/image\\\/\",\"url\":\"https:\\\/\\\/saiga.es\\\/wp-content\\\/uploads\\\/2025\\\/07\\\/logo_saiga_baseline_optimitzat.svg\",\"contentUrl\":\"https:\\\/\\\/saiga.es\\\/wp-content\\\/uploads\\\/2025\\\/07\\\/logo_saiga_baseline_optimitzat.svg\",\"caption\":\"SAIGA\"},\"image\":{\"@id\":\"https:\\\/\\\/saiga.es\\\/es\\\/#\\\/schema\\\/logo\\\/image\\\/\"},\"sameAs\":[\"https:\\\/\\\/x.com\\\/saiga_agro\",\"https:\\\/\\\/www.instagram.com\\\/saiga_agro\\\/\"]}]}<\/script>\n<!-- \/ Yoast SEO plugin. -->","yoast_head_json":{"title":"Montack xpress tubo 260ml | SAIGA","description":"Pegatina de montaje con tecnolog\u00eda Xtra Grip para una fijaci\u00f3n r\u00e1pida en todo tipo de materiales, tanto en el interior como en el exterior.","robots":{"index":"index","follow":"follow","max-snippet":"max-snippet:-1","max-image-preview":"max-image-preview:large","max-video-preview":"max-video-preview:-1"},"canonical":"https:\/\/saiga.es\/es\/producto\/montack-xpress-tubo-260ml\/","og_locale":"es_ES","og_type":"article","og_title":"Montack xpress tubo 260ml | SAIGA","og_description":"Pegatina de montaje con tecnolog\u00eda Xtra Grip para una fijaci\u00f3n r\u00e1pida en todo tipo de materiales, tanto en el interior como en el exterior.","og_url":"https:\/\/saiga.es\/es\/producto\/montack-xpress-tubo-260ml\/","og_site_name":"SAIGA","og_image":[{"width":1000,"height":1000,"url":"https:\/\/saiga.es\/wp-content\/uploads\/2024\/04\/montack-pegatodo-bote-0-1.jpg","type":"image\/jpeg"}],"twitter_card":"summary_large_image","twitter_site":"@saiga_agro","schema":{"@context":"https:\/\/schema.org","@graph":[{"@type":"WebPage","@id":"https:\/\/saiga.es\/es\/producto\/montack-xpress-tubo-260ml\/","url":"https:\/\/saiga.es\/es\/producto\/montack-xpress-tubo-260ml\/","name":"Montack xpress tubo 260ml | SAIGA","isPartOf":{"@id":"https:\/\/saiga.es\/es\/#website"},"primaryImageOfPage":{"@id":"https:\/\/saiga.es\/es\/producto\/montack-xpress-tubo-260ml\/#primaryimage"},"image":{"@id":"https:\/\/saiga.es\/es\/producto\/montack-xpress-tubo-260ml\/#primaryimage"},"thumbnailUrl":"https:\/\/saiga.es\/wp-content\/uploads\/2024\/04\/montack-pegatodo-bote-0-1.jpg","datePublished":"2024-04-23T14:24:06+00:00","description":"Pegatina de montaje con tecnolog\u00eda Xtra Grip para una fijaci\u00f3n r\u00e1pida en todo tipo de materiales, tanto en el interior como en el exterior.","breadcrumb":{"@id":"https:\/\/saiga.es\/es\/producto\/montack-xpress-tubo-260ml\/#breadcrumb"},"inLanguage":"es","potentialAction":[{"@type":"ReadAction","target":["https:\/\/saiga.es\/es\/producto\/montack-xpress-tubo-260ml\/"]}]},{"@type":"ImageObject","inLanguage":"es","@id":"https:\/\/saiga.es\/es\/producto\/montack-xpress-tubo-260ml\/#primaryimage","url":"https:\/\/saiga.es\/wp-content\/uploads\/2024\/04\/montack-pegatodo-bote-0-1.jpg","contentUrl":"https:\/\/saiga.es\/wp-content\/uploads\/2024\/04\/montack-pegatodo-bote-0-1.jpg","width":1000,"height":1000},{"@type":"BreadcrumbList","@id":"https:\/\/saiga.es\/es\/producto\/montack-xpress-tubo-260ml\/#breadcrumb","itemListElement":[{"@type":"ListItem","position":1,"name":"Inici","item":"https:\/\/saiga.es\/es\/"},{"@type":"ListItem","position":2,"name":"Tienda","item":"https:\/\/saiga.es\/es\/tienda\/"},{"@type":"ListItem","position":3,"name":"Montack xpress tubo 260ml"}]},{"@type":"WebSite","@id":"https:\/\/saiga.es\/es\/#website","url":"https:\/\/saiga.es\/es\/","name":"SAIGA","description":"M\u00e9s de 50 anys al servei de la terra i treballant per a un \u00fas eficient de l\u2019aigua!","publisher":{"@id":"https:\/\/saiga.es\/es\/#organization"},"potentialAction":[{"@type":"SearchAction","target":{"@type":"EntryPoint","urlTemplate":"https:\/\/saiga.es\/es\/?s={search_term_string}"},"query-input":{"@type":"PropertyValueSpecification","valueRequired":true,"valueName":"search_term_string"}}],"inLanguage":"es"},{"@type":"Organization","@id":"https:\/\/saiga.es\/es\/#organization","name":"SAIGA","url":"https:\/\/saiga.es\/es\/","logo":{"@type":"ImageObject","inLanguage":"es","@id":"https:\/\/saiga.es\/es\/#\/schema\/logo\/image\/","url":"https:\/\/saiga.es\/wp-content\/uploads\/2025\/07\/logo_saiga_baseline_optimitzat.svg","contentUrl":"https:\/\/saiga.es\/wp-content\/uploads\/2025\/07\/logo_saiga_baseline_optimitzat.svg","caption":"SAIGA"},"image":{"@id":"https:\/\/saiga.es\/es\/#\/schema\/logo\/image\/"},"sameAs":["https:\/\/x.com\/saiga_agro","https:\/\/www.instagram.com\/saiga_agro\/"]}]}},"_links":{"self":[{"href":"https:\/\/saiga.es\/es\/wp-json\/wp\/v2\/product\/10498","targetHints":{"allow":["GET"]}}],"collection":[{"href":"https:\/\/saiga.es\/es\/wp-json\/wp\/v2\/product"}],"about":[{"href":"https:\/\/saiga.es\/es\/wp-json\/wp\/v2\/types\/product"}],"replies":[{"embeddable":true,"href":"https:\/\/saiga.es\/es\/wp-json\/wp\/v2\/comments?post=10498"}],"wp:featuredmedia":[{"embeddable":true,"href":"https:\/\/saiga.es\/es\/wp-json\/wp\/v2\/media\/9907"}],"wp:attachment":[{"href":"https:\/\/saiga.es\/es\/wp-json\/wp\/v2\/media?parent=10498"}],"wp:term":[{"taxonomy":"product_brand","embeddable":true,"href":"https:\/\/saiga.es\/es\/wp-json\/wp\/v2\/product_brand?post=10498"},{"taxonomy":"product_cat","embeddable":true,"href":"https:\/\/saiga.es\/es\/wp-json\/wp\/v2\/product_cat?post=10498"},{"taxonomy":"product_tag","embeddable":true,"href":"https:\/\/saiga.es\/es\/wp-json\/wp\/v2\/product_tag?post=10498"}],"curies":[{"name":"wp","href":"https:\/\/api.w.org\/{rel}","templated":true}]}}