{"id":10526,"date":"2024-05-28T07:24:19","date_gmt":"2024-05-28T07:24:19","guid":{"rendered":"https:\/\/botiga.saiga.es\/producte\/racord-codo-45o-polietileno\/"},"modified":"2024-05-28T07:24:19","modified_gmt":"2024-05-28T07:24:19","slug":"racord-codo-45o-polietileno","status":"publish","type":"product","link":"https:\/\/saiga.es\/es\/producto\/racord-codo-45o-polietileno\/","title":{"rendered":"Racord Codo 45\u00ba Polietileno"},"content":{"rendered":"<p>El racord codo de 45\u00ba de polietileno es un accesorio de tuber\u00eda utilizado para conectar dos tramos de tuber\u00eda de polietileno (PE) en un \u00e1ngulo de 45 grados. Estos accesorios son comunes en sistemas de tuber\u00edas en los que se requiere desviar la direcci\u00f3n del flujo de l\u00edquidos o gases.<\/p>\n","protected":false},"excerpt":{"rendered":"<p>El racord codo de 45\u00ba de polietileno es un accesorio de tuber\u00eda utilizado para conectar dos tramos de tuber\u00eda de polietileno (PE) en un \u00e1ngulo de 45 grados. Estos accesorios son comunes en sistemas de tuber\u00edas en los que se requiere desviar la direcci\u00f3n del flujo de l\u00edquidos o gases.<\/p>\n","protected":false},"featured_media":10512,"comment_status":"closed","ping_status":"closed","template":"","meta":[],"product_brand":[],"product_cat":[1455],"product_tag":[234,1061,1059,236],"class_list":{"0":"post-10526","1":"product","2":"type-product","3":"status-publish","4":"has-post-thumbnail","6":"product_cat-jimten","7":"product_tag-codo","8":"product_tag-hidraulica-es","9":"product_tag-jimten-es","10":"product_tag-polietileno","12":"first","13":"instock","14":"taxable","15":"shipping-taxable","16":"purchasable","17":"product-type-variable"},"yoast_head":"<!-- This site is optimized with the Yoast SEO plugin v27.4 - https:\/\/yoast.com\/product\/yoast-seo-wordpress\/ -->\n<title>Racord Codo 45\u00ba Polietileno | SAIGA<\/title>\n<meta name=\"description\" content=\"El racord codo de 45\u00ba de polietileno es un accesorio de tuber\u00eda utilizado para conectar dos tramos de tuber\u00eda de polietileno (PE) en un \u00e1ngulo de 45 grados.\" \/>\n<meta name=\"robots\" content=\"index, follow, max-snippet:-1, max-image-preview:large, max-video-preview:-1\" \/>\n<link rel=\"canonical\" href=\"https:\/\/saiga.es\/es\/producto\/racord-codo-45o-polietileno\/\" \/>\n<meta property=\"og:locale\" content=\"es_ES\" \/>\n<meta property=\"og:type\" content=\"article\" \/>\n<meta property=\"og:title\" content=\"Racord Codo 45\u00ba Polietileno | SAIGA\" \/>\n<meta property=\"og:description\" content=\"El racord codo de 45\u00ba de polietileno es un accesorio de tuber\u00eda utilizado para conectar dos tramos de tuber\u00eda de polietileno (PE) en un \u00e1ngulo de 45 grados.\" \/>\n<meta property=\"og:url\" content=\"https:\/\/saiga.es\/es\/producto\/racord-codo-45o-polietileno\/\" \/>\n<meta property=\"og:site_name\" content=\"SAIGA\" \/>\n<meta property=\"og:image\" content=\"https:\/\/saiga.es\/wp-content\/uploads\/2024\/05\/J-70-colze-45o.jpg\" \/>\n\t<meta property=\"og:image:width\" content=\"800\" \/>\n\t<meta property=\"og:image:height\" content=\"800\" \/>\n\t<meta property=\"og:image:type\" content=\"image\/jpeg\" \/>\n<meta name=\"twitter:card\" content=\"summary_large_image\" \/>\n<meta name=\"twitter:site\" content=\"@saiga_agro\" \/>\n<script type=\"application\/ld+json\" class=\"yoast-schema-graph\">{\"@context\":\"https:\\\/\\\/schema.org\",\"@graph\":[{\"@type\":\"WebPage\",\"@id\":\"https:\\\/\\\/saiga.es\\\/es\\\/producto\\\/racord-codo-45o-polietileno\\\/\",\"url\":\"https:\\\/\\\/saiga.es\\\/es\\\/producto\\\/racord-codo-45o-polietileno\\\/\",\"name\":\"Racord Codo 45\u00ba Polietileno | SAIGA\",\"isPartOf\":{\"@id\":\"https:\\\/\\\/saiga.es\\\/es\\\/#website\"},\"primaryImageOfPage\":{\"@id\":\"https:\\\/\\\/saiga.es\\\/es\\\/producto\\\/racord-codo-45o-polietileno\\\/#primaryimage\"},\"image\":{\"@id\":\"https:\\\/\\\/saiga.es\\\/es\\\/producto\\\/racord-codo-45o-polietileno\\\/#primaryimage\"},\"thumbnailUrl\":\"https:\\\/\\\/saiga.es\\\/wp-content\\\/uploads\\\/2024\\\/05\\\/J-70-colze-45o.jpg\",\"datePublished\":\"2024-05-28T07:24:19+00:00\",\"description\":\"El racord codo de 45\u00ba de polietileno es un accesorio de tuber\u00eda utilizado para conectar dos tramos de tuber\u00eda de polietileno (PE) en un \u00e1ngulo de 45 grados.\",\"breadcrumb\":{\"@id\":\"https:\\\/\\\/saiga.es\\\/es\\\/producto\\\/racord-codo-45o-polietileno\\\/#breadcrumb\"},\"inLanguage\":\"es\",\"potentialAction\":[{\"@type\":\"ReadAction\",\"target\":[\"https:\\\/\\\/saiga.es\\\/es\\\/producto\\\/racord-codo-45o-polietileno\\\/\"]}]},{\"@type\":\"ImageObject\",\"inLanguage\":\"es\",\"@id\":\"https:\\\/\\\/saiga.es\\\/es\\\/producto\\\/racord-codo-45o-polietileno\\\/#primaryimage\",\"url\":\"https:\\\/\\\/saiga.es\\\/wp-content\\\/uploads\\\/2024\\\/05\\\/J-70-colze-45o.jpg\",\"contentUrl\":\"https:\\\/\\\/saiga.es\\\/wp-content\\\/uploads\\\/2024\\\/05\\\/J-70-colze-45o.jpg\",\"width\":800,\"height\":800,\"caption\":\"Codo 45 graus\"},{\"@type\":\"BreadcrumbList\",\"@id\":\"https:\\\/\\\/saiga.es\\\/es\\\/producto\\\/racord-codo-45o-polietileno\\\/#breadcrumb\",\"itemListElement\":[{\"@type\":\"ListItem\",\"position\":1,\"name\":\"Inici\",\"item\":\"https:\\\/\\\/saiga.es\\\/es\\\/\"},{\"@type\":\"ListItem\",\"position\":2,\"name\":\"Tienda\",\"item\":\"https:\\\/\\\/saiga.es\\\/es\\\/tienda\\\/\"},{\"@type\":\"ListItem\",\"position\":3,\"name\":\"Racord Codo 45\u00ba Polietileno\"}]},{\"@type\":\"WebSite\",\"@id\":\"https:\\\/\\\/saiga.es\\\/es\\\/#website\",\"url\":\"https:\\\/\\\/saiga.es\\\/es\\\/\",\"name\":\"SAIGA\",\"description\":\"M\u00e9s de 50 anys al servei de la terra i treballant per a un \u00fas eficient de l\u2019aigua!\",\"publisher\":{\"@id\":\"https:\\\/\\\/saiga.es\\\/es\\\/#organization\"},\"potentialAction\":[{\"@type\":\"SearchAction\",\"target\":{\"@type\":\"EntryPoint\",\"urlTemplate\":\"https:\\\/\\\/saiga.es\\\/es\\\/?s={search_term_string}\"},\"query-input\":{\"@type\":\"PropertyValueSpecification\",\"valueRequired\":true,\"valueName\":\"search_term_string\"}}],\"inLanguage\":\"es\"},{\"@type\":\"Organization\",\"@id\":\"https:\\\/\\\/saiga.es\\\/es\\\/#organization\",\"name\":\"SAIGA\",\"url\":\"https:\\\/\\\/saiga.es\\\/es\\\/\",\"logo\":{\"@type\":\"ImageObject\",\"inLanguage\":\"es\",\"@id\":\"https:\\\/\\\/saiga.es\\\/es\\\/#\\\/schema\\\/logo\\\/image\\\/\",\"url\":\"https:\\\/\\\/saiga.es\\\/wp-content\\\/uploads\\\/2025\\\/07\\\/logo_saiga_baseline_optimitzat.svg\",\"contentUrl\":\"https:\\\/\\\/saiga.es\\\/wp-content\\\/uploads\\\/2025\\\/07\\\/logo_saiga_baseline_optimitzat.svg\",\"caption\":\"SAIGA\"},\"image\":{\"@id\":\"https:\\\/\\\/saiga.es\\\/es\\\/#\\\/schema\\\/logo\\\/image\\\/\"},\"sameAs\":[\"https:\\\/\\\/x.com\\\/saiga_agro\",\"https:\\\/\\\/www.instagram.com\\\/saiga_agro\\\/\"]}]}<\/script>\n<!-- \/ Yoast SEO plugin. -->","yoast_head_json":{"title":"Racord Codo 45\u00ba Polietileno | SAIGA","description":"El racord codo de 45\u00ba de polietileno es un accesorio de tuber\u00eda utilizado para conectar dos tramos de tuber\u00eda de polietileno (PE) en un \u00e1ngulo de 45 grados.","robots":{"index":"index","follow":"follow","max-snippet":"max-snippet:-1","max-image-preview":"max-image-preview:large","max-video-preview":"max-video-preview:-1"},"canonical":"https:\/\/saiga.es\/es\/producto\/racord-codo-45o-polietileno\/","og_locale":"es_ES","og_type":"article","og_title":"Racord Codo 45\u00ba Polietileno | SAIGA","og_description":"El racord codo de 45\u00ba de polietileno es un accesorio de tuber\u00eda utilizado para conectar dos tramos de tuber\u00eda de polietileno (PE) en un \u00e1ngulo de 45 grados.","og_url":"https:\/\/saiga.es\/es\/producto\/racord-codo-45o-polietileno\/","og_site_name":"SAIGA","og_image":[{"width":800,"height":800,"url":"https:\/\/saiga.es\/wp-content\/uploads\/2024\/05\/J-70-colze-45o.jpg","type":"image\/jpeg"}],"twitter_card":"summary_large_image","twitter_site":"@saiga_agro","schema":{"@context":"https:\/\/schema.org","@graph":[{"@type":"WebPage","@id":"https:\/\/saiga.es\/es\/producto\/racord-codo-45o-polietileno\/","url":"https:\/\/saiga.es\/es\/producto\/racord-codo-45o-polietileno\/","name":"Racord Codo 45\u00ba Polietileno | SAIGA","isPartOf":{"@id":"https:\/\/saiga.es\/es\/#website"},"primaryImageOfPage":{"@id":"https:\/\/saiga.es\/es\/producto\/racord-codo-45o-polietileno\/#primaryimage"},"image":{"@id":"https:\/\/saiga.es\/es\/producto\/racord-codo-45o-polietileno\/#primaryimage"},"thumbnailUrl":"https:\/\/saiga.es\/wp-content\/uploads\/2024\/05\/J-70-colze-45o.jpg","datePublished":"2024-05-28T07:24:19+00:00","description":"El racord codo de 45\u00ba de polietileno es un accesorio de tuber\u00eda utilizado para conectar dos tramos de tuber\u00eda de polietileno (PE) en un \u00e1ngulo de 45 grados.","breadcrumb":{"@id":"https:\/\/saiga.es\/es\/producto\/racord-codo-45o-polietileno\/#breadcrumb"},"inLanguage":"es","potentialAction":[{"@type":"ReadAction","target":["https:\/\/saiga.es\/es\/producto\/racord-codo-45o-polietileno\/"]}]},{"@type":"ImageObject","inLanguage":"es","@id":"https:\/\/saiga.es\/es\/producto\/racord-codo-45o-polietileno\/#primaryimage","url":"https:\/\/saiga.es\/wp-content\/uploads\/2024\/05\/J-70-colze-45o.jpg","contentUrl":"https:\/\/saiga.es\/wp-content\/uploads\/2024\/05\/J-70-colze-45o.jpg","width":800,"height":800,"caption":"Codo 45 graus"},{"@type":"BreadcrumbList","@id":"https:\/\/saiga.es\/es\/producto\/racord-codo-45o-polietileno\/#breadcrumb","itemListElement":[{"@type":"ListItem","position":1,"name":"Inici","item":"https:\/\/saiga.es\/es\/"},{"@type":"ListItem","position":2,"name":"Tienda","item":"https:\/\/saiga.es\/es\/tienda\/"},{"@type":"ListItem","position":3,"name":"Racord Codo 45\u00ba Polietileno"}]},{"@type":"WebSite","@id":"https:\/\/saiga.es\/es\/#website","url":"https:\/\/saiga.es\/es\/","name":"SAIGA","description":"M\u00e9s de 50 anys al servei de la terra i treballant per a un \u00fas eficient de l\u2019aigua!","publisher":{"@id":"https:\/\/saiga.es\/es\/#organization"},"potentialAction":[{"@type":"SearchAction","target":{"@type":"EntryPoint","urlTemplate":"https:\/\/saiga.es\/es\/?s={search_term_string}"},"query-input":{"@type":"PropertyValueSpecification","valueRequired":true,"valueName":"search_term_string"}}],"inLanguage":"es"},{"@type":"Organization","@id":"https:\/\/saiga.es\/es\/#organization","name":"SAIGA","url":"https:\/\/saiga.es\/es\/","logo":{"@type":"ImageObject","inLanguage":"es","@id":"https:\/\/saiga.es\/es\/#\/schema\/logo\/image\/","url":"https:\/\/saiga.es\/wp-content\/uploads\/2025\/07\/logo_saiga_baseline_optimitzat.svg","contentUrl":"https:\/\/saiga.es\/wp-content\/uploads\/2025\/07\/logo_saiga_baseline_optimitzat.svg","caption":"SAIGA"},"image":{"@id":"https:\/\/saiga.es\/es\/#\/schema\/logo\/image\/"},"sameAs":["https:\/\/x.com\/saiga_agro","https:\/\/www.instagram.com\/saiga_agro\/"]}]}},"_links":{"self":[{"href":"https:\/\/saiga.es\/es\/wp-json\/wp\/v2\/product\/10526","targetHints":{"allow":["GET"]}}],"collection":[{"href":"https:\/\/saiga.es\/es\/wp-json\/wp\/v2\/product"}],"about":[{"href":"https:\/\/saiga.es\/es\/wp-json\/wp\/v2\/types\/product"}],"replies":[{"embeddable":true,"href":"https:\/\/saiga.es\/es\/wp-json\/wp\/v2\/comments?post=10526"}],"wp:featuredmedia":[{"embeddable":true,"href":"https:\/\/saiga.es\/es\/wp-json\/wp\/v2\/media\/10512"}],"wp:attachment":[{"href":"https:\/\/saiga.es\/es\/wp-json\/wp\/v2\/media?parent=10526"}],"wp:term":[{"taxonomy":"product_brand","embeddable":true,"href":"https:\/\/saiga.es\/es\/wp-json\/wp\/v2\/product_brand?post=10526"},{"taxonomy":"product_cat","embeddable":true,"href":"https:\/\/saiga.es\/es\/wp-json\/wp\/v2\/product_cat?post=10526"},{"taxonomy":"product_tag","embeddable":true,"href":"https:\/\/saiga.es\/es\/wp-json\/wp\/v2\/product_tag?post=10526"}],"curies":[{"name":"wp","href":"https:\/\/api.w.org\/{rel}","templated":true}]}}