{"id":10544,"date":"2024-05-28T10:48:56","date_gmt":"2024-05-28T10:48:56","guid":{"rendered":"https:\/\/botiga.saiga.es\/producte\/racord-codo-90o-polietileno\/"},"modified":"2025-10-31T10:21:31","modified_gmt":"2025-10-31T10:21:31","slug":"racord-codo-90o-polietileno","status":"publish","type":"product","link":"https:\/\/saiga.es\/es\/producto\/racord-codo-90o-polietileno\/","title":{"rendered":"Codo 90\u00b0 tuerca macho Jimten"},"content":{"rendered":"<p data-start=\"911\" data-end=\"1170\">El colze 90\u00b0 rosca mascle de polieti\u00e8 Jimten \u00e9s un accessori imprescindible per a les teves instal\u00b7lacions de reg i canonades a pressi\u00f3. Fabricat en polietil\u00e8 d\u2019alta densitat (PEAD), garanteix una gran resist\u00e8ncia mec\u00e0nica, durabilitat i seguretat en cada connexi\u00f3. <\/p>\n<p data-start=\"1172\" data-end=\"1392\">Gracias a su fabricaci\u00f3n de calidad ya su robusto dise\u00f1o, es capaz de soportar la presi\u00f3n y la exposici\u00f3n continuada al sol, ya que dispone de protecci\u00f3n contra rayos UV, evitando el deterioro con el tiempo.<\/p>\n<p data-start=\"1394\" data-end=\"1528\">El colze 90\u00b0 rosca mascle de polieti\u00e8 Jimten \u00e9s compatible amb tubs PE segons norma UNE, assegurant una connexi\u00f3 fiable, estanca i de f\u00e0cil instal\u00b7laci\u00f3.<\/p>\n<p data-start=\"1530\" data-end=\"1567\">Caracter\u00edsticas principales:<\/p>\n<ul data-start=\"1568\" data-end=\"1842\">\n<li data-start=\"1568\" data-end=\"1614\">\n<p data-start=\"1570\" data-end=\"1614\">Material: Polietileno de alta densidad (PEAD)<\/p>\n<\/li>\n<li data-start=\"1615\" data-end=\"1629\">\n<p data-start=\"1617\" data-end=\"1629\">\u00c1ngulo: 90\u00b0<\/p>\n<\/li>\n<li data-start=\"1630\" data-end=\"1668\">\n<p data-start=\"1632\" data-end=\"1668\">Resistencia: Gran dureza e impacto<\/p>\n<\/li>\n<li data-start=\"1669\" data-end=\"1718\">\n<p data-start=\"1671\" data-end=\"1718\">Protecci\u00f3n UV: Resistente a la degradaci\u00f3n solar<\/p>\n<\/li>\n<li data-start=\"1719\" data-end=\"1779\">\n<p data-start=\"1721\" data-end=\"1779\">Compatibilidad: V\u00e1lido para tubos PE seg\u00fan normativa UNE<\/p>\n<\/li>\n<li data-start=\"1780\" data-end=\"1842\">\n<p data-start=\"1782\" data-end=\"1842\">Marca: Jimten, referente en accesorios por riego e hidr\u00e1ulica<\/p>\n<\/li>\n<\/ul>\n<p data-start=\"1844\" data-end=\"1877\">Aplicaciones recomendadas:<\/p>\n<ul data-start=\"1878\" data-end=\"2045\">\n<li data-start=\"1878\" data-end=\"1926\">\n<p data-start=\"1880\" data-end=\"1926\">Sistemas de riego agr\u00edcola y de jardiner\u00eda<\/p>\n<\/li>\n<li data-start=\"1927\" data-end=\"1957\">\n<p data-start=\"1929\" data-end=\"1957\">Redes de agua potable<\/p>\n<\/li>\n<li data-start=\"1958\" data-end=\"2007\">\n<p data-start=\"1960\" data-end=\"2007\">Instalaciones hidr\u00e1ulicas e industriales<\/p>\n<\/li>\n<li data-start=\"2008\" data-end=\"2045\">\n<p data-start=\"2010\" data-end=\"2045\">Conexiones de tuber\u00edas a presi\u00f3n<\/p>\n<\/li>\n<\/ul>\n<p data-start=\"2047\" data-end=\"2247\">\u00bfPor qu\u00e9 elegir Jimten?<br data-start=\"2075\" data-end=\"2078\">Jimten es sin\u00f3nimo de calidad y fiabilidad en accesorios para instalaciones hidr\u00e1ulicas. Con este codo PEAD tendr\u00e1s la garant\u00eda de una conexi\u00f3n duradera y segura. <\/p>\n","protected":false},"excerpt":{"rendered":"<p data-start=\"649\" data-end=\"855\">Codo de 90\u00b0 tuerca macho en polietileno Jimten, dise\u00f1ado para ofrecer una conexi\u00f3n segura y resistente en instalaciones de riego y redes de agua. Ideal para uso agr\u00edcola, dom\u00e9stico e industrial. <\/p>\n","protected":false},"featured_media":10536,"comment_status":"closed","ping_status":"closed","template":"","meta":[],"product_brand":[],"product_cat":[1455],"product_tag":[234,1059,236,1058],"class_list":{"0":"post-10544","1":"product","2":"type-product","3":"status-publish","4":"has-post-thumbnail","6":"product_cat-jimten","7":"product_tag-codo","8":"product_tag-jimten-es","9":"product_tag-polietileno","10":"product_tag-racord-es","12":"first","13":"instock","14":"taxable","15":"shipping-taxable","16":"purchasable","17":"product-type-variable"},"yoast_head":"<!-- This site is optimized with the Yoast SEO plugin v27.4 - https:\/\/yoast.com\/product\/yoast-seo-wordpress\/ -->\n<title>Codo 90\u00b0 tuerca macho Jimten | SAIGA<\/title>\n<meta name=\"description\" content=\"Codo 90\u00b0 tuerca macho Jimten: robusto y resistente a los rayos UV. Conexi\u00f3n fiable seg\u00fan norma UNE para riego e instalaciones de agua. Compra online en SAIGA.\" \/>\n<meta name=\"robots\" content=\"index, follow, max-snippet:-1, max-image-preview:large, max-video-preview:-1\" \/>\n<link rel=\"canonical\" href=\"https:\/\/saiga.es\/es\/producto\/racord-codo-90o-polietileno\/\" \/>\n<meta property=\"og:locale\" content=\"es_ES\" \/>\n<meta property=\"og:type\" content=\"article\" \/>\n<meta property=\"og:title\" content=\"Codo 90\u00b0 tuerca macho Jimten | SAIGA\" \/>\n<meta property=\"og:description\" content=\"Codo 90\u00b0 tuerca macho Jimten: robusto y resistente a los rayos UV. Conexi\u00f3n fiable seg\u00fan norma UNE para riego e instalaciones de agua. Compra online en SAIGA.\" \/>\n<meta property=\"og:url\" content=\"https:\/\/saiga.es\/es\/producto\/racord-codo-90o-polietileno\/\" \/>\n<meta property=\"og:site_name\" content=\"SAIGA\" \/>\n<meta property=\"article:modified_time\" content=\"2025-10-31T10:21:31+00:00\" \/>\n<meta property=\"og:image\" content=\"https:\/\/saiga.es\/wp-content\/uploads\/2024\/05\/J-69-Colze-90.jpg\" \/>\n\t<meta property=\"og:image:width\" content=\"800\" \/>\n\t<meta property=\"og:image:height\" content=\"800\" \/>\n\t<meta property=\"og:image:type\" content=\"image\/jpeg\" \/>\n<meta name=\"twitter:card\" content=\"summary_large_image\" \/>\n<meta name=\"twitter:site\" content=\"@saiga_agro\" \/>\n<meta name=\"twitter:label1\" content=\"Tiempo de lectura\" \/>\n\t<meta name=\"twitter:data1\" content=\"1 minuto\" \/>\n<script type=\"application\/ld+json\" class=\"yoast-schema-graph\">{\"@context\":\"https:\\\/\\\/schema.org\",\"@graph\":[{\"@type\":\"WebPage\",\"@id\":\"https:\\\/\\\/saiga.es\\\/es\\\/producto\\\/racord-codo-90o-polietileno\\\/\",\"url\":\"https:\\\/\\\/saiga.es\\\/es\\\/producto\\\/racord-codo-90o-polietileno\\\/\",\"name\":\"Codo 90\u00b0 tuerca macho Jimten | SAIGA\",\"isPartOf\":{\"@id\":\"https:\\\/\\\/saiga.es\\\/es\\\/#website\"},\"primaryImageOfPage\":{\"@id\":\"https:\\\/\\\/saiga.es\\\/es\\\/producto\\\/racord-codo-90o-polietileno\\\/#primaryimage\"},\"image\":{\"@id\":\"https:\\\/\\\/saiga.es\\\/es\\\/producto\\\/racord-codo-90o-polietileno\\\/#primaryimage\"},\"thumbnailUrl\":\"https:\\\/\\\/saiga.es\\\/wp-content\\\/uploads\\\/2024\\\/05\\\/J-69-Colze-90.jpg\",\"datePublished\":\"2024-05-28T10:48:56+00:00\",\"dateModified\":\"2025-10-31T10:21:31+00:00\",\"description\":\"Codo 90\u00b0 tuerca macho Jimten: robusto y resistente a los rayos UV. Conexi\u00f3n fiable seg\u00fan norma UNE para riego e instalaciones de agua. Compra online en SAIGA.\",\"breadcrumb\":{\"@id\":\"https:\\\/\\\/saiga.es\\\/es\\\/producto\\\/racord-codo-90o-polietileno\\\/#breadcrumb\"},\"inLanguage\":\"es\",\"potentialAction\":[{\"@type\":\"ReadAction\",\"target\":[\"https:\\\/\\\/saiga.es\\\/es\\\/producto\\\/racord-codo-90o-polietileno\\\/\"]}]},{\"@type\":\"ImageObject\",\"inLanguage\":\"es\",\"@id\":\"https:\\\/\\\/saiga.es\\\/es\\\/producto\\\/racord-codo-90o-polietileno\\\/#primaryimage\",\"url\":\"https:\\\/\\\/saiga.es\\\/wp-content\\\/uploads\\\/2024\\\/05\\\/J-69-Colze-90.jpg\",\"contentUrl\":\"https:\\\/\\\/saiga.es\\\/wp-content\\\/uploads\\\/2024\\\/05\\\/J-69-Colze-90.jpg\",\"width\":800,\"height\":800,\"caption\":\"90\u00b0 en polietil\u00e8 d\u2019alta densitat (PEAD) Jimten\"},{\"@type\":\"BreadcrumbList\",\"@id\":\"https:\\\/\\\/saiga.es\\\/es\\\/producto\\\/racord-codo-90o-polietileno\\\/#breadcrumb\",\"itemListElement\":[{\"@type\":\"ListItem\",\"position\":1,\"name\":\"Inici\",\"item\":\"https:\\\/\\\/saiga.es\\\/es\\\/\"},{\"@type\":\"ListItem\",\"position\":2,\"name\":\"Tienda\",\"item\":\"https:\\\/\\\/saiga.es\\\/es\\\/tienda\\\/\"},{\"@type\":\"ListItem\",\"position\":3,\"name\":\"Codo 90\u00b0 tuerca macho Jimten\"}]},{\"@type\":\"WebSite\",\"@id\":\"https:\\\/\\\/saiga.es\\\/es\\\/#website\",\"url\":\"https:\\\/\\\/saiga.es\\\/es\\\/\",\"name\":\"SAIGA\",\"description\":\"M\u00e9s de 50 anys al servei de la terra i treballant per a un \u00fas eficient de l\u2019aigua!\",\"publisher\":{\"@id\":\"https:\\\/\\\/saiga.es\\\/es\\\/#organization\"},\"potentialAction\":[{\"@type\":\"SearchAction\",\"target\":{\"@type\":\"EntryPoint\",\"urlTemplate\":\"https:\\\/\\\/saiga.es\\\/es\\\/?s={search_term_string}\"},\"query-input\":{\"@type\":\"PropertyValueSpecification\",\"valueRequired\":true,\"valueName\":\"search_term_string\"}}],\"inLanguage\":\"es\"},{\"@type\":\"Organization\",\"@id\":\"https:\\\/\\\/saiga.es\\\/es\\\/#organization\",\"name\":\"SAIGA\",\"url\":\"https:\\\/\\\/saiga.es\\\/es\\\/\",\"logo\":{\"@type\":\"ImageObject\",\"inLanguage\":\"es\",\"@id\":\"https:\\\/\\\/saiga.es\\\/es\\\/#\\\/schema\\\/logo\\\/image\\\/\",\"url\":\"https:\\\/\\\/saiga.es\\\/wp-content\\\/uploads\\\/2025\\\/07\\\/logo_saiga_baseline_optimitzat.svg\",\"contentUrl\":\"https:\\\/\\\/saiga.es\\\/wp-content\\\/uploads\\\/2025\\\/07\\\/logo_saiga_baseline_optimitzat.svg\",\"caption\":\"SAIGA\"},\"image\":{\"@id\":\"https:\\\/\\\/saiga.es\\\/es\\\/#\\\/schema\\\/logo\\\/image\\\/\"},\"sameAs\":[\"https:\\\/\\\/x.com\\\/saiga_agro\",\"https:\\\/\\\/www.instagram.com\\\/saiga_agro\\\/\"]}]}<\/script>\n<!-- \/ Yoast SEO plugin. -->","yoast_head_json":{"title":"Codo 90\u00b0 tuerca macho Jimten | SAIGA","description":"Codo 90\u00b0 tuerca macho Jimten: robusto y resistente a los rayos UV. Conexi\u00f3n fiable seg\u00fan norma UNE para riego e instalaciones de agua. Compra online en SAIGA.","robots":{"index":"index","follow":"follow","max-snippet":"max-snippet:-1","max-image-preview":"max-image-preview:large","max-video-preview":"max-video-preview:-1"},"canonical":"https:\/\/saiga.es\/es\/producto\/racord-codo-90o-polietileno\/","og_locale":"es_ES","og_type":"article","og_title":"Codo 90\u00b0 tuerca macho Jimten | SAIGA","og_description":"Codo 90\u00b0 tuerca macho Jimten: robusto y resistente a los rayos UV. Conexi\u00f3n fiable seg\u00fan norma UNE para riego e instalaciones de agua. Compra online en SAIGA.","og_url":"https:\/\/saiga.es\/es\/producto\/racord-codo-90o-polietileno\/","og_site_name":"SAIGA","article_modified_time":"2025-10-31T10:21:31+00:00","og_image":[{"width":800,"height":800,"url":"https:\/\/saiga.es\/wp-content\/uploads\/2024\/05\/J-69-Colze-90.jpg","type":"image\/jpeg"}],"twitter_card":"summary_large_image","twitter_site":"@saiga_agro","twitter_misc":{"Tiempo de lectura":"1 minuto"},"schema":{"@context":"https:\/\/schema.org","@graph":[{"@type":"WebPage","@id":"https:\/\/saiga.es\/es\/producto\/racord-codo-90o-polietileno\/","url":"https:\/\/saiga.es\/es\/producto\/racord-codo-90o-polietileno\/","name":"Codo 90\u00b0 tuerca macho Jimten | SAIGA","isPartOf":{"@id":"https:\/\/saiga.es\/es\/#website"},"primaryImageOfPage":{"@id":"https:\/\/saiga.es\/es\/producto\/racord-codo-90o-polietileno\/#primaryimage"},"image":{"@id":"https:\/\/saiga.es\/es\/producto\/racord-codo-90o-polietileno\/#primaryimage"},"thumbnailUrl":"https:\/\/saiga.es\/wp-content\/uploads\/2024\/05\/J-69-Colze-90.jpg","datePublished":"2024-05-28T10:48:56+00:00","dateModified":"2025-10-31T10:21:31+00:00","description":"Codo 90\u00b0 tuerca macho Jimten: robusto y resistente a los rayos UV. Conexi\u00f3n fiable seg\u00fan norma UNE para riego e instalaciones de agua. Compra online en SAIGA.","breadcrumb":{"@id":"https:\/\/saiga.es\/es\/producto\/racord-codo-90o-polietileno\/#breadcrumb"},"inLanguage":"es","potentialAction":[{"@type":"ReadAction","target":["https:\/\/saiga.es\/es\/producto\/racord-codo-90o-polietileno\/"]}]},{"@type":"ImageObject","inLanguage":"es","@id":"https:\/\/saiga.es\/es\/producto\/racord-codo-90o-polietileno\/#primaryimage","url":"https:\/\/saiga.es\/wp-content\/uploads\/2024\/05\/J-69-Colze-90.jpg","contentUrl":"https:\/\/saiga.es\/wp-content\/uploads\/2024\/05\/J-69-Colze-90.jpg","width":800,"height":800,"caption":"90\u00b0 en polietil\u00e8 d\u2019alta densitat (PEAD) Jimten"},{"@type":"BreadcrumbList","@id":"https:\/\/saiga.es\/es\/producto\/racord-codo-90o-polietileno\/#breadcrumb","itemListElement":[{"@type":"ListItem","position":1,"name":"Inici","item":"https:\/\/saiga.es\/es\/"},{"@type":"ListItem","position":2,"name":"Tienda","item":"https:\/\/saiga.es\/es\/tienda\/"},{"@type":"ListItem","position":3,"name":"Codo 90\u00b0 tuerca macho Jimten"}]},{"@type":"WebSite","@id":"https:\/\/saiga.es\/es\/#website","url":"https:\/\/saiga.es\/es\/","name":"SAIGA","description":"M\u00e9s de 50 anys al servei de la terra i treballant per a un \u00fas eficient de l\u2019aigua!","publisher":{"@id":"https:\/\/saiga.es\/es\/#organization"},"potentialAction":[{"@type":"SearchAction","target":{"@type":"EntryPoint","urlTemplate":"https:\/\/saiga.es\/es\/?s={search_term_string}"},"query-input":{"@type":"PropertyValueSpecification","valueRequired":true,"valueName":"search_term_string"}}],"inLanguage":"es"},{"@type":"Organization","@id":"https:\/\/saiga.es\/es\/#organization","name":"SAIGA","url":"https:\/\/saiga.es\/es\/","logo":{"@type":"ImageObject","inLanguage":"es","@id":"https:\/\/saiga.es\/es\/#\/schema\/logo\/image\/","url":"https:\/\/saiga.es\/wp-content\/uploads\/2025\/07\/logo_saiga_baseline_optimitzat.svg","contentUrl":"https:\/\/saiga.es\/wp-content\/uploads\/2025\/07\/logo_saiga_baseline_optimitzat.svg","caption":"SAIGA"},"image":{"@id":"https:\/\/saiga.es\/es\/#\/schema\/logo\/image\/"},"sameAs":["https:\/\/x.com\/saiga_agro","https:\/\/www.instagram.com\/saiga_agro\/"]}]}},"_links":{"self":[{"href":"https:\/\/saiga.es\/es\/wp-json\/wp\/v2\/product\/10544","targetHints":{"allow":["GET"]}}],"collection":[{"href":"https:\/\/saiga.es\/es\/wp-json\/wp\/v2\/product"}],"about":[{"href":"https:\/\/saiga.es\/es\/wp-json\/wp\/v2\/types\/product"}],"replies":[{"embeddable":true,"href":"https:\/\/saiga.es\/es\/wp-json\/wp\/v2\/comments?post=10544"}],"wp:featuredmedia":[{"embeddable":true,"href":"https:\/\/saiga.es\/es\/wp-json\/wp\/v2\/media\/10536"}],"wp:attachment":[{"href":"https:\/\/saiga.es\/es\/wp-json\/wp\/v2\/media?parent=10544"}],"wp:term":[{"taxonomy":"product_brand","embeddable":true,"href":"https:\/\/saiga.es\/es\/wp-json\/wp\/v2\/product_brand?post=10544"},{"taxonomy":"product_cat","embeddable":true,"href":"https:\/\/saiga.es\/es\/wp-json\/wp\/v2\/product_cat?post=10544"},{"taxonomy":"product_tag","embeddable":true,"href":"https:\/\/saiga.es\/es\/wp-json\/wp\/v2\/product_tag?post=10544"}],"curies":[{"name":"wp","href":"https:\/\/api.w.org\/{rel}","templated":true}]}}