{"id":10613,"date":"2024-05-29T08:32:59","date_gmt":"2024-05-29T08:32:59","guid":{"rendered":"https:\/\/botiga.saiga.es\/producte\/detergente-tangido-05l\/"},"modified":"2024-05-29T08:32:59","modified_gmt":"2024-05-29T08:32:59","slug":"detergente-tangido-05l","status":"publish","type":"product","link":"https:\/\/saiga.es\/es\/producto\/detergente-tangido-05l\/","title":{"rendered":"Detergente tangido 0,5L"},"content":{"rendered":"<p>Detergente tangido 0,5L<\/p>\n<p>Detergente para tuber\u00edas y piezas de PVC-U, PVC-C y ABS.<br \/>\nEs recomendable utilizarlo antes de realizar las uniones de PVC-U con el adhesivo Tangit.<br \/>\nGran poder de limpieza, sec\u00e1ndose sin dejar residuos y contiene disolvente limpiador de alta pureza. No se recomienda para limpieza de tuber\u00edas de polietile unidas posteriormente por soldadura. Por esta aplicaci\u00f3n se recomiendan las toallitas limpiadoras tangido.<\/p>\n","protected":false},"excerpt":{"rendered":"<p>Detergente tangido 0,5L<\/p>\n<p>Detergente para tuber\u00edas y piezas de PVC-U, PVC-C y ABS.<br \/>\nEs recomendable utilizarlo antes de realizar las uniones de PVC-U con el adhesivo Tangit.<br \/>\nGran poder de limpieza, sec\u00e1ndose sin dejar residuos y contiene disolvente limpiador de alta pureza. No se recomienda para limpieza de tuber\u00edas de polietile unidas posteriormente por soldadura. Por esta aplicaci\u00f3n se recomiendan las toallitas limpiadoras tangido.<\/p>\n","protected":false},"featured_media":10567,"comment_status":"open","ping_status":"closed","template":"","meta":[],"product_brand":[],"product_cat":[1326],"product_tag":[],"class_list":{"0":"post-10613","1":"product","2":"type-product","3":"status-publish","4":"has-post-thumbnail","6":"product_cat-bricolaje","8":"first","9":"instock","10":"taxable","11":"shipping-taxable","12":"purchasable","13":"product-type-simple"},"yoast_head":"<!-- This site is optimized with the Yoast SEO plugin v27.3 - https:\/\/yoast.com\/product\/yoast-seo-wordpress\/ -->\n<title>Detergente tangido 0,5L | SAIGA<\/title>\n<meta name=\"robots\" content=\"index, follow, max-snippet:-1, max-image-preview:large, max-video-preview:-1\" \/>\n<link rel=\"canonical\" href=\"https:\/\/saiga.es\/es\/producto\/detergente-tangido-05l\/\" \/>\n<meta property=\"og:locale\" content=\"es_ES\" \/>\n<meta property=\"og:type\" content=\"article\" \/>\n<meta property=\"og:title\" content=\"Detergente tangido 0,5L | SAIGA\" \/>\n<meta property=\"og:description\" content=\"Detergente tangido 0,5L Detergente para tuber\u00edas y piezas de PVC-U, PVC-C y ABS. Es recomendable utilizarlo antes de realizar las uniones de PVC-U con el adhesivo Tangit. Gran poder de limpieza, sec\u00e1ndose sin dejar residuos y contiene disolvente limpiador de alta pureza. No se recomienda para limpieza de tuber\u00edas de polietile unidas posteriormente por soldadura. Por esta aplicaci\u00f3n se recomiendan las toallitas limpiadoras tangido.\" \/>\n<meta property=\"og:url\" content=\"https:\/\/saiga.es\/es\/producto\/detergente-tangido-05l\/\" \/>\n<meta property=\"og:site_name\" content=\"SAIGA\" \/>\n<meta property=\"og:image\" content=\"https:\/\/saiga.es\/wp-content\/uploads\/2024\/05\/tangit-limpiador-bote-1-2-l2136207-de-tangit.jpg\" \/>\n\t<meta property=\"og:image:width\" content=\"1100\" \/>\n\t<meta property=\"og:image:height\" content=\"1422\" \/>\n\t<meta property=\"og:image:type\" content=\"image\/jpeg\" \/>\n<meta name=\"twitter:card\" content=\"summary_large_image\" \/>\n<meta name=\"twitter:site\" content=\"@saiga_agro\" \/>\n<script type=\"application\/ld+json\" class=\"yoast-schema-graph\">{\"@context\":\"https:\\\/\\\/schema.org\",\"@graph\":[{\"@type\":\"WebPage\",\"@id\":\"https:\\\/\\\/saiga.es\\\/es\\\/producto\\\/detergente-tangido-05l\\\/\",\"url\":\"https:\\\/\\\/saiga.es\\\/es\\\/producto\\\/detergente-tangido-05l\\\/\",\"name\":\"Detergente tangido 0,5L | SAIGA\",\"isPartOf\":{\"@id\":\"https:\\\/\\\/saiga.es\\\/es\\\/#website\"},\"primaryImageOfPage\":{\"@id\":\"https:\\\/\\\/saiga.es\\\/es\\\/producto\\\/detergente-tangido-05l\\\/#primaryimage\"},\"image\":{\"@id\":\"https:\\\/\\\/saiga.es\\\/es\\\/producto\\\/detergente-tangido-05l\\\/#primaryimage\"},\"thumbnailUrl\":\"https:\\\/\\\/saiga.es\\\/wp-content\\\/uploads\\\/2024\\\/05\\\/tangit-limpiador-bote-1-2-l2136207-de-tangit.jpg\",\"datePublished\":\"2024-05-29T08:32:59+00:00\",\"breadcrumb\":{\"@id\":\"https:\\\/\\\/saiga.es\\\/es\\\/producto\\\/detergente-tangido-05l\\\/#breadcrumb\"},\"inLanguage\":\"es\",\"potentialAction\":[{\"@type\":\"ReadAction\",\"target\":[\"https:\\\/\\\/saiga.es\\\/es\\\/producto\\\/detergente-tangido-05l\\\/\"]}]},{\"@type\":\"ImageObject\",\"inLanguage\":\"es\",\"@id\":\"https:\\\/\\\/saiga.es\\\/es\\\/producto\\\/detergente-tangido-05l\\\/#primaryimage\",\"url\":\"https:\\\/\\\/saiga.es\\\/wp-content\\\/uploads\\\/2024\\\/05\\\/tangit-limpiador-bote-1-2-l2136207-de-tangit.jpg\",\"contentUrl\":\"https:\\\/\\\/saiga.es\\\/wp-content\\\/uploads\\\/2024\\\/05\\\/tangit-limpiador-bote-1-2-l2136207-de-tangit.jpg\",\"width\":1100,\"height\":1422},{\"@type\":\"BreadcrumbList\",\"@id\":\"https:\\\/\\\/saiga.es\\\/es\\\/producto\\\/detergente-tangido-05l\\\/#breadcrumb\",\"itemListElement\":[{\"@type\":\"ListItem\",\"position\":1,\"name\":\"Inici\",\"item\":\"https:\\\/\\\/saiga.es\\\/es\\\/\"},{\"@type\":\"ListItem\",\"position\":2,\"name\":\"Tienda\",\"item\":\"https:\\\/\\\/saiga.es\\\/es\\\/tienda\\\/\"},{\"@type\":\"ListItem\",\"position\":3,\"name\":\"Detergente tangido 0,5L\"}]},{\"@type\":\"WebSite\",\"@id\":\"https:\\\/\\\/saiga.es\\\/es\\\/#website\",\"url\":\"https:\\\/\\\/saiga.es\\\/es\\\/\",\"name\":\"SAIGA\",\"description\":\"M\u00e9s de 50 anys al servei de la terra i treballant per a un \u00fas eficient de l\u2019aigua!\",\"publisher\":{\"@id\":\"https:\\\/\\\/saiga.es\\\/es\\\/#organization\"},\"potentialAction\":[{\"@type\":\"SearchAction\",\"target\":{\"@type\":\"EntryPoint\",\"urlTemplate\":\"https:\\\/\\\/saiga.es\\\/es\\\/?s={search_term_string}\"},\"query-input\":{\"@type\":\"PropertyValueSpecification\",\"valueRequired\":true,\"valueName\":\"search_term_string\"}}],\"inLanguage\":\"es\"},{\"@type\":\"Organization\",\"@id\":\"https:\\\/\\\/saiga.es\\\/es\\\/#organization\",\"name\":\"SAIGA\",\"url\":\"https:\\\/\\\/saiga.es\\\/es\\\/\",\"logo\":{\"@type\":\"ImageObject\",\"inLanguage\":\"es\",\"@id\":\"https:\\\/\\\/saiga.es\\\/es\\\/#\\\/schema\\\/logo\\\/image\\\/\",\"url\":\"https:\\\/\\\/saiga.es\\\/wp-content\\\/uploads\\\/2025\\\/07\\\/logo_saiga_baseline_optimitzat.svg\",\"contentUrl\":\"https:\\\/\\\/saiga.es\\\/wp-content\\\/uploads\\\/2025\\\/07\\\/logo_saiga_baseline_optimitzat.svg\",\"caption\":\"SAIGA\"},\"image\":{\"@id\":\"https:\\\/\\\/saiga.es\\\/es\\\/#\\\/schema\\\/logo\\\/image\\\/\"},\"sameAs\":[\"https:\\\/\\\/x.com\\\/saiga_agro\",\"https:\\\/\\\/www.instagram.com\\\/saiga_agro\\\/\"]}]}<\/script>\n<!-- \/ Yoast SEO plugin. -->","yoast_head_json":{"title":"Detergente tangido 0,5L | SAIGA","robots":{"index":"index","follow":"follow","max-snippet":"max-snippet:-1","max-image-preview":"max-image-preview:large","max-video-preview":"max-video-preview:-1"},"canonical":"https:\/\/saiga.es\/es\/producto\/detergente-tangido-05l\/","og_locale":"es_ES","og_type":"article","og_title":"Detergente tangido 0,5L | SAIGA","og_description":"Detergente tangido 0,5L Detergente para tuber\u00edas y piezas de PVC-U, PVC-C y ABS. Es recomendable utilizarlo antes de realizar las uniones de PVC-U con el adhesivo Tangit. Gran poder de limpieza, sec\u00e1ndose sin dejar residuos y contiene disolvente limpiador de alta pureza. No se recomienda para limpieza de tuber\u00edas de polietile unidas posteriormente por soldadura. Por esta aplicaci\u00f3n se recomiendan las toallitas limpiadoras tangido.","og_url":"https:\/\/saiga.es\/es\/producto\/detergente-tangido-05l\/","og_site_name":"SAIGA","og_image":[{"width":1100,"height":1422,"url":"https:\/\/saiga.es\/wp-content\/uploads\/2024\/05\/tangit-limpiador-bote-1-2-l2136207-de-tangit.jpg","type":"image\/jpeg"}],"twitter_card":"summary_large_image","twitter_site":"@saiga_agro","schema":{"@context":"https:\/\/schema.org","@graph":[{"@type":"WebPage","@id":"https:\/\/saiga.es\/es\/producto\/detergente-tangido-05l\/","url":"https:\/\/saiga.es\/es\/producto\/detergente-tangido-05l\/","name":"Detergente tangido 0,5L | SAIGA","isPartOf":{"@id":"https:\/\/saiga.es\/es\/#website"},"primaryImageOfPage":{"@id":"https:\/\/saiga.es\/es\/producto\/detergente-tangido-05l\/#primaryimage"},"image":{"@id":"https:\/\/saiga.es\/es\/producto\/detergente-tangido-05l\/#primaryimage"},"thumbnailUrl":"https:\/\/saiga.es\/wp-content\/uploads\/2024\/05\/tangit-limpiador-bote-1-2-l2136207-de-tangit.jpg","datePublished":"2024-05-29T08:32:59+00:00","breadcrumb":{"@id":"https:\/\/saiga.es\/es\/producto\/detergente-tangido-05l\/#breadcrumb"},"inLanguage":"es","potentialAction":[{"@type":"ReadAction","target":["https:\/\/saiga.es\/es\/producto\/detergente-tangido-05l\/"]}]},{"@type":"ImageObject","inLanguage":"es","@id":"https:\/\/saiga.es\/es\/producto\/detergente-tangido-05l\/#primaryimage","url":"https:\/\/saiga.es\/wp-content\/uploads\/2024\/05\/tangit-limpiador-bote-1-2-l2136207-de-tangit.jpg","contentUrl":"https:\/\/saiga.es\/wp-content\/uploads\/2024\/05\/tangit-limpiador-bote-1-2-l2136207-de-tangit.jpg","width":1100,"height":1422},{"@type":"BreadcrumbList","@id":"https:\/\/saiga.es\/es\/producto\/detergente-tangido-05l\/#breadcrumb","itemListElement":[{"@type":"ListItem","position":1,"name":"Inici","item":"https:\/\/saiga.es\/es\/"},{"@type":"ListItem","position":2,"name":"Tienda","item":"https:\/\/saiga.es\/es\/tienda\/"},{"@type":"ListItem","position":3,"name":"Detergente tangido 0,5L"}]},{"@type":"WebSite","@id":"https:\/\/saiga.es\/es\/#website","url":"https:\/\/saiga.es\/es\/","name":"SAIGA","description":"M\u00e9s de 50 anys al servei de la terra i treballant per a un \u00fas eficient de l\u2019aigua!","publisher":{"@id":"https:\/\/saiga.es\/es\/#organization"},"potentialAction":[{"@type":"SearchAction","target":{"@type":"EntryPoint","urlTemplate":"https:\/\/saiga.es\/es\/?s={search_term_string}"},"query-input":{"@type":"PropertyValueSpecification","valueRequired":true,"valueName":"search_term_string"}}],"inLanguage":"es"},{"@type":"Organization","@id":"https:\/\/saiga.es\/es\/#organization","name":"SAIGA","url":"https:\/\/saiga.es\/es\/","logo":{"@type":"ImageObject","inLanguage":"es","@id":"https:\/\/saiga.es\/es\/#\/schema\/logo\/image\/","url":"https:\/\/saiga.es\/wp-content\/uploads\/2025\/07\/logo_saiga_baseline_optimitzat.svg","contentUrl":"https:\/\/saiga.es\/wp-content\/uploads\/2025\/07\/logo_saiga_baseline_optimitzat.svg","caption":"SAIGA"},"image":{"@id":"https:\/\/saiga.es\/es\/#\/schema\/logo\/image\/"},"sameAs":["https:\/\/x.com\/saiga_agro","https:\/\/www.instagram.com\/saiga_agro\/"]}]}},"_links":{"self":[{"href":"https:\/\/saiga.es\/es\/wp-json\/wp\/v2\/product\/10613","targetHints":{"allow":["GET"]}}],"collection":[{"href":"https:\/\/saiga.es\/es\/wp-json\/wp\/v2\/product"}],"about":[{"href":"https:\/\/saiga.es\/es\/wp-json\/wp\/v2\/types\/product"}],"replies":[{"embeddable":true,"href":"https:\/\/saiga.es\/es\/wp-json\/wp\/v2\/comments?post=10613"}],"wp:featuredmedia":[{"embeddable":true,"href":"https:\/\/saiga.es\/es\/wp-json\/wp\/v2\/media\/10567"}],"wp:attachment":[{"href":"https:\/\/saiga.es\/es\/wp-json\/wp\/v2\/media?parent=10613"}],"wp:term":[{"taxonomy":"product_brand","embeddable":true,"href":"https:\/\/saiga.es\/es\/wp-json\/wp\/v2\/product_brand?post=10613"},{"taxonomy":"product_cat","embeddable":true,"href":"https:\/\/saiga.es\/es\/wp-json\/wp\/v2\/product_cat?post=10613"},{"taxonomy":"product_tag","embeddable":true,"href":"https:\/\/saiga.es\/es\/wp-json\/wp\/v2\/product_tag?post=10613"}],"curies":[{"name":"wp","href":"https:\/\/api.w.org\/{rel}","templated":true}]}}