{"id":10798,"date":"2024-06-20T08:18:14","date_gmt":"2024-06-20T08:18:14","guid":{"rendered":"https:\/\/botiga.saiga.es\/producte\/codo-45o-polietileno\/"},"modified":"2024-06-20T08:18:14","modified_gmt":"2024-06-20T08:18:14","slug":"codo-45o-polietileno","status":"publish","type":"product","link":"https:\/\/saiga.es\/es\/producto\/codo-45o-polietileno\/","title":{"rendered":"Codo 45\u00ba Polietileno"},"content":{"rendered":"<p>Codo de 45\u00ba y varios tama\u00f1os de di\u00e1metro de la marca Plasson.<\/p>\n<p>&nbsp;<\/p>\n","protected":false},"excerpt":{"rendered":"<p>Temperatura de trabajo: Los accesorios y v\u00e1lvulas no son recomendados para utilizar con agua caliente, aunque soportan las mismas temperaturas que las tuber\u00edas de polietileno. Sin embargo, pueden resistir temperaturas inferiores a los cero grados cent\u00edgrados.<\/p>\n<p>Resistencia de las sustancias qu\u00edmica: Los accesorios Plasson est\u00e1n provistos, como est\u00e1ndar, con casquillos de apriete de resina acet\u00e1lica y juntas t\u00f3ricas de NBR, recomendados para utilizar con agua potable. Para las aplicaciones de productos qu\u00edmicos agresivos se ofrecen casquillos de apriete de CPVC y juntas t\u00f3ricas de EPDM o FPM, que resisten mejor las sustancias qu\u00edmicas.<\/p>\n<p>Presiones de funcionamiento y certificados calidad: Todos los accesorios de Plasson se someten a pruebas de aprobaci\u00f3n, de conformidad con las normativas ISO 17885 &#8211; Agua (sustituye a la ISO 14236) y AS\/NZ 4129. Para ver una clasificaci\u00f3n detallada de las presiones, consulte la p\u00e1gina 73.<\/p>\n<p>Roscas: Todas las roscas responden a las normas ISO-7\/1, BS 21, DIN 2999, NI\u00d1O 3258, AS 1722<br \/>\nPart 1-1975.<\/p>\n<p>Todas las tuercas hembra menores de 3\u201d son paralelas: El resto de tuercas macho y hembra son c\u00f3nicas.<br \/>\nBridas: Las dimensiones de las bridas responden a las normas ISO 7005-1 (TABLE 11), BS 4504:1989 (TABLE 11), DIN 2501 (PN 16 TABLE), AS\/NZS 4331. Con todas las portabridas se debe utilizar una brida de metal.<\/p>\n","protected":false},"featured_media":10805,"comment_status":"open","ping_status":"closed","template":"","meta":[],"product_brand":[],"product_cat":[1473],"product_tag":[234,1474],"class_list":{"0":"post-10798","1":"product","2":"type-product","3":"status-publish","4":"has-post-thumbnail","6":"product_cat-plasson-es","7":"product_tag-codo","8":"product_tag-plasson-es","10":"first","11":"instock","12":"taxable","13":"shipping-taxable","14":"purchasable","15":"product-type-variable"},"yoast_head":"<!-- This site is optimized with the Yoast SEO plugin v27.4 - https:\/\/yoast.com\/product\/yoast-seo-wordpress\/ -->\n<title>Codo 45\u00ba Polietileno | SAIGA<\/title>\n<meta name=\"description\" content=\"Codo de 45\u00ba y varios tama\u00f1os de di\u00e1metro de la marca Plasson.\" \/>\n<meta name=\"robots\" content=\"index, follow, max-snippet:-1, max-image-preview:large, max-video-preview:-1\" \/>\n<link rel=\"canonical\" href=\"https:\/\/saiga.es\/es\/producto\/codo-45o-polietileno\/\" \/>\n<meta property=\"og:locale\" content=\"es_ES\" \/>\n<meta property=\"og:type\" content=\"article\" \/>\n<meta property=\"og:title\" content=\"Codo 45\u00ba Polietileno | SAIGA\" \/>\n<meta property=\"og:description\" content=\"Codo de 45\u00ba y varios tama\u00f1os de di\u00e1metro de la marca Plasson.\" \/>\n<meta property=\"og:url\" content=\"https:\/\/saiga.es\/es\/producto\/codo-45o-polietileno\/\" \/>\n<meta property=\"og:site_name\" content=\"SAIGA\" \/>\n<meta property=\"og:image\" content=\"https:\/\/saiga.es\/wp-content\/uploads\/2024\/06\/Colze-45o-1.jpg\" \/>\n\t<meta property=\"og:image:width\" content=\"1080\" \/>\n\t<meta property=\"og:image:height\" content=\"1080\" \/>\n\t<meta property=\"og:image:type\" content=\"image\/jpeg\" \/>\n<meta name=\"twitter:card\" content=\"summary_large_image\" \/>\n<meta name=\"twitter:site\" content=\"@saiga_agro\" \/>\n<script type=\"application\/ld+json\" class=\"yoast-schema-graph\">{\"@context\":\"https:\\\/\\\/schema.org\",\"@graph\":[{\"@type\":\"WebPage\",\"@id\":\"https:\\\/\\\/saiga.es\\\/es\\\/producto\\\/codo-45o-polietileno\\\/\",\"url\":\"https:\\\/\\\/saiga.es\\\/es\\\/producto\\\/codo-45o-polietileno\\\/\",\"name\":\"Codo 45\u00ba Polietileno | SAIGA\",\"isPartOf\":{\"@id\":\"https:\\\/\\\/saiga.es\\\/es\\\/#website\"},\"primaryImageOfPage\":{\"@id\":\"https:\\\/\\\/saiga.es\\\/es\\\/producto\\\/codo-45o-polietileno\\\/#primaryimage\"},\"image\":{\"@id\":\"https:\\\/\\\/saiga.es\\\/es\\\/producto\\\/codo-45o-polietileno\\\/#primaryimage\"},\"thumbnailUrl\":\"https:\\\/\\\/saiga.es\\\/wp-content\\\/uploads\\\/2024\\\/06\\\/Colze-45o-1.jpg\",\"datePublished\":\"2024-06-20T08:18:14+00:00\",\"description\":\"Codo de 45\u00ba y varios tama\u00f1os de di\u00e1metro de la marca Plasson.\",\"breadcrumb\":{\"@id\":\"https:\\\/\\\/saiga.es\\\/es\\\/producto\\\/codo-45o-polietileno\\\/#breadcrumb\"},\"inLanguage\":\"es\",\"potentialAction\":[{\"@type\":\"ReadAction\",\"target\":[\"https:\\\/\\\/saiga.es\\\/es\\\/producto\\\/codo-45o-polietileno\\\/\"]}]},{\"@type\":\"ImageObject\",\"inLanguage\":\"es\",\"@id\":\"https:\\\/\\\/saiga.es\\\/es\\\/producto\\\/codo-45o-polietileno\\\/#primaryimage\",\"url\":\"https:\\\/\\\/saiga.es\\\/wp-content\\\/uploads\\\/2024\\\/06\\\/Colze-45o-1.jpg\",\"contentUrl\":\"https:\\\/\\\/saiga.es\\\/wp-content\\\/uploads\\\/2024\\\/06\\\/Colze-45o-1.jpg\",\"width\":1080,\"height\":1080},{\"@type\":\"BreadcrumbList\",\"@id\":\"https:\\\/\\\/saiga.es\\\/es\\\/producto\\\/codo-45o-polietileno\\\/#breadcrumb\",\"itemListElement\":[{\"@type\":\"ListItem\",\"position\":1,\"name\":\"Inici\",\"item\":\"https:\\\/\\\/saiga.es\\\/es\\\/\"},{\"@type\":\"ListItem\",\"position\":2,\"name\":\"Tienda\",\"item\":\"https:\\\/\\\/saiga.es\\\/es\\\/tienda\\\/\"},{\"@type\":\"ListItem\",\"position\":3,\"name\":\"Codo 45\u00ba Polietileno\"}]},{\"@type\":\"WebSite\",\"@id\":\"https:\\\/\\\/saiga.es\\\/es\\\/#website\",\"url\":\"https:\\\/\\\/saiga.es\\\/es\\\/\",\"name\":\"SAIGA\",\"description\":\"M\u00e9s de 50 anys al servei de la terra i treballant per a un \u00fas eficient de l\u2019aigua!\",\"publisher\":{\"@id\":\"https:\\\/\\\/saiga.es\\\/es\\\/#organization\"},\"potentialAction\":[{\"@type\":\"SearchAction\",\"target\":{\"@type\":\"EntryPoint\",\"urlTemplate\":\"https:\\\/\\\/saiga.es\\\/es\\\/?s={search_term_string}\"},\"query-input\":{\"@type\":\"PropertyValueSpecification\",\"valueRequired\":true,\"valueName\":\"search_term_string\"}}],\"inLanguage\":\"es\"},{\"@type\":\"Organization\",\"@id\":\"https:\\\/\\\/saiga.es\\\/es\\\/#organization\",\"name\":\"SAIGA\",\"url\":\"https:\\\/\\\/saiga.es\\\/es\\\/\",\"logo\":{\"@type\":\"ImageObject\",\"inLanguage\":\"es\",\"@id\":\"https:\\\/\\\/saiga.es\\\/es\\\/#\\\/schema\\\/logo\\\/image\\\/\",\"url\":\"https:\\\/\\\/saiga.es\\\/wp-content\\\/uploads\\\/2025\\\/07\\\/logo_saiga_baseline_optimitzat.svg\",\"contentUrl\":\"https:\\\/\\\/saiga.es\\\/wp-content\\\/uploads\\\/2025\\\/07\\\/logo_saiga_baseline_optimitzat.svg\",\"caption\":\"SAIGA\"},\"image\":{\"@id\":\"https:\\\/\\\/saiga.es\\\/es\\\/#\\\/schema\\\/logo\\\/image\\\/\"},\"sameAs\":[\"https:\\\/\\\/x.com\\\/saiga_agro\",\"https:\\\/\\\/www.instagram.com\\\/saiga_agro\\\/\"]}]}<\/script>\n<!-- \/ Yoast SEO plugin. -->","yoast_head_json":{"title":"Codo 45\u00ba Polietileno | SAIGA","description":"Codo de 45\u00ba y varios tama\u00f1os de di\u00e1metro de la marca Plasson.","robots":{"index":"index","follow":"follow","max-snippet":"max-snippet:-1","max-image-preview":"max-image-preview:large","max-video-preview":"max-video-preview:-1"},"canonical":"https:\/\/saiga.es\/es\/producto\/codo-45o-polietileno\/","og_locale":"es_ES","og_type":"article","og_title":"Codo 45\u00ba Polietileno | SAIGA","og_description":"Codo de 45\u00ba y varios tama\u00f1os de di\u00e1metro de la marca Plasson.","og_url":"https:\/\/saiga.es\/es\/producto\/codo-45o-polietileno\/","og_site_name":"SAIGA","og_image":[{"width":1080,"height":1080,"url":"https:\/\/saiga.es\/wp-content\/uploads\/2024\/06\/Colze-45o-1.jpg","type":"image\/jpeg"}],"twitter_card":"summary_large_image","twitter_site":"@saiga_agro","schema":{"@context":"https:\/\/schema.org","@graph":[{"@type":"WebPage","@id":"https:\/\/saiga.es\/es\/producto\/codo-45o-polietileno\/","url":"https:\/\/saiga.es\/es\/producto\/codo-45o-polietileno\/","name":"Codo 45\u00ba Polietileno | SAIGA","isPartOf":{"@id":"https:\/\/saiga.es\/es\/#website"},"primaryImageOfPage":{"@id":"https:\/\/saiga.es\/es\/producto\/codo-45o-polietileno\/#primaryimage"},"image":{"@id":"https:\/\/saiga.es\/es\/producto\/codo-45o-polietileno\/#primaryimage"},"thumbnailUrl":"https:\/\/saiga.es\/wp-content\/uploads\/2024\/06\/Colze-45o-1.jpg","datePublished":"2024-06-20T08:18:14+00:00","description":"Codo de 45\u00ba y varios tama\u00f1os de di\u00e1metro de la marca Plasson.","breadcrumb":{"@id":"https:\/\/saiga.es\/es\/producto\/codo-45o-polietileno\/#breadcrumb"},"inLanguage":"es","potentialAction":[{"@type":"ReadAction","target":["https:\/\/saiga.es\/es\/producto\/codo-45o-polietileno\/"]}]},{"@type":"ImageObject","inLanguage":"es","@id":"https:\/\/saiga.es\/es\/producto\/codo-45o-polietileno\/#primaryimage","url":"https:\/\/saiga.es\/wp-content\/uploads\/2024\/06\/Colze-45o-1.jpg","contentUrl":"https:\/\/saiga.es\/wp-content\/uploads\/2024\/06\/Colze-45o-1.jpg","width":1080,"height":1080},{"@type":"BreadcrumbList","@id":"https:\/\/saiga.es\/es\/producto\/codo-45o-polietileno\/#breadcrumb","itemListElement":[{"@type":"ListItem","position":1,"name":"Inici","item":"https:\/\/saiga.es\/es\/"},{"@type":"ListItem","position":2,"name":"Tienda","item":"https:\/\/saiga.es\/es\/tienda\/"},{"@type":"ListItem","position":3,"name":"Codo 45\u00ba Polietileno"}]},{"@type":"WebSite","@id":"https:\/\/saiga.es\/es\/#website","url":"https:\/\/saiga.es\/es\/","name":"SAIGA","description":"M\u00e9s de 50 anys al servei de la terra i treballant per a un \u00fas eficient de l\u2019aigua!","publisher":{"@id":"https:\/\/saiga.es\/es\/#organization"},"potentialAction":[{"@type":"SearchAction","target":{"@type":"EntryPoint","urlTemplate":"https:\/\/saiga.es\/es\/?s={search_term_string}"},"query-input":{"@type":"PropertyValueSpecification","valueRequired":true,"valueName":"search_term_string"}}],"inLanguage":"es"},{"@type":"Organization","@id":"https:\/\/saiga.es\/es\/#organization","name":"SAIGA","url":"https:\/\/saiga.es\/es\/","logo":{"@type":"ImageObject","inLanguage":"es","@id":"https:\/\/saiga.es\/es\/#\/schema\/logo\/image\/","url":"https:\/\/saiga.es\/wp-content\/uploads\/2025\/07\/logo_saiga_baseline_optimitzat.svg","contentUrl":"https:\/\/saiga.es\/wp-content\/uploads\/2025\/07\/logo_saiga_baseline_optimitzat.svg","caption":"SAIGA"},"image":{"@id":"https:\/\/saiga.es\/es\/#\/schema\/logo\/image\/"},"sameAs":["https:\/\/x.com\/saiga_agro","https:\/\/www.instagram.com\/saiga_agro\/"]}]}},"_links":{"self":[{"href":"https:\/\/saiga.es\/es\/wp-json\/wp\/v2\/product\/10798","targetHints":{"allow":["GET"]}}],"collection":[{"href":"https:\/\/saiga.es\/es\/wp-json\/wp\/v2\/product"}],"about":[{"href":"https:\/\/saiga.es\/es\/wp-json\/wp\/v2\/types\/product"}],"replies":[{"embeddable":true,"href":"https:\/\/saiga.es\/es\/wp-json\/wp\/v2\/comments?post=10798"}],"wp:featuredmedia":[{"embeddable":true,"href":"https:\/\/saiga.es\/es\/wp-json\/wp\/v2\/media\/10805"}],"wp:attachment":[{"href":"https:\/\/saiga.es\/es\/wp-json\/wp\/v2\/media?parent=10798"}],"wp:term":[{"taxonomy":"product_brand","embeddable":true,"href":"https:\/\/saiga.es\/es\/wp-json\/wp\/v2\/product_brand?post=10798"},{"taxonomy":"product_cat","embeddable":true,"href":"https:\/\/saiga.es\/es\/wp-json\/wp\/v2\/product_cat?post=10798"},{"taxonomy":"product_tag","embeddable":true,"href":"https:\/\/saiga.es\/es\/wp-json\/wp\/v2\/product_tag?post=10798"}],"curies":[{"name":"wp","href":"https:\/\/api.w.org\/{rel}","templated":true}]}}