{"id":11026,"date":"2024-07-04T11:18:04","date_gmt":"2024-07-04T11:18:04","guid":{"rendered":"https:\/\/botiga.saiga.es\/producte\/racord-unio-tiene-polietileno\/"},"modified":"2024-07-04T11:18:04","modified_gmt":"2024-07-04T11:18:04","slug":"racord-unio-tiene-polietileno","status":"publish","type":"product","link":"https:\/\/saiga.es\/es\/producto\/racord-unio-tiene-polietileno\/","title":{"rendered":"Racord uni\u00f3 tiene polietileno"},"content":{"rendered":"<p>El racord uni\u00f3n t\u00e9 polietileno es una pieza de conexi\u00f3n utilizada en sistemas de tuber\u00edas que permite unir tres tuber\u00edas, formando una estructura en forma de T.<\/p>\n","protected":false},"excerpt":{"rendered":"<p>El racord uni\u00f3n t\u00e9 polietileno es una pieza de conexi\u00f3n utilizada en sistemas de tuber\u00edas que permite unir tres tuber\u00edas, formando una estructura en forma de T. Este tipo de racord es muy \u00fatil cuando se necesita dividir o combinar el flujo en una instalaci\u00f3n de tuber\u00edas.<\/p>\n","protected":false},"featured_media":11069,"comment_status":"closed","ping_status":"closed","template":"","meta":[],"product_brand":[],"product_cat":[1473],"product_tag":[236,1058,230],"class_list":{"0":"post-11026","1":"product","2":"type-product","3":"status-publish","4":"has-post-thumbnail","6":"product_cat-plasson-es","7":"product_tag-polietileno","8":"product_tag-racord-es","9":"product_tag-union","11":"first","12":"instock","13":"taxable","14":"shipping-taxable","15":"purchasable","16":"product-type-variable"},"yoast_head":"<!-- This site is optimized with the Yoast SEO plugin v27.4 - https:\/\/yoast.com\/product\/yoast-seo-wordpress\/ -->\n<title>Racord uni\u00f3 tiene polietileno | SAIGA<\/title>\n<meta name=\"robots\" content=\"index, follow, max-snippet:-1, max-image-preview:large, max-video-preview:-1\" \/>\n<link rel=\"canonical\" href=\"https:\/\/saiga.es\/es\/producto\/racord-unio-tiene-polietileno\/\" \/>\n<meta property=\"og:locale\" content=\"es_ES\" \/>\n<meta property=\"og:type\" content=\"article\" \/>\n<meta property=\"og:title\" content=\"Racord uni\u00f3 tiene polietileno | SAIGA\" \/>\n<meta property=\"og:description\" content=\"El racord uni\u00f3n t\u00e9 polietileno es una pieza de conexi\u00f3n utilizada en sistemas de tuber\u00edas que permite unir tres tuber\u00edas, formando una estructura en forma de T. Este tipo de racord es muy \u00fatil cuando se necesita dividir o combinar el flujo en una instalaci\u00f3n de tuber\u00edas.\" \/>\n<meta property=\"og:url\" content=\"https:\/\/saiga.es\/es\/producto\/racord-unio-tiene-polietileno\/\" \/>\n<meta property=\"og:site_name\" content=\"SAIGA\" \/>\n<meta property=\"og:image\" content=\"https:\/\/saiga.es\/wp-content\/uploads\/2024\/07\/Unio-20.jpg\" \/>\n\t<meta property=\"og:image:width\" content=\"1080\" \/>\n\t<meta property=\"og:image:height\" content=\"1080\" \/>\n\t<meta property=\"og:image:type\" content=\"image\/jpeg\" \/>\n<meta name=\"twitter:card\" content=\"summary_large_image\" \/>\n<meta name=\"twitter:site\" content=\"@saiga_agro\" \/>\n<script type=\"application\/ld+json\" class=\"yoast-schema-graph\">{\"@context\":\"https:\\\/\\\/schema.org\",\"@graph\":[{\"@type\":\"WebPage\",\"@id\":\"https:\\\/\\\/saiga.es\\\/es\\\/producto\\\/racord-unio-tiene-polietileno\\\/\",\"url\":\"https:\\\/\\\/saiga.es\\\/es\\\/producto\\\/racord-unio-tiene-polietileno\\\/\",\"name\":\"Racord uni\u00f3 tiene polietileno | SAIGA\",\"isPartOf\":{\"@id\":\"https:\\\/\\\/saiga.es\\\/es\\\/#website\"},\"primaryImageOfPage\":{\"@id\":\"https:\\\/\\\/saiga.es\\\/es\\\/producto\\\/racord-unio-tiene-polietileno\\\/#primaryimage\"},\"image\":{\"@id\":\"https:\\\/\\\/saiga.es\\\/es\\\/producto\\\/racord-unio-tiene-polietileno\\\/#primaryimage\"},\"thumbnailUrl\":\"https:\\\/\\\/saiga.es\\\/wp-content\\\/uploads\\\/2024\\\/07\\\/Unio-20.jpg\",\"datePublished\":\"2024-07-04T11:18:04+00:00\",\"breadcrumb\":{\"@id\":\"https:\\\/\\\/saiga.es\\\/es\\\/producto\\\/racord-unio-tiene-polietileno\\\/#breadcrumb\"},\"inLanguage\":\"es\",\"potentialAction\":[{\"@type\":\"ReadAction\",\"target\":[\"https:\\\/\\\/saiga.es\\\/es\\\/producto\\\/racord-unio-tiene-polietileno\\\/\"]}]},{\"@type\":\"ImageObject\",\"inLanguage\":\"es\",\"@id\":\"https:\\\/\\\/saiga.es\\\/es\\\/producto\\\/racord-unio-tiene-polietileno\\\/#primaryimage\",\"url\":\"https:\\\/\\\/saiga.es\\\/wp-content\\\/uploads\\\/2024\\\/07\\\/Unio-20.jpg\",\"contentUrl\":\"https:\\\/\\\/saiga.es\\\/wp-content\\\/uploads\\\/2024\\\/07\\\/Unio-20.jpg\",\"width\":1080,\"height\":1080,\"caption\":\"R\u00e0cord Uni\u00f3 Plasson\"},{\"@type\":\"BreadcrumbList\",\"@id\":\"https:\\\/\\\/saiga.es\\\/es\\\/producto\\\/racord-unio-tiene-polietileno\\\/#breadcrumb\",\"itemListElement\":[{\"@type\":\"ListItem\",\"position\":1,\"name\":\"Inici\",\"item\":\"https:\\\/\\\/saiga.es\\\/es\\\/\"},{\"@type\":\"ListItem\",\"position\":2,\"name\":\"Tienda\",\"item\":\"https:\\\/\\\/saiga.es\\\/es\\\/tienda\\\/\"},{\"@type\":\"ListItem\",\"position\":3,\"name\":\"Racord uni\u00f3 tiene polietileno\"}]},{\"@type\":\"WebSite\",\"@id\":\"https:\\\/\\\/saiga.es\\\/es\\\/#website\",\"url\":\"https:\\\/\\\/saiga.es\\\/es\\\/\",\"name\":\"SAIGA\",\"description\":\"M\u00e9s de 50 anys al servei de la terra i treballant per a un \u00fas eficient de l\u2019aigua!\",\"publisher\":{\"@id\":\"https:\\\/\\\/saiga.es\\\/es\\\/#organization\"},\"potentialAction\":[{\"@type\":\"SearchAction\",\"target\":{\"@type\":\"EntryPoint\",\"urlTemplate\":\"https:\\\/\\\/saiga.es\\\/es\\\/?s={search_term_string}\"},\"query-input\":{\"@type\":\"PropertyValueSpecification\",\"valueRequired\":true,\"valueName\":\"search_term_string\"}}],\"inLanguage\":\"es\"},{\"@type\":\"Organization\",\"@id\":\"https:\\\/\\\/saiga.es\\\/es\\\/#organization\",\"name\":\"SAIGA\",\"url\":\"https:\\\/\\\/saiga.es\\\/es\\\/\",\"logo\":{\"@type\":\"ImageObject\",\"inLanguage\":\"es\",\"@id\":\"https:\\\/\\\/saiga.es\\\/es\\\/#\\\/schema\\\/logo\\\/image\\\/\",\"url\":\"https:\\\/\\\/saiga.es\\\/wp-content\\\/uploads\\\/2025\\\/07\\\/logo_saiga_baseline_optimitzat.svg\",\"contentUrl\":\"https:\\\/\\\/saiga.es\\\/wp-content\\\/uploads\\\/2025\\\/07\\\/logo_saiga_baseline_optimitzat.svg\",\"caption\":\"SAIGA\"},\"image\":{\"@id\":\"https:\\\/\\\/saiga.es\\\/es\\\/#\\\/schema\\\/logo\\\/image\\\/\"},\"sameAs\":[\"https:\\\/\\\/x.com\\\/saiga_agro\",\"https:\\\/\\\/www.instagram.com\\\/saiga_agro\\\/\"]}]}<\/script>\n<!-- \/ Yoast SEO plugin. -->","yoast_head_json":{"title":"Racord uni\u00f3 tiene polietileno | SAIGA","robots":{"index":"index","follow":"follow","max-snippet":"max-snippet:-1","max-image-preview":"max-image-preview:large","max-video-preview":"max-video-preview:-1"},"canonical":"https:\/\/saiga.es\/es\/producto\/racord-unio-tiene-polietileno\/","og_locale":"es_ES","og_type":"article","og_title":"Racord uni\u00f3 tiene polietileno | SAIGA","og_description":"El racord uni\u00f3n t\u00e9 polietileno es una pieza de conexi\u00f3n utilizada en sistemas de tuber\u00edas que permite unir tres tuber\u00edas, formando una estructura en forma de T. Este tipo de racord es muy \u00fatil cuando se necesita dividir o combinar el flujo en una instalaci\u00f3n de tuber\u00edas.","og_url":"https:\/\/saiga.es\/es\/producto\/racord-unio-tiene-polietileno\/","og_site_name":"SAIGA","og_image":[{"width":1080,"height":1080,"url":"https:\/\/saiga.es\/wp-content\/uploads\/2024\/07\/Unio-20.jpg","type":"image\/jpeg"}],"twitter_card":"summary_large_image","twitter_site":"@saiga_agro","schema":{"@context":"https:\/\/schema.org","@graph":[{"@type":"WebPage","@id":"https:\/\/saiga.es\/es\/producto\/racord-unio-tiene-polietileno\/","url":"https:\/\/saiga.es\/es\/producto\/racord-unio-tiene-polietileno\/","name":"Racord uni\u00f3 tiene polietileno | SAIGA","isPartOf":{"@id":"https:\/\/saiga.es\/es\/#website"},"primaryImageOfPage":{"@id":"https:\/\/saiga.es\/es\/producto\/racord-unio-tiene-polietileno\/#primaryimage"},"image":{"@id":"https:\/\/saiga.es\/es\/producto\/racord-unio-tiene-polietileno\/#primaryimage"},"thumbnailUrl":"https:\/\/saiga.es\/wp-content\/uploads\/2024\/07\/Unio-20.jpg","datePublished":"2024-07-04T11:18:04+00:00","breadcrumb":{"@id":"https:\/\/saiga.es\/es\/producto\/racord-unio-tiene-polietileno\/#breadcrumb"},"inLanguage":"es","potentialAction":[{"@type":"ReadAction","target":["https:\/\/saiga.es\/es\/producto\/racord-unio-tiene-polietileno\/"]}]},{"@type":"ImageObject","inLanguage":"es","@id":"https:\/\/saiga.es\/es\/producto\/racord-unio-tiene-polietileno\/#primaryimage","url":"https:\/\/saiga.es\/wp-content\/uploads\/2024\/07\/Unio-20.jpg","contentUrl":"https:\/\/saiga.es\/wp-content\/uploads\/2024\/07\/Unio-20.jpg","width":1080,"height":1080,"caption":"R\u00e0cord Uni\u00f3 Plasson"},{"@type":"BreadcrumbList","@id":"https:\/\/saiga.es\/es\/producto\/racord-unio-tiene-polietileno\/#breadcrumb","itemListElement":[{"@type":"ListItem","position":1,"name":"Inici","item":"https:\/\/saiga.es\/es\/"},{"@type":"ListItem","position":2,"name":"Tienda","item":"https:\/\/saiga.es\/es\/tienda\/"},{"@type":"ListItem","position":3,"name":"Racord uni\u00f3 tiene polietileno"}]},{"@type":"WebSite","@id":"https:\/\/saiga.es\/es\/#website","url":"https:\/\/saiga.es\/es\/","name":"SAIGA","description":"M\u00e9s de 50 anys al servei de la terra i treballant per a un \u00fas eficient de l\u2019aigua!","publisher":{"@id":"https:\/\/saiga.es\/es\/#organization"},"potentialAction":[{"@type":"SearchAction","target":{"@type":"EntryPoint","urlTemplate":"https:\/\/saiga.es\/es\/?s={search_term_string}"},"query-input":{"@type":"PropertyValueSpecification","valueRequired":true,"valueName":"search_term_string"}}],"inLanguage":"es"},{"@type":"Organization","@id":"https:\/\/saiga.es\/es\/#organization","name":"SAIGA","url":"https:\/\/saiga.es\/es\/","logo":{"@type":"ImageObject","inLanguage":"es","@id":"https:\/\/saiga.es\/es\/#\/schema\/logo\/image\/","url":"https:\/\/saiga.es\/wp-content\/uploads\/2025\/07\/logo_saiga_baseline_optimitzat.svg","contentUrl":"https:\/\/saiga.es\/wp-content\/uploads\/2025\/07\/logo_saiga_baseline_optimitzat.svg","caption":"SAIGA"},"image":{"@id":"https:\/\/saiga.es\/es\/#\/schema\/logo\/image\/"},"sameAs":["https:\/\/x.com\/saiga_agro","https:\/\/www.instagram.com\/saiga_agro\/"]}]}},"_links":{"self":[{"href":"https:\/\/saiga.es\/es\/wp-json\/wp\/v2\/product\/11026","targetHints":{"allow":["GET"]}}],"collection":[{"href":"https:\/\/saiga.es\/es\/wp-json\/wp\/v2\/product"}],"about":[{"href":"https:\/\/saiga.es\/es\/wp-json\/wp\/v2\/types\/product"}],"replies":[{"embeddable":true,"href":"https:\/\/saiga.es\/es\/wp-json\/wp\/v2\/comments?post=11026"}],"wp:featuredmedia":[{"embeddable":true,"href":"https:\/\/saiga.es\/es\/wp-json\/wp\/v2\/media\/11069"}],"wp:attachment":[{"href":"https:\/\/saiga.es\/es\/wp-json\/wp\/v2\/media?parent=11026"}],"wp:term":[{"taxonomy":"product_brand","embeddable":true,"href":"https:\/\/saiga.es\/es\/wp-json\/wp\/v2\/product_brand?post=11026"},{"taxonomy":"product_cat","embeddable":true,"href":"https:\/\/saiga.es\/es\/wp-json\/wp\/v2\/product_cat?post=11026"},{"taxonomy":"product_tag","embeddable":true,"href":"https:\/\/saiga.es\/es\/wp-json\/wp\/v2\/product_tag?post=11026"}],"curies":[{"name":"wp","href":"https:\/\/api.w.org\/{rel}","templated":true}]}}