{"id":11111,"date":"2024-07-16T10:47:42","date_gmt":"2024-07-16T10:47:42","guid":{"rendered":"https:\/\/botiga.saiga.es\/producte\/malla-antipajaros\/"},"modified":"2025-09-15T09:39:16","modified_gmt":"2025-09-15T09:39:16","slug":"malla-antipajaros","status":"publish","type":"product","link":"https:\/\/saiga.es\/es\/producto\/malla-antipajaros\/","title":{"rendered":"Malla antip\u00e1jaros"},"content":{"rendered":"<p data-start=\"374\" data-end=\"661\">La Malla antip\u00e1jaros verde es la soluci\u00f3n eficiente y resistente para proteger cosechas y \u00e1rboles frutales de da\u00f1os provocados por p\u00e1jaros. Fabricada en polietileno de calidad industrial con trama robusta, garantiza una larga durabilidad y una fant\u00e1stica transmisi\u00f3n de luz y aire. <\/p>\n<p data-start=\"663\" data-end=\"831\">Disponible en diferentes dimensiones (2 \u00d7 5 m, 2 \u00d7 10 m, 4 \u00d7 6 m, 4 \u00d7 12 my 8 \u00d7 10 m), se <span style=\"\">adapta<\/span> perfectamente a diversos tipos de cultivo, invernaderos o espacios abiertos.<\/p>\n<p data-start=\"833\" data-end=\"854\">Beneficios clave:<\/p>\n<ul data-start=\"855\" data-end=\"1240\">\n<li data-start=\"855\" data-end=\"934\">\n<p data-start=\"857\" data-end=\"934\">Prevenci\u00f3n eficaz contra <span style=\"\">picoteos<\/span> de p\u00e1jaros que estropean fruta y cultivos.<\/p>\n<\/li>\n<li data-start=\"935\" data-end=\"1002\">\n<p data-start=\"937\" data-end=\"1002\">Color verde discreto, integrado<span style=\"\"> visualmente<\/span> en entornos agr\u00edcolas.<\/p>\n<\/li>\n<li data-start=\"1003\" data-end=\"1068\">\n<p data-start=\"1005\" data-end=\"1068\">Resistente UV y agentes atmosf\u00e9ricos, por rendimiento prolongado.<\/p>\n<\/li>\n<li data-start=\"1069\" data-end=\"1139\">\n<p data-start=\"1071\" data-end=\"1139\">Instalaci\u00f3n sencilla tanto para estructuras fijas como temporales.<\/p>\n<\/li>\n<li data-start=\"1140\" data-end=\"1240\">\n<p data-start=\"1142\" data-end=\"1240\">M\u00faltiples tama\u00f1os disponibles, ideal para familias, huertos dom\u00e9sticos y explotaciones profesionales.<\/p>\n<\/li>\n<\/ul>\n<p data-start=\"1242\" data-end=\"1265\">y Especificaciones:<\/p>\n<ul data-start=\"1266\" data-end=\"1589\">\n<li data-start=\"1266\" data-end=\"1322\">\n<p data-start=\"1268\" data-end=\"1322\">Material: Polietileno t\u00e9cnico con tratamiento ultravioleta.<\/p>\n<\/li>\n<li data-start=\"1323\" data-end=\"1416\">\n<p data-start=\"1325\" data-end=\"1416\">Cuadr\u00edcula: apertura adecuada para impedir el<span style=\"\"> acceso<\/span> <span style=\"\">de p\u00e1jaros <\/span>sin comprometer la ventilaci\u00f3n.<\/p>\n<\/li>\n<li data-start=\"1417\" data-end=\"1492\">\n<p data-start=\"1419\" data-end=\"1492\">Peso y estructura robustos: pensados \u200b\u200bpara exposici\u00f3n continua en <span style=\"\">El<\/span> lliure.<\/p>\n<\/li>\n<li data-start=\"1493\" data-end=\"1589\">\n<p data-start=\"1495\" data-end=\"1589\">Accesorios compatibles: puede combinarse con cordel o cables tensados \u200b\u200bpor una<span style=\"\"> sujeci\u00f3n<\/span> efectiva.<\/p>\n<\/li>\n<\/ul>\n<p data-start=\"1591\" data-end=\"1622\">Aplicaciones recomendadas:<\/p>\n<ul data-start=\"1623\" data-end=\"1784\">\n<li data-start=\"1623\" data-end=\"1673\">\n<p data-start=\"1625\" data-end=\"1673\">Huertos y arboledas para que el fruto no sea picado.<\/p>\n<\/li>\n<li data-start=\"1674\" data-end=\"1717\">\n<p data-start=\"1676\" data-end=\"1717\">Vi\u00f1edos, huertos de bayas, espacios de cultivo.<\/p>\n<\/li>\n<li data-start=\"1718\" data-end=\"1784\">\n<p data-start=\"1720\" data-end=\"1784\">Protecci\u00f3n de espacios de cultivo, <span style=\"\">Invernaderos<\/span>, frutales y parterres.<\/p>\n<\/li>\n<\/ul>\n","protected":false},"excerpt":{"rendered":"<p>La Malla antip\u00e1jaros verde es la soluci\u00f3n eficiente y resistente para proteger cosechas y \u00e1rboles frutales de da\u00f1os provocados por p\u00e1jaros. Fabricada en polietileno de calidad industrial con trama robusta, garantiza una larga durabilidad y una fant\u00e1stica transmisi\u00f3n de luz y aire. <\/p>\n","protected":false},"featured_media":11104,"comment_status":"closed","ping_status":"closed","template":"","meta":[],"product_brand":[2222],"product_cat":[173],"product_tag":[169,1517],"class_list":{"0":"post-11111","1":"product","2":"type-product","3":"status-publish","4":"has-post-thumbnail","6":"product_brand-nortene-es-2","7":"product_cat-mallas-y-plasticos","8":"product_tag-malla-es","9":"product_tag-malla-antipajaros","11":"first","12":"instock","13":"taxable","14":"shipping-taxable","15":"purchasable","16":"product-type-variable"},"yoast_head":"<!-- This site is optimized with the Yoast SEO plugin v27.4 - https:\/\/yoast.com\/product\/yoast-seo-wordpress\/ -->\n<title>Malla antip\u00e1jaros | SAIGA<\/title>\n<meta name=\"description\" content=\"Compra la malla antip\u00e1jaros verde de SAIGA y protege \u00e1rboles frutales y cultivos de los da\u00f1os de los p\u00e1jaros. Resistencia UV, f\u00e1cil instalaci\u00f3n y varios tama\u00f1os.\" \/>\n<meta name=\"robots\" content=\"index, follow, max-snippet:-1, max-image-preview:large, max-video-preview:-1\" \/>\n<link rel=\"canonical\" href=\"https:\/\/saiga.es\/es\/producto\/malla-antipajaros\/\" \/>\n<meta property=\"og:locale\" content=\"es_ES\" \/>\n<meta property=\"og:type\" content=\"article\" \/>\n<meta property=\"og:title\" content=\"Malla antip\u00e1jaros | SAIGA\" \/>\n<meta property=\"og:description\" content=\"Compra la malla antip\u00e1jaros verde de SAIGA y protege \u00e1rboles frutales y cultivos de los da\u00f1os de los p\u00e1jaros. Resistencia UV, f\u00e1cil instalaci\u00f3n y varios tama\u00f1os.\" \/>\n<meta property=\"og:url\" content=\"https:\/\/saiga.es\/es\/producto\/malla-antipajaros\/\" \/>\n<meta property=\"og:site_name\" content=\"SAIGA\" \/>\n<meta property=\"article:modified_time\" content=\"2025-09-15T09:39:16+00:00\" \/>\n<meta property=\"og:image\" content=\"https:\/\/saiga.es\/wp-content\/uploads\/2024\/07\/Malla-antiocells.jpg\" \/>\n\t<meta property=\"og:image:width\" content=\"800\" \/>\n\t<meta property=\"og:image:height\" content=\"800\" \/>\n\t<meta property=\"og:image:type\" content=\"image\/jpeg\" \/>\n<meta name=\"twitter:card\" content=\"summary_large_image\" \/>\n<meta name=\"twitter:site\" content=\"@saiga_agro\" \/>\n<meta name=\"twitter:label1\" content=\"Tiempo de lectura\" \/>\n\t<meta name=\"twitter:data1\" content=\"1 minuto\" \/>\n<script type=\"application\/ld+json\" class=\"yoast-schema-graph\">{\"@context\":\"https:\\\/\\\/schema.org\",\"@graph\":[{\"@type\":\"WebPage\",\"@id\":\"https:\\\/\\\/saiga.es\\\/es\\\/producto\\\/malla-antipajaros\\\/\",\"url\":\"https:\\\/\\\/saiga.es\\\/es\\\/producto\\\/malla-antipajaros\\\/\",\"name\":\"Malla antip\u00e1jaros | SAIGA\",\"isPartOf\":{\"@id\":\"https:\\\/\\\/saiga.es\\\/es\\\/#website\"},\"primaryImageOfPage\":{\"@id\":\"https:\\\/\\\/saiga.es\\\/es\\\/producto\\\/malla-antipajaros\\\/#primaryimage\"},\"image\":{\"@id\":\"https:\\\/\\\/saiga.es\\\/es\\\/producto\\\/malla-antipajaros\\\/#primaryimage\"},\"thumbnailUrl\":\"https:\\\/\\\/saiga.es\\\/wp-content\\\/uploads\\\/2024\\\/07\\\/Malla-antiocells.jpg\",\"datePublished\":\"2024-07-16T10:47:42+00:00\",\"dateModified\":\"2025-09-15T09:39:16+00:00\",\"description\":\"Compra la malla antip\u00e1jaros verde de SAIGA y protege \u00e1rboles frutales y cultivos de los da\u00f1os de los p\u00e1jaros. Resistencia UV, f\u00e1cil instalaci\u00f3n y varios tama\u00f1os.\",\"breadcrumb\":{\"@id\":\"https:\\\/\\\/saiga.es\\\/es\\\/producto\\\/malla-antipajaros\\\/#breadcrumb\"},\"inLanguage\":\"es\",\"potentialAction\":[{\"@type\":\"ReadAction\",\"target\":[\"https:\\\/\\\/saiga.es\\\/es\\\/producto\\\/malla-antipajaros\\\/\"]}]},{\"@type\":\"ImageObject\",\"inLanguage\":\"es\",\"@id\":\"https:\\\/\\\/saiga.es\\\/es\\\/producto\\\/malla-antipajaros\\\/#primaryimage\",\"url\":\"https:\\\/\\\/saiga.es\\\/wp-content\\\/uploads\\\/2024\\\/07\\\/Malla-antiocells.jpg\",\"contentUrl\":\"https:\\\/\\\/saiga.es\\\/wp-content\\\/uploads\\\/2024\\\/07\\\/Malla-antiocells.jpg\",\"width\":800,\"height\":800,\"caption\":\"Malla antip\u00e1jaros\"},{\"@type\":\"BreadcrumbList\",\"@id\":\"https:\\\/\\\/saiga.es\\\/es\\\/producto\\\/malla-antipajaros\\\/#breadcrumb\",\"itemListElement\":[{\"@type\":\"ListItem\",\"position\":1,\"name\":\"Inici\",\"item\":\"https:\\\/\\\/saiga.es\\\/es\\\/\"},{\"@type\":\"ListItem\",\"position\":2,\"name\":\"Tienda\",\"item\":\"https:\\\/\\\/saiga.es\\\/es\\\/tienda\\\/\"},{\"@type\":\"ListItem\",\"position\":3,\"name\":\"Malla antip\u00e1jaros\"}]},{\"@type\":\"WebSite\",\"@id\":\"https:\\\/\\\/saiga.es\\\/es\\\/#website\",\"url\":\"https:\\\/\\\/saiga.es\\\/es\\\/\",\"name\":\"SAIGA\",\"description\":\"M\u00e9s de 50 anys al servei de la terra i treballant per a un \u00fas eficient de l\u2019aigua!\",\"publisher\":{\"@id\":\"https:\\\/\\\/saiga.es\\\/es\\\/#organization\"},\"potentialAction\":[{\"@type\":\"SearchAction\",\"target\":{\"@type\":\"EntryPoint\",\"urlTemplate\":\"https:\\\/\\\/saiga.es\\\/es\\\/?s={search_term_string}\"},\"query-input\":{\"@type\":\"PropertyValueSpecification\",\"valueRequired\":true,\"valueName\":\"search_term_string\"}}],\"inLanguage\":\"es\"},{\"@type\":\"Organization\",\"@id\":\"https:\\\/\\\/saiga.es\\\/es\\\/#organization\",\"name\":\"SAIGA\",\"url\":\"https:\\\/\\\/saiga.es\\\/es\\\/\",\"logo\":{\"@type\":\"ImageObject\",\"inLanguage\":\"es\",\"@id\":\"https:\\\/\\\/saiga.es\\\/es\\\/#\\\/schema\\\/logo\\\/image\\\/\",\"url\":\"https:\\\/\\\/saiga.es\\\/wp-content\\\/uploads\\\/2025\\\/07\\\/logo_saiga_baseline_optimitzat.svg\",\"contentUrl\":\"https:\\\/\\\/saiga.es\\\/wp-content\\\/uploads\\\/2025\\\/07\\\/logo_saiga_baseline_optimitzat.svg\",\"caption\":\"SAIGA\"},\"image\":{\"@id\":\"https:\\\/\\\/saiga.es\\\/es\\\/#\\\/schema\\\/logo\\\/image\\\/\"},\"sameAs\":[\"https:\\\/\\\/x.com\\\/saiga_agro\",\"https:\\\/\\\/www.instagram.com\\\/saiga_agro\\\/\"]}]}<\/script>\n<!-- \/ Yoast SEO plugin. -->","yoast_head_json":{"title":"Malla antip\u00e1jaros | SAIGA","description":"Compra la malla antip\u00e1jaros verde de SAIGA y protege \u00e1rboles frutales y cultivos de los da\u00f1os de los p\u00e1jaros. Resistencia UV, f\u00e1cil instalaci\u00f3n y varios tama\u00f1os.","robots":{"index":"index","follow":"follow","max-snippet":"max-snippet:-1","max-image-preview":"max-image-preview:large","max-video-preview":"max-video-preview:-1"},"canonical":"https:\/\/saiga.es\/es\/producto\/malla-antipajaros\/","og_locale":"es_ES","og_type":"article","og_title":"Malla antip\u00e1jaros | SAIGA","og_description":"Compra la malla antip\u00e1jaros verde de SAIGA y protege \u00e1rboles frutales y cultivos de los da\u00f1os de los p\u00e1jaros. Resistencia UV, f\u00e1cil instalaci\u00f3n y varios tama\u00f1os.","og_url":"https:\/\/saiga.es\/es\/producto\/malla-antipajaros\/","og_site_name":"SAIGA","article_modified_time":"2025-09-15T09:39:16+00:00","og_image":[{"width":800,"height":800,"url":"https:\/\/saiga.es\/wp-content\/uploads\/2024\/07\/Malla-antiocells.jpg","type":"image\/jpeg"}],"twitter_card":"summary_large_image","twitter_site":"@saiga_agro","twitter_misc":{"Tiempo de lectura":"1 minuto"},"schema":{"@context":"https:\/\/schema.org","@graph":[{"@type":"WebPage","@id":"https:\/\/saiga.es\/es\/producto\/malla-antipajaros\/","url":"https:\/\/saiga.es\/es\/producto\/malla-antipajaros\/","name":"Malla antip\u00e1jaros | SAIGA","isPartOf":{"@id":"https:\/\/saiga.es\/es\/#website"},"primaryImageOfPage":{"@id":"https:\/\/saiga.es\/es\/producto\/malla-antipajaros\/#primaryimage"},"image":{"@id":"https:\/\/saiga.es\/es\/producto\/malla-antipajaros\/#primaryimage"},"thumbnailUrl":"https:\/\/saiga.es\/wp-content\/uploads\/2024\/07\/Malla-antiocells.jpg","datePublished":"2024-07-16T10:47:42+00:00","dateModified":"2025-09-15T09:39:16+00:00","description":"Compra la malla antip\u00e1jaros verde de SAIGA y protege \u00e1rboles frutales y cultivos de los da\u00f1os de los p\u00e1jaros. Resistencia UV, f\u00e1cil instalaci\u00f3n y varios tama\u00f1os.","breadcrumb":{"@id":"https:\/\/saiga.es\/es\/producto\/malla-antipajaros\/#breadcrumb"},"inLanguage":"es","potentialAction":[{"@type":"ReadAction","target":["https:\/\/saiga.es\/es\/producto\/malla-antipajaros\/"]}]},{"@type":"ImageObject","inLanguage":"es","@id":"https:\/\/saiga.es\/es\/producto\/malla-antipajaros\/#primaryimage","url":"https:\/\/saiga.es\/wp-content\/uploads\/2024\/07\/Malla-antiocells.jpg","contentUrl":"https:\/\/saiga.es\/wp-content\/uploads\/2024\/07\/Malla-antiocells.jpg","width":800,"height":800,"caption":"Malla antip\u00e1jaros"},{"@type":"BreadcrumbList","@id":"https:\/\/saiga.es\/es\/producto\/malla-antipajaros\/#breadcrumb","itemListElement":[{"@type":"ListItem","position":1,"name":"Inici","item":"https:\/\/saiga.es\/es\/"},{"@type":"ListItem","position":2,"name":"Tienda","item":"https:\/\/saiga.es\/es\/tienda\/"},{"@type":"ListItem","position":3,"name":"Malla antip\u00e1jaros"}]},{"@type":"WebSite","@id":"https:\/\/saiga.es\/es\/#website","url":"https:\/\/saiga.es\/es\/","name":"SAIGA","description":"M\u00e9s de 50 anys al servei de la terra i treballant per a un \u00fas eficient de l\u2019aigua!","publisher":{"@id":"https:\/\/saiga.es\/es\/#organization"},"potentialAction":[{"@type":"SearchAction","target":{"@type":"EntryPoint","urlTemplate":"https:\/\/saiga.es\/es\/?s={search_term_string}"},"query-input":{"@type":"PropertyValueSpecification","valueRequired":true,"valueName":"search_term_string"}}],"inLanguage":"es"},{"@type":"Organization","@id":"https:\/\/saiga.es\/es\/#organization","name":"SAIGA","url":"https:\/\/saiga.es\/es\/","logo":{"@type":"ImageObject","inLanguage":"es","@id":"https:\/\/saiga.es\/es\/#\/schema\/logo\/image\/","url":"https:\/\/saiga.es\/wp-content\/uploads\/2025\/07\/logo_saiga_baseline_optimitzat.svg","contentUrl":"https:\/\/saiga.es\/wp-content\/uploads\/2025\/07\/logo_saiga_baseline_optimitzat.svg","caption":"SAIGA"},"image":{"@id":"https:\/\/saiga.es\/es\/#\/schema\/logo\/image\/"},"sameAs":["https:\/\/x.com\/saiga_agro","https:\/\/www.instagram.com\/saiga_agro\/"]}]}},"_links":{"self":[{"href":"https:\/\/saiga.es\/es\/wp-json\/wp\/v2\/product\/11111","targetHints":{"allow":["GET"]}}],"collection":[{"href":"https:\/\/saiga.es\/es\/wp-json\/wp\/v2\/product"}],"about":[{"href":"https:\/\/saiga.es\/es\/wp-json\/wp\/v2\/types\/product"}],"replies":[{"embeddable":true,"href":"https:\/\/saiga.es\/es\/wp-json\/wp\/v2\/comments?post=11111"}],"wp:featuredmedia":[{"embeddable":true,"href":"https:\/\/saiga.es\/es\/wp-json\/wp\/v2\/media\/11104"}],"wp:attachment":[{"href":"https:\/\/saiga.es\/es\/wp-json\/wp\/v2\/media?parent=11111"}],"wp:term":[{"taxonomy":"product_brand","embeddable":true,"href":"https:\/\/saiga.es\/es\/wp-json\/wp\/v2\/product_brand?post=11111"},{"taxonomy":"product_cat","embeddable":true,"href":"https:\/\/saiga.es\/es\/wp-json\/wp\/v2\/product_cat?post=11111"},{"taxonomy":"product_tag","embeddable":true,"href":"https:\/\/saiga.es\/es\/wp-json\/wp\/v2\/product_tag?post=11111"}],"curies":[{"name":"wp","href":"https:\/\/api.w.org\/{rel}","templated":true}]}}