{"id":11434,"date":"2024-07-23T09:38:53","date_gmt":"2024-07-23T09:38:53","guid":{"rendered":"https:\/\/botiga.saiga.es\/producte\/pistolet-a-eau-aquajet-metal\/"},"modified":"2024-07-23T09:38:53","modified_gmt":"2024-07-23T09:38:53","slug":"pistolet-a-eau-aquajet-metal","status":"publish","type":"product","link":"https:\/\/saiga.es\/es\/producto\/pistolet-a-eau-aquajet-metal\/","title":{"rendered":"Pistolet \u00e0 eau aquajet m\u00e9tal"},"content":{"rendered":"<div class=\"flex flex-grow flex-col max-w-full\">\n<div class=\"min-h-[20px] text-message flex w-full flex-col items-end gap-2 whitespace-pre-wrap break-words [.text-message+&amp;]:mt-5 overflow-x-auto\" dir=\"auto\" data-message-author-role=\"assistant\" data-message-id=\"b155352c-4bd2-4b40-bea5-e05df6ab3ae3\">\n<div class=\"flex w-full flex-col gap-1 empty:hidden first:pt-[3px]\">\n<div class=\"markdown prose w-full break-words dark:prose-invert light\"> Pistolet d&#8217;irrigation aquajet en m\u00e9tal Pistolet en m\u00e9tal avec poign\u00e9e ergonomique et commande frontale pour une manipulation confortable. Il dispose de 7 positions d\u2019arrosage r\u00e9glables diff\u00e9rentes pour r\u00e9pondre \u00e0 diff\u00e9rents besoins d\u2019arrosage. Il comprend une connexion rapide pour faciliter son utilisation et le changement d&#8217;accessoires. <\/div>\n<\/div>\n<\/div>\n<\/div>\n<div class=\"mt-1 flex gap-3 empty:hidden -ml-2\">\n<div class=\"items-center justify-start rounded-xl p-1 flex\">\n<div class=\"flex items-center\">\n<p>&nbsp;<\/p>\n<div class=\"flex\"><\/div>\n<div class=\"flex items-center pb-0\">\n<div class=\"[&amp;_svg]:h-full [&amp;_svg]:w-full icon-md h-4 w-4\"><\/div>\n<\/div>\n<\/div>\n<\/div>\n<\/div>\n","protected":false},"excerpt":{"rendered":"<div class=\"flex flex-grow flex-col max-w-full\">\n<div class=\"min-h-[20px] text-message flex w-full flex-col items-end gap-2 whitespace-pre-wrap break-words [.text-message+&amp;]:mt-5 overflow-x-auto\" dir=\"auto\" data-message-author-role=\"assistant\" data-message-id=\"b155352c-4bd2-4b40-bea5-e05df6ab3ae3\">\n<div class=\"flex w-full flex-col gap-1 empty:hidden first:pt-[3px]\">\n<div class=\"markdown prose w-full break-words dark:prose-invert light\"> Pistolet d&#8217;irrigation aquajet en m\u00e9tal Pistolet en m\u00e9tal avec poign\u00e9e ergonomique et commande frontale pour une manipulation confortable. Il dispose de 7 positions d\u2019arrosage r\u00e9glables diff\u00e9rentes pour r\u00e9pondre \u00e0 diff\u00e9rents besoins d\u2019arrosage. Il comprend une connexion rapide pour faciliter son utilisation et le changement d&#8217;accessoires. <\/div>\n<\/div>\n<\/div>\n<\/div>\n<div class=\"mt-1 flex gap-3 empty:hidden -ml-2\">\n<div class=\"items-center justify-start rounded-xl p-1 flex\">\n<div class=\"flex items-center\"><\/div>\n<\/div>\n<\/div>\n","protected":false},"featured_media":11432,"comment_status":"open","ping_status":"closed","template":"","meta":[],"product_brand":[],"product_cat":[406,198],"product_tag":[],"class_list":{"0":"post-11434","1":"product","2":"type-product","3":"status-publish","4":"has-post-thumbnail","6":"product_cat-jardineria-domestica-es","7":"product_cat-mangueras-y-accesorios","9":"first","10":"instock","11":"taxable","12":"shipping-taxable","13":"purchasable","14":"product-type-simple"},"yoast_head":"<!-- This site is optimized with the Yoast SEO plugin v27.3 - https:\/\/yoast.com\/product\/yoast-seo-wordpress\/ -->\n<title>Pistolet \u00e0 eau aquajet m\u00e9tal | SAIGA<\/title>\n<meta name=\"description\" content=\"Pistolet en m\u00e9tal avec poign\u00e9e ergonomique et commande frontale avec 7 positions d&#039;arrosage r\u00e9glables. Comprend une connexion rapide pour une utilisation facile.\" \/>\n<meta name=\"robots\" content=\"index, follow, max-snippet:-1, max-image-preview:large, max-video-preview:-1\" \/>\n<link rel=\"canonical\" href=\"https:\/\/saiga.es\/es\/producto\/pistolet-a-eau-aquajet-metal\/\" \/>\n<meta property=\"og:locale\" content=\"es_ES\" \/>\n<meta property=\"og:type\" content=\"article\" \/>\n<meta property=\"og:title\" content=\"Pistolet \u00e0 eau aquajet m\u00e9tal | SAIGA\" \/>\n<meta property=\"og:description\" content=\"Pistolet en m\u00e9tal avec poign\u00e9e ergonomique et commande frontale avec 7 positions d&#039;arrosage r\u00e9glables. Comprend une connexion rapide pour une utilisation facile.\" \/>\n<meta property=\"og:url\" content=\"https:\/\/saiga.es\/es\/producto\/pistolet-a-eau-aquajet-metal\/\" \/>\n<meta property=\"og:site_name\" content=\"SAIGA\" \/>\n<meta property=\"og:image\" content=\"https:\/\/saiga.es\/wp-content\/uploads\/2024\/07\/Pistola-reg-aquajet-metall.jpg\" \/>\n\t<meta property=\"og:image:width\" content=\"1080\" \/>\n\t<meta property=\"og:image:height\" content=\"1080\" \/>\n\t<meta property=\"og:image:type\" content=\"image\/jpeg\" \/>\n<meta name=\"twitter:card\" content=\"summary_large_image\" \/>\n<meta name=\"twitter:site\" content=\"@saiga_agro\" \/>\n<script type=\"application\/ld+json\" class=\"yoast-schema-graph\">{\"@context\":\"https:\\\/\\\/schema.org\",\"@graph\":[{\"@type\":\"WebPage\",\"@id\":\"https:\\\/\\\/saiga.es\\\/es\\\/producto\\\/pistolet-a-eau-aquajet-metal\\\/\",\"url\":\"https:\\\/\\\/saiga.es\\\/es\\\/producto\\\/pistolet-a-eau-aquajet-metal\\\/\",\"name\":\"Pistolet \u00e0 eau aquajet m\u00e9tal | SAIGA\",\"isPartOf\":{\"@id\":\"https:\\\/\\\/saiga.es\\\/es\\\/#website\"},\"primaryImageOfPage\":{\"@id\":\"https:\\\/\\\/saiga.es\\\/es\\\/producto\\\/pistolet-a-eau-aquajet-metal\\\/#primaryimage\"},\"image\":{\"@id\":\"https:\\\/\\\/saiga.es\\\/es\\\/producto\\\/pistolet-a-eau-aquajet-metal\\\/#primaryimage\"},\"thumbnailUrl\":\"https:\\\/\\\/saiga.es\\\/wp-content\\\/uploads\\\/2024\\\/07\\\/Pistola-reg-aquajet-metall.jpg\",\"datePublished\":\"2024-07-23T09:38:53+00:00\",\"description\":\"Pistolet en m\u00e9tal avec poign\u00e9e ergonomique et commande frontale avec 7 positions d'arrosage r\u00e9glables. Comprend une connexion rapide pour une utilisation facile.\",\"breadcrumb\":{\"@id\":\"https:\\\/\\\/saiga.es\\\/es\\\/producto\\\/pistolet-a-eau-aquajet-metal\\\/#breadcrumb\"},\"inLanguage\":\"es\",\"potentialAction\":[{\"@type\":\"ReadAction\",\"target\":[\"https:\\\/\\\/saiga.es\\\/es\\\/producto\\\/pistolet-a-eau-aquajet-metal\\\/\"]}]},{\"@type\":\"ImageObject\",\"inLanguage\":\"es\",\"@id\":\"https:\\\/\\\/saiga.es\\\/es\\\/producto\\\/pistolet-a-eau-aquajet-metal\\\/#primaryimage\",\"url\":\"https:\\\/\\\/saiga.es\\\/wp-content\\\/uploads\\\/2024\\\/07\\\/Pistola-reg-aquajet-metall.jpg\",\"contentUrl\":\"https:\\\/\\\/saiga.es\\\/wp-content\\\/uploads\\\/2024\\\/07\\\/Pistola-reg-aquajet-metall.jpg\",\"width\":1080,\"height\":1080,\"caption\":\"Pistolet d'irrigation Aquajet\"},{\"@type\":\"BreadcrumbList\",\"@id\":\"https:\\\/\\\/saiga.es\\\/es\\\/producto\\\/pistolet-a-eau-aquajet-metal\\\/#breadcrumb\",\"itemListElement\":[{\"@type\":\"ListItem\",\"position\":1,\"name\":\"Inici\",\"item\":\"https:\\\/\\\/saiga.es\\\/es\\\/\"},{\"@type\":\"ListItem\",\"position\":2,\"name\":\"Tienda\",\"item\":\"https:\\\/\\\/saiga.es\\\/es\\\/tienda\\\/\"},{\"@type\":\"ListItem\",\"position\":3,\"name\":\"Pistolet \u00e0 eau aquajet m\u00e9tal\"}]},{\"@type\":\"WebSite\",\"@id\":\"https:\\\/\\\/saiga.es\\\/es\\\/#website\",\"url\":\"https:\\\/\\\/saiga.es\\\/es\\\/\",\"name\":\"SAIGA\",\"description\":\"M\u00e9s de 50 anys al servei de la terra i treballant per a un \u00fas eficient de l\u2019aigua!\",\"publisher\":{\"@id\":\"https:\\\/\\\/saiga.es\\\/es\\\/#organization\"},\"potentialAction\":[{\"@type\":\"SearchAction\",\"target\":{\"@type\":\"EntryPoint\",\"urlTemplate\":\"https:\\\/\\\/saiga.es\\\/es\\\/?s={search_term_string}\"},\"query-input\":{\"@type\":\"PropertyValueSpecification\",\"valueRequired\":true,\"valueName\":\"search_term_string\"}}],\"inLanguage\":\"es\"},{\"@type\":\"Organization\",\"@id\":\"https:\\\/\\\/saiga.es\\\/es\\\/#organization\",\"name\":\"SAIGA\",\"url\":\"https:\\\/\\\/saiga.es\\\/es\\\/\",\"logo\":{\"@type\":\"ImageObject\",\"inLanguage\":\"es\",\"@id\":\"https:\\\/\\\/saiga.es\\\/es\\\/#\\\/schema\\\/logo\\\/image\\\/\",\"url\":\"https:\\\/\\\/saiga.es\\\/wp-content\\\/uploads\\\/2025\\\/07\\\/logo_saiga_baseline_optimitzat.svg\",\"contentUrl\":\"https:\\\/\\\/saiga.es\\\/wp-content\\\/uploads\\\/2025\\\/07\\\/logo_saiga_baseline_optimitzat.svg\",\"caption\":\"SAIGA\"},\"image\":{\"@id\":\"https:\\\/\\\/saiga.es\\\/es\\\/#\\\/schema\\\/logo\\\/image\\\/\"},\"sameAs\":[\"https:\\\/\\\/x.com\\\/saiga_agro\",\"https:\\\/\\\/www.instagram.com\\\/saiga_agro\\\/\"]}]}<\/script>\n<!-- \/ Yoast SEO plugin. -->","yoast_head_json":{"title":"Pistolet \u00e0 eau aquajet m\u00e9tal | SAIGA","description":"Pistolet en m\u00e9tal avec poign\u00e9e ergonomique et commande frontale avec 7 positions d'arrosage r\u00e9glables. Comprend une connexion rapide pour une utilisation facile.","robots":{"index":"index","follow":"follow","max-snippet":"max-snippet:-1","max-image-preview":"max-image-preview:large","max-video-preview":"max-video-preview:-1"},"canonical":"https:\/\/saiga.es\/es\/producto\/pistolet-a-eau-aquajet-metal\/","og_locale":"es_ES","og_type":"article","og_title":"Pistolet \u00e0 eau aquajet m\u00e9tal | SAIGA","og_description":"Pistolet en m\u00e9tal avec poign\u00e9e ergonomique et commande frontale avec 7 positions d'arrosage r\u00e9glables. Comprend une connexion rapide pour une utilisation facile.","og_url":"https:\/\/saiga.es\/es\/producto\/pistolet-a-eau-aquajet-metal\/","og_site_name":"SAIGA","og_image":[{"width":1080,"height":1080,"url":"https:\/\/saiga.es\/wp-content\/uploads\/2024\/07\/Pistola-reg-aquajet-metall.jpg","type":"image\/jpeg"}],"twitter_card":"summary_large_image","twitter_site":"@saiga_agro","schema":{"@context":"https:\/\/schema.org","@graph":[{"@type":"WebPage","@id":"https:\/\/saiga.es\/es\/producto\/pistolet-a-eau-aquajet-metal\/","url":"https:\/\/saiga.es\/es\/producto\/pistolet-a-eau-aquajet-metal\/","name":"Pistolet \u00e0 eau aquajet m\u00e9tal | SAIGA","isPartOf":{"@id":"https:\/\/saiga.es\/es\/#website"},"primaryImageOfPage":{"@id":"https:\/\/saiga.es\/es\/producto\/pistolet-a-eau-aquajet-metal\/#primaryimage"},"image":{"@id":"https:\/\/saiga.es\/es\/producto\/pistolet-a-eau-aquajet-metal\/#primaryimage"},"thumbnailUrl":"https:\/\/saiga.es\/wp-content\/uploads\/2024\/07\/Pistola-reg-aquajet-metall.jpg","datePublished":"2024-07-23T09:38:53+00:00","description":"Pistolet en m\u00e9tal avec poign\u00e9e ergonomique et commande frontale avec 7 positions d'arrosage r\u00e9glables. Comprend une connexion rapide pour une utilisation facile.","breadcrumb":{"@id":"https:\/\/saiga.es\/es\/producto\/pistolet-a-eau-aquajet-metal\/#breadcrumb"},"inLanguage":"es","potentialAction":[{"@type":"ReadAction","target":["https:\/\/saiga.es\/es\/producto\/pistolet-a-eau-aquajet-metal\/"]}]},{"@type":"ImageObject","inLanguage":"es","@id":"https:\/\/saiga.es\/es\/producto\/pistolet-a-eau-aquajet-metal\/#primaryimage","url":"https:\/\/saiga.es\/wp-content\/uploads\/2024\/07\/Pistola-reg-aquajet-metall.jpg","contentUrl":"https:\/\/saiga.es\/wp-content\/uploads\/2024\/07\/Pistola-reg-aquajet-metall.jpg","width":1080,"height":1080,"caption":"Pistolet d'irrigation Aquajet"},{"@type":"BreadcrumbList","@id":"https:\/\/saiga.es\/es\/producto\/pistolet-a-eau-aquajet-metal\/#breadcrumb","itemListElement":[{"@type":"ListItem","position":1,"name":"Inici","item":"https:\/\/saiga.es\/es\/"},{"@type":"ListItem","position":2,"name":"Tienda","item":"https:\/\/saiga.es\/es\/tienda\/"},{"@type":"ListItem","position":3,"name":"Pistolet \u00e0 eau aquajet m\u00e9tal"}]},{"@type":"WebSite","@id":"https:\/\/saiga.es\/es\/#website","url":"https:\/\/saiga.es\/es\/","name":"SAIGA","description":"M\u00e9s de 50 anys al servei de la terra i treballant per a un \u00fas eficient de l\u2019aigua!","publisher":{"@id":"https:\/\/saiga.es\/es\/#organization"},"potentialAction":[{"@type":"SearchAction","target":{"@type":"EntryPoint","urlTemplate":"https:\/\/saiga.es\/es\/?s={search_term_string}"},"query-input":{"@type":"PropertyValueSpecification","valueRequired":true,"valueName":"search_term_string"}}],"inLanguage":"es"},{"@type":"Organization","@id":"https:\/\/saiga.es\/es\/#organization","name":"SAIGA","url":"https:\/\/saiga.es\/es\/","logo":{"@type":"ImageObject","inLanguage":"es","@id":"https:\/\/saiga.es\/es\/#\/schema\/logo\/image\/","url":"https:\/\/saiga.es\/wp-content\/uploads\/2025\/07\/logo_saiga_baseline_optimitzat.svg","contentUrl":"https:\/\/saiga.es\/wp-content\/uploads\/2025\/07\/logo_saiga_baseline_optimitzat.svg","caption":"SAIGA"},"image":{"@id":"https:\/\/saiga.es\/es\/#\/schema\/logo\/image\/"},"sameAs":["https:\/\/x.com\/saiga_agro","https:\/\/www.instagram.com\/saiga_agro\/"]}]}},"_links":{"self":[{"href":"https:\/\/saiga.es\/es\/wp-json\/wp\/v2\/product\/11434","targetHints":{"allow":["GET"]}}],"collection":[{"href":"https:\/\/saiga.es\/es\/wp-json\/wp\/v2\/product"}],"about":[{"href":"https:\/\/saiga.es\/es\/wp-json\/wp\/v2\/types\/product"}],"replies":[{"embeddable":true,"href":"https:\/\/saiga.es\/es\/wp-json\/wp\/v2\/comments?post=11434"}],"wp:featuredmedia":[{"embeddable":true,"href":"https:\/\/saiga.es\/es\/wp-json\/wp\/v2\/media\/11432"}],"wp:attachment":[{"href":"https:\/\/saiga.es\/es\/wp-json\/wp\/v2\/media?parent=11434"}],"wp:term":[{"taxonomy":"product_brand","embeddable":true,"href":"https:\/\/saiga.es\/es\/wp-json\/wp\/v2\/product_brand?post=11434"},{"taxonomy":"product_cat","embeddable":true,"href":"https:\/\/saiga.es\/es\/wp-json\/wp\/v2\/product_cat?post=11434"},{"taxonomy":"product_tag","embeddable":true,"href":"https:\/\/saiga.es\/es\/wp-json\/wp\/v2\/product_tag?post=11434"}],"curies":[{"name":"wp","href":"https:\/\/api.w.org\/{rel}","templated":true}]}}