{"id":11544,"date":"2024-08-05T08:07:17","date_gmt":"2024-08-05T08:07:17","guid":{"rendered":"https:\/\/botiga.saiga.es\/producte\/trampa-mosca-de-la-fruta-maxitrap-xl\/"},"modified":"2025-10-27T07:53:57","modified_gmt":"2025-10-27T07:53:57","slug":"trampa-mosca-de-la-fruta-maxitrap-xl","status":"publish","type":"product","link":"https:\/\/saiga.es\/es\/producto\/trampa-mosca-de-la-fruta-maxitrap-xl\/","title":{"rendered":"Trampa Mosca de la Fruta Maxitrap XL"},"content":{"rendered":"<p>Trampa de la mosca de la Fruta. La Trampa Maxitrap XL es un mosquero polivalente que se puede utilizar en diferentes situaciones en funci\u00f3n del atrayente utilizado y del n\u00famero de mosqueros aplicados. Mosca del olivo: con el atrayente Bactrotrap l\u00edquido 16% se puede aplicar tanto por el seguimiento como por el control de la mosca del olivo (Bactrocera oleae) siendo la combinaci\u00f3n de esta trampa + \u00e9ste atrayente lo que registra un n\u00famero m\u00e1s elevado de capturas entre todos los productos del mercado. Mosca de la fruta: con el atrayente Bactrotrap l\u00edquido 16% se puede aplicar tanto por el seguimiento como por el control de la mosca mediterr\u00e1nea de la fruta (Ceratitis capitata) aunque el n\u00famero de capturas es muy inferior que con la Conetrap Ceratitis o con la Maxitrap Ceratitis. Esta combinaci\u00f3n es una soluci\u00f3n para las personas que carecen de carnet de fitosanitarios y no pueden comprar la Conetrap Ceratitis o la Maxitrap Ceratitis.    <\/p>\n","protected":false},"excerpt":{"rendered":"<p>Mosca del olivo: con el atrayente Bactrotrap l\u00edquido 16% se puede aplicar tanto por el seguimiento como por el control de la mosca del olivo (Bactrocera oleae) siendo la combinaci\u00f3n de esta trampa + \u00e9ste atrayente lo que registra un n\u00famero m\u00e1s elevado de capturas entre todos los productos del mercado. Mosca de la fruta: con el atrayente Bactrotrap l\u00edquido 16% se puede aplicar tanto por el seguimiento como por el control de la mosca mediterr\u00e1nea de la fruta (Ceratitis capitata) aunque el n\u00famero de capturas es muy inferior que con la Conetrap Ceratitis o con la Maxitrap Ceratitis. Esta combinaci\u00f3n es una soluci\u00f3n para las personas que carecen de carnet de fitosanitarios y no pueden comprar la Conetrap Ceratitis o la Maxitrap Ceratitis.  <\/p>\n","protected":false},"featured_media":11542,"comment_status":"closed","ping_status":"closed","template":"","meta":[],"product_brand":[],"product_cat":[1554],"product_tag":[1572,1569],"class_list":{"0":"post-11544","1":"product","2":"type-product","3":"status-publish","4":"has-post-thumbnail","6":"product_cat-productos-naturales","7":"product_tag-maxitrap-es","8":"product_tag-mosca-de-la-fruta","10":"first","11":"instock","12":"taxable","13":"shipping-taxable","14":"purchasable","15":"product-type-simple"},"yoast_head":"<!-- This site is optimized with the Yoast SEO plugin v27.4 - https:\/\/yoast.com\/product\/yoast-seo-wordpress\/ -->\n<title>Trampa Mosca de la Fruta Maxitrap XL | SAIGA<\/title>\n<meta name=\"description\" content=\"Trampa de la mosca de la Fruta. La Trampa Maxitrap XL es un mosquero polivalente que se puede utilizar en diferentes situaciones en funci\u00f3n del atrayente utilizado y del n\u00famero de mosqueros aplicados.\" \/>\n<meta name=\"robots\" content=\"index, follow, max-snippet:-1, max-image-preview:large, max-video-preview:-1\" \/>\n<link rel=\"canonical\" href=\"https:\/\/saiga.es\/es\/producto\/trampa-mosca-de-la-fruta-maxitrap-xl\/\" \/>\n<meta property=\"og:locale\" content=\"es_ES\" \/>\n<meta property=\"og:type\" content=\"article\" \/>\n<meta property=\"og:title\" content=\"Trampa Mosca de la Fruta Maxitrap XL | SAIGA\" \/>\n<meta property=\"og:description\" content=\"Trampa de la mosca de la Fruta. La Trampa Maxitrap XL es un mosquero polivalente que se puede utilizar en diferentes situaciones en funci\u00f3n del atrayente utilizado y del n\u00famero de mosqueros aplicados.\" \/>\n<meta property=\"og:url\" content=\"https:\/\/saiga.es\/es\/producto\/trampa-mosca-de-la-fruta-maxitrap-xl\/\" \/>\n<meta property=\"og:site_name\" content=\"SAIGA\" \/>\n<meta property=\"article:modified_time\" content=\"2025-10-27T07:53:57+00:00\" \/>\n<meta property=\"og:image\" content=\"https:\/\/saiga.es\/wp-content\/uploads\/2024\/08\/maxitrap.jpg\" \/>\n\t<meta property=\"og:image:width\" content=\"1000\" \/>\n\t<meta property=\"og:image:height\" content=\"1000\" \/>\n\t<meta property=\"og:image:type\" content=\"image\/jpeg\" \/>\n<meta name=\"twitter:card\" content=\"summary_large_image\" \/>\n<meta name=\"twitter:site\" content=\"@saiga_agro\" \/>\n<meta name=\"twitter:label1\" content=\"Tiempo de lectura\" \/>\n\t<meta name=\"twitter:data1\" content=\"1 minuto\" \/>\n<script type=\"application\/ld+json\" class=\"yoast-schema-graph\">{\"@context\":\"https:\\\/\\\/schema.org\",\"@graph\":[{\"@type\":\"WebPage\",\"@id\":\"https:\\\/\\\/saiga.es\\\/es\\\/producto\\\/trampa-mosca-de-la-fruta-maxitrap-xl\\\/\",\"url\":\"https:\\\/\\\/saiga.es\\\/es\\\/producto\\\/trampa-mosca-de-la-fruta-maxitrap-xl\\\/\",\"name\":\"Trampa Mosca de la Fruta Maxitrap XL | SAIGA\",\"isPartOf\":{\"@id\":\"https:\\\/\\\/saiga.es\\\/es\\\/#website\"},\"primaryImageOfPage\":{\"@id\":\"https:\\\/\\\/saiga.es\\\/es\\\/producto\\\/trampa-mosca-de-la-fruta-maxitrap-xl\\\/#primaryimage\"},\"image\":{\"@id\":\"https:\\\/\\\/saiga.es\\\/es\\\/producto\\\/trampa-mosca-de-la-fruta-maxitrap-xl\\\/#primaryimage\"},\"thumbnailUrl\":\"https:\\\/\\\/saiga.es\\\/wp-content\\\/uploads\\\/2024\\\/08\\\/maxitrap.jpg\",\"datePublished\":\"2024-08-05T08:07:17+00:00\",\"dateModified\":\"2025-10-27T07:53:57+00:00\",\"description\":\"Trampa de la mosca de la Fruta. La Trampa Maxitrap XL es un mosquero polivalente que se puede utilizar en diferentes situaciones en funci\u00f3n del atrayente utilizado y del n\u00famero de mosqueros aplicados.\",\"breadcrumb\":{\"@id\":\"https:\\\/\\\/saiga.es\\\/es\\\/producto\\\/trampa-mosca-de-la-fruta-maxitrap-xl\\\/#breadcrumb\"},\"inLanguage\":\"es\",\"potentialAction\":[{\"@type\":\"ReadAction\",\"target\":[\"https:\\\/\\\/saiga.es\\\/es\\\/producto\\\/trampa-mosca-de-la-fruta-maxitrap-xl\\\/\"]}]},{\"@type\":\"ImageObject\",\"inLanguage\":\"es\",\"@id\":\"https:\\\/\\\/saiga.es\\\/es\\\/producto\\\/trampa-mosca-de-la-fruta-maxitrap-xl\\\/#primaryimage\",\"url\":\"https:\\\/\\\/saiga.es\\\/wp-content\\\/uploads\\\/2024\\\/08\\\/maxitrap.jpg\",\"contentUrl\":\"https:\\\/\\\/saiga.es\\\/wp-content\\\/uploads\\\/2024\\\/08\\\/maxitrap.jpg\",\"width\":1000,\"height\":1000,\"caption\":\"Maxitrap\"},{\"@type\":\"BreadcrumbList\",\"@id\":\"https:\\\/\\\/saiga.es\\\/es\\\/producto\\\/trampa-mosca-de-la-fruta-maxitrap-xl\\\/#breadcrumb\",\"itemListElement\":[{\"@type\":\"ListItem\",\"position\":1,\"name\":\"Inici\",\"item\":\"https:\\\/\\\/saiga.es\\\/es\\\/\"},{\"@type\":\"ListItem\",\"position\":2,\"name\":\"Tienda\",\"item\":\"https:\\\/\\\/saiga.es\\\/es\\\/tienda\\\/\"},{\"@type\":\"ListItem\",\"position\":3,\"name\":\"Trampa Mosca de la Fruta Maxitrap XL\"}]},{\"@type\":\"WebSite\",\"@id\":\"https:\\\/\\\/saiga.es\\\/es\\\/#website\",\"url\":\"https:\\\/\\\/saiga.es\\\/es\\\/\",\"name\":\"SAIGA\",\"description\":\"M\u00e9s de 50 anys al servei de la terra i treballant per a un \u00fas eficient de l\u2019aigua!\",\"publisher\":{\"@id\":\"https:\\\/\\\/saiga.es\\\/es\\\/#organization\"},\"potentialAction\":[{\"@type\":\"SearchAction\",\"target\":{\"@type\":\"EntryPoint\",\"urlTemplate\":\"https:\\\/\\\/saiga.es\\\/es\\\/?s={search_term_string}\"},\"query-input\":{\"@type\":\"PropertyValueSpecification\",\"valueRequired\":true,\"valueName\":\"search_term_string\"}}],\"inLanguage\":\"es\"},{\"@type\":\"Organization\",\"@id\":\"https:\\\/\\\/saiga.es\\\/es\\\/#organization\",\"name\":\"SAIGA\",\"url\":\"https:\\\/\\\/saiga.es\\\/es\\\/\",\"logo\":{\"@type\":\"ImageObject\",\"inLanguage\":\"es\",\"@id\":\"https:\\\/\\\/saiga.es\\\/es\\\/#\\\/schema\\\/logo\\\/image\\\/\",\"url\":\"https:\\\/\\\/saiga.es\\\/wp-content\\\/uploads\\\/2025\\\/07\\\/logo_saiga_baseline_optimitzat.svg\",\"contentUrl\":\"https:\\\/\\\/saiga.es\\\/wp-content\\\/uploads\\\/2025\\\/07\\\/logo_saiga_baseline_optimitzat.svg\",\"caption\":\"SAIGA\"},\"image\":{\"@id\":\"https:\\\/\\\/saiga.es\\\/es\\\/#\\\/schema\\\/logo\\\/image\\\/\"},\"sameAs\":[\"https:\\\/\\\/x.com\\\/saiga_agro\",\"https:\\\/\\\/www.instagram.com\\\/saiga_agro\\\/\"]}]}<\/script>\n<!-- \/ Yoast SEO plugin. -->","yoast_head_json":{"title":"Trampa Mosca de la Fruta Maxitrap XL | SAIGA","description":"Trampa de la mosca de la Fruta. La Trampa Maxitrap XL es un mosquero polivalente que se puede utilizar en diferentes situaciones en funci\u00f3n del atrayente utilizado y del n\u00famero de mosqueros aplicados.","robots":{"index":"index","follow":"follow","max-snippet":"max-snippet:-1","max-image-preview":"max-image-preview:large","max-video-preview":"max-video-preview:-1"},"canonical":"https:\/\/saiga.es\/es\/producto\/trampa-mosca-de-la-fruta-maxitrap-xl\/","og_locale":"es_ES","og_type":"article","og_title":"Trampa Mosca de la Fruta Maxitrap XL | SAIGA","og_description":"Trampa de la mosca de la Fruta. La Trampa Maxitrap XL es un mosquero polivalente que se puede utilizar en diferentes situaciones en funci\u00f3n del atrayente utilizado y del n\u00famero de mosqueros aplicados.","og_url":"https:\/\/saiga.es\/es\/producto\/trampa-mosca-de-la-fruta-maxitrap-xl\/","og_site_name":"SAIGA","article_modified_time":"2025-10-27T07:53:57+00:00","og_image":[{"width":1000,"height":1000,"url":"https:\/\/saiga.es\/wp-content\/uploads\/2024\/08\/maxitrap.jpg","type":"image\/jpeg"}],"twitter_card":"summary_large_image","twitter_site":"@saiga_agro","twitter_misc":{"Tiempo de lectura":"1 minuto"},"schema":{"@context":"https:\/\/schema.org","@graph":[{"@type":"WebPage","@id":"https:\/\/saiga.es\/es\/producto\/trampa-mosca-de-la-fruta-maxitrap-xl\/","url":"https:\/\/saiga.es\/es\/producto\/trampa-mosca-de-la-fruta-maxitrap-xl\/","name":"Trampa Mosca de la Fruta Maxitrap XL | SAIGA","isPartOf":{"@id":"https:\/\/saiga.es\/es\/#website"},"primaryImageOfPage":{"@id":"https:\/\/saiga.es\/es\/producto\/trampa-mosca-de-la-fruta-maxitrap-xl\/#primaryimage"},"image":{"@id":"https:\/\/saiga.es\/es\/producto\/trampa-mosca-de-la-fruta-maxitrap-xl\/#primaryimage"},"thumbnailUrl":"https:\/\/saiga.es\/wp-content\/uploads\/2024\/08\/maxitrap.jpg","datePublished":"2024-08-05T08:07:17+00:00","dateModified":"2025-10-27T07:53:57+00:00","description":"Trampa de la mosca de la Fruta. La Trampa Maxitrap XL es un mosquero polivalente que se puede utilizar en diferentes situaciones en funci\u00f3n del atrayente utilizado y del n\u00famero de mosqueros aplicados.","breadcrumb":{"@id":"https:\/\/saiga.es\/es\/producto\/trampa-mosca-de-la-fruta-maxitrap-xl\/#breadcrumb"},"inLanguage":"es","potentialAction":[{"@type":"ReadAction","target":["https:\/\/saiga.es\/es\/producto\/trampa-mosca-de-la-fruta-maxitrap-xl\/"]}]},{"@type":"ImageObject","inLanguage":"es","@id":"https:\/\/saiga.es\/es\/producto\/trampa-mosca-de-la-fruta-maxitrap-xl\/#primaryimage","url":"https:\/\/saiga.es\/wp-content\/uploads\/2024\/08\/maxitrap.jpg","contentUrl":"https:\/\/saiga.es\/wp-content\/uploads\/2024\/08\/maxitrap.jpg","width":1000,"height":1000,"caption":"Maxitrap"},{"@type":"BreadcrumbList","@id":"https:\/\/saiga.es\/es\/producto\/trampa-mosca-de-la-fruta-maxitrap-xl\/#breadcrumb","itemListElement":[{"@type":"ListItem","position":1,"name":"Inici","item":"https:\/\/saiga.es\/es\/"},{"@type":"ListItem","position":2,"name":"Tienda","item":"https:\/\/saiga.es\/es\/tienda\/"},{"@type":"ListItem","position":3,"name":"Trampa Mosca de la Fruta Maxitrap XL"}]},{"@type":"WebSite","@id":"https:\/\/saiga.es\/es\/#website","url":"https:\/\/saiga.es\/es\/","name":"SAIGA","description":"M\u00e9s de 50 anys al servei de la terra i treballant per a un \u00fas eficient de l\u2019aigua!","publisher":{"@id":"https:\/\/saiga.es\/es\/#organization"},"potentialAction":[{"@type":"SearchAction","target":{"@type":"EntryPoint","urlTemplate":"https:\/\/saiga.es\/es\/?s={search_term_string}"},"query-input":{"@type":"PropertyValueSpecification","valueRequired":true,"valueName":"search_term_string"}}],"inLanguage":"es"},{"@type":"Organization","@id":"https:\/\/saiga.es\/es\/#organization","name":"SAIGA","url":"https:\/\/saiga.es\/es\/","logo":{"@type":"ImageObject","inLanguage":"es","@id":"https:\/\/saiga.es\/es\/#\/schema\/logo\/image\/","url":"https:\/\/saiga.es\/wp-content\/uploads\/2025\/07\/logo_saiga_baseline_optimitzat.svg","contentUrl":"https:\/\/saiga.es\/wp-content\/uploads\/2025\/07\/logo_saiga_baseline_optimitzat.svg","caption":"SAIGA"},"image":{"@id":"https:\/\/saiga.es\/es\/#\/schema\/logo\/image\/"},"sameAs":["https:\/\/x.com\/saiga_agro","https:\/\/www.instagram.com\/saiga_agro\/"]}]}},"_links":{"self":[{"href":"https:\/\/saiga.es\/es\/wp-json\/wp\/v2\/product\/11544","targetHints":{"allow":["GET"]}}],"collection":[{"href":"https:\/\/saiga.es\/es\/wp-json\/wp\/v2\/product"}],"about":[{"href":"https:\/\/saiga.es\/es\/wp-json\/wp\/v2\/types\/product"}],"replies":[{"embeddable":true,"href":"https:\/\/saiga.es\/es\/wp-json\/wp\/v2\/comments?post=11544"}],"wp:featuredmedia":[{"embeddable":true,"href":"https:\/\/saiga.es\/es\/wp-json\/wp\/v2\/media\/11542"}],"wp:attachment":[{"href":"https:\/\/saiga.es\/es\/wp-json\/wp\/v2\/media?parent=11544"}],"wp:term":[{"taxonomy":"product_brand","embeddable":true,"href":"https:\/\/saiga.es\/es\/wp-json\/wp\/v2\/product_brand?post=11544"},{"taxonomy":"product_cat","embeddable":true,"href":"https:\/\/saiga.es\/es\/wp-json\/wp\/v2\/product_cat?post=11544"},{"taxonomy":"product_tag","embeddable":true,"href":"https:\/\/saiga.es\/es\/wp-json\/wp\/v2\/product_tag?post=11544"}],"curies":[{"name":"wp","href":"https:\/\/api.w.org\/{rel}","templated":true}]}}