{"id":11582,"date":"2024-07-30T10:46:24","date_gmt":"2024-07-30T10:46:24","guid":{"rendered":"https:\/\/botiga.saiga.es\/producte\/programador-flex-gardena\/"},"modified":"2024-07-30T10:46:24","modified_gmt":"2024-07-30T10:46:24","slug":"programador-flex-gardena","status":"publish","type":"product","link":"https:\/\/saiga.es\/es\/producto\/programador-flex-gardena\/","title":{"rendered":"Programador flex gardena"},"content":{"rendered":"<p>Programador flex gardena El programador de riego GARDENA Flex permite automatizar el riego en balcones, terrazas y patios. Alimentado por bater\u00eda, se conecta f\u00e1cilmente al grifo y se activa con un rotador externo y un bot\u00f3n de confirmaci\u00f3n. Dispone de una pantalla LC para visualizar las configuraciones de forma clara. Es desmontable y resistente al clima. Este programador ajusta los per\u00edodos de riego en ciclos de segundos, perfecto para el riego por goteo, y se puede utilizar con el Sensor de humedad GARDENA.<\/p>\n","protected":false},"excerpt":{"rendered":"<p>Programador flex gardena El programador de riego GARDENA Flex permite automatizar el riego en balcones, terrazas y patios. Alimentado por bater\u00eda, se conecta f\u00e1cilmente al grifo y se activa con un rotador externo y un bot\u00f3n de confirmaci\u00f3n. Dispone de una pantalla LC para visualizar las configuraciones de forma clara. Es desmontable y resistente al clima. Este programador ajusta los per\u00edodos de riego en ciclos de segundos, perfecto para el riego por goteo, y se puede utilizar con el Sensor de humedad GARDENA.<\/p>\n","protected":false},"featured_media":11469,"comment_status":"closed","ping_status":"closed","template":"","meta":[],"product_brand":[2210],"product_cat":[406,174],"product_tag":[],"class_list":{"0":"post-11582","1":"product","2":"type-product","3":"status-publish","4":"has-post-thumbnail","6":"product_brand-gardena-es","7":"product_cat-jardineria-domestica-es","8":"product_cat-productos-jardineria-exterior-domestica","10":"first","11":"outofstock","12":"taxable","13":"shipping-taxable","14":"purchasable","15":"product-type-simple"},"yoast_head":"<!-- This site is optimized with the Yoast SEO plugin v27.4 - https:\/\/yoast.com\/product\/yoast-seo-wordpress\/ -->\n<title>Programador flex gardena | SAIGA<\/title>\n<meta name=\"description\" content=\"El programador de riego GARDENA Flex automatiza el riego en balcones, terrazas y patios, permitiendo ajustar los per\u00edodos de riego en ciclos de segundos.\" \/>\n<meta name=\"robots\" content=\"index, follow, max-snippet:-1, max-image-preview:large, max-video-preview:-1\" \/>\n<link rel=\"canonical\" href=\"https:\/\/saiga.es\/es\/producto\/programador-flex-gardena\/\" \/>\n<meta property=\"og:locale\" content=\"es_ES\" \/>\n<meta property=\"og:type\" content=\"article\" \/>\n<meta property=\"og:title\" content=\"Programador flex gardena | SAIGA\" \/>\n<meta property=\"og:description\" content=\"El programador de riego GARDENA Flex automatiza el riego en balcones, terrazas y patios, permitiendo ajustar los per\u00edodos de riego en ciclos de segundos.\" \/>\n<meta property=\"og:url\" content=\"https:\/\/saiga.es\/es\/producto\/programador-flex-gardena\/\" \/>\n<meta property=\"og:site_name\" content=\"SAIGA\" \/>\n<meta property=\"og:image\" content=\"https:\/\/saiga.es\/wp-content\/uploads\/2024\/07\/GA210-0792_HighResPng.webp\" \/>\n\t<meta property=\"og:image:width\" content=\"400\" \/>\n\t<meta property=\"og:image:height\" content=\"530\" \/>\n\t<meta property=\"og:image:type\" content=\"image\/webp\" \/>\n<meta name=\"twitter:card\" content=\"summary_large_image\" \/>\n<meta name=\"twitter:site\" content=\"@saiga_agro\" \/>\n<script type=\"application\/ld+json\" class=\"yoast-schema-graph\">{\"@context\":\"https:\\\/\\\/schema.org\",\"@graph\":[{\"@type\":\"WebPage\",\"@id\":\"https:\\\/\\\/saiga.es\\\/es\\\/producto\\\/programador-flex-gardena\\\/\",\"url\":\"https:\\\/\\\/saiga.es\\\/es\\\/producto\\\/programador-flex-gardena\\\/\",\"name\":\"Programador flex gardena | SAIGA\",\"isPartOf\":{\"@id\":\"https:\\\/\\\/saiga.es\\\/es\\\/#website\"},\"primaryImageOfPage\":{\"@id\":\"https:\\\/\\\/saiga.es\\\/es\\\/producto\\\/programador-flex-gardena\\\/#primaryimage\"},\"image\":{\"@id\":\"https:\\\/\\\/saiga.es\\\/es\\\/producto\\\/programador-flex-gardena\\\/#primaryimage\"},\"thumbnailUrl\":\"https:\\\/\\\/saiga.es\\\/wp-content\\\/uploads\\\/2024\\\/07\\\/GA210-0792_HighResPng.webp\",\"datePublished\":\"2024-07-30T10:46:24+00:00\",\"description\":\"El programador de riego GARDENA Flex automatiza el riego en balcones, terrazas y patios, permitiendo ajustar los per\u00edodos de riego en ciclos de segundos.\",\"breadcrumb\":{\"@id\":\"https:\\\/\\\/saiga.es\\\/es\\\/producto\\\/programador-flex-gardena\\\/#breadcrumb\"},\"inLanguage\":\"es\",\"potentialAction\":[{\"@type\":\"ReadAction\",\"target\":[\"https:\\\/\\\/saiga.es\\\/es\\\/producto\\\/programador-flex-gardena\\\/\"]}]},{\"@type\":\"ImageObject\",\"inLanguage\":\"es\",\"@id\":\"https:\\\/\\\/saiga.es\\\/es\\\/producto\\\/programador-flex-gardena\\\/#primaryimage\",\"url\":\"https:\\\/\\\/saiga.es\\\/wp-content\\\/uploads\\\/2024\\\/07\\\/GA210-0792_HighResPng.webp\",\"contentUrl\":\"https:\\\/\\\/saiga.es\\\/wp-content\\\/uploads\\\/2024\\\/07\\\/GA210-0792_HighResPng.webp\",\"width\":400,\"height\":530},{\"@type\":\"BreadcrumbList\",\"@id\":\"https:\\\/\\\/saiga.es\\\/es\\\/producto\\\/programador-flex-gardena\\\/#breadcrumb\",\"itemListElement\":[{\"@type\":\"ListItem\",\"position\":1,\"name\":\"Inici\",\"item\":\"https:\\\/\\\/saiga.es\\\/es\\\/\"},{\"@type\":\"ListItem\",\"position\":2,\"name\":\"Tienda\",\"item\":\"https:\\\/\\\/saiga.es\\\/es\\\/tienda\\\/\"},{\"@type\":\"ListItem\",\"position\":3,\"name\":\"Programador flex gardena\"}]},{\"@type\":\"WebSite\",\"@id\":\"https:\\\/\\\/saiga.es\\\/es\\\/#website\",\"url\":\"https:\\\/\\\/saiga.es\\\/es\\\/\",\"name\":\"SAIGA\",\"description\":\"M\u00e9s de 50 anys al servei de la terra i treballant per a un \u00fas eficient de l\u2019aigua!\",\"publisher\":{\"@id\":\"https:\\\/\\\/saiga.es\\\/es\\\/#organization\"},\"potentialAction\":[{\"@type\":\"SearchAction\",\"target\":{\"@type\":\"EntryPoint\",\"urlTemplate\":\"https:\\\/\\\/saiga.es\\\/es\\\/?s={search_term_string}\"},\"query-input\":{\"@type\":\"PropertyValueSpecification\",\"valueRequired\":true,\"valueName\":\"search_term_string\"}}],\"inLanguage\":\"es\"},{\"@type\":\"Organization\",\"@id\":\"https:\\\/\\\/saiga.es\\\/es\\\/#organization\",\"name\":\"SAIGA\",\"url\":\"https:\\\/\\\/saiga.es\\\/es\\\/\",\"logo\":{\"@type\":\"ImageObject\",\"inLanguage\":\"es\",\"@id\":\"https:\\\/\\\/saiga.es\\\/es\\\/#\\\/schema\\\/logo\\\/image\\\/\",\"url\":\"https:\\\/\\\/saiga.es\\\/wp-content\\\/uploads\\\/2025\\\/07\\\/logo_saiga_baseline_optimitzat.svg\",\"contentUrl\":\"https:\\\/\\\/saiga.es\\\/wp-content\\\/uploads\\\/2025\\\/07\\\/logo_saiga_baseline_optimitzat.svg\",\"caption\":\"SAIGA\"},\"image\":{\"@id\":\"https:\\\/\\\/saiga.es\\\/es\\\/#\\\/schema\\\/logo\\\/image\\\/\"},\"sameAs\":[\"https:\\\/\\\/x.com\\\/saiga_agro\",\"https:\\\/\\\/www.instagram.com\\\/saiga_agro\\\/\"]}]}<\/script>\n<!-- \/ Yoast SEO plugin. -->","yoast_head_json":{"title":"Programador flex gardena | SAIGA","description":"El programador de riego GARDENA Flex automatiza el riego en balcones, terrazas y patios, permitiendo ajustar los per\u00edodos de riego en ciclos de segundos.","robots":{"index":"index","follow":"follow","max-snippet":"max-snippet:-1","max-image-preview":"max-image-preview:large","max-video-preview":"max-video-preview:-1"},"canonical":"https:\/\/saiga.es\/es\/producto\/programador-flex-gardena\/","og_locale":"es_ES","og_type":"article","og_title":"Programador flex gardena | SAIGA","og_description":"El programador de riego GARDENA Flex automatiza el riego en balcones, terrazas y patios, permitiendo ajustar los per\u00edodos de riego en ciclos de segundos.","og_url":"https:\/\/saiga.es\/es\/producto\/programador-flex-gardena\/","og_site_name":"SAIGA","og_image":[{"width":400,"height":530,"url":"https:\/\/saiga.es\/wp-content\/uploads\/2024\/07\/GA210-0792_HighResPng.webp","type":"image\/webp"}],"twitter_card":"summary_large_image","twitter_site":"@saiga_agro","schema":{"@context":"https:\/\/schema.org","@graph":[{"@type":"WebPage","@id":"https:\/\/saiga.es\/es\/producto\/programador-flex-gardena\/","url":"https:\/\/saiga.es\/es\/producto\/programador-flex-gardena\/","name":"Programador flex gardena | SAIGA","isPartOf":{"@id":"https:\/\/saiga.es\/es\/#website"},"primaryImageOfPage":{"@id":"https:\/\/saiga.es\/es\/producto\/programador-flex-gardena\/#primaryimage"},"image":{"@id":"https:\/\/saiga.es\/es\/producto\/programador-flex-gardena\/#primaryimage"},"thumbnailUrl":"https:\/\/saiga.es\/wp-content\/uploads\/2024\/07\/GA210-0792_HighResPng.webp","datePublished":"2024-07-30T10:46:24+00:00","description":"El programador de riego GARDENA Flex automatiza el riego en balcones, terrazas y patios, permitiendo ajustar los per\u00edodos de riego en ciclos de segundos.","breadcrumb":{"@id":"https:\/\/saiga.es\/es\/producto\/programador-flex-gardena\/#breadcrumb"},"inLanguage":"es","potentialAction":[{"@type":"ReadAction","target":["https:\/\/saiga.es\/es\/producto\/programador-flex-gardena\/"]}]},{"@type":"ImageObject","inLanguage":"es","@id":"https:\/\/saiga.es\/es\/producto\/programador-flex-gardena\/#primaryimage","url":"https:\/\/saiga.es\/wp-content\/uploads\/2024\/07\/GA210-0792_HighResPng.webp","contentUrl":"https:\/\/saiga.es\/wp-content\/uploads\/2024\/07\/GA210-0792_HighResPng.webp","width":400,"height":530},{"@type":"BreadcrumbList","@id":"https:\/\/saiga.es\/es\/producto\/programador-flex-gardena\/#breadcrumb","itemListElement":[{"@type":"ListItem","position":1,"name":"Inici","item":"https:\/\/saiga.es\/es\/"},{"@type":"ListItem","position":2,"name":"Tienda","item":"https:\/\/saiga.es\/es\/tienda\/"},{"@type":"ListItem","position":3,"name":"Programador flex gardena"}]},{"@type":"WebSite","@id":"https:\/\/saiga.es\/es\/#website","url":"https:\/\/saiga.es\/es\/","name":"SAIGA","description":"M\u00e9s de 50 anys al servei de la terra i treballant per a un \u00fas eficient de l\u2019aigua!","publisher":{"@id":"https:\/\/saiga.es\/es\/#organization"},"potentialAction":[{"@type":"SearchAction","target":{"@type":"EntryPoint","urlTemplate":"https:\/\/saiga.es\/es\/?s={search_term_string}"},"query-input":{"@type":"PropertyValueSpecification","valueRequired":true,"valueName":"search_term_string"}}],"inLanguage":"es"},{"@type":"Organization","@id":"https:\/\/saiga.es\/es\/#organization","name":"SAIGA","url":"https:\/\/saiga.es\/es\/","logo":{"@type":"ImageObject","inLanguage":"es","@id":"https:\/\/saiga.es\/es\/#\/schema\/logo\/image\/","url":"https:\/\/saiga.es\/wp-content\/uploads\/2025\/07\/logo_saiga_baseline_optimitzat.svg","contentUrl":"https:\/\/saiga.es\/wp-content\/uploads\/2025\/07\/logo_saiga_baseline_optimitzat.svg","caption":"SAIGA"},"image":{"@id":"https:\/\/saiga.es\/es\/#\/schema\/logo\/image\/"},"sameAs":["https:\/\/x.com\/saiga_agro","https:\/\/www.instagram.com\/saiga_agro\/"]}]}},"_links":{"self":[{"href":"https:\/\/saiga.es\/es\/wp-json\/wp\/v2\/product\/11582","targetHints":{"allow":["GET"]}}],"collection":[{"href":"https:\/\/saiga.es\/es\/wp-json\/wp\/v2\/product"}],"about":[{"href":"https:\/\/saiga.es\/es\/wp-json\/wp\/v2\/types\/product"}],"replies":[{"embeddable":true,"href":"https:\/\/saiga.es\/es\/wp-json\/wp\/v2\/comments?post=11582"}],"wp:featuredmedia":[{"embeddable":true,"href":"https:\/\/saiga.es\/es\/wp-json\/wp\/v2\/media\/11469"}],"wp:attachment":[{"href":"https:\/\/saiga.es\/es\/wp-json\/wp\/v2\/media?parent=11582"}],"wp:term":[{"taxonomy":"product_brand","embeddable":true,"href":"https:\/\/saiga.es\/es\/wp-json\/wp\/v2\/product_brand?post=11582"},{"taxonomy":"product_cat","embeddable":true,"href":"https:\/\/saiga.es\/es\/wp-json\/wp\/v2\/product_cat?post=11582"},{"taxonomy":"product_tag","embeddable":true,"href":"https:\/\/saiga.es\/es\/wp-json\/wp\/v2\/product_tag?post=11582"}],"curies":[{"name":"wp","href":"https:\/\/api.w.org\/{rel}","templated":true}]}}