{"id":11588,"date":"2024-07-30T08:29:05","date_gmt":"2024-07-30T08:29:05","guid":{"rendered":"https:\/\/botiga.saiga.es\/producte\/plantador-punta-metalica-combisystem-gardena\/"},"modified":"2024-07-30T08:29:05","modified_gmt":"2024-07-30T08:29:05","slug":"plantador-punta-metalica-combisystem-gardena","status":"publish","type":"product","link":"https:\/\/saiga.es\/es\/producto\/plantador-punta-metalica-combisystem-gardena\/","title":{"rendered":"Plantador punta met\u00e1lica combisystem gardena"},"content":{"rendered":"<p>Plantador punta met\u00e1lica combisystem gardena El plantador GARDENA es la herramienta ideal para plantar semillas f\u00e1cilmente. Su punta de metal galvanizado, resistente e inoxidable permite perforar el suelo hasta una profundidad de 19,5 cm, creando el agujero perfecto para la plantaci\u00f3n. El mango ergon\u00f3mico ofrece un c\u00f3modo ajuste en la mano, haciendo que la tarea sea m\u00e1s sencilla. Este producto incluye una garant\u00eda de 25 a\u00f1os, asegurando su durabilidad y confianza.<\/p>\n","protected":false},"excerpt":{"rendered":"<p>Plantador punta met\u00e1lica combisystem gardena El plantador GARDENA es la herramienta ideal para plantar semillas f\u00e1cilmente. Su punta de metal galvanizado, resistente e inoxidable permite perforar el suelo hasta una profundidad de 19,5 cm, creando el agujero perfecto para la plantaci\u00f3n. El mango ergon\u00f3mico ofrece un c\u00f3modo ajuste en la mano, haciendo que la tarea&#8230;<\/p>\n","protected":false},"featured_media":11453,"comment_status":"open","ping_status":"closed","template":"","meta":[],"product_brand":[],"product_cat":[406,174],"product_tag":[],"class_list":{"0":"post-11588","1":"product","2":"type-product","3":"status-publish","4":"has-post-thumbnail","6":"product_cat-jardineria-domestica-es","7":"product_cat-productos-jardineria-exterior-domestica","9":"first","10":"instock","11":"taxable","12":"shipping-taxable","13":"purchasable","14":"product-type-simple"},"yoast_head":"<!-- This site is optimized with the Yoast SEO plugin v27.4 - https:\/\/yoast.com\/product\/yoast-seo-wordpress\/ -->\n<title>Plantador punta met\u00e1lica combisystem gardena | SAIGA<\/title>\n<meta name=\"description\" content=\"El plantador GARDENA facilita la plantaci\u00f3n de semillas con su punta galvanizada que penetra hasta 19,5 cm y su mango ergon\u00f3mico.\" \/>\n<meta name=\"robots\" content=\"index, follow, max-snippet:-1, max-image-preview:large, max-video-preview:-1\" \/>\n<link rel=\"canonical\" href=\"https:\/\/saiga.es\/es\/producto\/plantador-punta-metalica-combisystem-gardena\/\" \/>\n<meta property=\"og:locale\" content=\"es_ES\" \/>\n<meta property=\"og:type\" content=\"article\" \/>\n<meta property=\"og:title\" content=\"Plantador punta met\u00e1lica combisystem gardena | SAIGA\" \/>\n<meta property=\"og:description\" content=\"El plantador GARDENA facilita la plantaci\u00f3n de semillas con su punta galvanizada que penetra hasta 19,5 cm y su mango ergon\u00f3mico.\" \/>\n<meta property=\"og:url\" content=\"https:\/\/saiga.es\/es\/producto\/plantador-punta-metalica-combisystem-gardena\/\" \/>\n<meta property=\"og:site_name\" content=\"SAIGA\" \/>\n<meta property=\"og:image\" content=\"https:\/\/saiga.es\/wp-content\/uploads\/2024\/07\/GA410-0178_HighResPng.webp\" \/>\n\t<meta property=\"og:image:width\" content=\"530\" \/>\n\t<meta property=\"og:image:height\" content=\"530\" \/>\n\t<meta property=\"og:image:type\" content=\"image\/webp\" \/>\n<meta name=\"twitter:card\" content=\"summary_large_image\" \/>\n<meta name=\"twitter:site\" content=\"@saiga_agro\" \/>\n<script type=\"application\/ld+json\" class=\"yoast-schema-graph\">{\"@context\":\"https:\\\/\\\/schema.org\",\"@graph\":[{\"@type\":\"WebPage\",\"@id\":\"https:\\\/\\\/saiga.es\\\/es\\\/producto\\\/plantador-punta-metalica-combisystem-gardena\\\/\",\"url\":\"https:\\\/\\\/saiga.es\\\/es\\\/producto\\\/plantador-punta-metalica-combisystem-gardena\\\/\",\"name\":\"Plantador punta met\u00e1lica combisystem gardena | SAIGA\",\"isPartOf\":{\"@id\":\"https:\\\/\\\/saiga.es\\\/es\\\/#website\"},\"primaryImageOfPage\":{\"@id\":\"https:\\\/\\\/saiga.es\\\/es\\\/producto\\\/plantador-punta-metalica-combisystem-gardena\\\/#primaryimage\"},\"image\":{\"@id\":\"https:\\\/\\\/saiga.es\\\/es\\\/producto\\\/plantador-punta-metalica-combisystem-gardena\\\/#primaryimage\"},\"thumbnailUrl\":\"https:\\\/\\\/saiga.es\\\/wp-content\\\/uploads\\\/2024\\\/07\\\/GA410-0178_HighResPng.webp\",\"datePublished\":\"2024-07-30T08:29:05+00:00\",\"description\":\"El plantador GARDENA facilita la plantaci\u00f3n de semillas con su punta galvanizada que penetra hasta 19,5 cm y su mango ergon\u00f3mico.\",\"breadcrumb\":{\"@id\":\"https:\\\/\\\/saiga.es\\\/es\\\/producto\\\/plantador-punta-metalica-combisystem-gardena\\\/#breadcrumb\"},\"inLanguage\":\"es\",\"potentialAction\":[{\"@type\":\"ReadAction\",\"target\":[\"https:\\\/\\\/saiga.es\\\/es\\\/producto\\\/plantador-punta-metalica-combisystem-gardena\\\/\"]}]},{\"@type\":\"ImageObject\",\"inLanguage\":\"es\",\"@id\":\"https:\\\/\\\/saiga.es\\\/es\\\/producto\\\/plantador-punta-metalica-combisystem-gardena\\\/#primaryimage\",\"url\":\"https:\\\/\\\/saiga.es\\\/wp-content\\\/uploads\\\/2024\\\/07\\\/GA410-0178_HighResPng.webp\",\"contentUrl\":\"https:\\\/\\\/saiga.es\\\/wp-content\\\/uploads\\\/2024\\\/07\\\/GA410-0178_HighResPng.webp\",\"width\":530,\"height\":530},{\"@type\":\"BreadcrumbList\",\"@id\":\"https:\\\/\\\/saiga.es\\\/es\\\/producto\\\/plantador-punta-metalica-combisystem-gardena\\\/#breadcrumb\",\"itemListElement\":[{\"@type\":\"ListItem\",\"position\":1,\"name\":\"Inici\",\"item\":\"https:\\\/\\\/saiga.es\\\/es\\\/\"},{\"@type\":\"ListItem\",\"position\":2,\"name\":\"Tienda\",\"item\":\"https:\\\/\\\/saiga.es\\\/es\\\/tienda\\\/\"},{\"@type\":\"ListItem\",\"position\":3,\"name\":\"Plantador punta met\u00e1lica combisystem gardena\"}]},{\"@type\":\"WebSite\",\"@id\":\"https:\\\/\\\/saiga.es\\\/es\\\/#website\",\"url\":\"https:\\\/\\\/saiga.es\\\/es\\\/\",\"name\":\"SAIGA\",\"description\":\"M\u00e9s de 50 anys al servei de la terra i treballant per a un \u00fas eficient de l\u2019aigua!\",\"publisher\":{\"@id\":\"https:\\\/\\\/saiga.es\\\/es\\\/#organization\"},\"potentialAction\":[{\"@type\":\"SearchAction\",\"target\":{\"@type\":\"EntryPoint\",\"urlTemplate\":\"https:\\\/\\\/saiga.es\\\/es\\\/?s={search_term_string}\"},\"query-input\":{\"@type\":\"PropertyValueSpecification\",\"valueRequired\":true,\"valueName\":\"search_term_string\"}}],\"inLanguage\":\"es\"},{\"@type\":\"Organization\",\"@id\":\"https:\\\/\\\/saiga.es\\\/es\\\/#organization\",\"name\":\"SAIGA\",\"url\":\"https:\\\/\\\/saiga.es\\\/es\\\/\",\"logo\":{\"@type\":\"ImageObject\",\"inLanguage\":\"es\",\"@id\":\"https:\\\/\\\/saiga.es\\\/es\\\/#\\\/schema\\\/logo\\\/image\\\/\",\"url\":\"https:\\\/\\\/saiga.es\\\/wp-content\\\/uploads\\\/2025\\\/07\\\/logo_saiga_baseline_optimitzat.svg\",\"contentUrl\":\"https:\\\/\\\/saiga.es\\\/wp-content\\\/uploads\\\/2025\\\/07\\\/logo_saiga_baseline_optimitzat.svg\",\"caption\":\"SAIGA\"},\"image\":{\"@id\":\"https:\\\/\\\/saiga.es\\\/es\\\/#\\\/schema\\\/logo\\\/image\\\/\"},\"sameAs\":[\"https:\\\/\\\/x.com\\\/saiga_agro\",\"https:\\\/\\\/www.instagram.com\\\/saiga_agro\\\/\"]}]}<\/script>\n<!-- \/ Yoast SEO plugin. -->","yoast_head_json":{"title":"Plantador punta met\u00e1lica combisystem gardena | SAIGA","description":"El plantador GARDENA facilita la plantaci\u00f3n de semillas con su punta galvanizada que penetra hasta 19,5 cm y su mango ergon\u00f3mico.","robots":{"index":"index","follow":"follow","max-snippet":"max-snippet:-1","max-image-preview":"max-image-preview:large","max-video-preview":"max-video-preview:-1"},"canonical":"https:\/\/saiga.es\/es\/producto\/plantador-punta-metalica-combisystem-gardena\/","og_locale":"es_ES","og_type":"article","og_title":"Plantador punta met\u00e1lica combisystem gardena | SAIGA","og_description":"El plantador GARDENA facilita la plantaci\u00f3n de semillas con su punta galvanizada que penetra hasta 19,5 cm y su mango ergon\u00f3mico.","og_url":"https:\/\/saiga.es\/es\/producto\/plantador-punta-metalica-combisystem-gardena\/","og_site_name":"SAIGA","og_image":[{"width":530,"height":530,"url":"https:\/\/saiga.es\/wp-content\/uploads\/2024\/07\/GA410-0178_HighResPng.webp","type":"image\/webp"}],"twitter_card":"summary_large_image","twitter_site":"@saiga_agro","schema":{"@context":"https:\/\/schema.org","@graph":[{"@type":"WebPage","@id":"https:\/\/saiga.es\/es\/producto\/plantador-punta-metalica-combisystem-gardena\/","url":"https:\/\/saiga.es\/es\/producto\/plantador-punta-metalica-combisystem-gardena\/","name":"Plantador punta met\u00e1lica combisystem gardena | SAIGA","isPartOf":{"@id":"https:\/\/saiga.es\/es\/#website"},"primaryImageOfPage":{"@id":"https:\/\/saiga.es\/es\/producto\/plantador-punta-metalica-combisystem-gardena\/#primaryimage"},"image":{"@id":"https:\/\/saiga.es\/es\/producto\/plantador-punta-metalica-combisystem-gardena\/#primaryimage"},"thumbnailUrl":"https:\/\/saiga.es\/wp-content\/uploads\/2024\/07\/GA410-0178_HighResPng.webp","datePublished":"2024-07-30T08:29:05+00:00","description":"El plantador GARDENA facilita la plantaci\u00f3n de semillas con su punta galvanizada que penetra hasta 19,5 cm y su mango ergon\u00f3mico.","breadcrumb":{"@id":"https:\/\/saiga.es\/es\/producto\/plantador-punta-metalica-combisystem-gardena\/#breadcrumb"},"inLanguage":"es","potentialAction":[{"@type":"ReadAction","target":["https:\/\/saiga.es\/es\/producto\/plantador-punta-metalica-combisystem-gardena\/"]}]},{"@type":"ImageObject","inLanguage":"es","@id":"https:\/\/saiga.es\/es\/producto\/plantador-punta-metalica-combisystem-gardena\/#primaryimage","url":"https:\/\/saiga.es\/wp-content\/uploads\/2024\/07\/GA410-0178_HighResPng.webp","contentUrl":"https:\/\/saiga.es\/wp-content\/uploads\/2024\/07\/GA410-0178_HighResPng.webp","width":530,"height":530},{"@type":"BreadcrumbList","@id":"https:\/\/saiga.es\/es\/producto\/plantador-punta-metalica-combisystem-gardena\/#breadcrumb","itemListElement":[{"@type":"ListItem","position":1,"name":"Inici","item":"https:\/\/saiga.es\/es\/"},{"@type":"ListItem","position":2,"name":"Tienda","item":"https:\/\/saiga.es\/es\/tienda\/"},{"@type":"ListItem","position":3,"name":"Plantador punta met\u00e1lica combisystem gardena"}]},{"@type":"WebSite","@id":"https:\/\/saiga.es\/es\/#website","url":"https:\/\/saiga.es\/es\/","name":"SAIGA","description":"M\u00e9s de 50 anys al servei de la terra i treballant per a un \u00fas eficient de l\u2019aigua!","publisher":{"@id":"https:\/\/saiga.es\/es\/#organization"},"potentialAction":[{"@type":"SearchAction","target":{"@type":"EntryPoint","urlTemplate":"https:\/\/saiga.es\/es\/?s={search_term_string}"},"query-input":{"@type":"PropertyValueSpecification","valueRequired":true,"valueName":"search_term_string"}}],"inLanguage":"es"},{"@type":"Organization","@id":"https:\/\/saiga.es\/es\/#organization","name":"SAIGA","url":"https:\/\/saiga.es\/es\/","logo":{"@type":"ImageObject","inLanguage":"es","@id":"https:\/\/saiga.es\/es\/#\/schema\/logo\/image\/","url":"https:\/\/saiga.es\/wp-content\/uploads\/2025\/07\/logo_saiga_baseline_optimitzat.svg","contentUrl":"https:\/\/saiga.es\/wp-content\/uploads\/2025\/07\/logo_saiga_baseline_optimitzat.svg","caption":"SAIGA"},"image":{"@id":"https:\/\/saiga.es\/es\/#\/schema\/logo\/image\/"},"sameAs":["https:\/\/x.com\/saiga_agro","https:\/\/www.instagram.com\/saiga_agro\/"]}]}},"_links":{"self":[{"href":"https:\/\/saiga.es\/es\/wp-json\/wp\/v2\/product\/11588","targetHints":{"allow":["GET"]}}],"collection":[{"href":"https:\/\/saiga.es\/es\/wp-json\/wp\/v2\/product"}],"about":[{"href":"https:\/\/saiga.es\/es\/wp-json\/wp\/v2\/types\/product"}],"replies":[{"embeddable":true,"href":"https:\/\/saiga.es\/es\/wp-json\/wp\/v2\/comments?post=11588"}],"wp:featuredmedia":[{"embeddable":true,"href":"https:\/\/saiga.es\/es\/wp-json\/wp\/v2\/media\/11453"}],"wp:attachment":[{"href":"https:\/\/saiga.es\/es\/wp-json\/wp\/v2\/media?parent=11588"}],"wp:term":[{"taxonomy":"product_brand","embeddable":true,"href":"https:\/\/saiga.es\/es\/wp-json\/wp\/v2\/product_brand?post=11588"},{"taxonomy":"product_cat","embeddable":true,"href":"https:\/\/saiga.es\/es\/wp-json\/wp\/v2\/product_cat?post=11588"},{"taxonomy":"product_tag","embeddable":true,"href":"https:\/\/saiga.es\/es\/wp-json\/wp\/v2\/product_tag?post=11588"}],"curies":[{"name":"wp","href":"https:\/\/api.w.org\/{rel}","templated":true}]}}