{"id":11621,"date":"2024-08-13T09:53:44","date_gmt":"2024-08-13T09:53:44","guid":{"rendered":"https:\/\/botiga.saiga.es\/producte\/arpon-diazipol-insecticida\/"},"modified":"2025-11-11T10:33:21","modified_gmt":"2025-11-11T10:33:21","slug":"arpon-diazipol-insecticida","status":"publish","type":"product","link":"https:\/\/saiga.es\/es\/producto\/arpon-diazipol-insecticida\/","title":{"rendered":"Arpon Diazipol Insecticida"},"content":{"rendered":"<p>Este plaguicida es un producto ideal para resultados insuperables en la desinsectaci\u00f3n de todo tipo de instalaciones ganaderas, en \u00e1reas de estabulaci\u00f3n de animales, tales como establos, granjas, perreras o mataderos. Es un plaguicida tambi\u00e9n apto para cl\u00ednicas veterinarias (zonas de hospitalizaci\u00f3n, jaulas\u2026) y veh\u00edculos de transporte de animales. <\/p>\n<p>Su amplio espectro de acci\u00f3n incluye tanto insectos voladores (moscas, mosquitos, avispas, t\u00e1banos) como insectos reptantes (pulgas, garrapatas, chinches, escarabajos, cucarachas, ara\u00f1as, hormigas, piojos\u2026).<\/p>\n","protected":false},"excerpt":{"rendered":"<p>Arpon Diazipol es un plaguicida emulsionable que combina Cipermetrina\/Deltametrina\/Tetrametrina para unos espectaculares resultados en la eliminaci\u00f3n de moscas al actuar ambos ingredientes de forma potente, simult\u00e1nea y sostenida sobre el insecto.<\/p>\n","protected":false},"featured_media":11619,"comment_status":"closed","ping_status":"closed","template":"","meta":[],"product_brand":[],"product_cat":[395,181,157],"product_tag":[1481,1477,886,1582],"class_list":{"0":"post-11621","1":"product","2":"type-product","3":"status-publish","4":"has-post-thumbnail","6":"product_cat-biocidas-es","7":"product_cat-insecticidas","8":"product_cat-biocidas","9":"product_tag-antimoscas","10":"product_tag-antimosquitos","11":"product_tag-insecticida-es","12":"product_tag-insectos-voladores-y-rastreadores","14":"first","15":"instock","16":"taxable","17":"shipping-taxable","18":"purchasable","19":"product-type-simple"},"yoast_head":"<!-- This site is optimized with the Yoast SEO plugin v27.4 - https:\/\/yoast.com\/product\/yoast-seo-wordpress\/ -->\n<title>Arpon Diazipol Insecticida | SAIGA<\/title>\n<meta name=\"description\" content=\"Arpon Diazipol es un plaguicida emulsionable que combina Cipermetrina\/Deltametrina\/Tetrametrina para unos espectaculares resultados en la eliminaci\u00f3n de moscas al actuar ambos ingredientes de forma potente, simult\u00e1nea y sostenida sobre el insecto.\" \/>\n<meta name=\"robots\" content=\"index, follow, max-snippet:-1, max-image-preview:large, max-video-preview:-1\" \/>\n<link rel=\"canonical\" href=\"https:\/\/saiga.es\/es\/producto\/arpon-diazipol-insecticida\/\" \/>\n<meta property=\"og:locale\" content=\"es_ES\" \/>\n<meta property=\"og:type\" content=\"article\" \/>\n<meta property=\"og:title\" content=\"Arpon Diazipol Insecticida | SAIGA\" \/>\n<meta property=\"og:description\" content=\"Arpon Diazipol es un plaguicida emulsionable que combina Cipermetrina\/Deltametrina\/Tetrametrina para unos espectaculares resultados en la eliminaci\u00f3n de moscas al actuar ambos ingredientes de forma potente, simult\u00e1nea y sostenida sobre el insecto.\" \/>\n<meta property=\"og:url\" content=\"https:\/\/saiga.es\/es\/producto\/arpon-diazipol-insecticida\/\" \/>\n<meta property=\"og:site_name\" content=\"SAIGA\" \/>\n<meta property=\"article:modified_time\" content=\"2025-11-11T10:33:21+00:00\" \/>\n<meta property=\"og:image\" content=\"https:\/\/saiga.es\/wp-content\/uploads\/2024\/08\/Arpon-Diazipol-insecticida.jpg\" \/>\n\t<meta property=\"og:image:width\" content=\"1080\" \/>\n\t<meta property=\"og:image:height\" content=\"1080\" \/>\n\t<meta property=\"og:image:type\" content=\"image\/jpeg\" \/>\n<meta name=\"twitter:card\" content=\"summary_large_image\" \/>\n<meta name=\"twitter:site\" content=\"@saiga_agro\" \/>\n<script type=\"application\/ld+json\" class=\"yoast-schema-graph\">{\"@context\":\"https:\\\/\\\/schema.org\",\"@graph\":[{\"@type\":\"WebPage\",\"@id\":\"https:\\\/\\\/saiga.es\\\/es\\\/producto\\\/arpon-diazipol-insecticida\\\/\",\"url\":\"https:\\\/\\\/saiga.es\\\/es\\\/producto\\\/arpon-diazipol-insecticida\\\/\",\"name\":\"Arpon Diazipol Insecticida | SAIGA\",\"isPartOf\":{\"@id\":\"https:\\\/\\\/saiga.es\\\/es\\\/#website\"},\"primaryImageOfPage\":{\"@id\":\"https:\\\/\\\/saiga.es\\\/es\\\/producto\\\/arpon-diazipol-insecticida\\\/#primaryimage\"},\"image\":{\"@id\":\"https:\\\/\\\/saiga.es\\\/es\\\/producto\\\/arpon-diazipol-insecticida\\\/#primaryimage\"},\"thumbnailUrl\":\"https:\\\/\\\/saiga.es\\\/wp-content\\\/uploads\\\/2024\\\/08\\\/Arpon-Diazipol-insecticida.jpg\",\"datePublished\":\"2024-08-13T09:53:44+00:00\",\"dateModified\":\"2025-11-11T10:33:21+00:00\",\"description\":\"Arpon Diazipol es un plaguicida emulsionable que combina Cipermetrina\\\/Deltametrina\\\/Tetrametrina para unos espectaculares resultados en la eliminaci\u00f3n de moscas al actuar ambos ingredientes de forma potente, simult\u00e1nea y sostenida sobre el insecto.\",\"breadcrumb\":{\"@id\":\"https:\\\/\\\/saiga.es\\\/es\\\/producto\\\/arpon-diazipol-insecticida\\\/#breadcrumb\"},\"inLanguage\":\"es\",\"potentialAction\":[{\"@type\":\"ReadAction\",\"target\":[\"https:\\\/\\\/saiga.es\\\/es\\\/producto\\\/arpon-diazipol-insecticida\\\/\"]}]},{\"@type\":\"ImageObject\",\"inLanguage\":\"es\",\"@id\":\"https:\\\/\\\/saiga.es\\\/es\\\/producto\\\/arpon-diazipol-insecticida\\\/#primaryimage\",\"url\":\"https:\\\/\\\/saiga.es\\\/wp-content\\\/uploads\\\/2024\\\/08\\\/Arpon-Diazipol-insecticida.jpg\",\"contentUrl\":\"https:\\\/\\\/saiga.es\\\/wp-content\\\/uploads\\\/2024\\\/08\\\/Arpon-Diazipol-insecticida.jpg\",\"width\":1080,\"height\":1080,\"caption\":\"Arpon Diazipol\"},{\"@type\":\"BreadcrumbList\",\"@id\":\"https:\\\/\\\/saiga.es\\\/es\\\/producto\\\/arpon-diazipol-insecticida\\\/#breadcrumb\",\"itemListElement\":[{\"@type\":\"ListItem\",\"position\":1,\"name\":\"Inici\",\"item\":\"https:\\\/\\\/saiga.es\\\/es\\\/\"},{\"@type\":\"ListItem\",\"position\":2,\"name\":\"Tienda\",\"item\":\"https:\\\/\\\/saiga.es\\\/es\\\/tienda\\\/\"},{\"@type\":\"ListItem\",\"position\":3,\"name\":\"Arpon Diazipol Insecticida\"}]},{\"@type\":\"WebSite\",\"@id\":\"https:\\\/\\\/saiga.es\\\/es\\\/#website\",\"url\":\"https:\\\/\\\/saiga.es\\\/es\\\/\",\"name\":\"SAIGA\",\"description\":\"M\u00e9s de 50 anys al servei de la terra i treballant per a un \u00fas eficient de l\u2019aigua!\",\"publisher\":{\"@id\":\"https:\\\/\\\/saiga.es\\\/es\\\/#organization\"},\"potentialAction\":[{\"@type\":\"SearchAction\",\"target\":{\"@type\":\"EntryPoint\",\"urlTemplate\":\"https:\\\/\\\/saiga.es\\\/es\\\/?s={search_term_string}\"},\"query-input\":{\"@type\":\"PropertyValueSpecification\",\"valueRequired\":true,\"valueName\":\"search_term_string\"}}],\"inLanguage\":\"es\"},{\"@type\":\"Organization\",\"@id\":\"https:\\\/\\\/saiga.es\\\/es\\\/#organization\",\"name\":\"SAIGA\",\"url\":\"https:\\\/\\\/saiga.es\\\/es\\\/\",\"logo\":{\"@type\":\"ImageObject\",\"inLanguage\":\"es\",\"@id\":\"https:\\\/\\\/saiga.es\\\/es\\\/#\\\/schema\\\/logo\\\/image\\\/\",\"url\":\"https:\\\/\\\/saiga.es\\\/wp-content\\\/uploads\\\/2025\\\/07\\\/logo_saiga_baseline_optimitzat.svg\",\"contentUrl\":\"https:\\\/\\\/saiga.es\\\/wp-content\\\/uploads\\\/2025\\\/07\\\/logo_saiga_baseline_optimitzat.svg\",\"caption\":\"SAIGA\"},\"image\":{\"@id\":\"https:\\\/\\\/saiga.es\\\/es\\\/#\\\/schema\\\/logo\\\/image\\\/\"},\"sameAs\":[\"https:\\\/\\\/x.com\\\/saiga_agro\",\"https:\\\/\\\/www.instagram.com\\\/saiga_agro\\\/\"]}]}<\/script>\n<!-- \/ Yoast SEO plugin. -->","yoast_head_json":{"title":"Arpon Diazipol Insecticida | SAIGA","description":"Arpon Diazipol es un plaguicida emulsionable que combina Cipermetrina\/Deltametrina\/Tetrametrina para unos espectaculares resultados en la eliminaci\u00f3n de moscas al actuar ambos ingredientes de forma potente, simult\u00e1nea y sostenida sobre el insecto.","robots":{"index":"index","follow":"follow","max-snippet":"max-snippet:-1","max-image-preview":"max-image-preview:large","max-video-preview":"max-video-preview:-1"},"canonical":"https:\/\/saiga.es\/es\/producto\/arpon-diazipol-insecticida\/","og_locale":"es_ES","og_type":"article","og_title":"Arpon Diazipol Insecticida | SAIGA","og_description":"Arpon Diazipol es un plaguicida emulsionable que combina Cipermetrina\/Deltametrina\/Tetrametrina para unos espectaculares resultados en la eliminaci\u00f3n de moscas al actuar ambos ingredientes de forma potente, simult\u00e1nea y sostenida sobre el insecto.","og_url":"https:\/\/saiga.es\/es\/producto\/arpon-diazipol-insecticida\/","og_site_name":"SAIGA","article_modified_time":"2025-11-11T10:33:21+00:00","og_image":[{"width":1080,"height":1080,"url":"https:\/\/saiga.es\/wp-content\/uploads\/2024\/08\/Arpon-Diazipol-insecticida.jpg","type":"image\/jpeg"}],"twitter_card":"summary_large_image","twitter_site":"@saiga_agro","schema":{"@context":"https:\/\/schema.org","@graph":[{"@type":"WebPage","@id":"https:\/\/saiga.es\/es\/producto\/arpon-diazipol-insecticida\/","url":"https:\/\/saiga.es\/es\/producto\/arpon-diazipol-insecticida\/","name":"Arpon Diazipol Insecticida | SAIGA","isPartOf":{"@id":"https:\/\/saiga.es\/es\/#website"},"primaryImageOfPage":{"@id":"https:\/\/saiga.es\/es\/producto\/arpon-diazipol-insecticida\/#primaryimage"},"image":{"@id":"https:\/\/saiga.es\/es\/producto\/arpon-diazipol-insecticida\/#primaryimage"},"thumbnailUrl":"https:\/\/saiga.es\/wp-content\/uploads\/2024\/08\/Arpon-Diazipol-insecticida.jpg","datePublished":"2024-08-13T09:53:44+00:00","dateModified":"2025-11-11T10:33:21+00:00","description":"Arpon Diazipol es un plaguicida emulsionable que combina Cipermetrina\/Deltametrina\/Tetrametrina para unos espectaculares resultados en la eliminaci\u00f3n de moscas al actuar ambos ingredientes de forma potente, simult\u00e1nea y sostenida sobre el insecto.","breadcrumb":{"@id":"https:\/\/saiga.es\/es\/producto\/arpon-diazipol-insecticida\/#breadcrumb"},"inLanguage":"es","potentialAction":[{"@type":"ReadAction","target":["https:\/\/saiga.es\/es\/producto\/arpon-diazipol-insecticida\/"]}]},{"@type":"ImageObject","inLanguage":"es","@id":"https:\/\/saiga.es\/es\/producto\/arpon-diazipol-insecticida\/#primaryimage","url":"https:\/\/saiga.es\/wp-content\/uploads\/2024\/08\/Arpon-Diazipol-insecticida.jpg","contentUrl":"https:\/\/saiga.es\/wp-content\/uploads\/2024\/08\/Arpon-Diazipol-insecticida.jpg","width":1080,"height":1080,"caption":"Arpon Diazipol"},{"@type":"BreadcrumbList","@id":"https:\/\/saiga.es\/es\/producto\/arpon-diazipol-insecticida\/#breadcrumb","itemListElement":[{"@type":"ListItem","position":1,"name":"Inici","item":"https:\/\/saiga.es\/es\/"},{"@type":"ListItem","position":2,"name":"Tienda","item":"https:\/\/saiga.es\/es\/tienda\/"},{"@type":"ListItem","position":3,"name":"Arpon Diazipol Insecticida"}]},{"@type":"WebSite","@id":"https:\/\/saiga.es\/es\/#website","url":"https:\/\/saiga.es\/es\/","name":"SAIGA","description":"M\u00e9s de 50 anys al servei de la terra i treballant per a un \u00fas eficient de l\u2019aigua!","publisher":{"@id":"https:\/\/saiga.es\/es\/#organization"},"potentialAction":[{"@type":"SearchAction","target":{"@type":"EntryPoint","urlTemplate":"https:\/\/saiga.es\/es\/?s={search_term_string}"},"query-input":{"@type":"PropertyValueSpecification","valueRequired":true,"valueName":"search_term_string"}}],"inLanguage":"es"},{"@type":"Organization","@id":"https:\/\/saiga.es\/es\/#organization","name":"SAIGA","url":"https:\/\/saiga.es\/es\/","logo":{"@type":"ImageObject","inLanguage":"es","@id":"https:\/\/saiga.es\/es\/#\/schema\/logo\/image\/","url":"https:\/\/saiga.es\/wp-content\/uploads\/2025\/07\/logo_saiga_baseline_optimitzat.svg","contentUrl":"https:\/\/saiga.es\/wp-content\/uploads\/2025\/07\/logo_saiga_baseline_optimitzat.svg","caption":"SAIGA"},"image":{"@id":"https:\/\/saiga.es\/es\/#\/schema\/logo\/image\/"},"sameAs":["https:\/\/x.com\/saiga_agro","https:\/\/www.instagram.com\/saiga_agro\/"]}]}},"_links":{"self":[{"href":"https:\/\/saiga.es\/es\/wp-json\/wp\/v2\/product\/11621","targetHints":{"allow":["GET"]}}],"collection":[{"href":"https:\/\/saiga.es\/es\/wp-json\/wp\/v2\/product"}],"about":[{"href":"https:\/\/saiga.es\/es\/wp-json\/wp\/v2\/types\/product"}],"replies":[{"embeddable":true,"href":"https:\/\/saiga.es\/es\/wp-json\/wp\/v2\/comments?post=11621"}],"wp:featuredmedia":[{"embeddable":true,"href":"https:\/\/saiga.es\/es\/wp-json\/wp\/v2\/media\/11619"}],"wp:attachment":[{"href":"https:\/\/saiga.es\/es\/wp-json\/wp\/v2\/media?parent=11621"}],"wp:term":[{"taxonomy":"product_brand","embeddable":true,"href":"https:\/\/saiga.es\/es\/wp-json\/wp\/v2\/product_brand?post=11621"},{"taxonomy":"product_cat","embeddable":true,"href":"https:\/\/saiga.es\/es\/wp-json\/wp\/v2\/product_cat?post=11621"},{"taxonomy":"product_tag","embeddable":true,"href":"https:\/\/saiga.es\/es\/wp-json\/wp\/v2\/product_tag?post=11621"}],"curies":[{"name":"wp","href":"https:\/\/api.w.org\/{rel}","templated":true}]}}