{"id":11795,"date":"2024-09-17T11:49:23","date_gmt":"2024-09-17T11:49:23","guid":{"rendered":"https:\/\/botiga.saiga.es\/producte\/record-corrector-de-carencias-multiple\/"},"modified":"2025-04-29T22:06:40","modified_gmt":"2025-04-29T22:06:40","slug":"record-corrector-de-carencias-multiple","status":"publish","type":"product","link":"https:\/\/saiga.es\/es\/producto\/record-corrector-de-carencias-multiple\/","title":{"rendered":"Record corrector de carencias m\u00faltiple"},"content":{"rendered":"<p>El corrector de carencias m\u00faltiple Record es un bioestimulante que act\u00faa sobre el metabolismo del calcio, orientado a los cultivos que poseen grandes exigencias de este elemento nutritivo. Su exclusiva formulaci\u00f3n permite que act\u00fae como corrector de carencias m\u00faltiple, rico en calcio. Formulado como suspensi\u00f3n concentrada, aporta calcio perfectamente miscible con el agua y totalmente asimilable, tanto por v\u00eda redicular como por v\u00eda foliar. El calcio est\u00e1 presente en forma biodisponible alcanz\u00e1ndose as\u00ed una m\u00e1xima penetraci\u00f3n y eficacia. Adem\u00e1s de corregir estados carenciales, se pueden apreciar otra serie de efectos, como mayor firmeza y consistencia del fruto, uniformidad de coloraci\u00f3n, mayor contenido en az\u00facares y mayor turgencia de los tejidos. Favorece los procesos de engorde, maduraci\u00f3n y coloraci\u00f3n del fruto y una mejor calidad en los cultivos de hoja.     <\/p>\n","protected":false},"excerpt":{"rendered":"<p>El corrector de carencias m\u00faltiple Record es un bioestimulante que act\u00faa sobre el metabolismo del calcio, orientado a los cultivos que poseen grandes exigencias de este elemento nutritivo.El corrector de carencias m\u00faltiple Record es un bioestimulante que act\u00faa sobre el metabolismo del calcio, orientado a los cultivos que poseen grandes exigencias de este elemento nutritivo.<\/p>\n","protected":false},"featured_media":11793,"comment_status":"closed","ping_status":"closed","template":"","meta":[],"product_brand":[],"product_cat":[1879,389],"product_tag":[897,1597],"class_list":{"0":"post-11795","1":"product","2":"type-product","3":"status-publish","4":"has-post-thumbnail","6":"product_cat-frutales","7":"product_cat-huerto","8":"product_tag-abono-es","9":"product_tag-corrector-de-carencias","11":"first","12":"instock","13":"taxable","14":"shipping-taxable","15":"purchasable","16":"product-type-simple"},"yoast_head":"<!-- This site is optimized with the Yoast SEO plugin v27.4 - https:\/\/yoast.com\/product\/yoast-seo-wordpress\/ -->\n<title>Record corrector de carencias m\u00faltiple | SAIGA<\/title>\n<meta name=\"description\" content=\"El corrector de carencias m\u00faltiple Record es un bioestimulante que act\u00faa sobre el metabolismo del calcio, orientado a los cultivos que poseen grandes exigencias de este elemento nutritivo.\" \/>\n<meta name=\"robots\" content=\"index, follow, max-snippet:-1, max-image-preview:large, max-video-preview:-1\" \/>\n<link rel=\"canonical\" href=\"https:\/\/saiga.es\/es\/producto\/record-corrector-de-carencias-multiple\/\" \/>\n<meta property=\"og:locale\" content=\"es_ES\" \/>\n<meta property=\"og:type\" content=\"article\" \/>\n<meta property=\"og:title\" content=\"Record corrector de carencias m\u00faltiple | SAIGA\" \/>\n<meta property=\"og:description\" content=\"El corrector de carencias m\u00faltiple Record es un bioestimulante que act\u00faa sobre el metabolismo del calcio, orientado a los cultivos que poseen grandes exigencias de este elemento nutritivo.\" \/>\n<meta property=\"og:url\" content=\"https:\/\/saiga.es\/es\/producto\/record-corrector-de-carencias-multiple\/\" \/>\n<meta property=\"og:site_name\" content=\"SAIGA\" \/>\n<meta property=\"article:modified_time\" content=\"2025-04-29T22:06:40+00:00\" \/>\n<meta property=\"og:image\" content=\"https:\/\/saiga.es\/wp-content\/uploads\/2024\/09\/Record_250.png\" \/>\n\t<meta property=\"og:image:width\" content=\"1000\" \/>\n\t<meta property=\"og:image:height\" content=\"623\" \/>\n\t<meta property=\"og:image:type\" content=\"image\/png\" \/>\n<meta name=\"twitter:card\" content=\"summary_large_image\" \/>\n<meta name=\"twitter:site\" content=\"@saiga_agro\" \/>\n<meta name=\"twitter:label1\" content=\"Tiempo de lectura\" \/>\n\t<meta name=\"twitter:data1\" content=\"1 minuto\" \/>\n<script type=\"application\/ld+json\" class=\"yoast-schema-graph\">{\"@context\":\"https:\\\/\\\/schema.org\",\"@graph\":[{\"@type\":\"WebPage\",\"@id\":\"https:\\\/\\\/saiga.es\\\/es\\\/producto\\\/record-corrector-de-carencias-multiple\\\/\",\"url\":\"https:\\\/\\\/saiga.es\\\/es\\\/producto\\\/record-corrector-de-carencias-multiple\\\/\",\"name\":\"Record corrector de carencias m\u00faltiple | SAIGA\",\"isPartOf\":{\"@id\":\"https:\\\/\\\/saiga.es\\\/es\\\/#website\"},\"primaryImageOfPage\":{\"@id\":\"https:\\\/\\\/saiga.es\\\/es\\\/producto\\\/record-corrector-de-carencias-multiple\\\/#primaryimage\"},\"image\":{\"@id\":\"https:\\\/\\\/saiga.es\\\/es\\\/producto\\\/record-corrector-de-carencias-multiple\\\/#primaryimage\"},\"thumbnailUrl\":\"https:\\\/\\\/saiga.es\\\/wp-content\\\/uploads\\\/2024\\\/09\\\/Record_250.png\",\"datePublished\":\"2024-09-17T11:49:23+00:00\",\"dateModified\":\"2025-04-29T22:06:40+00:00\",\"description\":\"El corrector de carencias m\u00faltiple Record es un bioestimulante que act\u00faa sobre el metabolismo del calcio, orientado a los cultivos que poseen grandes exigencias de este elemento nutritivo.\",\"breadcrumb\":{\"@id\":\"https:\\\/\\\/saiga.es\\\/es\\\/producto\\\/record-corrector-de-carencias-multiple\\\/#breadcrumb\"},\"inLanguage\":\"es\",\"potentialAction\":[{\"@type\":\"ReadAction\",\"target\":[\"https:\\\/\\\/saiga.es\\\/es\\\/producto\\\/record-corrector-de-carencias-multiple\\\/\"]}]},{\"@type\":\"ImageObject\",\"inLanguage\":\"es\",\"@id\":\"https:\\\/\\\/saiga.es\\\/es\\\/producto\\\/record-corrector-de-carencias-multiple\\\/#primaryimage\",\"url\":\"https:\\\/\\\/saiga.es\\\/wp-content\\\/uploads\\\/2024\\\/09\\\/Record_250.png\",\"contentUrl\":\"https:\\\/\\\/saiga.es\\\/wp-content\\\/uploads\\\/2024\\\/09\\\/Record_250.png\",\"width\":1000,\"height\":623,\"caption\":\"Record, corrector de carencias\"},{\"@type\":\"BreadcrumbList\",\"@id\":\"https:\\\/\\\/saiga.es\\\/es\\\/producto\\\/record-corrector-de-carencias-multiple\\\/#breadcrumb\",\"itemListElement\":[{\"@type\":\"ListItem\",\"position\":1,\"name\":\"Inici\",\"item\":\"https:\\\/\\\/saiga.es\\\/es\\\/\"},{\"@type\":\"ListItem\",\"position\":2,\"name\":\"Tienda\",\"item\":\"https:\\\/\\\/saiga.es\\\/es\\\/tienda\\\/\"},{\"@type\":\"ListItem\",\"position\":3,\"name\":\"Record corrector de carencias m\u00faltiple\"}]},{\"@type\":\"WebSite\",\"@id\":\"https:\\\/\\\/saiga.es\\\/es\\\/#website\",\"url\":\"https:\\\/\\\/saiga.es\\\/es\\\/\",\"name\":\"SAIGA\",\"description\":\"M\u00e9s de 50 anys al servei de la terra i treballant per a un \u00fas eficient de l\u2019aigua!\",\"publisher\":{\"@id\":\"https:\\\/\\\/saiga.es\\\/es\\\/#organization\"},\"potentialAction\":[{\"@type\":\"SearchAction\",\"target\":{\"@type\":\"EntryPoint\",\"urlTemplate\":\"https:\\\/\\\/saiga.es\\\/es\\\/?s={search_term_string}\"},\"query-input\":{\"@type\":\"PropertyValueSpecification\",\"valueRequired\":true,\"valueName\":\"search_term_string\"}}],\"inLanguage\":\"es\"},{\"@type\":\"Organization\",\"@id\":\"https:\\\/\\\/saiga.es\\\/es\\\/#organization\",\"name\":\"SAIGA\",\"url\":\"https:\\\/\\\/saiga.es\\\/es\\\/\",\"logo\":{\"@type\":\"ImageObject\",\"inLanguage\":\"es\",\"@id\":\"https:\\\/\\\/saiga.es\\\/es\\\/#\\\/schema\\\/logo\\\/image\\\/\",\"url\":\"https:\\\/\\\/saiga.es\\\/wp-content\\\/uploads\\\/2025\\\/07\\\/logo_saiga_baseline_optimitzat.svg\",\"contentUrl\":\"https:\\\/\\\/saiga.es\\\/wp-content\\\/uploads\\\/2025\\\/07\\\/logo_saiga_baseline_optimitzat.svg\",\"caption\":\"SAIGA\"},\"image\":{\"@id\":\"https:\\\/\\\/saiga.es\\\/es\\\/#\\\/schema\\\/logo\\\/image\\\/\"},\"sameAs\":[\"https:\\\/\\\/x.com\\\/saiga_agro\",\"https:\\\/\\\/www.instagram.com\\\/saiga_agro\\\/\"]}]}<\/script>\n<!-- \/ Yoast SEO plugin. -->","yoast_head_json":{"title":"Record corrector de carencias m\u00faltiple | SAIGA","description":"El corrector de carencias m\u00faltiple Record es un bioestimulante que act\u00faa sobre el metabolismo del calcio, orientado a los cultivos que poseen grandes exigencias de este elemento nutritivo.","robots":{"index":"index","follow":"follow","max-snippet":"max-snippet:-1","max-image-preview":"max-image-preview:large","max-video-preview":"max-video-preview:-1"},"canonical":"https:\/\/saiga.es\/es\/producto\/record-corrector-de-carencias-multiple\/","og_locale":"es_ES","og_type":"article","og_title":"Record corrector de carencias m\u00faltiple | SAIGA","og_description":"El corrector de carencias m\u00faltiple Record es un bioestimulante que act\u00faa sobre el metabolismo del calcio, orientado a los cultivos que poseen grandes exigencias de este elemento nutritivo.","og_url":"https:\/\/saiga.es\/es\/producto\/record-corrector-de-carencias-multiple\/","og_site_name":"SAIGA","article_modified_time":"2025-04-29T22:06:40+00:00","og_image":[{"width":1000,"height":623,"url":"https:\/\/saiga.es\/wp-content\/uploads\/2024\/09\/Record_250.png","type":"image\/png"}],"twitter_card":"summary_large_image","twitter_site":"@saiga_agro","twitter_misc":{"Tiempo de lectura":"1 minuto"},"schema":{"@context":"https:\/\/schema.org","@graph":[{"@type":"WebPage","@id":"https:\/\/saiga.es\/es\/producto\/record-corrector-de-carencias-multiple\/","url":"https:\/\/saiga.es\/es\/producto\/record-corrector-de-carencias-multiple\/","name":"Record corrector de carencias m\u00faltiple | SAIGA","isPartOf":{"@id":"https:\/\/saiga.es\/es\/#website"},"primaryImageOfPage":{"@id":"https:\/\/saiga.es\/es\/producto\/record-corrector-de-carencias-multiple\/#primaryimage"},"image":{"@id":"https:\/\/saiga.es\/es\/producto\/record-corrector-de-carencias-multiple\/#primaryimage"},"thumbnailUrl":"https:\/\/saiga.es\/wp-content\/uploads\/2024\/09\/Record_250.png","datePublished":"2024-09-17T11:49:23+00:00","dateModified":"2025-04-29T22:06:40+00:00","description":"El corrector de carencias m\u00faltiple Record es un bioestimulante que act\u00faa sobre el metabolismo del calcio, orientado a los cultivos que poseen grandes exigencias de este elemento nutritivo.","breadcrumb":{"@id":"https:\/\/saiga.es\/es\/producto\/record-corrector-de-carencias-multiple\/#breadcrumb"},"inLanguage":"es","potentialAction":[{"@type":"ReadAction","target":["https:\/\/saiga.es\/es\/producto\/record-corrector-de-carencias-multiple\/"]}]},{"@type":"ImageObject","inLanguage":"es","@id":"https:\/\/saiga.es\/es\/producto\/record-corrector-de-carencias-multiple\/#primaryimage","url":"https:\/\/saiga.es\/wp-content\/uploads\/2024\/09\/Record_250.png","contentUrl":"https:\/\/saiga.es\/wp-content\/uploads\/2024\/09\/Record_250.png","width":1000,"height":623,"caption":"Record, corrector de carencias"},{"@type":"BreadcrumbList","@id":"https:\/\/saiga.es\/es\/producto\/record-corrector-de-carencias-multiple\/#breadcrumb","itemListElement":[{"@type":"ListItem","position":1,"name":"Inici","item":"https:\/\/saiga.es\/es\/"},{"@type":"ListItem","position":2,"name":"Tienda","item":"https:\/\/saiga.es\/es\/tienda\/"},{"@type":"ListItem","position":3,"name":"Record corrector de carencias m\u00faltiple"}]},{"@type":"WebSite","@id":"https:\/\/saiga.es\/es\/#website","url":"https:\/\/saiga.es\/es\/","name":"SAIGA","description":"M\u00e9s de 50 anys al servei de la terra i treballant per a un \u00fas eficient de l\u2019aigua!","publisher":{"@id":"https:\/\/saiga.es\/es\/#organization"},"potentialAction":[{"@type":"SearchAction","target":{"@type":"EntryPoint","urlTemplate":"https:\/\/saiga.es\/es\/?s={search_term_string}"},"query-input":{"@type":"PropertyValueSpecification","valueRequired":true,"valueName":"search_term_string"}}],"inLanguage":"es"},{"@type":"Organization","@id":"https:\/\/saiga.es\/es\/#organization","name":"SAIGA","url":"https:\/\/saiga.es\/es\/","logo":{"@type":"ImageObject","inLanguage":"es","@id":"https:\/\/saiga.es\/es\/#\/schema\/logo\/image\/","url":"https:\/\/saiga.es\/wp-content\/uploads\/2025\/07\/logo_saiga_baseline_optimitzat.svg","contentUrl":"https:\/\/saiga.es\/wp-content\/uploads\/2025\/07\/logo_saiga_baseline_optimitzat.svg","caption":"SAIGA"},"image":{"@id":"https:\/\/saiga.es\/es\/#\/schema\/logo\/image\/"},"sameAs":["https:\/\/x.com\/saiga_agro","https:\/\/www.instagram.com\/saiga_agro\/"]}]}},"_links":{"self":[{"href":"https:\/\/saiga.es\/es\/wp-json\/wp\/v2\/product\/11795","targetHints":{"allow":["GET"]}}],"collection":[{"href":"https:\/\/saiga.es\/es\/wp-json\/wp\/v2\/product"}],"about":[{"href":"https:\/\/saiga.es\/es\/wp-json\/wp\/v2\/types\/product"}],"replies":[{"embeddable":true,"href":"https:\/\/saiga.es\/es\/wp-json\/wp\/v2\/comments?post=11795"}],"wp:featuredmedia":[{"embeddable":true,"href":"https:\/\/saiga.es\/es\/wp-json\/wp\/v2\/media\/11793"}],"wp:attachment":[{"href":"https:\/\/saiga.es\/es\/wp-json\/wp\/v2\/media?parent=11795"}],"wp:term":[{"taxonomy":"product_brand","embeddable":true,"href":"https:\/\/saiga.es\/es\/wp-json\/wp\/v2\/product_brand?post=11795"},{"taxonomy":"product_cat","embeddable":true,"href":"https:\/\/saiga.es\/es\/wp-json\/wp\/v2\/product_cat?post=11795"},{"taxonomy":"product_tag","embeddable":true,"href":"https:\/\/saiga.es\/es\/wp-json\/wp\/v2\/product_tag?post=11795"}],"curies":[{"name":"wp","href":"https:\/\/api.w.org\/{rel}","templated":true}]}}