{"id":11808,"date":"2024-01-09T09:10:58","date_gmt":"2024-01-09T09:10:58","guid":{"rendered":"https:\/\/botiga.saiga.es\/producte\/pala-de-aluminio-cuadrada\/"},"modified":"2024-01-09T09:10:58","modified_gmt":"2024-01-09T09:10:58","slug":"pala-de-aluminio-cuadrada","status":"publish","type":"product","link":"https:\/\/saiga.es\/es\/producto\/pala-de-aluminio-cuadrada\/","title":{"rendered":"Pala de aluminio cuadrada"},"content":{"rendered":"<p>La pala de aluminio cuadrada es una herramienta de jardiner\u00eda o construcci\u00f3n que combina la forma cuadrada de la l\u00e1mina con el material ligero y duradero que es el aluminio. Esta combinaci\u00f3n ofrece ventajas espec\u00edficas en ciertas situaciones. La ligereza del aluminio hace que sea f\u00e1cil y c\u00f3modo de utilizar, especialmente \u00fatil en tareas donde la portabilidad es importante. Adem\u00e1s, el aluminio es tambi\u00e9n un material resistente a la corrosi\u00f3n, a las inclemencias del tiempo ya otros metales. La forma cuadrada de la l\u00e1mina permite una manipulaci\u00f3n m\u00e1s precisa del suelo, especialmente en labores de jardiner\u00eda donde se necesita una distribuci\u00f3n espec\u00edfica del mismo. Este tipo de pala es adecuado para diversas labores de jardiner\u00eda, como la plantaci\u00f3n de peque\u00f1as plantas o arbustos, la creaci\u00f3n de zonas de cultivo rectangulares o la distribuci\u00f3n precisa de los materiales en un jard\u00edn. La pala de aluminio cuadrada puede ser \u00fatil tambi\u00e9n en la construcci\u00f3n de caminos o pavimentos, ya que permite manipular y colocar los materiales con mayor precisi\u00f3n. Por \u00faltimo, El aluminio es un material que se limpia f\u00e1cilmente y que no requiere mantenimiento intensivo. Cabe recordar que la pala de aluminio cuadrada es espec\u00edfica para ciertas tareas y preferencias, y su elecci\u00f3n depender\u00e1 de las necesidades particulares del usuario y de los trabajos que se deseen realizar.        <\/p>\n","protected":false},"excerpt":{"rendered":"<p>Esta combinaci\u00f3n ofrece ventajas espec\u00edficas en ciertas situaciones. La ligereza del aluminio hace que sea f\u00e1cil y c\u00f3modo de utilizar, especialmente \u00fatil en tareas donde la portabilidad es importante. <\/p>\n","protected":false},"featured_media":11807,"comment_status":"closed","ping_status":"closed","template":"","meta":[],"product_brand":[],"product_cat":[400],"product_tag":[1599,524,523],"class_list":{"0":"post-11808","1":"product","2":"type-product","3":"status-publish","4":"has-post-thumbnail","6":"product_cat-palas-y-rascadores","7":"product_tag-aluminio","8":"product_tag-pala-es","9":"product_tag-palas","11":"first","12":"instock","13":"taxable","14":"shipping-taxable","15":"purchasable","16":"product-type-simple"},"yoast_head":"<!-- This site is optimized with the Yoast SEO plugin v27.4 - https:\/\/yoast.com\/product\/yoast-seo-wordpress\/ -->\n<title>Pala de aluminio cuadrada | SAIGA<\/title>\n<meta name=\"description\" content=\"La pala de aluminio cuadrada es una herramienta de jardiner\u00eda o construcci\u00f3n que combina la forma cuadrada de la l\u00e1mina con el material ligero que es el aluminio.\" \/>\n<meta name=\"robots\" content=\"index, follow, max-snippet:-1, max-image-preview:large, max-video-preview:-1\" \/>\n<link rel=\"canonical\" href=\"https:\/\/saiga.es\/es\/producto\/pala-de-aluminio-cuadrada\/\" \/>\n<meta property=\"og:locale\" content=\"es_ES\" \/>\n<meta property=\"og:type\" content=\"article\" \/>\n<meta property=\"og:title\" content=\"Pala de aluminio cuadrada | SAIGA\" \/>\n<meta property=\"og:description\" content=\"La pala de aluminio cuadrada es una herramienta de jardiner\u00eda o construcci\u00f3n que combina la forma cuadrada de la l\u00e1mina con el material ligero que es el aluminio.\" \/>\n<meta property=\"og:url\" content=\"https:\/\/saiga.es\/es\/producto\/pala-de-aluminio-cuadrada\/\" \/>\n<meta property=\"og:site_name\" content=\"SAIGA\" \/>\n<meta property=\"og:image\" content=\"https:\/\/saiga.es\/wp-content\/uploads\/2024\/01\/Pala-quadrada-alumini.jpg\" \/>\n\t<meta property=\"og:image:width\" content=\"1080\" \/>\n\t<meta property=\"og:image:height\" content=\"1080\" \/>\n\t<meta property=\"og:image:type\" content=\"image\/jpeg\" \/>\n<meta name=\"twitter:card\" content=\"summary_large_image\" \/>\n<meta name=\"twitter:site\" content=\"@saiga_agro\" \/>\n<meta name=\"twitter:label1\" content=\"Tiempo de lectura\" \/>\n\t<meta name=\"twitter:data1\" content=\"1 minuto\" \/>\n<script type=\"application\/ld+json\" class=\"yoast-schema-graph\">{\"@context\":\"https:\\\/\\\/schema.org\",\"@graph\":[{\"@type\":\"WebPage\",\"@id\":\"https:\\\/\\\/saiga.es\\\/es\\\/producto\\\/pala-de-aluminio-cuadrada\\\/\",\"url\":\"https:\\\/\\\/saiga.es\\\/es\\\/producto\\\/pala-de-aluminio-cuadrada\\\/\",\"name\":\"Pala de aluminio cuadrada | SAIGA\",\"isPartOf\":{\"@id\":\"https:\\\/\\\/saiga.es\\\/es\\\/#website\"},\"primaryImageOfPage\":{\"@id\":\"https:\\\/\\\/saiga.es\\\/es\\\/producto\\\/pala-de-aluminio-cuadrada\\\/#primaryimage\"},\"image\":{\"@id\":\"https:\\\/\\\/saiga.es\\\/es\\\/producto\\\/pala-de-aluminio-cuadrada\\\/#primaryimage\"},\"thumbnailUrl\":\"https:\\\/\\\/saiga.es\\\/wp-content\\\/uploads\\\/2024\\\/01\\\/Pala-quadrada-alumini.jpg\",\"datePublished\":\"2024-01-09T09:10:58+00:00\",\"description\":\"La pala de aluminio cuadrada es una herramienta de jardiner\u00eda o construcci\u00f3n que combina la forma cuadrada de la l\u00e1mina con el material ligero que es el aluminio.\",\"breadcrumb\":{\"@id\":\"https:\\\/\\\/saiga.es\\\/es\\\/producto\\\/pala-de-aluminio-cuadrada\\\/#breadcrumb\"},\"inLanguage\":\"es\",\"potentialAction\":[{\"@type\":\"ReadAction\",\"target\":[\"https:\\\/\\\/saiga.es\\\/es\\\/producto\\\/pala-de-aluminio-cuadrada\\\/\"]}]},{\"@type\":\"ImageObject\",\"inLanguage\":\"es\",\"@id\":\"https:\\\/\\\/saiga.es\\\/es\\\/producto\\\/pala-de-aluminio-cuadrada\\\/#primaryimage\",\"url\":\"https:\\\/\\\/saiga.es\\\/wp-content\\\/uploads\\\/2024\\\/01\\\/Pala-quadrada-alumini.jpg\",\"contentUrl\":\"https:\\\/\\\/saiga.es\\\/wp-content\\\/uploads\\\/2024\\\/01\\\/Pala-quadrada-alumini.jpg\",\"width\":1080,\"height\":1080,\"caption\":\"Pala quadrada aluminio\"},{\"@type\":\"BreadcrumbList\",\"@id\":\"https:\\\/\\\/saiga.es\\\/es\\\/producto\\\/pala-de-aluminio-cuadrada\\\/#breadcrumb\",\"itemListElement\":[{\"@type\":\"ListItem\",\"position\":1,\"name\":\"Inici\",\"item\":\"https:\\\/\\\/saiga.es\\\/es\\\/\"},{\"@type\":\"ListItem\",\"position\":2,\"name\":\"Tienda\",\"item\":\"https:\\\/\\\/saiga.es\\\/es\\\/tienda\\\/\"},{\"@type\":\"ListItem\",\"position\":3,\"name\":\"Pala de aluminio cuadrada\"}]},{\"@type\":\"WebSite\",\"@id\":\"https:\\\/\\\/saiga.es\\\/es\\\/#website\",\"url\":\"https:\\\/\\\/saiga.es\\\/es\\\/\",\"name\":\"SAIGA\",\"description\":\"M\u00e9s de 50 anys al servei de la terra i treballant per a un \u00fas eficient de l\u2019aigua!\",\"publisher\":{\"@id\":\"https:\\\/\\\/saiga.es\\\/es\\\/#organization\"},\"potentialAction\":[{\"@type\":\"SearchAction\",\"target\":{\"@type\":\"EntryPoint\",\"urlTemplate\":\"https:\\\/\\\/saiga.es\\\/es\\\/?s={search_term_string}\"},\"query-input\":{\"@type\":\"PropertyValueSpecification\",\"valueRequired\":true,\"valueName\":\"search_term_string\"}}],\"inLanguage\":\"es\"},{\"@type\":\"Organization\",\"@id\":\"https:\\\/\\\/saiga.es\\\/es\\\/#organization\",\"name\":\"SAIGA\",\"url\":\"https:\\\/\\\/saiga.es\\\/es\\\/\",\"logo\":{\"@type\":\"ImageObject\",\"inLanguage\":\"es\",\"@id\":\"https:\\\/\\\/saiga.es\\\/es\\\/#\\\/schema\\\/logo\\\/image\\\/\",\"url\":\"https:\\\/\\\/saiga.es\\\/wp-content\\\/uploads\\\/2025\\\/07\\\/logo_saiga_baseline_optimitzat.svg\",\"contentUrl\":\"https:\\\/\\\/saiga.es\\\/wp-content\\\/uploads\\\/2025\\\/07\\\/logo_saiga_baseline_optimitzat.svg\",\"caption\":\"SAIGA\"},\"image\":{\"@id\":\"https:\\\/\\\/saiga.es\\\/es\\\/#\\\/schema\\\/logo\\\/image\\\/\"},\"sameAs\":[\"https:\\\/\\\/x.com\\\/saiga_agro\",\"https:\\\/\\\/www.instagram.com\\\/saiga_agro\\\/\"]}]}<\/script>\n<!-- \/ Yoast SEO plugin. -->","yoast_head_json":{"title":"Pala de aluminio cuadrada | SAIGA","description":"La pala de aluminio cuadrada es una herramienta de jardiner\u00eda o construcci\u00f3n que combina la forma cuadrada de la l\u00e1mina con el material ligero que es el aluminio.","robots":{"index":"index","follow":"follow","max-snippet":"max-snippet:-1","max-image-preview":"max-image-preview:large","max-video-preview":"max-video-preview:-1"},"canonical":"https:\/\/saiga.es\/es\/producto\/pala-de-aluminio-cuadrada\/","og_locale":"es_ES","og_type":"article","og_title":"Pala de aluminio cuadrada | SAIGA","og_description":"La pala de aluminio cuadrada es una herramienta de jardiner\u00eda o construcci\u00f3n que combina la forma cuadrada de la l\u00e1mina con el material ligero que es el aluminio.","og_url":"https:\/\/saiga.es\/es\/producto\/pala-de-aluminio-cuadrada\/","og_site_name":"SAIGA","og_image":[{"width":1080,"height":1080,"url":"https:\/\/saiga.es\/wp-content\/uploads\/2024\/01\/Pala-quadrada-alumini.jpg","type":"image\/jpeg"}],"twitter_card":"summary_large_image","twitter_site":"@saiga_agro","twitter_misc":{"Tiempo de lectura":"1 minuto"},"schema":{"@context":"https:\/\/schema.org","@graph":[{"@type":"WebPage","@id":"https:\/\/saiga.es\/es\/producto\/pala-de-aluminio-cuadrada\/","url":"https:\/\/saiga.es\/es\/producto\/pala-de-aluminio-cuadrada\/","name":"Pala de aluminio cuadrada | SAIGA","isPartOf":{"@id":"https:\/\/saiga.es\/es\/#website"},"primaryImageOfPage":{"@id":"https:\/\/saiga.es\/es\/producto\/pala-de-aluminio-cuadrada\/#primaryimage"},"image":{"@id":"https:\/\/saiga.es\/es\/producto\/pala-de-aluminio-cuadrada\/#primaryimage"},"thumbnailUrl":"https:\/\/saiga.es\/wp-content\/uploads\/2024\/01\/Pala-quadrada-alumini.jpg","datePublished":"2024-01-09T09:10:58+00:00","description":"La pala de aluminio cuadrada es una herramienta de jardiner\u00eda o construcci\u00f3n que combina la forma cuadrada de la l\u00e1mina con el material ligero que es el aluminio.","breadcrumb":{"@id":"https:\/\/saiga.es\/es\/producto\/pala-de-aluminio-cuadrada\/#breadcrumb"},"inLanguage":"es","potentialAction":[{"@type":"ReadAction","target":["https:\/\/saiga.es\/es\/producto\/pala-de-aluminio-cuadrada\/"]}]},{"@type":"ImageObject","inLanguage":"es","@id":"https:\/\/saiga.es\/es\/producto\/pala-de-aluminio-cuadrada\/#primaryimage","url":"https:\/\/saiga.es\/wp-content\/uploads\/2024\/01\/Pala-quadrada-alumini.jpg","contentUrl":"https:\/\/saiga.es\/wp-content\/uploads\/2024\/01\/Pala-quadrada-alumini.jpg","width":1080,"height":1080,"caption":"Pala quadrada aluminio"},{"@type":"BreadcrumbList","@id":"https:\/\/saiga.es\/es\/producto\/pala-de-aluminio-cuadrada\/#breadcrumb","itemListElement":[{"@type":"ListItem","position":1,"name":"Inici","item":"https:\/\/saiga.es\/es\/"},{"@type":"ListItem","position":2,"name":"Tienda","item":"https:\/\/saiga.es\/es\/tienda\/"},{"@type":"ListItem","position":3,"name":"Pala de aluminio cuadrada"}]},{"@type":"WebSite","@id":"https:\/\/saiga.es\/es\/#website","url":"https:\/\/saiga.es\/es\/","name":"SAIGA","description":"M\u00e9s de 50 anys al servei de la terra i treballant per a un \u00fas eficient de l\u2019aigua!","publisher":{"@id":"https:\/\/saiga.es\/es\/#organization"},"potentialAction":[{"@type":"SearchAction","target":{"@type":"EntryPoint","urlTemplate":"https:\/\/saiga.es\/es\/?s={search_term_string}"},"query-input":{"@type":"PropertyValueSpecification","valueRequired":true,"valueName":"search_term_string"}}],"inLanguage":"es"},{"@type":"Organization","@id":"https:\/\/saiga.es\/es\/#organization","name":"SAIGA","url":"https:\/\/saiga.es\/es\/","logo":{"@type":"ImageObject","inLanguage":"es","@id":"https:\/\/saiga.es\/es\/#\/schema\/logo\/image\/","url":"https:\/\/saiga.es\/wp-content\/uploads\/2025\/07\/logo_saiga_baseline_optimitzat.svg","contentUrl":"https:\/\/saiga.es\/wp-content\/uploads\/2025\/07\/logo_saiga_baseline_optimitzat.svg","caption":"SAIGA"},"image":{"@id":"https:\/\/saiga.es\/es\/#\/schema\/logo\/image\/"},"sameAs":["https:\/\/x.com\/saiga_agro","https:\/\/www.instagram.com\/saiga_agro\/"]}]}},"_links":{"self":[{"href":"https:\/\/saiga.es\/es\/wp-json\/wp\/v2\/product\/11808","targetHints":{"allow":["GET"]}}],"collection":[{"href":"https:\/\/saiga.es\/es\/wp-json\/wp\/v2\/product"}],"about":[{"href":"https:\/\/saiga.es\/es\/wp-json\/wp\/v2\/types\/product"}],"replies":[{"embeddable":true,"href":"https:\/\/saiga.es\/es\/wp-json\/wp\/v2\/comments?post=11808"}],"wp:featuredmedia":[{"embeddable":true,"href":"https:\/\/saiga.es\/es\/wp-json\/wp\/v2\/media\/11807"}],"wp:attachment":[{"href":"https:\/\/saiga.es\/es\/wp-json\/wp\/v2\/media?parent=11808"}],"wp:term":[{"taxonomy":"product_brand","embeddable":true,"href":"https:\/\/saiga.es\/es\/wp-json\/wp\/v2\/product_brand?post=11808"},{"taxonomy":"product_cat","embeddable":true,"href":"https:\/\/saiga.es\/es\/wp-json\/wp\/v2\/product_cat?post=11808"},{"taxonomy":"product_tag","embeddable":true,"href":"https:\/\/saiga.es\/es\/wp-json\/wp\/v2\/product_tag?post=11808"}],"curies":[{"name":"wp","href":"https:\/\/api.w.org\/{rel}","templated":true}]}}