{"id":11820,"date":"2024-01-09T09:18:17","date_gmt":"2024-01-09T09:18:17","guid":{"rendered":"https:\/\/botiga.saiga.es\/producte\/rascador-de-hierba-150-x-60\/"},"modified":"2025-10-27T07:53:33","modified_gmt":"2025-10-27T07:53:33","slug":"rascador-de-hierba-150-x-60","status":"publish","type":"product","link":"https:\/\/saiga.es\/es\/producto\/rascador-de-hierba-150-x-60\/","title":{"rendered":"Rascador de hierba 150 x 60"},"content":{"rendered":"<div class=\"flex-1 overflow-hidden\">\n<div class=\"react-scroll-to-bottom--css-dbdux-79elbk h-full\">\n<div class=\"react-scroll-to-bottom--css-dbdux-1n7m0yu\">\n<div class=\"flex flex-col pb-9 text-sm\">\n<div class=\"w-full text-token-text-primary\" data-testid=\"conversation-turn-13\">\n<div class=\"px-4 py-2 justify-center text-base md:gap-6 m-auto\">\n<div class=\"flex flex-1 text-base mx-auto gap-3 md:px-5 lg:px-1 xl:px-5 md:max-w-3xl lg:max-w-[40rem] xl:max-w-[48rem] group final-completion\">\n<div class=\"relative flex w-full flex-col lg:w-[calc(100%-115px)] agent-turn\">\n<div class=\"flex-col gap-1 md:gap-3\">\n<div class=\"flex flex-grow flex-col max-w-full\">\n<div class=\"min-h-[20px] text-message flex flex-col items-start gap-3 whitespace-pre-wrap break-words [.text-message+&amp;]:mt-5 overflow-x-auto\" data-message-author-role=\"assistant\" data-message-id=\"54a0f29c-e7e6-4b85-8ae3-5bb6ffd25a8b\">\n<div class=\"markdown prose w-full break-words dark:prose-invert light\"> Rascador de hierba 150 x 60 Nuestro rascador de hierba es la herramienta perfecta para cuidar el jard\u00edn y mantener las hierbas bajo control de forma eficiente y f\u00e1cil. Fabricado en materiales duraderos y resistentes a la intemperie, este rascador ofrece una construcci\u00f3n robusta que garantiza una larga vida \u00fatil. Ya sea para jardineros aficionados o profesionales, este rascador de hierba es la herramienta perfecta para mantener el jard\u00edn limpio y cuidado sin complicaciones. <\/div>\n<\/div>\n<\/div>\n<\/div>\n<\/div>\n<\/div>\n<\/div>\n<\/div>\n<\/div>\n<\/div>\n<\/div>\n<\/div>\n<div class=\"w-full pt-2 md:pt-0 dark:border-white\/20 md:border-transparent md:dark:border-transparent md:w-[calc(100%-.5rem)]\">\n<form class=\"stretch mx-2 flex flex-row gap-3 last:mb-2 md:mx-4 md:last:mb-6 lg:mx-auto lg:max-w-2xl xl:max-w-3xl\">\n<div class=\"relative flex h-full flex-1 items-stretch md:flex-col\">\n<div class=\"flex w-full items-center\"><\/div>\n<\/div>\n<\/form>\n<\/div>\n","protected":false},"excerpt":{"rendered":"<div class=\"flex flex-grow flex-col max-w-full\">\n<div class=\"min-h-[20px] text-message flex flex-col items-start gap-3 whitespace-pre-wrap break-words [.text-message+&amp;]:mt-5 overflow-x-auto\" data-message-author-role=\"assistant\" data-message-id=\"54a0f29c-e7e6-4b85-8ae3-5bb6ffd25a8b\">\n<div class=\"markdown prose w-full break-words dark:prose-invert light\"> Rascador de hierba 150 x 60 Nuestro rascador de hierba es la herramienta perfecta para cuidar el jard\u00edn y mantener las hierbas bajo control de forma eficiente y f\u00e1cil. Fabricado en materiales duraderos y resistentes a la intemperie, este rascador ofrece una construcci\u00f3n robusta que garantiza una larga vida \u00fatil. Ya sea para jardineros aficionados o profesionales, este rascador de hierba es la herramienta perfecta para mantener el jard\u00edn limpio y cuidado sin complicaciones. <\/div>\n<\/div>\n<\/div>\n<div class=\"mt-1 flex justify-start gap-3 empty:hidden\">\n<div class=\"text-gray-400 flex self-end lg:self-center justify-center lg:justify-start mt-0 -ml-1 visible\"><\/div>\n<\/div>\n","protected":false},"featured_media":11818,"comment_status":"open","ping_status":"closed","template":"","meta":[],"product_brand":[],"product_cat":[400],"product_tag":[808,1603,1602],"class_list":{"0":"post-11820","1":"product","2":"type-product","3":"status-publish","4":"has-post-thumbnail","6":"product_cat-palas-y-rascadores","7":"product_tag-hierba","8":"product_tag-malas-hierbas","9":"product_tag-rascador-es","11":"first","12":"outofstock","13":"taxable","14":"shipping-taxable","15":"purchasable","16":"product-type-simple"},"yoast_head":"<!-- This site is optimized with the Yoast SEO plugin v27.4 - https:\/\/yoast.com\/product\/yoast-seo-wordpress\/ -->\n<title>Rascador de hierba 150 x 60 | SAIGA<\/title>\n<meta name=\"description\" content=\"El rascador de hierba 150 x 60 es una herramienta \u00fatil para aquellos que desean mantener sus espacios exteriores limpios y libres de malas hierbas.\" \/>\n<meta name=\"robots\" content=\"index, follow, max-snippet:-1, max-image-preview:large, max-video-preview:-1\" \/>\n<link rel=\"canonical\" href=\"https:\/\/saiga.es\/es\/producto\/rascador-de-hierba-150-x-60\/\" \/>\n<meta property=\"og:locale\" content=\"es_ES\" \/>\n<meta property=\"og:type\" content=\"article\" \/>\n<meta property=\"og:title\" content=\"Rascador de hierba 150 x 60 | SAIGA\" \/>\n<meta property=\"og:description\" content=\"El rascador de hierba 150 x 60 es una herramienta \u00fatil para aquellos que desean mantener sus espacios exteriores limpios y libres de malas hierbas.\" \/>\n<meta property=\"og:url\" content=\"https:\/\/saiga.es\/es\/producto\/rascador-de-hierba-150-x-60\/\" \/>\n<meta property=\"og:site_name\" content=\"SAIGA\" \/>\n<meta property=\"article:modified_time\" content=\"2025-10-27T07:53:33+00:00\" \/>\n<meta property=\"og:image\" content=\"https:\/\/saiga.es\/wp-content\/uploads\/2024\/01\/Rascador-dherba.jpg\" \/>\n\t<meta property=\"og:image:width\" content=\"1080\" \/>\n\t<meta property=\"og:image:height\" content=\"1080\" \/>\n\t<meta property=\"og:image:type\" content=\"image\/jpeg\" \/>\n<meta name=\"twitter:card\" content=\"summary_large_image\" \/>\n<meta name=\"twitter:site\" content=\"@saiga_agro\" \/>\n<script type=\"application\/ld+json\" class=\"yoast-schema-graph\">{\"@context\":\"https:\\\/\\\/schema.org\",\"@graph\":[{\"@type\":\"WebPage\",\"@id\":\"https:\\\/\\\/saiga.es\\\/es\\\/producto\\\/rascador-de-hierba-150-x-60\\\/\",\"url\":\"https:\\\/\\\/saiga.es\\\/es\\\/producto\\\/rascador-de-hierba-150-x-60\\\/\",\"name\":\"Rascador de hierba 150 x 60 | SAIGA\",\"isPartOf\":{\"@id\":\"https:\\\/\\\/saiga.es\\\/es\\\/#website\"},\"primaryImageOfPage\":{\"@id\":\"https:\\\/\\\/saiga.es\\\/es\\\/producto\\\/rascador-de-hierba-150-x-60\\\/#primaryimage\"},\"image\":{\"@id\":\"https:\\\/\\\/saiga.es\\\/es\\\/producto\\\/rascador-de-hierba-150-x-60\\\/#primaryimage\"},\"thumbnailUrl\":\"https:\\\/\\\/saiga.es\\\/wp-content\\\/uploads\\\/2024\\\/01\\\/Rascador-dherba.jpg\",\"datePublished\":\"2024-01-09T09:18:17+00:00\",\"dateModified\":\"2025-10-27T07:53:33+00:00\",\"description\":\"El rascador de hierba 150 x 60 es una herramienta \u00fatil para aquellos que desean mantener sus espacios exteriores limpios y libres de malas hierbas.\",\"breadcrumb\":{\"@id\":\"https:\\\/\\\/saiga.es\\\/es\\\/producto\\\/rascador-de-hierba-150-x-60\\\/#breadcrumb\"},\"inLanguage\":\"es\",\"potentialAction\":[{\"@type\":\"ReadAction\",\"target\":[\"https:\\\/\\\/saiga.es\\\/es\\\/producto\\\/rascador-de-hierba-150-x-60\\\/\"]}]},{\"@type\":\"ImageObject\",\"inLanguage\":\"es\",\"@id\":\"https:\\\/\\\/saiga.es\\\/es\\\/producto\\\/rascador-de-hierba-150-x-60\\\/#primaryimage\",\"url\":\"https:\\\/\\\/saiga.es\\\/wp-content\\\/uploads\\\/2024\\\/01\\\/Rascador-dherba.jpg\",\"contentUrl\":\"https:\\\/\\\/saiga.es\\\/wp-content\\\/uploads\\\/2024\\\/01\\\/Rascador-dherba.jpg\",\"width\":1080,\"height\":1080,\"caption\":\"Rascador de hierba\"},{\"@type\":\"BreadcrumbList\",\"@id\":\"https:\\\/\\\/saiga.es\\\/es\\\/producto\\\/rascador-de-hierba-150-x-60\\\/#breadcrumb\",\"itemListElement\":[{\"@type\":\"ListItem\",\"position\":1,\"name\":\"Inici\",\"item\":\"https:\\\/\\\/saiga.es\\\/es\\\/\"},{\"@type\":\"ListItem\",\"position\":2,\"name\":\"Tienda\",\"item\":\"https:\\\/\\\/saiga.es\\\/es\\\/tienda\\\/\"},{\"@type\":\"ListItem\",\"position\":3,\"name\":\"Rascador de hierba 150 x 60\"}]},{\"@type\":\"WebSite\",\"@id\":\"https:\\\/\\\/saiga.es\\\/es\\\/#website\",\"url\":\"https:\\\/\\\/saiga.es\\\/es\\\/\",\"name\":\"SAIGA\",\"description\":\"M\u00e9s de 50 anys al servei de la terra i treballant per a un \u00fas eficient de l\u2019aigua!\",\"publisher\":{\"@id\":\"https:\\\/\\\/saiga.es\\\/es\\\/#organization\"},\"potentialAction\":[{\"@type\":\"SearchAction\",\"target\":{\"@type\":\"EntryPoint\",\"urlTemplate\":\"https:\\\/\\\/saiga.es\\\/es\\\/?s={search_term_string}\"},\"query-input\":{\"@type\":\"PropertyValueSpecification\",\"valueRequired\":true,\"valueName\":\"search_term_string\"}}],\"inLanguage\":\"es\"},{\"@type\":\"Organization\",\"@id\":\"https:\\\/\\\/saiga.es\\\/es\\\/#organization\",\"name\":\"SAIGA\",\"url\":\"https:\\\/\\\/saiga.es\\\/es\\\/\",\"logo\":{\"@type\":\"ImageObject\",\"inLanguage\":\"es\",\"@id\":\"https:\\\/\\\/saiga.es\\\/es\\\/#\\\/schema\\\/logo\\\/image\\\/\",\"url\":\"https:\\\/\\\/saiga.es\\\/wp-content\\\/uploads\\\/2025\\\/07\\\/logo_saiga_baseline_optimitzat.svg\",\"contentUrl\":\"https:\\\/\\\/saiga.es\\\/wp-content\\\/uploads\\\/2025\\\/07\\\/logo_saiga_baseline_optimitzat.svg\",\"caption\":\"SAIGA\"},\"image\":{\"@id\":\"https:\\\/\\\/saiga.es\\\/es\\\/#\\\/schema\\\/logo\\\/image\\\/\"},\"sameAs\":[\"https:\\\/\\\/x.com\\\/saiga_agro\",\"https:\\\/\\\/www.instagram.com\\\/saiga_agro\\\/\"]}]}<\/script>\n<!-- \/ Yoast SEO plugin. -->","yoast_head_json":{"title":"Rascador de hierba 150 x 60 | SAIGA","description":"El rascador de hierba 150 x 60 es una herramienta \u00fatil para aquellos que desean mantener sus espacios exteriores limpios y libres de malas hierbas.","robots":{"index":"index","follow":"follow","max-snippet":"max-snippet:-1","max-image-preview":"max-image-preview:large","max-video-preview":"max-video-preview:-1"},"canonical":"https:\/\/saiga.es\/es\/producto\/rascador-de-hierba-150-x-60\/","og_locale":"es_ES","og_type":"article","og_title":"Rascador de hierba 150 x 60 | SAIGA","og_description":"El rascador de hierba 150 x 60 es una herramienta \u00fatil para aquellos que desean mantener sus espacios exteriores limpios y libres de malas hierbas.","og_url":"https:\/\/saiga.es\/es\/producto\/rascador-de-hierba-150-x-60\/","og_site_name":"SAIGA","article_modified_time":"2025-10-27T07:53:33+00:00","og_image":[{"width":1080,"height":1080,"url":"https:\/\/saiga.es\/wp-content\/uploads\/2024\/01\/Rascador-dherba.jpg","type":"image\/jpeg"}],"twitter_card":"summary_large_image","twitter_site":"@saiga_agro","schema":{"@context":"https:\/\/schema.org","@graph":[{"@type":"WebPage","@id":"https:\/\/saiga.es\/es\/producto\/rascador-de-hierba-150-x-60\/","url":"https:\/\/saiga.es\/es\/producto\/rascador-de-hierba-150-x-60\/","name":"Rascador de hierba 150 x 60 | SAIGA","isPartOf":{"@id":"https:\/\/saiga.es\/es\/#website"},"primaryImageOfPage":{"@id":"https:\/\/saiga.es\/es\/producto\/rascador-de-hierba-150-x-60\/#primaryimage"},"image":{"@id":"https:\/\/saiga.es\/es\/producto\/rascador-de-hierba-150-x-60\/#primaryimage"},"thumbnailUrl":"https:\/\/saiga.es\/wp-content\/uploads\/2024\/01\/Rascador-dherba.jpg","datePublished":"2024-01-09T09:18:17+00:00","dateModified":"2025-10-27T07:53:33+00:00","description":"El rascador de hierba 150 x 60 es una herramienta \u00fatil para aquellos que desean mantener sus espacios exteriores limpios y libres de malas hierbas.","breadcrumb":{"@id":"https:\/\/saiga.es\/es\/producto\/rascador-de-hierba-150-x-60\/#breadcrumb"},"inLanguage":"es","potentialAction":[{"@type":"ReadAction","target":["https:\/\/saiga.es\/es\/producto\/rascador-de-hierba-150-x-60\/"]}]},{"@type":"ImageObject","inLanguage":"es","@id":"https:\/\/saiga.es\/es\/producto\/rascador-de-hierba-150-x-60\/#primaryimage","url":"https:\/\/saiga.es\/wp-content\/uploads\/2024\/01\/Rascador-dherba.jpg","contentUrl":"https:\/\/saiga.es\/wp-content\/uploads\/2024\/01\/Rascador-dherba.jpg","width":1080,"height":1080,"caption":"Rascador de hierba"},{"@type":"BreadcrumbList","@id":"https:\/\/saiga.es\/es\/producto\/rascador-de-hierba-150-x-60\/#breadcrumb","itemListElement":[{"@type":"ListItem","position":1,"name":"Inici","item":"https:\/\/saiga.es\/es\/"},{"@type":"ListItem","position":2,"name":"Tienda","item":"https:\/\/saiga.es\/es\/tienda\/"},{"@type":"ListItem","position":3,"name":"Rascador de hierba 150 x 60"}]},{"@type":"WebSite","@id":"https:\/\/saiga.es\/es\/#website","url":"https:\/\/saiga.es\/es\/","name":"SAIGA","description":"M\u00e9s de 50 anys al servei de la terra i treballant per a un \u00fas eficient de l\u2019aigua!","publisher":{"@id":"https:\/\/saiga.es\/es\/#organization"},"potentialAction":[{"@type":"SearchAction","target":{"@type":"EntryPoint","urlTemplate":"https:\/\/saiga.es\/es\/?s={search_term_string}"},"query-input":{"@type":"PropertyValueSpecification","valueRequired":true,"valueName":"search_term_string"}}],"inLanguage":"es"},{"@type":"Organization","@id":"https:\/\/saiga.es\/es\/#organization","name":"SAIGA","url":"https:\/\/saiga.es\/es\/","logo":{"@type":"ImageObject","inLanguage":"es","@id":"https:\/\/saiga.es\/es\/#\/schema\/logo\/image\/","url":"https:\/\/saiga.es\/wp-content\/uploads\/2025\/07\/logo_saiga_baseline_optimitzat.svg","contentUrl":"https:\/\/saiga.es\/wp-content\/uploads\/2025\/07\/logo_saiga_baseline_optimitzat.svg","caption":"SAIGA"},"image":{"@id":"https:\/\/saiga.es\/es\/#\/schema\/logo\/image\/"},"sameAs":["https:\/\/x.com\/saiga_agro","https:\/\/www.instagram.com\/saiga_agro\/"]}]}},"_links":{"self":[{"href":"https:\/\/saiga.es\/es\/wp-json\/wp\/v2\/product\/11820","targetHints":{"allow":["GET"]}}],"collection":[{"href":"https:\/\/saiga.es\/es\/wp-json\/wp\/v2\/product"}],"about":[{"href":"https:\/\/saiga.es\/es\/wp-json\/wp\/v2\/types\/product"}],"replies":[{"embeddable":true,"href":"https:\/\/saiga.es\/es\/wp-json\/wp\/v2\/comments?post=11820"}],"wp:featuredmedia":[{"embeddable":true,"href":"https:\/\/saiga.es\/es\/wp-json\/wp\/v2\/media\/11818"}],"wp:attachment":[{"href":"https:\/\/saiga.es\/es\/wp-json\/wp\/v2\/media?parent=11820"}],"wp:term":[{"taxonomy":"product_brand","embeddable":true,"href":"https:\/\/saiga.es\/es\/wp-json\/wp\/v2\/product_brand?post=11820"},{"taxonomy":"product_cat","embeddable":true,"href":"https:\/\/saiga.es\/es\/wp-json\/wp\/v2\/product_cat?post=11820"},{"taxonomy":"product_tag","embeddable":true,"href":"https:\/\/saiga.es\/es\/wp-json\/wp\/v2\/product_tag?post=11820"}],"curies":[{"name":"wp","href":"https:\/\/api.w.org\/{rel}","templated":true}]}}