{"id":12002,"date":"2024-09-20T13:14:02","date_gmt":"2024-09-20T13:14:02","guid":{"rendered":"https:\/\/botiga.saiga.es\/producte\/placa-de-voz-y-datos\/"},"modified":"2024-09-20T13:14:02","modified_gmt":"2024-09-20T13:14:02","slug":"placa-de-voz-y-datos","status":"publish","type":"product","link":"https:\/\/saiga.es\/es\/producto\/placa-de-voz-y-datos\/","title":{"rendered":"Placa de voz y datos"},"content":{"rendered":"<p>De la serie Simon 27 Play, y con guardapolvo para 1 conector RJ45 AMP\u00ae, presentamos esta placa plana de voz y datos. Su material de fabricaci\u00f3n es el termopl\u00e1stico y est\u00e1 terminada en color blanco. El m\u00f3dulo adaptador RJ45 est\u00e1 incluido. Su superficie no incluye ning\u00fan tipo de grabado. Recomendaciones en lo que respecta al dise\u00f1o del conjunto: Elegir un marco que sea del mismo color que la placa que seleccionamos. x 45 mm de ancho. Buenas pr\u00e1cticas de uso y almacenamiento: el rango de temperatura de funcionamiento es de 5 a 40\u00ba y el de almacenamiento es de -25 a 50\u00baC. Es muy importante tenerlo en cuenta, sobre todo en las \u00e9pocas del a\u00f1o m\u00e1s extremas por fr\u00edo y calor. Simon 27 Play, una colecci\u00f3n que da mucho juego.        <\/p>\n","protected":false},"excerpt":{"rendered":"<p>De la serie Simon 27 Play, y con guardapolvo para 1 conector RJ45 AMP\u00ae, presentamos esta placa plana de voz y datos.<\/p>\n","protected":false},"featured_media":12000,"comment_status":"closed","ping_status":"closed","template":"","meta":[],"product_brand":[],"product_cat":[1612],"product_tag":[1294,1613],"class_list":{"0":"post-12002","1":"product","2":"type-product","3":"status-publish","4":"has-post-thumbnail","6":"product_cat-simon-es","7":"product_tag-material-electrico","8":"product_tag-simon-es","10":"first","11":"instock","12":"taxable","13":"shipping-taxable","14":"purchasable","15":"product-type-simple"},"yoast_head":"<!-- This site is optimized with the Yoast SEO plugin v27.4 - https:\/\/yoast.com\/product\/yoast-seo-wordpress\/ -->\n<title>Placa de voz y datos | SAIGA<\/title>\n<meta name=\"description\" content=\"De la serie Simon 27 Play, y con guardapolvo para 1 conector RJ45 AMP\u00ae, presentamos esta placa plana de voz y datos.\" \/>\n<meta name=\"robots\" content=\"index, follow, max-snippet:-1, max-image-preview:large, max-video-preview:-1\" \/>\n<link rel=\"canonical\" href=\"https:\/\/saiga.es\/es\/producto\/placa-de-voz-y-datos\/\" \/>\n<meta property=\"og:locale\" content=\"es_ES\" \/>\n<meta property=\"og:type\" content=\"article\" \/>\n<meta property=\"og:title\" content=\"Placa de voz y datos | SAIGA\" \/>\n<meta property=\"og:description\" content=\"De la serie Simon 27 Play, y con guardapolvo para 1 conector RJ45 AMP\u00ae, presentamos esta placa plana de voz y datos.\" \/>\n<meta property=\"og:url\" content=\"https:\/\/saiga.es\/es\/producto\/placa-de-voz-y-datos\/\" \/>\n<meta property=\"og:site_name\" content=\"SAIGA\" \/>\n<meta property=\"og:image\" content=\"https:\/\/saiga.es\/wp-content\/uploads\/2024\/09\/RESIMO2708735.jpg\" \/>\n\t<meta property=\"og:image:width\" content=\"1080\" \/>\n\t<meta property=\"og:image:height\" content=\"1080\" \/>\n\t<meta property=\"og:image:type\" content=\"image\/jpeg\" \/>\n<meta name=\"twitter:card\" content=\"summary_large_image\" \/>\n<meta name=\"twitter:site\" content=\"@saiga_agro\" \/>\n<meta name=\"twitter:label1\" content=\"Tiempo de lectura\" \/>\n\t<meta name=\"twitter:data1\" content=\"1 minuto\" \/>\n<script type=\"application\/ld+json\" class=\"yoast-schema-graph\">{\"@context\":\"https:\\\/\\\/schema.org\",\"@graph\":[{\"@type\":\"WebPage\",\"@id\":\"https:\\\/\\\/saiga.es\\\/es\\\/producto\\\/placa-de-voz-y-datos\\\/\",\"url\":\"https:\\\/\\\/saiga.es\\\/es\\\/producto\\\/placa-de-voz-y-datos\\\/\",\"name\":\"Placa de voz y datos | SAIGA\",\"isPartOf\":{\"@id\":\"https:\\\/\\\/saiga.es\\\/es\\\/#website\"},\"primaryImageOfPage\":{\"@id\":\"https:\\\/\\\/saiga.es\\\/es\\\/producto\\\/placa-de-voz-y-datos\\\/#primaryimage\"},\"image\":{\"@id\":\"https:\\\/\\\/saiga.es\\\/es\\\/producto\\\/placa-de-voz-y-datos\\\/#primaryimage\"},\"thumbnailUrl\":\"https:\\\/\\\/saiga.es\\\/wp-content\\\/uploads\\\/2024\\\/09\\\/RESIMO2708735.jpg\",\"datePublished\":\"2024-09-20T13:14:02+00:00\",\"description\":\"De la serie Simon 27 Play, y con guardapolvo para 1 conector RJ45 AMP\u00ae, presentamos esta placa plana de voz y datos.\",\"breadcrumb\":{\"@id\":\"https:\\\/\\\/saiga.es\\\/es\\\/producto\\\/placa-de-voz-y-datos\\\/#breadcrumb\"},\"inLanguage\":\"es\",\"potentialAction\":[{\"@type\":\"ReadAction\",\"target\":[\"https:\\\/\\\/saiga.es\\\/es\\\/producto\\\/placa-de-voz-y-datos\\\/\"]}]},{\"@type\":\"ImageObject\",\"inLanguage\":\"es\",\"@id\":\"https:\\\/\\\/saiga.es\\\/es\\\/producto\\\/placa-de-voz-y-datos\\\/#primaryimage\",\"url\":\"https:\\\/\\\/saiga.es\\\/wp-content\\\/uploads\\\/2024\\\/09\\\/RESIMO2708735.jpg\",\"contentUrl\":\"https:\\\/\\\/saiga.es\\\/wp-content\\\/uploads\\\/2024\\\/09\\\/RESIMO2708735.jpg\",\"width\":1080,\"height\":1080,\"caption\":\"Pla ca de veu\"},{\"@type\":\"BreadcrumbList\",\"@id\":\"https:\\\/\\\/saiga.es\\\/es\\\/producto\\\/placa-de-voz-y-datos\\\/#breadcrumb\",\"itemListElement\":[{\"@type\":\"ListItem\",\"position\":1,\"name\":\"Inici\",\"item\":\"https:\\\/\\\/saiga.es\\\/es\\\/\"},{\"@type\":\"ListItem\",\"position\":2,\"name\":\"Tienda\",\"item\":\"https:\\\/\\\/saiga.es\\\/es\\\/tienda\\\/\"},{\"@type\":\"ListItem\",\"position\":3,\"name\":\"Placa de voz y datos\"}]},{\"@type\":\"WebSite\",\"@id\":\"https:\\\/\\\/saiga.es\\\/es\\\/#website\",\"url\":\"https:\\\/\\\/saiga.es\\\/es\\\/\",\"name\":\"SAIGA\",\"description\":\"M\u00e9s de 50 anys al servei de la terra i treballant per a un \u00fas eficient de l\u2019aigua!\",\"publisher\":{\"@id\":\"https:\\\/\\\/saiga.es\\\/es\\\/#organization\"},\"potentialAction\":[{\"@type\":\"SearchAction\",\"target\":{\"@type\":\"EntryPoint\",\"urlTemplate\":\"https:\\\/\\\/saiga.es\\\/es\\\/?s={search_term_string}\"},\"query-input\":{\"@type\":\"PropertyValueSpecification\",\"valueRequired\":true,\"valueName\":\"search_term_string\"}}],\"inLanguage\":\"es\"},{\"@type\":\"Organization\",\"@id\":\"https:\\\/\\\/saiga.es\\\/es\\\/#organization\",\"name\":\"SAIGA\",\"url\":\"https:\\\/\\\/saiga.es\\\/es\\\/\",\"logo\":{\"@type\":\"ImageObject\",\"inLanguage\":\"es\",\"@id\":\"https:\\\/\\\/saiga.es\\\/es\\\/#\\\/schema\\\/logo\\\/image\\\/\",\"url\":\"https:\\\/\\\/saiga.es\\\/wp-content\\\/uploads\\\/2025\\\/07\\\/logo_saiga_baseline_optimitzat.svg\",\"contentUrl\":\"https:\\\/\\\/saiga.es\\\/wp-content\\\/uploads\\\/2025\\\/07\\\/logo_saiga_baseline_optimitzat.svg\",\"caption\":\"SAIGA\"},\"image\":{\"@id\":\"https:\\\/\\\/saiga.es\\\/es\\\/#\\\/schema\\\/logo\\\/image\\\/\"},\"sameAs\":[\"https:\\\/\\\/x.com\\\/saiga_agro\",\"https:\\\/\\\/www.instagram.com\\\/saiga_agro\\\/\"]}]}<\/script>\n<!-- \/ Yoast SEO plugin. -->","yoast_head_json":{"title":"Placa de voz y datos | SAIGA","description":"De la serie Simon 27 Play, y con guardapolvo para 1 conector RJ45 AMP\u00ae, presentamos esta placa plana de voz y datos.","robots":{"index":"index","follow":"follow","max-snippet":"max-snippet:-1","max-image-preview":"max-image-preview:large","max-video-preview":"max-video-preview:-1"},"canonical":"https:\/\/saiga.es\/es\/producto\/placa-de-voz-y-datos\/","og_locale":"es_ES","og_type":"article","og_title":"Placa de voz y datos | SAIGA","og_description":"De la serie Simon 27 Play, y con guardapolvo para 1 conector RJ45 AMP\u00ae, presentamos esta placa plana de voz y datos.","og_url":"https:\/\/saiga.es\/es\/producto\/placa-de-voz-y-datos\/","og_site_name":"SAIGA","og_image":[{"width":1080,"height":1080,"url":"https:\/\/saiga.es\/wp-content\/uploads\/2024\/09\/RESIMO2708735.jpg","type":"image\/jpeg"}],"twitter_card":"summary_large_image","twitter_site":"@saiga_agro","twitter_misc":{"Tiempo de lectura":"1 minuto"},"schema":{"@context":"https:\/\/schema.org","@graph":[{"@type":"WebPage","@id":"https:\/\/saiga.es\/es\/producto\/placa-de-voz-y-datos\/","url":"https:\/\/saiga.es\/es\/producto\/placa-de-voz-y-datos\/","name":"Placa de voz y datos | SAIGA","isPartOf":{"@id":"https:\/\/saiga.es\/es\/#website"},"primaryImageOfPage":{"@id":"https:\/\/saiga.es\/es\/producto\/placa-de-voz-y-datos\/#primaryimage"},"image":{"@id":"https:\/\/saiga.es\/es\/producto\/placa-de-voz-y-datos\/#primaryimage"},"thumbnailUrl":"https:\/\/saiga.es\/wp-content\/uploads\/2024\/09\/RESIMO2708735.jpg","datePublished":"2024-09-20T13:14:02+00:00","description":"De la serie Simon 27 Play, y con guardapolvo para 1 conector RJ45 AMP\u00ae, presentamos esta placa plana de voz y datos.","breadcrumb":{"@id":"https:\/\/saiga.es\/es\/producto\/placa-de-voz-y-datos\/#breadcrumb"},"inLanguage":"es","potentialAction":[{"@type":"ReadAction","target":["https:\/\/saiga.es\/es\/producto\/placa-de-voz-y-datos\/"]}]},{"@type":"ImageObject","inLanguage":"es","@id":"https:\/\/saiga.es\/es\/producto\/placa-de-voz-y-datos\/#primaryimage","url":"https:\/\/saiga.es\/wp-content\/uploads\/2024\/09\/RESIMO2708735.jpg","contentUrl":"https:\/\/saiga.es\/wp-content\/uploads\/2024\/09\/RESIMO2708735.jpg","width":1080,"height":1080,"caption":"Pla ca de veu"},{"@type":"BreadcrumbList","@id":"https:\/\/saiga.es\/es\/producto\/placa-de-voz-y-datos\/#breadcrumb","itemListElement":[{"@type":"ListItem","position":1,"name":"Inici","item":"https:\/\/saiga.es\/es\/"},{"@type":"ListItem","position":2,"name":"Tienda","item":"https:\/\/saiga.es\/es\/tienda\/"},{"@type":"ListItem","position":3,"name":"Placa de voz y datos"}]},{"@type":"WebSite","@id":"https:\/\/saiga.es\/es\/#website","url":"https:\/\/saiga.es\/es\/","name":"SAIGA","description":"M\u00e9s de 50 anys al servei de la terra i treballant per a un \u00fas eficient de l\u2019aigua!","publisher":{"@id":"https:\/\/saiga.es\/es\/#organization"},"potentialAction":[{"@type":"SearchAction","target":{"@type":"EntryPoint","urlTemplate":"https:\/\/saiga.es\/es\/?s={search_term_string}"},"query-input":{"@type":"PropertyValueSpecification","valueRequired":true,"valueName":"search_term_string"}}],"inLanguage":"es"},{"@type":"Organization","@id":"https:\/\/saiga.es\/es\/#organization","name":"SAIGA","url":"https:\/\/saiga.es\/es\/","logo":{"@type":"ImageObject","inLanguage":"es","@id":"https:\/\/saiga.es\/es\/#\/schema\/logo\/image\/","url":"https:\/\/saiga.es\/wp-content\/uploads\/2025\/07\/logo_saiga_baseline_optimitzat.svg","contentUrl":"https:\/\/saiga.es\/wp-content\/uploads\/2025\/07\/logo_saiga_baseline_optimitzat.svg","caption":"SAIGA"},"image":{"@id":"https:\/\/saiga.es\/es\/#\/schema\/logo\/image\/"},"sameAs":["https:\/\/x.com\/saiga_agro","https:\/\/www.instagram.com\/saiga_agro\/"]}]}},"_links":{"self":[{"href":"https:\/\/saiga.es\/es\/wp-json\/wp\/v2\/product\/12002","targetHints":{"allow":["GET"]}}],"collection":[{"href":"https:\/\/saiga.es\/es\/wp-json\/wp\/v2\/product"}],"about":[{"href":"https:\/\/saiga.es\/es\/wp-json\/wp\/v2\/types\/product"}],"replies":[{"embeddable":true,"href":"https:\/\/saiga.es\/es\/wp-json\/wp\/v2\/comments?post=12002"}],"wp:featuredmedia":[{"embeddable":true,"href":"https:\/\/saiga.es\/es\/wp-json\/wp\/v2\/media\/12000"}],"wp:attachment":[{"href":"https:\/\/saiga.es\/es\/wp-json\/wp\/v2\/media?parent=12002"}],"wp:term":[{"taxonomy":"product_brand","embeddable":true,"href":"https:\/\/saiga.es\/es\/wp-json\/wp\/v2\/product_brand?post=12002"},{"taxonomy":"product_cat","embeddable":true,"href":"https:\/\/saiga.es\/es\/wp-json\/wp\/v2\/product_cat?post=12002"},{"taxonomy":"product_tag","embeddable":true,"href":"https:\/\/saiga.es\/es\/wp-json\/wp\/v2\/product_tag?post=12002"}],"curies":[{"name":"wp","href":"https:\/\/api.w.org\/{rel}","templated":true}]}}