{"id":12008,"date":"2024-09-20T13:38:11","date_gmt":"2024-09-20T13:38:11","guid":{"rendered":"https:\/\/botiga.saiga.es\/producte\/pulsador-10-a-250v\/"},"modified":"2024-09-20T13:38:11","modified_gmt":"2024-09-20T13:38:11","slug":"pulsador-10-a-250v","status":"publish","type":"product","link":"https:\/\/saiga.es\/es\/producto\/pulsador-10-a-250v\/","title":{"rendered":"Pulsador 10 A 250V"},"content":{"rendered":"<p>Pulsador con una intensidad de 10 A y funciona con una potencia de 250 V~ con luminoso incorporado y que para su instalaci\u00f3n incluye sistema de sumidero r\u00e1pido, puedes encontrar el elemento en la categor\u00eda \u201cmecanismos de mando\u201d dentro de la serie Simon 75. Es posible combinar el elemento con la referencia 31802-31 en caso de sustituci\u00f3n de indicador luminoso. Para facilitar la instalaci\u00f3n es apto para empotrar o para superficie, elige la opci\u00f3n que mejor se adapte a tus necesidades. Disfruta de las m\u00faltiples combinaciones de color que tiene por ti la serie Simon 75, un sinf\u00edn de opciones apta para cualquier rinc\u00f3n vivienda. Incorpora en cualquier parte de tu casa las funciones electr\u00f3nicas m\u00e1s avanzadas para el control total de tu vivienda. Adem\u00e1s, en cuanto a opciones de personalizaci\u00f3n, puedes jugar tanto con los acabados como con las formas. Ofreciendo la posibilidad de adoptar dos formas est\u00e9ticas distintas gracias al marco embellecedor en forma rectangular.      <\/p>\n","protected":false},"excerpt":{"rendered":"<p>Pulsador con una intensidad de 10 A y funciona con una potencia de 250 V~ con luminoso incorporado y que para su instalaci\u00f3n incluye sistema de sumidero r\u00e1pido, puedes encontrar el elemento en la categor\u00eda \u201cmecanismos de mando\u201d dentro de la serie Simon 75.<\/p>\n","protected":false},"featured_media":12006,"comment_status":"closed","ping_status":"closed","template":"","meta":[],"product_brand":[],"product_cat":[1612],"product_tag":[1616,1613],"class_list":{"0":"post-12008","1":"product","2":"type-product","3":"status-publish","4":"has-post-thumbnail","6":"product_cat-simon-es","7":"product_tag-pulsador-es","8":"product_tag-simon-es","10":"first","11":"outofstock","12":"taxable","13":"shipping-taxable","14":"purchasable","15":"product-type-simple"},"yoast_head":"<!-- This site is optimized with the Yoast SEO plugin v27.4 - https:\/\/yoast.com\/product\/yoast-seo-wordpress\/ -->\n<title>Pulsador 10 A 250V | SAIGA<\/title>\n<meta name=\"description\" content=\"Pulsador con una intensidad de 10 A y funciona con una potencia de 250 V ~ con luminoso incorporado y que para su instalaci\u00f3n incluye sistema de sumidero r\u00e1pido.\" \/>\n<meta name=\"robots\" content=\"index, follow, max-snippet:-1, max-image-preview:large, max-video-preview:-1\" \/>\n<link rel=\"canonical\" href=\"https:\/\/saiga.es\/es\/producto\/pulsador-10-a-250v\/\" \/>\n<meta property=\"og:locale\" content=\"es_ES\" \/>\n<meta property=\"og:type\" content=\"article\" \/>\n<meta property=\"og:title\" content=\"Pulsador 10 A 250V | SAIGA\" \/>\n<meta property=\"og:description\" content=\"Pulsador con una intensidad de 10 A y funciona con una potencia de 250 V ~ con luminoso incorporado y que para su instalaci\u00f3n incluye sistema de sumidero r\u00e1pido.\" \/>\n<meta property=\"og:url\" content=\"https:\/\/saiga.es\/es\/producto\/pulsador-10-a-250v\/\" \/>\n<meta property=\"og:site_name\" content=\"SAIGA\" \/>\n<meta property=\"og:image\" content=\"https:\/\/saiga.es\/wp-content\/uploads\/2024\/09\/7516039.jpg\" \/>\n\t<meta property=\"og:image:width\" content=\"1080\" \/>\n\t<meta property=\"og:image:height\" content=\"1080\" \/>\n\t<meta property=\"og:image:type\" content=\"image\/jpeg\" \/>\n<meta name=\"twitter:card\" content=\"summary_large_image\" \/>\n<meta name=\"twitter:site\" content=\"@saiga_agro\" \/>\n<meta name=\"twitter:label1\" content=\"Tiempo de lectura\" \/>\n\t<meta name=\"twitter:data1\" content=\"1 minuto\" \/>\n<script type=\"application\/ld+json\" class=\"yoast-schema-graph\">{\"@context\":\"https:\\\/\\\/schema.org\",\"@graph\":[{\"@type\":\"WebPage\",\"@id\":\"https:\\\/\\\/saiga.es\\\/es\\\/producto\\\/pulsador-10-a-250v\\\/\",\"url\":\"https:\\\/\\\/saiga.es\\\/es\\\/producto\\\/pulsador-10-a-250v\\\/\",\"name\":\"Pulsador 10 A 250V | SAIGA\",\"isPartOf\":{\"@id\":\"https:\\\/\\\/saiga.es\\\/es\\\/#website\"},\"primaryImageOfPage\":{\"@id\":\"https:\\\/\\\/saiga.es\\\/es\\\/producto\\\/pulsador-10-a-250v\\\/#primaryimage\"},\"image\":{\"@id\":\"https:\\\/\\\/saiga.es\\\/es\\\/producto\\\/pulsador-10-a-250v\\\/#primaryimage\"},\"thumbnailUrl\":\"https:\\\/\\\/saiga.es\\\/wp-content\\\/uploads\\\/2024\\\/09\\\/7516039.jpg\",\"datePublished\":\"2024-09-20T13:38:11+00:00\",\"description\":\"Pulsador con una intensidad de 10 A y funciona con una potencia de 250 V ~ con luminoso incorporado y que para su instalaci\u00f3n incluye sistema de sumidero r\u00e1pido.\",\"breadcrumb\":{\"@id\":\"https:\\\/\\\/saiga.es\\\/es\\\/producto\\\/pulsador-10-a-250v\\\/#breadcrumb\"},\"inLanguage\":\"es\",\"potentialAction\":[{\"@type\":\"ReadAction\",\"target\":[\"https:\\\/\\\/saiga.es\\\/es\\\/producto\\\/pulsador-10-a-250v\\\/\"]}]},{\"@type\":\"ImageObject\",\"inLanguage\":\"es\",\"@id\":\"https:\\\/\\\/saiga.es\\\/es\\\/producto\\\/pulsador-10-a-250v\\\/#primaryimage\",\"url\":\"https:\\\/\\\/saiga.es\\\/wp-content\\\/uploads\\\/2024\\\/09\\\/7516039.jpg\",\"contentUrl\":\"https:\\\/\\\/saiga.es\\\/wp-content\\\/uploads\\\/2024\\\/09\\\/7516039.jpg\",\"width\":1080,\"height\":1080,\"caption\":\"Pulsador 75160-39\"},{\"@type\":\"BreadcrumbList\",\"@id\":\"https:\\\/\\\/saiga.es\\\/es\\\/producto\\\/pulsador-10-a-250v\\\/#breadcrumb\",\"itemListElement\":[{\"@type\":\"ListItem\",\"position\":1,\"name\":\"Inici\",\"item\":\"https:\\\/\\\/saiga.es\\\/es\\\/\"},{\"@type\":\"ListItem\",\"position\":2,\"name\":\"Tienda\",\"item\":\"https:\\\/\\\/saiga.es\\\/es\\\/tienda\\\/\"},{\"@type\":\"ListItem\",\"position\":3,\"name\":\"Pulsador 10 A 250V\"}]},{\"@type\":\"WebSite\",\"@id\":\"https:\\\/\\\/saiga.es\\\/es\\\/#website\",\"url\":\"https:\\\/\\\/saiga.es\\\/es\\\/\",\"name\":\"SAIGA\",\"description\":\"M\u00e9s de 50 anys al servei de la terra i treballant per a un \u00fas eficient de l\u2019aigua!\",\"publisher\":{\"@id\":\"https:\\\/\\\/saiga.es\\\/es\\\/#organization\"},\"potentialAction\":[{\"@type\":\"SearchAction\",\"target\":{\"@type\":\"EntryPoint\",\"urlTemplate\":\"https:\\\/\\\/saiga.es\\\/es\\\/?s={search_term_string}\"},\"query-input\":{\"@type\":\"PropertyValueSpecification\",\"valueRequired\":true,\"valueName\":\"search_term_string\"}}],\"inLanguage\":\"es\"},{\"@type\":\"Organization\",\"@id\":\"https:\\\/\\\/saiga.es\\\/es\\\/#organization\",\"name\":\"SAIGA\",\"url\":\"https:\\\/\\\/saiga.es\\\/es\\\/\",\"logo\":{\"@type\":\"ImageObject\",\"inLanguage\":\"es\",\"@id\":\"https:\\\/\\\/saiga.es\\\/es\\\/#\\\/schema\\\/logo\\\/image\\\/\",\"url\":\"https:\\\/\\\/saiga.es\\\/wp-content\\\/uploads\\\/2025\\\/07\\\/logo_saiga_baseline_optimitzat.svg\",\"contentUrl\":\"https:\\\/\\\/saiga.es\\\/wp-content\\\/uploads\\\/2025\\\/07\\\/logo_saiga_baseline_optimitzat.svg\",\"caption\":\"SAIGA\"},\"image\":{\"@id\":\"https:\\\/\\\/saiga.es\\\/es\\\/#\\\/schema\\\/logo\\\/image\\\/\"},\"sameAs\":[\"https:\\\/\\\/x.com\\\/saiga_agro\",\"https:\\\/\\\/www.instagram.com\\\/saiga_agro\\\/\"]}]}<\/script>\n<!-- \/ Yoast SEO plugin. -->","yoast_head_json":{"title":"Pulsador 10 A 250V | SAIGA","description":"Pulsador con una intensidad de 10 A y funciona con una potencia de 250 V ~ con luminoso incorporado y que para su instalaci\u00f3n incluye sistema de sumidero r\u00e1pido.","robots":{"index":"index","follow":"follow","max-snippet":"max-snippet:-1","max-image-preview":"max-image-preview:large","max-video-preview":"max-video-preview:-1"},"canonical":"https:\/\/saiga.es\/es\/producto\/pulsador-10-a-250v\/","og_locale":"es_ES","og_type":"article","og_title":"Pulsador 10 A 250V | SAIGA","og_description":"Pulsador con una intensidad de 10 A y funciona con una potencia de 250 V ~ con luminoso incorporado y que para su instalaci\u00f3n incluye sistema de sumidero r\u00e1pido.","og_url":"https:\/\/saiga.es\/es\/producto\/pulsador-10-a-250v\/","og_site_name":"SAIGA","og_image":[{"width":1080,"height":1080,"url":"https:\/\/saiga.es\/wp-content\/uploads\/2024\/09\/7516039.jpg","type":"image\/jpeg"}],"twitter_card":"summary_large_image","twitter_site":"@saiga_agro","twitter_misc":{"Tiempo de lectura":"1 minuto"},"schema":{"@context":"https:\/\/schema.org","@graph":[{"@type":"WebPage","@id":"https:\/\/saiga.es\/es\/producto\/pulsador-10-a-250v\/","url":"https:\/\/saiga.es\/es\/producto\/pulsador-10-a-250v\/","name":"Pulsador 10 A 250V | SAIGA","isPartOf":{"@id":"https:\/\/saiga.es\/es\/#website"},"primaryImageOfPage":{"@id":"https:\/\/saiga.es\/es\/producto\/pulsador-10-a-250v\/#primaryimage"},"image":{"@id":"https:\/\/saiga.es\/es\/producto\/pulsador-10-a-250v\/#primaryimage"},"thumbnailUrl":"https:\/\/saiga.es\/wp-content\/uploads\/2024\/09\/7516039.jpg","datePublished":"2024-09-20T13:38:11+00:00","description":"Pulsador con una intensidad de 10 A y funciona con una potencia de 250 V ~ con luminoso incorporado y que para su instalaci\u00f3n incluye sistema de sumidero r\u00e1pido.","breadcrumb":{"@id":"https:\/\/saiga.es\/es\/producto\/pulsador-10-a-250v\/#breadcrumb"},"inLanguage":"es","potentialAction":[{"@type":"ReadAction","target":["https:\/\/saiga.es\/es\/producto\/pulsador-10-a-250v\/"]}]},{"@type":"ImageObject","inLanguage":"es","@id":"https:\/\/saiga.es\/es\/producto\/pulsador-10-a-250v\/#primaryimage","url":"https:\/\/saiga.es\/wp-content\/uploads\/2024\/09\/7516039.jpg","contentUrl":"https:\/\/saiga.es\/wp-content\/uploads\/2024\/09\/7516039.jpg","width":1080,"height":1080,"caption":"Pulsador 75160-39"},{"@type":"BreadcrumbList","@id":"https:\/\/saiga.es\/es\/producto\/pulsador-10-a-250v\/#breadcrumb","itemListElement":[{"@type":"ListItem","position":1,"name":"Inici","item":"https:\/\/saiga.es\/es\/"},{"@type":"ListItem","position":2,"name":"Tienda","item":"https:\/\/saiga.es\/es\/tienda\/"},{"@type":"ListItem","position":3,"name":"Pulsador 10 A 250V"}]},{"@type":"WebSite","@id":"https:\/\/saiga.es\/es\/#website","url":"https:\/\/saiga.es\/es\/","name":"SAIGA","description":"M\u00e9s de 50 anys al servei de la terra i treballant per a un \u00fas eficient de l\u2019aigua!","publisher":{"@id":"https:\/\/saiga.es\/es\/#organization"},"potentialAction":[{"@type":"SearchAction","target":{"@type":"EntryPoint","urlTemplate":"https:\/\/saiga.es\/es\/?s={search_term_string}"},"query-input":{"@type":"PropertyValueSpecification","valueRequired":true,"valueName":"search_term_string"}}],"inLanguage":"es"},{"@type":"Organization","@id":"https:\/\/saiga.es\/es\/#organization","name":"SAIGA","url":"https:\/\/saiga.es\/es\/","logo":{"@type":"ImageObject","inLanguage":"es","@id":"https:\/\/saiga.es\/es\/#\/schema\/logo\/image\/","url":"https:\/\/saiga.es\/wp-content\/uploads\/2025\/07\/logo_saiga_baseline_optimitzat.svg","contentUrl":"https:\/\/saiga.es\/wp-content\/uploads\/2025\/07\/logo_saiga_baseline_optimitzat.svg","caption":"SAIGA"},"image":{"@id":"https:\/\/saiga.es\/es\/#\/schema\/logo\/image\/"},"sameAs":["https:\/\/x.com\/saiga_agro","https:\/\/www.instagram.com\/saiga_agro\/"]}]}},"_links":{"self":[{"href":"https:\/\/saiga.es\/es\/wp-json\/wp\/v2\/product\/12008","targetHints":{"allow":["GET"]}}],"collection":[{"href":"https:\/\/saiga.es\/es\/wp-json\/wp\/v2\/product"}],"about":[{"href":"https:\/\/saiga.es\/es\/wp-json\/wp\/v2\/types\/product"}],"replies":[{"embeddable":true,"href":"https:\/\/saiga.es\/es\/wp-json\/wp\/v2\/comments?post=12008"}],"wp:featuredmedia":[{"embeddable":true,"href":"https:\/\/saiga.es\/es\/wp-json\/wp\/v2\/media\/12006"}],"wp:attachment":[{"href":"https:\/\/saiga.es\/es\/wp-json\/wp\/v2\/media?parent=12008"}],"wp:term":[{"taxonomy":"product_brand","embeddable":true,"href":"https:\/\/saiga.es\/es\/wp-json\/wp\/v2\/product_brand?post=12008"},{"taxonomy":"product_cat","embeddable":true,"href":"https:\/\/saiga.es\/es\/wp-json\/wp\/v2\/product_cat?post=12008"},{"taxonomy":"product_tag","embeddable":true,"href":"https:\/\/saiga.es\/es\/wp-json\/wp\/v2\/product_tag?post=12008"}],"curies":[{"name":"wp","href":"https:\/\/api.w.org\/{rel}","templated":true}]}}