{"id":12017,"date":"2024-09-20T13:55:25","date_gmt":"2024-09-20T13:55:25","guid":{"rendered":"https:\/\/botiga.saiga.es\/producte\/base-de-enchufe-schuko-16-a-250v\/"},"modified":"2024-09-20T13:55:25","modified_gmt":"2024-09-20T13:55:25","slug":"base-de-enchufe-schuko-16-a-250v","status":"publish","type":"product","link":"https:\/\/saiga.es\/es\/producto\/base-de-enchufe-schuko-16-a-250v\/","title":{"rendered":"Base de enchufe schuko 16 A 250V"},"content":{"rendered":"<p>Perteneciente a la amplia y extensa gama de art\u00edculos de la serie Simon 75, encontramos esta base de enchufe schuko con intensidad de 16 A y 250V~. El sistema de emborneamiento es a tornillo y funciona a inserci\u00f3n. Un aspecto importante del producto es que las tapas incluyen la funci\u00f3n de protecci\u00f3n infantil. La secci\u00f3n de cable admitida es de 2,5mm y el pelado del cable de 13mm. Para instalarla, bastar\u00e1 con colocar la base de enchufe sobre la superficie o empotrarla. El material con el que se ha fabricado es a base de componentes met\u00e1licos con aislamiento termopl\u00e1stico libre de hal\u00f3genos. Los materiales utilizados en su fabricaci\u00f3n dotan al producto de una resistencia que lo hace capaz de funcionar perfectamente a temperaturas que oscilan, entre los 5 y 40\u00ba, pudiendo soportar incluso unas m\u00e1ximas de hasta -25\u00baC de m\u00ednima y 50\u00ba C de m\u00e1xima. Cumple con todos los sistemas de seguridad seg\u00fan la normativa vigente.       <\/p>\n","protected":false},"excerpt":{"rendered":"<p>Perteneciente a la amplia y extensa gama de art\u00edculos de la serie Simon 75, encontramos esta base de enchufe schuko con intensidad de 16 A y 250V~.<\/p>\n","protected":false},"featured_media":12015,"comment_status":"open","ping_status":"closed","template":"","meta":[],"product_brand":[],"product_cat":[1612],"product_tag":[569,1613],"class_list":{"0":"post-12017","1":"product","2":"type-product","3":"status-publish","4":"has-post-thumbnail","6":"product_cat-simon-es","7":"product_tag-base-schuko-es","8":"product_tag-simon-es","10":"first","11":"outofstock","12":"taxable","13":"shipping-taxable","14":"product-type-simple"},"yoast_head":"<!-- This site is optimized with the Yoast SEO plugin v27.4 - https:\/\/yoast.com\/product\/yoast-seo-wordpress\/ -->\n<title>Base de enchufe schuko 16 A 250V | SAIGA<\/title>\n<meta name=\"description\" content=\"Perteneciente a la amplia y extensa gama de art\u00edculos de la serie Simon 75, encontramos esta base de enchufe schuko con intensidad de 16 A y 250V~.\" \/>\n<meta name=\"robots\" content=\"index, follow, max-snippet:-1, max-image-preview:large, max-video-preview:-1\" \/>\n<link rel=\"canonical\" href=\"https:\/\/saiga.es\/es\/producto\/base-de-enchufe-schuko-16-a-250v\/\" \/>\n<meta property=\"og:locale\" content=\"es_ES\" \/>\n<meta property=\"og:type\" content=\"article\" \/>\n<meta property=\"og:title\" content=\"Base de enchufe schuko 16 A 250V | SAIGA\" \/>\n<meta property=\"og:description\" content=\"Perteneciente a la amplia y extensa gama de art\u00edculos de la serie Simon 75, encontramos esta base de enchufe schuko con intensidad de 16 A y 250V~.\" \/>\n<meta property=\"og:url\" content=\"https:\/\/saiga.es\/es\/producto\/base-de-enchufe-schuko-16-a-250v\/\" \/>\n<meta property=\"og:site_name\" content=\"SAIGA\" \/>\n<meta property=\"og:image\" content=\"https:\/\/saiga.es\/wp-content\/uploads\/2024\/09\/2708735.jpg\" \/>\n\t<meta property=\"og:image:width\" content=\"1080\" \/>\n\t<meta property=\"og:image:height\" content=\"1080\" \/>\n\t<meta property=\"og:image:type\" content=\"image\/jpeg\" \/>\n<meta name=\"twitter:card\" content=\"summary_large_image\" \/>\n<meta name=\"twitter:site\" content=\"@saiga_agro\" \/>\n<meta name=\"twitter:label1\" content=\"Tiempo de lectura\" \/>\n\t<meta name=\"twitter:data1\" content=\"1 minuto\" \/>\n<script type=\"application\/ld+json\" class=\"yoast-schema-graph\">{\"@context\":\"https:\\\/\\\/schema.org\",\"@graph\":[{\"@type\":\"WebPage\",\"@id\":\"https:\\\/\\\/saiga.es\\\/es\\\/producto\\\/base-de-enchufe-schuko-16-a-250v\\\/\",\"url\":\"https:\\\/\\\/saiga.es\\\/es\\\/producto\\\/base-de-enchufe-schuko-16-a-250v\\\/\",\"name\":\"Base de enchufe schuko 16 A 250V | SAIGA\",\"isPartOf\":{\"@id\":\"https:\\\/\\\/saiga.es\\\/es\\\/#website\"},\"primaryImageOfPage\":{\"@id\":\"https:\\\/\\\/saiga.es\\\/es\\\/producto\\\/base-de-enchufe-schuko-16-a-250v\\\/#primaryimage\"},\"image\":{\"@id\":\"https:\\\/\\\/saiga.es\\\/es\\\/producto\\\/base-de-enchufe-schuko-16-a-250v\\\/#primaryimage\"},\"thumbnailUrl\":\"https:\\\/\\\/saiga.es\\\/wp-content\\\/uploads\\\/2024\\\/09\\\/2708735.jpg\",\"datePublished\":\"2024-09-20T13:55:25+00:00\",\"description\":\"Perteneciente a la amplia y extensa gama de art\u00edculos de la serie Simon 75, encontramos esta base de enchufe schuko con intensidad de 16 A y 250V~.\",\"breadcrumb\":{\"@id\":\"https:\\\/\\\/saiga.es\\\/es\\\/producto\\\/base-de-enchufe-schuko-16-a-250v\\\/#breadcrumb\"},\"inLanguage\":\"es\",\"potentialAction\":[{\"@type\":\"ReadAction\",\"target\":[\"https:\\\/\\\/saiga.es\\\/es\\\/producto\\\/base-de-enchufe-schuko-16-a-250v\\\/\"]}]},{\"@type\":\"ImageObject\",\"inLanguage\":\"es\",\"@id\":\"https:\\\/\\\/saiga.es\\\/es\\\/producto\\\/base-de-enchufe-schuko-16-a-250v\\\/#primaryimage\",\"url\":\"https:\\\/\\\/saiga.es\\\/wp-content\\\/uploads\\\/2024\\\/09\\\/2708735.jpg\",\"contentUrl\":\"https:\\\/\\\/saiga.es\\\/wp-content\\\/uploads\\\/2024\\\/09\\\/2708735.jpg\",\"width\":1080,\"height\":1080,\"caption\":\"Base schuko\"},{\"@type\":\"BreadcrumbList\",\"@id\":\"https:\\\/\\\/saiga.es\\\/es\\\/producto\\\/base-de-enchufe-schuko-16-a-250v\\\/#breadcrumb\",\"itemListElement\":[{\"@type\":\"ListItem\",\"position\":1,\"name\":\"Inici\",\"item\":\"https:\\\/\\\/saiga.es\\\/es\\\/\"},{\"@type\":\"ListItem\",\"position\":2,\"name\":\"Tienda\",\"item\":\"https:\\\/\\\/saiga.es\\\/es\\\/tienda\\\/\"},{\"@type\":\"ListItem\",\"position\":3,\"name\":\"Base de enchufe schuko 16 A 250V\"}]},{\"@type\":\"WebSite\",\"@id\":\"https:\\\/\\\/saiga.es\\\/es\\\/#website\",\"url\":\"https:\\\/\\\/saiga.es\\\/es\\\/\",\"name\":\"SAIGA\",\"description\":\"M\u00e9s de 50 anys al servei de la terra i treballant per a un \u00fas eficient de l\u2019aigua!\",\"publisher\":{\"@id\":\"https:\\\/\\\/saiga.es\\\/es\\\/#organization\"},\"potentialAction\":[{\"@type\":\"SearchAction\",\"target\":{\"@type\":\"EntryPoint\",\"urlTemplate\":\"https:\\\/\\\/saiga.es\\\/es\\\/?s={search_term_string}\"},\"query-input\":{\"@type\":\"PropertyValueSpecification\",\"valueRequired\":true,\"valueName\":\"search_term_string\"}}],\"inLanguage\":\"es\"},{\"@type\":\"Organization\",\"@id\":\"https:\\\/\\\/saiga.es\\\/es\\\/#organization\",\"name\":\"SAIGA\",\"url\":\"https:\\\/\\\/saiga.es\\\/es\\\/\",\"logo\":{\"@type\":\"ImageObject\",\"inLanguage\":\"es\",\"@id\":\"https:\\\/\\\/saiga.es\\\/es\\\/#\\\/schema\\\/logo\\\/image\\\/\",\"url\":\"https:\\\/\\\/saiga.es\\\/wp-content\\\/uploads\\\/2025\\\/07\\\/logo_saiga_baseline_optimitzat.svg\",\"contentUrl\":\"https:\\\/\\\/saiga.es\\\/wp-content\\\/uploads\\\/2025\\\/07\\\/logo_saiga_baseline_optimitzat.svg\",\"caption\":\"SAIGA\"},\"image\":{\"@id\":\"https:\\\/\\\/saiga.es\\\/es\\\/#\\\/schema\\\/logo\\\/image\\\/\"},\"sameAs\":[\"https:\\\/\\\/x.com\\\/saiga_agro\",\"https:\\\/\\\/www.instagram.com\\\/saiga_agro\\\/\"]}]}<\/script>\n<!-- \/ Yoast SEO plugin. -->","yoast_head_json":{"title":"Base de enchufe schuko 16 A 250V | SAIGA","description":"Perteneciente a la amplia y extensa gama de art\u00edculos de la serie Simon 75, encontramos esta base de enchufe schuko con intensidad de 16 A y 250V~.","robots":{"index":"index","follow":"follow","max-snippet":"max-snippet:-1","max-image-preview":"max-image-preview:large","max-video-preview":"max-video-preview:-1"},"canonical":"https:\/\/saiga.es\/es\/producto\/base-de-enchufe-schuko-16-a-250v\/","og_locale":"es_ES","og_type":"article","og_title":"Base de enchufe schuko 16 A 250V | SAIGA","og_description":"Perteneciente a la amplia y extensa gama de art\u00edculos de la serie Simon 75, encontramos esta base de enchufe schuko con intensidad de 16 A y 250V~.","og_url":"https:\/\/saiga.es\/es\/producto\/base-de-enchufe-schuko-16-a-250v\/","og_site_name":"SAIGA","og_image":[{"width":1080,"height":1080,"url":"https:\/\/saiga.es\/wp-content\/uploads\/2024\/09\/2708735.jpg","type":"image\/jpeg"}],"twitter_card":"summary_large_image","twitter_site":"@saiga_agro","twitter_misc":{"Tiempo de lectura":"1 minuto"},"schema":{"@context":"https:\/\/schema.org","@graph":[{"@type":"WebPage","@id":"https:\/\/saiga.es\/es\/producto\/base-de-enchufe-schuko-16-a-250v\/","url":"https:\/\/saiga.es\/es\/producto\/base-de-enchufe-schuko-16-a-250v\/","name":"Base de enchufe schuko 16 A 250V | SAIGA","isPartOf":{"@id":"https:\/\/saiga.es\/es\/#website"},"primaryImageOfPage":{"@id":"https:\/\/saiga.es\/es\/producto\/base-de-enchufe-schuko-16-a-250v\/#primaryimage"},"image":{"@id":"https:\/\/saiga.es\/es\/producto\/base-de-enchufe-schuko-16-a-250v\/#primaryimage"},"thumbnailUrl":"https:\/\/saiga.es\/wp-content\/uploads\/2024\/09\/2708735.jpg","datePublished":"2024-09-20T13:55:25+00:00","description":"Perteneciente a la amplia y extensa gama de art\u00edculos de la serie Simon 75, encontramos esta base de enchufe schuko con intensidad de 16 A y 250V~.","breadcrumb":{"@id":"https:\/\/saiga.es\/es\/producto\/base-de-enchufe-schuko-16-a-250v\/#breadcrumb"},"inLanguage":"es","potentialAction":[{"@type":"ReadAction","target":["https:\/\/saiga.es\/es\/producto\/base-de-enchufe-schuko-16-a-250v\/"]}]},{"@type":"ImageObject","inLanguage":"es","@id":"https:\/\/saiga.es\/es\/producto\/base-de-enchufe-schuko-16-a-250v\/#primaryimage","url":"https:\/\/saiga.es\/wp-content\/uploads\/2024\/09\/2708735.jpg","contentUrl":"https:\/\/saiga.es\/wp-content\/uploads\/2024\/09\/2708735.jpg","width":1080,"height":1080,"caption":"Base schuko"},{"@type":"BreadcrumbList","@id":"https:\/\/saiga.es\/es\/producto\/base-de-enchufe-schuko-16-a-250v\/#breadcrumb","itemListElement":[{"@type":"ListItem","position":1,"name":"Inici","item":"https:\/\/saiga.es\/es\/"},{"@type":"ListItem","position":2,"name":"Tienda","item":"https:\/\/saiga.es\/es\/tienda\/"},{"@type":"ListItem","position":3,"name":"Base de enchufe schuko 16 A 250V"}]},{"@type":"WebSite","@id":"https:\/\/saiga.es\/es\/#website","url":"https:\/\/saiga.es\/es\/","name":"SAIGA","description":"M\u00e9s de 50 anys al servei de la terra i treballant per a un \u00fas eficient de l\u2019aigua!","publisher":{"@id":"https:\/\/saiga.es\/es\/#organization"},"potentialAction":[{"@type":"SearchAction","target":{"@type":"EntryPoint","urlTemplate":"https:\/\/saiga.es\/es\/?s={search_term_string}"},"query-input":{"@type":"PropertyValueSpecification","valueRequired":true,"valueName":"search_term_string"}}],"inLanguage":"es"},{"@type":"Organization","@id":"https:\/\/saiga.es\/es\/#organization","name":"SAIGA","url":"https:\/\/saiga.es\/es\/","logo":{"@type":"ImageObject","inLanguage":"es","@id":"https:\/\/saiga.es\/es\/#\/schema\/logo\/image\/","url":"https:\/\/saiga.es\/wp-content\/uploads\/2025\/07\/logo_saiga_baseline_optimitzat.svg","contentUrl":"https:\/\/saiga.es\/wp-content\/uploads\/2025\/07\/logo_saiga_baseline_optimitzat.svg","caption":"SAIGA"},"image":{"@id":"https:\/\/saiga.es\/es\/#\/schema\/logo\/image\/"},"sameAs":["https:\/\/x.com\/saiga_agro","https:\/\/www.instagram.com\/saiga_agro\/"]}]}},"_links":{"self":[{"href":"https:\/\/saiga.es\/es\/wp-json\/wp\/v2\/product\/12017","targetHints":{"allow":["GET"]}}],"collection":[{"href":"https:\/\/saiga.es\/es\/wp-json\/wp\/v2\/product"}],"about":[{"href":"https:\/\/saiga.es\/es\/wp-json\/wp\/v2\/types\/product"}],"replies":[{"embeddable":true,"href":"https:\/\/saiga.es\/es\/wp-json\/wp\/v2\/comments?post=12017"}],"wp:featuredmedia":[{"embeddable":true,"href":"https:\/\/saiga.es\/es\/wp-json\/wp\/v2\/media\/12015"}],"wp:attachment":[{"href":"https:\/\/saiga.es\/es\/wp-json\/wp\/v2\/media?parent=12017"}],"wp:term":[{"taxonomy":"product_brand","embeddable":true,"href":"https:\/\/saiga.es\/es\/wp-json\/wp\/v2\/product_brand?post=12017"},{"taxonomy":"product_cat","embeddable":true,"href":"https:\/\/saiga.es\/es\/wp-json\/wp\/v2\/product_cat?post=12017"},{"taxonomy":"product_tag","embeddable":true,"href":"https:\/\/saiga.es\/es\/wp-json\/wp\/v2\/product_tag?post=12017"}],"curies":[{"name":"wp","href":"https:\/\/api.w.org\/{rel}","templated":true}]}}