{"id":12024,"date":"2024-09-23T08:24:07","date_gmt":"2024-09-23T08:24:07","guid":{"rendered":"https:\/\/botiga.saiga.es\/producte\/base-de-enchufe-25a-para-cocinas\/"},"modified":"2024-09-23T08:24:07","modified_gmt":"2024-09-23T08:24:07","slug":"base-de-enchufe-25a-para-cocinas","status":"publish","type":"product","link":"https:\/\/saiga.es\/es\/producto\/base-de-enchufe-25a-para-cocinas\/","title":{"rendered":"Base de enchufe 25A para cocinas"},"content":{"rendered":"<p>La base de enchufe de 25A para cocinas \u00abSin s\u00edmbolo Blanco &#8211; Various\u00bb es un componente el\u00e9ctrico esencial para la instalaci\u00f3n de cocinas y electrodom\u00e9sticos de gran consumo. Dise\u00f1ada para soportar una alta intensidad de corriente, esta base de enchufe ofrece una conexi\u00f3n segura y fiable, con una capacidad m\u00e1xima de 25 amperios. Fabricada en materiales de calidad, presenta un acabado blanco que se integra perfectamente en cualquier estilo de cocina. Ideal para placas de cocina, hornos y otros aparatos que requieren una potente y duradera conexi\u00f3n, garantizando una instalaci\u00f3n \u00f3ptima y un rendimiento seguro.   <\/p>\n","protected":false},"excerpt":{"rendered":"<p>La base de enchufe de 25A para cocinas Sin s\u00edmbolo Blanco &#8211; Various es un componente el\u00e9ctrico esencial para la instalaci\u00f3n de cocinas y electrodom\u00e9sticos de gran consumo.<\/p>\n","protected":false},"featured_media":12022,"comment_status":"closed","ping_status":"closed","template":"","meta":[],"product_brand":[],"product_cat":[1623],"product_tag":[1624,1622],"class_list":{"0":"post-12024","1":"product","2":"type-product","3":"status-publish","4":"has-post-thumbnail","6":"product_cat-niessen-es","7":"product_tag-base-de-enchufe","8":"product_tag-niessen-es","10":"first","11":"instock","12":"taxable","13":"shipping-taxable","14":"purchasable","15":"product-type-simple"},"yoast_head":"<!-- This site is optimized with the Yoast SEO plugin v27.4 - https:\/\/yoast.com\/product\/yoast-seo-wordpress\/ -->\n<title>Base de enchufe 25A para cocinas | SAIGA<\/title>\n<meta name=\"description\" content=\"La base de enchufe de 25A para cocinas &quot;Sin s\u00edmbolo Blanco - Various&quot; es un componente el\u00e9ctrico esencial para la instalaci\u00f3n de cocinas y electrodom\u00e9sticos de gran consumo.\" \/>\n<meta name=\"robots\" content=\"index, follow, max-snippet:-1, max-image-preview:large, max-video-preview:-1\" \/>\n<link rel=\"canonical\" href=\"https:\/\/saiga.es\/es\/producto\/base-de-enchufe-25a-para-cocinas\/\" \/>\n<meta property=\"og:locale\" content=\"es_ES\" \/>\n<meta property=\"og:type\" content=\"article\" \/>\n<meta property=\"og:title\" content=\"Base de enchufe 25A para cocinas | SAIGA\" \/>\n<meta property=\"og:description\" content=\"La base de enchufe de 25A para cocinas &quot;Sin s\u00edmbolo Blanco - Various&quot; es un componente el\u00e9ctrico esencial para la instalaci\u00f3n de cocinas y electrodom\u00e9sticos de gran consumo.\" \/>\n<meta property=\"og:url\" content=\"https:\/\/saiga.es\/es\/producto\/base-de-enchufe-25a-para-cocinas\/\" \/>\n<meta property=\"og:site_name\" content=\"SAIGA\" \/>\n<meta property=\"og:image\" content=\"https:\/\/saiga.es\/wp-content\/uploads\/2024\/09\/Endoll-cuines-RENIES6025.jpg\" \/>\n\t<meta property=\"og:image:width\" content=\"1080\" \/>\n\t<meta property=\"og:image:height\" content=\"1080\" \/>\n\t<meta property=\"og:image:type\" content=\"image\/jpeg\" \/>\n<meta name=\"twitter:card\" content=\"summary_large_image\" \/>\n<meta name=\"twitter:site\" content=\"@saiga_agro\" \/>\n<meta name=\"twitter:label1\" content=\"Tiempo de lectura\" \/>\n\t<meta name=\"twitter:data1\" content=\"1 minuto\" \/>\n<script type=\"application\/ld+json\" class=\"yoast-schema-graph\">{\"@context\":\"https:\\\/\\\/schema.org\",\"@graph\":[{\"@type\":\"WebPage\",\"@id\":\"https:\\\/\\\/saiga.es\\\/es\\\/producto\\\/base-de-enchufe-25a-para-cocinas\\\/\",\"url\":\"https:\\\/\\\/saiga.es\\\/es\\\/producto\\\/base-de-enchufe-25a-para-cocinas\\\/\",\"name\":\"Base de enchufe 25A para cocinas | SAIGA\",\"isPartOf\":{\"@id\":\"https:\\\/\\\/saiga.es\\\/es\\\/#website\"},\"primaryImageOfPage\":{\"@id\":\"https:\\\/\\\/saiga.es\\\/es\\\/producto\\\/base-de-enchufe-25a-para-cocinas\\\/#primaryimage\"},\"image\":{\"@id\":\"https:\\\/\\\/saiga.es\\\/es\\\/producto\\\/base-de-enchufe-25a-para-cocinas\\\/#primaryimage\"},\"thumbnailUrl\":\"https:\\\/\\\/saiga.es\\\/wp-content\\\/uploads\\\/2024\\\/09\\\/Endoll-cuines-RENIES6025.jpg\",\"datePublished\":\"2024-09-23T08:24:07+00:00\",\"description\":\"La base de enchufe de 25A para cocinas \\\"Sin s\u00edmbolo Blanco - Various\\\" es un componente el\u00e9ctrico esencial para la instalaci\u00f3n de cocinas y electrodom\u00e9sticos de gran consumo.\",\"breadcrumb\":{\"@id\":\"https:\\\/\\\/saiga.es\\\/es\\\/producto\\\/base-de-enchufe-25a-para-cocinas\\\/#breadcrumb\"},\"inLanguage\":\"es\",\"potentialAction\":[{\"@type\":\"ReadAction\",\"target\":[\"https:\\\/\\\/saiga.es\\\/es\\\/producto\\\/base-de-enchufe-25a-para-cocinas\\\/\"]}]},{\"@type\":\"ImageObject\",\"inLanguage\":\"es\",\"@id\":\"https:\\\/\\\/saiga.es\\\/es\\\/producto\\\/base-de-enchufe-25a-para-cocinas\\\/#primaryimage\",\"url\":\"https:\\\/\\\/saiga.es\\\/wp-content\\\/uploads\\\/2024\\\/09\\\/Endoll-cuines-RENIES6025.jpg\",\"contentUrl\":\"https:\\\/\\\/saiga.es\\\/wp-content\\\/uploads\\\/2024\\\/09\\\/Endoll-cuines-RENIES6025.jpg\",\"width\":1080,\"height\":1080,\"caption\":\"Base de enchufe para cocinas 6025\"},{\"@type\":\"BreadcrumbList\",\"@id\":\"https:\\\/\\\/saiga.es\\\/es\\\/producto\\\/base-de-enchufe-25a-para-cocinas\\\/#breadcrumb\",\"itemListElement\":[{\"@type\":\"ListItem\",\"position\":1,\"name\":\"Inici\",\"item\":\"https:\\\/\\\/saiga.es\\\/es\\\/\"},{\"@type\":\"ListItem\",\"position\":2,\"name\":\"Tienda\",\"item\":\"https:\\\/\\\/saiga.es\\\/es\\\/tienda\\\/\"},{\"@type\":\"ListItem\",\"position\":3,\"name\":\"Base de enchufe 25A para cocinas\"}]},{\"@type\":\"WebSite\",\"@id\":\"https:\\\/\\\/saiga.es\\\/es\\\/#website\",\"url\":\"https:\\\/\\\/saiga.es\\\/es\\\/\",\"name\":\"SAIGA\",\"description\":\"M\u00e9s de 50 anys al servei de la terra i treballant per a un \u00fas eficient de l\u2019aigua!\",\"publisher\":{\"@id\":\"https:\\\/\\\/saiga.es\\\/es\\\/#organization\"},\"potentialAction\":[{\"@type\":\"SearchAction\",\"target\":{\"@type\":\"EntryPoint\",\"urlTemplate\":\"https:\\\/\\\/saiga.es\\\/es\\\/?s={search_term_string}\"},\"query-input\":{\"@type\":\"PropertyValueSpecification\",\"valueRequired\":true,\"valueName\":\"search_term_string\"}}],\"inLanguage\":\"es\"},{\"@type\":\"Organization\",\"@id\":\"https:\\\/\\\/saiga.es\\\/es\\\/#organization\",\"name\":\"SAIGA\",\"url\":\"https:\\\/\\\/saiga.es\\\/es\\\/\",\"logo\":{\"@type\":\"ImageObject\",\"inLanguage\":\"es\",\"@id\":\"https:\\\/\\\/saiga.es\\\/es\\\/#\\\/schema\\\/logo\\\/image\\\/\",\"url\":\"https:\\\/\\\/saiga.es\\\/wp-content\\\/uploads\\\/2025\\\/07\\\/logo_saiga_baseline_optimitzat.svg\",\"contentUrl\":\"https:\\\/\\\/saiga.es\\\/wp-content\\\/uploads\\\/2025\\\/07\\\/logo_saiga_baseline_optimitzat.svg\",\"caption\":\"SAIGA\"},\"image\":{\"@id\":\"https:\\\/\\\/saiga.es\\\/es\\\/#\\\/schema\\\/logo\\\/image\\\/\"},\"sameAs\":[\"https:\\\/\\\/x.com\\\/saiga_agro\",\"https:\\\/\\\/www.instagram.com\\\/saiga_agro\\\/\"]}]}<\/script>\n<!-- \/ Yoast SEO plugin. -->","yoast_head_json":{"title":"Base de enchufe 25A para cocinas | SAIGA","description":"La base de enchufe de 25A para cocinas \"Sin s\u00edmbolo Blanco - Various\" es un componente el\u00e9ctrico esencial para la instalaci\u00f3n de cocinas y electrodom\u00e9sticos de gran consumo.","robots":{"index":"index","follow":"follow","max-snippet":"max-snippet:-1","max-image-preview":"max-image-preview:large","max-video-preview":"max-video-preview:-1"},"canonical":"https:\/\/saiga.es\/es\/producto\/base-de-enchufe-25a-para-cocinas\/","og_locale":"es_ES","og_type":"article","og_title":"Base de enchufe 25A para cocinas | SAIGA","og_description":"La base de enchufe de 25A para cocinas \"Sin s\u00edmbolo Blanco - Various\" es un componente el\u00e9ctrico esencial para la instalaci\u00f3n de cocinas y electrodom\u00e9sticos de gran consumo.","og_url":"https:\/\/saiga.es\/es\/producto\/base-de-enchufe-25a-para-cocinas\/","og_site_name":"SAIGA","og_image":[{"width":1080,"height":1080,"url":"https:\/\/saiga.es\/wp-content\/uploads\/2024\/09\/Endoll-cuines-RENIES6025.jpg","type":"image\/jpeg"}],"twitter_card":"summary_large_image","twitter_site":"@saiga_agro","twitter_misc":{"Tiempo de lectura":"1 minuto"},"schema":{"@context":"https:\/\/schema.org","@graph":[{"@type":"WebPage","@id":"https:\/\/saiga.es\/es\/producto\/base-de-enchufe-25a-para-cocinas\/","url":"https:\/\/saiga.es\/es\/producto\/base-de-enchufe-25a-para-cocinas\/","name":"Base de enchufe 25A para cocinas | SAIGA","isPartOf":{"@id":"https:\/\/saiga.es\/es\/#website"},"primaryImageOfPage":{"@id":"https:\/\/saiga.es\/es\/producto\/base-de-enchufe-25a-para-cocinas\/#primaryimage"},"image":{"@id":"https:\/\/saiga.es\/es\/producto\/base-de-enchufe-25a-para-cocinas\/#primaryimage"},"thumbnailUrl":"https:\/\/saiga.es\/wp-content\/uploads\/2024\/09\/Endoll-cuines-RENIES6025.jpg","datePublished":"2024-09-23T08:24:07+00:00","description":"La base de enchufe de 25A para cocinas \"Sin s\u00edmbolo Blanco - Various\" es un componente el\u00e9ctrico esencial para la instalaci\u00f3n de cocinas y electrodom\u00e9sticos de gran consumo.","breadcrumb":{"@id":"https:\/\/saiga.es\/es\/producto\/base-de-enchufe-25a-para-cocinas\/#breadcrumb"},"inLanguage":"es","potentialAction":[{"@type":"ReadAction","target":["https:\/\/saiga.es\/es\/producto\/base-de-enchufe-25a-para-cocinas\/"]}]},{"@type":"ImageObject","inLanguage":"es","@id":"https:\/\/saiga.es\/es\/producto\/base-de-enchufe-25a-para-cocinas\/#primaryimage","url":"https:\/\/saiga.es\/wp-content\/uploads\/2024\/09\/Endoll-cuines-RENIES6025.jpg","contentUrl":"https:\/\/saiga.es\/wp-content\/uploads\/2024\/09\/Endoll-cuines-RENIES6025.jpg","width":1080,"height":1080,"caption":"Base de enchufe para cocinas 6025"},{"@type":"BreadcrumbList","@id":"https:\/\/saiga.es\/es\/producto\/base-de-enchufe-25a-para-cocinas\/#breadcrumb","itemListElement":[{"@type":"ListItem","position":1,"name":"Inici","item":"https:\/\/saiga.es\/es\/"},{"@type":"ListItem","position":2,"name":"Tienda","item":"https:\/\/saiga.es\/es\/tienda\/"},{"@type":"ListItem","position":3,"name":"Base de enchufe 25A para cocinas"}]},{"@type":"WebSite","@id":"https:\/\/saiga.es\/es\/#website","url":"https:\/\/saiga.es\/es\/","name":"SAIGA","description":"M\u00e9s de 50 anys al servei de la terra i treballant per a un \u00fas eficient de l\u2019aigua!","publisher":{"@id":"https:\/\/saiga.es\/es\/#organization"},"potentialAction":[{"@type":"SearchAction","target":{"@type":"EntryPoint","urlTemplate":"https:\/\/saiga.es\/es\/?s={search_term_string}"},"query-input":{"@type":"PropertyValueSpecification","valueRequired":true,"valueName":"search_term_string"}}],"inLanguage":"es"},{"@type":"Organization","@id":"https:\/\/saiga.es\/es\/#organization","name":"SAIGA","url":"https:\/\/saiga.es\/es\/","logo":{"@type":"ImageObject","inLanguage":"es","@id":"https:\/\/saiga.es\/es\/#\/schema\/logo\/image\/","url":"https:\/\/saiga.es\/wp-content\/uploads\/2025\/07\/logo_saiga_baseline_optimitzat.svg","contentUrl":"https:\/\/saiga.es\/wp-content\/uploads\/2025\/07\/logo_saiga_baseline_optimitzat.svg","caption":"SAIGA"},"image":{"@id":"https:\/\/saiga.es\/es\/#\/schema\/logo\/image\/"},"sameAs":["https:\/\/x.com\/saiga_agro","https:\/\/www.instagram.com\/saiga_agro\/"]}]}},"_links":{"self":[{"href":"https:\/\/saiga.es\/es\/wp-json\/wp\/v2\/product\/12024","targetHints":{"allow":["GET"]}}],"collection":[{"href":"https:\/\/saiga.es\/es\/wp-json\/wp\/v2\/product"}],"about":[{"href":"https:\/\/saiga.es\/es\/wp-json\/wp\/v2\/types\/product"}],"replies":[{"embeddable":true,"href":"https:\/\/saiga.es\/es\/wp-json\/wp\/v2\/comments?post=12024"}],"wp:featuredmedia":[{"embeddable":true,"href":"https:\/\/saiga.es\/es\/wp-json\/wp\/v2\/media\/12022"}],"wp:attachment":[{"href":"https:\/\/saiga.es\/es\/wp-json\/wp\/v2\/media?parent=12024"}],"wp:term":[{"taxonomy":"product_brand","embeddable":true,"href":"https:\/\/saiga.es\/es\/wp-json\/wp\/v2\/product_brand?post=12024"},{"taxonomy":"product_cat","embeddable":true,"href":"https:\/\/saiga.es\/es\/wp-json\/wp\/v2\/product_cat?post=12024"},{"taxonomy":"product_tag","embeddable":true,"href":"https:\/\/saiga.es\/es\/wp-json\/wp\/v2\/product_tag?post=12024"}],"curies":[{"name":"wp","href":"https:\/\/api.w.org\/{rel}","templated":true}]}}