{"id":12036,"date":"2024-09-23T09:47:15","date_gmt":"2024-09-23T09:47:15","guid":{"rendered":"https:\/\/botiga.saiga.es\/producte\/marco-1-elemento-blanco-serie-olas\/"},"modified":"2024-09-23T09:47:15","modified_gmt":"2024-09-23T09:47:15","slug":"marco-1-elemento-blanco-serie-olas","status":"publish","type":"product","link":"https:\/\/saiga.es\/es\/producto\/marco-1-elemento-blanco-serie-olas\/","title":{"rendered":"Marco 1 elemento Blanco Serie Olas"},"content":{"rendered":"<p>El marco 1 elemento Blanco Serie Olas es un marco para instalaciones el\u00e9ctricas de la serie Olas de Niessen. Este marco est\u00e1 dise\u00f1ado para enmarcar un solo elemento como un interruptor o un enchufe, y se presenta en color blanco, ofreciendo un estilo moderno y elegante que se adapta a cualquier tipo de decoraci\u00f3n interior.  Fabricado en materiales resistentes y de calidad, proporciona una instalaci\u00f3n sencilla y segura. La serie Olas se caracteriza por un suave dise\u00f1o con l\u00edneas curvas, pensado para combinar funcionalidad y est\u00e9tica en espacios dom\u00e9sticos y comerciales. Ideal para interiores minimalistas y contempor\u00e1neos.  <\/p>\n","protected":false},"excerpt":{"rendered":"<p>El marco 1 elemento Blanco Serie Olas es un marco para instalaciones el\u00e9ctricas de la serie Olas de Niessen. Este marco est\u00e1 dise\u00f1ado para enmarcar un solo elemento como un interruptor o enchufe, y se presenta en color blanco, ofreciendo un estilo moderno y elegante que se adapta a cualquier tipo de decoraci\u00f3n interior. <\/p>\n","protected":false},"featured_media":12034,"comment_status":"open","ping_status":"closed","template":"","meta":[],"product_brand":[],"product_cat":[1623],"product_tag":[1628,1294,1622],"class_list":{"0":"post-12036","1":"product","2":"type-product","3":"status-publish","4":"has-post-thumbnail","6":"product_cat-niessen-es","7":"product_tag-marco","8":"product_tag-material-electrico","9":"product_tag-niessen-es","11":"first","12":"instock","13":"taxable","14":"shipping-taxable","15":"purchasable","16":"product-type-simple"},"yoast_head":"<!-- This site is optimized with the Yoast SEO plugin v27.4 - https:\/\/yoast.com\/product\/yoast-seo-wordpress\/ -->\n<title>Marco 1 elemento Blanco Serie Olas | SAIGA<\/title>\n<meta name=\"description\" content=\"El marco 1 elemento Blanco Serie Olas es un marco para instalaciones el\u00e9ctricas de la serie Olas de Niessen. Este marco est\u00e1 dise\u00f1ado para enmarcar un solo elemento, como un interruptor o un enchufe.\" \/>\n<meta name=\"robots\" content=\"index, follow, max-snippet:-1, max-image-preview:large, max-video-preview:-1\" \/>\n<link rel=\"canonical\" href=\"https:\/\/saiga.es\/es\/producto\/marco-1-elemento-blanco-serie-olas\/\" \/>\n<meta property=\"og:locale\" content=\"es_ES\" \/>\n<meta property=\"og:type\" content=\"article\" \/>\n<meta property=\"og:title\" content=\"Marco 1 elemento Blanco Serie Olas | SAIGA\" \/>\n<meta property=\"og:description\" content=\"El marco 1 elemento Blanco Serie Olas es un marco para instalaciones el\u00e9ctricas de la serie Olas de Niessen. Este marco est\u00e1 dise\u00f1ado para enmarcar un solo elemento, como un interruptor o un enchufe.\" \/>\n<meta property=\"og:url\" content=\"https:\/\/saiga.es\/es\/producto\/marco-1-elemento-blanco-serie-olas\/\" \/>\n<meta property=\"og:site_name\" content=\"SAIGA\" \/>\n<meta property=\"og:image\" content=\"https:\/\/saiga.es\/wp-content\/uploads\/2024\/09\/Marc-1-element.jpg\" \/>\n\t<meta property=\"og:image:width\" content=\"1080\" \/>\n\t<meta property=\"og:image:height\" content=\"1080\" \/>\n\t<meta property=\"og:image:type\" content=\"image\/jpeg\" \/>\n<meta name=\"twitter:card\" content=\"summary_large_image\" \/>\n<meta name=\"twitter:site\" content=\"@saiga_agro\" \/>\n<meta name=\"twitter:label1\" content=\"Tiempo de lectura\" \/>\n\t<meta name=\"twitter:data1\" content=\"1 minuto\" \/>\n<script type=\"application\/ld+json\" class=\"yoast-schema-graph\">{\"@context\":\"https:\\\/\\\/schema.org\",\"@graph\":[{\"@type\":\"WebPage\",\"@id\":\"https:\\\/\\\/saiga.es\\\/es\\\/producto\\\/marco-1-elemento-blanco-serie-olas\\\/\",\"url\":\"https:\\\/\\\/saiga.es\\\/es\\\/producto\\\/marco-1-elemento-blanco-serie-olas\\\/\",\"name\":\"Marco 1 elemento Blanco Serie Olas | SAIGA\",\"isPartOf\":{\"@id\":\"https:\\\/\\\/saiga.es\\\/es\\\/#website\"},\"primaryImageOfPage\":{\"@id\":\"https:\\\/\\\/saiga.es\\\/es\\\/producto\\\/marco-1-elemento-blanco-serie-olas\\\/#primaryimage\"},\"image\":{\"@id\":\"https:\\\/\\\/saiga.es\\\/es\\\/producto\\\/marco-1-elemento-blanco-serie-olas\\\/#primaryimage\"},\"thumbnailUrl\":\"https:\\\/\\\/saiga.es\\\/wp-content\\\/uploads\\\/2024\\\/09\\\/Marc-1-element.jpg\",\"datePublished\":\"2024-09-23T09:47:15+00:00\",\"description\":\"El marco 1 elemento Blanco Serie Olas es un marco para instalaciones el\u00e9ctricas de la serie Olas de Niessen. Este marco est\u00e1 dise\u00f1ado para enmarcar un solo elemento, como un interruptor o un enchufe.\",\"breadcrumb\":{\"@id\":\"https:\\\/\\\/saiga.es\\\/es\\\/producto\\\/marco-1-elemento-blanco-serie-olas\\\/#breadcrumb\"},\"inLanguage\":\"es\",\"potentialAction\":[{\"@type\":\"ReadAction\",\"target\":[\"https:\\\/\\\/saiga.es\\\/es\\\/producto\\\/marco-1-elemento-blanco-serie-olas\\\/\"]}]},{\"@type\":\"ImageObject\",\"inLanguage\":\"es\",\"@id\":\"https:\\\/\\\/saiga.es\\\/es\\\/producto\\\/marco-1-elemento-blanco-serie-olas\\\/#primaryimage\",\"url\":\"https:\\\/\\\/saiga.es\\\/wp-content\\\/uploads\\\/2024\\\/09\\\/Marc-1-element.jpg\",\"contentUrl\":\"https:\\\/\\\/saiga.es\\\/wp-content\\\/uploads\\\/2024\\\/09\\\/Marc-1-element.jpg\",\"width\":1080,\"height\":1080,\"caption\":\"Marc 1 elemento RENIES8471BL\"},{\"@type\":\"BreadcrumbList\",\"@id\":\"https:\\\/\\\/saiga.es\\\/es\\\/producto\\\/marco-1-elemento-blanco-serie-olas\\\/#breadcrumb\",\"itemListElement\":[{\"@type\":\"ListItem\",\"position\":1,\"name\":\"Inici\",\"item\":\"https:\\\/\\\/saiga.es\\\/es\\\/\"},{\"@type\":\"ListItem\",\"position\":2,\"name\":\"Tienda\",\"item\":\"https:\\\/\\\/saiga.es\\\/es\\\/tienda\\\/\"},{\"@type\":\"ListItem\",\"position\":3,\"name\":\"Marco 1 elemento Blanco Serie Olas\"}]},{\"@type\":\"WebSite\",\"@id\":\"https:\\\/\\\/saiga.es\\\/es\\\/#website\",\"url\":\"https:\\\/\\\/saiga.es\\\/es\\\/\",\"name\":\"SAIGA\",\"description\":\"M\u00e9s de 50 anys al servei de la terra i treballant per a un \u00fas eficient de l\u2019aigua!\",\"publisher\":{\"@id\":\"https:\\\/\\\/saiga.es\\\/es\\\/#organization\"},\"potentialAction\":[{\"@type\":\"SearchAction\",\"target\":{\"@type\":\"EntryPoint\",\"urlTemplate\":\"https:\\\/\\\/saiga.es\\\/es\\\/?s={search_term_string}\"},\"query-input\":{\"@type\":\"PropertyValueSpecification\",\"valueRequired\":true,\"valueName\":\"search_term_string\"}}],\"inLanguage\":\"es\"},{\"@type\":\"Organization\",\"@id\":\"https:\\\/\\\/saiga.es\\\/es\\\/#organization\",\"name\":\"SAIGA\",\"url\":\"https:\\\/\\\/saiga.es\\\/es\\\/\",\"logo\":{\"@type\":\"ImageObject\",\"inLanguage\":\"es\",\"@id\":\"https:\\\/\\\/saiga.es\\\/es\\\/#\\\/schema\\\/logo\\\/image\\\/\",\"url\":\"https:\\\/\\\/saiga.es\\\/wp-content\\\/uploads\\\/2025\\\/07\\\/logo_saiga_baseline_optimitzat.svg\",\"contentUrl\":\"https:\\\/\\\/saiga.es\\\/wp-content\\\/uploads\\\/2025\\\/07\\\/logo_saiga_baseline_optimitzat.svg\",\"caption\":\"SAIGA\"},\"image\":{\"@id\":\"https:\\\/\\\/saiga.es\\\/es\\\/#\\\/schema\\\/logo\\\/image\\\/\"},\"sameAs\":[\"https:\\\/\\\/x.com\\\/saiga_agro\",\"https:\\\/\\\/www.instagram.com\\\/saiga_agro\\\/\"]}]}<\/script>\n<!-- \/ Yoast SEO plugin. -->","yoast_head_json":{"title":"Marco 1 elemento Blanco Serie Olas | SAIGA","description":"El marco 1 elemento Blanco Serie Olas es un marco para instalaciones el\u00e9ctricas de la serie Olas de Niessen. Este marco est\u00e1 dise\u00f1ado para enmarcar un solo elemento, como un interruptor o un enchufe.","robots":{"index":"index","follow":"follow","max-snippet":"max-snippet:-1","max-image-preview":"max-image-preview:large","max-video-preview":"max-video-preview:-1"},"canonical":"https:\/\/saiga.es\/es\/producto\/marco-1-elemento-blanco-serie-olas\/","og_locale":"es_ES","og_type":"article","og_title":"Marco 1 elemento Blanco Serie Olas | SAIGA","og_description":"El marco 1 elemento Blanco Serie Olas es un marco para instalaciones el\u00e9ctricas de la serie Olas de Niessen. Este marco est\u00e1 dise\u00f1ado para enmarcar un solo elemento, como un interruptor o un enchufe.","og_url":"https:\/\/saiga.es\/es\/producto\/marco-1-elemento-blanco-serie-olas\/","og_site_name":"SAIGA","og_image":[{"width":1080,"height":1080,"url":"https:\/\/saiga.es\/wp-content\/uploads\/2024\/09\/Marc-1-element.jpg","type":"image\/jpeg"}],"twitter_card":"summary_large_image","twitter_site":"@saiga_agro","twitter_misc":{"Tiempo de lectura":"1 minuto"},"schema":{"@context":"https:\/\/schema.org","@graph":[{"@type":"WebPage","@id":"https:\/\/saiga.es\/es\/producto\/marco-1-elemento-blanco-serie-olas\/","url":"https:\/\/saiga.es\/es\/producto\/marco-1-elemento-blanco-serie-olas\/","name":"Marco 1 elemento Blanco Serie Olas | SAIGA","isPartOf":{"@id":"https:\/\/saiga.es\/es\/#website"},"primaryImageOfPage":{"@id":"https:\/\/saiga.es\/es\/producto\/marco-1-elemento-blanco-serie-olas\/#primaryimage"},"image":{"@id":"https:\/\/saiga.es\/es\/producto\/marco-1-elemento-blanco-serie-olas\/#primaryimage"},"thumbnailUrl":"https:\/\/saiga.es\/wp-content\/uploads\/2024\/09\/Marc-1-element.jpg","datePublished":"2024-09-23T09:47:15+00:00","description":"El marco 1 elemento Blanco Serie Olas es un marco para instalaciones el\u00e9ctricas de la serie Olas de Niessen. Este marco est\u00e1 dise\u00f1ado para enmarcar un solo elemento, como un interruptor o un enchufe.","breadcrumb":{"@id":"https:\/\/saiga.es\/es\/producto\/marco-1-elemento-blanco-serie-olas\/#breadcrumb"},"inLanguage":"es","potentialAction":[{"@type":"ReadAction","target":["https:\/\/saiga.es\/es\/producto\/marco-1-elemento-blanco-serie-olas\/"]}]},{"@type":"ImageObject","inLanguage":"es","@id":"https:\/\/saiga.es\/es\/producto\/marco-1-elemento-blanco-serie-olas\/#primaryimage","url":"https:\/\/saiga.es\/wp-content\/uploads\/2024\/09\/Marc-1-element.jpg","contentUrl":"https:\/\/saiga.es\/wp-content\/uploads\/2024\/09\/Marc-1-element.jpg","width":1080,"height":1080,"caption":"Marc 1 elemento RENIES8471BL"},{"@type":"BreadcrumbList","@id":"https:\/\/saiga.es\/es\/producto\/marco-1-elemento-blanco-serie-olas\/#breadcrumb","itemListElement":[{"@type":"ListItem","position":1,"name":"Inici","item":"https:\/\/saiga.es\/es\/"},{"@type":"ListItem","position":2,"name":"Tienda","item":"https:\/\/saiga.es\/es\/tienda\/"},{"@type":"ListItem","position":3,"name":"Marco 1 elemento Blanco Serie Olas"}]},{"@type":"WebSite","@id":"https:\/\/saiga.es\/es\/#website","url":"https:\/\/saiga.es\/es\/","name":"SAIGA","description":"M\u00e9s de 50 anys al servei de la terra i treballant per a un \u00fas eficient de l\u2019aigua!","publisher":{"@id":"https:\/\/saiga.es\/es\/#organization"},"potentialAction":[{"@type":"SearchAction","target":{"@type":"EntryPoint","urlTemplate":"https:\/\/saiga.es\/es\/?s={search_term_string}"},"query-input":{"@type":"PropertyValueSpecification","valueRequired":true,"valueName":"search_term_string"}}],"inLanguage":"es"},{"@type":"Organization","@id":"https:\/\/saiga.es\/es\/#organization","name":"SAIGA","url":"https:\/\/saiga.es\/es\/","logo":{"@type":"ImageObject","inLanguage":"es","@id":"https:\/\/saiga.es\/es\/#\/schema\/logo\/image\/","url":"https:\/\/saiga.es\/wp-content\/uploads\/2025\/07\/logo_saiga_baseline_optimitzat.svg","contentUrl":"https:\/\/saiga.es\/wp-content\/uploads\/2025\/07\/logo_saiga_baseline_optimitzat.svg","caption":"SAIGA"},"image":{"@id":"https:\/\/saiga.es\/es\/#\/schema\/logo\/image\/"},"sameAs":["https:\/\/x.com\/saiga_agro","https:\/\/www.instagram.com\/saiga_agro\/"]}]}},"_links":{"self":[{"href":"https:\/\/saiga.es\/es\/wp-json\/wp\/v2\/product\/12036","targetHints":{"allow":["GET"]}}],"collection":[{"href":"https:\/\/saiga.es\/es\/wp-json\/wp\/v2\/product"}],"about":[{"href":"https:\/\/saiga.es\/es\/wp-json\/wp\/v2\/types\/product"}],"replies":[{"embeddable":true,"href":"https:\/\/saiga.es\/es\/wp-json\/wp\/v2\/comments?post=12036"}],"wp:featuredmedia":[{"embeddable":true,"href":"https:\/\/saiga.es\/es\/wp-json\/wp\/v2\/media\/12034"}],"wp:attachment":[{"href":"https:\/\/saiga.es\/es\/wp-json\/wp\/v2\/media?parent=12036"}],"wp:term":[{"taxonomy":"product_brand","embeddable":true,"href":"https:\/\/saiga.es\/es\/wp-json\/wp\/v2\/product_brand?post=12036"},{"taxonomy":"product_cat","embeddable":true,"href":"https:\/\/saiga.es\/es\/wp-json\/wp\/v2\/product_cat?post=12036"},{"taxonomy":"product_tag","embeddable":true,"href":"https:\/\/saiga.es\/es\/wp-json\/wp\/v2\/product_tag?post=12036"}],"curies":[{"name":"wp","href":"https:\/\/api.w.org\/{rel}","templated":true}]}}