{"id":12043,"date":"2024-09-23T10:57:56","date_gmt":"2024-09-23T10:57:56","guid":{"rendered":"https:\/\/botiga.saiga.es\/producte\/pulsador-sin-grabado-serie-zenit\/"},"modified":"2024-09-23T10:57:56","modified_gmt":"2024-09-23T10:57:56","slug":"pulsador-sin-grabado-serie-zenit","status":"publish","type":"product","link":"https:\/\/saiga.es\/es\/producto\/pulsador-sin-grabado-serie-zenit\/","title":{"rendered":"Pulsador sin grabado serie Zenit"},"content":{"rendered":"<p>Pulsador sin s\u00edmbolo agrado Niessen Zenit. El pulsador individual sin s\u00edmbolo de la serie Zenit es un dispositivo elegante y funcional dise\u00f1ado para controlar circuitos el\u00e9ctricos con un solo polo.  Est\u00e1 equipado con una configuraci\u00f3n de 1 contacto normalmente abierto (1NO), 0 contactos normalmente cerrados (0NC) y un contacto conmutador (1CO). Fabricado en un acabado de color plata, este pulsador destaca por su dise\u00f1o minimalista, que se integra perfectamente en cualquier ambiente decorativo. Es ideal para la gesti\u00f3n de iluminaci\u00f3n u otras aplicaciones el\u00e9ctricas en las que se requiera un control directo y sencillo. Compatible con otros elementos de la serie Zenit para una instalaci\u00f3n uniforme y est\u00e9tica.   <\/p>\n","protected":false},"excerpt":{"rendered":"<p>Pulsador sin s\u00edmbolo agrado Niessen Zenit. El pulsador individual sin s\u00edmbolo de la serie Zenit es un dispositivo elegante y funcional dise\u00f1ado para controlar circuitos el\u00e9ctricos con un solo polo.. <\/p>\n","protected":false},"featured_media":12041,"comment_status":"closed","ping_status":"closed","template":"","meta":[],"product_brand":[],"product_cat":[1623],"product_tag":[1294,1622],"class_list":{"0":"post-12043","1":"product","2":"type-product","3":"status-publish","4":"has-post-thumbnail","6":"product_cat-niessen-es","7":"product_tag-material-electrico","8":"product_tag-niessen-es","10":"first","11":"instock","12":"taxable","13":"shipping-taxable","14":"purchasable","15":"product-type-simple"},"yoast_head":"<!-- This site is optimized with the Yoast SEO plugin v27.4 - https:\/\/yoast.com\/product\/yoast-seo-wordpress\/ -->\n<title>Pulsador sin grabado serie Zenit | SAIGA<\/title>\n<meta name=\"description\" content=\"Pulsador sin s\u00edmbolo agrado Niessen Zenit. El pulsador individual sin s\u00edmbolo de la serie Zenit es un dispositivo elegante y funcional dise\u00f1ado para controlar circuitos el\u00e9ctricos con un solo polo.\" \/>\n<meta name=\"robots\" content=\"index, follow, max-snippet:-1, max-image-preview:large, max-video-preview:-1\" \/>\n<link rel=\"canonical\" href=\"https:\/\/saiga.es\/es\/producto\/pulsador-sin-grabado-serie-zenit\/\" \/>\n<meta property=\"og:locale\" content=\"es_ES\" \/>\n<meta property=\"og:type\" content=\"article\" \/>\n<meta property=\"og:title\" content=\"Pulsador sin grabado serie Zenit | SAIGA\" \/>\n<meta property=\"og:description\" content=\"Pulsador sin s\u00edmbolo agrado Niessen Zenit. El pulsador individual sin s\u00edmbolo de la serie Zenit es un dispositivo elegante y funcional dise\u00f1ado para controlar circuitos el\u00e9ctricos con un solo polo.\" \/>\n<meta property=\"og:url\" content=\"https:\/\/saiga.es\/es\/producto\/pulsador-sin-grabado-serie-zenit\/\" \/>\n<meta property=\"og:site_name\" content=\"SAIGA\" \/>\n<meta property=\"og:image\" content=\"https:\/\/saiga.es\/wp-content\/uploads\/2024\/09\/Pulsador-RENIESN21047PL.jpg\" \/>\n\t<meta property=\"og:image:width\" content=\"1080\" \/>\n\t<meta property=\"og:image:height\" content=\"1080\" \/>\n\t<meta property=\"og:image:type\" content=\"image\/jpeg\" \/>\n<meta name=\"twitter:card\" content=\"summary_large_image\" \/>\n<meta name=\"twitter:site\" content=\"@saiga_agro\" \/>\n<meta name=\"twitter:label1\" content=\"Tiempo de lectura\" \/>\n\t<meta name=\"twitter:data1\" content=\"1 minuto\" \/>\n<script type=\"application\/ld+json\" class=\"yoast-schema-graph\">{\"@context\":\"https:\\\/\\\/schema.org\",\"@graph\":[{\"@type\":\"WebPage\",\"@id\":\"https:\\\/\\\/saiga.es\\\/es\\\/producto\\\/pulsador-sin-grabado-serie-zenit\\\/\",\"url\":\"https:\\\/\\\/saiga.es\\\/es\\\/producto\\\/pulsador-sin-grabado-serie-zenit\\\/\",\"name\":\"Pulsador sin grabado serie Zenit | SAIGA\",\"isPartOf\":{\"@id\":\"https:\\\/\\\/saiga.es\\\/es\\\/#website\"},\"primaryImageOfPage\":{\"@id\":\"https:\\\/\\\/saiga.es\\\/es\\\/producto\\\/pulsador-sin-grabado-serie-zenit\\\/#primaryimage\"},\"image\":{\"@id\":\"https:\\\/\\\/saiga.es\\\/es\\\/producto\\\/pulsador-sin-grabado-serie-zenit\\\/#primaryimage\"},\"thumbnailUrl\":\"https:\\\/\\\/saiga.es\\\/wp-content\\\/uploads\\\/2024\\\/09\\\/Pulsador-RENIESN21047PL.jpg\",\"datePublished\":\"2024-09-23T10:57:56+00:00\",\"description\":\"Pulsador sin s\u00edmbolo agrado Niessen Zenit. El pulsador individual sin s\u00edmbolo de la serie Zenit es un dispositivo elegante y funcional dise\u00f1ado para controlar circuitos el\u00e9ctricos con un solo polo.\",\"breadcrumb\":{\"@id\":\"https:\\\/\\\/saiga.es\\\/es\\\/producto\\\/pulsador-sin-grabado-serie-zenit\\\/#breadcrumb\"},\"inLanguage\":\"es\",\"potentialAction\":[{\"@type\":\"ReadAction\",\"target\":[\"https:\\\/\\\/saiga.es\\\/es\\\/producto\\\/pulsador-sin-grabado-serie-zenit\\\/\"]}]},{\"@type\":\"ImageObject\",\"inLanguage\":\"es\",\"@id\":\"https:\\\/\\\/saiga.es\\\/es\\\/producto\\\/pulsador-sin-grabado-serie-zenit\\\/#primaryimage\",\"url\":\"https:\\\/\\\/saiga.es\\\/wp-content\\\/uploads\\\/2024\\\/09\\\/Pulsador-RENIESN21047PL.jpg\",\"contentUrl\":\"https:\\\/\\\/saiga.es\\\/wp-content\\\/uploads\\\/2024\\\/09\\\/Pulsador-RENIESN21047PL.jpg\",\"width\":1080,\"height\":1080,\"caption\":\"Pulsador Niessen N21047PL\"},{\"@type\":\"BreadcrumbList\",\"@id\":\"https:\\\/\\\/saiga.es\\\/es\\\/producto\\\/pulsador-sin-grabado-serie-zenit\\\/#breadcrumb\",\"itemListElement\":[{\"@type\":\"ListItem\",\"position\":1,\"name\":\"Inici\",\"item\":\"https:\\\/\\\/saiga.es\\\/es\\\/\"},{\"@type\":\"ListItem\",\"position\":2,\"name\":\"Tienda\",\"item\":\"https:\\\/\\\/saiga.es\\\/es\\\/tienda\\\/\"},{\"@type\":\"ListItem\",\"position\":3,\"name\":\"Pulsador sin grabado serie Zenit\"}]},{\"@type\":\"WebSite\",\"@id\":\"https:\\\/\\\/saiga.es\\\/es\\\/#website\",\"url\":\"https:\\\/\\\/saiga.es\\\/es\\\/\",\"name\":\"SAIGA\",\"description\":\"M\u00e9s de 50 anys al servei de la terra i treballant per a un \u00fas eficient de l\u2019aigua!\",\"publisher\":{\"@id\":\"https:\\\/\\\/saiga.es\\\/es\\\/#organization\"},\"potentialAction\":[{\"@type\":\"SearchAction\",\"target\":{\"@type\":\"EntryPoint\",\"urlTemplate\":\"https:\\\/\\\/saiga.es\\\/es\\\/?s={search_term_string}\"},\"query-input\":{\"@type\":\"PropertyValueSpecification\",\"valueRequired\":true,\"valueName\":\"search_term_string\"}}],\"inLanguage\":\"es\"},{\"@type\":\"Organization\",\"@id\":\"https:\\\/\\\/saiga.es\\\/es\\\/#organization\",\"name\":\"SAIGA\",\"url\":\"https:\\\/\\\/saiga.es\\\/es\\\/\",\"logo\":{\"@type\":\"ImageObject\",\"inLanguage\":\"es\",\"@id\":\"https:\\\/\\\/saiga.es\\\/es\\\/#\\\/schema\\\/logo\\\/image\\\/\",\"url\":\"https:\\\/\\\/saiga.es\\\/wp-content\\\/uploads\\\/2025\\\/07\\\/logo_saiga_baseline_optimitzat.svg\",\"contentUrl\":\"https:\\\/\\\/saiga.es\\\/wp-content\\\/uploads\\\/2025\\\/07\\\/logo_saiga_baseline_optimitzat.svg\",\"caption\":\"SAIGA\"},\"image\":{\"@id\":\"https:\\\/\\\/saiga.es\\\/es\\\/#\\\/schema\\\/logo\\\/image\\\/\"},\"sameAs\":[\"https:\\\/\\\/x.com\\\/saiga_agro\",\"https:\\\/\\\/www.instagram.com\\\/saiga_agro\\\/\"]}]}<\/script>\n<!-- \/ Yoast SEO plugin. -->","yoast_head_json":{"title":"Pulsador sin grabado serie Zenit | SAIGA","description":"Pulsador sin s\u00edmbolo agrado Niessen Zenit. El pulsador individual sin s\u00edmbolo de la serie Zenit es un dispositivo elegante y funcional dise\u00f1ado para controlar circuitos el\u00e9ctricos con un solo polo.","robots":{"index":"index","follow":"follow","max-snippet":"max-snippet:-1","max-image-preview":"max-image-preview:large","max-video-preview":"max-video-preview:-1"},"canonical":"https:\/\/saiga.es\/es\/producto\/pulsador-sin-grabado-serie-zenit\/","og_locale":"es_ES","og_type":"article","og_title":"Pulsador sin grabado serie Zenit | SAIGA","og_description":"Pulsador sin s\u00edmbolo agrado Niessen Zenit. El pulsador individual sin s\u00edmbolo de la serie Zenit es un dispositivo elegante y funcional dise\u00f1ado para controlar circuitos el\u00e9ctricos con un solo polo.","og_url":"https:\/\/saiga.es\/es\/producto\/pulsador-sin-grabado-serie-zenit\/","og_site_name":"SAIGA","og_image":[{"width":1080,"height":1080,"url":"https:\/\/saiga.es\/wp-content\/uploads\/2024\/09\/Pulsador-RENIESN21047PL.jpg","type":"image\/jpeg"}],"twitter_card":"summary_large_image","twitter_site":"@saiga_agro","twitter_misc":{"Tiempo de lectura":"1 minuto"},"schema":{"@context":"https:\/\/schema.org","@graph":[{"@type":"WebPage","@id":"https:\/\/saiga.es\/es\/producto\/pulsador-sin-grabado-serie-zenit\/","url":"https:\/\/saiga.es\/es\/producto\/pulsador-sin-grabado-serie-zenit\/","name":"Pulsador sin grabado serie Zenit | SAIGA","isPartOf":{"@id":"https:\/\/saiga.es\/es\/#website"},"primaryImageOfPage":{"@id":"https:\/\/saiga.es\/es\/producto\/pulsador-sin-grabado-serie-zenit\/#primaryimage"},"image":{"@id":"https:\/\/saiga.es\/es\/producto\/pulsador-sin-grabado-serie-zenit\/#primaryimage"},"thumbnailUrl":"https:\/\/saiga.es\/wp-content\/uploads\/2024\/09\/Pulsador-RENIESN21047PL.jpg","datePublished":"2024-09-23T10:57:56+00:00","description":"Pulsador sin s\u00edmbolo agrado Niessen Zenit. El pulsador individual sin s\u00edmbolo de la serie Zenit es un dispositivo elegante y funcional dise\u00f1ado para controlar circuitos el\u00e9ctricos con un solo polo.","breadcrumb":{"@id":"https:\/\/saiga.es\/es\/producto\/pulsador-sin-grabado-serie-zenit\/#breadcrumb"},"inLanguage":"es","potentialAction":[{"@type":"ReadAction","target":["https:\/\/saiga.es\/es\/producto\/pulsador-sin-grabado-serie-zenit\/"]}]},{"@type":"ImageObject","inLanguage":"es","@id":"https:\/\/saiga.es\/es\/producto\/pulsador-sin-grabado-serie-zenit\/#primaryimage","url":"https:\/\/saiga.es\/wp-content\/uploads\/2024\/09\/Pulsador-RENIESN21047PL.jpg","contentUrl":"https:\/\/saiga.es\/wp-content\/uploads\/2024\/09\/Pulsador-RENIESN21047PL.jpg","width":1080,"height":1080,"caption":"Pulsador Niessen N21047PL"},{"@type":"BreadcrumbList","@id":"https:\/\/saiga.es\/es\/producto\/pulsador-sin-grabado-serie-zenit\/#breadcrumb","itemListElement":[{"@type":"ListItem","position":1,"name":"Inici","item":"https:\/\/saiga.es\/es\/"},{"@type":"ListItem","position":2,"name":"Tienda","item":"https:\/\/saiga.es\/es\/tienda\/"},{"@type":"ListItem","position":3,"name":"Pulsador sin grabado serie Zenit"}]},{"@type":"WebSite","@id":"https:\/\/saiga.es\/es\/#website","url":"https:\/\/saiga.es\/es\/","name":"SAIGA","description":"M\u00e9s de 50 anys al servei de la terra i treballant per a un \u00fas eficient de l\u2019aigua!","publisher":{"@id":"https:\/\/saiga.es\/es\/#organization"},"potentialAction":[{"@type":"SearchAction","target":{"@type":"EntryPoint","urlTemplate":"https:\/\/saiga.es\/es\/?s={search_term_string}"},"query-input":{"@type":"PropertyValueSpecification","valueRequired":true,"valueName":"search_term_string"}}],"inLanguage":"es"},{"@type":"Organization","@id":"https:\/\/saiga.es\/es\/#organization","name":"SAIGA","url":"https:\/\/saiga.es\/es\/","logo":{"@type":"ImageObject","inLanguage":"es","@id":"https:\/\/saiga.es\/es\/#\/schema\/logo\/image\/","url":"https:\/\/saiga.es\/wp-content\/uploads\/2025\/07\/logo_saiga_baseline_optimitzat.svg","contentUrl":"https:\/\/saiga.es\/wp-content\/uploads\/2025\/07\/logo_saiga_baseline_optimitzat.svg","caption":"SAIGA"},"image":{"@id":"https:\/\/saiga.es\/es\/#\/schema\/logo\/image\/"},"sameAs":["https:\/\/x.com\/saiga_agro","https:\/\/www.instagram.com\/saiga_agro\/"]}]}},"_links":{"self":[{"href":"https:\/\/saiga.es\/es\/wp-json\/wp\/v2\/product\/12043","targetHints":{"allow":["GET"]}}],"collection":[{"href":"https:\/\/saiga.es\/es\/wp-json\/wp\/v2\/product"}],"about":[{"href":"https:\/\/saiga.es\/es\/wp-json\/wp\/v2\/types\/product"}],"replies":[{"embeddable":true,"href":"https:\/\/saiga.es\/es\/wp-json\/wp\/v2\/comments?post=12043"}],"wp:featuredmedia":[{"embeddable":true,"href":"https:\/\/saiga.es\/es\/wp-json\/wp\/v2\/media\/12041"}],"wp:attachment":[{"href":"https:\/\/saiga.es\/es\/wp-json\/wp\/v2\/media?parent=12043"}],"wp:term":[{"taxonomy":"product_brand","embeddable":true,"href":"https:\/\/saiga.es\/es\/wp-json\/wp\/v2\/product_brand?post=12043"},{"taxonomy":"product_cat","embeddable":true,"href":"https:\/\/saiga.es\/es\/wp-json\/wp\/v2\/product_cat?post=12043"},{"taxonomy":"product_tag","embeddable":true,"href":"https:\/\/saiga.es\/es\/wp-json\/wp\/v2\/product_tag?post=12043"}],"curies":[{"name":"wp","href":"https:\/\/api.w.org\/{rel}","templated":true}]}}