{"id":12071,"date":"2024-09-23T13:40:43","date_gmt":"2024-09-23T13:40:43","guid":{"rendered":"https:\/\/botiga.saiga.es\/producte\/cultivador-14cm-combysistem-gardena\/"},"modified":"2024-09-23T13:40:43","modified_gmt":"2024-09-23T13:40:43","slug":"cultivador-14cm-combysistem-gardena","status":"publish","type":"product","link":"https:\/\/saiga.es\/es\/producto\/cultivador-14cm-combysistem-gardena\/","title":{"rendered":"Cultivador 14cm combysistem gardena"},"content":{"rendered":"<p>Cultivador 14cm combysistem gardena El cultivador combisystem de GARDENA, con un ancho de trabajo de 14 cm, afloja la tierra para prepararlos para la siembra. Compatible con todos los mangos del sistema combisystem ofrece flexibilidad con accesorios intercambiables. Las cuatro ruedas estaladas permiten deshacer la tierra de forma \u00f3ptima para sembrar, y su estructura de acero con recubrimiento Duroplast garantiza durabilidad y protecci\u00f3n contra la corrosi\u00f3n. Incluye garant\u00eda de 25 a\u00f1os.    &nbsp;<\/p>\n<p>&nbsp;<\/p>\n","protected":false},"excerpt":{"rendered":"<p>&nbsp; Cultivador 14cm combysistem gardena El cultivador combisystem de GARDENA, con un ancho de trabajo de 14 cm, afloja la tierra para prepararlos para la siembra. Compatible con todos los mangos del sistema combisystem ofrece flexibilidad con accesorios intercambiables. Las cuatro ruedas estaladas permiten deshacer la tierra de forma \u00f3ptima para sembrar, y su estructura de acero con recubrimiento Duroplast garantiza durabilidad y protecci\u00f3n contra la corrosi\u00f3n. Incluye garant\u00eda de 25 a\u00f1os.    &nbsp;<\/p>\n<p>&nbsp;<\/p>\n","protected":false},"featured_media":12074,"comment_status":"open","ping_status":"closed","template":"","meta":[],"product_brand":[],"product_cat":[1638],"product_tag":[],"class_list":{"0":"post-12071","1":"product","2":"type-product","3":"status-publish","4":"has-post-thumbnail","6":"product_cat-otros","8":"first","9":"instock","10":"taxable","11":"shipping-taxable","12":"purchasable","13":"product-type-simple"},"yoast_head":"<!-- This site is optimized with the Yoast SEO plugin v27.4 - https:\/\/yoast.com\/product\/yoast-seo-wordpress\/ -->\n<title>Cultivador 14cm combysistem gardena | SAIGA<\/title>\n<meta name=\"description\" content=\"El cultivador combisystem de GARDENA afloja la tierra de los parterres para prepararlos para la siembra, gracias a sus ruedas esteladas.\" \/>\n<meta name=\"robots\" content=\"index, follow, max-snippet:-1, max-image-preview:large, max-video-preview:-1\" \/>\n<link rel=\"canonical\" href=\"https:\/\/saiga.es\/es\/producto\/cultivador-14cm-combysistem-gardena\/\" \/>\n<meta property=\"og:locale\" content=\"es_ES\" \/>\n<meta property=\"og:type\" content=\"article\" \/>\n<meta property=\"og:title\" content=\"Cultivador 14cm combysistem gardena | SAIGA\" \/>\n<meta property=\"og:description\" content=\"El cultivador combisystem de GARDENA afloja la tierra de los parterres para prepararlos para la siembra, gracias a sus ruedas esteladas.\" \/>\n<meta property=\"og:url\" content=\"https:\/\/saiga.es\/es\/producto\/cultivador-14cm-combysistem-gardena\/\" \/>\n<meta property=\"og:site_name\" content=\"SAIGA\" \/>\n<meta property=\"og:image\" content=\"https:\/\/saiga.es\/wp-content\/uploads\/2024\/09\/Desterronador.jpg\" \/>\n\t<meta property=\"og:image:width\" content=\"1080\" \/>\n\t<meta property=\"og:image:height\" content=\"1080\" \/>\n\t<meta property=\"og:image:type\" content=\"image\/jpeg\" \/>\n<meta name=\"twitter:card\" content=\"summary_large_image\" \/>\n<meta name=\"twitter:site\" content=\"@saiga_agro\" \/>\n<script type=\"application\/ld+json\" class=\"yoast-schema-graph\">{\"@context\":\"https:\\\/\\\/schema.org\",\"@graph\":[{\"@type\":\"WebPage\",\"@id\":\"https:\\\/\\\/saiga.es\\\/es\\\/producto\\\/cultivador-14cm-combysistem-gardena\\\/\",\"url\":\"https:\\\/\\\/saiga.es\\\/es\\\/producto\\\/cultivador-14cm-combysistem-gardena\\\/\",\"name\":\"Cultivador 14cm combysistem gardena | SAIGA\",\"isPartOf\":{\"@id\":\"https:\\\/\\\/saiga.es\\\/es\\\/#website\"},\"primaryImageOfPage\":{\"@id\":\"https:\\\/\\\/saiga.es\\\/es\\\/producto\\\/cultivador-14cm-combysistem-gardena\\\/#primaryimage\"},\"image\":{\"@id\":\"https:\\\/\\\/saiga.es\\\/es\\\/producto\\\/cultivador-14cm-combysistem-gardena\\\/#primaryimage\"},\"thumbnailUrl\":\"https:\\\/\\\/saiga.es\\\/wp-content\\\/uploads\\\/2024\\\/09\\\/Desterronador.jpg\",\"datePublished\":\"2024-09-23T13:40:43+00:00\",\"description\":\"El cultivador combisystem de GARDENA afloja la tierra de los parterres para prepararlos para la siembra, gracias a sus ruedas esteladas.\",\"breadcrumb\":{\"@id\":\"https:\\\/\\\/saiga.es\\\/es\\\/producto\\\/cultivador-14cm-combysistem-gardena\\\/#breadcrumb\"},\"inLanguage\":\"es\",\"potentialAction\":[{\"@type\":\"ReadAction\",\"target\":[\"https:\\\/\\\/saiga.es\\\/es\\\/producto\\\/cultivador-14cm-combysistem-gardena\\\/\"]}]},{\"@type\":\"ImageObject\",\"inLanguage\":\"es\",\"@id\":\"https:\\\/\\\/saiga.es\\\/es\\\/producto\\\/cultivador-14cm-combysistem-gardena\\\/#primaryimage\",\"url\":\"https:\\\/\\\/saiga.es\\\/wp-content\\\/uploads\\\/2024\\\/09\\\/Desterronador.jpg\",\"contentUrl\":\"https:\\\/\\\/saiga.es\\\/wp-content\\\/uploads\\\/2024\\\/09\\\/Desterronador.jpg\",\"width\":1080,\"height\":1080,\"caption\":\"Desterronador\"},{\"@type\":\"BreadcrumbList\",\"@id\":\"https:\\\/\\\/saiga.es\\\/es\\\/producto\\\/cultivador-14cm-combysistem-gardena\\\/#breadcrumb\",\"itemListElement\":[{\"@type\":\"ListItem\",\"position\":1,\"name\":\"Inici\",\"item\":\"https:\\\/\\\/saiga.es\\\/es\\\/\"},{\"@type\":\"ListItem\",\"position\":2,\"name\":\"Tienda\",\"item\":\"https:\\\/\\\/saiga.es\\\/es\\\/tienda\\\/\"},{\"@type\":\"ListItem\",\"position\":3,\"name\":\"Cultivador 14cm combysistem gardena\"}]},{\"@type\":\"WebSite\",\"@id\":\"https:\\\/\\\/saiga.es\\\/es\\\/#website\",\"url\":\"https:\\\/\\\/saiga.es\\\/es\\\/\",\"name\":\"SAIGA\",\"description\":\"M\u00e9s de 50 anys al servei de la terra i treballant per a un \u00fas eficient de l\u2019aigua!\",\"publisher\":{\"@id\":\"https:\\\/\\\/saiga.es\\\/es\\\/#organization\"},\"potentialAction\":[{\"@type\":\"SearchAction\",\"target\":{\"@type\":\"EntryPoint\",\"urlTemplate\":\"https:\\\/\\\/saiga.es\\\/es\\\/?s={search_term_string}\"},\"query-input\":{\"@type\":\"PropertyValueSpecification\",\"valueRequired\":true,\"valueName\":\"search_term_string\"}}],\"inLanguage\":\"es\"},{\"@type\":\"Organization\",\"@id\":\"https:\\\/\\\/saiga.es\\\/es\\\/#organization\",\"name\":\"SAIGA\",\"url\":\"https:\\\/\\\/saiga.es\\\/es\\\/\",\"logo\":{\"@type\":\"ImageObject\",\"inLanguage\":\"es\",\"@id\":\"https:\\\/\\\/saiga.es\\\/es\\\/#\\\/schema\\\/logo\\\/image\\\/\",\"url\":\"https:\\\/\\\/saiga.es\\\/wp-content\\\/uploads\\\/2025\\\/07\\\/logo_saiga_baseline_optimitzat.svg\",\"contentUrl\":\"https:\\\/\\\/saiga.es\\\/wp-content\\\/uploads\\\/2025\\\/07\\\/logo_saiga_baseline_optimitzat.svg\",\"caption\":\"SAIGA\"},\"image\":{\"@id\":\"https:\\\/\\\/saiga.es\\\/es\\\/#\\\/schema\\\/logo\\\/image\\\/\"},\"sameAs\":[\"https:\\\/\\\/x.com\\\/saiga_agro\",\"https:\\\/\\\/www.instagram.com\\\/saiga_agro\\\/\"]}]}<\/script>\n<!-- \/ Yoast SEO plugin. -->","yoast_head_json":{"title":"Cultivador 14cm combysistem gardena | SAIGA","description":"El cultivador combisystem de GARDENA afloja la tierra de los parterres para prepararlos para la siembra, gracias a sus ruedas esteladas.","robots":{"index":"index","follow":"follow","max-snippet":"max-snippet:-1","max-image-preview":"max-image-preview:large","max-video-preview":"max-video-preview:-1"},"canonical":"https:\/\/saiga.es\/es\/producto\/cultivador-14cm-combysistem-gardena\/","og_locale":"es_ES","og_type":"article","og_title":"Cultivador 14cm combysistem gardena | SAIGA","og_description":"El cultivador combisystem de GARDENA afloja la tierra de los parterres para prepararlos para la siembra, gracias a sus ruedas esteladas.","og_url":"https:\/\/saiga.es\/es\/producto\/cultivador-14cm-combysistem-gardena\/","og_site_name":"SAIGA","og_image":[{"width":1080,"height":1080,"url":"https:\/\/saiga.es\/wp-content\/uploads\/2024\/09\/Desterronador.jpg","type":"image\/jpeg"}],"twitter_card":"summary_large_image","twitter_site":"@saiga_agro","schema":{"@context":"https:\/\/schema.org","@graph":[{"@type":"WebPage","@id":"https:\/\/saiga.es\/es\/producto\/cultivador-14cm-combysistem-gardena\/","url":"https:\/\/saiga.es\/es\/producto\/cultivador-14cm-combysistem-gardena\/","name":"Cultivador 14cm combysistem gardena | SAIGA","isPartOf":{"@id":"https:\/\/saiga.es\/es\/#website"},"primaryImageOfPage":{"@id":"https:\/\/saiga.es\/es\/producto\/cultivador-14cm-combysistem-gardena\/#primaryimage"},"image":{"@id":"https:\/\/saiga.es\/es\/producto\/cultivador-14cm-combysistem-gardena\/#primaryimage"},"thumbnailUrl":"https:\/\/saiga.es\/wp-content\/uploads\/2024\/09\/Desterronador.jpg","datePublished":"2024-09-23T13:40:43+00:00","description":"El cultivador combisystem de GARDENA afloja la tierra de los parterres para prepararlos para la siembra, gracias a sus ruedas esteladas.","breadcrumb":{"@id":"https:\/\/saiga.es\/es\/producto\/cultivador-14cm-combysistem-gardena\/#breadcrumb"},"inLanguage":"es","potentialAction":[{"@type":"ReadAction","target":["https:\/\/saiga.es\/es\/producto\/cultivador-14cm-combysistem-gardena\/"]}]},{"@type":"ImageObject","inLanguage":"es","@id":"https:\/\/saiga.es\/es\/producto\/cultivador-14cm-combysistem-gardena\/#primaryimage","url":"https:\/\/saiga.es\/wp-content\/uploads\/2024\/09\/Desterronador.jpg","contentUrl":"https:\/\/saiga.es\/wp-content\/uploads\/2024\/09\/Desterronador.jpg","width":1080,"height":1080,"caption":"Desterronador"},{"@type":"BreadcrumbList","@id":"https:\/\/saiga.es\/es\/producto\/cultivador-14cm-combysistem-gardena\/#breadcrumb","itemListElement":[{"@type":"ListItem","position":1,"name":"Inici","item":"https:\/\/saiga.es\/es\/"},{"@type":"ListItem","position":2,"name":"Tienda","item":"https:\/\/saiga.es\/es\/tienda\/"},{"@type":"ListItem","position":3,"name":"Cultivador 14cm combysistem gardena"}]},{"@type":"WebSite","@id":"https:\/\/saiga.es\/es\/#website","url":"https:\/\/saiga.es\/es\/","name":"SAIGA","description":"M\u00e9s de 50 anys al servei de la terra i treballant per a un \u00fas eficient de l\u2019aigua!","publisher":{"@id":"https:\/\/saiga.es\/es\/#organization"},"potentialAction":[{"@type":"SearchAction","target":{"@type":"EntryPoint","urlTemplate":"https:\/\/saiga.es\/es\/?s={search_term_string}"},"query-input":{"@type":"PropertyValueSpecification","valueRequired":true,"valueName":"search_term_string"}}],"inLanguage":"es"},{"@type":"Organization","@id":"https:\/\/saiga.es\/es\/#organization","name":"SAIGA","url":"https:\/\/saiga.es\/es\/","logo":{"@type":"ImageObject","inLanguage":"es","@id":"https:\/\/saiga.es\/es\/#\/schema\/logo\/image\/","url":"https:\/\/saiga.es\/wp-content\/uploads\/2025\/07\/logo_saiga_baseline_optimitzat.svg","contentUrl":"https:\/\/saiga.es\/wp-content\/uploads\/2025\/07\/logo_saiga_baseline_optimitzat.svg","caption":"SAIGA"},"image":{"@id":"https:\/\/saiga.es\/es\/#\/schema\/logo\/image\/"},"sameAs":["https:\/\/x.com\/saiga_agro","https:\/\/www.instagram.com\/saiga_agro\/"]}]}},"_links":{"self":[{"href":"https:\/\/saiga.es\/es\/wp-json\/wp\/v2\/product\/12071","targetHints":{"allow":["GET"]}}],"collection":[{"href":"https:\/\/saiga.es\/es\/wp-json\/wp\/v2\/product"}],"about":[{"href":"https:\/\/saiga.es\/es\/wp-json\/wp\/v2\/types\/product"}],"replies":[{"embeddable":true,"href":"https:\/\/saiga.es\/es\/wp-json\/wp\/v2\/comments?post=12071"}],"wp:featuredmedia":[{"embeddable":true,"href":"https:\/\/saiga.es\/es\/wp-json\/wp\/v2\/media\/12074"}],"wp:attachment":[{"href":"https:\/\/saiga.es\/es\/wp-json\/wp\/v2\/media?parent=12071"}],"wp:term":[{"taxonomy":"product_brand","embeddable":true,"href":"https:\/\/saiga.es\/es\/wp-json\/wp\/v2\/product_brand?post=12071"},{"taxonomy":"product_cat","embeddable":true,"href":"https:\/\/saiga.es\/es\/wp-json\/wp\/v2\/product_cat?post=12071"},{"taxonomy":"product_tag","embeddable":true,"href":"https:\/\/saiga.es\/es\/wp-json\/wp\/v2\/product_tag?post=12071"}],"curies":[{"name":"wp","href":"https:\/\/api.w.org\/{rel}","templated":true}]}}