{"id":12086,"date":"2024-09-24T13:41:42","date_gmt":"2024-09-24T13:41:42","guid":{"rendered":"https:\/\/botiga.saiga.es\/producte\/marco-2-elementos-serie-rehabitado-gris-planta\/"},"modified":"2024-09-24T13:41:42","modified_gmt":"2024-09-24T13:41:42","slug":"marco-2-elementos-serie-rehabitado-gris-planta","status":"publish","type":"product","link":"https:\/\/saiga.es\/es\/producto\/marco-2-elementos-serie-rehabitado-gris-planta\/","title":{"rendered":"Marco 2 elementos Serie Rehabitado gris planta"},"content":{"rendered":"<p>El marco BJC 2 M\u00f3dulos Re-H\u00e1bitat Gris Plata es un accesorio de dise\u00f1o elegante y funcional para la instalaci\u00f3n el\u00e9ctrica en el hogar u oficinas. Con un acabado en gris plata aporta un toque moderno y sofisticado a los espacios.  Dise\u00f1ado para integrarse con otros elementos de la serie Re-H\u00e1bitat, permite colocar hasta dos mecanismos (enchufes, interruptores, etc.) en un solo marco. Su estructura es resistente y de f\u00e1cil instalaci\u00f3n, con materiales de alta calidad que garantizan durabilidad. Ideal para aquellos que busquen funcionalidad y est\u00e9tica en un solo producto. Compatible con la serie modular BJC.   <\/p>\n","protected":false},"excerpt":{"rendered":"<p>El marco BJC 2 M\u00f3dulos Re-H\u00e1bitat Gris Plata es un accesorio de dise\u00f1o elegante y funcional para la instalaci\u00f3n el\u00e9ctrica en la casa u oficinas. Con un acabado en gris plata aporta un toque moderno y sofisticado en los espacios.El marco BJC 2 M\u00f3dulos Re-H\u00e1bitat Gris Plata es un accesorio de dise\u00f1o elegante y funcional para la instalaci\u00f3n el\u00e9ctrica en el hogar u oficinas. Con un acabado en gris plata aporta un toque moderno y sofisticado a los espacios. <\/p>\n","protected":false},"featured_media":12084,"comment_status":"closed","ping_status":"closed","template":"","meta":[],"product_brand":[],"product_cat":[1645],"product_tag":[1646,1628,1649],"class_list":{"0":"post-12086","1":"product","2":"type-product","3":"status-publish","4":"has-post-thumbnail","6":"product_cat-bjc-es","7":"product_tag-bjc-es","8":"product_tag-marco","9":"product_tag-material-electrico-es","11":"first","12":"instock","13":"taxable","14":"shipping-taxable","15":"purchasable","16":"product-type-simple"},"yoast_head":"<!-- This site is optimized with the Yoast SEO plugin v27.4 - https:\/\/yoast.com\/product\/yoast-seo-wordpress\/ -->\n<title>Marco 2 elementos Serie Rehabitado gris planta | SAIGA<\/title>\n<meta name=\"description\" content=\"El marco BJC 2 M\u00f3dulos Re-H\u00e1bitat Gris Plata es un accesorio de dise\u00f1o elegante y funcional para la instalaci\u00f3n el\u00e9ctrica en el hogar u oficinas. Con un acabado en gris plata aporta un toque moderno y sofisticado a los espacios.\" \/>\n<meta name=\"robots\" content=\"index, follow, max-snippet:-1, max-image-preview:large, max-video-preview:-1\" \/>\n<link rel=\"canonical\" href=\"https:\/\/saiga.es\/es\/producto\/marco-2-elementos-serie-rehabitado-gris-planta\/\" \/>\n<meta property=\"og:locale\" content=\"es_ES\" \/>\n<meta property=\"og:type\" content=\"article\" \/>\n<meta property=\"og:title\" content=\"Marco 2 elementos Serie Rehabitado gris planta | SAIGA\" \/>\n<meta property=\"og:description\" content=\"El marco BJC 2 M\u00f3dulos Re-H\u00e1bitat Gris Plata es un accesorio de dise\u00f1o elegante y funcional para la instalaci\u00f3n el\u00e9ctrica en el hogar u oficinas. Con un acabado en gris plata aporta un toque moderno y sofisticado a los espacios.\" \/>\n<meta property=\"og:url\" content=\"https:\/\/saiga.es\/es\/producto\/marco-2-elementos-serie-rehabitado-gris-planta\/\" \/>\n<meta property=\"og:site_name\" content=\"SAIGA\" \/>\n<meta property=\"og:image\" content=\"https:\/\/saiga.es\/wp-content\/uploads\/2024\/09\/BJC-1-1.jpg\" \/>\n\t<meta property=\"og:image:width\" content=\"1080\" \/>\n\t<meta property=\"og:image:height\" content=\"1080\" \/>\n\t<meta property=\"og:image:type\" content=\"image\/jpeg\" \/>\n<meta name=\"twitter:card\" content=\"summary_large_image\" \/>\n<meta name=\"twitter:site\" content=\"@saiga_agro\" \/>\n<meta name=\"twitter:label1\" content=\"Tiempo de lectura\" \/>\n\t<meta name=\"twitter:data1\" content=\"1 minuto\" \/>\n<script type=\"application\/ld+json\" class=\"yoast-schema-graph\">{\"@context\":\"https:\\\/\\\/schema.org\",\"@graph\":[{\"@type\":\"WebPage\",\"@id\":\"https:\\\/\\\/saiga.es\\\/es\\\/producto\\\/marco-2-elementos-serie-rehabitado-gris-planta\\\/\",\"url\":\"https:\\\/\\\/saiga.es\\\/es\\\/producto\\\/marco-2-elementos-serie-rehabitado-gris-planta\\\/\",\"name\":\"Marco 2 elementos Serie Rehabitado gris planta | SAIGA\",\"isPartOf\":{\"@id\":\"https:\\\/\\\/saiga.es\\\/es\\\/#website\"},\"primaryImageOfPage\":{\"@id\":\"https:\\\/\\\/saiga.es\\\/es\\\/producto\\\/marco-2-elementos-serie-rehabitado-gris-planta\\\/#primaryimage\"},\"image\":{\"@id\":\"https:\\\/\\\/saiga.es\\\/es\\\/producto\\\/marco-2-elementos-serie-rehabitado-gris-planta\\\/#primaryimage\"},\"thumbnailUrl\":\"https:\\\/\\\/saiga.es\\\/wp-content\\\/uploads\\\/2024\\\/09\\\/BJC-1-1.jpg\",\"datePublished\":\"2024-09-24T13:41:42+00:00\",\"description\":\"El marco BJC 2 M\u00f3dulos Re-H\u00e1bitat Gris Plata es un accesorio de dise\u00f1o elegante y funcional para la instalaci\u00f3n el\u00e9ctrica en el hogar u oficinas. Con un acabado en gris plata aporta un toque moderno y sofisticado a los espacios.\",\"breadcrumb\":{\"@id\":\"https:\\\/\\\/saiga.es\\\/es\\\/producto\\\/marco-2-elementos-serie-rehabitado-gris-planta\\\/#breadcrumb\"},\"inLanguage\":\"es\",\"potentialAction\":[{\"@type\":\"ReadAction\",\"target\":[\"https:\\\/\\\/saiga.es\\\/es\\\/producto\\\/marco-2-elementos-serie-rehabitado-gris-planta\\\/\"]}]},{\"@type\":\"ImageObject\",\"inLanguage\":\"es\",\"@id\":\"https:\\\/\\\/saiga.es\\\/es\\\/producto\\\/marco-2-elementos-serie-rehabitado-gris-planta\\\/#primaryimage\",\"url\":\"https:\\\/\\\/saiga.es\\\/wp-content\\\/uploads\\\/2024\\\/09\\\/BJC-1-1.jpg\",\"contentUrl\":\"https:\\\/\\\/saiga.es\\\/wp-content\\\/uploads\\\/2024\\\/09\\\/BJC-1-1.jpg\",\"width\":1080,\"height\":1080,\"caption\":\"BJC\"},{\"@type\":\"BreadcrumbList\",\"@id\":\"https:\\\/\\\/saiga.es\\\/es\\\/producto\\\/marco-2-elementos-serie-rehabitado-gris-planta\\\/#breadcrumb\",\"itemListElement\":[{\"@type\":\"ListItem\",\"position\":1,\"name\":\"Inici\",\"item\":\"https:\\\/\\\/saiga.es\\\/es\\\/\"},{\"@type\":\"ListItem\",\"position\":2,\"name\":\"Tienda\",\"item\":\"https:\\\/\\\/saiga.es\\\/es\\\/tienda\\\/\"},{\"@type\":\"ListItem\",\"position\":3,\"name\":\"Marco 2 elementos Serie Rehabitado gris planta\"}]},{\"@type\":\"WebSite\",\"@id\":\"https:\\\/\\\/saiga.es\\\/es\\\/#website\",\"url\":\"https:\\\/\\\/saiga.es\\\/es\\\/\",\"name\":\"SAIGA\",\"description\":\"M\u00e9s de 50 anys al servei de la terra i treballant per a un \u00fas eficient de l\u2019aigua!\",\"publisher\":{\"@id\":\"https:\\\/\\\/saiga.es\\\/es\\\/#organization\"},\"potentialAction\":[{\"@type\":\"SearchAction\",\"target\":{\"@type\":\"EntryPoint\",\"urlTemplate\":\"https:\\\/\\\/saiga.es\\\/es\\\/?s={search_term_string}\"},\"query-input\":{\"@type\":\"PropertyValueSpecification\",\"valueRequired\":true,\"valueName\":\"search_term_string\"}}],\"inLanguage\":\"es\"},{\"@type\":\"Organization\",\"@id\":\"https:\\\/\\\/saiga.es\\\/es\\\/#organization\",\"name\":\"SAIGA\",\"url\":\"https:\\\/\\\/saiga.es\\\/es\\\/\",\"logo\":{\"@type\":\"ImageObject\",\"inLanguage\":\"es\",\"@id\":\"https:\\\/\\\/saiga.es\\\/es\\\/#\\\/schema\\\/logo\\\/image\\\/\",\"url\":\"https:\\\/\\\/saiga.es\\\/wp-content\\\/uploads\\\/2025\\\/07\\\/logo_saiga_baseline_optimitzat.svg\",\"contentUrl\":\"https:\\\/\\\/saiga.es\\\/wp-content\\\/uploads\\\/2025\\\/07\\\/logo_saiga_baseline_optimitzat.svg\",\"caption\":\"SAIGA\"},\"image\":{\"@id\":\"https:\\\/\\\/saiga.es\\\/es\\\/#\\\/schema\\\/logo\\\/image\\\/\"},\"sameAs\":[\"https:\\\/\\\/x.com\\\/saiga_agro\",\"https:\\\/\\\/www.instagram.com\\\/saiga_agro\\\/\"]}]}<\/script>\n<!-- \/ Yoast SEO plugin. -->","yoast_head_json":{"title":"Marco 2 elementos Serie Rehabitado gris planta | SAIGA","description":"El marco BJC 2 M\u00f3dulos Re-H\u00e1bitat Gris Plata es un accesorio de dise\u00f1o elegante y funcional para la instalaci\u00f3n el\u00e9ctrica en el hogar u oficinas. Con un acabado en gris plata aporta un toque moderno y sofisticado a los espacios.","robots":{"index":"index","follow":"follow","max-snippet":"max-snippet:-1","max-image-preview":"max-image-preview:large","max-video-preview":"max-video-preview:-1"},"canonical":"https:\/\/saiga.es\/es\/producto\/marco-2-elementos-serie-rehabitado-gris-planta\/","og_locale":"es_ES","og_type":"article","og_title":"Marco 2 elementos Serie Rehabitado gris planta | SAIGA","og_description":"El marco BJC 2 M\u00f3dulos Re-H\u00e1bitat Gris Plata es un accesorio de dise\u00f1o elegante y funcional para la instalaci\u00f3n el\u00e9ctrica en el hogar u oficinas. Con un acabado en gris plata aporta un toque moderno y sofisticado a los espacios.","og_url":"https:\/\/saiga.es\/es\/producto\/marco-2-elementos-serie-rehabitado-gris-planta\/","og_site_name":"SAIGA","og_image":[{"width":1080,"height":1080,"url":"https:\/\/saiga.es\/wp-content\/uploads\/2024\/09\/BJC-1-1.jpg","type":"image\/jpeg"}],"twitter_card":"summary_large_image","twitter_site":"@saiga_agro","twitter_misc":{"Tiempo de lectura":"1 minuto"},"schema":{"@context":"https:\/\/schema.org","@graph":[{"@type":"WebPage","@id":"https:\/\/saiga.es\/es\/producto\/marco-2-elementos-serie-rehabitado-gris-planta\/","url":"https:\/\/saiga.es\/es\/producto\/marco-2-elementos-serie-rehabitado-gris-planta\/","name":"Marco 2 elementos Serie Rehabitado gris planta | SAIGA","isPartOf":{"@id":"https:\/\/saiga.es\/es\/#website"},"primaryImageOfPage":{"@id":"https:\/\/saiga.es\/es\/producto\/marco-2-elementos-serie-rehabitado-gris-planta\/#primaryimage"},"image":{"@id":"https:\/\/saiga.es\/es\/producto\/marco-2-elementos-serie-rehabitado-gris-planta\/#primaryimage"},"thumbnailUrl":"https:\/\/saiga.es\/wp-content\/uploads\/2024\/09\/BJC-1-1.jpg","datePublished":"2024-09-24T13:41:42+00:00","description":"El marco BJC 2 M\u00f3dulos Re-H\u00e1bitat Gris Plata es un accesorio de dise\u00f1o elegante y funcional para la instalaci\u00f3n el\u00e9ctrica en el hogar u oficinas. Con un acabado en gris plata aporta un toque moderno y sofisticado a los espacios.","breadcrumb":{"@id":"https:\/\/saiga.es\/es\/producto\/marco-2-elementos-serie-rehabitado-gris-planta\/#breadcrumb"},"inLanguage":"es","potentialAction":[{"@type":"ReadAction","target":["https:\/\/saiga.es\/es\/producto\/marco-2-elementos-serie-rehabitado-gris-planta\/"]}]},{"@type":"ImageObject","inLanguage":"es","@id":"https:\/\/saiga.es\/es\/producto\/marco-2-elementos-serie-rehabitado-gris-planta\/#primaryimage","url":"https:\/\/saiga.es\/wp-content\/uploads\/2024\/09\/BJC-1-1.jpg","contentUrl":"https:\/\/saiga.es\/wp-content\/uploads\/2024\/09\/BJC-1-1.jpg","width":1080,"height":1080,"caption":"BJC"},{"@type":"BreadcrumbList","@id":"https:\/\/saiga.es\/es\/producto\/marco-2-elementos-serie-rehabitado-gris-planta\/#breadcrumb","itemListElement":[{"@type":"ListItem","position":1,"name":"Inici","item":"https:\/\/saiga.es\/es\/"},{"@type":"ListItem","position":2,"name":"Tienda","item":"https:\/\/saiga.es\/es\/tienda\/"},{"@type":"ListItem","position":3,"name":"Marco 2 elementos Serie Rehabitado gris planta"}]},{"@type":"WebSite","@id":"https:\/\/saiga.es\/es\/#website","url":"https:\/\/saiga.es\/es\/","name":"SAIGA","description":"M\u00e9s de 50 anys al servei de la terra i treballant per a un \u00fas eficient de l\u2019aigua!","publisher":{"@id":"https:\/\/saiga.es\/es\/#organization"},"potentialAction":[{"@type":"SearchAction","target":{"@type":"EntryPoint","urlTemplate":"https:\/\/saiga.es\/es\/?s={search_term_string}"},"query-input":{"@type":"PropertyValueSpecification","valueRequired":true,"valueName":"search_term_string"}}],"inLanguage":"es"},{"@type":"Organization","@id":"https:\/\/saiga.es\/es\/#organization","name":"SAIGA","url":"https:\/\/saiga.es\/es\/","logo":{"@type":"ImageObject","inLanguage":"es","@id":"https:\/\/saiga.es\/es\/#\/schema\/logo\/image\/","url":"https:\/\/saiga.es\/wp-content\/uploads\/2025\/07\/logo_saiga_baseline_optimitzat.svg","contentUrl":"https:\/\/saiga.es\/wp-content\/uploads\/2025\/07\/logo_saiga_baseline_optimitzat.svg","caption":"SAIGA"},"image":{"@id":"https:\/\/saiga.es\/es\/#\/schema\/logo\/image\/"},"sameAs":["https:\/\/x.com\/saiga_agro","https:\/\/www.instagram.com\/saiga_agro\/"]}]}},"_links":{"self":[{"href":"https:\/\/saiga.es\/es\/wp-json\/wp\/v2\/product\/12086","targetHints":{"allow":["GET"]}}],"collection":[{"href":"https:\/\/saiga.es\/es\/wp-json\/wp\/v2\/product"}],"about":[{"href":"https:\/\/saiga.es\/es\/wp-json\/wp\/v2\/types\/product"}],"replies":[{"embeddable":true,"href":"https:\/\/saiga.es\/es\/wp-json\/wp\/v2\/comments?post=12086"}],"wp:featuredmedia":[{"embeddable":true,"href":"https:\/\/saiga.es\/es\/wp-json\/wp\/v2\/media\/12084"}],"wp:attachment":[{"href":"https:\/\/saiga.es\/es\/wp-json\/wp\/v2\/media?parent=12086"}],"wp:term":[{"taxonomy":"product_brand","embeddable":true,"href":"https:\/\/saiga.es\/es\/wp-json\/wp\/v2\/product_brand?post=12086"},{"taxonomy":"product_cat","embeddable":true,"href":"https:\/\/saiga.es\/es\/wp-json\/wp\/v2\/product_cat?post=12086"},{"taxonomy":"product_tag","embeddable":true,"href":"https:\/\/saiga.es\/es\/wp-json\/wp\/v2\/product_tag?post=12086"}],"curies":[{"name":"wp","href":"https:\/\/api.w.org\/{rel}","templated":true}]}}