{"id":12093,"date":"2024-09-25T09:18:37","date_gmt":"2024-09-25T09:18:37","guid":{"rendered":"https:\/\/botiga.saiga.es\/producte\/cruce-8110-niessen-serie-olas\/"},"modified":"2024-09-25T09:18:37","modified_gmt":"2024-09-25T09:18:37","slug":"cruce-8110-niessen-serie-olas","status":"publish","type":"product","link":"https:\/\/saiga.es\/es\/producto\/cruce-8110-niessen-serie-olas\/","title":{"rendered":"Cruce 8110 Niessen Serie Olas"},"content":{"rendered":"<p>El modelo de cruce 8110 de Niessen de la serie Olas es un interruptor de cruce de la serie Olas, dise\u00f1ado por Niessen, una marca reconocida en el sector el\u00e9ctrico. Este interruptor permite controlar una misma fuente de luz desde tres o m\u00e1s puntos distintos, ofreciendo flexibilidad y comodidad en espacios amplios o con m\u00faltiples accesos. Con un dise\u00f1o moderno y minimalista, se integra perfectamente en cualquier entorno decorativo. Fabricado en materiales de alta calidad, garantiza durabilidad y seguridad en su uso diario. Es una opci\u00f3n ideal tanto para instalaciones residenciales como comerciales, manteniendo un equilibrio entre funcionalidad y estilo.    <\/p>\n","protected":false},"excerpt":{"rendered":"<p>El modelo de cruce 8110 de Niessen de la serie Olas es un interruptor de cruce de la serie Olas, dise\u00f1ado por Niessen, una marca reconocida en el sector el\u00e9ctrico.<\/p>\n","protected":false},"featured_media":12090,"comment_status":"closed","ping_status":"closed","template":"","meta":[],"product_brand":[],"product_cat":[1623],"product_tag":[1294,1622],"class_list":{"0":"post-12093","1":"product","2":"type-product","3":"status-publish","4":"has-post-thumbnail","6":"product_cat-niessen-es","7":"product_tag-material-electrico","8":"product_tag-niessen-es","10":"first","11":"instock","12":"taxable","13":"shipping-taxable","14":"purchasable","15":"product-type-simple"},"yoast_head":"<!-- This site is optimized with the Yoast SEO plugin v27.4 - https:\/\/yoast.com\/product\/yoast-seo-wordpress\/ -->\n<title>Cruce 8110 Niessen Serie Olas | SAIGA<\/title>\n<meta name=\"description\" content=\"El modelo de cruce 8110 de Niessen de la serie Olas es un interruptor de cruce de la serie Olas, dise\u00f1ado por Niessen, una marca reconocida en el sector el\u00e9ctrico.\" \/>\n<meta name=\"robots\" content=\"index, follow, max-snippet:-1, max-image-preview:large, max-video-preview:-1\" \/>\n<link rel=\"canonical\" href=\"https:\/\/saiga.es\/es\/producto\/cruce-8110-niessen-serie-olas\/\" \/>\n<meta property=\"og:locale\" content=\"es_ES\" \/>\n<meta property=\"og:type\" content=\"article\" \/>\n<meta property=\"og:title\" content=\"Cruce 8110 Niessen Serie Olas | SAIGA\" \/>\n<meta property=\"og:description\" content=\"El modelo de cruce 8110 de Niessen de la serie Olas es un interruptor de cruce de la serie Olas, dise\u00f1ado por Niessen, una marca reconocida en el sector el\u00e9ctrico.\" \/>\n<meta property=\"og:url\" content=\"https:\/\/saiga.es\/es\/producto\/cruce-8110-niessen-serie-olas\/\" \/>\n<meta property=\"og:site_name\" content=\"SAIGA\" \/>\n<meta property=\"og:image\" content=\"https:\/\/saiga.es\/wp-content\/uploads\/2024\/09\/Niessen-8110.jpg\" \/>\n\t<meta property=\"og:image:width\" content=\"1080\" \/>\n\t<meta property=\"og:image:height\" content=\"1080\" \/>\n\t<meta property=\"og:image:type\" content=\"image\/jpeg\" \/>\n<meta name=\"twitter:card\" content=\"summary_large_image\" \/>\n<meta name=\"twitter:site\" content=\"@saiga_agro\" \/>\n<meta name=\"twitter:label1\" content=\"Tiempo de lectura\" \/>\n\t<meta name=\"twitter:data1\" content=\"1 minuto\" \/>\n<script type=\"application\/ld+json\" class=\"yoast-schema-graph\">{\"@context\":\"https:\\\/\\\/schema.org\",\"@graph\":[{\"@type\":\"WebPage\",\"@id\":\"https:\\\/\\\/saiga.es\\\/es\\\/producto\\\/cruce-8110-niessen-serie-olas\\\/\",\"url\":\"https:\\\/\\\/saiga.es\\\/es\\\/producto\\\/cruce-8110-niessen-serie-olas\\\/\",\"name\":\"Cruce 8110 Niessen Serie Olas | SAIGA\",\"isPartOf\":{\"@id\":\"https:\\\/\\\/saiga.es\\\/es\\\/#website\"},\"primaryImageOfPage\":{\"@id\":\"https:\\\/\\\/saiga.es\\\/es\\\/producto\\\/cruce-8110-niessen-serie-olas\\\/#primaryimage\"},\"image\":{\"@id\":\"https:\\\/\\\/saiga.es\\\/es\\\/producto\\\/cruce-8110-niessen-serie-olas\\\/#primaryimage\"},\"thumbnailUrl\":\"https:\\\/\\\/saiga.es\\\/wp-content\\\/uploads\\\/2024\\\/09\\\/Niessen-8110.jpg\",\"datePublished\":\"2024-09-25T09:18:37+00:00\",\"description\":\"El modelo de cruce 8110 de Niessen de la serie Olas es un interruptor de cruce de la serie Olas, dise\u00f1ado por Niessen, una marca reconocida en el sector el\u00e9ctrico.\",\"breadcrumb\":{\"@id\":\"https:\\\/\\\/saiga.es\\\/es\\\/producto\\\/cruce-8110-niessen-serie-olas\\\/#breadcrumb\"},\"inLanguage\":\"es\",\"potentialAction\":[{\"@type\":\"ReadAction\",\"target\":[\"https:\\\/\\\/saiga.es\\\/es\\\/producto\\\/cruce-8110-niessen-serie-olas\\\/\"]}]},{\"@type\":\"ImageObject\",\"inLanguage\":\"es\",\"@id\":\"https:\\\/\\\/saiga.es\\\/es\\\/producto\\\/cruce-8110-niessen-serie-olas\\\/#primaryimage\",\"url\":\"https:\\\/\\\/saiga.es\\\/wp-content\\\/uploads\\\/2024\\\/09\\\/Niessen-8110.jpg\",\"contentUrl\":\"https:\\\/\\\/saiga.es\\\/wp-content\\\/uploads\\\/2024\\\/09\\\/Niessen-8110.jpg\",\"width\":1080,\"height\":1080,\"caption\":\"Niessen 8110\"},{\"@type\":\"BreadcrumbList\",\"@id\":\"https:\\\/\\\/saiga.es\\\/es\\\/producto\\\/cruce-8110-niessen-serie-olas\\\/#breadcrumb\",\"itemListElement\":[{\"@type\":\"ListItem\",\"position\":1,\"name\":\"Inici\",\"item\":\"https:\\\/\\\/saiga.es\\\/es\\\/\"},{\"@type\":\"ListItem\",\"position\":2,\"name\":\"Tienda\",\"item\":\"https:\\\/\\\/saiga.es\\\/es\\\/tienda\\\/\"},{\"@type\":\"ListItem\",\"position\":3,\"name\":\"Cruce 8110 Niessen Serie Olas\"}]},{\"@type\":\"WebSite\",\"@id\":\"https:\\\/\\\/saiga.es\\\/es\\\/#website\",\"url\":\"https:\\\/\\\/saiga.es\\\/es\\\/\",\"name\":\"SAIGA\",\"description\":\"M\u00e9s de 50 anys al servei de la terra i treballant per a un \u00fas eficient de l\u2019aigua!\",\"publisher\":{\"@id\":\"https:\\\/\\\/saiga.es\\\/es\\\/#organization\"},\"potentialAction\":[{\"@type\":\"SearchAction\",\"target\":{\"@type\":\"EntryPoint\",\"urlTemplate\":\"https:\\\/\\\/saiga.es\\\/es\\\/?s={search_term_string}\"},\"query-input\":{\"@type\":\"PropertyValueSpecification\",\"valueRequired\":true,\"valueName\":\"search_term_string\"}}],\"inLanguage\":\"es\"},{\"@type\":\"Organization\",\"@id\":\"https:\\\/\\\/saiga.es\\\/es\\\/#organization\",\"name\":\"SAIGA\",\"url\":\"https:\\\/\\\/saiga.es\\\/es\\\/\",\"logo\":{\"@type\":\"ImageObject\",\"inLanguage\":\"es\",\"@id\":\"https:\\\/\\\/saiga.es\\\/es\\\/#\\\/schema\\\/logo\\\/image\\\/\",\"url\":\"https:\\\/\\\/saiga.es\\\/wp-content\\\/uploads\\\/2025\\\/07\\\/logo_saiga_baseline_optimitzat.svg\",\"contentUrl\":\"https:\\\/\\\/saiga.es\\\/wp-content\\\/uploads\\\/2025\\\/07\\\/logo_saiga_baseline_optimitzat.svg\",\"caption\":\"SAIGA\"},\"image\":{\"@id\":\"https:\\\/\\\/saiga.es\\\/es\\\/#\\\/schema\\\/logo\\\/image\\\/\"},\"sameAs\":[\"https:\\\/\\\/x.com\\\/saiga_agro\",\"https:\\\/\\\/www.instagram.com\\\/saiga_agro\\\/\"]}]}<\/script>\n<!-- \/ Yoast SEO plugin. -->","yoast_head_json":{"title":"Cruce 8110 Niessen Serie Olas | SAIGA","description":"El modelo de cruce 8110 de Niessen de la serie Olas es un interruptor de cruce de la serie Olas, dise\u00f1ado por Niessen, una marca reconocida en el sector el\u00e9ctrico.","robots":{"index":"index","follow":"follow","max-snippet":"max-snippet:-1","max-image-preview":"max-image-preview:large","max-video-preview":"max-video-preview:-1"},"canonical":"https:\/\/saiga.es\/es\/producto\/cruce-8110-niessen-serie-olas\/","og_locale":"es_ES","og_type":"article","og_title":"Cruce 8110 Niessen Serie Olas | SAIGA","og_description":"El modelo de cruce 8110 de Niessen de la serie Olas es un interruptor de cruce de la serie Olas, dise\u00f1ado por Niessen, una marca reconocida en el sector el\u00e9ctrico.","og_url":"https:\/\/saiga.es\/es\/producto\/cruce-8110-niessen-serie-olas\/","og_site_name":"SAIGA","og_image":[{"width":1080,"height":1080,"url":"https:\/\/saiga.es\/wp-content\/uploads\/2024\/09\/Niessen-8110.jpg","type":"image\/jpeg"}],"twitter_card":"summary_large_image","twitter_site":"@saiga_agro","twitter_misc":{"Tiempo de lectura":"1 minuto"},"schema":{"@context":"https:\/\/schema.org","@graph":[{"@type":"WebPage","@id":"https:\/\/saiga.es\/es\/producto\/cruce-8110-niessen-serie-olas\/","url":"https:\/\/saiga.es\/es\/producto\/cruce-8110-niessen-serie-olas\/","name":"Cruce 8110 Niessen Serie Olas | SAIGA","isPartOf":{"@id":"https:\/\/saiga.es\/es\/#website"},"primaryImageOfPage":{"@id":"https:\/\/saiga.es\/es\/producto\/cruce-8110-niessen-serie-olas\/#primaryimage"},"image":{"@id":"https:\/\/saiga.es\/es\/producto\/cruce-8110-niessen-serie-olas\/#primaryimage"},"thumbnailUrl":"https:\/\/saiga.es\/wp-content\/uploads\/2024\/09\/Niessen-8110.jpg","datePublished":"2024-09-25T09:18:37+00:00","description":"El modelo de cruce 8110 de Niessen de la serie Olas es un interruptor de cruce de la serie Olas, dise\u00f1ado por Niessen, una marca reconocida en el sector el\u00e9ctrico.","breadcrumb":{"@id":"https:\/\/saiga.es\/es\/producto\/cruce-8110-niessen-serie-olas\/#breadcrumb"},"inLanguage":"es","potentialAction":[{"@type":"ReadAction","target":["https:\/\/saiga.es\/es\/producto\/cruce-8110-niessen-serie-olas\/"]}]},{"@type":"ImageObject","inLanguage":"es","@id":"https:\/\/saiga.es\/es\/producto\/cruce-8110-niessen-serie-olas\/#primaryimage","url":"https:\/\/saiga.es\/wp-content\/uploads\/2024\/09\/Niessen-8110.jpg","contentUrl":"https:\/\/saiga.es\/wp-content\/uploads\/2024\/09\/Niessen-8110.jpg","width":1080,"height":1080,"caption":"Niessen 8110"},{"@type":"BreadcrumbList","@id":"https:\/\/saiga.es\/es\/producto\/cruce-8110-niessen-serie-olas\/#breadcrumb","itemListElement":[{"@type":"ListItem","position":1,"name":"Inici","item":"https:\/\/saiga.es\/es\/"},{"@type":"ListItem","position":2,"name":"Tienda","item":"https:\/\/saiga.es\/es\/tienda\/"},{"@type":"ListItem","position":3,"name":"Cruce 8110 Niessen Serie Olas"}]},{"@type":"WebSite","@id":"https:\/\/saiga.es\/es\/#website","url":"https:\/\/saiga.es\/es\/","name":"SAIGA","description":"M\u00e9s de 50 anys al servei de la terra i treballant per a un \u00fas eficient de l\u2019aigua!","publisher":{"@id":"https:\/\/saiga.es\/es\/#organization"},"potentialAction":[{"@type":"SearchAction","target":{"@type":"EntryPoint","urlTemplate":"https:\/\/saiga.es\/es\/?s={search_term_string}"},"query-input":{"@type":"PropertyValueSpecification","valueRequired":true,"valueName":"search_term_string"}}],"inLanguage":"es"},{"@type":"Organization","@id":"https:\/\/saiga.es\/es\/#organization","name":"SAIGA","url":"https:\/\/saiga.es\/es\/","logo":{"@type":"ImageObject","inLanguage":"es","@id":"https:\/\/saiga.es\/es\/#\/schema\/logo\/image\/","url":"https:\/\/saiga.es\/wp-content\/uploads\/2025\/07\/logo_saiga_baseline_optimitzat.svg","contentUrl":"https:\/\/saiga.es\/wp-content\/uploads\/2025\/07\/logo_saiga_baseline_optimitzat.svg","caption":"SAIGA"},"image":{"@id":"https:\/\/saiga.es\/es\/#\/schema\/logo\/image\/"},"sameAs":["https:\/\/x.com\/saiga_agro","https:\/\/www.instagram.com\/saiga_agro\/"]}]}},"_links":{"self":[{"href":"https:\/\/saiga.es\/es\/wp-json\/wp\/v2\/product\/12093","targetHints":{"allow":["GET"]}}],"collection":[{"href":"https:\/\/saiga.es\/es\/wp-json\/wp\/v2\/product"}],"about":[{"href":"https:\/\/saiga.es\/es\/wp-json\/wp\/v2\/types\/product"}],"replies":[{"embeddable":true,"href":"https:\/\/saiga.es\/es\/wp-json\/wp\/v2\/comments?post=12093"}],"wp:featuredmedia":[{"embeddable":true,"href":"https:\/\/saiga.es\/es\/wp-json\/wp\/v2\/media\/12090"}],"wp:attachment":[{"href":"https:\/\/saiga.es\/es\/wp-json\/wp\/v2\/media?parent=12093"}],"wp:term":[{"taxonomy":"product_brand","embeddable":true,"href":"https:\/\/saiga.es\/es\/wp-json\/wp\/v2\/product_brand?post=12093"},{"taxonomy":"product_cat","embeddable":true,"href":"https:\/\/saiga.es\/es\/wp-json\/wp\/v2\/product_cat?post=12093"},{"taxonomy":"product_tag","embeddable":true,"href":"https:\/\/saiga.es\/es\/wp-json\/wp\/v2\/product_tag?post=12093"}],"curies":[{"name":"wp","href":"https:\/\/api.w.org\/{rel}","templated":true}]}}