{"id":12118,"date":"2024-09-27T12:52:52","date_gmt":"2024-09-27T12:52:52","guid":{"rendered":"https:\/\/botiga.saiga.es\/producte\/tijera-de-podar-inox-stocker\/"},"modified":"2025-02-04T14:23:20","modified_gmt":"2025-02-04T14:23:20","slug":"tijera-de-podar-inox-stocker","status":"publish","type":"product","link":"https:\/\/saiga.es\/es\/producto\/tijera-de-podar-inox-stocker\/","title":{"rendered":"Tijera de podar inox Stocker"},"content":{"rendered":"<p>La tijera inoxidable Stocker modelo 332, de 19 cm, es una herramienta de alta calidad dise\u00f1ada para trabajos de jardiner\u00eda y uso dom\u00e9stico. Fabricadas en acero inoxidable resistente a la corrosi\u00f3n, ofrecen una larga durabilidad y mantienen el corte afilado durante mucho tiempo. Su dise\u00f1o ergon\u00f3mico proporciona una toma c\u00f3moda y segura, reduciendo la fatiga durante su uso prolongado. Son ideales para labores de poda, corte de plantas, alambre y otros materiales ligeros. Con una apertura certera y un sistema de cierre seguro, estas tijeras son una elecci\u00f3n fiable para los aficionados y profesionales de la jardiner\u00eda.<\/p>\n","protected":false},"excerpt":{"rendered":"<p>La tijera inoxidable Stocker modelo 332, de 19 cm, es una herramienta de alta calidad dise\u00f1ada para trabajos de jardiner\u00eda y uso dom\u00e9stico.<\/p>\n","protected":false},"featured_media":12116,"comment_status":"closed","ping_status":"closed","template":"","meta":[],"product_brand":[],"product_cat":[398,1865],"product_tag":[553,1652,1655],"class_list":{"0":"post-12118","1":"product","2":"type-product","3":"status-publish","4":"has-post-thumbnail","6":"product_cat-podadoras","7":"product_cat-stocker-es","8":"product_tag-poda-es","9":"product_tag-stocker-es","10":"product_tag-tijera-de-podar","12":"first","13":"instock","14":"taxable","15":"shipping-taxable","16":"purchasable","17":"product-type-simple"},"yoast_head":"<!-- This site is optimized with the Yoast SEO plugin v27.4 - https:\/\/yoast.com\/product\/yoast-seo-wordpress\/ -->\n<title>Tijera de podar inox Stocker | SAIGA<\/title>\n<meta name=\"description\" content=\"La tijera inoxidable Stocker modelo 332, de 19 cm, es una herramienta de alta calidad dise\u00f1ada para trabajos de jardiner\u00eda y uso dom\u00e9stico.\" \/>\n<meta name=\"robots\" content=\"index, follow, max-snippet:-1, max-image-preview:large, max-video-preview:-1\" \/>\n<link rel=\"canonical\" href=\"https:\/\/saiga.es\/es\/producto\/tijera-de-podar-inox-stocker\/\" \/>\n<meta property=\"og:locale\" content=\"es_ES\" \/>\n<meta property=\"og:type\" content=\"article\" \/>\n<meta property=\"og:title\" content=\"Tijera de podar inox Stocker | SAIGA\" \/>\n<meta property=\"og:description\" content=\"La tijera inoxidable Stocker modelo 332, de 19 cm, es una herramienta de alta calidad dise\u00f1ada para trabajos de jardiner\u00eda y uso dom\u00e9stico.\" \/>\n<meta property=\"og:url\" content=\"https:\/\/saiga.es\/es\/producto\/tijera-de-podar-inox-stocker\/\" \/>\n<meta property=\"og:site_name\" content=\"SAIGA\" \/>\n<meta property=\"article:modified_time\" content=\"2025-02-04T14:23:20+00:00\" \/>\n<meta property=\"og:image\" content=\"https:\/\/saiga.es\/wp-content\/uploads\/2024\/09\/Tisora-Stocker-332.jpg\" \/>\n\t<meta property=\"og:image:width\" content=\"1080\" \/>\n\t<meta property=\"og:image:height\" content=\"1080\" \/>\n\t<meta property=\"og:image:type\" content=\"image\/jpeg\" \/>\n<meta name=\"twitter:card\" content=\"summary_large_image\" \/>\n<meta name=\"twitter:site\" content=\"@saiga_agro\" \/>\n<meta name=\"twitter:label1\" content=\"Tiempo de lectura\" \/>\n\t<meta name=\"twitter:data1\" content=\"1 minuto\" \/>\n<script type=\"application\/ld+json\" class=\"yoast-schema-graph\">{\"@context\":\"https:\\\/\\\/schema.org\",\"@graph\":[{\"@type\":\"WebPage\",\"@id\":\"https:\\\/\\\/saiga.es\\\/es\\\/producto\\\/tijera-de-podar-inox-stocker\\\/\",\"url\":\"https:\\\/\\\/saiga.es\\\/es\\\/producto\\\/tijera-de-podar-inox-stocker\\\/\",\"name\":\"Tijera de podar inox Stocker | SAIGA\",\"isPartOf\":{\"@id\":\"https:\\\/\\\/saiga.es\\\/es\\\/#website\"},\"primaryImageOfPage\":{\"@id\":\"https:\\\/\\\/saiga.es\\\/es\\\/producto\\\/tijera-de-podar-inox-stocker\\\/#primaryimage\"},\"image\":{\"@id\":\"https:\\\/\\\/saiga.es\\\/es\\\/producto\\\/tijera-de-podar-inox-stocker\\\/#primaryimage\"},\"thumbnailUrl\":\"https:\\\/\\\/saiga.es\\\/wp-content\\\/uploads\\\/2024\\\/09\\\/Tisora-Stocker-332.jpg\",\"datePublished\":\"2024-09-27T12:52:52+00:00\",\"dateModified\":\"2025-02-04T14:23:20+00:00\",\"description\":\"La tijera inoxidable Stocker modelo 332, de 19 cm, es una herramienta de alta calidad dise\u00f1ada para trabajos de jardiner\u00eda y uso dom\u00e9stico.\",\"breadcrumb\":{\"@id\":\"https:\\\/\\\/saiga.es\\\/es\\\/producto\\\/tijera-de-podar-inox-stocker\\\/#breadcrumb\"},\"inLanguage\":\"es\",\"potentialAction\":[{\"@type\":\"ReadAction\",\"target\":[\"https:\\\/\\\/saiga.es\\\/es\\\/producto\\\/tijera-de-podar-inox-stocker\\\/\"]}]},{\"@type\":\"ImageObject\",\"inLanguage\":\"es\",\"@id\":\"https:\\\/\\\/saiga.es\\\/es\\\/producto\\\/tijera-de-podar-inox-stocker\\\/#primaryimage\",\"url\":\"https:\\\/\\\/saiga.es\\\/wp-content\\\/uploads\\\/2024\\\/09\\\/Tisora-Stocker-332.jpg\",\"contentUrl\":\"https:\\\/\\\/saiga.es\\\/wp-content\\\/uploads\\\/2024\\\/09\\\/Tisora-Stocker-332.jpg\",\"width\":1080,\"height\":1080,\"caption\":\"Tijera de podar Inox Stocker\"},{\"@type\":\"BreadcrumbList\",\"@id\":\"https:\\\/\\\/saiga.es\\\/es\\\/producto\\\/tijera-de-podar-inox-stocker\\\/#breadcrumb\",\"itemListElement\":[{\"@type\":\"ListItem\",\"position\":1,\"name\":\"Inici\",\"item\":\"https:\\\/\\\/saiga.es\\\/es\\\/\"},{\"@type\":\"ListItem\",\"position\":2,\"name\":\"Tienda\",\"item\":\"https:\\\/\\\/saiga.es\\\/es\\\/tienda\\\/\"},{\"@type\":\"ListItem\",\"position\":3,\"name\":\"Tijera de podar inox Stocker\"}]},{\"@type\":\"WebSite\",\"@id\":\"https:\\\/\\\/saiga.es\\\/es\\\/#website\",\"url\":\"https:\\\/\\\/saiga.es\\\/es\\\/\",\"name\":\"SAIGA\",\"description\":\"M\u00e9s de 50 anys al servei de la terra i treballant per a un \u00fas eficient de l\u2019aigua!\",\"publisher\":{\"@id\":\"https:\\\/\\\/saiga.es\\\/es\\\/#organization\"},\"potentialAction\":[{\"@type\":\"SearchAction\",\"target\":{\"@type\":\"EntryPoint\",\"urlTemplate\":\"https:\\\/\\\/saiga.es\\\/es\\\/?s={search_term_string}\"},\"query-input\":{\"@type\":\"PropertyValueSpecification\",\"valueRequired\":true,\"valueName\":\"search_term_string\"}}],\"inLanguage\":\"es\"},{\"@type\":\"Organization\",\"@id\":\"https:\\\/\\\/saiga.es\\\/es\\\/#organization\",\"name\":\"SAIGA\",\"url\":\"https:\\\/\\\/saiga.es\\\/es\\\/\",\"logo\":{\"@type\":\"ImageObject\",\"inLanguage\":\"es\",\"@id\":\"https:\\\/\\\/saiga.es\\\/es\\\/#\\\/schema\\\/logo\\\/image\\\/\",\"url\":\"https:\\\/\\\/saiga.es\\\/wp-content\\\/uploads\\\/2025\\\/07\\\/logo_saiga_baseline_optimitzat.svg\",\"contentUrl\":\"https:\\\/\\\/saiga.es\\\/wp-content\\\/uploads\\\/2025\\\/07\\\/logo_saiga_baseline_optimitzat.svg\",\"caption\":\"SAIGA\"},\"image\":{\"@id\":\"https:\\\/\\\/saiga.es\\\/es\\\/#\\\/schema\\\/logo\\\/image\\\/\"},\"sameAs\":[\"https:\\\/\\\/x.com\\\/saiga_agro\",\"https:\\\/\\\/www.instagram.com\\\/saiga_agro\\\/\"]}]}<\/script>\n<!-- \/ Yoast SEO plugin. -->","yoast_head_json":{"title":"Tijera de podar inox Stocker | SAIGA","description":"La tijera inoxidable Stocker modelo 332, de 19 cm, es una herramienta de alta calidad dise\u00f1ada para trabajos de jardiner\u00eda y uso dom\u00e9stico.","robots":{"index":"index","follow":"follow","max-snippet":"max-snippet:-1","max-image-preview":"max-image-preview:large","max-video-preview":"max-video-preview:-1"},"canonical":"https:\/\/saiga.es\/es\/producto\/tijera-de-podar-inox-stocker\/","og_locale":"es_ES","og_type":"article","og_title":"Tijera de podar inox Stocker | SAIGA","og_description":"La tijera inoxidable Stocker modelo 332, de 19 cm, es una herramienta de alta calidad dise\u00f1ada para trabajos de jardiner\u00eda y uso dom\u00e9stico.","og_url":"https:\/\/saiga.es\/es\/producto\/tijera-de-podar-inox-stocker\/","og_site_name":"SAIGA","article_modified_time":"2025-02-04T14:23:20+00:00","og_image":[{"width":1080,"height":1080,"url":"https:\/\/saiga.es\/wp-content\/uploads\/2024\/09\/Tisora-Stocker-332.jpg","type":"image\/jpeg"}],"twitter_card":"summary_large_image","twitter_site":"@saiga_agro","twitter_misc":{"Tiempo de lectura":"1 minuto"},"schema":{"@context":"https:\/\/schema.org","@graph":[{"@type":"WebPage","@id":"https:\/\/saiga.es\/es\/producto\/tijera-de-podar-inox-stocker\/","url":"https:\/\/saiga.es\/es\/producto\/tijera-de-podar-inox-stocker\/","name":"Tijera de podar inox Stocker | SAIGA","isPartOf":{"@id":"https:\/\/saiga.es\/es\/#website"},"primaryImageOfPage":{"@id":"https:\/\/saiga.es\/es\/producto\/tijera-de-podar-inox-stocker\/#primaryimage"},"image":{"@id":"https:\/\/saiga.es\/es\/producto\/tijera-de-podar-inox-stocker\/#primaryimage"},"thumbnailUrl":"https:\/\/saiga.es\/wp-content\/uploads\/2024\/09\/Tisora-Stocker-332.jpg","datePublished":"2024-09-27T12:52:52+00:00","dateModified":"2025-02-04T14:23:20+00:00","description":"La tijera inoxidable Stocker modelo 332, de 19 cm, es una herramienta de alta calidad dise\u00f1ada para trabajos de jardiner\u00eda y uso dom\u00e9stico.","breadcrumb":{"@id":"https:\/\/saiga.es\/es\/producto\/tijera-de-podar-inox-stocker\/#breadcrumb"},"inLanguage":"es","potentialAction":[{"@type":"ReadAction","target":["https:\/\/saiga.es\/es\/producto\/tijera-de-podar-inox-stocker\/"]}]},{"@type":"ImageObject","inLanguage":"es","@id":"https:\/\/saiga.es\/es\/producto\/tijera-de-podar-inox-stocker\/#primaryimage","url":"https:\/\/saiga.es\/wp-content\/uploads\/2024\/09\/Tisora-Stocker-332.jpg","contentUrl":"https:\/\/saiga.es\/wp-content\/uploads\/2024\/09\/Tisora-Stocker-332.jpg","width":1080,"height":1080,"caption":"Tijera de podar Inox Stocker"},{"@type":"BreadcrumbList","@id":"https:\/\/saiga.es\/es\/producto\/tijera-de-podar-inox-stocker\/#breadcrumb","itemListElement":[{"@type":"ListItem","position":1,"name":"Inici","item":"https:\/\/saiga.es\/es\/"},{"@type":"ListItem","position":2,"name":"Tienda","item":"https:\/\/saiga.es\/es\/tienda\/"},{"@type":"ListItem","position":3,"name":"Tijera de podar inox Stocker"}]},{"@type":"WebSite","@id":"https:\/\/saiga.es\/es\/#website","url":"https:\/\/saiga.es\/es\/","name":"SAIGA","description":"M\u00e9s de 50 anys al servei de la terra i treballant per a un \u00fas eficient de l\u2019aigua!","publisher":{"@id":"https:\/\/saiga.es\/es\/#organization"},"potentialAction":[{"@type":"SearchAction","target":{"@type":"EntryPoint","urlTemplate":"https:\/\/saiga.es\/es\/?s={search_term_string}"},"query-input":{"@type":"PropertyValueSpecification","valueRequired":true,"valueName":"search_term_string"}}],"inLanguage":"es"},{"@type":"Organization","@id":"https:\/\/saiga.es\/es\/#organization","name":"SAIGA","url":"https:\/\/saiga.es\/es\/","logo":{"@type":"ImageObject","inLanguage":"es","@id":"https:\/\/saiga.es\/es\/#\/schema\/logo\/image\/","url":"https:\/\/saiga.es\/wp-content\/uploads\/2025\/07\/logo_saiga_baseline_optimitzat.svg","contentUrl":"https:\/\/saiga.es\/wp-content\/uploads\/2025\/07\/logo_saiga_baseline_optimitzat.svg","caption":"SAIGA"},"image":{"@id":"https:\/\/saiga.es\/es\/#\/schema\/logo\/image\/"},"sameAs":["https:\/\/x.com\/saiga_agro","https:\/\/www.instagram.com\/saiga_agro\/"]}]}},"_links":{"self":[{"href":"https:\/\/saiga.es\/es\/wp-json\/wp\/v2\/product\/12118","targetHints":{"allow":["GET"]}}],"collection":[{"href":"https:\/\/saiga.es\/es\/wp-json\/wp\/v2\/product"}],"about":[{"href":"https:\/\/saiga.es\/es\/wp-json\/wp\/v2\/types\/product"}],"replies":[{"embeddable":true,"href":"https:\/\/saiga.es\/es\/wp-json\/wp\/v2\/comments?post=12118"}],"wp:featuredmedia":[{"embeddable":true,"href":"https:\/\/saiga.es\/es\/wp-json\/wp\/v2\/media\/12116"}],"wp:attachment":[{"href":"https:\/\/saiga.es\/es\/wp-json\/wp\/v2\/media?parent=12118"}],"wp:term":[{"taxonomy":"product_brand","embeddable":true,"href":"https:\/\/saiga.es\/es\/wp-json\/wp\/v2\/product_brand?post=12118"},{"taxonomy":"product_cat","embeddable":true,"href":"https:\/\/saiga.es\/es\/wp-json\/wp\/v2\/product_cat?post=12118"},{"taxonomy":"product_tag","embeddable":true,"href":"https:\/\/saiga.es\/es\/wp-json\/wp\/v2\/product_tag?post=12118"}],"curies":[{"name":"wp","href":"https:\/\/api.w.org\/{rel}","templated":true}]}}