{"id":12197,"date":"2024-10-01T10:39:22","date_gmt":"2024-10-01T10:39:22","guid":{"rendered":"https:\/\/botiga.saiga.es\/producte\/tijera-de-podar-bahco-p110-20-f\/"},"modified":"2025-12-22T10:17:24","modified_gmt":"2025-12-22T10:17:24","slug":"tijera-de-podar-bahco-p110-20-f","status":"publish","type":"product","link":"https:\/\/saiga.es\/es\/producto\/tijera-de-podar-bahco-p110-20-f\/","title":{"rendered":"Tijera de podar Bahco P110-20-F"},"content":{"rendered":"<p>La tijera de podar Bahco P110-20-F es una herramienta manual de alta calidad, dise\u00f1ada para la poda precisa de ramas y plantas de tama\u00f1o mediano. Con unas hojas de acero duraderas y de corte afilado, ofrece una gran capacidad de corte hasta 20 mm de di\u00e1metro. Su dise\u00f1o ergon\u00f3mico con mangos de fibra reforzada proporciona comodidad y minimiza el esfuerzo durante el uso prolongado. Adem\u00e1s, la tijera incluye un mecanismo de cierre seguro para un almacenamiento f\u00e1cil. Ideal tanto para profesionales como para aficionados de la jardiner\u00eda que buscan una herramienta eficiente y de confianza.    <\/p>\n","protected":false},"excerpt":{"rendered":"<p>La tijera de podar Bahco P110-20-F es una herramienta manual de alta calidad, dise\u00f1ada para la poda precisa de ramas y plantas de tama\u00f1o medio.<\/p>\n","protected":false},"featured_media":12195,"comment_status":"closed","ping_status":"closed","template":"","meta":[],"product_brand":[],"product_cat":[1860],"product_tag":[1658,553,1662],"class_list":{"0":"post-12197","1":"product","2":"type-product","3":"status-publish","4":"has-post-thumbnail","6":"product_cat-bahco-es","7":"product_tag-bahco-es","8":"product_tag-poda-es","9":"product_tag-tijera-de-poda","11":"first","12":"instock","13":"taxable","14":"shipping-taxable","15":"purchasable","16":"product-type-simple"},"yoast_head":"<!-- This site is optimized with the Yoast SEO plugin v27.4 - https:\/\/yoast.com\/product\/yoast-seo-wordpress\/ -->\n<title>Tijera de podar Bahco P110-20-F | SAIGA<\/title>\n<meta name=\"description\" content=\"La tijera de podar Bahco P110-20-F es una herramienta manual de alta calidad, dise\u00f1ada para la poda precisa de ramas y plantas de tama\u00f1o medio.\" \/>\n<meta name=\"robots\" content=\"index, follow, max-snippet:-1, max-image-preview:large, max-video-preview:-1\" \/>\n<link rel=\"canonical\" href=\"https:\/\/saiga.es\/es\/producto\/tijera-de-podar-bahco-p110-20-f\/\" \/>\n<meta property=\"og:locale\" content=\"es_ES\" \/>\n<meta property=\"og:type\" content=\"article\" \/>\n<meta property=\"og:title\" content=\"Tijera de podar Bahco P110-20-F | SAIGA\" \/>\n<meta property=\"og:description\" content=\"La tijera de podar Bahco P110-20-F es una herramienta manual de alta calidad, dise\u00f1ada para la poda precisa de ramas y plantas de tama\u00f1o medio.\" \/>\n<meta property=\"og:url\" content=\"https:\/\/saiga.es\/es\/producto\/tijera-de-podar-bahco-p110-20-f\/\" \/>\n<meta property=\"og:site_name\" content=\"SAIGA\" \/>\n<meta property=\"article:modified_time\" content=\"2025-12-22T10:17:24+00:00\" \/>\n<meta property=\"og:image\" content=\"https:\/\/saiga.es\/wp-content\/uploads\/2024\/10\/P110-20-F.jpg\" \/>\n\t<meta property=\"og:image:width\" content=\"1080\" \/>\n\t<meta property=\"og:image:height\" content=\"1080\" \/>\n\t<meta property=\"og:image:type\" content=\"image\/jpeg\" \/>\n<meta name=\"twitter:card\" content=\"summary_large_image\" \/>\n<meta name=\"twitter:site\" content=\"@saiga_agro\" \/>\n<meta name=\"twitter:label1\" content=\"Tiempo de lectura\" \/>\n\t<meta name=\"twitter:data1\" content=\"1 minuto\" \/>\n<script type=\"application\/ld+json\" class=\"yoast-schema-graph\">{\"@context\":\"https:\\\/\\\/schema.org\",\"@graph\":[{\"@type\":\"WebPage\",\"@id\":\"https:\\\/\\\/saiga.es\\\/es\\\/producto\\\/tijera-de-podar-bahco-p110-20-f\\\/\",\"url\":\"https:\\\/\\\/saiga.es\\\/es\\\/producto\\\/tijera-de-podar-bahco-p110-20-f\\\/\",\"name\":\"Tijera de podar Bahco P110-20-F | SAIGA\",\"isPartOf\":{\"@id\":\"https:\\\/\\\/saiga.es\\\/es\\\/#website\"},\"primaryImageOfPage\":{\"@id\":\"https:\\\/\\\/saiga.es\\\/es\\\/producto\\\/tijera-de-podar-bahco-p110-20-f\\\/#primaryimage\"},\"image\":{\"@id\":\"https:\\\/\\\/saiga.es\\\/es\\\/producto\\\/tijera-de-podar-bahco-p110-20-f\\\/#primaryimage\"},\"thumbnailUrl\":\"https:\\\/\\\/saiga.es\\\/wp-content\\\/uploads\\\/2024\\\/10\\\/P110-20-F.jpg\",\"datePublished\":\"2024-10-01T10:39:22+00:00\",\"dateModified\":\"2025-12-22T10:17:24+00:00\",\"description\":\"La tijera de podar Bahco P110-20-F es una herramienta manual de alta calidad, dise\u00f1ada para la poda precisa de ramas y plantas de tama\u00f1o medio.\",\"breadcrumb\":{\"@id\":\"https:\\\/\\\/saiga.es\\\/es\\\/producto\\\/tijera-de-podar-bahco-p110-20-f\\\/#breadcrumb\"},\"inLanguage\":\"es\",\"potentialAction\":[{\"@type\":\"ReadAction\",\"target\":[\"https:\\\/\\\/saiga.es\\\/es\\\/producto\\\/tijera-de-podar-bahco-p110-20-f\\\/\"]}]},{\"@type\":\"ImageObject\",\"inLanguage\":\"es\",\"@id\":\"https:\\\/\\\/saiga.es\\\/es\\\/producto\\\/tijera-de-podar-bahco-p110-20-f\\\/#primaryimage\",\"url\":\"https:\\\/\\\/saiga.es\\\/wp-content\\\/uploads\\\/2024\\\/10\\\/P110-20-F.jpg\",\"contentUrl\":\"https:\\\/\\\/saiga.es\\\/wp-content\\\/uploads\\\/2024\\\/10\\\/P110-20-F.jpg\",\"width\":1080,\"height\":1080,\"caption\":\"Tijera de poda 110-20-F\"},{\"@type\":\"BreadcrumbList\",\"@id\":\"https:\\\/\\\/saiga.es\\\/es\\\/producto\\\/tijera-de-podar-bahco-p110-20-f\\\/#breadcrumb\",\"itemListElement\":[{\"@type\":\"ListItem\",\"position\":1,\"name\":\"Inici\",\"item\":\"https:\\\/\\\/saiga.es\\\/es\\\/\"},{\"@type\":\"ListItem\",\"position\":2,\"name\":\"Tienda\",\"item\":\"https:\\\/\\\/saiga.es\\\/es\\\/tienda\\\/\"},{\"@type\":\"ListItem\",\"position\":3,\"name\":\"Tijera de podar Bahco P110-20-F\"}]},{\"@type\":\"WebSite\",\"@id\":\"https:\\\/\\\/saiga.es\\\/es\\\/#website\",\"url\":\"https:\\\/\\\/saiga.es\\\/es\\\/\",\"name\":\"SAIGA\",\"description\":\"M\u00e9s de 50 anys al servei de la terra i treballant per a un \u00fas eficient de l\u2019aigua!\",\"publisher\":{\"@id\":\"https:\\\/\\\/saiga.es\\\/es\\\/#organization\"},\"potentialAction\":[{\"@type\":\"SearchAction\",\"target\":{\"@type\":\"EntryPoint\",\"urlTemplate\":\"https:\\\/\\\/saiga.es\\\/es\\\/?s={search_term_string}\"},\"query-input\":{\"@type\":\"PropertyValueSpecification\",\"valueRequired\":true,\"valueName\":\"search_term_string\"}}],\"inLanguage\":\"es\"},{\"@type\":\"Organization\",\"@id\":\"https:\\\/\\\/saiga.es\\\/es\\\/#organization\",\"name\":\"SAIGA\",\"url\":\"https:\\\/\\\/saiga.es\\\/es\\\/\",\"logo\":{\"@type\":\"ImageObject\",\"inLanguage\":\"es\",\"@id\":\"https:\\\/\\\/saiga.es\\\/es\\\/#\\\/schema\\\/logo\\\/image\\\/\",\"url\":\"https:\\\/\\\/saiga.es\\\/wp-content\\\/uploads\\\/2025\\\/07\\\/logo_saiga_baseline_optimitzat.svg\",\"contentUrl\":\"https:\\\/\\\/saiga.es\\\/wp-content\\\/uploads\\\/2025\\\/07\\\/logo_saiga_baseline_optimitzat.svg\",\"caption\":\"SAIGA\"},\"image\":{\"@id\":\"https:\\\/\\\/saiga.es\\\/es\\\/#\\\/schema\\\/logo\\\/image\\\/\"},\"sameAs\":[\"https:\\\/\\\/x.com\\\/saiga_agro\",\"https:\\\/\\\/www.instagram.com\\\/saiga_agro\\\/\"]}]}<\/script>\n<!-- \/ Yoast SEO plugin. -->","yoast_head_json":{"title":"Tijera de podar Bahco P110-20-F | SAIGA","description":"La tijera de podar Bahco P110-20-F es una herramienta manual de alta calidad, dise\u00f1ada para la poda precisa de ramas y plantas de tama\u00f1o medio.","robots":{"index":"index","follow":"follow","max-snippet":"max-snippet:-1","max-image-preview":"max-image-preview:large","max-video-preview":"max-video-preview:-1"},"canonical":"https:\/\/saiga.es\/es\/producto\/tijera-de-podar-bahco-p110-20-f\/","og_locale":"es_ES","og_type":"article","og_title":"Tijera de podar Bahco P110-20-F | SAIGA","og_description":"La tijera de podar Bahco P110-20-F es una herramienta manual de alta calidad, dise\u00f1ada para la poda precisa de ramas y plantas de tama\u00f1o medio.","og_url":"https:\/\/saiga.es\/es\/producto\/tijera-de-podar-bahco-p110-20-f\/","og_site_name":"SAIGA","article_modified_time":"2025-12-22T10:17:24+00:00","og_image":[{"width":1080,"height":1080,"url":"https:\/\/saiga.es\/wp-content\/uploads\/2024\/10\/P110-20-F.jpg","type":"image\/jpeg"}],"twitter_card":"summary_large_image","twitter_site":"@saiga_agro","twitter_misc":{"Tiempo de lectura":"1 minuto"},"schema":{"@context":"https:\/\/schema.org","@graph":[{"@type":"WebPage","@id":"https:\/\/saiga.es\/es\/producto\/tijera-de-podar-bahco-p110-20-f\/","url":"https:\/\/saiga.es\/es\/producto\/tijera-de-podar-bahco-p110-20-f\/","name":"Tijera de podar Bahco P110-20-F | SAIGA","isPartOf":{"@id":"https:\/\/saiga.es\/es\/#website"},"primaryImageOfPage":{"@id":"https:\/\/saiga.es\/es\/producto\/tijera-de-podar-bahco-p110-20-f\/#primaryimage"},"image":{"@id":"https:\/\/saiga.es\/es\/producto\/tijera-de-podar-bahco-p110-20-f\/#primaryimage"},"thumbnailUrl":"https:\/\/saiga.es\/wp-content\/uploads\/2024\/10\/P110-20-F.jpg","datePublished":"2024-10-01T10:39:22+00:00","dateModified":"2025-12-22T10:17:24+00:00","description":"La tijera de podar Bahco P110-20-F es una herramienta manual de alta calidad, dise\u00f1ada para la poda precisa de ramas y plantas de tama\u00f1o medio.","breadcrumb":{"@id":"https:\/\/saiga.es\/es\/producto\/tijera-de-podar-bahco-p110-20-f\/#breadcrumb"},"inLanguage":"es","potentialAction":[{"@type":"ReadAction","target":["https:\/\/saiga.es\/es\/producto\/tijera-de-podar-bahco-p110-20-f\/"]}]},{"@type":"ImageObject","inLanguage":"es","@id":"https:\/\/saiga.es\/es\/producto\/tijera-de-podar-bahco-p110-20-f\/#primaryimage","url":"https:\/\/saiga.es\/wp-content\/uploads\/2024\/10\/P110-20-F.jpg","contentUrl":"https:\/\/saiga.es\/wp-content\/uploads\/2024\/10\/P110-20-F.jpg","width":1080,"height":1080,"caption":"Tijera de poda 110-20-F"},{"@type":"BreadcrumbList","@id":"https:\/\/saiga.es\/es\/producto\/tijera-de-podar-bahco-p110-20-f\/#breadcrumb","itemListElement":[{"@type":"ListItem","position":1,"name":"Inici","item":"https:\/\/saiga.es\/es\/"},{"@type":"ListItem","position":2,"name":"Tienda","item":"https:\/\/saiga.es\/es\/tienda\/"},{"@type":"ListItem","position":3,"name":"Tijera de podar Bahco P110-20-F"}]},{"@type":"WebSite","@id":"https:\/\/saiga.es\/es\/#website","url":"https:\/\/saiga.es\/es\/","name":"SAIGA","description":"M\u00e9s de 50 anys al servei de la terra i treballant per a un \u00fas eficient de l\u2019aigua!","publisher":{"@id":"https:\/\/saiga.es\/es\/#organization"},"potentialAction":[{"@type":"SearchAction","target":{"@type":"EntryPoint","urlTemplate":"https:\/\/saiga.es\/es\/?s={search_term_string}"},"query-input":{"@type":"PropertyValueSpecification","valueRequired":true,"valueName":"search_term_string"}}],"inLanguage":"es"},{"@type":"Organization","@id":"https:\/\/saiga.es\/es\/#organization","name":"SAIGA","url":"https:\/\/saiga.es\/es\/","logo":{"@type":"ImageObject","inLanguage":"es","@id":"https:\/\/saiga.es\/es\/#\/schema\/logo\/image\/","url":"https:\/\/saiga.es\/wp-content\/uploads\/2025\/07\/logo_saiga_baseline_optimitzat.svg","contentUrl":"https:\/\/saiga.es\/wp-content\/uploads\/2025\/07\/logo_saiga_baseline_optimitzat.svg","caption":"SAIGA"},"image":{"@id":"https:\/\/saiga.es\/es\/#\/schema\/logo\/image\/"},"sameAs":["https:\/\/x.com\/saiga_agro","https:\/\/www.instagram.com\/saiga_agro\/"]}]}},"_links":{"self":[{"href":"https:\/\/saiga.es\/es\/wp-json\/wp\/v2\/product\/12197","targetHints":{"allow":["GET"]}}],"collection":[{"href":"https:\/\/saiga.es\/es\/wp-json\/wp\/v2\/product"}],"about":[{"href":"https:\/\/saiga.es\/es\/wp-json\/wp\/v2\/types\/product"}],"replies":[{"embeddable":true,"href":"https:\/\/saiga.es\/es\/wp-json\/wp\/v2\/comments?post=12197"}],"wp:featuredmedia":[{"embeddable":true,"href":"https:\/\/saiga.es\/es\/wp-json\/wp\/v2\/media\/12195"}],"wp:attachment":[{"href":"https:\/\/saiga.es\/es\/wp-json\/wp\/v2\/media?parent=12197"}],"wp:term":[{"taxonomy":"product_brand","embeddable":true,"href":"https:\/\/saiga.es\/es\/wp-json\/wp\/v2\/product_brand?post=12197"},{"taxonomy":"product_cat","embeddable":true,"href":"https:\/\/saiga.es\/es\/wp-json\/wp\/v2\/product_cat?post=12197"},{"taxonomy":"product_tag","embeddable":true,"href":"https:\/\/saiga.es\/es\/wp-json\/wp\/v2\/product_tag?post=12197"}],"curies":[{"name":"wp","href":"https:\/\/api.w.org\/{rel}","templated":true}]}}