{"id":12199,"date":"2024-09-30T10:25:59","date_gmt":"2024-09-30T10:25:59","guid":{"rendered":"https:\/\/botiga.saiga.es\/producte\/tijera-de-podar-bahco-p1-23\/"},"modified":"2024-09-30T10:25:59","modified_gmt":"2024-09-30T10:25:59","slug":"tijera-de-podar-bahco-p1-23","status":"publish","type":"product","link":"https:\/\/saiga.es\/es\/producto\/tijera-de-podar-bahco-p1-23\/","title":{"rendered":"Tijera de podar Bahco P1-23"},"content":{"rendered":"<p>La tijera de poda profesional P-23 de Bahco es una herramienta robusta y eficiente, dise\u00f1ada para trabajos intensivos de poda. Destaca por su hoja de corte de precisi\u00f3n, hecho de acero de alta calidad, que garantiza un corte limpio y r\u00e1pido. Su dise\u00f1o ergon\u00f3mico permite una manipulaci\u00f3n c\u00f3moda, minimizando la fatiga del usuario durante largas jornadas de trabajo. Adem\u00e1s cuenta con un sistema de bloqueo de seguridad para un uso m\u00e1s seguro. Esta tijera es ideal para profesionales de la jardiner\u00eda y la agricultura que buscan durabilidad, precisi\u00f3n y comodidad en una herramienta de poda de mano.    <\/p>\n","protected":false},"excerpt":{"rendered":"<p>La tijera de poda profesional P-23 de Bahco es una herramienta robusta y eficiente, dise\u00f1ada para trabajos intensivos de poda.<\/p>\n","protected":false},"featured_media":12138,"comment_status":"closed","ping_status":"closed","template":"","meta":[],"product_brand":[],"product_cat":[1860],"product_tag":[1658,553],"class_list":{"0":"post-12199","1":"product","2":"type-product","3":"status-publish","4":"has-post-thumbnail","6":"product_cat-bahco-es","7":"product_tag-bahco-es","8":"product_tag-poda-es","10":"first","11":"instock","12":"taxable","13":"shipping-taxable","14":"purchasable","15":"product-type-simple"},"yoast_head":"<!-- This site is optimized with the Yoast SEO plugin v27.4 - https:\/\/yoast.com\/product\/yoast-seo-wordpress\/ -->\n<title>Tijera de podar Bahco P1-23 | SAIGA<\/title>\n<meta name=\"description\" content=\"La tijera de poda profesional P-23 de Bahco es una herramienta robusta y eficiente, dise\u00f1ada para trabajos intensivos de poda.\" \/>\n<meta name=\"robots\" content=\"index, follow, max-snippet:-1, max-image-preview:large, max-video-preview:-1\" \/>\n<link rel=\"canonical\" href=\"https:\/\/saiga.es\/es\/producto\/tijera-de-podar-bahco-p1-23\/\" \/>\n<meta property=\"og:locale\" content=\"es_ES\" \/>\n<meta property=\"og:type\" content=\"article\" \/>\n<meta property=\"og:title\" content=\"Tijera de podar Bahco P1-23 | SAIGA\" \/>\n<meta property=\"og:description\" content=\"La tijera de poda profesional P-23 de Bahco es una herramienta robusta y eficiente, dise\u00f1ada para trabajos intensivos de poda.\" \/>\n<meta property=\"og:url\" content=\"https:\/\/saiga.es\/es\/producto\/tijera-de-podar-bahco-p1-23\/\" \/>\n<meta property=\"og:site_name\" content=\"SAIGA\" \/>\n<meta property=\"og:image\" content=\"https:\/\/saiga.es\/wp-content\/uploads\/2024\/09\/Tisora-de-podar-P1-Bacho-1.jpg\" \/>\n\t<meta property=\"og:image:width\" content=\"1080\" \/>\n\t<meta property=\"og:image:height\" content=\"1080\" \/>\n\t<meta property=\"og:image:type\" content=\"image\/jpeg\" \/>\n<meta name=\"twitter:card\" content=\"summary_large_image\" \/>\n<meta name=\"twitter:site\" content=\"@saiga_agro\" \/>\n<meta name=\"twitter:label1\" content=\"Tiempo de lectura\" \/>\n\t<meta name=\"twitter:data1\" content=\"1 minuto\" \/>\n<script type=\"application\/ld+json\" class=\"yoast-schema-graph\">{\"@context\":\"https:\\\/\\\/schema.org\",\"@graph\":[{\"@type\":\"WebPage\",\"@id\":\"https:\\\/\\\/saiga.es\\\/es\\\/producto\\\/tijera-de-podar-bahco-p1-23\\\/\",\"url\":\"https:\\\/\\\/saiga.es\\\/es\\\/producto\\\/tijera-de-podar-bahco-p1-23\\\/\",\"name\":\"Tijera de podar Bahco P1-23 | SAIGA\",\"isPartOf\":{\"@id\":\"https:\\\/\\\/saiga.es\\\/es\\\/#website\"},\"primaryImageOfPage\":{\"@id\":\"https:\\\/\\\/saiga.es\\\/es\\\/producto\\\/tijera-de-podar-bahco-p1-23\\\/#primaryimage\"},\"image\":{\"@id\":\"https:\\\/\\\/saiga.es\\\/es\\\/producto\\\/tijera-de-podar-bahco-p1-23\\\/#primaryimage\"},\"thumbnailUrl\":\"https:\\\/\\\/saiga.es\\\/wp-content\\\/uploads\\\/2024\\\/09\\\/Tisora-de-podar-P1-Bacho-1.jpg\",\"datePublished\":\"2024-09-30T10:25:59+00:00\",\"description\":\"La tijera de poda profesional P-23 de Bahco es una herramienta robusta y eficiente, dise\u00f1ada para trabajos intensivos de poda.\",\"breadcrumb\":{\"@id\":\"https:\\\/\\\/saiga.es\\\/es\\\/producto\\\/tijera-de-podar-bahco-p1-23\\\/#breadcrumb\"},\"inLanguage\":\"es\",\"potentialAction\":[{\"@type\":\"ReadAction\",\"target\":[\"https:\\\/\\\/saiga.es\\\/es\\\/producto\\\/tijera-de-podar-bahco-p1-23\\\/\"]}]},{\"@type\":\"ImageObject\",\"inLanguage\":\"es\",\"@id\":\"https:\\\/\\\/saiga.es\\\/es\\\/producto\\\/tijera-de-podar-bahco-p1-23\\\/#primaryimage\",\"url\":\"https:\\\/\\\/saiga.es\\\/wp-content\\\/uploads\\\/2024\\\/09\\\/Tisora-de-podar-P1-Bacho-1.jpg\",\"contentUrl\":\"https:\\\/\\\/saiga.es\\\/wp-content\\\/uploads\\\/2024\\\/09\\\/Tisora-de-podar-P1-Bacho-1.jpg\",\"width\":1080,\"height\":1080,\"caption\":\"Tisora Bahco P1-23\"},{\"@type\":\"BreadcrumbList\",\"@id\":\"https:\\\/\\\/saiga.es\\\/es\\\/producto\\\/tijera-de-podar-bahco-p1-23\\\/#breadcrumb\",\"itemListElement\":[{\"@type\":\"ListItem\",\"position\":1,\"name\":\"Inici\",\"item\":\"https:\\\/\\\/saiga.es\\\/es\\\/\"},{\"@type\":\"ListItem\",\"position\":2,\"name\":\"Tienda\",\"item\":\"https:\\\/\\\/saiga.es\\\/es\\\/tienda\\\/\"},{\"@type\":\"ListItem\",\"position\":3,\"name\":\"Tijera de podar Bahco P1-23\"}]},{\"@type\":\"WebSite\",\"@id\":\"https:\\\/\\\/saiga.es\\\/es\\\/#website\",\"url\":\"https:\\\/\\\/saiga.es\\\/es\\\/\",\"name\":\"SAIGA\",\"description\":\"M\u00e9s de 50 anys al servei de la terra i treballant per a un \u00fas eficient de l\u2019aigua!\",\"publisher\":{\"@id\":\"https:\\\/\\\/saiga.es\\\/es\\\/#organization\"},\"potentialAction\":[{\"@type\":\"SearchAction\",\"target\":{\"@type\":\"EntryPoint\",\"urlTemplate\":\"https:\\\/\\\/saiga.es\\\/es\\\/?s={search_term_string}\"},\"query-input\":{\"@type\":\"PropertyValueSpecification\",\"valueRequired\":true,\"valueName\":\"search_term_string\"}}],\"inLanguage\":\"es\"},{\"@type\":\"Organization\",\"@id\":\"https:\\\/\\\/saiga.es\\\/es\\\/#organization\",\"name\":\"SAIGA\",\"url\":\"https:\\\/\\\/saiga.es\\\/es\\\/\",\"logo\":{\"@type\":\"ImageObject\",\"inLanguage\":\"es\",\"@id\":\"https:\\\/\\\/saiga.es\\\/es\\\/#\\\/schema\\\/logo\\\/image\\\/\",\"url\":\"https:\\\/\\\/saiga.es\\\/wp-content\\\/uploads\\\/2025\\\/07\\\/logo_saiga_baseline_optimitzat.svg\",\"contentUrl\":\"https:\\\/\\\/saiga.es\\\/wp-content\\\/uploads\\\/2025\\\/07\\\/logo_saiga_baseline_optimitzat.svg\",\"caption\":\"SAIGA\"},\"image\":{\"@id\":\"https:\\\/\\\/saiga.es\\\/es\\\/#\\\/schema\\\/logo\\\/image\\\/\"},\"sameAs\":[\"https:\\\/\\\/x.com\\\/saiga_agro\",\"https:\\\/\\\/www.instagram.com\\\/saiga_agro\\\/\"]}]}<\/script>\n<!-- \/ Yoast SEO plugin. -->","yoast_head_json":{"title":"Tijera de podar Bahco P1-23 | SAIGA","description":"La tijera de poda profesional P-23 de Bahco es una herramienta robusta y eficiente, dise\u00f1ada para trabajos intensivos de poda.","robots":{"index":"index","follow":"follow","max-snippet":"max-snippet:-1","max-image-preview":"max-image-preview:large","max-video-preview":"max-video-preview:-1"},"canonical":"https:\/\/saiga.es\/es\/producto\/tijera-de-podar-bahco-p1-23\/","og_locale":"es_ES","og_type":"article","og_title":"Tijera de podar Bahco P1-23 | SAIGA","og_description":"La tijera de poda profesional P-23 de Bahco es una herramienta robusta y eficiente, dise\u00f1ada para trabajos intensivos de poda.","og_url":"https:\/\/saiga.es\/es\/producto\/tijera-de-podar-bahco-p1-23\/","og_site_name":"SAIGA","og_image":[{"width":1080,"height":1080,"url":"https:\/\/saiga.es\/wp-content\/uploads\/2024\/09\/Tisora-de-podar-P1-Bacho-1.jpg","type":"image\/jpeg"}],"twitter_card":"summary_large_image","twitter_site":"@saiga_agro","twitter_misc":{"Tiempo de lectura":"1 minuto"},"schema":{"@context":"https:\/\/schema.org","@graph":[{"@type":"WebPage","@id":"https:\/\/saiga.es\/es\/producto\/tijera-de-podar-bahco-p1-23\/","url":"https:\/\/saiga.es\/es\/producto\/tijera-de-podar-bahco-p1-23\/","name":"Tijera de podar Bahco P1-23 | SAIGA","isPartOf":{"@id":"https:\/\/saiga.es\/es\/#website"},"primaryImageOfPage":{"@id":"https:\/\/saiga.es\/es\/producto\/tijera-de-podar-bahco-p1-23\/#primaryimage"},"image":{"@id":"https:\/\/saiga.es\/es\/producto\/tijera-de-podar-bahco-p1-23\/#primaryimage"},"thumbnailUrl":"https:\/\/saiga.es\/wp-content\/uploads\/2024\/09\/Tisora-de-podar-P1-Bacho-1.jpg","datePublished":"2024-09-30T10:25:59+00:00","description":"La tijera de poda profesional P-23 de Bahco es una herramienta robusta y eficiente, dise\u00f1ada para trabajos intensivos de poda.","breadcrumb":{"@id":"https:\/\/saiga.es\/es\/producto\/tijera-de-podar-bahco-p1-23\/#breadcrumb"},"inLanguage":"es","potentialAction":[{"@type":"ReadAction","target":["https:\/\/saiga.es\/es\/producto\/tijera-de-podar-bahco-p1-23\/"]}]},{"@type":"ImageObject","inLanguage":"es","@id":"https:\/\/saiga.es\/es\/producto\/tijera-de-podar-bahco-p1-23\/#primaryimage","url":"https:\/\/saiga.es\/wp-content\/uploads\/2024\/09\/Tisora-de-podar-P1-Bacho-1.jpg","contentUrl":"https:\/\/saiga.es\/wp-content\/uploads\/2024\/09\/Tisora-de-podar-P1-Bacho-1.jpg","width":1080,"height":1080,"caption":"Tisora Bahco P1-23"},{"@type":"BreadcrumbList","@id":"https:\/\/saiga.es\/es\/producto\/tijera-de-podar-bahco-p1-23\/#breadcrumb","itemListElement":[{"@type":"ListItem","position":1,"name":"Inici","item":"https:\/\/saiga.es\/es\/"},{"@type":"ListItem","position":2,"name":"Tienda","item":"https:\/\/saiga.es\/es\/tienda\/"},{"@type":"ListItem","position":3,"name":"Tijera de podar Bahco P1-23"}]},{"@type":"WebSite","@id":"https:\/\/saiga.es\/es\/#website","url":"https:\/\/saiga.es\/es\/","name":"SAIGA","description":"M\u00e9s de 50 anys al servei de la terra i treballant per a un \u00fas eficient de l\u2019aigua!","publisher":{"@id":"https:\/\/saiga.es\/es\/#organization"},"potentialAction":[{"@type":"SearchAction","target":{"@type":"EntryPoint","urlTemplate":"https:\/\/saiga.es\/es\/?s={search_term_string}"},"query-input":{"@type":"PropertyValueSpecification","valueRequired":true,"valueName":"search_term_string"}}],"inLanguage":"es"},{"@type":"Organization","@id":"https:\/\/saiga.es\/es\/#organization","name":"SAIGA","url":"https:\/\/saiga.es\/es\/","logo":{"@type":"ImageObject","inLanguage":"es","@id":"https:\/\/saiga.es\/es\/#\/schema\/logo\/image\/","url":"https:\/\/saiga.es\/wp-content\/uploads\/2025\/07\/logo_saiga_baseline_optimitzat.svg","contentUrl":"https:\/\/saiga.es\/wp-content\/uploads\/2025\/07\/logo_saiga_baseline_optimitzat.svg","caption":"SAIGA"},"image":{"@id":"https:\/\/saiga.es\/es\/#\/schema\/logo\/image\/"},"sameAs":["https:\/\/x.com\/saiga_agro","https:\/\/www.instagram.com\/saiga_agro\/"]}]}},"_links":{"self":[{"href":"https:\/\/saiga.es\/es\/wp-json\/wp\/v2\/product\/12199","targetHints":{"allow":["GET"]}}],"collection":[{"href":"https:\/\/saiga.es\/es\/wp-json\/wp\/v2\/product"}],"about":[{"href":"https:\/\/saiga.es\/es\/wp-json\/wp\/v2\/types\/product"}],"replies":[{"embeddable":true,"href":"https:\/\/saiga.es\/es\/wp-json\/wp\/v2\/comments?post=12199"}],"wp:featuredmedia":[{"embeddable":true,"href":"https:\/\/saiga.es\/es\/wp-json\/wp\/v2\/media\/12138"}],"wp:attachment":[{"href":"https:\/\/saiga.es\/es\/wp-json\/wp\/v2\/media?parent=12199"}],"wp:term":[{"taxonomy":"product_brand","embeddable":true,"href":"https:\/\/saiga.es\/es\/wp-json\/wp\/v2\/product_brand?post=12199"},{"taxonomy":"product_cat","embeddable":true,"href":"https:\/\/saiga.es\/es\/wp-json\/wp\/v2\/product_cat?post=12199"},{"taxonomy":"product_tag","embeddable":true,"href":"https:\/\/saiga.es\/es\/wp-json\/wp\/v2\/product_tag?post=12199"}],"curies":[{"name":"wp","href":"https:\/\/api.w.org\/{rel}","templated":true}]}}