{"id":12246,"date":"2024-10-03T13:27:52","date_gmt":"2024-10-03T13:27:52","guid":{"rendered":"https:\/\/botiga.saiga.es\/producte\/cortasetos-hc-2020\/"},"modified":"2024-10-17T13:32:50","modified_gmt":"2024-10-17T13:32:50","slug":"cortasetos-hc-2020","status":"publish","type":"product","link":"https:\/\/saiga.es\/es\/producto\/cortasetos-hc-2020\/","title":{"rendered":"Cortasetos HC-2020"},"content":{"rendered":"<p>El cortasetos HC 2020 de la marca ECHO es una m\u00e1quina potente y ligera, ideal para el mantenimiento de vallas y arbustos. Este cortasetos profesional cuenta con una hoja doble de 534 mm, fabricada en acero de alta calidad, que garantiza cortes precisos y limpios. Su motor de 21,2cc ofrece una potencia excelente con bajas emisiones, haci\u00e9ndolo eficiente y respetuoso con el medio ambiente. El dise\u00f1o ergon\u00f3mico con mango giratorio permite trabajar c\u00f3modamente por m\u00e1s tiempo, reduciendo la fatiga. El Cortasetos ECHO HC 2020 es perfecto para profesionales de jardiner\u00eda que buscan rendimiento y durabilidad.<\/p>\n","protected":false},"excerpt":{"rendered":"<p>El cortasetos HC 2020 de la marca ECHO es una m\u00e1quina potente y ligera, ideal para el mantenimiento de vallas y arbustos.<\/p>\n","protected":false},"featured_media":12238,"comment_status":"closed","ping_status":"closed","template":"","meta":[],"product_brand":[],"product_cat":[1711],"product_tag":[1672,176,780],"class_list":{"0":"post-12246","1":"product","2":"type-product","3":"status-publish","4":"has-post-thumbnail","6":"product_cat-cortasetos","7":"product_tag-cortasetos","8":"product_tag-echo-es","9":"product_tag-jardineria-es","11":"first","12":"instock","13":"sale","14":"taxable","15":"shipping-taxable","16":"purchasable","17":"product-type-simple"},"yoast_head":"<!-- This site is optimized with the Yoast SEO plugin v27.4 - https:\/\/yoast.com\/product\/yoast-seo-wordpress\/ -->\n<title>Cortasetos HC-2020 | SAIGA<\/title>\n<meta name=\"description\" content=\"El cortasetos HC 2020 de la marca ECHO es una m\u00e1quina potente y ligera, ideal para el mantenimiento de vallas y arbustos.\" \/>\n<meta name=\"robots\" content=\"index, follow, max-snippet:-1, max-image-preview:large, max-video-preview:-1\" \/>\n<link rel=\"canonical\" href=\"https:\/\/saiga.es\/es\/producto\/cortasetos-hc-2020\/\" \/>\n<meta property=\"og:locale\" content=\"es_ES\" \/>\n<meta property=\"og:type\" content=\"article\" \/>\n<meta property=\"og:title\" content=\"Cortasetos HC-2020 | SAIGA\" \/>\n<meta property=\"og:description\" content=\"El cortasetos HC 2020 de la marca ECHO es una m\u00e1quina potente y ligera, ideal para el mantenimiento de vallas y arbustos.\" \/>\n<meta property=\"og:url\" content=\"https:\/\/saiga.es\/es\/producto\/cortasetos-hc-2020\/\" \/>\n<meta property=\"og:site_name\" content=\"SAIGA\" \/>\n<meta property=\"article:modified_time\" content=\"2024-10-17T13:32:50+00:00\" \/>\n<meta property=\"og:image\" content=\"https:\/\/saiga.es\/wp-content\/uploads\/2024\/10\/cortasetos-hc-2020.png\" \/>\n\t<meta property=\"og:image:width\" content=\"500\" \/>\n\t<meta property=\"og:image:height\" content=\"500\" \/>\n\t<meta property=\"og:image:type\" content=\"image\/png\" \/>\n<meta name=\"twitter:card\" content=\"summary_large_image\" \/>\n<meta name=\"twitter:site\" content=\"@saiga_agro\" \/>\n<meta name=\"twitter:label1\" content=\"Tiempo de lectura\" \/>\n\t<meta name=\"twitter:data1\" content=\"1 minuto\" \/>\n<script type=\"application\/ld+json\" class=\"yoast-schema-graph\">{\"@context\":\"https:\\\/\\\/schema.org\",\"@graph\":[{\"@type\":\"WebPage\",\"@id\":\"https:\\\/\\\/saiga.es\\\/es\\\/producto\\\/cortasetos-hc-2020\\\/\",\"url\":\"https:\\\/\\\/saiga.es\\\/es\\\/producto\\\/cortasetos-hc-2020\\\/\",\"name\":\"Cortasetos HC-2020 | SAIGA\",\"isPartOf\":{\"@id\":\"https:\\\/\\\/saiga.es\\\/es\\\/#website\"},\"primaryImageOfPage\":{\"@id\":\"https:\\\/\\\/saiga.es\\\/es\\\/producto\\\/cortasetos-hc-2020\\\/#primaryimage\"},\"image\":{\"@id\":\"https:\\\/\\\/saiga.es\\\/es\\\/producto\\\/cortasetos-hc-2020\\\/#primaryimage\"},\"thumbnailUrl\":\"https:\\\/\\\/saiga.es\\\/wp-content\\\/uploads\\\/2024\\\/10\\\/cortasetos-hc-2020.png\",\"datePublished\":\"2024-10-03T13:27:52+00:00\",\"dateModified\":\"2024-10-17T13:32:50+00:00\",\"description\":\"El cortasetos HC 2020 de la marca ECHO es una m\u00e1quina potente y ligera, ideal para el mantenimiento de vallas y arbustos.\",\"breadcrumb\":{\"@id\":\"https:\\\/\\\/saiga.es\\\/es\\\/producto\\\/cortasetos-hc-2020\\\/#breadcrumb\"},\"inLanguage\":\"es\",\"potentialAction\":[{\"@type\":\"ReadAction\",\"target\":[\"https:\\\/\\\/saiga.es\\\/es\\\/producto\\\/cortasetos-hc-2020\\\/\"]}]},{\"@type\":\"ImageObject\",\"inLanguage\":\"es\",\"@id\":\"https:\\\/\\\/saiga.es\\\/es\\\/producto\\\/cortasetos-hc-2020\\\/#primaryimage\",\"url\":\"https:\\\/\\\/saiga.es\\\/wp-content\\\/uploads\\\/2024\\\/10\\\/cortasetos-hc-2020.png\",\"contentUrl\":\"https:\\\/\\\/saiga.es\\\/wp-content\\\/uploads\\\/2024\\\/10\\\/cortasetos-hc-2020.png\",\"width\":500,\"height\":500,\"caption\":\"Cortasetos HC-2020\"},{\"@type\":\"BreadcrumbList\",\"@id\":\"https:\\\/\\\/saiga.es\\\/es\\\/producto\\\/cortasetos-hc-2020\\\/#breadcrumb\",\"itemListElement\":[{\"@type\":\"ListItem\",\"position\":1,\"name\":\"Inici\",\"item\":\"https:\\\/\\\/saiga.es\\\/es\\\/\"},{\"@type\":\"ListItem\",\"position\":2,\"name\":\"Tienda\",\"item\":\"https:\\\/\\\/saiga.es\\\/es\\\/tienda\\\/\"},{\"@type\":\"ListItem\",\"position\":3,\"name\":\"Cortasetos HC-2020\"}]},{\"@type\":\"WebSite\",\"@id\":\"https:\\\/\\\/saiga.es\\\/es\\\/#website\",\"url\":\"https:\\\/\\\/saiga.es\\\/es\\\/\",\"name\":\"SAIGA\",\"description\":\"M\u00e9s de 50 anys al servei de la terra i treballant per a un \u00fas eficient de l\u2019aigua!\",\"publisher\":{\"@id\":\"https:\\\/\\\/saiga.es\\\/es\\\/#organization\"},\"potentialAction\":[{\"@type\":\"SearchAction\",\"target\":{\"@type\":\"EntryPoint\",\"urlTemplate\":\"https:\\\/\\\/saiga.es\\\/es\\\/?s={search_term_string}\"},\"query-input\":{\"@type\":\"PropertyValueSpecification\",\"valueRequired\":true,\"valueName\":\"search_term_string\"}}],\"inLanguage\":\"es\"},{\"@type\":\"Organization\",\"@id\":\"https:\\\/\\\/saiga.es\\\/es\\\/#organization\",\"name\":\"SAIGA\",\"url\":\"https:\\\/\\\/saiga.es\\\/es\\\/\",\"logo\":{\"@type\":\"ImageObject\",\"inLanguage\":\"es\",\"@id\":\"https:\\\/\\\/saiga.es\\\/es\\\/#\\\/schema\\\/logo\\\/image\\\/\",\"url\":\"https:\\\/\\\/saiga.es\\\/wp-content\\\/uploads\\\/2025\\\/07\\\/logo_saiga_baseline_optimitzat.svg\",\"contentUrl\":\"https:\\\/\\\/saiga.es\\\/wp-content\\\/uploads\\\/2025\\\/07\\\/logo_saiga_baseline_optimitzat.svg\",\"caption\":\"SAIGA\"},\"image\":{\"@id\":\"https:\\\/\\\/saiga.es\\\/es\\\/#\\\/schema\\\/logo\\\/image\\\/\"},\"sameAs\":[\"https:\\\/\\\/x.com\\\/saiga_agro\",\"https:\\\/\\\/www.instagram.com\\\/saiga_agro\\\/\"]}]}<\/script>\n<!-- \/ Yoast SEO plugin. -->","yoast_head_json":{"title":"Cortasetos HC-2020 | SAIGA","description":"El cortasetos HC 2020 de la marca ECHO es una m\u00e1quina potente y ligera, ideal para el mantenimiento de vallas y arbustos.","robots":{"index":"index","follow":"follow","max-snippet":"max-snippet:-1","max-image-preview":"max-image-preview:large","max-video-preview":"max-video-preview:-1"},"canonical":"https:\/\/saiga.es\/es\/producto\/cortasetos-hc-2020\/","og_locale":"es_ES","og_type":"article","og_title":"Cortasetos HC-2020 | SAIGA","og_description":"El cortasetos HC 2020 de la marca ECHO es una m\u00e1quina potente y ligera, ideal para el mantenimiento de vallas y arbustos.","og_url":"https:\/\/saiga.es\/es\/producto\/cortasetos-hc-2020\/","og_site_name":"SAIGA","article_modified_time":"2024-10-17T13:32:50+00:00","og_image":[{"width":500,"height":500,"url":"https:\/\/saiga.es\/wp-content\/uploads\/2024\/10\/cortasetos-hc-2020.png","type":"image\/png"}],"twitter_card":"summary_large_image","twitter_site":"@saiga_agro","twitter_misc":{"Tiempo de lectura":"1 minuto"},"schema":{"@context":"https:\/\/schema.org","@graph":[{"@type":"WebPage","@id":"https:\/\/saiga.es\/es\/producto\/cortasetos-hc-2020\/","url":"https:\/\/saiga.es\/es\/producto\/cortasetos-hc-2020\/","name":"Cortasetos HC-2020 | SAIGA","isPartOf":{"@id":"https:\/\/saiga.es\/es\/#website"},"primaryImageOfPage":{"@id":"https:\/\/saiga.es\/es\/producto\/cortasetos-hc-2020\/#primaryimage"},"image":{"@id":"https:\/\/saiga.es\/es\/producto\/cortasetos-hc-2020\/#primaryimage"},"thumbnailUrl":"https:\/\/saiga.es\/wp-content\/uploads\/2024\/10\/cortasetos-hc-2020.png","datePublished":"2024-10-03T13:27:52+00:00","dateModified":"2024-10-17T13:32:50+00:00","description":"El cortasetos HC 2020 de la marca ECHO es una m\u00e1quina potente y ligera, ideal para el mantenimiento de vallas y arbustos.","breadcrumb":{"@id":"https:\/\/saiga.es\/es\/producto\/cortasetos-hc-2020\/#breadcrumb"},"inLanguage":"es","potentialAction":[{"@type":"ReadAction","target":["https:\/\/saiga.es\/es\/producto\/cortasetos-hc-2020\/"]}]},{"@type":"ImageObject","inLanguage":"es","@id":"https:\/\/saiga.es\/es\/producto\/cortasetos-hc-2020\/#primaryimage","url":"https:\/\/saiga.es\/wp-content\/uploads\/2024\/10\/cortasetos-hc-2020.png","contentUrl":"https:\/\/saiga.es\/wp-content\/uploads\/2024\/10\/cortasetos-hc-2020.png","width":500,"height":500,"caption":"Cortasetos HC-2020"},{"@type":"BreadcrumbList","@id":"https:\/\/saiga.es\/es\/producto\/cortasetos-hc-2020\/#breadcrumb","itemListElement":[{"@type":"ListItem","position":1,"name":"Inici","item":"https:\/\/saiga.es\/es\/"},{"@type":"ListItem","position":2,"name":"Tienda","item":"https:\/\/saiga.es\/es\/tienda\/"},{"@type":"ListItem","position":3,"name":"Cortasetos HC-2020"}]},{"@type":"WebSite","@id":"https:\/\/saiga.es\/es\/#website","url":"https:\/\/saiga.es\/es\/","name":"SAIGA","description":"M\u00e9s de 50 anys al servei de la terra i treballant per a un \u00fas eficient de l\u2019aigua!","publisher":{"@id":"https:\/\/saiga.es\/es\/#organization"},"potentialAction":[{"@type":"SearchAction","target":{"@type":"EntryPoint","urlTemplate":"https:\/\/saiga.es\/es\/?s={search_term_string}"},"query-input":{"@type":"PropertyValueSpecification","valueRequired":true,"valueName":"search_term_string"}}],"inLanguage":"es"},{"@type":"Organization","@id":"https:\/\/saiga.es\/es\/#organization","name":"SAIGA","url":"https:\/\/saiga.es\/es\/","logo":{"@type":"ImageObject","inLanguage":"es","@id":"https:\/\/saiga.es\/es\/#\/schema\/logo\/image\/","url":"https:\/\/saiga.es\/wp-content\/uploads\/2025\/07\/logo_saiga_baseline_optimitzat.svg","contentUrl":"https:\/\/saiga.es\/wp-content\/uploads\/2025\/07\/logo_saiga_baseline_optimitzat.svg","caption":"SAIGA"},"image":{"@id":"https:\/\/saiga.es\/es\/#\/schema\/logo\/image\/"},"sameAs":["https:\/\/x.com\/saiga_agro","https:\/\/www.instagram.com\/saiga_agro\/"]}]}},"_links":{"self":[{"href":"https:\/\/saiga.es\/es\/wp-json\/wp\/v2\/product\/12246","targetHints":{"allow":["GET"]}}],"collection":[{"href":"https:\/\/saiga.es\/es\/wp-json\/wp\/v2\/product"}],"about":[{"href":"https:\/\/saiga.es\/es\/wp-json\/wp\/v2\/types\/product"}],"replies":[{"embeddable":true,"href":"https:\/\/saiga.es\/es\/wp-json\/wp\/v2\/comments?post=12246"}],"wp:featuredmedia":[{"embeddable":true,"href":"https:\/\/saiga.es\/es\/wp-json\/wp\/v2\/media\/12238"}],"wp:attachment":[{"href":"https:\/\/saiga.es\/es\/wp-json\/wp\/v2\/media?parent=12246"}],"wp:term":[{"taxonomy":"product_brand","embeddable":true,"href":"https:\/\/saiga.es\/es\/wp-json\/wp\/v2\/product_brand?post=12246"},{"taxonomy":"product_cat","embeddable":true,"href":"https:\/\/saiga.es\/es\/wp-json\/wp\/v2\/product_cat?post=12246"},{"taxonomy":"product_tag","embeddable":true,"href":"https:\/\/saiga.es\/es\/wp-json\/wp\/v2\/product_tag?post=12246"}],"curies":[{"name":"wp","href":"https:\/\/api.w.org\/{rel}","templated":true}]}}