{"id":12328,"date":"2024-10-09T12:13:42","date_gmt":"2024-10-09T12:13:42","guid":{"rendered":"https:\/\/botiga.saiga.es\/producte\/soplador-arvipo-bl37-3-bat\/"},"modified":"2024-10-09T12:13:42","modified_gmt":"2024-10-09T12:13:42","slug":"soplador-arvipo-bl37-3-bat","status":"publish","type":"product","link":"https:\/\/saiga.es\/es\/producto\/soplador-arvipo-bl37-3-bat\/","title":{"rendered":"Soplador Arvipo BL37 + 3 Bat"},"content":{"rendered":"<p>El soplete ARVIPO BL37 es la herramienta ideal para profesionales del mantenimiento exterior. Con tecnolog\u00eda avanzada, dise\u00f1o ergon\u00f3mico y potencia ajustable, ofrece una soluci\u00f3n eficiente para una amplia variedad de trabajos. Su ventilador axial proporciona un flujo de aire potente y preciso, con 4 velocidades ajustables y una funci\u00f3n turbo que alcanza los 198 km\/h. Con un flujo m\u00e1ximo de 560 m\u00b3\/h asegura un alto rendimiento en la limpieza de hojas y residuos. Disponible con 3 bater\u00edas 5Ah, se puede utilizar con arn\u00e9s para mayor comodidad y autonom\u00eda en trabajos intensivos (venta del arn\u00e9s aparte).    <\/p>\n","protected":false},"excerpt":{"rendered":"<p>El soplador ARVIPO BL37 es la herramienta ideal para profesionales del mantenimiento exterior. Con tecnolog\u00eda avanzada, dise\u00f1o ergon\u00f3mico y potencia ajustable. <\/p>\n","protected":false},"featured_media":12326,"comment_status":"closed","ping_status":"closed","template":"","meta":[],"product_brand":[],"product_cat":[1687],"product_tag":[382,1677],"class_list":{"0":"post-12328","1":"product","2":"type-product","3":"status-publish","4":"has-post-thumbnail","6":"product_cat-sopladores","7":"product_tag-arvipo-es","8":"product_tag-soplador","10":"first","11":"instock","12":"taxable","13":"shipping-taxable","14":"purchasable","15":"product-type-simple"},"yoast_head":"<!-- This site is optimized with the Yoast SEO plugin v27.4 - https:\/\/yoast.com\/product\/yoast-seo-wordpress\/ -->\n<title>Soplador Arvipo BL37 + 3 Bat | SAIGA<\/title>\n<meta name=\"description\" content=\"El soplador ARVIPO BL37 es la herramienta ideal para profesionales del mantenimiento exterior. Con tecnolog\u00eda avanzada, dise\u00f1o ergon\u00f3mico y potencia ajustable.\" \/>\n<meta name=\"robots\" content=\"index, follow, max-snippet:-1, max-image-preview:large, max-video-preview:-1\" \/>\n<link rel=\"canonical\" href=\"https:\/\/saiga.es\/es\/producto\/soplador-arvipo-bl37-3-bat\/\" \/>\n<meta property=\"og:locale\" content=\"es_ES\" \/>\n<meta property=\"og:type\" content=\"article\" \/>\n<meta property=\"og:title\" content=\"Soplador Arvipo BL37 + 3 Bat | SAIGA\" \/>\n<meta property=\"og:description\" content=\"El soplador ARVIPO BL37 es la herramienta ideal para profesionales del mantenimiento exterior. Con tecnolog\u00eda avanzada, dise\u00f1o ergon\u00f3mico y potencia ajustable.\" \/>\n<meta property=\"og:url\" content=\"https:\/\/saiga.es\/es\/producto\/soplador-arvipo-bl37-3-bat\/\" \/>\n<meta property=\"og:site_name\" content=\"SAIGA\" \/>\n<meta property=\"og:image\" content=\"https:\/\/saiga.es\/wp-content\/uploads\/2024\/10\/Bufador-BL37.jpg\" \/>\n\t<meta property=\"og:image:width\" content=\"1080\" \/>\n\t<meta property=\"og:image:height\" content=\"1080\" \/>\n\t<meta property=\"og:image:type\" content=\"image\/jpeg\" \/>\n<meta name=\"twitter:card\" content=\"summary_large_image\" \/>\n<meta name=\"twitter:site\" content=\"@saiga_agro\" \/>\n<meta name=\"twitter:label1\" content=\"Tiempo de lectura\" \/>\n\t<meta name=\"twitter:data1\" content=\"1 minuto\" \/>\n<script type=\"application\/ld+json\" class=\"yoast-schema-graph\">{\"@context\":\"https:\\\/\\\/schema.org\",\"@graph\":[{\"@type\":\"WebPage\",\"@id\":\"https:\\\/\\\/saiga.es\\\/es\\\/producto\\\/soplador-arvipo-bl37-3-bat\\\/\",\"url\":\"https:\\\/\\\/saiga.es\\\/es\\\/producto\\\/soplador-arvipo-bl37-3-bat\\\/\",\"name\":\"Soplador Arvipo BL37 + 3 Bat | SAIGA\",\"isPartOf\":{\"@id\":\"https:\\\/\\\/saiga.es\\\/es\\\/#website\"},\"primaryImageOfPage\":{\"@id\":\"https:\\\/\\\/saiga.es\\\/es\\\/producto\\\/soplador-arvipo-bl37-3-bat\\\/#primaryimage\"},\"image\":{\"@id\":\"https:\\\/\\\/saiga.es\\\/es\\\/producto\\\/soplador-arvipo-bl37-3-bat\\\/#primaryimage\"},\"thumbnailUrl\":\"https:\\\/\\\/saiga.es\\\/wp-content\\\/uploads\\\/2024\\\/10\\\/Bufador-BL37.jpg\",\"datePublished\":\"2024-10-09T12:13:42+00:00\",\"description\":\"El soplador ARVIPO BL37 es la herramienta ideal para profesionales del mantenimiento exterior. Con tecnolog\u00eda avanzada, dise\u00f1o ergon\u00f3mico y potencia ajustable.\",\"breadcrumb\":{\"@id\":\"https:\\\/\\\/saiga.es\\\/es\\\/producto\\\/soplador-arvipo-bl37-3-bat\\\/#breadcrumb\"},\"inLanguage\":\"es\",\"potentialAction\":[{\"@type\":\"ReadAction\",\"target\":[\"https:\\\/\\\/saiga.es\\\/es\\\/producto\\\/soplador-arvipo-bl37-3-bat\\\/\"]}]},{\"@type\":\"ImageObject\",\"inLanguage\":\"es\",\"@id\":\"https:\\\/\\\/saiga.es\\\/es\\\/producto\\\/soplador-arvipo-bl37-3-bat\\\/#primaryimage\",\"url\":\"https:\\\/\\\/saiga.es\\\/wp-content\\\/uploads\\\/2024\\\/10\\\/Bufador-BL37.jpg\",\"contentUrl\":\"https:\\\/\\\/saiga.es\\\/wp-content\\\/uploads\\\/2024\\\/10\\\/Bufador-BL37.jpg\",\"width\":1080,\"height\":1080,\"caption\":\"Soplador BL37\"},{\"@type\":\"BreadcrumbList\",\"@id\":\"https:\\\/\\\/saiga.es\\\/es\\\/producto\\\/soplador-arvipo-bl37-3-bat\\\/#breadcrumb\",\"itemListElement\":[{\"@type\":\"ListItem\",\"position\":1,\"name\":\"Inici\",\"item\":\"https:\\\/\\\/saiga.es\\\/es\\\/\"},{\"@type\":\"ListItem\",\"position\":2,\"name\":\"Tienda\",\"item\":\"https:\\\/\\\/saiga.es\\\/es\\\/tienda\\\/\"},{\"@type\":\"ListItem\",\"position\":3,\"name\":\"Soplador Arvipo BL37 + 3 Bat\"}]},{\"@type\":\"WebSite\",\"@id\":\"https:\\\/\\\/saiga.es\\\/es\\\/#website\",\"url\":\"https:\\\/\\\/saiga.es\\\/es\\\/\",\"name\":\"SAIGA\",\"description\":\"M\u00e9s de 50 anys al servei de la terra i treballant per a un \u00fas eficient de l\u2019aigua!\",\"publisher\":{\"@id\":\"https:\\\/\\\/saiga.es\\\/es\\\/#organization\"},\"potentialAction\":[{\"@type\":\"SearchAction\",\"target\":{\"@type\":\"EntryPoint\",\"urlTemplate\":\"https:\\\/\\\/saiga.es\\\/es\\\/?s={search_term_string}\"},\"query-input\":{\"@type\":\"PropertyValueSpecification\",\"valueRequired\":true,\"valueName\":\"search_term_string\"}}],\"inLanguage\":\"es\"},{\"@type\":\"Organization\",\"@id\":\"https:\\\/\\\/saiga.es\\\/es\\\/#organization\",\"name\":\"SAIGA\",\"url\":\"https:\\\/\\\/saiga.es\\\/es\\\/\",\"logo\":{\"@type\":\"ImageObject\",\"inLanguage\":\"es\",\"@id\":\"https:\\\/\\\/saiga.es\\\/es\\\/#\\\/schema\\\/logo\\\/image\\\/\",\"url\":\"https:\\\/\\\/saiga.es\\\/wp-content\\\/uploads\\\/2025\\\/07\\\/logo_saiga_baseline_optimitzat.svg\",\"contentUrl\":\"https:\\\/\\\/saiga.es\\\/wp-content\\\/uploads\\\/2025\\\/07\\\/logo_saiga_baseline_optimitzat.svg\",\"caption\":\"SAIGA\"},\"image\":{\"@id\":\"https:\\\/\\\/saiga.es\\\/es\\\/#\\\/schema\\\/logo\\\/image\\\/\"},\"sameAs\":[\"https:\\\/\\\/x.com\\\/saiga_agro\",\"https:\\\/\\\/www.instagram.com\\\/saiga_agro\\\/\"]}]}<\/script>\n<!-- \/ Yoast SEO plugin. -->","yoast_head_json":{"title":"Soplador Arvipo BL37 + 3 Bat | SAIGA","description":"El soplador ARVIPO BL37 es la herramienta ideal para profesionales del mantenimiento exterior. Con tecnolog\u00eda avanzada, dise\u00f1o ergon\u00f3mico y potencia ajustable.","robots":{"index":"index","follow":"follow","max-snippet":"max-snippet:-1","max-image-preview":"max-image-preview:large","max-video-preview":"max-video-preview:-1"},"canonical":"https:\/\/saiga.es\/es\/producto\/soplador-arvipo-bl37-3-bat\/","og_locale":"es_ES","og_type":"article","og_title":"Soplador Arvipo BL37 + 3 Bat | SAIGA","og_description":"El soplador ARVIPO BL37 es la herramienta ideal para profesionales del mantenimiento exterior. Con tecnolog\u00eda avanzada, dise\u00f1o ergon\u00f3mico y potencia ajustable.","og_url":"https:\/\/saiga.es\/es\/producto\/soplador-arvipo-bl37-3-bat\/","og_site_name":"SAIGA","og_image":[{"width":1080,"height":1080,"url":"https:\/\/saiga.es\/wp-content\/uploads\/2024\/10\/Bufador-BL37.jpg","type":"image\/jpeg"}],"twitter_card":"summary_large_image","twitter_site":"@saiga_agro","twitter_misc":{"Tiempo de lectura":"1 minuto"},"schema":{"@context":"https:\/\/schema.org","@graph":[{"@type":"WebPage","@id":"https:\/\/saiga.es\/es\/producto\/soplador-arvipo-bl37-3-bat\/","url":"https:\/\/saiga.es\/es\/producto\/soplador-arvipo-bl37-3-bat\/","name":"Soplador Arvipo BL37 + 3 Bat | SAIGA","isPartOf":{"@id":"https:\/\/saiga.es\/es\/#website"},"primaryImageOfPage":{"@id":"https:\/\/saiga.es\/es\/producto\/soplador-arvipo-bl37-3-bat\/#primaryimage"},"image":{"@id":"https:\/\/saiga.es\/es\/producto\/soplador-arvipo-bl37-3-bat\/#primaryimage"},"thumbnailUrl":"https:\/\/saiga.es\/wp-content\/uploads\/2024\/10\/Bufador-BL37.jpg","datePublished":"2024-10-09T12:13:42+00:00","description":"El soplador ARVIPO BL37 es la herramienta ideal para profesionales del mantenimiento exterior. Con tecnolog\u00eda avanzada, dise\u00f1o ergon\u00f3mico y potencia ajustable.","breadcrumb":{"@id":"https:\/\/saiga.es\/es\/producto\/soplador-arvipo-bl37-3-bat\/#breadcrumb"},"inLanguage":"es","potentialAction":[{"@type":"ReadAction","target":["https:\/\/saiga.es\/es\/producto\/soplador-arvipo-bl37-3-bat\/"]}]},{"@type":"ImageObject","inLanguage":"es","@id":"https:\/\/saiga.es\/es\/producto\/soplador-arvipo-bl37-3-bat\/#primaryimage","url":"https:\/\/saiga.es\/wp-content\/uploads\/2024\/10\/Bufador-BL37.jpg","contentUrl":"https:\/\/saiga.es\/wp-content\/uploads\/2024\/10\/Bufador-BL37.jpg","width":1080,"height":1080,"caption":"Soplador BL37"},{"@type":"BreadcrumbList","@id":"https:\/\/saiga.es\/es\/producto\/soplador-arvipo-bl37-3-bat\/#breadcrumb","itemListElement":[{"@type":"ListItem","position":1,"name":"Inici","item":"https:\/\/saiga.es\/es\/"},{"@type":"ListItem","position":2,"name":"Tienda","item":"https:\/\/saiga.es\/es\/tienda\/"},{"@type":"ListItem","position":3,"name":"Soplador Arvipo BL37 + 3 Bat"}]},{"@type":"WebSite","@id":"https:\/\/saiga.es\/es\/#website","url":"https:\/\/saiga.es\/es\/","name":"SAIGA","description":"M\u00e9s de 50 anys al servei de la terra i treballant per a un \u00fas eficient de l\u2019aigua!","publisher":{"@id":"https:\/\/saiga.es\/es\/#organization"},"potentialAction":[{"@type":"SearchAction","target":{"@type":"EntryPoint","urlTemplate":"https:\/\/saiga.es\/es\/?s={search_term_string}"},"query-input":{"@type":"PropertyValueSpecification","valueRequired":true,"valueName":"search_term_string"}}],"inLanguage":"es"},{"@type":"Organization","@id":"https:\/\/saiga.es\/es\/#organization","name":"SAIGA","url":"https:\/\/saiga.es\/es\/","logo":{"@type":"ImageObject","inLanguage":"es","@id":"https:\/\/saiga.es\/es\/#\/schema\/logo\/image\/","url":"https:\/\/saiga.es\/wp-content\/uploads\/2025\/07\/logo_saiga_baseline_optimitzat.svg","contentUrl":"https:\/\/saiga.es\/wp-content\/uploads\/2025\/07\/logo_saiga_baseline_optimitzat.svg","caption":"SAIGA"},"image":{"@id":"https:\/\/saiga.es\/es\/#\/schema\/logo\/image\/"},"sameAs":["https:\/\/x.com\/saiga_agro","https:\/\/www.instagram.com\/saiga_agro\/"]}]}},"_links":{"self":[{"href":"https:\/\/saiga.es\/es\/wp-json\/wp\/v2\/product\/12328","targetHints":{"allow":["GET"]}}],"collection":[{"href":"https:\/\/saiga.es\/es\/wp-json\/wp\/v2\/product"}],"about":[{"href":"https:\/\/saiga.es\/es\/wp-json\/wp\/v2\/types\/product"}],"replies":[{"embeddable":true,"href":"https:\/\/saiga.es\/es\/wp-json\/wp\/v2\/comments?post=12328"}],"wp:featuredmedia":[{"embeddable":true,"href":"https:\/\/saiga.es\/es\/wp-json\/wp\/v2\/media\/12326"}],"wp:attachment":[{"href":"https:\/\/saiga.es\/es\/wp-json\/wp\/v2\/media?parent=12328"}],"wp:term":[{"taxonomy":"product_brand","embeddable":true,"href":"https:\/\/saiga.es\/es\/wp-json\/wp\/v2\/product_brand?post=12328"},{"taxonomy":"product_cat","embeddable":true,"href":"https:\/\/saiga.es\/es\/wp-json\/wp\/v2\/product_cat?post=12328"},{"taxonomy":"product_tag","embeddable":true,"href":"https:\/\/saiga.es\/es\/wp-json\/wp\/v2\/product_tag?post=12328"}],"curies":[{"name":"wp","href":"https:\/\/api.w.org\/{rel}","templated":true}]}}