{"id":12407,"date":"2024-10-09T13:54:40","date_gmt":"2024-10-09T13:54:40","guid":{"rendered":"https:\/\/botiga.saiga.es\/producte\/cortasetos-arvipo-tt37-3-bateries-5ah\/"},"modified":"2024-10-09T13:54:40","modified_gmt":"2024-10-09T13:54:40","slug":"cortasetos-arvipo-tt37-3-bateries-5ah","status":"publish","type":"product","link":"https:\/\/saiga.es\/es\/producto\/cortasetos-arvipo-tt37-3-bateries-5ah\/","title":{"rendered":"Cortasetos Arvipo TT37 + 3 Bateries 5Ah"},"content":{"rendered":"<p>El cortasetos Arvipo ARVIPO TT37 es el primer cortasetos de altura de la familia de 25,2V. Tanto para cortar setos altos y arbustos de jard\u00edn como para trabajos de poda en verde para cultivos extensivos en agricultura.  El cabezal con \u00e1ngulo de corte ajustable de forma escalonada en un rango total de -90\u00ba a +90\u00ba permite adaptarlo a la posici\u00f3n m\u00e1s id\u00f3nea para el trabajo y el mango extensible le permite adquirir la altura adecuada para alcanzar los puntos m\u00e1s altos y innacesibles.<\/p>\n","protected":false},"excerpt":{"rendered":"<p>El cortasetos Arvipo ARVIPO TT37 es el primer cortasetos de altura de la familia de 25,2V. Tanto para cortar setos altos y arbustos de jard\u00edn como para trabajos de poda en verde para cultivos extensivos en agricultura. <\/p>\n","protected":false},"featured_media":12335,"comment_status":"closed","ping_status":"closed","template":"","meta":[],"product_brand":[],"product_cat":[1711],"product_tag":[382,1672],"class_list":{"0":"post-12407","1":"product","2":"type-product","3":"status-publish","4":"has-post-thumbnail","6":"product_cat-cortasetos","7":"product_tag-arvipo-es","8":"product_tag-cortasetos","10":"first","11":"instock","12":"taxable","13":"shipping-taxable","14":"purchasable","15":"product-type-variable"},"yoast_head":"<!-- This site is optimized with the Yoast SEO plugin v27.4 - https:\/\/yoast.com\/product\/yoast-seo-wordpress\/ -->\n<title>Cortasetos Arvipo TT37 + 3 Bateries 5Ah | SAIGA<\/title>\n<meta name=\"description\" content=\"El cortasetos Arvipo ARVIPO TT37 es el primer cortasetos de altura de la familia de 25,2V.\" \/>\n<meta name=\"robots\" content=\"index, follow, max-snippet:-1, max-image-preview:large, max-video-preview:-1\" \/>\n<link rel=\"canonical\" href=\"https:\/\/saiga.es\/es\/producto\/cortasetos-arvipo-tt37-3-bateries-5ah\/\" \/>\n<meta property=\"og:locale\" content=\"es_ES\" \/>\n<meta property=\"og:type\" content=\"article\" \/>\n<meta property=\"og:title\" content=\"Cortasetos Arvipo TT37 + 3 Bateries 5Ah | SAIGA\" \/>\n<meta property=\"og:description\" content=\"El cortasetos Arvipo ARVIPO TT37 es el primer cortasetos de altura de la familia de 25,2V.\" \/>\n<meta property=\"og:url\" content=\"https:\/\/saiga.es\/es\/producto\/cortasetos-arvipo-tt37-3-bateries-5ah\/\" \/>\n<meta property=\"og:site_name\" content=\"SAIGA\" \/>\n<meta property=\"og:image\" content=\"https:\/\/saiga.es\/wp-content\/uploads\/2024\/10\/Tallatanques-Arvipo.jpg\" \/>\n\t<meta property=\"og:image:width\" content=\"1080\" \/>\n\t<meta property=\"og:image:height\" content=\"1080\" \/>\n\t<meta property=\"og:image:type\" content=\"image\/jpeg\" \/>\n<meta name=\"twitter:card\" content=\"summary_large_image\" \/>\n<meta name=\"twitter:site\" content=\"@saiga_agro\" \/>\n<script type=\"application\/ld+json\" class=\"yoast-schema-graph\">{\"@context\":\"https:\\\/\\\/schema.org\",\"@graph\":[{\"@type\":\"WebPage\",\"@id\":\"https:\\\/\\\/saiga.es\\\/es\\\/producto\\\/cortasetos-arvipo-tt37-3-bateries-5ah\\\/\",\"url\":\"https:\\\/\\\/saiga.es\\\/es\\\/producto\\\/cortasetos-arvipo-tt37-3-bateries-5ah\\\/\",\"name\":\"Cortasetos Arvipo TT37 + 3 Bateries 5Ah | SAIGA\",\"isPartOf\":{\"@id\":\"https:\\\/\\\/saiga.es\\\/es\\\/#website\"},\"primaryImageOfPage\":{\"@id\":\"https:\\\/\\\/saiga.es\\\/es\\\/producto\\\/cortasetos-arvipo-tt37-3-bateries-5ah\\\/#primaryimage\"},\"image\":{\"@id\":\"https:\\\/\\\/saiga.es\\\/es\\\/producto\\\/cortasetos-arvipo-tt37-3-bateries-5ah\\\/#primaryimage\"},\"thumbnailUrl\":\"https:\\\/\\\/saiga.es\\\/wp-content\\\/uploads\\\/2024\\\/10\\\/Tallatanques-Arvipo.jpg\",\"datePublished\":\"2024-10-09T13:54:40+00:00\",\"description\":\"El cortasetos Arvipo ARVIPO TT37 es el primer cortasetos de altura de la familia de 25,2V.\",\"breadcrumb\":{\"@id\":\"https:\\\/\\\/saiga.es\\\/es\\\/producto\\\/cortasetos-arvipo-tt37-3-bateries-5ah\\\/#breadcrumb\"},\"inLanguage\":\"es\",\"potentialAction\":[{\"@type\":\"ReadAction\",\"target\":[\"https:\\\/\\\/saiga.es\\\/es\\\/producto\\\/cortasetos-arvipo-tt37-3-bateries-5ah\\\/\"]}]},{\"@type\":\"ImageObject\",\"inLanguage\":\"es\",\"@id\":\"https:\\\/\\\/saiga.es\\\/es\\\/producto\\\/cortasetos-arvipo-tt37-3-bateries-5ah\\\/#primaryimage\",\"url\":\"https:\\\/\\\/saiga.es\\\/wp-content\\\/uploads\\\/2024\\\/10\\\/Tallatanques-Arvipo.jpg\",\"contentUrl\":\"https:\\\/\\\/saiga.es\\\/wp-content\\\/uploads\\\/2024\\\/10\\\/Tallatanques-Arvipo.jpg\",\"width\":1080,\"height\":1080,\"caption\":\"Cortasetos\"},{\"@type\":\"BreadcrumbList\",\"@id\":\"https:\\\/\\\/saiga.es\\\/es\\\/producto\\\/cortasetos-arvipo-tt37-3-bateries-5ah\\\/#breadcrumb\",\"itemListElement\":[{\"@type\":\"ListItem\",\"position\":1,\"name\":\"Inici\",\"item\":\"https:\\\/\\\/saiga.es\\\/es\\\/\"},{\"@type\":\"ListItem\",\"position\":2,\"name\":\"Tienda\",\"item\":\"https:\\\/\\\/saiga.es\\\/es\\\/tienda\\\/\"},{\"@type\":\"ListItem\",\"position\":3,\"name\":\"Cortasetos Arvipo TT37 + 3 Bateries 5Ah\"}]},{\"@type\":\"WebSite\",\"@id\":\"https:\\\/\\\/saiga.es\\\/es\\\/#website\",\"url\":\"https:\\\/\\\/saiga.es\\\/es\\\/\",\"name\":\"SAIGA\",\"description\":\"M\u00e9s de 50 anys al servei de la terra i treballant per a un \u00fas eficient de l\u2019aigua!\",\"publisher\":{\"@id\":\"https:\\\/\\\/saiga.es\\\/es\\\/#organization\"},\"potentialAction\":[{\"@type\":\"SearchAction\",\"target\":{\"@type\":\"EntryPoint\",\"urlTemplate\":\"https:\\\/\\\/saiga.es\\\/es\\\/?s={search_term_string}\"},\"query-input\":{\"@type\":\"PropertyValueSpecification\",\"valueRequired\":true,\"valueName\":\"search_term_string\"}}],\"inLanguage\":\"es\"},{\"@type\":\"Organization\",\"@id\":\"https:\\\/\\\/saiga.es\\\/es\\\/#organization\",\"name\":\"SAIGA\",\"url\":\"https:\\\/\\\/saiga.es\\\/es\\\/\",\"logo\":{\"@type\":\"ImageObject\",\"inLanguage\":\"es\",\"@id\":\"https:\\\/\\\/saiga.es\\\/es\\\/#\\\/schema\\\/logo\\\/image\\\/\",\"url\":\"https:\\\/\\\/saiga.es\\\/wp-content\\\/uploads\\\/2025\\\/07\\\/logo_saiga_baseline_optimitzat.svg\",\"contentUrl\":\"https:\\\/\\\/saiga.es\\\/wp-content\\\/uploads\\\/2025\\\/07\\\/logo_saiga_baseline_optimitzat.svg\",\"caption\":\"SAIGA\"},\"image\":{\"@id\":\"https:\\\/\\\/saiga.es\\\/es\\\/#\\\/schema\\\/logo\\\/image\\\/\"},\"sameAs\":[\"https:\\\/\\\/x.com\\\/saiga_agro\",\"https:\\\/\\\/www.instagram.com\\\/saiga_agro\\\/\"]}]}<\/script>\n<!-- \/ Yoast SEO plugin. -->","yoast_head_json":{"title":"Cortasetos Arvipo TT37 + 3 Bateries 5Ah | SAIGA","description":"El cortasetos Arvipo ARVIPO TT37 es el primer cortasetos de altura de la familia de 25,2V.","robots":{"index":"index","follow":"follow","max-snippet":"max-snippet:-1","max-image-preview":"max-image-preview:large","max-video-preview":"max-video-preview:-1"},"canonical":"https:\/\/saiga.es\/es\/producto\/cortasetos-arvipo-tt37-3-bateries-5ah\/","og_locale":"es_ES","og_type":"article","og_title":"Cortasetos Arvipo TT37 + 3 Bateries 5Ah | SAIGA","og_description":"El cortasetos Arvipo ARVIPO TT37 es el primer cortasetos de altura de la familia de 25,2V.","og_url":"https:\/\/saiga.es\/es\/producto\/cortasetos-arvipo-tt37-3-bateries-5ah\/","og_site_name":"SAIGA","og_image":[{"width":1080,"height":1080,"url":"https:\/\/saiga.es\/wp-content\/uploads\/2024\/10\/Tallatanques-Arvipo.jpg","type":"image\/jpeg"}],"twitter_card":"summary_large_image","twitter_site":"@saiga_agro","schema":{"@context":"https:\/\/schema.org","@graph":[{"@type":"WebPage","@id":"https:\/\/saiga.es\/es\/producto\/cortasetos-arvipo-tt37-3-bateries-5ah\/","url":"https:\/\/saiga.es\/es\/producto\/cortasetos-arvipo-tt37-3-bateries-5ah\/","name":"Cortasetos Arvipo TT37 + 3 Bateries 5Ah | SAIGA","isPartOf":{"@id":"https:\/\/saiga.es\/es\/#website"},"primaryImageOfPage":{"@id":"https:\/\/saiga.es\/es\/producto\/cortasetos-arvipo-tt37-3-bateries-5ah\/#primaryimage"},"image":{"@id":"https:\/\/saiga.es\/es\/producto\/cortasetos-arvipo-tt37-3-bateries-5ah\/#primaryimage"},"thumbnailUrl":"https:\/\/saiga.es\/wp-content\/uploads\/2024\/10\/Tallatanques-Arvipo.jpg","datePublished":"2024-10-09T13:54:40+00:00","description":"El cortasetos Arvipo ARVIPO TT37 es el primer cortasetos de altura de la familia de 25,2V.","breadcrumb":{"@id":"https:\/\/saiga.es\/es\/producto\/cortasetos-arvipo-tt37-3-bateries-5ah\/#breadcrumb"},"inLanguage":"es","potentialAction":[{"@type":"ReadAction","target":["https:\/\/saiga.es\/es\/producto\/cortasetos-arvipo-tt37-3-bateries-5ah\/"]}]},{"@type":"ImageObject","inLanguage":"es","@id":"https:\/\/saiga.es\/es\/producto\/cortasetos-arvipo-tt37-3-bateries-5ah\/#primaryimage","url":"https:\/\/saiga.es\/wp-content\/uploads\/2024\/10\/Tallatanques-Arvipo.jpg","contentUrl":"https:\/\/saiga.es\/wp-content\/uploads\/2024\/10\/Tallatanques-Arvipo.jpg","width":1080,"height":1080,"caption":"Cortasetos"},{"@type":"BreadcrumbList","@id":"https:\/\/saiga.es\/es\/producto\/cortasetos-arvipo-tt37-3-bateries-5ah\/#breadcrumb","itemListElement":[{"@type":"ListItem","position":1,"name":"Inici","item":"https:\/\/saiga.es\/es\/"},{"@type":"ListItem","position":2,"name":"Tienda","item":"https:\/\/saiga.es\/es\/tienda\/"},{"@type":"ListItem","position":3,"name":"Cortasetos Arvipo TT37 + 3 Bateries 5Ah"}]},{"@type":"WebSite","@id":"https:\/\/saiga.es\/es\/#website","url":"https:\/\/saiga.es\/es\/","name":"SAIGA","description":"M\u00e9s de 50 anys al servei de la terra i treballant per a un \u00fas eficient de l\u2019aigua!","publisher":{"@id":"https:\/\/saiga.es\/es\/#organization"},"potentialAction":[{"@type":"SearchAction","target":{"@type":"EntryPoint","urlTemplate":"https:\/\/saiga.es\/es\/?s={search_term_string}"},"query-input":{"@type":"PropertyValueSpecification","valueRequired":true,"valueName":"search_term_string"}}],"inLanguage":"es"},{"@type":"Organization","@id":"https:\/\/saiga.es\/es\/#organization","name":"SAIGA","url":"https:\/\/saiga.es\/es\/","logo":{"@type":"ImageObject","inLanguage":"es","@id":"https:\/\/saiga.es\/es\/#\/schema\/logo\/image\/","url":"https:\/\/saiga.es\/wp-content\/uploads\/2025\/07\/logo_saiga_baseline_optimitzat.svg","contentUrl":"https:\/\/saiga.es\/wp-content\/uploads\/2025\/07\/logo_saiga_baseline_optimitzat.svg","caption":"SAIGA"},"image":{"@id":"https:\/\/saiga.es\/es\/#\/schema\/logo\/image\/"},"sameAs":["https:\/\/x.com\/saiga_agro","https:\/\/www.instagram.com\/saiga_agro\/"]}]}},"_links":{"self":[{"href":"https:\/\/saiga.es\/es\/wp-json\/wp\/v2\/product\/12407","targetHints":{"allow":["GET"]}}],"collection":[{"href":"https:\/\/saiga.es\/es\/wp-json\/wp\/v2\/product"}],"about":[{"href":"https:\/\/saiga.es\/es\/wp-json\/wp\/v2\/types\/product"}],"replies":[{"embeddable":true,"href":"https:\/\/saiga.es\/es\/wp-json\/wp\/v2\/comments?post=12407"}],"wp:featuredmedia":[{"embeddable":true,"href":"https:\/\/saiga.es\/es\/wp-json\/wp\/v2\/media\/12335"}],"wp:attachment":[{"href":"https:\/\/saiga.es\/es\/wp-json\/wp\/v2\/media?parent=12407"}],"wp:term":[{"taxonomy":"product_brand","embeddable":true,"href":"https:\/\/saiga.es\/es\/wp-json\/wp\/v2\/product_brand?post=12407"},{"taxonomy":"product_cat","embeddable":true,"href":"https:\/\/saiga.es\/es\/wp-json\/wp\/v2\/product_cat?post=12407"},{"taxonomy":"product_tag","embeddable":true,"href":"https:\/\/saiga.es\/es\/wp-json\/wp\/v2\/product_tag?post=12407"}],"curies":[{"name":"wp","href":"https:\/\/api.w.org\/{rel}","templated":true}]}}