{"id":13112,"date":"2024-12-03T13:10:19","date_gmt":"2024-12-03T13:10:19","guid":{"rendered":"https:\/\/botiga.saiga.es\/producte\/pulverizador-ml-16-de-sirfran\/"},"modified":"2024-12-03T13:10:19","modified_gmt":"2024-12-03T13:10:19","slug":"pulverizador-ml-16-de-sirfran","status":"publish","type":"product","link":"https:\/\/saiga.es\/es\/producto\/pulverizador-ml-16-de-sirfran\/","title":{"rendered":"Pulverizador ML-16 de Sirfran"},"content":{"rendered":"<p>El pulverizador ML-16 de Sirfran es la opci\u00f3n ideal para aquellos que pueden tener un manejo fiable y duradero para sus necesidades de pulverizaci\u00f3n. Equipado con un boquilla regulable que proporciona la flexibilidad para ajustar la intensidad del cultivo, adapt\u00e1ndose a las necesidades espec\u00edficas de su cultivo o jard\u00edn. Ofrece la posibilidad de adaptar otras botellas, permiti\u00e9ndote personalizar el spray en funci\u00f3n de los requisitos particulares de tu aplicaci\u00f3n. Incorpora un filtro en la l\u00ednea para mantener el sistema libre de impurezas, asegurando una limpieza limpia y eficiente.   <\/p>\n","protected":false},"excerpt":{"rendered":"<p>El pulverizador ML-16 de Sirfran es la opci\u00f3n ideal para aquellos que pueden tener un manejo fiable, duradero y f\u00e1cil de manejar para sus necesidades de pulverizaci\u00f3n.<\/p>\n","protected":false},"featured_media":13111,"comment_status":"closed","ping_status":"closed","template":"","meta":[],"product_brand":[],"product_cat":[1746],"product_tag":[1747,1750],"class_list":{"0":"post-13112","1":"product","2":"type-product","3":"status-publish","4":"has-post-thumbnail","6":"product_cat-polvorizadores","7":"product_tag-pulverizador-es","8":"product_tag-sirfran-es","10":"first","11":"instock","12":"taxable","13":"shipping-taxable","14":"purchasable","15":"product-type-simple"},"yoast_head":"<!-- This site is optimized with the Yoast SEO plugin v27.4 - https:\/\/yoast.com\/product\/yoast-seo-wordpress\/ -->\n<title>Pulverizador ML-16 de Sirfran | SAIGA<\/title>\n<meta name=\"description\" content=\"El pulverizador ML-16 de Sirfran es la opci\u00f3n ideal para aquellos que pueden tener un manejo fiable, duradero y f\u00e1cil de manejar para sus necesidades de pulverizaci\u00f3n.\" \/>\n<meta name=\"robots\" content=\"index, follow, max-snippet:-1, max-image-preview:large, max-video-preview:-1\" \/>\n<link rel=\"canonical\" href=\"https:\/\/saiga.es\/es\/producto\/pulverizador-ml-16-de-sirfran\/\" \/>\n<meta property=\"og:locale\" content=\"es_ES\" \/>\n<meta property=\"og:type\" content=\"article\" \/>\n<meta property=\"og:title\" content=\"Pulverizador ML-16 de Sirfran | SAIGA\" \/>\n<meta property=\"og:description\" content=\"El pulverizador ML-16 de Sirfran es la opci\u00f3n ideal para aquellos que pueden tener un manejo fiable, duradero y f\u00e1cil de manejar para sus necesidades de pulverizaci\u00f3n.\" \/>\n<meta property=\"og:url\" content=\"https:\/\/saiga.es\/es\/producto\/pulverizador-ml-16-de-sirfran\/\" \/>\n<meta property=\"og:site_name\" content=\"SAIGA\" \/>\n<meta property=\"og:image\" content=\"https:\/\/saiga.es\/wp-content\/uploads\/2024\/12\/ML-16.jpg\" \/>\n\t<meta property=\"og:image:width\" content=\"1080\" \/>\n\t<meta property=\"og:image:height\" content=\"1080\" \/>\n\t<meta property=\"og:image:type\" content=\"image\/jpeg\" \/>\n<meta name=\"twitter:card\" content=\"summary_large_image\" \/>\n<meta name=\"twitter:site\" content=\"@saiga_agro\" \/>\n<script type=\"application\/ld+json\" class=\"yoast-schema-graph\">{\"@context\":\"https:\\\/\\\/schema.org\",\"@graph\":[{\"@type\":\"WebPage\",\"@id\":\"https:\\\/\\\/saiga.es\\\/es\\\/producto\\\/pulverizador-ml-16-de-sirfran\\\/\",\"url\":\"https:\\\/\\\/saiga.es\\\/es\\\/producto\\\/pulverizador-ml-16-de-sirfran\\\/\",\"name\":\"Pulverizador ML-16 de Sirfran | SAIGA\",\"isPartOf\":{\"@id\":\"https:\\\/\\\/saiga.es\\\/es\\\/#website\"},\"primaryImageOfPage\":{\"@id\":\"https:\\\/\\\/saiga.es\\\/es\\\/producto\\\/pulverizador-ml-16-de-sirfran\\\/#primaryimage\"},\"image\":{\"@id\":\"https:\\\/\\\/saiga.es\\\/es\\\/producto\\\/pulverizador-ml-16-de-sirfran\\\/#primaryimage\"},\"thumbnailUrl\":\"https:\\\/\\\/saiga.es\\\/wp-content\\\/uploads\\\/2024\\\/12\\\/ML-16.jpg\",\"datePublished\":\"2024-12-03T13:10:19+00:00\",\"description\":\"El pulverizador ML-16 de Sirfran es la opci\u00f3n ideal para aquellos que pueden tener un manejo fiable, duradero y f\u00e1cil de manejar para sus necesidades de pulverizaci\u00f3n.\",\"breadcrumb\":{\"@id\":\"https:\\\/\\\/saiga.es\\\/es\\\/producto\\\/pulverizador-ml-16-de-sirfran\\\/#breadcrumb\"},\"inLanguage\":\"es\",\"potentialAction\":[{\"@type\":\"ReadAction\",\"target\":[\"https:\\\/\\\/saiga.es\\\/es\\\/producto\\\/pulverizador-ml-16-de-sirfran\\\/\"]}]},{\"@type\":\"ImageObject\",\"inLanguage\":\"es\",\"@id\":\"https:\\\/\\\/saiga.es\\\/es\\\/producto\\\/pulverizador-ml-16-de-sirfran\\\/#primaryimage\",\"url\":\"https:\\\/\\\/saiga.es\\\/wp-content\\\/uploads\\\/2024\\\/12\\\/ML-16.jpg\",\"contentUrl\":\"https:\\\/\\\/saiga.es\\\/wp-content\\\/uploads\\\/2024\\\/12\\\/ML-16.jpg\",\"width\":1080,\"height\":1080,\"caption\":\"ML-16 Polvoritzador Sirfran\"},{\"@type\":\"BreadcrumbList\",\"@id\":\"https:\\\/\\\/saiga.es\\\/es\\\/producto\\\/pulverizador-ml-16-de-sirfran\\\/#breadcrumb\",\"itemListElement\":[{\"@type\":\"ListItem\",\"position\":1,\"name\":\"Inici\",\"item\":\"https:\\\/\\\/saiga.es\\\/es\\\/\"},{\"@type\":\"ListItem\",\"position\":2,\"name\":\"Tienda\",\"item\":\"https:\\\/\\\/saiga.es\\\/es\\\/tienda\\\/\"},{\"@type\":\"ListItem\",\"position\":3,\"name\":\"Pulverizador ML-16 de Sirfran\"}]},{\"@type\":\"WebSite\",\"@id\":\"https:\\\/\\\/saiga.es\\\/es\\\/#website\",\"url\":\"https:\\\/\\\/saiga.es\\\/es\\\/\",\"name\":\"SAIGA\",\"description\":\"M\u00e9s de 50 anys al servei de la terra i treballant per a un \u00fas eficient de l\u2019aigua!\",\"publisher\":{\"@id\":\"https:\\\/\\\/saiga.es\\\/es\\\/#organization\"},\"potentialAction\":[{\"@type\":\"SearchAction\",\"target\":{\"@type\":\"EntryPoint\",\"urlTemplate\":\"https:\\\/\\\/saiga.es\\\/es\\\/?s={search_term_string}\"},\"query-input\":{\"@type\":\"PropertyValueSpecification\",\"valueRequired\":true,\"valueName\":\"search_term_string\"}}],\"inLanguage\":\"es\"},{\"@type\":\"Organization\",\"@id\":\"https:\\\/\\\/saiga.es\\\/es\\\/#organization\",\"name\":\"SAIGA\",\"url\":\"https:\\\/\\\/saiga.es\\\/es\\\/\",\"logo\":{\"@type\":\"ImageObject\",\"inLanguage\":\"es\",\"@id\":\"https:\\\/\\\/saiga.es\\\/es\\\/#\\\/schema\\\/logo\\\/image\\\/\",\"url\":\"https:\\\/\\\/saiga.es\\\/wp-content\\\/uploads\\\/2025\\\/07\\\/logo_saiga_baseline_optimitzat.svg\",\"contentUrl\":\"https:\\\/\\\/saiga.es\\\/wp-content\\\/uploads\\\/2025\\\/07\\\/logo_saiga_baseline_optimitzat.svg\",\"caption\":\"SAIGA\"},\"image\":{\"@id\":\"https:\\\/\\\/saiga.es\\\/es\\\/#\\\/schema\\\/logo\\\/image\\\/\"},\"sameAs\":[\"https:\\\/\\\/x.com\\\/saiga_agro\",\"https:\\\/\\\/www.instagram.com\\\/saiga_agro\\\/\"]}]}<\/script>\n<!-- \/ Yoast SEO plugin. -->","yoast_head_json":{"title":"Pulverizador ML-16 de Sirfran | SAIGA","description":"El pulverizador ML-16 de Sirfran es la opci\u00f3n ideal para aquellos que pueden tener un manejo fiable, duradero y f\u00e1cil de manejar para sus necesidades de pulverizaci\u00f3n.","robots":{"index":"index","follow":"follow","max-snippet":"max-snippet:-1","max-image-preview":"max-image-preview:large","max-video-preview":"max-video-preview:-1"},"canonical":"https:\/\/saiga.es\/es\/producto\/pulverizador-ml-16-de-sirfran\/","og_locale":"es_ES","og_type":"article","og_title":"Pulverizador ML-16 de Sirfran | SAIGA","og_description":"El pulverizador ML-16 de Sirfran es la opci\u00f3n ideal para aquellos que pueden tener un manejo fiable, duradero y f\u00e1cil de manejar para sus necesidades de pulverizaci\u00f3n.","og_url":"https:\/\/saiga.es\/es\/producto\/pulverizador-ml-16-de-sirfran\/","og_site_name":"SAIGA","og_image":[{"width":1080,"height":1080,"url":"https:\/\/saiga.es\/wp-content\/uploads\/2024\/12\/ML-16.jpg","type":"image\/jpeg"}],"twitter_card":"summary_large_image","twitter_site":"@saiga_agro","schema":{"@context":"https:\/\/schema.org","@graph":[{"@type":"WebPage","@id":"https:\/\/saiga.es\/es\/producto\/pulverizador-ml-16-de-sirfran\/","url":"https:\/\/saiga.es\/es\/producto\/pulverizador-ml-16-de-sirfran\/","name":"Pulverizador ML-16 de Sirfran | SAIGA","isPartOf":{"@id":"https:\/\/saiga.es\/es\/#website"},"primaryImageOfPage":{"@id":"https:\/\/saiga.es\/es\/producto\/pulverizador-ml-16-de-sirfran\/#primaryimage"},"image":{"@id":"https:\/\/saiga.es\/es\/producto\/pulverizador-ml-16-de-sirfran\/#primaryimage"},"thumbnailUrl":"https:\/\/saiga.es\/wp-content\/uploads\/2024\/12\/ML-16.jpg","datePublished":"2024-12-03T13:10:19+00:00","description":"El pulverizador ML-16 de Sirfran es la opci\u00f3n ideal para aquellos que pueden tener un manejo fiable, duradero y f\u00e1cil de manejar para sus necesidades de pulverizaci\u00f3n.","breadcrumb":{"@id":"https:\/\/saiga.es\/es\/producto\/pulverizador-ml-16-de-sirfran\/#breadcrumb"},"inLanguage":"es","potentialAction":[{"@type":"ReadAction","target":["https:\/\/saiga.es\/es\/producto\/pulverizador-ml-16-de-sirfran\/"]}]},{"@type":"ImageObject","inLanguage":"es","@id":"https:\/\/saiga.es\/es\/producto\/pulverizador-ml-16-de-sirfran\/#primaryimage","url":"https:\/\/saiga.es\/wp-content\/uploads\/2024\/12\/ML-16.jpg","contentUrl":"https:\/\/saiga.es\/wp-content\/uploads\/2024\/12\/ML-16.jpg","width":1080,"height":1080,"caption":"ML-16 Polvoritzador Sirfran"},{"@type":"BreadcrumbList","@id":"https:\/\/saiga.es\/es\/producto\/pulverizador-ml-16-de-sirfran\/#breadcrumb","itemListElement":[{"@type":"ListItem","position":1,"name":"Inici","item":"https:\/\/saiga.es\/es\/"},{"@type":"ListItem","position":2,"name":"Tienda","item":"https:\/\/saiga.es\/es\/tienda\/"},{"@type":"ListItem","position":3,"name":"Pulverizador ML-16 de Sirfran"}]},{"@type":"WebSite","@id":"https:\/\/saiga.es\/es\/#website","url":"https:\/\/saiga.es\/es\/","name":"SAIGA","description":"M\u00e9s de 50 anys al servei de la terra i treballant per a un \u00fas eficient de l\u2019aigua!","publisher":{"@id":"https:\/\/saiga.es\/es\/#organization"},"potentialAction":[{"@type":"SearchAction","target":{"@type":"EntryPoint","urlTemplate":"https:\/\/saiga.es\/es\/?s={search_term_string}"},"query-input":{"@type":"PropertyValueSpecification","valueRequired":true,"valueName":"search_term_string"}}],"inLanguage":"es"},{"@type":"Organization","@id":"https:\/\/saiga.es\/es\/#organization","name":"SAIGA","url":"https:\/\/saiga.es\/es\/","logo":{"@type":"ImageObject","inLanguage":"es","@id":"https:\/\/saiga.es\/es\/#\/schema\/logo\/image\/","url":"https:\/\/saiga.es\/wp-content\/uploads\/2025\/07\/logo_saiga_baseline_optimitzat.svg","contentUrl":"https:\/\/saiga.es\/wp-content\/uploads\/2025\/07\/logo_saiga_baseline_optimitzat.svg","caption":"SAIGA"},"image":{"@id":"https:\/\/saiga.es\/es\/#\/schema\/logo\/image\/"},"sameAs":["https:\/\/x.com\/saiga_agro","https:\/\/www.instagram.com\/saiga_agro\/"]}]}},"_links":{"self":[{"href":"https:\/\/saiga.es\/es\/wp-json\/wp\/v2\/product\/13112","targetHints":{"allow":["GET"]}}],"collection":[{"href":"https:\/\/saiga.es\/es\/wp-json\/wp\/v2\/product"}],"about":[{"href":"https:\/\/saiga.es\/es\/wp-json\/wp\/v2\/types\/product"}],"replies":[{"embeddable":true,"href":"https:\/\/saiga.es\/es\/wp-json\/wp\/v2\/comments?post=13112"}],"wp:featuredmedia":[{"embeddable":true,"href":"https:\/\/saiga.es\/es\/wp-json\/wp\/v2\/media\/13111"}],"wp:attachment":[{"href":"https:\/\/saiga.es\/es\/wp-json\/wp\/v2\/media?parent=13112"}],"wp:term":[{"taxonomy":"product_brand","embeddable":true,"href":"https:\/\/saiga.es\/es\/wp-json\/wp\/v2\/product_brand?post=13112"},{"taxonomy":"product_cat","embeddable":true,"href":"https:\/\/saiga.es\/es\/wp-json\/wp\/v2\/product_cat?post=13112"},{"taxonomy":"product_tag","embeddable":true,"href":"https:\/\/saiga.es\/es\/wp-json\/wp\/v2\/product_tag?post=13112"}],"curies":[{"name":"wp","href":"https:\/\/api.w.org\/{rel}","templated":true}]}}