{"id":13143,"date":"2024-12-03T12:55:41","date_gmt":"2024-12-03T12:55:41","guid":{"rendered":"https:\/\/botiga.saiga.es\/producte\/polvorizador-ml-7-sirfran\/"},"modified":"2024-12-03T12:55:41","modified_gmt":"2024-12-03T12:55:41","slug":"polvorizador-ml-7-sirfran","status":"publish","type":"product","link":"https:\/\/saiga.es\/es\/producto\/polvorizador-ml-7-sirfran\/","title":{"rendered":"Polvorizador ML-7 Sirfran"},"content":{"rendered":"<p>Le pulv\u00e9risateur Sirfran ML-7 d&#8217;une capacit\u00e9 de 7 litres est le choix parfait pour ceux qui recherchent un \u00e9quipement robuste et efficace pour les projets n\u00e9cessitant plus de capacit\u00e9.<\/p>\n","protected":false},"excerpt":{"rendered":"<p>Le pulv\u00e9risateur d&#8217;une capacit\u00e9 de 7 litres est le choix id\u00e9al pour ceux qui fournissent un \u00e9quipement robuste et efficace pour des projets n\u00e9cessitant la m\u00eame capacit\u00e9.<\/p>\n","protected":false},"featured_media":13106,"comment_status":"closed","ping_status":"closed","template":"","meta":[],"product_brand":[],"product_cat":[1746],"product_tag":[1747,1750],"class_list":{"0":"post-13143","1":"product","2":"type-product","3":"status-publish","4":"has-post-thumbnail","6":"product_cat-polvorizadores","7":"product_tag-pulverizador-es","8":"product_tag-sirfran-es","10":"first","11":"instock","12":"taxable","13":"shipping-taxable","14":"purchasable","15":"product-type-simple"},"yoast_head":"<!-- This site is optimized with the Yoast SEO plugin v27.4 - https:\/\/yoast.com\/product\/yoast-seo-wordpress\/ -->\n<title>Polvorizador ML-7 Sirfran | SAIGA<\/title>\n<meta name=\"description\" content=\"El Pulverizador de 7 Litros de Capacidad es la elecci\u00f3n perfecta para aquellos que proporcionan un equipo robusto y eficiente para los proyectos que requieren la misma capacidad.\" \/>\n<meta name=\"robots\" content=\"index, follow, max-snippet:-1, max-image-preview:large, max-video-preview:-1\" \/>\n<link rel=\"canonical\" href=\"https:\/\/saiga.es\/es\/producto\/polvorizador-ml-7-sirfran\/\" \/>\n<meta property=\"og:locale\" content=\"es_ES\" \/>\n<meta property=\"og:type\" content=\"article\" \/>\n<meta property=\"og:title\" content=\"Polvorizador ML-7 Sirfran | SAIGA\" \/>\n<meta property=\"og:description\" content=\"El Pulverizador de 7 Litros de Capacidad es la elecci\u00f3n perfecta para aquellos que proporcionan un equipo robusto y eficiente para los proyectos que requieren la misma capacidad.\" \/>\n<meta property=\"og:url\" content=\"https:\/\/saiga.es\/es\/producto\/polvorizador-ml-7-sirfran\/\" \/>\n<meta property=\"og:site_name\" content=\"SAIGA\" \/>\n<meta property=\"og:image\" content=\"https:\/\/saiga.es\/wp-content\/uploads\/2024\/12\/Sirfran-ML-7-Polvoritzador.jpg\" \/>\n\t<meta property=\"og:image:width\" content=\"1080\" \/>\n\t<meta property=\"og:image:height\" content=\"1080\" \/>\n\t<meta property=\"og:image:type\" content=\"image\/jpeg\" \/>\n<meta name=\"twitter:card\" content=\"summary_large_image\" \/>\n<meta name=\"twitter:site\" content=\"@saiga_agro\" \/>\n<script type=\"application\/ld+json\" class=\"yoast-schema-graph\">{\"@context\":\"https:\\\/\\\/schema.org\",\"@graph\":[{\"@type\":\"WebPage\",\"@id\":\"https:\\\/\\\/saiga.es\\\/es\\\/producto\\\/polvorizador-ml-7-sirfran\\\/\",\"url\":\"https:\\\/\\\/saiga.es\\\/es\\\/producto\\\/polvorizador-ml-7-sirfran\\\/\",\"name\":\"Polvorizador ML-7 Sirfran | SAIGA\",\"isPartOf\":{\"@id\":\"https:\\\/\\\/saiga.es\\\/es\\\/#website\"},\"primaryImageOfPage\":{\"@id\":\"https:\\\/\\\/saiga.es\\\/es\\\/producto\\\/polvorizador-ml-7-sirfran\\\/#primaryimage\"},\"image\":{\"@id\":\"https:\\\/\\\/saiga.es\\\/es\\\/producto\\\/polvorizador-ml-7-sirfran\\\/#primaryimage\"},\"thumbnailUrl\":\"https:\\\/\\\/saiga.es\\\/wp-content\\\/uploads\\\/2024\\\/12\\\/Sirfran-ML-7-Polvoritzador.jpg\",\"datePublished\":\"2024-12-03T12:55:41+00:00\",\"description\":\"El Pulverizador de 7 Litros de Capacidad es la elecci\u00f3n perfecta para aquellos que proporcionan un equipo robusto y eficiente para los proyectos que requieren la misma capacidad.\",\"breadcrumb\":{\"@id\":\"https:\\\/\\\/saiga.es\\\/es\\\/producto\\\/polvorizador-ml-7-sirfran\\\/#breadcrumb\"},\"inLanguage\":\"es\",\"potentialAction\":[{\"@type\":\"ReadAction\",\"target\":[\"https:\\\/\\\/saiga.es\\\/es\\\/producto\\\/polvorizador-ml-7-sirfran\\\/\"]}]},{\"@type\":\"ImageObject\",\"inLanguage\":\"es\",\"@id\":\"https:\\\/\\\/saiga.es\\\/es\\\/producto\\\/polvorizador-ml-7-sirfran\\\/#primaryimage\",\"url\":\"https:\\\/\\\/saiga.es\\\/wp-content\\\/uploads\\\/2024\\\/12\\\/Sirfran-ML-7-Polvoritzador.jpg\",\"contentUrl\":\"https:\\\/\\\/saiga.es\\\/wp-content\\\/uploads\\\/2024\\\/12\\\/Sirfran-ML-7-Polvoritzador.jpg\",\"width\":1080,\"height\":1080,\"caption\":\"Polvorizador ML-7 Sirfran\"},{\"@type\":\"BreadcrumbList\",\"@id\":\"https:\\\/\\\/saiga.es\\\/es\\\/producto\\\/polvorizador-ml-7-sirfran\\\/#breadcrumb\",\"itemListElement\":[{\"@type\":\"ListItem\",\"position\":1,\"name\":\"Inici\",\"item\":\"https:\\\/\\\/saiga.es\\\/es\\\/\"},{\"@type\":\"ListItem\",\"position\":2,\"name\":\"Tienda\",\"item\":\"https:\\\/\\\/saiga.es\\\/es\\\/tienda\\\/\"},{\"@type\":\"ListItem\",\"position\":3,\"name\":\"Polvorizador ML-7 Sirfran\"}]},{\"@type\":\"WebSite\",\"@id\":\"https:\\\/\\\/saiga.es\\\/es\\\/#website\",\"url\":\"https:\\\/\\\/saiga.es\\\/es\\\/\",\"name\":\"SAIGA\",\"description\":\"M\u00e9s de 50 anys al servei de la terra i treballant per a un \u00fas eficient de l\u2019aigua!\",\"publisher\":{\"@id\":\"https:\\\/\\\/saiga.es\\\/es\\\/#organization\"},\"potentialAction\":[{\"@type\":\"SearchAction\",\"target\":{\"@type\":\"EntryPoint\",\"urlTemplate\":\"https:\\\/\\\/saiga.es\\\/es\\\/?s={search_term_string}\"},\"query-input\":{\"@type\":\"PropertyValueSpecification\",\"valueRequired\":true,\"valueName\":\"search_term_string\"}}],\"inLanguage\":\"es\"},{\"@type\":\"Organization\",\"@id\":\"https:\\\/\\\/saiga.es\\\/es\\\/#organization\",\"name\":\"SAIGA\",\"url\":\"https:\\\/\\\/saiga.es\\\/es\\\/\",\"logo\":{\"@type\":\"ImageObject\",\"inLanguage\":\"es\",\"@id\":\"https:\\\/\\\/saiga.es\\\/es\\\/#\\\/schema\\\/logo\\\/image\\\/\",\"url\":\"https:\\\/\\\/saiga.es\\\/wp-content\\\/uploads\\\/2025\\\/07\\\/logo_saiga_baseline_optimitzat.svg\",\"contentUrl\":\"https:\\\/\\\/saiga.es\\\/wp-content\\\/uploads\\\/2025\\\/07\\\/logo_saiga_baseline_optimitzat.svg\",\"caption\":\"SAIGA\"},\"image\":{\"@id\":\"https:\\\/\\\/saiga.es\\\/es\\\/#\\\/schema\\\/logo\\\/image\\\/\"},\"sameAs\":[\"https:\\\/\\\/x.com\\\/saiga_agro\",\"https:\\\/\\\/www.instagram.com\\\/saiga_agro\\\/\"]}]}<\/script>\n<!-- \/ Yoast SEO plugin. -->","yoast_head_json":{"title":"Polvorizador ML-7 Sirfran | SAIGA","description":"El Pulverizador de 7 Litros de Capacidad es la elecci\u00f3n perfecta para aquellos que proporcionan un equipo robusto y eficiente para los proyectos que requieren la misma capacidad.","robots":{"index":"index","follow":"follow","max-snippet":"max-snippet:-1","max-image-preview":"max-image-preview:large","max-video-preview":"max-video-preview:-1"},"canonical":"https:\/\/saiga.es\/es\/producto\/polvorizador-ml-7-sirfran\/","og_locale":"es_ES","og_type":"article","og_title":"Polvorizador ML-7 Sirfran | SAIGA","og_description":"El Pulverizador de 7 Litros de Capacidad es la elecci\u00f3n perfecta para aquellos que proporcionan un equipo robusto y eficiente para los proyectos que requieren la misma capacidad.","og_url":"https:\/\/saiga.es\/es\/producto\/polvorizador-ml-7-sirfran\/","og_site_name":"SAIGA","og_image":[{"width":1080,"height":1080,"url":"https:\/\/saiga.es\/wp-content\/uploads\/2024\/12\/Sirfran-ML-7-Polvoritzador.jpg","type":"image\/jpeg"}],"twitter_card":"summary_large_image","twitter_site":"@saiga_agro","schema":{"@context":"https:\/\/schema.org","@graph":[{"@type":"WebPage","@id":"https:\/\/saiga.es\/es\/producto\/polvorizador-ml-7-sirfran\/","url":"https:\/\/saiga.es\/es\/producto\/polvorizador-ml-7-sirfran\/","name":"Polvorizador ML-7 Sirfran | SAIGA","isPartOf":{"@id":"https:\/\/saiga.es\/es\/#website"},"primaryImageOfPage":{"@id":"https:\/\/saiga.es\/es\/producto\/polvorizador-ml-7-sirfran\/#primaryimage"},"image":{"@id":"https:\/\/saiga.es\/es\/producto\/polvorizador-ml-7-sirfran\/#primaryimage"},"thumbnailUrl":"https:\/\/saiga.es\/wp-content\/uploads\/2024\/12\/Sirfran-ML-7-Polvoritzador.jpg","datePublished":"2024-12-03T12:55:41+00:00","description":"El Pulverizador de 7 Litros de Capacidad es la elecci\u00f3n perfecta para aquellos que proporcionan un equipo robusto y eficiente para los proyectos que requieren la misma capacidad.","breadcrumb":{"@id":"https:\/\/saiga.es\/es\/producto\/polvorizador-ml-7-sirfran\/#breadcrumb"},"inLanguage":"es","potentialAction":[{"@type":"ReadAction","target":["https:\/\/saiga.es\/es\/producto\/polvorizador-ml-7-sirfran\/"]}]},{"@type":"ImageObject","inLanguage":"es","@id":"https:\/\/saiga.es\/es\/producto\/polvorizador-ml-7-sirfran\/#primaryimage","url":"https:\/\/saiga.es\/wp-content\/uploads\/2024\/12\/Sirfran-ML-7-Polvoritzador.jpg","contentUrl":"https:\/\/saiga.es\/wp-content\/uploads\/2024\/12\/Sirfran-ML-7-Polvoritzador.jpg","width":1080,"height":1080,"caption":"Polvorizador ML-7 Sirfran"},{"@type":"BreadcrumbList","@id":"https:\/\/saiga.es\/es\/producto\/polvorizador-ml-7-sirfran\/#breadcrumb","itemListElement":[{"@type":"ListItem","position":1,"name":"Inici","item":"https:\/\/saiga.es\/es\/"},{"@type":"ListItem","position":2,"name":"Tienda","item":"https:\/\/saiga.es\/es\/tienda\/"},{"@type":"ListItem","position":3,"name":"Polvorizador ML-7 Sirfran"}]},{"@type":"WebSite","@id":"https:\/\/saiga.es\/es\/#website","url":"https:\/\/saiga.es\/es\/","name":"SAIGA","description":"M\u00e9s de 50 anys al servei de la terra i treballant per a un \u00fas eficient de l\u2019aigua!","publisher":{"@id":"https:\/\/saiga.es\/es\/#organization"},"potentialAction":[{"@type":"SearchAction","target":{"@type":"EntryPoint","urlTemplate":"https:\/\/saiga.es\/es\/?s={search_term_string}"},"query-input":{"@type":"PropertyValueSpecification","valueRequired":true,"valueName":"search_term_string"}}],"inLanguage":"es"},{"@type":"Organization","@id":"https:\/\/saiga.es\/es\/#organization","name":"SAIGA","url":"https:\/\/saiga.es\/es\/","logo":{"@type":"ImageObject","inLanguage":"es","@id":"https:\/\/saiga.es\/es\/#\/schema\/logo\/image\/","url":"https:\/\/saiga.es\/wp-content\/uploads\/2025\/07\/logo_saiga_baseline_optimitzat.svg","contentUrl":"https:\/\/saiga.es\/wp-content\/uploads\/2025\/07\/logo_saiga_baseline_optimitzat.svg","caption":"SAIGA"},"image":{"@id":"https:\/\/saiga.es\/es\/#\/schema\/logo\/image\/"},"sameAs":["https:\/\/x.com\/saiga_agro","https:\/\/www.instagram.com\/saiga_agro\/"]}]}},"_links":{"self":[{"href":"https:\/\/saiga.es\/es\/wp-json\/wp\/v2\/product\/13143","targetHints":{"allow":["GET"]}}],"collection":[{"href":"https:\/\/saiga.es\/es\/wp-json\/wp\/v2\/product"}],"about":[{"href":"https:\/\/saiga.es\/es\/wp-json\/wp\/v2\/types\/product"}],"replies":[{"embeddable":true,"href":"https:\/\/saiga.es\/es\/wp-json\/wp\/v2\/comments?post=13143"}],"wp:featuredmedia":[{"embeddable":true,"href":"https:\/\/saiga.es\/es\/wp-json\/wp\/v2\/media\/13106"}],"wp:attachment":[{"href":"https:\/\/saiga.es\/es\/wp-json\/wp\/v2\/media?parent=13143"}],"wp:term":[{"taxonomy":"product_brand","embeddable":true,"href":"https:\/\/saiga.es\/es\/wp-json\/wp\/v2\/product_brand?post=13143"},{"taxonomy":"product_cat","embeddable":true,"href":"https:\/\/saiga.es\/es\/wp-json\/wp\/v2\/product_cat?post=13143"},{"taxonomy":"product_tag","embeddable":true,"href":"https:\/\/saiga.es\/es\/wp-json\/wp\/v2\/product_tag?post=13143"}],"curies":[{"name":"wp","href":"https:\/\/api.w.org\/{rel}","templated":true}]}}