{"id":13176,"date":"2024-12-04T10:55:05","date_gmt":"2024-12-04T10:55:05","guid":{"rendered":"https:\/\/botiga.saiga.es\/producte\/aceite-sintetico-echo-2t\/"},"modified":"2024-12-04T10:55:05","modified_gmt":"2024-12-04T10:55:05","slug":"aceite-sintetico-echo-2t","status":"publish","type":"product","link":"https:\/\/saiga.es\/es\/producto\/aceite-sintetico-echo-2t\/","title":{"rendered":"Aceite sint\u00e9tico Echo 2T"},"content":{"rendered":"<p>Aceite sint\u00e9tico 2T en pr\u00e1ctico envase de 1 litro, perfecto para preparar hasta 50 litros de mezcla. Este lubricante de mayor calidad, elaborado con tecnolog\u00eda sint\u00e9tica, est\u00e1 especialmente dise\u00f1ado para optimizar el rendimiento de motores de dos tiempos en equipos de jardiner\u00eda y maquinaria forestal. Refuerza la protecci\u00f3n del motor, garantiza una combusti\u00f3n limpia y minimiza los residuos para mantener a tu equipo en las mejores condiciones.  <\/p>\n<p>Beneficios clave:<\/p>\n<ul>\n<li>Lubricaci\u00f3n de alto rendimiento: protege al motor del desgaste y evita la corrosi\u00f3n.<\/li>\n<li>Eficiencia y sostenibilidad: combusti\u00f3n limpia con menos residuos y menos humos.<\/li>\n<li>Formato ideal: envase de 1 litro por mezclas precisas y c\u00f3modo transporte.<\/li>\n<li>Especial para m\u00e1quinas ECHO: formulaci\u00f3n recomendada para motores de 2T en jardiner\u00eda y forestal.<\/li>\n<\/ul>\n","protected":false},"excerpt":{"rendered":"<p>Aceite sint\u00e9tico 2T en pr\u00e1ctico envase de 1 litro, perfecto para preparar hasta 50 litros de mezcla. Este lubricante de mayor calidad, elaborado con tecnolog\u00eda sint\u00e9tica, est\u00e1 especialmente dise\u00f1ado para optimizar el rendimiento de motores de dos tiempos en equipos de jardiner\u00eda y maquinaria forestal. Refuerza la protecci\u00f3n del motor, garantiza una combusti\u00f3n limpia y minimiza los residuos para mantener a tu equipo en las mejores condiciones.  <\/p>\n","protected":false},"featured_media":13174,"comment_status":"closed","ping_status":"closed","template":"","meta":[],"product_brand":[],"product_cat":[1755],"product_tag":[1767,176,1764],"class_list":{"0":"post-13176","1":"product","2":"type-product","3":"status-publish","4":"has-post-thumbnail","6":"product_cat-lubricantes","7":"product_tag-aceite","8":"product_tag-echo-es","9":"product_tag-lubricantes","11":"first","12":"instock","13":"taxable","14":"shipping-taxable","15":"purchasable","16":"product-type-simple"},"yoast_head":"<!-- This site is optimized with the Yoast SEO plugin v27.4 - https:\/\/yoast.com\/product\/yoast-seo-wordpress\/ -->\n<title>Aceite sint\u00e9tico Echo 2T | SAIGA<\/title>\n<meta name=\"description\" content=\"Aceite sint\u00e9tico 2T en pr\u00e1ctico envase de 1 litro, perfecto para preparar hasta 50 litros de mezcla.\" \/>\n<meta name=\"robots\" content=\"index, follow, max-snippet:-1, max-image-preview:large, max-video-preview:-1\" \/>\n<link rel=\"canonical\" href=\"https:\/\/saiga.es\/es\/producto\/aceite-sintetico-echo-2t\/\" \/>\n<meta property=\"og:locale\" content=\"es_ES\" \/>\n<meta property=\"og:type\" content=\"article\" \/>\n<meta property=\"og:title\" content=\"Aceite sint\u00e9tico Echo 2T | SAIGA\" \/>\n<meta property=\"og:description\" content=\"Aceite sint\u00e9tico 2T en pr\u00e1ctico envase de 1 litro, perfecto para preparar hasta 50 litros de mezcla.\" \/>\n<meta property=\"og:url\" content=\"https:\/\/saiga.es\/es\/producto\/aceite-sintetico-echo-2t\/\" \/>\n<meta property=\"og:site_name\" content=\"SAIGA\" \/>\n<meta property=\"og:image\" content=\"https:\/\/saiga.es\/wp-content\/uploads\/2024\/12\/Oli-Echo-2T-1L.jpg\" \/>\n\t<meta property=\"og:image:width\" content=\"1080\" \/>\n\t<meta property=\"og:image:height\" content=\"1080\" \/>\n\t<meta property=\"og:image:type\" content=\"image\/jpeg\" \/>\n<meta name=\"twitter:card\" content=\"summary_large_image\" \/>\n<meta name=\"twitter:site\" content=\"@saiga_agro\" \/>\n<meta name=\"twitter:label1\" content=\"Tiempo de lectura\" \/>\n\t<meta name=\"twitter:data1\" content=\"1 minuto\" \/>\n<script type=\"application\/ld+json\" class=\"yoast-schema-graph\">{\"@context\":\"https:\\\/\\\/schema.org\",\"@graph\":[{\"@type\":\"WebPage\",\"@id\":\"https:\\\/\\\/saiga.es\\\/es\\\/producto\\\/aceite-sintetico-echo-2t\\\/\",\"url\":\"https:\\\/\\\/saiga.es\\\/es\\\/producto\\\/aceite-sintetico-echo-2t\\\/\",\"name\":\"Aceite sint\u00e9tico Echo 2T | SAIGA\",\"isPartOf\":{\"@id\":\"https:\\\/\\\/saiga.es\\\/es\\\/#website\"},\"primaryImageOfPage\":{\"@id\":\"https:\\\/\\\/saiga.es\\\/es\\\/producto\\\/aceite-sintetico-echo-2t\\\/#primaryimage\"},\"image\":{\"@id\":\"https:\\\/\\\/saiga.es\\\/es\\\/producto\\\/aceite-sintetico-echo-2t\\\/#primaryimage\"},\"thumbnailUrl\":\"https:\\\/\\\/saiga.es\\\/wp-content\\\/uploads\\\/2024\\\/12\\\/Oli-Echo-2T-1L.jpg\",\"datePublished\":\"2024-12-04T10:55:05+00:00\",\"description\":\"Aceite sint\u00e9tico 2T en pr\u00e1ctico envase de 1 litro, perfecto para preparar hasta 50 litros de mezcla.\",\"breadcrumb\":{\"@id\":\"https:\\\/\\\/saiga.es\\\/es\\\/producto\\\/aceite-sintetico-echo-2t\\\/#breadcrumb\"},\"inLanguage\":\"es\",\"potentialAction\":[{\"@type\":\"ReadAction\",\"target\":[\"https:\\\/\\\/saiga.es\\\/es\\\/producto\\\/aceite-sintetico-echo-2t\\\/\"]}]},{\"@type\":\"ImageObject\",\"inLanguage\":\"es\",\"@id\":\"https:\\\/\\\/saiga.es\\\/es\\\/producto\\\/aceite-sintetico-echo-2t\\\/#primaryimage\",\"url\":\"https:\\\/\\\/saiga.es\\\/wp-content\\\/uploads\\\/2024\\\/12\\\/Oli-Echo-2T-1L.jpg\",\"contentUrl\":\"https:\\\/\\\/saiga.es\\\/wp-content\\\/uploads\\\/2024\\\/12\\\/Oli-Echo-2T-1L.jpg\",\"width\":1080,\"height\":1080,\"caption\":\"Aceite Echo 1L\"},{\"@type\":\"BreadcrumbList\",\"@id\":\"https:\\\/\\\/saiga.es\\\/es\\\/producto\\\/aceite-sintetico-echo-2t\\\/#breadcrumb\",\"itemListElement\":[{\"@type\":\"ListItem\",\"position\":1,\"name\":\"Inici\",\"item\":\"https:\\\/\\\/saiga.es\\\/es\\\/\"},{\"@type\":\"ListItem\",\"position\":2,\"name\":\"Tienda\",\"item\":\"https:\\\/\\\/saiga.es\\\/es\\\/tienda\\\/\"},{\"@type\":\"ListItem\",\"position\":3,\"name\":\"Aceite sint\u00e9tico Echo 2T\"}]},{\"@type\":\"WebSite\",\"@id\":\"https:\\\/\\\/saiga.es\\\/es\\\/#website\",\"url\":\"https:\\\/\\\/saiga.es\\\/es\\\/\",\"name\":\"SAIGA\",\"description\":\"M\u00e9s de 50 anys al servei de la terra i treballant per a un \u00fas eficient de l\u2019aigua!\",\"publisher\":{\"@id\":\"https:\\\/\\\/saiga.es\\\/es\\\/#organization\"},\"potentialAction\":[{\"@type\":\"SearchAction\",\"target\":{\"@type\":\"EntryPoint\",\"urlTemplate\":\"https:\\\/\\\/saiga.es\\\/es\\\/?s={search_term_string}\"},\"query-input\":{\"@type\":\"PropertyValueSpecification\",\"valueRequired\":true,\"valueName\":\"search_term_string\"}}],\"inLanguage\":\"es\"},{\"@type\":\"Organization\",\"@id\":\"https:\\\/\\\/saiga.es\\\/es\\\/#organization\",\"name\":\"SAIGA\",\"url\":\"https:\\\/\\\/saiga.es\\\/es\\\/\",\"logo\":{\"@type\":\"ImageObject\",\"inLanguage\":\"es\",\"@id\":\"https:\\\/\\\/saiga.es\\\/es\\\/#\\\/schema\\\/logo\\\/image\\\/\",\"url\":\"https:\\\/\\\/saiga.es\\\/wp-content\\\/uploads\\\/2025\\\/07\\\/logo_saiga_baseline_optimitzat.svg\",\"contentUrl\":\"https:\\\/\\\/saiga.es\\\/wp-content\\\/uploads\\\/2025\\\/07\\\/logo_saiga_baseline_optimitzat.svg\",\"caption\":\"SAIGA\"},\"image\":{\"@id\":\"https:\\\/\\\/saiga.es\\\/es\\\/#\\\/schema\\\/logo\\\/image\\\/\"},\"sameAs\":[\"https:\\\/\\\/x.com\\\/saiga_agro\",\"https:\\\/\\\/www.instagram.com\\\/saiga_agro\\\/\"]}]}<\/script>\n<!-- \/ Yoast SEO plugin. -->","yoast_head_json":{"title":"Aceite sint\u00e9tico Echo 2T | SAIGA","description":"Aceite sint\u00e9tico 2T en pr\u00e1ctico envase de 1 litro, perfecto para preparar hasta 50 litros de mezcla.","robots":{"index":"index","follow":"follow","max-snippet":"max-snippet:-1","max-image-preview":"max-image-preview:large","max-video-preview":"max-video-preview:-1"},"canonical":"https:\/\/saiga.es\/es\/producto\/aceite-sintetico-echo-2t\/","og_locale":"es_ES","og_type":"article","og_title":"Aceite sint\u00e9tico Echo 2T | SAIGA","og_description":"Aceite sint\u00e9tico 2T en pr\u00e1ctico envase de 1 litro, perfecto para preparar hasta 50 litros de mezcla.","og_url":"https:\/\/saiga.es\/es\/producto\/aceite-sintetico-echo-2t\/","og_site_name":"SAIGA","og_image":[{"width":1080,"height":1080,"url":"https:\/\/saiga.es\/wp-content\/uploads\/2024\/12\/Oli-Echo-2T-1L.jpg","type":"image\/jpeg"}],"twitter_card":"summary_large_image","twitter_site":"@saiga_agro","twitter_misc":{"Tiempo de lectura":"1 minuto"},"schema":{"@context":"https:\/\/schema.org","@graph":[{"@type":"WebPage","@id":"https:\/\/saiga.es\/es\/producto\/aceite-sintetico-echo-2t\/","url":"https:\/\/saiga.es\/es\/producto\/aceite-sintetico-echo-2t\/","name":"Aceite sint\u00e9tico Echo 2T | SAIGA","isPartOf":{"@id":"https:\/\/saiga.es\/es\/#website"},"primaryImageOfPage":{"@id":"https:\/\/saiga.es\/es\/producto\/aceite-sintetico-echo-2t\/#primaryimage"},"image":{"@id":"https:\/\/saiga.es\/es\/producto\/aceite-sintetico-echo-2t\/#primaryimage"},"thumbnailUrl":"https:\/\/saiga.es\/wp-content\/uploads\/2024\/12\/Oli-Echo-2T-1L.jpg","datePublished":"2024-12-04T10:55:05+00:00","description":"Aceite sint\u00e9tico 2T en pr\u00e1ctico envase de 1 litro, perfecto para preparar hasta 50 litros de mezcla.","breadcrumb":{"@id":"https:\/\/saiga.es\/es\/producto\/aceite-sintetico-echo-2t\/#breadcrumb"},"inLanguage":"es","potentialAction":[{"@type":"ReadAction","target":["https:\/\/saiga.es\/es\/producto\/aceite-sintetico-echo-2t\/"]}]},{"@type":"ImageObject","inLanguage":"es","@id":"https:\/\/saiga.es\/es\/producto\/aceite-sintetico-echo-2t\/#primaryimage","url":"https:\/\/saiga.es\/wp-content\/uploads\/2024\/12\/Oli-Echo-2T-1L.jpg","contentUrl":"https:\/\/saiga.es\/wp-content\/uploads\/2024\/12\/Oli-Echo-2T-1L.jpg","width":1080,"height":1080,"caption":"Aceite Echo 1L"},{"@type":"BreadcrumbList","@id":"https:\/\/saiga.es\/es\/producto\/aceite-sintetico-echo-2t\/#breadcrumb","itemListElement":[{"@type":"ListItem","position":1,"name":"Inici","item":"https:\/\/saiga.es\/es\/"},{"@type":"ListItem","position":2,"name":"Tienda","item":"https:\/\/saiga.es\/es\/tienda\/"},{"@type":"ListItem","position":3,"name":"Aceite sint\u00e9tico Echo 2T"}]},{"@type":"WebSite","@id":"https:\/\/saiga.es\/es\/#website","url":"https:\/\/saiga.es\/es\/","name":"SAIGA","description":"M\u00e9s de 50 anys al servei de la terra i treballant per a un \u00fas eficient de l\u2019aigua!","publisher":{"@id":"https:\/\/saiga.es\/es\/#organization"},"potentialAction":[{"@type":"SearchAction","target":{"@type":"EntryPoint","urlTemplate":"https:\/\/saiga.es\/es\/?s={search_term_string}"},"query-input":{"@type":"PropertyValueSpecification","valueRequired":true,"valueName":"search_term_string"}}],"inLanguage":"es"},{"@type":"Organization","@id":"https:\/\/saiga.es\/es\/#organization","name":"SAIGA","url":"https:\/\/saiga.es\/es\/","logo":{"@type":"ImageObject","inLanguage":"es","@id":"https:\/\/saiga.es\/es\/#\/schema\/logo\/image\/","url":"https:\/\/saiga.es\/wp-content\/uploads\/2025\/07\/logo_saiga_baseline_optimitzat.svg","contentUrl":"https:\/\/saiga.es\/wp-content\/uploads\/2025\/07\/logo_saiga_baseline_optimitzat.svg","caption":"SAIGA"},"image":{"@id":"https:\/\/saiga.es\/es\/#\/schema\/logo\/image\/"},"sameAs":["https:\/\/x.com\/saiga_agro","https:\/\/www.instagram.com\/saiga_agro\/"]}]}},"_links":{"self":[{"href":"https:\/\/saiga.es\/es\/wp-json\/wp\/v2\/product\/13176","targetHints":{"allow":["GET"]}}],"collection":[{"href":"https:\/\/saiga.es\/es\/wp-json\/wp\/v2\/product"}],"about":[{"href":"https:\/\/saiga.es\/es\/wp-json\/wp\/v2\/types\/product"}],"replies":[{"embeddable":true,"href":"https:\/\/saiga.es\/es\/wp-json\/wp\/v2\/comments?post=13176"}],"wp:featuredmedia":[{"embeddable":true,"href":"https:\/\/saiga.es\/es\/wp-json\/wp\/v2\/media\/13174"}],"wp:attachment":[{"href":"https:\/\/saiga.es\/es\/wp-json\/wp\/v2\/media?parent=13176"}],"wp:term":[{"taxonomy":"product_brand","embeddable":true,"href":"https:\/\/saiga.es\/es\/wp-json\/wp\/v2\/product_brand?post=13176"},{"taxonomy":"product_cat","embeddable":true,"href":"https:\/\/saiga.es\/es\/wp-json\/wp\/v2\/product_cat?post=13176"},{"taxonomy":"product_tag","embeddable":true,"href":"https:\/\/saiga.es\/es\/wp-json\/wp\/v2\/product_tag?post=13176"}],"curies":[{"name":"wp","href":"https:\/\/api.w.org\/{rel}","templated":true}]}}