{"id":13198,"date":"2024-12-05T09:15:24","date_gmt":"2024-12-05T09:15:24","guid":{"rendered":"https:\/\/botiga.saiga.es\/producte\/guantes-de-trabajo-con-proteccion-anticorte-echo\/"},"modified":"2024-12-05T09:15:24","modified_gmt":"2024-12-05T09:15:24","slug":"guantes-de-trabajo-con-proteccion-anticorte-echo","status":"publish","type":"product","link":"https:\/\/saiga.es\/es\/producto\/guantes-de-trabajo-con-proteccion-anticorte-echo\/","title":{"rendered":"Guantes de trabajo con protecci\u00f3n anticorte ECHO"},"content":{"rendered":"<p>Guantes de trabajo con protecci\u00f3n anti-corte ECHO: resistencia, comodidad y durabilidad Descubre los guantes de trabajo b\u00e1sicos con protecci\u00f3n anti-corte ECHO, dise\u00f1ados para ofrecer la m\u00e1xima seguridad y comodidad durante tus tareas diarias. Fabricados con materiales resistentes y duraderos, estos guantes se adaptan perfectamente a mano, garantizando una gran libertad de movimiento y un ajuste ergon\u00f3mico. Ideales para trabajos de construcci\u00f3n, jardiner\u00eda, bricolaje o industrias que requieran una protecci\u00f3n extra contra cortes.<\/p>\n<ul>\n<li>Protecci\u00f3n anticorte de confianza.<\/li>\n<li>Materiales de calidad para larga durabilidad.<\/li>\n<li>Disponibles en distintas tallas para adaptarse a tus necesidades.<\/li>\n<\/ul>\n<p>Optimiza tu seguridad y disfruta de una experiencia c\u00f3moda con los guantes de trabajo ECHO, perfectos para los profesionales m\u00e1s exigentes. \u00a1Compra ahora y protege tus manos con estilo y eficacia! <\/p>\n","protected":false},"excerpt":{"rendered":"<p>Guantes de trabajo con protecci\u00f3n anticorte ECHO: resistencia, comodidad y durabilidad. Descubre los guantes de trabajo b\u00e1sicos de protecci\u00f3n anticorte ECHO, dise\u00f1ados para ofrecer la m\u00e1xima seguridad y comodidad durante tus tareas diarias. <\/p>\n","protected":false},"featured_media":13187,"comment_status":"closed","ping_status":"closed","template":"","meta":[],"product_brand":[],"product_cat":[178,1772],"product_tag":[176],"class_list":{"0":"post-13198","1":"product","2":"type-product","3":"status-publish","4":"has-post-thumbnail","6":"product_cat-guantes-de-trabajo","7":"product_cat-ropa-de-trabajo","8":"product_tag-echo-es","10":"first","11":"instock","12":"taxable","13":"shipping-taxable","14":"purchasable","15":"product-type-variable"},"yoast_head":"<!-- This site is optimized with the Yoast SEO plugin v27.4 - https:\/\/yoast.com\/product\/yoast-seo-wordpress\/ -->\n<title>Guantes de trabajo con protecci\u00f3n anticorte ECHO | SAIGA<\/title>\n<meta name=\"description\" content=\"Guantes de trabajo con protecci\u00f3n anticorte ECHO: resistencia, comodidad y durabilidad\" \/>\n<meta name=\"robots\" content=\"index, follow, max-snippet:-1, max-image-preview:large, max-video-preview:-1\" \/>\n<link rel=\"canonical\" href=\"https:\/\/saiga.es\/es\/producto\/guantes-de-trabajo-con-proteccion-anticorte-echo\/\" \/>\n<meta property=\"og:locale\" content=\"es_ES\" \/>\n<meta property=\"og:type\" content=\"article\" \/>\n<meta property=\"og:title\" content=\"Guantes de trabajo con protecci\u00f3n anticorte ECHO | SAIGA\" \/>\n<meta property=\"og:description\" content=\"Guantes de trabajo con protecci\u00f3n anticorte ECHO: resistencia, comodidad y durabilidad\" \/>\n<meta property=\"og:url\" content=\"https:\/\/saiga.es\/es\/producto\/guantes-de-trabajo-con-proteccion-anticorte-echo\/\" \/>\n<meta property=\"og:site_name\" content=\"SAIGA\" \/>\n<meta property=\"og:image\" content=\"https:\/\/saiga.es\/wp-content\/uploads\/2024\/12\/Guants-antitall.jpg\" \/>\n\t<meta property=\"og:image:width\" content=\"1080\" \/>\n\t<meta property=\"og:image:height\" content=\"1080\" \/>\n\t<meta property=\"og:image:type\" content=\"image\/jpeg\" \/>\n<meta name=\"twitter:card\" content=\"summary_large_image\" \/>\n<meta name=\"twitter:site\" content=\"@saiga_agro\" \/>\n<meta name=\"twitter:label1\" content=\"Tiempo de lectura\" \/>\n\t<meta name=\"twitter:data1\" content=\"1 minuto\" \/>\n<script type=\"application\/ld+json\" class=\"yoast-schema-graph\">{\"@context\":\"https:\\\/\\\/schema.org\",\"@graph\":[{\"@type\":\"WebPage\",\"@id\":\"https:\\\/\\\/saiga.es\\\/es\\\/producto\\\/guantes-de-trabajo-con-proteccion-anticorte-echo\\\/\",\"url\":\"https:\\\/\\\/saiga.es\\\/es\\\/producto\\\/guantes-de-trabajo-con-proteccion-anticorte-echo\\\/\",\"name\":\"Guantes de trabajo con protecci\u00f3n anticorte ECHO | SAIGA\",\"isPartOf\":{\"@id\":\"https:\\\/\\\/saiga.es\\\/es\\\/#website\"},\"primaryImageOfPage\":{\"@id\":\"https:\\\/\\\/saiga.es\\\/es\\\/producto\\\/guantes-de-trabajo-con-proteccion-anticorte-echo\\\/#primaryimage\"},\"image\":{\"@id\":\"https:\\\/\\\/saiga.es\\\/es\\\/producto\\\/guantes-de-trabajo-con-proteccion-anticorte-echo\\\/#primaryimage\"},\"thumbnailUrl\":\"https:\\\/\\\/saiga.es\\\/wp-content\\\/uploads\\\/2024\\\/12\\\/Guants-antitall.jpg\",\"datePublished\":\"2024-12-05T09:15:24+00:00\",\"description\":\"Guantes de trabajo con protecci\u00f3n anticorte ECHO: resistencia, comodidad y durabilidad\",\"breadcrumb\":{\"@id\":\"https:\\\/\\\/saiga.es\\\/es\\\/producto\\\/guantes-de-trabajo-con-proteccion-anticorte-echo\\\/#breadcrumb\"},\"inLanguage\":\"es\",\"potentialAction\":[{\"@type\":\"ReadAction\",\"target\":[\"https:\\\/\\\/saiga.es\\\/es\\\/producto\\\/guantes-de-trabajo-con-proteccion-anticorte-echo\\\/\"]}]},{\"@type\":\"ImageObject\",\"inLanguage\":\"es\",\"@id\":\"https:\\\/\\\/saiga.es\\\/es\\\/producto\\\/guantes-de-trabajo-con-proteccion-anticorte-echo\\\/#primaryimage\",\"url\":\"https:\\\/\\\/saiga.es\\\/wp-content\\\/uploads\\\/2024\\\/12\\\/Guants-antitall.jpg\",\"contentUrl\":\"https:\\\/\\\/saiga.es\\\/wp-content\\\/uploads\\\/2024\\\/12\\\/Guants-antitall.jpg\",\"width\":1080,\"height\":1080,\"caption\":\"Guants antitall Echo\"},{\"@type\":\"BreadcrumbList\",\"@id\":\"https:\\\/\\\/saiga.es\\\/es\\\/producto\\\/guantes-de-trabajo-con-proteccion-anticorte-echo\\\/#breadcrumb\",\"itemListElement\":[{\"@type\":\"ListItem\",\"position\":1,\"name\":\"Inici\",\"item\":\"https:\\\/\\\/saiga.es\\\/es\\\/\"},{\"@type\":\"ListItem\",\"position\":2,\"name\":\"Tienda\",\"item\":\"https:\\\/\\\/saiga.es\\\/es\\\/tienda\\\/\"},{\"@type\":\"ListItem\",\"position\":3,\"name\":\"Guantes de trabajo con protecci\u00f3n anticorte ECHO\"}]},{\"@type\":\"WebSite\",\"@id\":\"https:\\\/\\\/saiga.es\\\/es\\\/#website\",\"url\":\"https:\\\/\\\/saiga.es\\\/es\\\/\",\"name\":\"SAIGA\",\"description\":\"M\u00e9s de 50 anys al servei de la terra i treballant per a un \u00fas eficient de l\u2019aigua!\",\"publisher\":{\"@id\":\"https:\\\/\\\/saiga.es\\\/es\\\/#organization\"},\"potentialAction\":[{\"@type\":\"SearchAction\",\"target\":{\"@type\":\"EntryPoint\",\"urlTemplate\":\"https:\\\/\\\/saiga.es\\\/es\\\/?s={search_term_string}\"},\"query-input\":{\"@type\":\"PropertyValueSpecification\",\"valueRequired\":true,\"valueName\":\"search_term_string\"}}],\"inLanguage\":\"es\"},{\"@type\":\"Organization\",\"@id\":\"https:\\\/\\\/saiga.es\\\/es\\\/#organization\",\"name\":\"SAIGA\",\"url\":\"https:\\\/\\\/saiga.es\\\/es\\\/\",\"logo\":{\"@type\":\"ImageObject\",\"inLanguage\":\"es\",\"@id\":\"https:\\\/\\\/saiga.es\\\/es\\\/#\\\/schema\\\/logo\\\/image\\\/\",\"url\":\"https:\\\/\\\/saiga.es\\\/wp-content\\\/uploads\\\/2025\\\/07\\\/logo_saiga_baseline_optimitzat.svg\",\"contentUrl\":\"https:\\\/\\\/saiga.es\\\/wp-content\\\/uploads\\\/2025\\\/07\\\/logo_saiga_baseline_optimitzat.svg\",\"caption\":\"SAIGA\"},\"image\":{\"@id\":\"https:\\\/\\\/saiga.es\\\/es\\\/#\\\/schema\\\/logo\\\/image\\\/\"},\"sameAs\":[\"https:\\\/\\\/x.com\\\/saiga_agro\",\"https:\\\/\\\/www.instagram.com\\\/saiga_agro\\\/\"]}]}<\/script>\n<!-- \/ Yoast SEO plugin. -->","yoast_head_json":{"title":"Guantes de trabajo con protecci\u00f3n anticorte ECHO | SAIGA","description":"Guantes de trabajo con protecci\u00f3n anticorte ECHO: resistencia, comodidad y durabilidad","robots":{"index":"index","follow":"follow","max-snippet":"max-snippet:-1","max-image-preview":"max-image-preview:large","max-video-preview":"max-video-preview:-1"},"canonical":"https:\/\/saiga.es\/es\/producto\/guantes-de-trabajo-con-proteccion-anticorte-echo\/","og_locale":"es_ES","og_type":"article","og_title":"Guantes de trabajo con protecci\u00f3n anticorte ECHO | SAIGA","og_description":"Guantes de trabajo con protecci\u00f3n anticorte ECHO: resistencia, comodidad y durabilidad","og_url":"https:\/\/saiga.es\/es\/producto\/guantes-de-trabajo-con-proteccion-anticorte-echo\/","og_site_name":"SAIGA","og_image":[{"width":1080,"height":1080,"url":"https:\/\/saiga.es\/wp-content\/uploads\/2024\/12\/Guants-antitall.jpg","type":"image\/jpeg"}],"twitter_card":"summary_large_image","twitter_site":"@saiga_agro","twitter_misc":{"Tiempo de lectura":"1 minuto"},"schema":{"@context":"https:\/\/schema.org","@graph":[{"@type":"WebPage","@id":"https:\/\/saiga.es\/es\/producto\/guantes-de-trabajo-con-proteccion-anticorte-echo\/","url":"https:\/\/saiga.es\/es\/producto\/guantes-de-trabajo-con-proteccion-anticorte-echo\/","name":"Guantes de trabajo con protecci\u00f3n anticorte ECHO | SAIGA","isPartOf":{"@id":"https:\/\/saiga.es\/es\/#website"},"primaryImageOfPage":{"@id":"https:\/\/saiga.es\/es\/producto\/guantes-de-trabajo-con-proteccion-anticorte-echo\/#primaryimage"},"image":{"@id":"https:\/\/saiga.es\/es\/producto\/guantes-de-trabajo-con-proteccion-anticorte-echo\/#primaryimage"},"thumbnailUrl":"https:\/\/saiga.es\/wp-content\/uploads\/2024\/12\/Guants-antitall.jpg","datePublished":"2024-12-05T09:15:24+00:00","description":"Guantes de trabajo con protecci\u00f3n anticorte ECHO: resistencia, comodidad y durabilidad","breadcrumb":{"@id":"https:\/\/saiga.es\/es\/producto\/guantes-de-trabajo-con-proteccion-anticorte-echo\/#breadcrumb"},"inLanguage":"es","potentialAction":[{"@type":"ReadAction","target":["https:\/\/saiga.es\/es\/producto\/guantes-de-trabajo-con-proteccion-anticorte-echo\/"]}]},{"@type":"ImageObject","inLanguage":"es","@id":"https:\/\/saiga.es\/es\/producto\/guantes-de-trabajo-con-proteccion-anticorte-echo\/#primaryimage","url":"https:\/\/saiga.es\/wp-content\/uploads\/2024\/12\/Guants-antitall.jpg","contentUrl":"https:\/\/saiga.es\/wp-content\/uploads\/2024\/12\/Guants-antitall.jpg","width":1080,"height":1080,"caption":"Guants antitall Echo"},{"@type":"BreadcrumbList","@id":"https:\/\/saiga.es\/es\/producto\/guantes-de-trabajo-con-proteccion-anticorte-echo\/#breadcrumb","itemListElement":[{"@type":"ListItem","position":1,"name":"Inici","item":"https:\/\/saiga.es\/es\/"},{"@type":"ListItem","position":2,"name":"Tienda","item":"https:\/\/saiga.es\/es\/tienda\/"},{"@type":"ListItem","position":3,"name":"Guantes de trabajo con protecci\u00f3n anticorte ECHO"}]},{"@type":"WebSite","@id":"https:\/\/saiga.es\/es\/#website","url":"https:\/\/saiga.es\/es\/","name":"SAIGA","description":"M\u00e9s de 50 anys al servei de la terra i treballant per a un \u00fas eficient de l\u2019aigua!","publisher":{"@id":"https:\/\/saiga.es\/es\/#organization"},"potentialAction":[{"@type":"SearchAction","target":{"@type":"EntryPoint","urlTemplate":"https:\/\/saiga.es\/es\/?s={search_term_string}"},"query-input":{"@type":"PropertyValueSpecification","valueRequired":true,"valueName":"search_term_string"}}],"inLanguage":"es"},{"@type":"Organization","@id":"https:\/\/saiga.es\/es\/#organization","name":"SAIGA","url":"https:\/\/saiga.es\/es\/","logo":{"@type":"ImageObject","inLanguage":"es","@id":"https:\/\/saiga.es\/es\/#\/schema\/logo\/image\/","url":"https:\/\/saiga.es\/wp-content\/uploads\/2025\/07\/logo_saiga_baseline_optimitzat.svg","contentUrl":"https:\/\/saiga.es\/wp-content\/uploads\/2025\/07\/logo_saiga_baseline_optimitzat.svg","caption":"SAIGA"},"image":{"@id":"https:\/\/saiga.es\/es\/#\/schema\/logo\/image\/"},"sameAs":["https:\/\/x.com\/saiga_agro","https:\/\/www.instagram.com\/saiga_agro\/"]}]}},"_links":{"self":[{"href":"https:\/\/saiga.es\/es\/wp-json\/wp\/v2\/product\/13198","targetHints":{"allow":["GET"]}}],"collection":[{"href":"https:\/\/saiga.es\/es\/wp-json\/wp\/v2\/product"}],"about":[{"href":"https:\/\/saiga.es\/es\/wp-json\/wp\/v2\/types\/product"}],"replies":[{"embeddable":true,"href":"https:\/\/saiga.es\/es\/wp-json\/wp\/v2\/comments?post=13198"}],"wp:featuredmedia":[{"embeddable":true,"href":"https:\/\/saiga.es\/es\/wp-json\/wp\/v2\/media\/13187"}],"wp:attachment":[{"href":"https:\/\/saiga.es\/es\/wp-json\/wp\/v2\/media?parent=13198"}],"wp:term":[{"taxonomy":"product_brand","embeddable":true,"href":"https:\/\/saiga.es\/es\/wp-json\/wp\/v2\/product_brand?post=13198"},{"taxonomy":"product_cat","embeddable":true,"href":"https:\/\/saiga.es\/es\/wp-json\/wp\/v2\/product_cat?post=13198"},{"taxonomy":"product_tag","embeddable":true,"href":"https:\/\/saiga.es\/es\/wp-json\/wp\/v2\/product_tag?post=13198"}],"curies":[{"name":"wp","href":"https:\/\/api.w.org\/{rel}","templated":true}]}}