{"id":13215,"date":"2024-12-05T11:50:21","date_gmt":"2024-12-05T11:50:21","guid":{"rendered":"https:\/\/botiga.saiga.es\/producte\/bidon-homologado-combustible-5-l\/"},"modified":"2025-12-11T09:34:31","modified_gmt":"2025-12-11T09:34:31","slug":"bidon-homologado-combustible-5-l","status":"publish","type":"product","link":"https:\/\/saiga.es\/es\/producto\/bidon-homologado-combustible-5-l\/","title":{"rendered":"Bid\u00f3n homologado combustible 5 L"},"content":{"rendered":"<p>Bid\u00f3n homologado de polipropileno reforzado: seguridad y calidad garantizadas<\/p>\n<p>Los bidones homologados de polipropileno reforzado son la opci\u00f3n perfecta para el transporte seguro de combustibles. Dise\u00f1ados con una estructura robusta, incorporan una boquilla flexible con rosca y junta para garantizar un vertido preciso y sin fugas. El tap\u00f3n con junta de EPDM anticorrosiva evita el derrame y protege el contenido. Gracias a su dise\u00f1o estable, los bidones no se vuelcan durante el transporte, asegurando una manipulaci\u00f3n sencilla y fiable.<\/p>\n<ul>\n<li>Materiales de alta calidad para larga durabilidad.<\/li>\n<li>Ideal para uso profesional y personal.<\/li>\n<li>Cumplimiento de las normas de seguridad.<\/li>\n<\/ul>\n<p>Optimiza el transporte de combustibles con estos bidones resistentes y homologados.<\/p>\n","protected":false},"excerpt":{"rendered":"<p>Bid\u00f3n homologado de polipropileno reforzado: seguridad y calidad garantizadas.<\/p>\n","protected":false},"featured_media":13213,"comment_status":"closed","ping_status":"closed","template":"","meta":[],"product_brand":[],"product_cat":[1755],"product_tag":[1785,565,1778],"class_list":{"0":"post-13215","1":"product","2":"type-product","3":"status-publish","4":"has-post-thumbnail","6":"product_cat-lubricantes","7":"product_tag-bidon","8":"product_tag-combustible-es","9":"product_tag-deposito","11":"first","12":"instock","13":"taxable","14":"shipping-taxable","15":"purchasable","16":"product-type-simple"},"yoast_head":"<!-- This site is optimized with the Yoast SEO plugin v27.4 - https:\/\/yoast.com\/product\/yoast-seo-wordpress\/ -->\n<title>Bid\u00f3n homologado combustible 5 L | SAIGA<\/title>\n<meta name=\"description\" content=\"Bid\u00f3n homologado de polipropileno reforzado: seguridad y calidad garantizadas\" \/>\n<meta name=\"robots\" content=\"index, follow, max-snippet:-1, max-image-preview:large, max-video-preview:-1\" \/>\n<link rel=\"canonical\" href=\"https:\/\/saiga.es\/es\/producto\/bidon-homologado-combustible-5-l\/\" \/>\n<meta property=\"og:locale\" content=\"es_ES\" \/>\n<meta property=\"og:type\" content=\"article\" \/>\n<meta property=\"og:title\" content=\"Bid\u00f3n homologado combustible 5 L | SAIGA\" \/>\n<meta property=\"og:description\" content=\"Bid\u00f3n homologado de polipropileno reforzado: seguridad y calidad garantizadas\" \/>\n<meta property=\"og:url\" content=\"https:\/\/saiga.es\/es\/producto\/bidon-homologado-combustible-5-l\/\" \/>\n<meta property=\"og:site_name\" content=\"SAIGA\" \/>\n<meta property=\"article:modified_time\" content=\"2025-12-11T09:34:31+00:00\" \/>\n<meta property=\"og:image\" content=\"https:\/\/saiga.es\/wp-content\/uploads\/2024\/12\/Diposit-maiol-5-L.jpg\" \/>\n\t<meta property=\"og:image:width\" content=\"1080\" \/>\n\t<meta property=\"og:image:height\" content=\"1080\" \/>\n\t<meta property=\"og:image:type\" content=\"image\/jpeg\" \/>\n<meta name=\"twitter:card\" content=\"summary_large_image\" \/>\n<meta name=\"twitter:site\" content=\"@saiga_agro\" \/>\n<meta name=\"twitter:label1\" content=\"Tiempo de lectura\" \/>\n\t<meta name=\"twitter:data1\" content=\"1 minuto\" \/>\n<script type=\"application\/ld+json\" class=\"yoast-schema-graph\">{\"@context\":\"https:\\\/\\\/schema.org\",\"@graph\":[{\"@type\":\"WebPage\",\"@id\":\"https:\\\/\\\/saiga.es\\\/es\\\/producto\\\/bidon-homologado-combustible-5-l\\\/\",\"url\":\"https:\\\/\\\/saiga.es\\\/es\\\/producto\\\/bidon-homologado-combustible-5-l\\\/\",\"name\":\"Bid\u00f3n homologado combustible 5 L | SAIGA\",\"isPartOf\":{\"@id\":\"https:\\\/\\\/saiga.es\\\/es\\\/#website\"},\"primaryImageOfPage\":{\"@id\":\"https:\\\/\\\/saiga.es\\\/es\\\/producto\\\/bidon-homologado-combustible-5-l\\\/#primaryimage\"},\"image\":{\"@id\":\"https:\\\/\\\/saiga.es\\\/es\\\/producto\\\/bidon-homologado-combustible-5-l\\\/#primaryimage\"},\"thumbnailUrl\":\"https:\\\/\\\/saiga.es\\\/wp-content\\\/uploads\\\/2024\\\/12\\\/Diposit-maiol-5-L.jpg\",\"datePublished\":\"2024-12-05T11:50:21+00:00\",\"dateModified\":\"2025-12-11T09:34:31+00:00\",\"description\":\"Bid\u00f3n homologado de polipropileno reforzado: seguridad y calidad garantizadas\",\"breadcrumb\":{\"@id\":\"https:\\\/\\\/saiga.es\\\/es\\\/producto\\\/bidon-homologado-combustible-5-l\\\/#breadcrumb\"},\"inLanguage\":\"es\",\"potentialAction\":[{\"@type\":\"ReadAction\",\"target\":[\"https:\\\/\\\/saiga.es\\\/es\\\/producto\\\/bidon-homologado-combustible-5-l\\\/\"]}]},{\"@type\":\"ImageObject\",\"inLanguage\":\"es\",\"@id\":\"https:\\\/\\\/saiga.es\\\/es\\\/producto\\\/bidon-homologado-combustible-5-l\\\/#primaryimage\",\"url\":\"https:\\\/\\\/saiga.es\\\/wp-content\\\/uploads\\\/2024\\\/12\\\/Diposit-maiol-5-L.jpg\",\"contentUrl\":\"https:\\\/\\\/saiga.es\\\/wp-content\\\/uploads\\\/2024\\\/12\\\/Diposit-maiol-5-L.jpg\",\"width\":1080,\"height\":1080,\"caption\":\"Dip\u00f2sit 5 L\"},{\"@type\":\"BreadcrumbList\",\"@id\":\"https:\\\/\\\/saiga.es\\\/es\\\/producto\\\/bidon-homologado-combustible-5-l\\\/#breadcrumb\",\"itemListElement\":[{\"@type\":\"ListItem\",\"position\":1,\"name\":\"Inici\",\"item\":\"https:\\\/\\\/saiga.es\\\/es\\\/\"},{\"@type\":\"ListItem\",\"position\":2,\"name\":\"Tienda\",\"item\":\"https:\\\/\\\/saiga.es\\\/es\\\/tienda\\\/\"},{\"@type\":\"ListItem\",\"position\":3,\"name\":\"Bid\u00f3n homologado combustible 5 L\"}]},{\"@type\":\"WebSite\",\"@id\":\"https:\\\/\\\/saiga.es\\\/es\\\/#website\",\"url\":\"https:\\\/\\\/saiga.es\\\/es\\\/\",\"name\":\"SAIGA\",\"description\":\"M\u00e9s de 50 anys al servei de la terra i treballant per a un \u00fas eficient de l\u2019aigua!\",\"publisher\":{\"@id\":\"https:\\\/\\\/saiga.es\\\/es\\\/#organization\"},\"potentialAction\":[{\"@type\":\"SearchAction\",\"target\":{\"@type\":\"EntryPoint\",\"urlTemplate\":\"https:\\\/\\\/saiga.es\\\/es\\\/?s={search_term_string}\"},\"query-input\":{\"@type\":\"PropertyValueSpecification\",\"valueRequired\":true,\"valueName\":\"search_term_string\"}}],\"inLanguage\":\"es\"},{\"@type\":\"Organization\",\"@id\":\"https:\\\/\\\/saiga.es\\\/es\\\/#organization\",\"name\":\"SAIGA\",\"url\":\"https:\\\/\\\/saiga.es\\\/es\\\/\",\"logo\":{\"@type\":\"ImageObject\",\"inLanguage\":\"es\",\"@id\":\"https:\\\/\\\/saiga.es\\\/es\\\/#\\\/schema\\\/logo\\\/image\\\/\",\"url\":\"https:\\\/\\\/saiga.es\\\/wp-content\\\/uploads\\\/2025\\\/07\\\/logo_saiga_baseline_optimitzat.svg\",\"contentUrl\":\"https:\\\/\\\/saiga.es\\\/wp-content\\\/uploads\\\/2025\\\/07\\\/logo_saiga_baseline_optimitzat.svg\",\"caption\":\"SAIGA\"},\"image\":{\"@id\":\"https:\\\/\\\/saiga.es\\\/es\\\/#\\\/schema\\\/logo\\\/image\\\/\"},\"sameAs\":[\"https:\\\/\\\/x.com\\\/saiga_agro\",\"https:\\\/\\\/www.instagram.com\\\/saiga_agro\\\/\"]}]}<\/script>\n<!-- \/ Yoast SEO plugin. -->","yoast_head_json":{"title":"Bid\u00f3n homologado combustible 5 L | SAIGA","description":"Bid\u00f3n homologado de polipropileno reforzado: seguridad y calidad garantizadas","robots":{"index":"index","follow":"follow","max-snippet":"max-snippet:-1","max-image-preview":"max-image-preview:large","max-video-preview":"max-video-preview:-1"},"canonical":"https:\/\/saiga.es\/es\/producto\/bidon-homologado-combustible-5-l\/","og_locale":"es_ES","og_type":"article","og_title":"Bid\u00f3n homologado combustible 5 L | SAIGA","og_description":"Bid\u00f3n homologado de polipropileno reforzado: seguridad y calidad garantizadas","og_url":"https:\/\/saiga.es\/es\/producto\/bidon-homologado-combustible-5-l\/","og_site_name":"SAIGA","article_modified_time":"2025-12-11T09:34:31+00:00","og_image":[{"width":1080,"height":1080,"url":"https:\/\/saiga.es\/wp-content\/uploads\/2024\/12\/Diposit-maiol-5-L.jpg","type":"image\/jpeg"}],"twitter_card":"summary_large_image","twitter_site":"@saiga_agro","twitter_misc":{"Tiempo de lectura":"1 minuto"},"schema":{"@context":"https:\/\/schema.org","@graph":[{"@type":"WebPage","@id":"https:\/\/saiga.es\/es\/producto\/bidon-homologado-combustible-5-l\/","url":"https:\/\/saiga.es\/es\/producto\/bidon-homologado-combustible-5-l\/","name":"Bid\u00f3n homologado combustible 5 L | SAIGA","isPartOf":{"@id":"https:\/\/saiga.es\/es\/#website"},"primaryImageOfPage":{"@id":"https:\/\/saiga.es\/es\/producto\/bidon-homologado-combustible-5-l\/#primaryimage"},"image":{"@id":"https:\/\/saiga.es\/es\/producto\/bidon-homologado-combustible-5-l\/#primaryimage"},"thumbnailUrl":"https:\/\/saiga.es\/wp-content\/uploads\/2024\/12\/Diposit-maiol-5-L.jpg","datePublished":"2024-12-05T11:50:21+00:00","dateModified":"2025-12-11T09:34:31+00:00","description":"Bid\u00f3n homologado de polipropileno reforzado: seguridad y calidad garantizadas","breadcrumb":{"@id":"https:\/\/saiga.es\/es\/producto\/bidon-homologado-combustible-5-l\/#breadcrumb"},"inLanguage":"es","potentialAction":[{"@type":"ReadAction","target":["https:\/\/saiga.es\/es\/producto\/bidon-homologado-combustible-5-l\/"]}]},{"@type":"ImageObject","inLanguage":"es","@id":"https:\/\/saiga.es\/es\/producto\/bidon-homologado-combustible-5-l\/#primaryimage","url":"https:\/\/saiga.es\/wp-content\/uploads\/2024\/12\/Diposit-maiol-5-L.jpg","contentUrl":"https:\/\/saiga.es\/wp-content\/uploads\/2024\/12\/Diposit-maiol-5-L.jpg","width":1080,"height":1080,"caption":"Dip\u00f2sit 5 L"},{"@type":"BreadcrumbList","@id":"https:\/\/saiga.es\/es\/producto\/bidon-homologado-combustible-5-l\/#breadcrumb","itemListElement":[{"@type":"ListItem","position":1,"name":"Inici","item":"https:\/\/saiga.es\/es\/"},{"@type":"ListItem","position":2,"name":"Tienda","item":"https:\/\/saiga.es\/es\/tienda\/"},{"@type":"ListItem","position":3,"name":"Bid\u00f3n homologado combustible 5 L"}]},{"@type":"WebSite","@id":"https:\/\/saiga.es\/es\/#website","url":"https:\/\/saiga.es\/es\/","name":"SAIGA","description":"M\u00e9s de 50 anys al servei de la terra i treballant per a un \u00fas eficient de l\u2019aigua!","publisher":{"@id":"https:\/\/saiga.es\/es\/#organization"},"potentialAction":[{"@type":"SearchAction","target":{"@type":"EntryPoint","urlTemplate":"https:\/\/saiga.es\/es\/?s={search_term_string}"},"query-input":{"@type":"PropertyValueSpecification","valueRequired":true,"valueName":"search_term_string"}}],"inLanguage":"es"},{"@type":"Organization","@id":"https:\/\/saiga.es\/es\/#organization","name":"SAIGA","url":"https:\/\/saiga.es\/es\/","logo":{"@type":"ImageObject","inLanguage":"es","@id":"https:\/\/saiga.es\/es\/#\/schema\/logo\/image\/","url":"https:\/\/saiga.es\/wp-content\/uploads\/2025\/07\/logo_saiga_baseline_optimitzat.svg","contentUrl":"https:\/\/saiga.es\/wp-content\/uploads\/2025\/07\/logo_saiga_baseline_optimitzat.svg","caption":"SAIGA"},"image":{"@id":"https:\/\/saiga.es\/es\/#\/schema\/logo\/image\/"},"sameAs":["https:\/\/x.com\/saiga_agro","https:\/\/www.instagram.com\/saiga_agro\/"]}]}},"_links":{"self":[{"href":"https:\/\/saiga.es\/es\/wp-json\/wp\/v2\/product\/13215","targetHints":{"allow":["GET"]}}],"collection":[{"href":"https:\/\/saiga.es\/es\/wp-json\/wp\/v2\/product"}],"about":[{"href":"https:\/\/saiga.es\/es\/wp-json\/wp\/v2\/types\/product"}],"replies":[{"embeddable":true,"href":"https:\/\/saiga.es\/es\/wp-json\/wp\/v2\/comments?post=13215"}],"wp:featuredmedia":[{"embeddable":true,"href":"https:\/\/saiga.es\/es\/wp-json\/wp\/v2\/media\/13213"}],"wp:attachment":[{"href":"https:\/\/saiga.es\/es\/wp-json\/wp\/v2\/media?parent=13215"}],"wp:term":[{"taxonomy":"product_brand","embeddable":true,"href":"https:\/\/saiga.es\/es\/wp-json\/wp\/v2\/product_brand?post=13215"},{"taxonomy":"product_cat","embeddable":true,"href":"https:\/\/saiga.es\/es\/wp-json\/wp\/v2\/product_cat?post=13215"},{"taxonomy":"product_tag","embeddable":true,"href":"https:\/\/saiga.es\/es\/wp-json\/wp\/v2\/product_tag?post=13215"}],"curies":[{"name":"wp","href":"https:\/\/api.w.org\/{rel}","templated":true}]}}