{"id":13761,"date":"2024-09-30T10:50:17","date_gmt":"2024-09-30T10:50:17","guid":{"rendered":"https:\/\/botiga.saiga.es\/producte\/azada-binadora-7cm-combisystem\/"},"modified":"2024-09-30T10:50:17","modified_gmt":"2024-09-30T10:50:17","slug":"azada-binadora-7cm-combisystem","status":"publish","type":"product","link":"https:\/\/saiga.es\/es\/producto\/azada-binadora-7cm-combisystem\/","title":{"rendered":"Azada binadora 7cm combisystem"},"content":{"rendered":"<p>Azada binadora 7cm combisystem La azada binadora del sistema combisystem de GARDENA, con una anchura de 7 cm, est\u00e1 dise\u00f1ada para cuidar zonas estrechas del jard\u00edn, como las hileras de plantas y parterres compactos. Con una pala en forma de coraz\u00f3n en un lado y dos p\u00faas en el otro, es una herramienta vers\u00e1til que permite cavar, limpiar, airear, delimitar y aplanar. Es compatible con todos los mangos del sistema combisystem, recomend\u00e1ndose un mango de 130 cm seg\u00fan la altura del usuario.<\/p>\n","protected":false},"excerpt":{"rendered":"<p>Azada binadora 7cm combisystem La azada binadora del sistema combisystem de GARDENA, con una anchura de 7 cm, est\u00e1 dise\u00f1ada para cuidar zonas estrechas del jard\u00edn, como las hileras de plantas y parterres compactos. Con una pala en forma de coraz\u00f3n en un lado y dos p\u00faas en el otro, es una herramienta vers\u00e1til que permite cavar, limpiar, airear, delimitar y aplanar. Es compatible con todos los mangos del sistema combisystem, recomend\u00e1ndose un mango de 130 cm seg\u00fan la altura del usuario.<\/p>\n","protected":false},"featured_media":14728,"comment_status":"open","ping_status":"closed","template":"","meta":[],"product_brand":[],"product_cat":[406,1638],"product_tag":[],"class_list":{"0":"post-13761","1":"product","2":"type-product","3":"status-publish","4":"has-post-thumbnail","6":"product_cat-jardineria-domestica-es","7":"product_cat-otros","9":"first","10":"instock","11":"taxable","12":"shipping-taxable","13":"purchasable","14":"product-type-simple"},"yoast_head":"<!-- This site is optimized with the Yoast SEO plugin v27.4 - https:\/\/yoast.com\/product\/yoast-seo-wordpress\/ -->\n<title>Azada binadora 7cm combisystem | SAIGA<\/title>\n<meta name=\"description\" content=\"La azada binadora combisystem de GARDENA, con una anchura de 7 cm, es ideal para cuidar hileras estrechas de plantas y parterres compactos.\" \/>\n<meta name=\"robots\" content=\"index, follow, max-snippet:-1, max-image-preview:large, max-video-preview:-1\" \/>\n<link rel=\"canonical\" href=\"https:\/\/saiga.es\/es\/producto\/azada-binadora-7cm-combisystem\/\" \/>\n<meta property=\"og:locale\" content=\"es_ES\" \/>\n<meta property=\"og:type\" content=\"article\" \/>\n<meta property=\"og:title\" content=\"Azada binadora 7cm combisystem | SAIGA\" \/>\n<meta property=\"og:description\" content=\"La azada binadora combisystem de GARDENA, con una anchura de 7 cm, es ideal para cuidar hileras estrechas de plantas y parterres compactos.\" \/>\n<meta property=\"og:url\" content=\"https:\/\/saiga.es\/es\/producto\/azada-binadora-7cm-combisystem\/\" \/>\n<meta property=\"og:site_name\" content=\"SAIGA\" \/>\n<meta property=\"og:image\" content=\"https:\/\/saiga.es\/wp-content\/uploads\/2024\/09\/Azada-binadora-7-cm.jpg\" \/>\n\t<meta property=\"og:image:width\" content=\"1080\" \/>\n\t<meta property=\"og:image:height\" content=\"1080\" \/>\n\t<meta property=\"og:image:type\" content=\"image\/jpeg\" \/>\n<meta name=\"twitter:card\" content=\"summary_large_image\" \/>\n<meta name=\"twitter:site\" content=\"@saiga_agro\" \/>\n<script type=\"application\/ld+json\" class=\"yoast-schema-graph\">{\"@context\":\"https:\\\/\\\/schema.org\",\"@graph\":[{\"@type\":\"WebPage\",\"@id\":\"https:\\\/\\\/saiga.es\\\/es\\\/producto\\\/azada-binadora-7cm-combisystem\\\/\",\"url\":\"https:\\\/\\\/saiga.es\\\/es\\\/producto\\\/azada-binadora-7cm-combisystem\\\/\",\"name\":\"Azada binadora 7cm combisystem | SAIGA\",\"isPartOf\":{\"@id\":\"https:\\\/\\\/saiga.es\\\/es\\\/#website\"},\"primaryImageOfPage\":{\"@id\":\"https:\\\/\\\/saiga.es\\\/es\\\/producto\\\/azada-binadora-7cm-combisystem\\\/#primaryimage\"},\"image\":{\"@id\":\"https:\\\/\\\/saiga.es\\\/es\\\/producto\\\/azada-binadora-7cm-combisystem\\\/#primaryimage\"},\"thumbnailUrl\":\"https:\\\/\\\/saiga.es\\\/wp-content\\\/uploads\\\/2024\\\/09\\\/Azada-binadora-7-cm.jpg\",\"datePublished\":\"2024-09-30T10:50:17+00:00\",\"description\":\"La azada binadora combisystem de GARDENA, con una anchura de 7 cm, es ideal para cuidar hileras estrechas de plantas y parterres compactos.\",\"breadcrumb\":{\"@id\":\"https:\\\/\\\/saiga.es\\\/es\\\/producto\\\/azada-binadora-7cm-combisystem\\\/#breadcrumb\"},\"inLanguage\":\"es\",\"potentialAction\":[{\"@type\":\"ReadAction\",\"target\":[\"https:\\\/\\\/saiga.es\\\/es\\\/producto\\\/azada-binadora-7cm-combisystem\\\/\"]}]},{\"@type\":\"ImageObject\",\"inLanguage\":\"es\",\"@id\":\"https:\\\/\\\/saiga.es\\\/es\\\/producto\\\/azada-binadora-7cm-combisystem\\\/#primaryimage\",\"url\":\"https:\\\/\\\/saiga.es\\\/wp-content\\\/uploads\\\/2024\\\/09\\\/Azada-binadora-7-cm.jpg\",\"contentUrl\":\"https:\\\/\\\/saiga.es\\\/wp-content\\\/uploads\\\/2024\\\/09\\\/Azada-binadora-7-cm.jpg\",\"width\":1080,\"height\":1080,\"caption\":\"Azada binadora 7 cm\"},{\"@type\":\"BreadcrumbList\",\"@id\":\"https:\\\/\\\/saiga.es\\\/es\\\/producto\\\/azada-binadora-7cm-combisystem\\\/#breadcrumb\",\"itemListElement\":[{\"@type\":\"ListItem\",\"position\":1,\"name\":\"Inici\",\"item\":\"https:\\\/\\\/saiga.es\\\/es\\\/\"},{\"@type\":\"ListItem\",\"position\":2,\"name\":\"Tienda\",\"item\":\"https:\\\/\\\/saiga.es\\\/es\\\/tienda\\\/\"},{\"@type\":\"ListItem\",\"position\":3,\"name\":\"Azada binadora 7cm combisystem\"}]},{\"@type\":\"WebSite\",\"@id\":\"https:\\\/\\\/saiga.es\\\/es\\\/#website\",\"url\":\"https:\\\/\\\/saiga.es\\\/es\\\/\",\"name\":\"SAIGA\",\"description\":\"M\u00e9s de 50 anys al servei de la terra i treballant per a un \u00fas eficient de l\u2019aigua!\",\"publisher\":{\"@id\":\"https:\\\/\\\/saiga.es\\\/es\\\/#organization\"},\"potentialAction\":[{\"@type\":\"SearchAction\",\"target\":{\"@type\":\"EntryPoint\",\"urlTemplate\":\"https:\\\/\\\/saiga.es\\\/es\\\/?s={search_term_string}\"},\"query-input\":{\"@type\":\"PropertyValueSpecification\",\"valueRequired\":true,\"valueName\":\"search_term_string\"}}],\"inLanguage\":\"es\"},{\"@type\":\"Organization\",\"@id\":\"https:\\\/\\\/saiga.es\\\/es\\\/#organization\",\"name\":\"SAIGA\",\"url\":\"https:\\\/\\\/saiga.es\\\/es\\\/\",\"logo\":{\"@type\":\"ImageObject\",\"inLanguage\":\"es\",\"@id\":\"https:\\\/\\\/saiga.es\\\/es\\\/#\\\/schema\\\/logo\\\/image\\\/\",\"url\":\"https:\\\/\\\/saiga.es\\\/wp-content\\\/uploads\\\/2025\\\/07\\\/logo_saiga_baseline_optimitzat.svg\",\"contentUrl\":\"https:\\\/\\\/saiga.es\\\/wp-content\\\/uploads\\\/2025\\\/07\\\/logo_saiga_baseline_optimitzat.svg\",\"caption\":\"SAIGA\"},\"image\":{\"@id\":\"https:\\\/\\\/saiga.es\\\/es\\\/#\\\/schema\\\/logo\\\/image\\\/\"},\"sameAs\":[\"https:\\\/\\\/x.com\\\/saiga_agro\",\"https:\\\/\\\/www.instagram.com\\\/saiga_agro\\\/\"]}]}<\/script>\n<!-- \/ Yoast SEO plugin. -->","yoast_head_json":{"title":"Azada binadora 7cm combisystem | SAIGA","description":"La azada binadora combisystem de GARDENA, con una anchura de 7 cm, es ideal para cuidar hileras estrechas de plantas y parterres compactos.","robots":{"index":"index","follow":"follow","max-snippet":"max-snippet:-1","max-image-preview":"max-image-preview:large","max-video-preview":"max-video-preview:-1"},"canonical":"https:\/\/saiga.es\/es\/producto\/azada-binadora-7cm-combisystem\/","og_locale":"es_ES","og_type":"article","og_title":"Azada binadora 7cm combisystem | SAIGA","og_description":"La azada binadora combisystem de GARDENA, con una anchura de 7 cm, es ideal para cuidar hileras estrechas de plantas y parterres compactos.","og_url":"https:\/\/saiga.es\/es\/producto\/azada-binadora-7cm-combisystem\/","og_site_name":"SAIGA","og_image":[{"width":1080,"height":1080,"url":"https:\/\/saiga.es\/wp-content\/uploads\/2024\/09\/Azada-binadora-7-cm.jpg","type":"image\/jpeg"}],"twitter_card":"summary_large_image","twitter_site":"@saiga_agro","schema":{"@context":"https:\/\/schema.org","@graph":[{"@type":"WebPage","@id":"https:\/\/saiga.es\/es\/producto\/azada-binadora-7cm-combisystem\/","url":"https:\/\/saiga.es\/es\/producto\/azada-binadora-7cm-combisystem\/","name":"Azada binadora 7cm combisystem | SAIGA","isPartOf":{"@id":"https:\/\/saiga.es\/es\/#website"},"primaryImageOfPage":{"@id":"https:\/\/saiga.es\/es\/producto\/azada-binadora-7cm-combisystem\/#primaryimage"},"image":{"@id":"https:\/\/saiga.es\/es\/producto\/azada-binadora-7cm-combisystem\/#primaryimage"},"thumbnailUrl":"https:\/\/saiga.es\/wp-content\/uploads\/2024\/09\/Azada-binadora-7-cm.jpg","datePublished":"2024-09-30T10:50:17+00:00","description":"La azada binadora combisystem de GARDENA, con una anchura de 7 cm, es ideal para cuidar hileras estrechas de plantas y parterres compactos.","breadcrumb":{"@id":"https:\/\/saiga.es\/es\/producto\/azada-binadora-7cm-combisystem\/#breadcrumb"},"inLanguage":"es","potentialAction":[{"@type":"ReadAction","target":["https:\/\/saiga.es\/es\/producto\/azada-binadora-7cm-combisystem\/"]}]},{"@type":"ImageObject","inLanguage":"es","@id":"https:\/\/saiga.es\/es\/producto\/azada-binadora-7cm-combisystem\/#primaryimage","url":"https:\/\/saiga.es\/wp-content\/uploads\/2024\/09\/Azada-binadora-7-cm.jpg","contentUrl":"https:\/\/saiga.es\/wp-content\/uploads\/2024\/09\/Azada-binadora-7-cm.jpg","width":1080,"height":1080,"caption":"Azada binadora 7 cm"},{"@type":"BreadcrumbList","@id":"https:\/\/saiga.es\/es\/producto\/azada-binadora-7cm-combisystem\/#breadcrumb","itemListElement":[{"@type":"ListItem","position":1,"name":"Inici","item":"https:\/\/saiga.es\/es\/"},{"@type":"ListItem","position":2,"name":"Tienda","item":"https:\/\/saiga.es\/es\/tienda\/"},{"@type":"ListItem","position":3,"name":"Azada binadora 7cm combisystem"}]},{"@type":"WebSite","@id":"https:\/\/saiga.es\/es\/#website","url":"https:\/\/saiga.es\/es\/","name":"SAIGA","description":"M\u00e9s de 50 anys al servei de la terra i treballant per a un \u00fas eficient de l\u2019aigua!","publisher":{"@id":"https:\/\/saiga.es\/es\/#organization"},"potentialAction":[{"@type":"SearchAction","target":{"@type":"EntryPoint","urlTemplate":"https:\/\/saiga.es\/es\/?s={search_term_string}"},"query-input":{"@type":"PropertyValueSpecification","valueRequired":true,"valueName":"search_term_string"}}],"inLanguage":"es"},{"@type":"Organization","@id":"https:\/\/saiga.es\/es\/#organization","name":"SAIGA","url":"https:\/\/saiga.es\/es\/","logo":{"@type":"ImageObject","inLanguage":"es","@id":"https:\/\/saiga.es\/es\/#\/schema\/logo\/image\/","url":"https:\/\/saiga.es\/wp-content\/uploads\/2025\/07\/logo_saiga_baseline_optimitzat.svg","contentUrl":"https:\/\/saiga.es\/wp-content\/uploads\/2025\/07\/logo_saiga_baseline_optimitzat.svg","caption":"SAIGA"},"image":{"@id":"https:\/\/saiga.es\/es\/#\/schema\/logo\/image\/"},"sameAs":["https:\/\/x.com\/saiga_agro","https:\/\/www.instagram.com\/saiga_agro\/"]}]}},"_links":{"self":[{"href":"https:\/\/saiga.es\/es\/wp-json\/wp\/v2\/product\/13761","targetHints":{"allow":["GET"]}}],"collection":[{"href":"https:\/\/saiga.es\/es\/wp-json\/wp\/v2\/product"}],"about":[{"href":"https:\/\/saiga.es\/es\/wp-json\/wp\/v2\/types\/product"}],"replies":[{"embeddable":true,"href":"https:\/\/saiga.es\/es\/wp-json\/wp\/v2\/comments?post=13761"}],"wp:featuredmedia":[{"embeddable":true,"href":"https:\/\/saiga.es\/es\/wp-json\/wp\/v2\/media\/14728"}],"wp:attachment":[{"href":"https:\/\/saiga.es\/es\/wp-json\/wp\/v2\/media?parent=13761"}],"wp:term":[{"taxonomy":"product_brand","embeddable":true,"href":"https:\/\/saiga.es\/es\/wp-json\/wp\/v2\/product_brand?post=13761"},{"taxonomy":"product_cat","embeddable":true,"href":"https:\/\/saiga.es\/es\/wp-json\/wp\/v2\/product_cat?post=13761"},{"taxonomy":"product_tag","embeddable":true,"href":"https:\/\/saiga.es\/es\/wp-json\/wp\/v2\/product_tag?post=13761"}],"curies":[{"name":"wp","href":"https:\/\/api.w.org\/{rel}","templated":true}]}}